{"id":10350,"date":"2022-06-23T16:37:15","date_gmt":"2022-06-23T22:37:15","guid":{"rendered":"http:\/\/nmcontemporaneo.com\/?page_id=10350"},"modified":"2025-06-21T01:43:09","modified_gmt":"2025-06-21T07:43:09","slug":"adolphe-lechtenberg","status":"publish","type":"page","link":"https:\/\/nmcontemporaneo.com\/en\/catalogue\/paintings\/adolphe-lechtenberg-en\/","title":{"rendered":"Adolphe Lechtenberg"},"content":{"rendered":"<p style=\"text-align: center;\"><a href=\"https:\/\/nmcontemporaneo.com\/catalogo\/pintura\/jesus-lugo\/\">&lt;&lt; Previous<\/a> | <a href=\"\/catalogo\/todos-los-artistas\/\">All Artists<\/a> | <a href=\"https:\/\/nmcontemporaneo.com\/catalogo\/pintura\/ray-smith\/\">Next &gt;&gt;<\/a><\/p>\n<div id=\"kad-wp-gallery720\" class=\"kad-wp-gallery gallery kt-gallery-column-3 init-isotope-intrinsic reinit-isotope kad-light-wp-gallery clearfix rowtight\" data-fade-in=\"1\" data-iso-selector=\".g_item\" data-iso-style=\"masonry\" data-iso-filter=\"false\"><div class=\"tcol-lg-4 tcol-md-4 tcol-sm-4 tcol-xs-6 tcol-ss-12 g_item\"><div class=\"grid_item kt_item_fade_in kad_gallery_fade_in gallery_item\"><a href=\"https:\/\/nmcontemporaneo.com\/wp-content\/uploads\/2024\/10\/unnamed.png\" data-rel=\"lightbox\" class=\"lightboxhover\"><div class=\"kt-intrinsic\" style=\"padding-bottom:139.34426229508%;\"><div itemprop=\"image\" itemscope itemtype=\"https:\/\/schema.org\/ImageObject\"><img loading=\"lazy\" decoding=\"async\" width=\"366\" height=\"510\" src=\"https:\/\/nmcontemporaneo.com\/wp-content\/uploads\/2024\/10\/unnamed-366x510.png\" srcset=\"https:\/\/nmcontemporaneo.com\/wp-content\/uploads\/2024\/10\/unnamed-366x510.png 366w, https:\/\/nmcontemporaneo.com\/wp-content\/uploads\/2024\/10\/unnamed-215x300.png 215w, https:\/\/nmcontemporaneo.com\/wp-content\/uploads\/2024\/10\/unnamed.png 650w\" sizes=\"auto, (max-width: 366px) 100vw, 366px\" data-caption=\"Sin t\u00edtulo, 2022\nAcr\u00edlico sobre papel\n42 x 30 cm\" class=\"light-dropshaddow\" itemprop=\"contentUrl\" alt=\"\"><meta itemprop=\"url\" content=\"https:\/\/nmcontemporaneo.com\/wp-content\/uploads\/2024\/10\/unnamed-366x510.png\"><meta itemprop=\"width\" content=\"366px\"><meta itemprop=\"height\" content=\"510px\"><\/div><\/div><div class=\"caption kad_caption\"><div class=\"kad_caption_inner\">Sin t\u00edtulo, 2022\nAcr\u00edlico sobre papel\n42 x 30 cm<\/div><\/div><\/a><\/div><\/div><div class=\"tcol-lg-4 tcol-md-4 tcol-sm-4 tcol-xs-6 tcol-ss-12 g_item\"><div class=\"grid_item kt_item_fade_in kad_gallery_fade_in gallery_item\"><a href=\"https:\/\/nmcontemporaneo.com\/wp-content\/uploads\/2024\/10\/unnamed-2.png\" data-rel=\"lightbox\" class=\"lightboxhover\"><div class=\"kt-intrinsic\" style=\"padding-bottom:135.79234972678%;\"><div itemprop=\"image\" itemscope itemtype=\"https:\/\/schema.org\/ImageObject\"><img loading=\"lazy\" decoding=\"async\" width=\"366\" height=\"497\" src=\"https:\/\/nmcontemporaneo.com\/wp-content\/uploads\/2024\/10\/unnamed-2-366x497.png\" srcset=\"https:\/\/nmcontemporaneo.com\/wp-content\/uploads\/2024\/10\/unnamed-2-366x497.png 366w, https:\/\/nmcontemporaneo.com\/wp-content\/uploads\/2024\/10\/unnamed-2-221x300.png 221w, https:\/\/nmcontemporaneo.com\/wp-content\/uploads\/2024\/10\/unnamed-2.png 668w\" sizes=\"auto, (max-width: 366px) 100vw, 366px\" data-caption=\"Sin t\u00edtulo, 2022\nAcr\u00edlico sobre papel\n42 x 30 cm\" class=\"light-dropshaddow\" itemprop=\"contentUrl\" alt=\"\"><meta itemprop=\"url\" content=\"https:\/\/nmcontemporaneo.com\/wp-content\/uploads\/2024\/10\/unnamed-2-366x497.png\"><meta itemprop=\"width\" content=\"366px\"><meta itemprop=\"height\" content=\"497px\"><\/div><\/div><div class=\"caption kad_caption\"><div class=\"kad_caption_inner\">Sin t\u00edtulo, 2022\nAcr\u00edlico sobre papel\n42 x 30 cm<\/div><\/div><\/a><\/div><\/div><div class=\"tcol-lg-4 tcol-md-4 tcol-sm-4 tcol-xs-6 tcol-ss-12 g_item\"><div class=\"grid_item kt_item_fade_in kad_gallery_fade_in gallery_item\"><a href=\"https:\/\/nmcontemporaneo.com\/wp-content\/uploads\/2021\/01\/mundoweb-3.jpg\" data-rel=\"lightbox\" class=\"lightboxhover\"><div class=\"kt-intrinsic\" style=\"padding-bottom:93.44262295082%;\"><div itemprop=\"image\" itemscope itemtype=\"https:\/\/schema.org\/ImageObject\"><img loading=\"lazy\" decoding=\"async\" width=\"366\" height=\"342\" src=\"https:\/\/nmcontemporaneo.com\/wp-content\/uploads\/2021\/01\/mundoweb-3-366x342.jpg\" srcset=\"https:\/\/nmcontemporaneo.com\/wp-content\/uploads\/2021\/01\/mundoweb-3-366x342.jpg 366w, https:\/\/nmcontemporaneo.com\/wp-content\/uploads\/2021\/01\/mundoweb-3-300x281.jpg 300w, https:\/\/nmcontemporaneo.com\/wp-content\/uploads\/2021\/01\/mundoweb-3-768x718.jpg 768w, https:\/\/nmcontemporaneo.com\/wp-content\/uploads\/2021\/01\/mundoweb-3-732x684.jpg 732w, https:\/\/nmcontemporaneo.com\/wp-content\/uploads\/2021\/01\/mundoweb-3.jpg 800w\" sizes=\"auto, (max-width: 366px) 100vw, 366px\" data-caption=\"Espacio abierto y cerrado, \u00d3leo sobre lienzo, 24 x 30 cm. 2020\" class=\"light-dropshaddow\" itemprop=\"contentUrl\" alt=\"\"><meta itemprop=\"url\" content=\"https:\/\/nmcontemporaneo.com\/wp-content\/uploads\/2021\/01\/mundoweb-3-366x342.jpg\"><meta itemprop=\"width\" content=\"366px\"><meta itemprop=\"height\" content=\"342px\"><\/div><\/div><div class=\"caption kad_caption\"><div class=\"kad_caption_inner\">Espacio abierto y cerrado, \u00d3leo sobre lienzo, 24 x 30 cm. 2020<\/div><\/div><\/a><\/div><\/div><div class=\"tcol-lg-4 tcol-md-4 tcol-sm-4 tcol-xs-6 tcol-ss-12 g_item\"><div class=\"grid_item kt_item_fade_in kad_gallery_fade_in gallery_item\"><a href=\"https:\/\/nmcontemporaneo.com\/wp-content\/uploads\/2021\/01\/Romanticismoweb-1.jpg\" data-rel=\"lightbox\" class=\"lightboxhover\"><div class=\"kt-intrinsic\" style=\"padding-bottom:131.96721311475%;\"><div itemprop=\"image\" itemscope itemtype=\"https:\/\/schema.org\/ImageObject\"><img loading=\"lazy\" decoding=\"async\" width=\"366\" height=\"483\" src=\"https:\/\/nmcontemporaneo.com\/wp-content\/uploads\/2021\/01\/Romanticismoweb-1-366x483.jpg\" srcset=\"https:\/\/nmcontemporaneo.com\/wp-content\/uploads\/2021\/01\/Romanticismoweb-1-366x483.jpg 366w, https:\/\/nmcontemporaneo.com\/wp-content\/uploads\/2021\/01\/Romanticismoweb-1-227x300.jpg 227w, https:\/\/nmcontemporaneo.com\/wp-content\/uploads\/2021\/01\/Romanticismoweb-1.jpg 600w\" sizes=\"auto, (max-width: 366px) 100vw, 366px\" data-caption=\"Romanticismo, Acr\u00edlico sobre lienzo, 202 x 153.5 cm. 2020\" class=\"light-dropshaddow\" itemprop=\"contentUrl\" alt=\"\"><meta itemprop=\"url\" content=\"https:\/\/nmcontemporaneo.com\/wp-content\/uploads\/2021\/01\/Romanticismoweb-1-366x483.jpg\"><meta itemprop=\"width\" content=\"366px\"><meta itemprop=\"height\" content=\"483px\"><\/div><\/div><div class=\"caption kad_caption\"><div class=\"kad_caption_inner\">Romanticismo, Acr\u00edlico sobre lienzo, 202 x 153.5 cm. 2020<\/div><\/div><\/a><\/div><\/div><div class=\"tcol-lg-4 tcol-md-4 tcol-sm-4 tcol-xs-6 tcol-ss-12 g_item\"><div class=\"grid_item kt_item_fade_in kad_gallery_fade_in gallery_item\"><a href=\"https:\/\/nmcontemporaneo.com\/wp-content\/uploads\/2021\/01\/Espacio-abierto-y-cerradoweb-1.jpg\" data-rel=\"lightbox\" class=\"lightboxhover\"><div class=\"kt-intrinsic\" style=\"padding-bottom:78.688524590164%;\"><div itemprop=\"image\" itemscope itemtype=\"https:\/\/schema.org\/ImageObject\"><img loading=\"lazy\" decoding=\"async\" width=\"366\" height=\"288\" src=\"https:\/\/nmcontemporaneo.com\/wp-content\/uploads\/2021\/01\/Espacio-abierto-y-cerradoweb-1-366x288.jpg\" srcset=\"https:\/\/nmcontemporaneo.com\/wp-content\/uploads\/2021\/01\/Espacio-abierto-y-cerradoweb-1-366x288.jpg 366w, https:\/\/nmcontemporaneo.com\/wp-content\/uploads\/2021\/01\/Espacio-abierto-y-cerradoweb-1-300x236.jpg 300w, https:\/\/nmcontemporaneo.com\/wp-content\/uploads\/2021\/01\/Espacio-abierto-y-cerradoweb-1.jpg 627w\" sizes=\"auto, (max-width: 366px) 100vw, 366px\" data-caption=\"Espacio abierto y cerrado, \u00d3leo sobre lienzo, 24 x 30 cm. 2020\" class=\"light-dropshaddow\" itemprop=\"contentUrl\" alt=\"\"><meta itemprop=\"url\" content=\"https:\/\/nmcontemporaneo.com\/wp-content\/uploads\/2021\/01\/Espacio-abierto-y-cerradoweb-1-366x288.jpg\"><meta itemprop=\"width\" content=\"366px\"><meta itemprop=\"height\" content=\"288px\"><\/div><\/div><div class=\"caption kad_caption\"><div class=\"kad_caption_inner\">Espacio abierto y cerrado, \u00d3leo sobre lienzo, 24 x 30 cm. 2020<\/div><\/div><\/a><\/div><\/div><div class=\"tcol-lg-4 tcol-md-4 tcol-sm-4 tcol-xs-6 tcol-ss-12 g_item\"><div class=\"grid_item kt_item_fade_in kad_gallery_fade_in gallery_item\"><a href=\"https:\/\/nmcontemporaneo.com\/wp-content\/uploads\/2021\/01\/elefanteweb-1.jpg\" data-rel=\"lightbox\" class=\"lightboxhover\"><div class=\"kt-intrinsic\" style=\"padding-bottom:126.22950819672%;\"><div itemprop=\"image\" itemscope itemtype=\"https:\/\/schema.org\/ImageObject\"><img loading=\"lazy\" decoding=\"async\" width=\"366\" height=\"462\" src=\"https:\/\/nmcontemporaneo.com\/wp-content\/uploads\/2021\/01\/elefanteweb-1-366x462.jpg\" srcset=\"https:\/\/nmcontemporaneo.com\/wp-content\/uploads\/2021\/01\/elefanteweb-1-366x462.jpg 366w, https:\/\/nmcontemporaneo.com\/wp-content\/uploads\/2021\/01\/elefanteweb-1-238x300.jpg 238w, https:\/\/nmcontemporaneo.com\/wp-content\/uploads\/2021\/01\/elefanteweb-1.jpg 600w\" sizes=\"auto, (max-width: 366px) 100vw, 366px\" data-caption=\"Palimpsesto-superposici\u00f3n y cambio, Acr\u00edlico sobre papel y tela, 223 x 182 cm. 2020\" class=\"light-dropshaddow\" itemprop=\"contentUrl\" alt=\"\"><meta itemprop=\"url\" content=\"https:\/\/nmcontemporaneo.com\/wp-content\/uploads\/2021\/01\/elefanteweb-1-366x462.jpg\"><meta itemprop=\"width\" content=\"366px\"><meta itemprop=\"height\" content=\"462px\"><\/div><\/div><div class=\"caption kad_caption\"><div class=\"kad_caption_inner\">Palimpsesto-superposici\u00f3n y cambio, Acr\u00edlico sobre papel y tela, 223 x 182 cm. 2020<\/div><\/div><\/a><\/div><\/div><div class=\"tcol-lg-4 tcol-md-4 tcol-sm-4 tcol-xs-6 tcol-ss-12 g_item\"><div class=\"grid_item kt_item_fade_in kad_gallery_fade_in gallery_item\"><a href=\"https:\/\/nmcontemporaneo.com\/wp-content\/uploads\/2021\/01\/arco-de-cobreweb-1.jpg\" data-rel=\"lightbox\" class=\"lightboxhover\"><div class=\"kt-intrinsic\" style=\"padding-bottom:55.737704918033%;\"><div itemprop=\"image\" itemscope itemtype=\"https:\/\/schema.org\/ImageObject\"><img loading=\"lazy\" decoding=\"async\" width=\"366\" height=\"204\" src=\"https:\/\/nmcontemporaneo.com\/wp-content\/uploads\/2021\/01\/arco-de-cobreweb-1-366x204.jpg\" srcset=\"https:\/\/nmcontemporaneo.com\/wp-content\/uploads\/2021\/01\/arco-de-cobreweb-1-366x204.jpg 366w, https:\/\/nmcontemporaneo.com\/wp-content\/uploads\/2021\/01\/arco-de-cobreweb-1-300x167.jpg 300w, https:\/\/nmcontemporaneo.com\/wp-content\/uploads\/2021\/01\/arco-de-cobreweb-1-768x427.jpg 768w, https:\/\/nmcontemporaneo.com\/wp-content\/uploads\/2021\/01\/arco-de-cobreweb-1-732x408.jpg 732w, https:\/\/nmcontemporaneo.com\/wp-content\/uploads\/2021\/01\/arco-de-cobreweb-1.jpg 800w\" sizes=\"auto, (max-width: 366px) 100vw, 366px\" data-caption=\"Arco de Cobre, Acr\u00edlico sobre lienzo, 90 x 161.5 cm. 2020\" class=\"light-dropshaddow\" itemprop=\"contentUrl\" alt=\"\"><meta itemprop=\"url\" content=\"https:\/\/nmcontemporaneo.com\/wp-content\/uploads\/2021\/01\/arco-de-cobreweb-1-366x204.jpg\"><meta itemprop=\"width\" content=\"366px\"><meta itemprop=\"height\" content=\"204px\"><\/div><\/div><div class=\"caption kad_caption\"><div class=\"kad_caption_inner\">Arco de Cobre, Acr\u00edlico sobre lienzo, 90 x 161.5 cm. 2020<\/div><\/div><\/a><\/div><\/div><div class=\"tcol-lg-4 tcol-md-4 tcol-sm-4 tcol-xs-6 tcol-ss-12 g_item\"><div class=\"grid_item kt_item_fade_in kad_gallery_fade_in gallery_item\"><a href=\"https:\/\/nmcontemporaneo.com\/wp-content\/uploads\/2021\/01\/Hombre-estelarweb-1.jpg\" data-rel=\"lightbox\" class=\"lightboxhover\"><div class=\"kt-intrinsic\" style=\"padding-bottom:126.50273224044%;\"><div itemprop=\"image\" itemscope itemtype=\"https:\/\/schema.org\/ImageObject\"><img loading=\"lazy\" decoding=\"async\" width=\"366\" height=\"463\" src=\"https:\/\/nmcontemporaneo.com\/wp-content\/uploads\/2021\/01\/Hombre-estelarweb-1-366x463.jpg\" srcset=\"https:\/\/nmcontemporaneo.com\/wp-content\/uploads\/2021\/01\/Hombre-estelarweb-1-366x463.jpg 366w, https:\/\/nmcontemporaneo.com\/wp-content\/uploads\/2021\/01\/Hombre-estelarweb-1-237x300.jpg 237w, https:\/\/nmcontemporaneo.com\/wp-content\/uploads\/2021\/01\/Hombre-estelarweb-1-768x972.jpg 768w, https:\/\/nmcontemporaneo.com\/wp-content\/uploads\/2021\/01\/Hombre-estelarweb-1-732x926.jpg 732w, https:\/\/nmcontemporaneo.com\/wp-content\/uploads\/2021\/01\/Hombre-estelarweb-1.jpg 800w\" sizes=\"auto, (max-width: 366px) 100vw, 366px\" data-caption=\"Salti - Hombre estrella - Historia de la humanidad, Acr\u00edlico sobre papel sobre lienzo, 202 x 153.5 cm. 2020\" class=\"light-dropshaddow\" itemprop=\"contentUrl\" alt=\"\"><meta itemprop=\"url\" content=\"https:\/\/nmcontemporaneo.com\/wp-content\/uploads\/2021\/01\/Hombre-estelarweb-1-366x463.jpg\"><meta itemprop=\"width\" content=\"366px\"><meta itemprop=\"height\" content=\"463px\"><\/div><\/div><div class=\"caption kad_caption\"><div class=\"kad_caption_inner\">Salti &#8211; Hombre estrella &#8211; Historia de la humanidad, Acr\u00edlico sobre papel sobre lienzo, 202 x 153.5 cm. 2020<\/div><\/div><\/a><\/div><\/div><\/div>\n<p>Adolphe Lechtenberg es pintor y dibujante alem\u00e1n, nacido en Gelsenkirchen, 1952. En 1973 ingres\u00f3 en la Academia Estatal de Artes de D\u00fcsseldorf, donde fue alumno de Joseph Beuys de 1974 a 1977. En esta misma instituci\u00f3n, estudi\u00f3 tambi\u00e9n con los maestros Fritz Schwegler, 1973\/74, y Erwin Heerich, de 1978 a 1981, adquiriendo el grado de licenciado de artes visuales en 1978.<\/p>\n<p>Desde el a\u00f1o 2006 ha realizado varias residencias en M\u00e9xico. En el a\u00f1o 2012 recibi\u00f3 una beca de seis meses de la Secretar\u00eda de Relaciones Exteriores de M\u00e9xico. Su obra forma parte de 18 colecciones privadas y de museos alrededor del mundo. Sus propuestas parten de la emanaci\u00f3n del color que generan un espacio crom\u00e1tico y emocional lo que define el espacio real.<\/p>\n\n<div class=\"sp-wrap sp-wrap-default\">\n<div class=\"sp-head\" title=\"Expand\">\nCurr\u00edculum Vitae\n<\/div>\n<div class=\"sp-body folded\">\n<p><strong>Exposiciones individuales (selecci\u00f3n)<\/strong><\/p>\n<p>1984 <em>Planetenwanderung<\/em> en la Kunsthalle D\u00fcsseldorf.<\/p>\n<p>1985 <em>Bleiben\/Gehen<\/em>, en el M\u00f6nchehaus Museo del Arte Moderno\/Goslar y Espacio expositivo de la Asociaci\u00f3n de Artes en Oerlinghausen.<\/p>\n<p>1987 Galer\u00eda Municipal Oberhausen.<\/p>\n<p>1998\/99 <em>Puntos de cruce, Sat\u00e9lites, Escondites,<\/em> TZR-Galerie Bochum.<\/p>\n<p>2007, 2009, 2011, 2013 en la Galer\u00eda Alfred Boettger, en Bonn.<\/p>\n<p>2016 <em>PIEL-MURAL-COLOR-ESPACIO<\/em> en el Foro R-38, Ciudad de M\u00e9xico; Espacio para el Arte Graf-Bicher, Frechen y KSI Bad Honnef.<\/p>\n<p><strong>Exposiciones colectivas (selecci\u00f3n)<\/strong><\/p>\n<p>1982 <em>(0211)<\/em>, Museo de Bellas Artes de D\u00fcsseldorf.<\/p>\n<p>1986 <em>Ein Ort \u2013 F\u00fcnf Wege<\/em>, Centro de Arte Faux Mouvement, Metz\/Francia.<\/p>\n<p>1989 <em>BonAngeles<\/em>, Santa Monica Museum of Art, Los Angeles\/USA.<\/p>\n<p>1992 <em>Rotaci\u00f3n<\/em>, Museo de Bellas Artes Santander\/Espa\u00f1a y Foro Ludwig Aachen\/Alemania.<\/p>\n<p>1994 <em>Arqueolog\u00eda del Esp\u00edritu<\/em>, Galer\u00eda L (Sala Talia), Havanna\/Kuba.<\/p>\n<p>1996 <em>Di\u00e1logos<\/em>, Centro Cultural Kemal Atat\u00fcrk, Estambul\/Turqu\u00eda.<\/p>\n<p>2010 <em>En el campo tensional del concepto ampliado de arte &#8211; gente de Gelsenkirchen en torno a Joseph Beuys<\/em>, City Center de Gelsenkirchen.<\/p>\n<p>2013 <em>Mex. De. 13 \u2013 Encuentro M\u00e9xico-Alemania<\/em>, Galer\u00eda Alfred Boettger, Bonn; <em>Materia Sensible<\/em>; Museo de Arte Carrillo Gil, Gabinete Gr\u00e1fico; M\u00e9xico D.F.<\/p>\n<p>2015 <em>Misterios<\/em>, Museo de Arte Gelsenkirchen; <em>Pl\u00e1stica y Sentimientos<\/em>, Galerie 23# Steverm\u00fcer, Velbert-Langenberg.<\/p>\n<div class=\"spdiv\">[collapse]<\/div>\n<\/div>\n<\/div>\n\n","protected":false},"excerpt":{"rendered":"<p>&lt;&lt; Previous | All Artists | Next &gt;&gt; Sin t\u00edtulo, 2022 Acr\u00edlico sobre papel 42 x 30 cmSin t\u00edtulo, 2022 Acr\u00edlico sobre papel 42 x 30 cmEspacio abierto y cerrado, \u00d3leo sobre lienzo, 24 x 30 cm. 2020Romanticismo, Acr\u00edlico sobre &hellip; <a class=\"kt-excerpt-readmore\" href=\"https:\/\/nmcontemporaneo.com\/en\/catalogue\/paintings\/adolphe-lechtenberg-en\/\" aria-label=\"Adolphe Lechtenberg\">Read More<\/a><\/p>\n","protected":false},"author":6,"featured_media":0,"parent":590,"menu_order":0,"comment_status":"closed","ping_status":"closed","template":"page-fullwidth.php","meta":{"kt_blocks_editor_width":"","footnotes":""},"class_list":["post-10350","page","type-page","status-publish","hentry"],"_links":{"self":[{"href":"https:\/\/nmcontemporaneo.com\/en\/wp-json\/wp\/v2\/pages\/10350","targetHints":{"allow":["GET"]}}],"collection":[{"href":"https:\/\/nmcontemporaneo.com\/en\/wp-json\/wp\/v2\/pages"}],"about":[{"href":"https:\/\/nmcontemporaneo.com\/en\/wp-json\/wp\/v2\/types\/page"}],"author":[{"embeddable":true,"href":"https:\/\/nmcontemporaneo.com\/en\/wp-json\/wp\/v2\/users\/6"}],"replies":[{"embeddable":true,"href":"https:\/\/nmcontemporaneo.com\/en\/wp-json\/wp\/v2\/comments?post=10350"}],"version-history":[{"count":3,"href":"https:\/\/nmcontemporaneo.com\/en\/wp-json\/wp\/v2\/pages\/10350\/revisions"}],"predecessor-version":[{"id":14275,"href":"https:\/\/nmcontemporaneo.com\/en\/wp-json\/wp\/v2\/pages\/10350\/revisions\/14275"}],"up":[{"embeddable":true,"href":"https:\/\/nmcontemporaneo.com\/en\/wp-json\/wp\/v2\/pages\/590"}],"wp:attachment":[{"href":"https:\/\/nmcontemporaneo.com\/en\/wp-json\/wp\/v2\/media?parent=10350"}],"curies":[{"name":"wp","href":"https:\/\/api.w.org\/{rel}","templated":true}]}}