{"id":10959,"date":"2022-02-03T21:55:08","date_gmt":"2022-02-04T03:55:08","guid":{"rendered":"https:\/\/nmcontemporaneo.com\/?page_id=10959"},"modified":"2025-06-20T01:02:14","modified_gmt":"2025-06-20T07:02:14","slug":"jaime-colin","status":"publish","type":"page","link":"https:\/\/nmcontemporaneo.com\/en\/catalogue\/emerging-artists\/jaime-colin-en\/","title":{"rendered":"Kcho"},"content":{"rendered":"<p>&nbsp;<\/p>\n<p style=\"text-align: center;\"><a href=\"..\/yanieb-fabre\/\">&lt;&lt; Previous<\/a> | <a href=\"\/catalogo\/todos-los-artistas\/\">All Artists<\/a> | <a href=\"..\/pablo-vigil\/\">Next &gt;&gt;<\/a><\/p>\n<p>&nbsp;<\/p>\n<div id=\"kad-wp-gallery691\" class=\"kad-wp-gallery gallery kt-gallery-column-3 init-isotope-intrinsic reinit-isotope kad-light-wp-gallery clearfix rowtight\" data-fade-in=\"1\" data-iso-selector=\".g_item\" data-iso-style=\"masonry\" data-iso-filter=\"false\"><div class=\"tcol-lg-4 tcol-md-4 tcol-sm-4 tcol-xs-6 tcol-ss-12 g_item\"><div class=\"grid_item kt_item_fade_in kad_gallery_fade_in gallery_item\"><a href=\"https:\/\/nmcontemporaneo.com\/wp-content\/uploads\/2018\/02\/26905684_937127823111944_1205832808_o.jpg\" data-rel=\"lightbox\" class=\"lightboxhover\"><div class=\"kt-intrinsic\" style=\"padding-bottom:77.049180327869%;\"><div itemprop=\"image\" itemscope itemtype=\"https:\/\/schema.org\/ImageObject\"><img loading=\"lazy\" decoding=\"async\" width=\"366\" height=\"282\" src=\"https:\/\/nmcontemporaneo.com\/wp-content\/uploads\/2018\/02\/26905684_937127823111944_1205832808_o-366x282.jpg\" srcset=\"https:\/\/nmcontemporaneo.com\/wp-content\/uploads\/2018\/02\/26905684_937127823111944_1205832808_o-366x282.jpg 366w, https:\/\/nmcontemporaneo.com\/wp-content\/uploads\/2018\/02\/26905684_937127823111944_1205832808_o-300x231.jpg 300w, https:\/\/nmcontemporaneo.com\/wp-content\/uploads\/2018\/02\/26905684_937127823111944_1205832808_o.jpg 700w\" sizes=\"auto, (max-width: 366px) 100vw, 366px\" data-caption=\"Mty, Calado\/papel de algod\u00f3n Papel montval de 300 grm, 152 x 200 cm, 2013\" class=\"light-dropshaddow\" itemprop=\"contentUrl\" alt=\"\"><meta itemprop=\"url\" content=\"https:\/\/nmcontemporaneo.com\/wp-content\/uploads\/2018\/02\/26905684_937127823111944_1205832808_o-366x282.jpg\"><meta itemprop=\"width\" content=\"366px\"><meta itemprop=\"height\" content=\"282px\"><\/div><\/div><div class=\"caption kad_caption\"><div class=\"kad_caption_inner\">Mty, Calado\/papel de algod\u00f3n Papel montval de 300 grm, 152 x 200 cm, 2013<\/div><\/div><\/a><\/div><\/div><div class=\"tcol-lg-4 tcol-md-4 tcol-sm-4 tcol-xs-6 tcol-ss-12 g_item\"><div class=\"grid_item kt_item_fade_in kad_gallery_fade_in gallery_item\"><a href=\"https:\/\/nmcontemporaneo.com\/wp-content\/uploads\/2018\/02\/proceso-deCD.jpg\" data-rel=\"lightbox\" class=\"lightboxhover\"><div class=\"kt-intrinsic\" style=\"padding-bottom:75.68306010929%;\"><div itemprop=\"image\" itemscope itemtype=\"https:\/\/schema.org\/ImageObject\"><img loading=\"lazy\" decoding=\"async\" width=\"366\" height=\"277\" src=\"https:\/\/nmcontemporaneo.com\/wp-content\/uploads\/2018\/02\/proceso-deCD-366x277.jpg\" srcset=\"https:\/\/nmcontemporaneo.com\/wp-content\/uploads\/2018\/02\/proceso-deCD-366x277.jpg 366w, https:\/\/nmcontemporaneo.com\/wp-content\/uploads\/2018\/02\/proceso-deCD-300x227.jpg 300w, https:\/\/nmcontemporaneo.com\/wp-content\/uploads\/2018\/02\/proceso-deCD.jpg 700w\" sizes=\"auto, (max-width: 366px) 100vw, 366px\" data-caption=\"Proceso de ciudad, Grabado en relieve, calado, luz LED, 57 x 78 cm, 2014\" class=\"light-dropshaddow\" itemprop=\"contentUrl\" alt=\"\"><meta itemprop=\"url\" content=\"https:\/\/nmcontemporaneo.com\/wp-content\/uploads\/2018\/02\/proceso-deCD-366x277.jpg\"><meta itemprop=\"width\" content=\"366px\"><meta itemprop=\"height\" content=\"277px\"><\/div><\/div><div class=\"caption kad_caption\"><div class=\"kad_caption_inner\">Proceso de ciudad, Grabado en relieve, calado, luz LED, 57 x 78 cm, 2014<\/div><\/div><\/a><\/div><\/div><div class=\"tcol-lg-4 tcol-md-4 tcol-sm-4 tcol-xs-6 tcol-ss-12 g_item\"><div class=\"grid_item kt_item_fade_in kad_gallery_fade_in gallery_item\"><a href=\"https:\/\/nmcontemporaneo.com\/wp-content\/uploads\/2018\/02\/Ficcio\u0301nAstrono\u0301mica-I.jpg\" data-rel=\"lightbox\" class=\"lightboxhover\"><div class=\"kt-intrinsic\" style=\"padding-bottom:100%;\"><div itemprop=\"image\" itemscope itemtype=\"https:\/\/schema.org\/ImageObject\"><img loading=\"lazy\" decoding=\"async\" width=\"366\" height=\"366\" src=\"https:\/\/nmcontemporaneo.com\/wp-content\/uploads\/2018\/02\/Ficcio\u0301nAstrono\u0301mica-I-366x366.jpg\" srcset=\"https:\/\/nmcontemporaneo.com\/wp-content\/uploads\/2018\/02\/Ficcio\u0301nAstrono\u0301mica-I-366x366.jpg 366w, https:\/\/nmcontemporaneo.com\/wp-content\/uploads\/2018\/02\/Ficcio\u0301nAstrono\u0301mica-I-300x300.jpg 300w, https:\/\/nmcontemporaneo.com\/wp-content\/uploads\/2018\/02\/Ficcio\u0301nAstrono\u0301mica-I-100x100.jpg 100w, https:\/\/nmcontemporaneo.com\/wp-content\/uploads\/2018\/02\/Ficcio\u0301nAstrono\u0301mica-I-456x456.jpg 456w, https:\/\/nmcontemporaneo.com\/wp-content\/uploads\/2018\/02\/Ficcio\u0301nAstrono\u0301mica-I-150x150.jpg 150w, https:\/\/nmcontemporaneo.com\/wp-content\/uploads\/2018\/02\/Ficcio\u0301nAstrono\u0301mica-I.jpg 700w\" sizes=\"auto, (max-width: 366px) 100vw, 366px\" data-caption=\"Serie: Ficci\u00f3n Astron\u00f3mica I, Impresi\u00f3n digital\/papel algod\u00f3n, 40 x 40 cm, 2014\" class=\"light-dropshaddow\" itemprop=\"contentUrl\" alt=\"\"><meta itemprop=\"url\" content=\"https:\/\/nmcontemporaneo.com\/wp-content\/uploads\/2018\/02\/Ficcio\u0301nAstrono\u0301mica-I-366x366.jpg\"><meta itemprop=\"width\" content=\"366px\"><meta itemprop=\"height\" content=\"366px\"><\/div><\/div><div class=\"caption kad_caption\"><div class=\"kad_caption_inner\">Serie: Ficci\u00f3n Astron\u00f3mica I, Impresi\u00f3n digital\/papel algod\u00f3n, 40 x 40 cm, 2014<\/div><\/div><\/a><\/div><\/div><div class=\"tcol-lg-4 tcol-md-4 tcol-sm-4 tcol-xs-6 tcol-ss-12 g_item\"><div class=\"grid_item kt_item_fade_in kad_gallery_fade_in gallery_item\"><a href=\"https:\/\/nmcontemporaneo.com\/wp-content\/uploads\/2018\/02\/Ficcio\u0301nAstrono\u0301mica-II.jpg\" data-rel=\"lightbox\" class=\"lightboxhover\"><div class=\"kt-intrinsic\" style=\"padding-bottom:100%;\"><div itemprop=\"image\" itemscope itemtype=\"https:\/\/schema.org\/ImageObject\"><img loading=\"lazy\" decoding=\"async\" width=\"366\" height=\"366\" src=\"https:\/\/nmcontemporaneo.com\/wp-content\/uploads\/2018\/02\/Ficcio\u0301nAstrono\u0301mica-II-366x366.jpg\" srcset=\"https:\/\/nmcontemporaneo.com\/wp-content\/uploads\/2018\/02\/Ficcio\u0301nAstrono\u0301mica-II-366x366.jpg 366w, https:\/\/nmcontemporaneo.com\/wp-content\/uploads\/2018\/02\/Ficcio\u0301nAstrono\u0301mica-II-300x300.jpg 300w, https:\/\/nmcontemporaneo.com\/wp-content\/uploads\/2018\/02\/Ficcio\u0301nAstrono\u0301mica-II-100x100.jpg 100w, https:\/\/nmcontemporaneo.com\/wp-content\/uploads\/2018\/02\/Ficcio\u0301nAstrono\u0301mica-II-456x456.jpg 456w, https:\/\/nmcontemporaneo.com\/wp-content\/uploads\/2018\/02\/Ficcio\u0301nAstrono\u0301mica-II-150x150.jpg 150w, https:\/\/nmcontemporaneo.com\/wp-content\/uploads\/2018\/02\/Ficcio\u0301nAstrono\u0301mica-II.jpg 700w\" sizes=\"auto, (max-width: 366px) 100vw, 366px\" data-caption=\"Serie: Ficci\u00f3n Astron\u00f3mica II, Impresi\u00f3n digital\/papel algod\u00f3n, 40 x 40 cm, 2014\" class=\"light-dropshaddow\" itemprop=\"contentUrl\" alt=\"\"><meta itemprop=\"url\" content=\"https:\/\/nmcontemporaneo.com\/wp-content\/uploads\/2018\/02\/Ficcio\u0301nAstrono\u0301mica-II-366x366.jpg\"><meta itemprop=\"width\" content=\"366px\"><meta itemprop=\"height\" content=\"366px\"><\/div><\/div><div class=\"caption kad_caption\"><div class=\"kad_caption_inner\">Serie: Ficci\u00f3n Astron\u00f3mica II, Impresi\u00f3n digital\/papel algod\u00f3n, 40 x 40 cm, 2014<\/div><\/div><\/a><\/div><\/div><div class=\"tcol-lg-4 tcol-md-4 tcol-sm-4 tcol-xs-6 tcol-ss-12 g_item\"><div class=\"grid_item kt_item_fade_in kad_gallery_fade_in gallery_item\"><a href=\"https:\/\/nmcontemporaneo.com\/wp-content\/uploads\/2018\/02\/Ficcio\u0301nAstrono\u0301mica-III.jpg\" data-rel=\"lightbox\" class=\"lightboxhover\"><div class=\"kt-intrinsic\" style=\"padding-bottom:100%;\"><div itemprop=\"image\" itemscope itemtype=\"https:\/\/schema.org\/ImageObject\"><img loading=\"lazy\" decoding=\"async\" width=\"366\" height=\"366\" src=\"https:\/\/nmcontemporaneo.com\/wp-content\/uploads\/2018\/02\/Ficcio\u0301nAstrono\u0301mica-III-366x366.jpg\" srcset=\"https:\/\/nmcontemporaneo.com\/wp-content\/uploads\/2018\/02\/Ficcio\u0301nAstrono\u0301mica-III-366x366.jpg 366w, https:\/\/nmcontemporaneo.com\/wp-content\/uploads\/2018\/02\/Ficcio\u0301nAstrono\u0301mica-III-300x300.jpg 300w, https:\/\/nmcontemporaneo.com\/wp-content\/uploads\/2018\/02\/Ficcio\u0301nAstrono\u0301mica-III-100x100.jpg 100w, https:\/\/nmcontemporaneo.com\/wp-content\/uploads\/2018\/02\/Ficcio\u0301nAstrono\u0301mica-III-456x456.jpg 456w, https:\/\/nmcontemporaneo.com\/wp-content\/uploads\/2018\/02\/Ficcio\u0301nAstrono\u0301mica-III-150x150.jpg 150w, https:\/\/nmcontemporaneo.com\/wp-content\/uploads\/2018\/02\/Ficcio\u0301nAstrono\u0301mica-III.jpg 700w\" sizes=\"auto, (max-width: 366px) 100vw, 366px\" data-caption=\"Serie: Ficci\u00f3n Astron\u00f3mica III, Impresi\u00f3n digital\/papel algod\u00f3n, 40 x 40 cm, 2014\" class=\"light-dropshaddow\" itemprop=\"contentUrl\" alt=\"\"><meta itemprop=\"url\" content=\"https:\/\/nmcontemporaneo.com\/wp-content\/uploads\/2018\/02\/Ficcio\u0301nAstrono\u0301mica-III-366x366.jpg\"><meta itemprop=\"width\" content=\"366px\"><meta itemprop=\"height\" content=\"366px\"><\/div><\/div><div class=\"caption kad_caption\"><div class=\"kad_caption_inner\">Serie: Ficci\u00f3n Astron\u00f3mica III, Impresi\u00f3n digital\/papel algod\u00f3n, 40 x 40 cm, 2014<\/div><\/div><\/a><\/div><\/div><div class=\"tcol-lg-4 tcol-md-4 tcol-sm-4 tcol-xs-6 tcol-ss-12 g_item\"><div class=\"grid_item kt_item_fade_in kad_gallery_fade_in gallery_item\"><a href=\"https:\/\/nmcontemporaneo.com\/wp-content\/uploads\/2018\/02\/Ficcio\u0301n-Astrono\u0301mica-No.1.jpg\" data-rel=\"lightbox\" class=\"lightboxhover\"><div class=\"kt-intrinsic\" style=\"padding-bottom:129.50819672131%;\"><div itemprop=\"image\" itemscope itemtype=\"https:\/\/schema.org\/ImageObject\"><img loading=\"lazy\" decoding=\"async\" width=\"366\" height=\"474\" src=\"https:\/\/nmcontemporaneo.com\/wp-content\/uploads\/2018\/02\/Ficcio\u0301n-Astrono\u0301mica-No.1-366x474.jpg\" srcset=\"https:\/\/nmcontemporaneo.com\/wp-content\/uploads\/2018\/02\/Ficcio\u0301n-Astrono\u0301mica-No.1-366x474.jpg 366w, https:\/\/nmcontemporaneo.com\/wp-content\/uploads\/2018\/02\/Ficcio\u0301n-Astrono\u0301mica-No.1-232x300.jpg 232w, https:\/\/nmcontemporaneo.com\/wp-content\/uploads\/2018\/02\/Ficcio\u0301n-Astrono\u0301mica-No.1.jpg 612w\" sizes=\"auto, (max-width: 366px) 100vw, 366px\" data-caption=\"Serie: Ficci\u00f3n Astron\u00f3mica 1, Impresi\u00f3n digital\/papel algod\u00f3n, 37.5 x 27.5 cm, 2014\" class=\"light-dropshaddow\" itemprop=\"contentUrl\" alt=\"\"><meta itemprop=\"url\" content=\"https:\/\/nmcontemporaneo.com\/wp-content\/uploads\/2018\/02\/Ficcio\u0301n-Astrono\u0301mica-No.1-366x474.jpg\"><meta itemprop=\"width\" content=\"366px\"><meta itemprop=\"height\" content=\"474px\"><\/div><\/div><div class=\"caption kad_caption\"><div class=\"kad_caption_inner\">Serie: Ficci\u00f3n Astron\u00f3mica 1, Impresi\u00f3n digital\/papel algod\u00f3n, 37.5 x 27.5 cm, 2014<\/div><\/div><\/a><\/div><\/div><div class=\"tcol-lg-4 tcol-md-4 tcol-sm-4 tcol-xs-6 tcol-ss-12 g_item\"><div class=\"grid_item kt_item_fade_in kad_gallery_fade_in gallery_item\"><a href=\"https:\/\/nmcontemporaneo.com\/wp-content\/uploads\/2018\/02\/Ficcio\u0301n-Astrono\u0301mica-No.2.jpg\" data-rel=\"lightbox\" class=\"lightboxhover\"><div class=\"kt-intrinsic\" style=\"padding-bottom:129.50819672131%;\"><div itemprop=\"image\" itemscope itemtype=\"https:\/\/schema.org\/ImageObject\"><img loading=\"lazy\" decoding=\"async\" width=\"366\" height=\"474\" src=\"https:\/\/nmcontemporaneo.com\/wp-content\/uploads\/2018\/02\/Ficcio\u0301n-Astrono\u0301mica-No.2-366x474.jpg\" srcset=\"https:\/\/nmcontemporaneo.com\/wp-content\/uploads\/2018\/02\/Ficcio\u0301n-Astrono\u0301mica-No.2-366x474.jpg 366w, https:\/\/nmcontemporaneo.com\/wp-content\/uploads\/2018\/02\/Ficcio\u0301n-Astrono\u0301mica-No.2-232x300.jpg 232w, https:\/\/nmcontemporaneo.com\/wp-content\/uploads\/2018\/02\/Ficcio\u0301n-Astrono\u0301mica-No.2.jpg 612w\" sizes=\"auto, (max-width: 366px) 100vw, 366px\" data-caption=\"Serie: Ficci\u00f3n Astron\u00f3mica 2, Impresi\u00f3n digital\/papel algod\u00f3n, 37.5 x 27.5 cm, 2014\" class=\"light-dropshaddow\" itemprop=\"contentUrl\" alt=\"\"><meta itemprop=\"url\" content=\"https:\/\/nmcontemporaneo.com\/wp-content\/uploads\/2018\/02\/Ficcio\u0301n-Astrono\u0301mica-No.2-366x474.jpg\"><meta itemprop=\"width\" content=\"366px\"><meta itemprop=\"height\" content=\"474px\"><\/div><\/div><div class=\"caption kad_caption\"><div class=\"kad_caption_inner\">Serie: Ficci\u00f3n Astron\u00f3mica 2, Impresi\u00f3n digital\/papel algod\u00f3n, 37.5 x 27.5 cm, 2014<\/div><\/div><\/a><\/div><\/div><div class=\"tcol-lg-4 tcol-md-4 tcol-sm-4 tcol-xs-6 tcol-ss-12 g_item\"><div class=\"grid_item kt_item_fade_in kad_gallery_fade_in gallery_item\"><a href=\"https:\/\/nmcontemporaneo.com\/wp-content\/uploads\/2018\/02\/Ficcio\u0301n-Astrono\u0301mica-No.3.jpg\" data-rel=\"lightbox\" class=\"lightboxhover\"><div class=\"kt-intrinsic\" style=\"padding-bottom:129.50819672131%;\"><div itemprop=\"image\" itemscope itemtype=\"https:\/\/schema.org\/ImageObject\"><img loading=\"lazy\" decoding=\"async\" width=\"366\" height=\"474\" src=\"https:\/\/nmcontemporaneo.com\/wp-content\/uploads\/2018\/02\/Ficcio\u0301n-Astrono\u0301mica-No.3-366x474.jpg\" srcset=\"https:\/\/nmcontemporaneo.com\/wp-content\/uploads\/2018\/02\/Ficcio\u0301n-Astrono\u0301mica-No.3-366x474.jpg 366w, https:\/\/nmcontemporaneo.com\/wp-content\/uploads\/2018\/02\/Ficcio\u0301n-Astrono\u0301mica-No.3-232x300.jpg 232w, https:\/\/nmcontemporaneo.com\/wp-content\/uploads\/2018\/02\/Ficcio\u0301n-Astrono\u0301mica-No.3.jpg 612w\" sizes=\"auto, (max-width: 366px) 100vw, 366px\" data-caption=\"Serie: Ficci\u00f3n Astron\u00f3mica 3, Impresi\u00f3n digital\/papel algod\u00f3n, 37.5 x 27.5 cm, 2014\" class=\"light-dropshaddow\" itemprop=\"contentUrl\" alt=\"\"><meta itemprop=\"url\" content=\"https:\/\/nmcontemporaneo.com\/wp-content\/uploads\/2018\/02\/Ficcio\u0301n-Astrono\u0301mica-No.3-366x474.jpg\"><meta itemprop=\"width\" content=\"366px\"><meta itemprop=\"height\" content=\"474px\"><\/div><\/div><div class=\"caption kad_caption\"><div class=\"kad_caption_inner\">Serie: Ficci\u00f3n Astron\u00f3mica 3, Impresi\u00f3n digital\/papel algod\u00f3n, 37.5 x 27.5 cm, 2014<\/div><\/div><\/a><\/div><\/div><div class=\"tcol-lg-4 tcol-md-4 tcol-sm-4 tcol-xs-6 tcol-ss-12 g_item\"><div class=\"grid_item kt_item_fade_in kad_gallery_fade_in gallery_item\"><a href=\"https:\/\/nmcontemporaneo.com\/wp-content\/uploads\/2018\/02\/Ficcio\u0301n-Astrono\u0301mica-No.4.jpg\" data-rel=\"lightbox\" class=\"lightboxhover\"><div class=\"kt-intrinsic\" style=\"padding-bottom:129.50819672131%;\"><div itemprop=\"image\" itemscope itemtype=\"https:\/\/schema.org\/ImageObject\"><img loading=\"lazy\" decoding=\"async\" width=\"366\" height=\"474\" src=\"https:\/\/nmcontemporaneo.com\/wp-content\/uploads\/2018\/02\/Ficcio\u0301n-Astrono\u0301mica-No.4-366x474.jpg\" srcset=\"https:\/\/nmcontemporaneo.com\/wp-content\/uploads\/2018\/02\/Ficcio\u0301n-Astrono\u0301mica-No.4-366x474.jpg 366w, https:\/\/nmcontemporaneo.com\/wp-content\/uploads\/2018\/02\/Ficcio\u0301n-Astrono\u0301mica-No.4-232x300.jpg 232w, https:\/\/nmcontemporaneo.com\/wp-content\/uploads\/2018\/02\/Ficcio\u0301n-Astrono\u0301mica-No.4.jpg 700w\" sizes=\"auto, (max-width: 366px) 100vw, 366px\" data-caption=\"Serie: Ficci\u00f3n Astron\u00f3mica 4, Impresi\u00f3n digital\/papel algod\u00f3n, 37.5 x 27.5 cm, 2014\" class=\"light-dropshaddow\" itemprop=\"contentUrl\" alt=\"\"><meta itemprop=\"url\" content=\"https:\/\/nmcontemporaneo.com\/wp-content\/uploads\/2018\/02\/Ficcio\u0301n-Astrono\u0301mica-No.4-366x474.jpg\"><meta itemprop=\"width\" content=\"366px\"><meta itemprop=\"height\" content=\"474px\"><\/div><\/div><div class=\"caption kad_caption\"><div class=\"kad_caption_inner\">Serie: Ficci\u00f3n Astron\u00f3mica 4, Impresi\u00f3n digital\/papel algod\u00f3n, 37.5 x 27.5 cm, 2014<\/div><\/div><\/a><\/div><\/div><\/div>\n<p>Jaime Col\u00edn was born in Mexico City in 1979. He focuses on cartography as a method for subjectively representing multiple ideas and concepts as part of his process of knowledge in the field of visual arts, and specifically with drawing as a field of research from which he develops various series of graphic works. He currently works with satellite imagery as a representation of the Earth&#8217;s surface and the devastation of the landscape caused by man. He is studying a Master&#8217;s degree in Visual Arts at UNAM (2013-2015). He graduated with a Bachelor&#8217;s degree in Visual Arts from the Centro Morelense de las Artes (2002-2006).<\/p>\n\n<div class=\"sp-wrap sp-wrap-default\">\n<div class=\"sp-head\" title=\"Expand\">\nResume\n<\/div>\n<div class=\"sp-body folded\">\n<p><b>Jaime Col\u00edn<\/b><\/p>\n<p><strong>Education<\/strong><\/p>\n<p>2015 Master\u2019s Degree in Arts and Design (Visual Arts), National Autonomous University of Mexico (UNAM)<br \/>\n2011 Specialization in Contemporary Art and Criticism, Centro Morelense de las Artes, Morelos<br \/>\n2006 B.A. in Visual Arts, Centro Morelense de las Artes, Morelos<br \/>\nSolo Exhibitions<br \/>\n2017<br \/>\nEstudio abierto, Cuernavaca, Morelos<br \/>\nEl Comienzo, Galer\u00eda Estudio Actual, Polanco, Mexico City<br \/>\n2\u00b0 Aniversario, Galer\u00eda Artillery, Polanco, Mexico City<br \/>\n2016<br \/>\nPaisaje reconstruido, Galer\u00eda Jardines de M\u00e9xico, Morelos<br \/>\nHorizonte deconstruido, Experimental Space, Jard\u00edn Borda, Cuernavaca, Morelos<br \/>\n2011<br \/>\nHelio, Galer\u00eda Centro Morelense de las Artes, Cuernavaca, Morelos<br \/>\nArg\u00f3n, Casa de la Cultura de Cajeme, Ciudad Obreg\u00f3n, Sonora<br \/>\n2009<br \/>\nPlomo negro, Galer\u00eda Centro Morelense de las Artes, Cuernavaca, Morelos<br \/>\n2005<br \/>\nCampos de Trigo Inflado, Galer\u00eda Centro Morelense de las Artes, Cuernavaca, Morelos<br \/>\n2002<br \/>\nParpadeando, Espacio E21 Arte Contempor\u00e1neo, Cuernavaca, Morelos<\/p>\n<p><strong>Group Exhibitions<\/strong><br \/>\n2016<br \/>\nMorfhosis, Galer\u00eda Artillery and Ploka Estudio, Mexico City<br \/>\nSolar Segunda Edici\u00f3n, Open Studio, Cuernavaca, Morelos<br \/>\nBienal UNAM Artes Visuales, MUCA, Mexico City<br \/>\nCap\u00edtulo Cero, Galer\u00eda de Arte Mexicano, Mexico City<br \/>\n2015<br \/>\nDespu\u00e9s del Ed\u00e9n, Art in Cuernavaca 1974\u20132014, Sala de Arte P\u00fablico, Proyecto Siqueiros + La Tallera, Cuernavaca<br \/>\nSolar, Open Studio, Cuernavaca, Morelos<br \/>\nCreaci\u00f3n en Movimiento, J\u00f3venes Creadores 2014\/15, Centro Cultural El Amate, Cuernavaca<br \/>\nLlegu\u00e9 a medianoche a mi casa, Galer\u00eda CMA, Cuernavaca<br \/>\n2014<br \/>\nExposici\u00f3n Gr\u00e1fica, Morelos Week in New York, Octavio Paz Gallery, New York, USA<br \/>\n6th Bienal Miradas, Centro Cultural Tijuana, Baja California<br \/>\nCollective Show, Casa Maauad, Mexico City<br \/>\n1st University Biennial of Art and Design, San Carlos Academy, UNAM, Mexico City<br \/>\n2013<br \/>\nRectos \/ Verso, Galer\u00eda NM Contempor\u00e1neo, Cuernavaca<br \/>\nKarmandoom \/ Buscando el equilibrio, Centro Cultural del M\u00e9xico Contempor\u00e1neo, Mexico City<br \/>\n2012<br \/>\n\u00cdndice, Galer\u00eda Crist\u00f3bal Col\u00f3n, Cuernavaca<br \/>\nCreaci\u00f3n en Movimiento, J\u00f3venes Creadores 2011\/12, Museum of the City, Quer\u00e9taro<br \/>\nBienal Miradas, Centro Cultural Tijuana<br \/>\nCMYK, Planta Baja Space, Museum of the City, Cuernavaca<br \/>\n2011<br \/>\nDibujo at\u00f3mico, Galer\u00eda CMA, Cuernavaca<br \/>\nBEARSATION, Museum of the City, Cuernavaca<br \/>\nUn viaje art\u00edstico&#8230; de Morelos a Miami, Instituto Cultural de M\u00e9xico, Miami, USA<br \/>\n2010<br \/>\nAn\u00e9mona, Galer\u00eda CMA, Cuernavaca<br \/>\nCreaci\u00f3n en Movimiento, J\u00f3venes Creadores FONCA 08\/09, Cuartel del Arte, Pachuca, Hidalgo<br \/>\n2009<br \/>\n4th National Visual Arts Biennial Yucat\u00e1n, M\u00e9rida<br \/>\n4th Sylvia Pawa Drawing Biennial, Centro Cultural M\u00e9xico-Israel, Mexico City<br \/>\n2008<br \/>\nEn crudo, Galer\u00eda Tonalli, Centro Cultural Oll\u00edn Yoliztli, Mexico City<br \/>\nXXVIII National Young Art Encounter, Instituto de Cultura de Aguascalientes<br \/>\n2006<br \/>\nCALA, John Spencer Mansion, Cuernavaca<br \/>\nComo la clara de huevo, Galer\u00eda CMA, Cuernavaca<br \/>\n2004<br \/>\nEmplazamiento, LAAlvaca, Puebla<br \/>\nContenedor-C5, Espacio E21, Cuernavaca<br \/>\nTodos Vemos Buganvilias, City Hall of Cuernavaca<br \/>\n2003<br \/>\nDel pecho al ombligo, Jard\u00edn Borda, Cuernavaca<br \/>\nBidimensional, Galer\u00eda CMA, Cuernavaca<\/p>\n<p><strong>Awards and Grants<\/strong><br \/>\n2016<br \/>\nSpecial Mention, Bienal UNAM Artes Visuales, Mexico City<br \/>\n2014<br \/>\nGrantee, J\u00f3venes Creadores, FONCA, Mexico<br \/>\n2nd Place Acquisition Award, 6th Bienal Miradas, Fundaci\u00f3n CODET, Tijuana<br \/>\n2012<br \/>\n1st Place Acquisition Award, Bienal Miradas, Fundaci\u00f3n CODET, Tijuana<br \/>\n2011\u201312<br \/>\nGrantee, J\u00f3venes Creadores, FONCA<br \/>\n2008\u201309<br \/>\nGrantee, J\u00f3venes Creadores, FONCA<br \/>\n2008<br \/>\nHonorable Mention, XXVIII National Young Art Encounter, Instituto de Cultura de Aguascalientes<br \/>\n2007<br \/>\nGrantee, J\u00f3venes Creadores, FOECAM, Morelos<br \/>\n2004<br \/>\nGrantee, J\u00f3venes Creadores, FOECAM, Morelos<\/p>\n<p><strong>Residencies and Research Stays<\/strong><br \/>\n2014<br \/>\nResearch stay at the University of Alcal\u00e1 de Henares, Madrid, Spain<br \/>\n(as part of the academic mobility program, UNAM)<\/p>\n<div class=\"spdiv\">[collapse]<\/div>\n<\/div>\n<\/div>\n\n","protected":false},"excerpt":{"rendered":"<p>&nbsp; &lt;&lt; Previous | All Artists | Next &gt;&gt; &nbsp; Mty, Calado\/papel de algod\u00f3n Papel montval de 300 grm, 152 x 200 cm, 2013Proceso de ciudad, Grabado en relieve, calado, luz LED, 57 x 78 cm, 2014Serie: Ficci\u00f3n Astron\u00f3mica I, &hellip; <a class=\"kt-excerpt-readmore\" href=\"https:\/\/nmcontemporaneo.com\/en\/catalogue\/emerging-artists\/jaime-colin-en\/\" aria-label=\"Kcho\">Read More<\/a><\/p>\n","protected":false},"author":6,"featured_media":0,"parent":596,"menu_order":0,"comment_status":"closed","ping_status":"closed","template":"page-fullwidth.php","meta":{"kt_blocks_editor_width":"","footnotes":""},"class_list":["post-10959","page","type-page","status-publish","hentry"],"_links":{"self":[{"href":"https:\/\/nmcontemporaneo.com\/en\/wp-json\/wp\/v2\/pages\/10959","targetHints":{"allow":["GET"]}}],"collection":[{"href":"https:\/\/nmcontemporaneo.com\/en\/wp-json\/wp\/v2\/pages"}],"about":[{"href":"https:\/\/nmcontemporaneo.com\/en\/wp-json\/wp\/v2\/types\/page"}],"author":[{"embeddable":true,"href":"https:\/\/nmcontemporaneo.com\/en\/wp-json\/wp\/v2\/users\/6"}],"replies":[{"embeddable":true,"href":"https:\/\/nmcontemporaneo.com\/en\/wp-json\/wp\/v2\/comments?post=10959"}],"version-history":[{"count":1,"href":"https:\/\/nmcontemporaneo.com\/en\/wp-json\/wp\/v2\/pages\/10959\/revisions"}],"predecessor-version":[{"id":13920,"href":"https:\/\/nmcontemporaneo.com\/en\/wp-json\/wp\/v2\/pages\/10959\/revisions\/13920"}],"up":[{"embeddable":true,"href":"https:\/\/nmcontemporaneo.com\/en\/wp-json\/wp\/v2\/pages\/596"}],"wp:attachment":[{"href":"https:\/\/nmcontemporaneo.com\/en\/wp-json\/wp\/v2\/media?parent=10959"}],"curies":[{"name":"wp","href":"https:\/\/api.w.org\/{rel}","templated":true}]}}