{"id":10990,"date":"2022-02-03T22:38:59","date_gmt":"2022-02-04T04:38:59","guid":{"rendered":"https:\/\/nmcontemporaneo.com\/?page_id=10990"},"modified":"2025-06-20T21:29:03","modified_gmt":"2025-06-21T03:29:03","slug":"pablo-vigil","status":"publish","type":"page","link":"https:\/\/nmcontemporaneo.com\/en\/catalogue\/emerging-artists\/pablo-vigil\/","title":{"rendered":"Pablo Vigil"},"content":{"rendered":"<p style=\"text-align: center;\"><a href=\"..\/jaime-colin\/\">&lt;&lt; Previous<\/a> | <a href=\"\/catalogo\/todos-los-artistas\/\">All Artists<\/a> | <a href=\"..\/cecilia-barreto\/\">Next &gt;&gt;<\/a><\/p>\n<div id=\"kad-wp-gallery107\" class=\"kad-wp-gallery gallery kt-gallery-column-3 init-isotope-intrinsic reinit-isotope kad-light-wp-gallery clearfix rowtight\" data-fade-in=\"1\" data-iso-selector=\".g_item\" data-iso-style=\"masonry\" data-iso-filter=\"false\"><div class=\"tcol-lg-4 tcol-md-4 tcol-sm-4 tcol-xs-6 tcol-ss-12 g_item\"><div class=\"grid_item kt_item_fade_in kad_gallery_fade_in gallery_item\"><div class=\"kt-intrinsic\" style=\"padding-bottom:177.86885245902%;\"><div itemprop=\"image\" itemscope itemtype=\"https:\/\/schema.org\/ImageObject\"><img loading=\"lazy\" decoding=\"async\" width=\"366\" height=\"651\" src=\"https:\/\/nmcontemporaneo.com\/wp-content\/uploads\/2018\/02\/escultura1-366x651.jpg\" srcset=\"https:\/\/nmcontemporaneo.com\/wp-content\/uploads\/2018\/02\/escultura1-366x651.jpg 366w, https:\/\/nmcontemporaneo.com\/wp-content\/uploads\/2018\/02\/escultura1-169x300.jpg 169w, https:\/\/nmcontemporaneo.com\/wp-content\/uploads\/2018\/02\/escultura1-576x1024.jpg 576w, https:\/\/nmcontemporaneo.com\/wp-content\/uploads\/2018\/02\/escultura1.jpg 720w\" sizes=\"auto, (max-width: 366px) 100vw, 366px\" data-caption=\"Serie: Serpentinata Tremenda, Escultura en cer\u00e1mica esmaltada, 30 x 30 x 45 cm,  2018\" class=\"light-dropshaddow\" itemprop=\"contentUrl\" alt=\"\"><meta itemprop=\"url\" content=\"https:\/\/nmcontemporaneo.com\/wp-content\/uploads\/2018\/02\/escultura1-366x651.jpg\"><meta itemprop=\"width\" content=\"366px\"><meta itemprop=\"height\" content=\"651px\"><\/div><\/div><div class=\"caption kad_caption\"><div class=\"kad_caption_inner\">Serie: Serpentinata Tremenda, Escultura en cer\u00e1mica esmaltada, 30 x 30 x 45 cm,  2018<\/div><\/div><\/div><\/div><div class=\"tcol-lg-4 tcol-md-4 tcol-sm-4 tcol-xs-6 tcol-ss-12 g_item\"><div class=\"grid_item kt_item_fade_in kad_gallery_fade_in gallery_item\"><div class=\"kt-intrinsic\" style=\"padding-bottom:177.86885245902%;\"><div itemprop=\"image\" itemscope itemtype=\"https:\/\/schema.org\/ImageObject\"><img loading=\"lazy\" decoding=\"async\" width=\"366\" height=\"651\" src=\"https:\/\/nmcontemporaneo.com\/wp-content\/uploads\/2018\/02\/escultura2-366x651.jpg\" srcset=\"https:\/\/nmcontemporaneo.com\/wp-content\/uploads\/2018\/02\/escultura2-366x651.jpg 366w, https:\/\/nmcontemporaneo.com\/wp-content\/uploads\/2018\/02\/escultura2-169x300.jpg 169w, https:\/\/nmcontemporaneo.com\/wp-content\/uploads\/2018\/02\/escultura2-576x1024.jpg 576w, https:\/\/nmcontemporaneo.com\/wp-content\/uploads\/2018\/02\/escultura2.jpg 720w\" sizes=\"auto, (max-width: 366px) 100vw, 366px\" data-caption=\"Serie: Serpentinata Tremenda, Escultura en cer\u00e1mica esmaltada, 30 x 30 x 35 cm,  2018\" class=\"light-dropshaddow\" itemprop=\"contentUrl\" alt=\"\"><meta itemprop=\"url\" content=\"https:\/\/nmcontemporaneo.com\/wp-content\/uploads\/2018\/02\/escultura2-366x651.jpg\"><meta itemprop=\"width\" content=\"366px\"><meta itemprop=\"height\" content=\"651px\"><\/div><\/div><div class=\"caption kad_caption\"><div class=\"kad_caption_inner\">Serie: Serpentinata Tremenda, Escultura en cer\u00e1mica esmaltada, 30 x 30 x 35 cm,  2018<\/div><\/div><\/div><\/div><div class=\"tcol-lg-4 tcol-md-4 tcol-sm-4 tcol-xs-6 tcol-ss-12 g_item\"><div class=\"grid_item kt_item_fade_in kad_gallery_fade_in gallery_item\"><div class=\"kt-intrinsic\" style=\"padding-bottom:177.86885245902%;\"><div itemprop=\"image\" itemscope itemtype=\"https:\/\/schema.org\/ImageObject\"><img loading=\"lazy\" decoding=\"async\" width=\"366\" height=\"651\" src=\"https:\/\/nmcontemporaneo.com\/wp-content\/uploads\/2018\/02\/escultura3-366x651.jpg\" srcset=\"https:\/\/nmcontemporaneo.com\/wp-content\/uploads\/2018\/02\/escultura3-366x651.jpg 366w, https:\/\/nmcontemporaneo.com\/wp-content\/uploads\/2018\/02\/escultura3-169x300.jpg 169w, https:\/\/nmcontemporaneo.com\/wp-content\/uploads\/2018\/02\/escultura3-576x1024.jpg 576w, https:\/\/nmcontemporaneo.com\/wp-content\/uploads\/2018\/02\/escultura3.jpg 720w\" sizes=\"auto, (max-width: 366px) 100vw, 366px\" data-caption=\"Serie: Serpentinata Tremenda, Escultura en cer\u00e1mica esmaltada, 30 x 30 x 35 cm,  2018\" class=\"light-dropshaddow\" itemprop=\"contentUrl\" alt=\"\"><meta itemprop=\"url\" content=\"https:\/\/nmcontemporaneo.com\/wp-content\/uploads\/2018\/02\/escultura3-366x651.jpg\"><meta itemprop=\"width\" content=\"366px\"><meta itemprop=\"height\" content=\"651px\"><\/div><\/div><div class=\"caption kad_caption\"><div class=\"kad_caption_inner\">Serie: Serpentinata Tremenda, Escultura en cer\u00e1mica esmaltada, 30 x 30 x 35 cm,  2018<\/div><\/div><\/div><\/div><div class=\"tcol-lg-4 tcol-md-4 tcol-sm-4 tcol-xs-6 tcol-ss-12 g_item\"><div class=\"grid_item kt_item_fade_in kad_gallery_fade_in gallery_item\"><div class=\"kt-intrinsic\" style=\"padding-bottom:143.71584699454%;\"><div itemprop=\"image\" itemscope itemtype=\"https:\/\/schema.org\/ImageObject\"><img loading=\"lazy\" decoding=\"async\" width=\"366\" height=\"526\" src=\"https:\/\/nmcontemporaneo.com\/wp-content\/uploads\/2020\/04\/Las-tres-calaveras-2-366x526.jpg\" srcset=\"https:\/\/nmcontemporaneo.com\/wp-content\/uploads\/2020\/04\/Las-tres-calaveras-2-366x526.jpg 366w, https:\/\/nmcontemporaneo.com\/wp-content\/uploads\/2020\/04\/Las-tres-calaveras-2-209x300.jpg 209w, https:\/\/nmcontemporaneo.com\/wp-content\/uploads\/2020\/04\/Las-tres-calaveras-2.jpg 390w\" sizes=\"auto, (max-width: 366px) 100vw, 366px\" data-caption=\"Las tres calaveras, la ni\u00f1a, la santa y la pinta. Dibujo en plum\u00f3n y estil\u00f3grafo sobre papel200 x 140 cm. 2017\" class=\"light-dropshaddow\" itemprop=\"contentUrl\" alt=\"\"><meta itemprop=\"url\" content=\"https:\/\/nmcontemporaneo.com\/wp-content\/uploads\/2020\/04\/Las-tres-calaveras-2-366x526.jpg\"><meta itemprop=\"width\" content=\"366px\"><meta itemprop=\"height\" content=\"526px\"><\/div><\/div><div class=\"caption kad_caption\"><div class=\"kad_caption_inner\">Las tres calaveras, la ni\u00f1a, la santa y la pinta. Dibujo en plum\u00f3n y estil\u00f3grafo sobre papel200 x 140 cm. 2017<\/div><\/div><\/div><\/div><div class=\"tcol-lg-4 tcol-md-4 tcol-sm-4 tcol-xs-6 tcol-ss-12 g_item\"><div class=\"grid_item kt_item_fade_in kad_gallery_fade_in gallery_item\"><div class=\"kt-intrinsic\" style=\"padding-bottom:140.43715846995%;\"><div itemprop=\"image\" itemscope itemtype=\"https:\/\/schema.org\/ImageObject\"><img loading=\"lazy\" decoding=\"async\" width=\"366\" height=\"514\" src=\"https:\/\/nmcontemporaneo.com\/wp-content\/uploads\/2020\/04\/No-todo-lo-queweb-366x514.jpg\" srcset=\"https:\/\/nmcontemporaneo.com\/wp-content\/uploads\/2020\/04\/No-todo-lo-queweb-366x514.jpg 366w, https:\/\/nmcontemporaneo.com\/wp-content\/uploads\/2020\/04\/No-todo-lo-queweb-214x300.jpg 214w, https:\/\/nmcontemporaneo.com\/wp-content\/uploads\/2020\/04\/No-todo-lo-queweb.jpg 570w\" sizes=\"auto, (max-width: 366px) 100vw, 366px\" data-caption=\"No todo lo que brilla es oro. Dibujo en plum\u00f3n y estil\u00f3grafo sobre papel200 x 140 cm 2017\" class=\"light-dropshaddow\" itemprop=\"contentUrl\" alt=\"\"><meta itemprop=\"url\" content=\"https:\/\/nmcontemporaneo.com\/wp-content\/uploads\/2020\/04\/No-todo-lo-queweb-366x514.jpg\"><meta itemprop=\"width\" content=\"366px\"><meta itemprop=\"height\" content=\"514px\"><\/div><\/div><div class=\"caption kad_caption\"><div class=\"kad_caption_inner\">No todo lo que brilla es oro. Dibujo en plum\u00f3n y estil\u00f3grafo sobre papel200 x 140 cm 2017<\/div><\/div><\/div><\/div><\/div>\n<div class=\"page\" title=\"Page 1\">\n<div class=\"layoutArea\">\n<div class=\"column\">\n<p>Pablo Vigil was born in Mexico City in 1984 and has lived in the state of Morelos since 1990. He studied Visual Arts at the Centro Morelense de las Artes (2004\u20132008). His work unfolds in a coded, symbolic, and baroque language; everything seems to stem from inner worlds that implode and explode into imaginary recreations, sometimes literary and at other times absurd. Along a horizon line, he creates impossible constructions and symbolic inhabitants.<\/p>\n<\/div>\n<\/div>\n<\/div>\n\n<div class=\"sp-wrap sp-wrap-default\">\n<div class=\"sp-head\" title=\"Expand\">\nCurr\u00edculum Vitae\n<\/div>\n<div class=\"sp-body folded\">\n<p><strong>Pablo Vigil<\/strong><\/p>\n<p data-start=\"0\" data-end=\"747\"><strong data-start=\"0\" data-end=\"13\">Education<\/strong><br data-start=\"13\" data-end=\"16\" \/>2013: Diploma in Art Education, Centro Morelense de las Artes \/ Cuernavaca, Morelos<br data-start=\"99\" data-end=\"102\" data-is-only-node=\"\" \/>2004\u20132008: B.A. in Visual Arts, Centro Morelense de las Artes \/ Cuernavaca, Morelos<br data-start=\"185\" data-end=\"188\" \/>2004: Course \u201cThe Photographic Essay\u201d with Professor Eniac Mart\u00ednez Ulloa, Member of the National System of Creators CONACULTA, Centro Morelense de las Artes \/ Cuernavaca, Morelos<br data-start=\"367\" data-end=\"370\" \/>2004: Diploma in Visual Arts (1st semester), Centro Morelense de las Artes \/ Cuernavaca, Morelos<br data-start=\"466\" data-end=\"469\" \/>2003: B.A. in Film Directing (1st semester), Arte 7 Film School \/ Mexico City<br data-start=\"546\" data-end=\"549\" \/>2003: Diploma in Photography, Centro Morelense de las Artes \/ Cuernavaca, Morelos<br data-start=\"630\" data-end=\"633\" \/>2002\u20132003: Diploma in Film Appreciation, organized by the Film Training Center (CCC) \/ UAEM, Cuernavaca, Morelos<\/p>\n<p data-start=\"749\" data-end=\"1207\"><strong data-start=\"749\" data-end=\"769\">Solo Exhibitions<\/strong><br data-start=\"769\" data-end=\"772\" \/>2017: <em data-start=\"778\" data-end=\"801\" data-is-only-node=\"\">Serpentinata tremenda<\/em>, Jard\u00edn Borda Cultural Center \/ Cuernavaca, Morelos<br data-start=\"853\" data-end=\"856\" \/>2017: <em data-start=\"862\" data-end=\"881\">Baladas voladoras<\/em>, Caf\u00e9 La Maga \/ Cuernavaca, Morelos<br data-start=\"917\" data-end=\"920\" \/>2014: <em data-start=\"926\" data-end=\"953\">Desde mis tintas expienso<\/em>, Proyecto Invasor \/ Cuernavaca, Morelos<br data-start=\"993\" data-end=\"996\" \/>2013: <em data-start=\"1002\" data-end=\"1012\">Untitled<\/em>, Celoff\u00e1n Gallery \/ Cuernavaca, Morelos<br data-start=\"1052\" data-end=\"1055\" \/>2009: <em data-start=\"1061\" data-end=\"1084\">La jaur\u00eda se anochece<\/em>, screening of the video-animation <em data-start=\"1119\" data-end=\"1137\">La baba dr\u00e1stica<\/em>, Gallery of the Centro Morelense de las Artes \/ Cuernavaca, Morelos<\/p>\n<p data-start=\"1209\" data-end=\"2466\" data-is-last-node=\"\" data-is-only-node=\"\"><strong data-start=\"1209\" data-end=\"1230\">Group Exhibitions<\/strong><br data-start=\"1230\" data-end=\"1233\" \/>2015: <em data-start=\"1239\" data-end=\"1271\" data-is-only-node=\"\">He vuelto a casa a media noche<\/em>, Gallery of the Centro Morelense de las Artes \/ Cuernavaca, Morelos<br data-start=\"1339\" data-end=\"1342\" \/>2015: <em data-start=\"1348\" data-end=\"1374\">G\u00e9neros y denominaciones<\/em>, La Barranca Gallery \/ Cuernavaca, Morelos<br data-start=\"1417\" data-end=\"1420\" \/>2014: <em data-start=\"1426\" data-end=\"1437\">Processus<\/em>, presentation of prints produced in collaboration with \u201cUna l\u00ednea de gis\u201d (a company supporting artistic creation), Espacio 71, Justo Sierra Synagogue \/ Mexico City<br data-start=\"1602\" data-end=\"1605\" \/>2013: <em data-start=\"1611\" data-end=\"1634\">Atra\u00eddo por las luces<\/em>, Gallery of the Centro Morelense de las Artes \/ Cuernavaca, Morelos<br data-start=\"1702\" data-end=\"1705\" \/>2008: <em data-start=\"1711\" data-end=\"1726\">Arte Marginal<\/em>, screening of the documentary <em data-start=\"1757\" data-end=\"1782\">Todo cabe en un jarrito<\/em>, Gallery of the Centro Morelense de las Artes \/ Cuernavaca, Morelos<br data-start=\"1850\" data-end=\"1853\" \/>2008: <em data-start=\"1859\" data-end=\"1884\">No te calientes plancha<\/em>, Casona Spencer Museum \/ Cuernavaca, Morelos<br data-start=\"1929\" data-end=\"1932\" \/>2007: <em data-start=\"1938\" data-end=\"1951\">No Anunciar<\/em>, Gallery of the Centro Morelense de las Artes \/ Cuernavaca, Morelos<br data-start=\"2019\" data-end=\"2022\" \/>2007: <em data-start=\"2028\" data-end=\"2053\">La presi\u00f3n insoportable<\/em>, Gallery of the Centro Morelense de las Artes \/ Cuernavaca, Morelos<br data-start=\"2121\" data-end=\"2124\" \/>2006: <em data-start=\"2130\" data-end=\"2151\">Como clara de huevo<\/em>, Gallery of the Centro Morelense de las Artes \/ Cuernavaca, Morelos<br data-start=\"2219\" data-end=\"2222\" \/>2006: <em data-start=\"2228\" data-end=\"2245\">Sopita Caliente<\/em>, Centro Morelense de las Artes \/ Cuernavaca, Morelos<br data-start=\"2298\" data-end=\"2301\" \/>2005: <em data-start=\"2307\" data-end=\"2329\">F\u00e1brica de Monstruos<\/em>, Gallery of the Centro Morelense de las Artes \/ Cuernavaca, Morelos<br data-start=\"2397\" data-end=\"2400\" \/>2005: <em data-start=\"2406\" data-end=\"2413\">04\/05<\/em>, Centro Morelense de las Artes \/ Cuernavaca, Morelos<\/p>\n<div class=\"spdiv\">[collapse]<\/div>\n<\/div>\n<\/div>\n\n","protected":false},"excerpt":{"rendered":"<p>&lt;&lt; Previous | All Artists | Next &gt;&gt; Serie: Serpentinata Tremenda, Escultura en cer\u00e1mica esmaltada, 30 x 30 x 45 cm, 2018Serie: Serpentinata Tremenda, Escultura en cer\u00e1mica esmaltada, 30 x 30 x 35 cm, 2018Serie: Serpentinata Tremenda, Escultura en cer\u00e1mica &hellip; <a class=\"kt-excerpt-readmore\" href=\"https:\/\/nmcontemporaneo.com\/en\/catalogue\/emerging-artists\/pablo-vigil\/\" aria-label=\"Pablo Vigil\">Read More<\/a><\/p>\n","protected":false},"author":6,"featured_media":0,"parent":596,"menu_order":0,"comment_status":"closed","ping_status":"closed","template":"page-fullwidth.php","meta":{"kt_blocks_editor_width":"","footnotes":""},"class_list":["post-10990","page","type-page","status-publish","hentry"],"_links":{"self":[{"href":"https:\/\/nmcontemporaneo.com\/en\/wp-json\/wp\/v2\/pages\/10990","targetHints":{"allow":["GET"]}}],"collection":[{"href":"https:\/\/nmcontemporaneo.com\/en\/wp-json\/wp\/v2\/pages"}],"about":[{"href":"https:\/\/nmcontemporaneo.com\/en\/wp-json\/wp\/v2\/types\/page"}],"author":[{"embeddable":true,"href":"https:\/\/nmcontemporaneo.com\/en\/wp-json\/wp\/v2\/users\/6"}],"replies":[{"embeddable":true,"href":"https:\/\/nmcontemporaneo.com\/en\/wp-json\/wp\/v2\/comments?post=10990"}],"version-history":[{"count":2,"href":"https:\/\/nmcontemporaneo.com\/en\/wp-json\/wp\/v2\/pages\/10990\/revisions"}],"predecessor-version":[{"id":14250,"href":"https:\/\/nmcontemporaneo.com\/en\/wp-json\/wp\/v2\/pages\/10990\/revisions\/14250"}],"up":[{"embeddable":true,"href":"https:\/\/nmcontemporaneo.com\/en\/wp-json\/wp\/v2\/pages\/596"}],"wp:attachment":[{"href":"https:\/\/nmcontemporaneo.com\/en\/wp-json\/wp\/v2\/media?parent=10990"}],"curies":[{"name":"wp","href":"https:\/\/api.w.org\/{rel}","templated":true}]}}