{"id":11173,"date":"2022-06-21T17:08:55","date_gmt":"2022-06-21T23:08:55","guid":{"rendered":"https:\/\/nmcontemporaneo.com\/?page_id=11173"},"modified":"2025-06-20T01:02:12","modified_gmt":"2025-06-20T07:02:12","slug":"nora-adame","status":"publish","type":"page","link":"https:\/\/nmcontemporaneo.com\/en\/catalogue\/paintings\/nora-adame-en\/","title":{"rendered":"Nora Adame"},"content":{"rendered":"<p style=\"text-align: center;\"><a href=\"https:\/\/nmcontemporaneo.com\/catalogo\/pintura\/fred-stonehouse\/\">&lt;&lt; Previos<\/a>&nbsp;| <a href=\"\/catalogo\/todos-los-artistas\/\">All Artists<\/a> | <a href=\"https:\/\/nmcontemporaneo.com\/catalogo\/pintura\/jesus-lugo\/\">Next &gt;&gt;<\/a><\/p>\n<div id=\"kad-wp-gallery498\" class=\"kad-wp-gallery gallery kt-gallery-column-3 init-isotope-intrinsic reinit-isotope kad-light-wp-gallery clearfix rowtight\" data-fade-in=\"1\" data-iso-selector=\".g_item\" data-iso-style=\"masonry\" data-iso-filter=\"false\"><div class=\"tcol-lg-4 tcol-md-4 tcol-sm-4 tcol-xs-6 tcol-ss-12 g_item\"><div class=\"grid_item kt_item_fade_in kad_gallery_fade_in gallery_item\"><a href=\"https:\/\/nmcontemporaneo.com\/wp-content\/uploads\/2024\/10\/unnamed-9.png\" data-rel=\"lightbox\" class=\"lightboxhover\"><div class=\"kt-intrinsic\" style=\"padding-bottom:121.31147540984%;\"><div itemprop=\"image\" itemscope itemtype=\"https:\/\/schema.org\/ImageObject\"><img loading=\"lazy\" decoding=\"async\" width=\"366\" height=\"444\" src=\"https:\/\/nmcontemporaneo.com\/wp-content\/uploads\/2024\/10\/unnamed-9-366x444.png\" srcset=\"https:\/\/nmcontemporaneo.com\/wp-content\/uploads\/2024\/10\/unnamed-9-366x444.png 366w, https:\/\/nmcontemporaneo.com\/wp-content\/uploads\/2024\/10\/unnamed-9-247x300.png 247w, https:\/\/nmcontemporaneo.com\/wp-content\/uploads\/2024\/10\/unnamed-9-732x888.png 732w, https:\/\/nmcontemporaneo.com\/wp-content\/uploads\/2024\/10\/unnamed-9.png 747w\" sizes=\"auto, (max-width: 366px) 100vw, 366px\" data-caption=\"Sweet tooth.\nImpresi\u00f3n digital, plexiglass y acr\u00edlica con\nmarco de resina\n162 x 130 cm\" class=\"light-dropshaddow\" itemprop=\"contentUrl\" alt=\"Sweet Tooth por Nora Adame\"><meta itemprop=\"url\" content=\"https:\/\/nmcontemporaneo.com\/wp-content\/uploads\/2024\/10\/unnamed-9-366x444.png\"><meta itemprop=\"width\" content=\"366px\"><meta itemprop=\"height\" content=\"444px\"><\/div><\/div><div class=\"caption kad_caption\"><div class=\"kad_caption_inner\">Sweet tooth.\nImpresi\u00f3n digital, plexiglass y acr\u00edlica con\nmarco de resina\n162 x 130 cm<\/div><\/div><\/a><\/div><\/div><div class=\"tcol-lg-4 tcol-md-4 tcol-sm-4 tcol-xs-6 tcol-ss-12 g_item\"><div class=\"grid_item kt_item_fade_in kad_gallery_fade_in gallery_item\"><a href=\"https:\/\/nmcontemporaneo.com\/wp-content\/uploads\/2025\/02\/Sky-Bunny.jpg\" data-rel=\"lightbox\" class=\"lightboxhover\"><div class=\"kt-intrinsic\" style=\"padding-bottom:123.49726775956%;\"><div itemprop=\"image\" itemscope itemtype=\"https:\/\/schema.org\/ImageObject\"><img loading=\"lazy\" decoding=\"async\" width=\"366\" height=\"452\" src=\"https:\/\/nmcontemporaneo.com\/wp-content\/uploads\/2025\/02\/Sky-Bunny-366x452.jpg\" srcset=\"https:\/\/nmcontemporaneo.com\/wp-content\/uploads\/2025\/02\/Sky-Bunny-366x452.jpg 366w, https:\/\/nmcontemporaneo.com\/wp-content\/uploads\/2025\/02\/Sky-Bunny-243x300.jpg 243w, https:\/\/nmcontemporaneo.com\/wp-content\/uploads\/2025\/02\/Sky-Bunny-768x948.jpg 768w, https:\/\/nmcontemporaneo.com\/wp-content\/uploads\/2025\/02\/Sky-Bunny-732x904.jpg 732w, https:\/\/nmcontemporaneo.com\/wp-content\/uploads\/2025\/02\/Sky-Bunny.jpg 810w\" sizes=\"auto, (max-width: 366px) 100vw, 366px\" data-caption=\"Sky Bunny Impresi\u00f3n digital, plexiglass y acr\u00edlica con marco de resina162 x 130 cm\" class=\"light-dropshaddow\" itemprop=\"contentUrl\" alt=\"\"><meta itemprop=\"url\" content=\"https:\/\/nmcontemporaneo.com\/wp-content\/uploads\/2025\/02\/Sky-Bunny-366x452.jpg\"><meta itemprop=\"width\" content=\"366px\"><meta itemprop=\"height\" content=\"452px\"><\/div><\/div><div class=\"caption kad_caption\"><div class=\"kad_caption_inner\">Sky Bunny Impresi\u00f3n digital, plexiglass y acr\u00edlica con marco de resina162 x 130 cm<\/div><\/div><\/a><\/div><\/div><div class=\"tcol-lg-4 tcol-md-4 tcol-sm-4 tcol-xs-6 tcol-ss-12 g_item\"><div class=\"grid_item kt_item_fade_in kad_gallery_fade_in gallery_item\"><a href=\"https:\/\/nmcontemporaneo.com\/wp-content\/uploads\/2025\/02\/Lucky.jpg\" data-rel=\"lightbox\" class=\"lightboxhover\"><div class=\"kt-intrinsic\" style=\"padding-bottom:100%;\"><div itemprop=\"image\" itemscope itemtype=\"https:\/\/schema.org\/ImageObject\"><img loading=\"lazy\" decoding=\"async\" width=\"366\" height=\"366\" src=\"https:\/\/nmcontemporaneo.com\/wp-content\/uploads\/2025\/02\/Lucky-366x366.jpg\" srcset=\"https:\/\/nmcontemporaneo.com\/wp-content\/uploads\/2025\/02\/Lucky-366x366.jpg 366w, https:\/\/nmcontemporaneo.com\/wp-content\/uploads\/2025\/02\/Lucky-300x300.jpg 300w, https:\/\/nmcontemporaneo.com\/wp-content\/uploads\/2025\/02\/Lucky-150x150.jpg 150w, https:\/\/nmcontemporaneo.com\/wp-content\/uploads\/2025\/02\/Lucky-768x768.jpg 768w, https:\/\/nmcontemporaneo.com\/wp-content\/uploads\/2025\/02\/Lucky-456x456.jpg 456w, https:\/\/nmcontemporaneo.com\/wp-content\/uploads\/2025\/02\/Lucky-100x100.jpg 100w, https:\/\/nmcontemporaneo.com\/wp-content\/uploads\/2025\/02\/Lucky-732x732.jpg 732w, https:\/\/nmcontemporaneo.com\/wp-content\/uploads\/2025\/02\/Lucky-600x600.jpg 600w, https:\/\/nmcontemporaneo.com\/wp-content\/uploads\/2025\/02\/Lucky-912x912.jpg 912w, https:\/\/nmcontemporaneo.com\/wp-content\/uploads\/2025\/02\/Lucky-800x800.jpg 800w, https:\/\/nmcontemporaneo.com\/wp-content\/uploads\/2025\/02\/Lucky-400x400.jpg 400w, https:\/\/nmcontemporaneo.com\/wp-content\/uploads\/2025\/02\/Lucky.jpg 1000w\" sizes=\"auto, (max-width: 366px) 100vw, 366px\" data-caption=\"Lucky,\n2023\nEtiquetas textiles, vinil y plexiglass\n130 cm de di\u00e1metro\" class=\"light-dropshaddow\" itemprop=\"contentUrl\" alt=\"Lucky por Nora Adame\"><meta itemprop=\"url\" content=\"https:\/\/nmcontemporaneo.com\/wp-content\/uploads\/2025\/02\/Lucky-366x366.jpg\"><meta itemprop=\"width\" content=\"366px\"><meta itemprop=\"height\" content=\"366px\"><\/div><\/div><div class=\"caption kad_caption\"><div class=\"kad_caption_inner\">Lucky,\n2023\nEtiquetas textiles, vinil y plexiglass\n130 cm de di\u00e1metro<\/div><\/div><\/a><\/div><\/div><div class=\"tcol-lg-4 tcol-md-4 tcol-sm-4 tcol-xs-6 tcol-ss-12 g_item\"><div class=\"grid_item kt_item_fade_in kad_gallery_fade_in gallery_item\"><a href=\"https:\/\/nmcontemporaneo.com\/wp-content\/uploads\/2025\/02\/Coco.jpg\" data-rel=\"lightbox\" class=\"lightboxhover\"><div class=\"kt-intrinsic\" style=\"padding-bottom:100%;\"><div itemprop=\"image\" itemscope itemtype=\"https:\/\/schema.org\/ImageObject\"><img loading=\"lazy\" decoding=\"async\" width=\"366\" height=\"366\" src=\"https:\/\/nmcontemporaneo.com\/wp-content\/uploads\/2025\/02\/Coco-366x366.jpg\" srcset=\"https:\/\/nmcontemporaneo.com\/wp-content\/uploads\/2025\/02\/Coco-366x366.jpg 366w, https:\/\/nmcontemporaneo.com\/wp-content\/uploads\/2025\/02\/Coco-300x300.jpg 300w, https:\/\/nmcontemporaneo.com\/wp-content\/uploads\/2025\/02\/Coco-150x150.jpg 150w, https:\/\/nmcontemporaneo.com\/wp-content\/uploads\/2025\/02\/Coco-768x768.jpg 768w, https:\/\/nmcontemporaneo.com\/wp-content\/uploads\/2025\/02\/Coco-456x456.jpg 456w, https:\/\/nmcontemporaneo.com\/wp-content\/uploads\/2025\/02\/Coco-100x100.jpg 100w, https:\/\/nmcontemporaneo.com\/wp-content\/uploads\/2025\/02\/Coco-732x732.jpg 732w, https:\/\/nmcontemporaneo.com\/wp-content\/uploads\/2025\/02\/Coco-600x600.jpg 600w, https:\/\/nmcontemporaneo.com\/wp-content\/uploads\/2025\/02\/Coco-912x912.jpg 912w, https:\/\/nmcontemporaneo.com\/wp-content\/uploads\/2025\/02\/Coco-800x800.jpg 800w, https:\/\/nmcontemporaneo.com\/wp-content\/uploads\/2025\/02\/Coco-400x400.jpg 400w, https:\/\/nmcontemporaneo.com\/wp-content\/uploads\/2025\/02\/Coco.jpg 1000w\" sizes=\"auto, (max-width: 366px) 100vw, 366px\" data-caption=\"Coco,\n2023\nEtiquetas textiles, vinil y plexiglass\n130 cm de di\u00e1metro\" class=\"light-dropshaddow\" itemprop=\"contentUrl\" alt=\"Coco por Nora Adame\"><meta itemprop=\"url\" content=\"https:\/\/nmcontemporaneo.com\/wp-content\/uploads\/2025\/02\/Coco-366x366.jpg\"><meta itemprop=\"width\" content=\"366px\"><meta itemprop=\"height\" content=\"366px\"><\/div><\/div><div class=\"caption kad_caption\"><div class=\"kad_caption_inner\">Coco,\n2023\nEtiquetas textiles, vinil y plexiglass\n130 cm de di\u00e1metro<\/div><\/div><\/a><\/div><\/div><div class=\"tcol-lg-4 tcol-md-4 tcol-sm-4 tcol-xs-6 tcol-ss-12 g_item\"><div class=\"grid_item kt_item_fade_in kad_gallery_fade_in gallery_item\"><a href=\"https:\/\/nmcontemporaneo.com\/wp-content\/uploads\/2021\/01\/gigiweb-1.jpg\" data-rel=\"lightbox\" class=\"lightboxhover\"><div class=\"kt-intrinsic\" style=\"padding-bottom:116.12021857923%;\"><div itemprop=\"image\" itemscope itemtype=\"https:\/\/schema.org\/ImageObject\"><img loading=\"lazy\" decoding=\"async\" width=\"366\" height=\"425\" src=\"https:\/\/nmcontemporaneo.com\/wp-content\/uploads\/2021\/01\/gigiweb-1-366x425.jpg\" srcset=\"https:\/\/nmcontemporaneo.com\/wp-content\/uploads\/2021\/01\/gigiweb-1-366x425.jpg 366w, https:\/\/nmcontemporaneo.com\/wp-content\/uploads\/2021\/01\/gigiweb-1-258x300.jpg 258w, https:\/\/nmcontemporaneo.com\/wp-content\/uploads\/2021\/01\/gigiweb-1-768x892.jpg 768w, https:\/\/nmcontemporaneo.com\/wp-content\/uploads\/2021\/01\/gigiweb-1-732x850.jpg 732w, https:\/\/nmcontemporaneo.com\/wp-content\/uploads\/2021\/01\/gigiweb-1.jpg 780w\" sizes=\"auto, (max-width: 366px) 100vw, 366px\" data-caption=\"Gigi, Etiqueta textil y acr\u00edlico s\/fomular, 170 x 140 cm \" class=\"light-dropshaddow\" itemprop=\"contentUrl\" alt=\"\"><meta itemprop=\"url\" content=\"https:\/\/nmcontemporaneo.com\/wp-content\/uploads\/2021\/01\/gigiweb-1-366x425.jpg\"><meta itemprop=\"width\" content=\"366px\"><meta itemprop=\"height\" content=\"425px\"><\/div><\/div><div class=\"caption kad_caption\"><div class=\"kad_caption_inner\">Gigi, Etiqueta textil y acr\u00edlico s\/fomular, 170 x 140 cm <\/div><\/div><\/a><\/div><\/div><div class=\"tcol-lg-4 tcol-md-4 tcol-sm-4 tcol-xs-6 tcol-ss-12 g_item\"><div class=\"grid_item kt_item_fade_in kad_gallery_fade_in gallery_item\"><a href=\"https:\/\/nmcontemporaneo.com\/wp-content\/uploads\/2021\/01\/Kendallweb-1.jpg\" data-rel=\"lightbox\" class=\"lightboxhover\"><div class=\"kt-intrinsic\" style=\"padding-bottom:122.95081967213%;\"><div itemprop=\"image\" itemscope itemtype=\"https:\/\/schema.org\/ImageObject\"><img loading=\"lazy\" decoding=\"async\" width=\"366\" height=\"450\" src=\"https:\/\/nmcontemporaneo.com\/wp-content\/uploads\/2021\/01\/Kendallweb-1-366x450.jpg\" srcset=\"https:\/\/nmcontemporaneo.com\/wp-content\/uploads\/2021\/01\/Kendallweb-1-366x450.jpg 366w, https:\/\/nmcontemporaneo.com\/wp-content\/uploads\/2021\/01\/Kendallweb-1-244x300.jpg 244w, https:\/\/nmcontemporaneo.com\/wp-content\/uploads\/2021\/01\/Kendallweb-1-732x900.jpg 732w, https:\/\/nmcontemporaneo.com\/wp-content\/uploads\/2021\/01\/Kendallweb-1.jpg 758w\" sizes=\"auto, (max-width: 366px) 100vw, 366px\" data-caption=\"Kendall, Etiqueta textil y acr\u00edlico s\/fomular, 170 x 140 cm \" class=\"light-dropshaddow\" itemprop=\"contentUrl\" alt=\"\"><meta itemprop=\"url\" content=\"https:\/\/nmcontemporaneo.com\/wp-content\/uploads\/2021\/01\/Kendallweb-1-366x450.jpg\"><meta itemprop=\"width\" content=\"366px\"><meta itemprop=\"height\" content=\"450px\"><\/div><\/div><div class=\"caption kad_caption\"><div class=\"kad_caption_inner\">Kendall, Etiqueta textil y acr\u00edlico s\/fomular, 170 x 140 cm <\/div><\/div><\/a><\/div><\/div><div class=\"tcol-lg-4 tcol-md-4 tcol-sm-4 tcol-xs-6 tcol-ss-12 g_item\"><div class=\"grid_item kt_item_fade_in kad_gallery_fade_in gallery_item\"><a href=\"https:\/\/nmcontemporaneo.com\/wp-content\/uploads\/2019\/03\/Rising-sun-Venus.jpg\" data-rel=\"lightbox\" class=\"lightboxhover\"><div class=\"kt-intrinsic\" style=\"padding-bottom:156.01092896175%;\"><div itemprop=\"image\" itemscope itemtype=\"https:\/\/schema.org\/ImageObject\"><img loading=\"lazy\" decoding=\"async\" width=\"366\" height=\"571\" src=\"https:\/\/nmcontemporaneo.com\/wp-content\/uploads\/2019\/03\/Rising-sun-Venus-366x571.jpg\" srcset=\"https:\/\/nmcontemporaneo.com\/wp-content\/uploads\/2019\/03\/Rising-sun-Venus-366x571.jpg 366w, https:\/\/nmcontemporaneo.com\/wp-content\/uploads\/2019\/03\/Rising-sun-Venus-192x300.jpg 192w, https:\/\/nmcontemporaneo.com\/wp-content\/uploads\/2019\/03\/Rising-sun-Venus.jpg 414w\" sizes=\"auto, (max-width: 366px) 100vw, 366px\" data-caption=\"Rising Sun Venus, Etiquetas textiles y pedrer\u00eda s\/ fomular 180 x 105 cm \" class=\"light-dropshaddow\" itemprop=\"contentUrl\" alt=\"\"><meta itemprop=\"url\" content=\"https:\/\/nmcontemporaneo.com\/wp-content\/uploads\/2019\/03\/Rising-sun-Venus-366x571.jpg\"><meta itemprop=\"width\" content=\"366px\"><meta itemprop=\"height\" content=\"571px\"><\/div><\/div><div class=\"caption kad_caption\"><div class=\"kad_caption_inner\">Rising Sun Venus, Etiquetas textiles y pedrer\u00eda s\/ fomular 180 x 105 cm <\/div><\/div><\/a><\/div><\/div><div class=\"tcol-lg-4 tcol-md-4 tcol-sm-4 tcol-xs-6 tcol-ss-12 g_item\"><div class=\"grid_item kt_item_fade_in kad_gallery_fade_in gallery_item\"><a href=\"https:\/\/nmcontemporaneo.com\/wp-content\/uploads\/2021\/01\/RuPaulweb-1.jpg\" data-rel=\"lightbox\" class=\"lightboxhover\"><div class=\"kt-intrinsic\" style=\"padding-bottom:122.67759562842%;\"><div itemprop=\"image\" itemscope itemtype=\"https:\/\/schema.org\/ImageObject\"><img loading=\"lazy\" decoding=\"async\" width=\"366\" height=\"449\" src=\"https:\/\/nmcontemporaneo.com\/wp-content\/uploads\/2021\/01\/RuPaulweb-1-366x449.jpg\" srcset=\"https:\/\/nmcontemporaneo.com\/wp-content\/uploads\/2021\/01\/RuPaulweb-1-366x449.jpg 366w, https:\/\/nmcontemporaneo.com\/wp-content\/uploads\/2021\/01\/RuPaulweb-1-245x300.jpg 245w, https:\/\/nmcontemporaneo.com\/wp-content\/uploads\/2021\/01\/RuPaulweb-1-768x941.jpg 768w, https:\/\/nmcontemporaneo.com\/wp-content\/uploads\/2021\/01\/RuPaulweb-1-732x898.jpg 732w, https:\/\/nmcontemporaneo.com\/wp-content\/uploads\/2021\/01\/RuPaulweb-1.jpg 784w\" sizes=\"auto, (max-width: 366px) 100vw, 366px\" data-caption=\"Ru Paul, Etiqueta textil y acr\u00edlico s\/fomular, 170 x 140 cm \" class=\"light-dropshaddow\" itemprop=\"contentUrl\" alt=\"\"><meta itemprop=\"url\" content=\"https:\/\/nmcontemporaneo.com\/wp-content\/uploads\/2021\/01\/RuPaulweb-1-366x449.jpg\"><meta itemprop=\"width\" content=\"366px\"><meta itemprop=\"height\" content=\"449px\"><\/div><\/div><div class=\"caption kad_caption\"><div class=\"kad_caption_inner\">Ru Paul, Etiqueta textil y acr\u00edlico s\/fomular, 170 x 140 cm <\/div><\/div><\/a><\/div><\/div><\/div>\n<p><strong>Venus No Soy<\/strong><\/p>\n<p>Nora Adame celebrates 15 years of work as an artist with her most recent production, combining the perfection of her style with the conceptual precision of symbol and desire. In this reinterpretation of the Birth of Venus, Adame invites reflection on the various influences of art history imposed on women\u2014fashion, beauty standards, and their dominance over the current roles of contemporary women.<\/p>\n\n<div class=\"sp-wrap sp-wrap-default\">\n<div class=\"sp-head\" title=\"Expand\">\nCurriculum Vitae: Nora Adame\n<\/div>\n<div class=\"sp-body folded\">\n<p><strong>Nora Adame<\/strong><\/p>\n<p><strong>Tamaulipas \/ Mexico, 1970<\/strong><\/p>\n<p><strong>Solo Exhibitions (selected)<\/strong><br \/>\n2002 Secretar\u00eda de Relaciones Exteriores, Monterrey, N.L. \/ Instituto Tecnol\u00f3gico de Estudios Superiores de Monterrey (ITESM), Monterrey, N.L. \/ Gallery of the Centro Cultural Tamaulipas, Ciudad Victoria, Tamaulipas<br \/>\n2007 Universidad de las Am\u00e9ricas, Puebla, Pue.<br \/>\n2008 Art and Design Galleries, Puebla, Pue.<br \/>\n2009 Instituto Tecnol\u00f3gico de Estudios Superiores de Monterrey (Puebla Campus)<br \/>\n2013 Galer\u00edas de Palacio, Puebla, Pue., Mexico<\/p>\n<p><strong>Group Exhibitions<\/strong><br \/>\n2004 Florence International Biennale, Italy<br \/>\n2003\u20132004 Tenth Independent Salon of Erotic Art, Puebla, Pue.<br \/>\n2006 Contemporary Art Gallery of the State of Puebla \/ Marva, Casa de Arte, Puebla, Pue.<br \/>\n2008 Espacio Sero Gallery, Container City, Puebla, Pue. \/ Galleries of the Municipal Palace of the State of Puebla<br \/>\n2009 Center for Visual Arts of Yucat\u00e1n<br \/>\n2010 Ministry of Economy, Mexico City<br \/>\n2012 Ibero-American Prize Cortez de C\u00e1diz, Spain<\/p>\n<p><strong>Recognitions<\/strong><br \/>\n2002 Selected work, XI Biennial of the Rufino Tamayo Museum, Mexico City<br \/>\n2003 Selected work, Magna Exhibition of Visual Arts AGORA 2000\u20132003<br \/>\n2006 Two works selected and awarded at the VI State Contemporary Art Encounter, Puebla<br \/>\n2008 Selected work, VIII State Contemporary Art Encounter, Puebla, Pue.<br \/>\n2009 Selected works with Honorable Mention, IV Biennial of Visual Arts, Yucat\u00e1n 2009<br \/>\n2010 Participation in the Group of 16 auction (also in 2011)<br \/>\n2011 Mural for the TELET\u00d3N CRIT Center, Puebla, Pue.<br \/>\n2012 Honorable Mention at the Ibero-American Prize Cortez de C\u00e1diz 2012, C\u00e1diz, Spain<br \/>\n2013 Selected work at the 12th State Contemporary Art Encounter, Puebla, Pue. \/ Participation in the Group of 16 auction<\/p>\n<div class=\"spdiv\">[collapse]<\/div>\n<\/div>\n<\/div>\n\n","protected":false},"excerpt":{"rendered":"<p>&lt;&lt; Previos&nbsp;| All Artists | Next &gt;&gt; Sweet tooth. Impresi\u00f3n digital, plexiglass y acr\u00edlica con marco de resina 162 x 130 cmSky Bunny Impresi\u00f3n digital, plexiglass y acr\u00edlica con marco de resina162 x 130 cmLucky, 2023 Etiquetas textiles, vinil y &hellip; <a class=\"kt-excerpt-readmore\" href=\"https:\/\/nmcontemporaneo.com\/en\/catalogue\/paintings\/nora-adame-en\/\" aria-label=\"Nora Adame\">Read More<\/a><\/p>\n","protected":false},"author":6,"featured_media":11175,"parent":590,"menu_order":0,"comment_status":"closed","ping_status":"closed","template":"page-fullwidth.php","meta":{"kt_blocks_editor_width":"","footnotes":""},"class_list":["post-11173","page","type-page","status-publish","has-post-thumbnail","hentry"],"_links":{"self":[{"href":"https:\/\/nmcontemporaneo.com\/en\/wp-json\/wp\/v2\/pages\/11173","targetHints":{"allow":["GET"]}}],"collection":[{"href":"https:\/\/nmcontemporaneo.com\/en\/wp-json\/wp\/v2\/pages"}],"about":[{"href":"https:\/\/nmcontemporaneo.com\/en\/wp-json\/wp\/v2\/types\/page"}],"author":[{"embeddable":true,"href":"https:\/\/nmcontemporaneo.com\/en\/wp-json\/wp\/v2\/users\/6"}],"replies":[{"embeddable":true,"href":"https:\/\/nmcontemporaneo.com\/en\/wp-json\/wp\/v2\/comments?post=11173"}],"version-history":[{"count":3,"href":"https:\/\/nmcontemporaneo.com\/en\/wp-json\/wp\/v2\/pages\/11173\/revisions"}],"predecessor-version":[{"id":13948,"href":"https:\/\/nmcontemporaneo.com\/en\/wp-json\/wp\/v2\/pages\/11173\/revisions\/13948"}],"up":[{"embeddable":true,"href":"https:\/\/nmcontemporaneo.com\/en\/wp-json\/wp\/v2\/pages\/590"}],"wp:featuredmedia":[{"embeddable":true,"href":"https:\/\/nmcontemporaneo.com\/en\/wp-json\/wp\/v2\/media\/11175"}],"wp:attachment":[{"href":"https:\/\/nmcontemporaneo.com\/en\/wp-json\/wp\/v2\/media?parent=11173"}],"curies":[{"name":"wp","href":"https:\/\/api.w.org\/{rel}","templated":true}]}}