{"id":12518,"date":"2022-04-22T19:12:31","date_gmt":"2022-04-23T01:12:31","guid":{"rendered":"https:\/\/nmcontemporaneo.com\/?page_id=12518"},"modified":"2025-06-20T21:29:27","modified_gmt":"2025-06-21T03:29:27","slug":"alejandro-osorio","status":"publish","type":"page","link":"https:\/\/nmcontemporaneo.com\/en\/catalogue\/emerging-artists\/alejandro-osorio-en\/","title":{"rendered":"Alejandro Osorio"},"content":{"rendered":"<p style=\"text-align: center;\"><a href=\"..\/pamela-zubillaga\/\">&lt;&lt; Previous<\/a> | <a href=\"\/catalogo\/todos-los-artistas\/\">All Artists<\/a> | <a href=\"..\/pavel-mora\/\">Next &gt;&gt;<\/a><\/p>\n<div id=\"kad-wp-gallery290\" class=\"kad-wp-gallery gallery kt-gallery-column-3 init-isotope-intrinsic reinit-isotope kad-light-wp-gallery clearfix rowtight\" data-fade-in=\"1\" data-iso-selector=\".g_item\" data-iso-style=\"masonry\" data-iso-filter=\"false\"><div class=\"tcol-lg-4 tcol-md-4 tcol-sm-4 tcol-xs-6 tcol-ss-12 g_item\"><div class=\"grid_item kt_item_fade_in kad_gallery_fade_in gallery_item\"><a href=\"https:\/\/nmcontemporaneo.com\/wp-content\/uploads\/2020\/04\/Origen-y-Fin2019-talavera-y-acrilico-espejo-s-base-de-MDF-138x260x18cm.jpg\" data-rel=\"lightbox\" class=\"lightboxhover\"><div class=\"kt-intrinsic\" style=\"padding-bottom:62.568306010929%;\"><div itemprop=\"image\" itemscope itemtype=\"https:\/\/schema.org\/ImageObject\"><img loading=\"lazy\" decoding=\"async\" width=\"366\" height=\"229\" src=\"https:\/\/nmcontemporaneo.com\/wp-content\/uploads\/2020\/04\/Origen-y-Fin2019-talavera-y-acrilico-espejo-s-base-de-MDF-138x260x18cm-366x229.jpg\" srcset=\"https:\/\/nmcontemporaneo.com\/wp-content\/uploads\/2020\/04\/Origen-y-Fin2019-talavera-y-acrilico-espejo-s-base-de-MDF-138x260x18cm-366x229.jpg 366w, https:\/\/nmcontemporaneo.com\/wp-content\/uploads\/2020\/04\/Origen-y-Fin2019-talavera-y-acrilico-espejo-s-base-de-MDF-138x260x18cm-300x188.jpg 300w, https:\/\/nmcontemporaneo.com\/wp-content\/uploads\/2020\/04\/Origen-y-Fin2019-talavera-y-acrilico-espejo-s-base-de-MDF-138x260x18cm-1024x641.jpg 1024w, https:\/\/nmcontemporaneo.com\/wp-content\/uploads\/2020\/04\/Origen-y-Fin2019-talavera-y-acrilico-espejo-s-base-de-MDF-138x260x18cm-768x481.jpg 768w, https:\/\/nmcontemporaneo.com\/wp-content\/uploads\/2020\/04\/Origen-y-Fin2019-talavera-y-acrilico-espejo-s-base-de-MDF-138x260x18cm-80x50.jpg 80w, https:\/\/nmcontemporaneo.com\/wp-content\/uploads\/2020\/04\/Origen-y-Fin2019-talavera-y-acrilico-espejo-s-base-de-MDF-138x260x18cm-732x458.jpg 732w, https:\/\/nmcontemporaneo.com\/wp-content\/uploads\/2020\/04\/Origen-y-Fin2019-talavera-y-acrilico-espejo-s-base-de-MDF-138x260x18cm.jpg 1280w\" sizes=\"auto, (max-width: 366px) 100vw, 366px\" data-caption=\"ORIGIN Y FIN  Mosaicos de Talavera sobre estructura de madera y espejo dorado de acr\u00edlico   138 x 260 x 18 cm 2019\" class=\"light-dropshaddow\" itemprop=\"contentUrl\" alt=\"\"><meta itemprop=\"url\" content=\"https:\/\/nmcontemporaneo.com\/wp-content\/uploads\/2020\/04\/Origen-y-Fin2019-talavera-y-acrilico-espejo-s-base-de-MDF-138x260x18cm-366x229.jpg\"><meta itemprop=\"width\" content=\"366px\"><meta itemprop=\"height\" content=\"229px\"><\/div><\/div><div class=\"caption kad_caption\"><div class=\"kad_caption_inner\">ORIGIN Y FIN  Mosaicos de Talavera sobre estructura de madera y espejo dorado de acr\u00edlico   138 x 260 x 18 cm 2019<\/div><\/div><\/a><\/div><\/div><div class=\"tcol-lg-4 tcol-md-4 tcol-sm-4 tcol-xs-6 tcol-ss-12 g_item\"><div class=\"grid_item kt_item_fade_in kad_gallery_fade_in gallery_item\"><a href=\"https:\/\/nmcontemporaneo.com\/wp-content\/uploads\/2020\/04\/Mikey-dualidad-2019-200x240cm-mosaicos-de-talavera-montados-sobre-bastidor-copy.jpg\" data-rel=\"lightbox\" class=\"lightboxhover\"><div class=\"kt-intrinsic\" style=\"padding-bottom:85.51912568306%;\"><div itemprop=\"image\" itemscope itemtype=\"https:\/\/schema.org\/ImageObject\"><img loading=\"lazy\" decoding=\"async\" width=\"366\" height=\"313\" src=\"https:\/\/nmcontemporaneo.com\/wp-content\/uploads\/2020\/04\/Mikey-dualidad-2019-200x240cm-mosaicos-de-talavera-montados-sobre-bastidor-copy-366x313.jpg\" srcset=\"https:\/\/nmcontemporaneo.com\/wp-content\/uploads\/2020\/04\/Mikey-dualidad-2019-200x240cm-mosaicos-de-talavera-montados-sobre-bastidor-copy-366x313.jpg 366w, https:\/\/nmcontemporaneo.com\/wp-content\/uploads\/2020\/04\/Mikey-dualidad-2019-200x240cm-mosaicos-de-talavera-montados-sobre-bastidor-copy-300x256.jpg 300w, https:\/\/nmcontemporaneo.com\/wp-content\/uploads\/2020\/04\/Mikey-dualidad-2019-200x240cm-mosaicos-de-talavera-montados-sobre-bastidor-copy-1024x875.jpg 1024w, https:\/\/nmcontemporaneo.com\/wp-content\/uploads\/2020\/04\/Mikey-dualidad-2019-200x240cm-mosaicos-de-talavera-montados-sobre-bastidor-copy-768x657.jpg 768w, https:\/\/nmcontemporaneo.com\/wp-content\/uploads\/2020\/04\/Mikey-dualidad-2019-200x240cm-mosaicos-de-talavera-montados-sobre-bastidor-copy-732x626.jpg 732w, https:\/\/nmcontemporaneo.com\/wp-content\/uploads\/2020\/04\/Mikey-dualidad-2019-200x240cm-mosaicos-de-talavera-montados-sobre-bastidor-copy.jpg 1123w\" sizes=\"auto, (max-width: 366px) 100vw, 366px\" data-caption=\"MIKEY DUALIDAD \n Mosaicos de Talavera montados sobre bastidor  216 x 256 cm 2019\" class=\"light-dropshaddow\" itemprop=\"contentUrl\" alt=\"\"><meta itemprop=\"url\" content=\"https:\/\/nmcontemporaneo.com\/wp-content\/uploads\/2020\/04\/Mikey-dualidad-2019-200x240cm-mosaicos-de-talavera-montados-sobre-bastidor-copy-366x313.jpg\"><meta itemprop=\"width\" content=\"366px\"><meta itemprop=\"height\" content=\"313px\"><\/div><\/div><div class=\"caption kad_caption\"><div class=\"kad_caption_inner\">MIKEY DUALIDAD \n Mosaicos de Talavera montados sobre bastidor  216 x 256 cm 2019<\/div><\/div><\/a><\/div><\/div><div class=\"tcol-lg-4 tcol-md-4 tcol-sm-4 tcol-xs-6 tcol-ss-12 g_item\"><div class=\"grid_item kt_item_fade_in kad_gallery_fade_in gallery_item\"><a href=\"https:\/\/nmcontemporaneo.com\/wp-content\/uploads\/2020\/04\/Snoppy-perdio-una-oreja_2019Talavera-wood-structure-acrilic-golden-mirror-220x130x20cm.jpg\" data-rel=\"lightbox\" class=\"lightboxhover\"><div class=\"kt-intrinsic\" style=\"padding-bottom:66.666666666667%;\"><div itemprop=\"image\" itemscope itemtype=\"https:\/\/schema.org\/ImageObject\"><img loading=\"lazy\" decoding=\"async\" width=\"366\" height=\"244\" src=\"https:\/\/nmcontemporaneo.com\/wp-content\/uploads\/2020\/04\/Snoppy-perdio-una-oreja_2019Talavera-wood-structure-acrilic-golden-mirror-220x130x20cm-366x244.jpg\" srcset=\"https:\/\/nmcontemporaneo.com\/wp-content\/uploads\/2020\/04\/Snoppy-perdio-una-oreja_2019Talavera-wood-structure-acrilic-golden-mirror-220x130x20cm-366x244.jpg 366w, https:\/\/nmcontemporaneo.com\/wp-content\/uploads\/2020\/04\/Snoppy-perdio-una-oreja_2019Talavera-wood-structure-acrilic-golden-mirror-220x130x20cm-300x200.jpg 300w, https:\/\/nmcontemporaneo.com\/wp-content\/uploads\/2020\/04\/Snoppy-perdio-una-oreja_2019Talavera-wood-structure-acrilic-golden-mirror-220x130x20cm-1024x682.jpg 1024w, https:\/\/nmcontemporaneo.com\/wp-content\/uploads\/2020\/04\/Snoppy-perdio-una-oreja_2019Talavera-wood-structure-acrilic-golden-mirror-220x130x20cm-768x512.jpg 768w, https:\/\/nmcontemporaneo.com\/wp-content\/uploads\/2020\/04\/Snoppy-perdio-una-oreja_2019Talavera-wood-structure-acrilic-golden-mirror-220x130x20cm-272x182.jpg 272w, https:\/\/nmcontemporaneo.com\/wp-content\/uploads\/2020\/04\/Snoppy-perdio-una-oreja_2019Talavera-wood-structure-acrilic-golden-mirror-220x130x20cm-732x488.jpg 732w, https:\/\/nmcontemporaneo.com\/wp-content\/uploads\/2020\/04\/Snoppy-perdio-una-oreja_2019Talavera-wood-structure-acrilic-golden-mirror-220x130x20cm.jpg 1280w\" sizes=\"auto, (max-width: 366px) 100vw, 366px\" data-caption=\"SNOOPY PERDIO UNA OREJA Mosaicos de Talavera sobre estructura de madera y espejo dorado de acr\u00edlico   130 x 220 x 20 cm 2019\" class=\"light-dropshaddow\" itemprop=\"contentUrl\" alt=\"\"><meta itemprop=\"url\" content=\"https:\/\/nmcontemporaneo.com\/wp-content\/uploads\/2020\/04\/Snoppy-perdio-una-oreja_2019Talavera-wood-structure-acrilic-golden-mirror-220x130x20cm-366x244.jpg\"><meta itemprop=\"width\" content=\"366px\"><meta itemprop=\"height\" content=\"244px\"><\/div><\/div><div class=\"caption kad_caption\"><div class=\"kad_caption_inner\">SNOOPY PERDIO UNA OREJA Mosaicos de Talavera sobre estructura de madera y espejo dorado de acr\u00edlico   130 x 220 x 20 cm 2019<\/div><\/div><\/a><\/div><\/div><div class=\"tcol-lg-4 tcol-md-4 tcol-sm-4 tcol-xs-6 tcol-ss-12 g_item\"><div class=\"grid_item kt_item_fade_in kad_gallery_fade_in gallery_item\"><a href=\"https:\/\/nmcontemporaneo.com\/wp-content\/uploads\/2020\/04\/BOOM_-2018.-ink-and-watercolor-on-paper-110x145cm.jpg\" data-rel=\"lightbox\" class=\"lightboxhover\"><div class=\"kt-intrinsic\" style=\"padding-bottom:76.775956284153%;\"><div itemprop=\"image\" itemscope itemtype=\"https:\/\/schema.org\/ImageObject\"><img loading=\"lazy\" decoding=\"async\" width=\"366\" height=\"281\" src=\"https:\/\/nmcontemporaneo.com\/wp-content\/uploads\/2020\/04\/BOOM_-2018.-ink-and-watercolor-on-paper-110x145cm-366x281.jpg\" srcset=\"https:\/\/nmcontemporaneo.com\/wp-content\/uploads\/2020\/04\/BOOM_-2018.-ink-and-watercolor-on-paper-110x145cm-366x281.jpg 366w, https:\/\/nmcontemporaneo.com\/wp-content\/uploads\/2020\/04\/BOOM_-2018.-ink-and-watercolor-on-paper-110x145cm-300x230.jpg 300w, https:\/\/nmcontemporaneo.com\/wp-content\/uploads\/2020\/04\/BOOM_-2018.-ink-and-watercolor-on-paper-110x145cm-1024x786.jpg 1024w, https:\/\/nmcontemporaneo.com\/wp-content\/uploads\/2020\/04\/BOOM_-2018.-ink-and-watercolor-on-paper-110x145cm-768x589.jpg 768w, https:\/\/nmcontemporaneo.com\/wp-content\/uploads\/2020\/04\/BOOM_-2018.-ink-and-watercolor-on-paper-110x145cm-732x562.jpg 732w, https:\/\/nmcontemporaneo.com\/wp-content\/uploads\/2020\/04\/BOOM_-2018.-ink-and-watercolor-on-paper-110x145cm.jpg 1252w\" sizes=\"auto, (max-width: 366px) 100vw, 366px\" data-caption=\"BOOM Tinta y acuarela sobre papel 110 x 145 cm 2018\" class=\"light-dropshaddow\" itemprop=\"contentUrl\" alt=\"\"><meta itemprop=\"url\" content=\"https:\/\/nmcontemporaneo.com\/wp-content\/uploads\/2020\/04\/BOOM_-2018.-ink-and-watercolor-on-paper-110x145cm-366x281.jpg\"><meta itemprop=\"width\" content=\"366px\"><meta itemprop=\"height\" content=\"281px\"><\/div><\/div><div class=\"caption kad_caption\"><div class=\"kad_caption_inner\">BOOM Tinta y acuarela sobre papel 110 x 145 cm 2018<\/div><\/div><\/a><\/div><\/div><div class=\"tcol-lg-4 tcol-md-4 tcol-sm-4 tcol-xs-6 tcol-ss-12 g_item\"><div class=\"grid_item kt_item_fade_in kad_gallery_fade_in gallery_item\"><a href=\"https:\/\/nmcontemporaneo.com\/wp-content\/uploads\/2020\/04\/feria_-2014-smoke-and-color-paper-on-paper-240x180cm.jpg\" data-rel=\"lightbox\" class=\"lightboxhover\"><div class=\"kt-intrinsic\" style=\"padding-bottom:70.491803278689%;\"><div itemprop=\"image\" itemscope itemtype=\"https:\/\/schema.org\/ImageObject\"><img loading=\"lazy\" decoding=\"async\" width=\"366\" height=\"258\" src=\"https:\/\/nmcontemporaneo.com\/wp-content\/uploads\/2020\/04\/feria_-2014-smoke-and-color-paper-on-paper-240x180cm-366x258.jpg\" srcset=\"https:\/\/nmcontemporaneo.com\/wp-content\/uploads\/2020\/04\/feria_-2014-smoke-and-color-paper-on-paper-240x180cm-366x258.jpg 366w, https:\/\/nmcontemporaneo.com\/wp-content\/uploads\/2020\/04\/feria_-2014-smoke-and-color-paper-on-paper-240x180cm-300x212.jpg 300w, https:\/\/nmcontemporaneo.com\/wp-content\/uploads\/2020\/04\/feria_-2014-smoke-and-color-paper-on-paper-240x180cm-1024x723.jpg 1024w, https:\/\/nmcontemporaneo.com\/wp-content\/uploads\/2020\/04\/feria_-2014-smoke-and-color-paper-on-paper-240x180cm-768x542.jpg 768w, https:\/\/nmcontemporaneo.com\/wp-content\/uploads\/2020\/04\/feria_-2014-smoke-and-color-paper-on-paper-240x180cm-732x516.jpg 732w, https:\/\/nmcontemporaneo.com\/wp-content\/uploads\/2020\/04\/feria_-2014-smoke-and-color-paper-on-paper-240x180cm.jpg 1280w\" sizes=\"auto, (max-width: 366px) 100vw, 366px\" data-caption=\"FERIA Holl\u00edn y papel de color sobre papel 180 x 240 cm 2014\" class=\"light-dropshaddow\" itemprop=\"contentUrl\" alt=\"\"><meta itemprop=\"url\" content=\"https:\/\/nmcontemporaneo.com\/wp-content\/uploads\/2020\/04\/feria_-2014-smoke-and-color-paper-on-paper-240x180cm-366x258.jpg\"><meta itemprop=\"width\" content=\"366px\"><meta itemprop=\"height\" content=\"258px\"><\/div><\/div><div class=\"caption kad_caption\"><div class=\"kad_caption_inner\">FERIA Holl\u00edn y papel de color sobre papel 180 x 240 cm 2014<\/div><\/div><\/a><\/div><\/div><div class=\"tcol-lg-4 tcol-md-4 tcol-sm-4 tcol-xs-6 tcol-ss-12 g_item\"><div class=\"grid_item kt_item_fade_in kad_gallery_fade_in gallery_item\"><a href=\"https:\/\/nmcontemporaneo.com\/wp-content\/uploads\/2020\/04\/WHAM_-ink-and-watercolor-on-paper-152x336cm.jpg\" data-rel=\"lightbox\" class=\"lightboxhover\"><div class=\"kt-intrinsic\" style=\"padding-bottom:45.901639344262%;\"><div itemprop=\"image\" itemscope itemtype=\"https:\/\/schema.org\/ImageObject\"><img loading=\"lazy\" decoding=\"async\" width=\"366\" height=\"168\" src=\"https:\/\/nmcontemporaneo.com\/wp-content\/uploads\/2020\/04\/WHAM_-ink-and-watercolor-on-paper-152x336cm-366x168.jpg\" srcset=\"https:\/\/nmcontemporaneo.com\/wp-content\/uploads\/2020\/04\/WHAM_-ink-and-watercolor-on-paper-152x336cm-366x168.jpg 366w, https:\/\/nmcontemporaneo.com\/wp-content\/uploads\/2020\/04\/WHAM_-ink-and-watercolor-on-paper-152x336cm-300x138.jpg 300w, https:\/\/nmcontemporaneo.com\/wp-content\/uploads\/2020\/04\/WHAM_-ink-and-watercolor-on-paper-152x336cm-1024x471.jpg 1024w, https:\/\/nmcontemporaneo.com\/wp-content\/uploads\/2020\/04\/WHAM_-ink-and-watercolor-on-paper-152x336cm-768x353.jpg 768w, https:\/\/nmcontemporaneo.com\/wp-content\/uploads\/2020\/04\/WHAM_-ink-and-watercolor-on-paper-152x336cm-732x336.jpg 732w, https:\/\/nmcontemporaneo.com\/wp-content\/uploads\/2020\/04\/WHAM_-ink-and-watercolor-on-paper-152x336cm.jpg 1280w\" sizes=\"auto, (max-width: 366px) 100vw, 366px\" data-caption=\"WHAMM \u00a1\u00a1  Tinta y acuarela sobre papel  152 x 336 cm 2017\" class=\"light-dropshaddow\" itemprop=\"contentUrl\" alt=\"\"><meta itemprop=\"url\" content=\"https:\/\/nmcontemporaneo.com\/wp-content\/uploads\/2020\/04\/WHAM_-ink-and-watercolor-on-paper-152x336cm-366x168.jpg\"><meta itemprop=\"width\" content=\"366px\"><meta itemprop=\"height\" content=\"168px\"><\/div><\/div><div class=\"caption kad_caption\"><div class=\"kad_caption_inner\">WHAMM \u00a1\u00a1  Tinta y acuarela sobre papel  152 x 336 cm 2017<\/div><\/div><\/a><\/div><\/div><\/div>\n<p>Alejandro Osorio Flores is an artist and cultural manager. He studied visual arts at the Universidad de las Am\u00e9ricas and develops art and design projects. He has participated in group exhibitions in galleries and museums in Mexico, the United States, and Spain. In 2009, he took part in the IV Prague International Biennale, <em data-start=\"325\" data-end=\"398\">\u201cOne Hundred Years: Endogamic &amp; Exogamic Pictorial Practices in Mexico\u201d<\/em> within the Expanded Painting section. He has received honorable mentions at the Artemergente Biennial, the National Young Art Encounter in Mexico, and the Ibero-American Encounter <em data-start=\"579\" data-end=\"596\">Cortez de C\u00e1diz<\/em>. His work is part of the collections of the Universidad de las Am\u00e9ricas, the Autonomous University of the State of Mexico, the Mario Testino Collection in London, and the Museum of the Americas in Denver.<\/p>\n\n<div class=\"sp-wrap sp-wrap-default\">\n<div class=\"sp-head\" title=\"Expand\">\nCurriculum Vitae: Alejandro Osorio\n<\/div>\n<div class=\"sp-body folded\">\n<p><strong>Alejandro Osorio <\/strong><\/p>\n<p><strong>Tlaxcala, Mexico \/ 1985<\/p>\n<p><\/strong><strong>Selected Solo Exhibitions<\/strong><\/p>\n<p><strong>2009<\/strong> \u2013 <em>Relaci\u00f3n de distancia<\/em>, Puebla, Mexico \/ <em>Ruined Landscapes<\/em>, Morelos, Mexico<br \/>\n<strong>2008<\/strong> \u2013 <em>Transgressed Spaces<\/em>, Puebla, Mexico<\/p>\n<p><strong>Group Exhibitions<\/strong><\/p>\n<p><strong>2013<\/strong> \u2013 Selected for the 10th Monterrey FEMSA Biennial, Mexico City, Mexico<br \/>\n<strong>2012<\/strong> \u2013 10th Monterrey FEMSA Biennial, Monterrey, Mexico \/ 6th Artemergente Biennial, Monterrey, Mexico \/ <em>Unlimited Epilogue<\/em>, Mexico City, Mexico \/ 6th Ibero-American Visual Arts Award, C\u00e1diz, Spain \/ <em>Black Cloud<\/em>, Puebla, Mexico \/ 6th International University Visual Arts Biennial, Toluca, Mexico<br \/>\n<strong>2011<\/strong> \u2013 31st National Young Art Encounter, Aguascalientes, Mexico<br \/>\n<strong>2010<\/strong> \u2013 5th Artemergente Biennial, Monterrey, Mexico \/ 6th International Banner Biennial, Tijuana, Mexico \/ <em>In the Shadow of the Volcanoes: Contemporary Art from the Mountains of Central Mexico<\/em>, North Carolina, USA \/ <em>Capilla del Arte<\/em>, Puebla, Mexico<br \/>\n<strong>2009<\/strong> \u2013 9th FEMSA Biennial, Centro de las Artes, Monterrey, Mexico \/ Selected for ARTE40, Vasconcelos Library, Mexico City, Mexico \/ 4th Prague International Biennale, Mexican Pavilion: <em>One Hundred Years: Endogamic &amp; Exogamic Pictorial Practices in Mexico<\/em>, Prague, Czech Republic \/ Selected for the 29th National Young Art Encounter, Aguascalientes, Mexico<br \/>\n<strong>2007<\/strong> \u2013 <em>Heraclitus (544\u2013484 B.C.): We both step and do not step into the same river, we are and are not (the same)<\/em>, Sitio 3 Gallery, Puebla, Mexico<\/p>\n<p><strong>Recognitions<\/strong><\/p>\n<p><strong>2012<\/strong> \u2013 Honorable Mention, 6th National Artemergente Biennial, Monterrey, Mexico \/ Young Creators Grant, FONCA-CONACULTA \/ Honorable Mention, 6th International Visual Arts Award <em>Cortez de C\u00e1diz<\/em>, in collaboration with Nora Adame, C\u00e1diz, Spain<br \/>\n<strong>2011<\/strong> \u2013 Honorable Mention, 31st National Young Art Encounter, Aguascalientes, Mexico<br \/>\n<strong>2010<\/strong> \u2013 PECDA Grant, Young Creators, Visual Arts<br \/>\n<strong>2008<\/strong> \u2013 PECDA Grant, Young Creators, Visual Arts&nbsp;<\/p>\n<div class=\"spdiv\">[collapse]<\/div>\n<\/div>\n<\/div>\n\n","protected":false},"excerpt":{"rendered":"<p>Alejandro Osorio Flores es artista y gestor cultural, estudi\u00f3 artes pl\u00e1sticas en la Universidad de las Am\u00e9ricas,\u00a0 desarrolla proyectos de arte y dise\u00f1o<\/p>\n","protected":false},"author":6,"featured_media":12526,"parent":596,"menu_order":0,"comment_status":"closed","ping_status":"closed","template":"page-fullwidth.php","meta":{"kt_blocks_editor_width":"","footnotes":""},"class_list":["post-12518","page","type-page","status-publish","has-post-thumbnail","hentry"],"_links":{"self":[{"href":"https:\/\/nmcontemporaneo.com\/en\/wp-json\/wp\/v2\/pages\/12518","targetHints":{"allow":["GET"]}}],"collection":[{"href":"https:\/\/nmcontemporaneo.com\/en\/wp-json\/wp\/v2\/pages"}],"about":[{"href":"https:\/\/nmcontemporaneo.com\/en\/wp-json\/wp\/v2\/types\/page"}],"author":[{"embeddable":true,"href":"https:\/\/nmcontemporaneo.com\/en\/wp-json\/wp\/v2\/users\/6"}],"replies":[{"embeddable":true,"href":"https:\/\/nmcontemporaneo.com\/en\/wp-json\/wp\/v2\/comments?post=12518"}],"version-history":[{"count":2,"href":"https:\/\/nmcontemporaneo.com\/en\/wp-json\/wp\/v2\/pages\/12518\/revisions"}],"predecessor-version":[{"id":14251,"href":"https:\/\/nmcontemporaneo.com\/en\/wp-json\/wp\/v2\/pages\/12518\/revisions\/14251"}],"up":[{"embeddable":true,"href":"https:\/\/nmcontemporaneo.com\/en\/wp-json\/wp\/v2\/pages\/596"}],"wp:featuredmedia":[{"embeddable":true,"href":"https:\/\/nmcontemporaneo.com\/en\/wp-json\/wp\/v2\/media\/12526"}],"wp:attachment":[{"href":"https:\/\/nmcontemporaneo.com\/en\/wp-json\/wp\/v2\/media?parent=12518"}],"curies":[{"name":"wp","href":"https:\/\/api.w.org\/{rel}","templated":true}]}}