{"id":13724,"date":"2025-02-05T22:02:51","date_gmt":"2025-02-06T04:02:51","guid":{"rendered":"https:\/\/nmcontemporaneo.com\/?page_id=13724"},"modified":"2025-06-20T16:26:00","modified_gmt":"2025-06-20T22:26:00","slug":"antonio-uvalle","status":"publish","type":"page","link":"https:\/\/nmcontemporaneo.com\/en\/catalogue\/photography\/antonio-uvalle-en\/","title":{"rendered":"Antonio Uvalle"},"content":{"rendered":"<p style=\"text-align: center;\"><a href=\"\/catalogo\/escultura\/leticia-vieyra\/\">&lt;&lt; Previos<\/a> | <a href=\"\/catalogo\/todos-los-artistas\/\">All Artists<\/a> | <a href=\"https:\/\/nmcontemporaneo.com\/catalogo\/grafica\/sergio-hernandez\/\">Next. &gt;&gt;<\/a><\/p>\n<div id=\"kad-wp-gallery400\" class=\"kad-wp-gallery gallery kt-gallery-column-3 init-isotope-intrinsic reinit-isotope kad-light-wp-gallery clearfix rowtight\" data-fade-in=\"1\" data-iso-selector=\".g_item\" data-iso-style=\"masonry\" data-iso-filter=\"false\"><div class=\"tcol-lg-4 tcol-md-4 tcol-sm-4 tcol-xs-6 tcol-ss-12 g_item\"><div class=\"grid_item kt_item_fade_in kad_gallery_fade_in gallery_item\"><a href=\"https:\/\/nmcontemporaneo.com\/wp-content\/uploads\/2025\/02\/Clouded-Vision.jpg\" data-rel=\"lightbox\" class=\"lightboxhover\"><div class=\"kt-intrinsic\" style=\"padding-bottom:99.726775956284%;\"><div itemprop=\"image\" itemscope itemtype=\"https:\/\/schema.org\/ImageObject\"><img loading=\"lazy\" decoding=\"async\" width=\"366\" height=\"365\" src=\"https:\/\/nmcontemporaneo.com\/wp-content\/uploads\/2025\/02\/Clouded-Vision-366x365.jpg\" srcset=\"https:\/\/nmcontemporaneo.com\/wp-content\/uploads\/2025\/02\/Clouded-Vision-366x365.jpg 366w, https:\/\/nmcontemporaneo.com\/wp-content\/uploads\/2025\/02\/Clouded-Vision-300x300.jpg 300w, https:\/\/nmcontemporaneo.com\/wp-content\/uploads\/2025\/02\/Clouded-Vision-150x150.jpg 150w, https:\/\/nmcontemporaneo.com\/wp-content\/uploads\/2025\/02\/Clouded-Vision-456x456.jpg 456w, https:\/\/nmcontemporaneo.com\/wp-content\/uploads\/2025\/02\/Clouded-Vision-100x100.jpg 100w, https:\/\/nmcontemporaneo.com\/wp-content\/uploads\/2025\/02\/Clouded-Vision.jpg 578w\" sizes=\"auto, (max-width: 366px) 100vw, 366px\" data-caption=\"Clouded Vision,\n2024,\nImagen procesada v\u00eda IA \/ Impresi\u00f3n digital sobre panel Chromaluxe (MDF), Edici\u00f3n 1\/15,\n80 x 80 cm\" class=\"light-dropshaddow\" itemprop=\"contentUrl\" alt=\"\"><meta itemprop=\"url\" content=\"https:\/\/nmcontemporaneo.com\/wp-content\/uploads\/2025\/02\/Clouded-Vision-366x365.jpg\"><meta itemprop=\"width\" content=\"366px\"><meta itemprop=\"height\" content=\"365px\"><\/div><\/div><div class=\"caption kad_caption\"><div class=\"kad_caption_inner\">Clouded Vision,\n2024,\nImagen procesada v\u00eda IA \/ Impresi\u00f3n digital sobre panel Chromaluxe (MDF), Edici\u00f3n 1\/15,\n80 x 80 cm<\/div><\/div><\/a><\/div><\/div><div class=\"tcol-lg-4 tcol-md-4 tcol-sm-4 tcol-xs-6 tcol-ss-12 g_item\"><div class=\"grid_item kt_item_fade_in kad_gallery_fade_in gallery_item\"><a href=\"https:\/\/nmcontemporaneo.com\/wp-content\/uploads\/2025\/02\/The-Mechanical-Throne.jpg\" data-rel=\"lightbox\" class=\"lightboxhover\"><div class=\"kt-intrinsic\" style=\"padding-bottom:99.726775956284%;\"><div itemprop=\"image\" itemscope itemtype=\"https:\/\/schema.org\/ImageObject\"><img loading=\"lazy\" decoding=\"async\" width=\"366\" height=\"365\" src=\"https:\/\/nmcontemporaneo.com\/wp-content\/uploads\/2025\/02\/The-Mechanical-Throne-366x365.jpg\" srcset=\"https:\/\/nmcontemporaneo.com\/wp-content\/uploads\/2025\/02\/The-Mechanical-Throne-366x365.jpg 366w, https:\/\/nmcontemporaneo.com\/wp-content\/uploads\/2025\/02\/The-Mechanical-Throne-300x300.jpg 300w, https:\/\/nmcontemporaneo.com\/wp-content\/uploads\/2025\/02\/The-Mechanical-Throne-150x150.jpg 150w, https:\/\/nmcontemporaneo.com\/wp-content\/uploads\/2025\/02\/The-Mechanical-Throne-456x456.jpg 456w, https:\/\/nmcontemporaneo.com\/wp-content\/uploads\/2025\/02\/The-Mechanical-Throne-100x100.jpg 100w, https:\/\/nmcontemporaneo.com\/wp-content\/uploads\/2025\/02\/The-Mechanical-Throne-400x400.jpg 400w, https:\/\/nmcontemporaneo.com\/wp-content\/uploads\/2025\/02\/The-Mechanical-Throne.jpg 578w\" sizes=\"auto, (max-width: 366px) 100vw, 366px\" data-caption=\"The Mechanical Throne,\n2023,\nImagen procesada v\u00eda IA \/ Impresi\u00f3n digital sobre panel Chromaluxe, Edici\u00f3n 1\/15,\n120 x 120 cm\" class=\"light-dropshaddow\" itemprop=\"contentUrl\" alt=\"The Mechanical Throne\"><meta itemprop=\"url\" content=\"https:\/\/nmcontemporaneo.com\/wp-content\/uploads\/2025\/02\/The-Mechanical-Throne-366x365.jpg\"><meta itemprop=\"width\" content=\"366px\"><meta itemprop=\"height\" content=\"365px\"><\/div><\/div><div class=\"caption kad_caption\"><div class=\"kad_caption_inner\">The Mechanical Throne,\n2023,\nImagen procesada v\u00eda IA \/ Impresi\u00f3n digital sobre panel Chromaluxe, Edici\u00f3n 1\/15,\n120 x 120 cm<\/div><\/div><\/a><\/div><\/div><div class=\"tcol-lg-4 tcol-md-4 tcol-sm-4 tcol-xs-6 tcol-ss-12 g_item\"><div class=\"grid_item kt_item_fade_in kad_gallery_fade_in gallery_item\"><a href=\"https:\/\/nmcontemporaneo.com\/wp-content\/uploads\/2025\/02\/Reflections-Beyond-the-Frame.jpg\" data-rel=\"lightbox\" class=\"lightboxhover\"><div class=\"kt-intrinsic\" style=\"padding-bottom:99.726775956284%;\"><div itemprop=\"image\" itemscope itemtype=\"https:\/\/schema.org\/ImageObject\"><img loading=\"lazy\" decoding=\"async\" width=\"366\" height=\"365\" src=\"https:\/\/nmcontemporaneo.com\/wp-content\/uploads\/2025\/02\/Reflections-Beyond-the-Frame-366x365.jpg\" srcset=\"https:\/\/nmcontemporaneo.com\/wp-content\/uploads\/2025\/02\/Reflections-Beyond-the-Frame-366x365.jpg 366w, https:\/\/nmcontemporaneo.com\/wp-content\/uploads\/2025\/02\/Reflections-Beyond-the-Frame-300x300.jpg 300w, https:\/\/nmcontemporaneo.com\/wp-content\/uploads\/2025\/02\/Reflections-Beyond-the-Frame-150x150.jpg 150w, https:\/\/nmcontemporaneo.com\/wp-content\/uploads\/2025\/02\/Reflections-Beyond-the-Frame-456x456.jpg 456w, https:\/\/nmcontemporaneo.com\/wp-content\/uploads\/2025\/02\/Reflections-Beyond-the-Frame-100x100.jpg 100w, https:\/\/nmcontemporaneo.com\/wp-content\/uploads\/2025\/02\/Reflections-Beyond-the-Frame.jpg 578w\" sizes=\"auto, (max-width: 366px) 100vw, 366px\" data-caption=\"Reflections Beyond the Frame\n2023\nImagen procesada v\u00eda IA \/ Impresi\u00f3n digital sobre panel Chromaluxe Edici\u00f3n 1\/15\n120 x 120 cm\" class=\"light-dropshaddow\" itemprop=\"contentUrl\" alt=\"\"><meta itemprop=\"url\" content=\"https:\/\/nmcontemporaneo.com\/wp-content\/uploads\/2025\/02\/Reflections-Beyond-the-Frame-366x365.jpg\"><meta itemprop=\"width\" content=\"366px\"><meta itemprop=\"height\" content=\"365px\"><\/div><\/div><div class=\"caption kad_caption\"><div class=\"kad_caption_inner\">Reflections Beyond the Frame\n2023\nImagen procesada v\u00eda IA \/ Impresi\u00f3n digital sobre panel Chromaluxe Edici\u00f3n 1\/15\n120 x 120 cm<\/div><\/div><\/a><\/div><\/div><div class=\"tcol-lg-4 tcol-md-4 tcol-sm-4 tcol-xs-6 tcol-ss-12 g_item\"><div class=\"grid_item kt_item_fade_in kad_gallery_fade_in gallery_item\"><a href=\"https:\/\/nmcontemporaneo.com\/wp-content\/uploads\/2025\/02\/Mechanical-Bond-Twins-of-a-Techno-Dystopia.jpg\" data-rel=\"lightbox\" class=\"lightboxhover\"><div class=\"kt-intrinsic\" style=\"padding-bottom:99.726775956284%;\"><div itemprop=\"image\" itemscope itemtype=\"https:\/\/schema.org\/ImageObject\"><img loading=\"lazy\" decoding=\"async\" width=\"366\" height=\"365\" src=\"https:\/\/nmcontemporaneo.com\/wp-content\/uploads\/2025\/02\/Mechanical-Bond-Twins-of-a-Techno-Dystopia-366x365.jpg\" srcset=\"https:\/\/nmcontemporaneo.com\/wp-content\/uploads\/2025\/02\/Mechanical-Bond-Twins-of-a-Techno-Dystopia-366x365.jpg 366w, https:\/\/nmcontemporaneo.com\/wp-content\/uploads\/2025\/02\/Mechanical-Bond-Twins-of-a-Techno-Dystopia-300x300.jpg 300w, https:\/\/nmcontemporaneo.com\/wp-content\/uploads\/2025\/02\/Mechanical-Bond-Twins-of-a-Techno-Dystopia-150x150.jpg 150w, https:\/\/nmcontemporaneo.com\/wp-content\/uploads\/2025\/02\/Mechanical-Bond-Twins-of-a-Techno-Dystopia-456x456.jpg 456w, https:\/\/nmcontemporaneo.com\/wp-content\/uploads\/2025\/02\/Mechanical-Bond-Twins-of-a-Techno-Dystopia-100x100.jpg 100w, https:\/\/nmcontemporaneo.com\/wp-content\/uploads\/2025\/02\/Mechanical-Bond-Twins-of-a-Techno-Dystopia.jpg 578w\" sizes=\"auto, (max-width: 366px) 100vw, 366px\" data-caption=\"Mechanical Bond- Twins of a Techno-Dystopia,\n2023,\nImagen procesada v\u00eda IA \/ Impresi\u00f3n digital sobre panel Chromaluxe, Edici\u00f3n 1\/15,\n120 x 120 cm\" class=\"light-dropshaddow\" itemprop=\"contentUrl\" alt=\"\"><meta itemprop=\"url\" content=\"https:\/\/nmcontemporaneo.com\/wp-content\/uploads\/2025\/02\/Mechanical-Bond-Twins-of-a-Techno-Dystopia-366x365.jpg\"><meta itemprop=\"width\" content=\"366px\"><meta itemprop=\"height\" content=\"365px\"><\/div><\/div><div class=\"caption kad_caption\"><div class=\"kad_caption_inner\">Mechanical Bond- Twins of a Techno-Dystopia,\n2023,\nImagen procesada v\u00eda IA \/ Impresi\u00f3n digital sobre panel Chromaluxe, Edici\u00f3n 1\/15,\n120 x 120 cm<\/div><\/div><\/a><\/div><\/div><div class=\"tcol-lg-4 tcol-md-4 tcol-sm-4 tcol-xs-6 tcol-ss-12 g_item\"><div class=\"grid_item kt_item_fade_in kad_gallery_fade_in gallery_item\"><a href=\"https:\/\/nmcontemporaneo.com\/wp-content\/uploads\/2025\/02\/Mechanical-Majesty.jpg\" data-rel=\"lightbox\" class=\"lightboxhover\"><div class=\"kt-intrinsic\" style=\"padding-bottom:99.726775956284%;\"><div itemprop=\"image\" itemscope itemtype=\"https:\/\/schema.org\/ImageObject\"><img loading=\"lazy\" decoding=\"async\" width=\"366\" height=\"365\" src=\"https:\/\/nmcontemporaneo.com\/wp-content\/uploads\/2025\/02\/Mechanical-Majesty-366x365.jpg\" srcset=\"https:\/\/nmcontemporaneo.com\/wp-content\/uploads\/2025\/02\/Mechanical-Majesty-366x365.jpg 366w, https:\/\/nmcontemporaneo.com\/wp-content\/uploads\/2025\/02\/Mechanical-Majesty-300x300.jpg 300w, https:\/\/nmcontemporaneo.com\/wp-content\/uploads\/2025\/02\/Mechanical-Majesty-150x150.jpg 150w, https:\/\/nmcontemporaneo.com\/wp-content\/uploads\/2025\/02\/Mechanical-Majesty-456x456.jpg 456w, https:\/\/nmcontemporaneo.com\/wp-content\/uploads\/2025\/02\/Mechanical-Majesty-100x100.jpg 100w, https:\/\/nmcontemporaneo.com\/wp-content\/uploads\/2025\/02\/Mechanical-Majesty.jpg 578w\" sizes=\"auto, (max-width: 366px) 100vw, 366px\" data-caption=\"Mechanical Majesty,\n2024,\nImagen procesada v\u00eda IA \/ Impresi\u00f3n digital sobre panel Chromaluxe (MDF), Edici\u00f3n 1\/15,\n80 x 80 cm\" class=\"light-dropshaddow\" itemprop=\"contentUrl\" alt=\"\"><meta itemprop=\"url\" content=\"https:\/\/nmcontemporaneo.com\/wp-content\/uploads\/2025\/02\/Mechanical-Majesty-366x365.jpg\"><meta itemprop=\"width\" content=\"366px\"><meta itemprop=\"height\" content=\"365px\"><\/div><\/div><div class=\"caption kad_caption\"><div class=\"kad_caption_inner\">Mechanical Majesty,\n2024,\nImagen procesada v\u00eda IA \/ Impresi\u00f3n digital sobre panel Chromaluxe (MDF), Edici\u00f3n 1\/15,\n80 x 80 cm<\/div><\/div><\/a><\/div><\/div><div class=\"tcol-lg-4 tcol-md-4 tcol-sm-4 tcol-xs-6 tcol-ss-12 g_item\"><div class=\"grid_item kt_item_fade_in kad_gallery_fade_in gallery_item\"><a href=\"https:\/\/nmcontemporaneo.com\/wp-content\/uploads\/2025\/02\/Intricate-Bloom.jpg\" data-rel=\"lightbox\" class=\"lightboxhover\"><div class=\"kt-intrinsic\" style=\"padding-bottom:99.726775956284%;\"><div itemprop=\"image\" itemscope itemtype=\"https:\/\/schema.org\/ImageObject\"><img loading=\"lazy\" decoding=\"async\" width=\"366\" height=\"365\" src=\"https:\/\/nmcontemporaneo.com\/wp-content\/uploads\/2025\/02\/Intricate-Bloom-366x365.jpg\" srcset=\"https:\/\/nmcontemporaneo.com\/wp-content\/uploads\/2025\/02\/Intricate-Bloom-366x365.jpg 366w, https:\/\/nmcontemporaneo.com\/wp-content\/uploads\/2025\/02\/Intricate-Bloom-300x300.jpg 300w, https:\/\/nmcontemporaneo.com\/wp-content\/uploads\/2025\/02\/Intricate-Bloom-150x150.jpg 150w, https:\/\/nmcontemporaneo.com\/wp-content\/uploads\/2025\/02\/Intricate-Bloom-456x456.jpg 456w, https:\/\/nmcontemporaneo.com\/wp-content\/uploads\/2025\/02\/Intricate-Bloom-100x100.jpg 100w, https:\/\/nmcontemporaneo.com\/wp-content\/uploads\/2025\/02\/Intricate-Bloom.jpg 578w\" sizes=\"auto, (max-width: 366px) 100vw, 366px\" data-caption=\"Intricate Bloom,\n2023,\nImagen procesada v\u00eda IA \/ Impresi\u00f3n digital sobre papel Hahnem\u00fchle, Edici\u00f3n 1\/15,\n40 x 40 cm\" class=\"light-dropshaddow\" itemprop=\"contentUrl\" alt=\"\"><meta itemprop=\"url\" content=\"https:\/\/nmcontemporaneo.com\/wp-content\/uploads\/2025\/02\/Intricate-Bloom-366x365.jpg\"><meta itemprop=\"width\" content=\"366px\"><meta itemprop=\"height\" content=\"365px\"><\/div><\/div><div class=\"caption kad_caption\"><div class=\"kad_caption_inner\">Intricate Bloom,\n2023,\nImagen procesada v\u00eda IA \/ Impresi\u00f3n digital sobre papel Hahnem\u00fchle, Edici\u00f3n 1\/15,\n40 x 40 cm<\/div><\/div><\/a><\/div><\/div><div class=\"tcol-lg-4 tcol-md-4 tcol-sm-4 tcol-xs-6 tcol-ss-12 g_item\"><div class=\"grid_item kt_item_fade_in kad_gallery_fade_in gallery_item\"><a href=\"https:\/\/nmcontemporaneo.com\/wp-content\/uploads\/2025\/02\/Time-Keepers.jpg\" data-rel=\"lightbox\" class=\"lightboxhover\"><div class=\"kt-intrinsic\" style=\"padding-bottom:99.726775956284%;\"><div itemprop=\"image\" itemscope itemtype=\"https:\/\/schema.org\/ImageObject\"><img loading=\"lazy\" decoding=\"async\" width=\"366\" height=\"365\" src=\"https:\/\/nmcontemporaneo.com\/wp-content\/uploads\/2025\/02\/Time-Keepers-366x365.jpg\" srcset=\"https:\/\/nmcontemporaneo.com\/wp-content\/uploads\/2025\/02\/Time-Keepers-366x365.jpg 366w, https:\/\/nmcontemporaneo.com\/wp-content\/uploads\/2025\/02\/Time-Keepers-300x300.jpg 300w, https:\/\/nmcontemporaneo.com\/wp-content\/uploads\/2025\/02\/Time-Keepers-150x150.jpg 150w, https:\/\/nmcontemporaneo.com\/wp-content\/uploads\/2025\/02\/Time-Keepers-456x456.jpg 456w, https:\/\/nmcontemporaneo.com\/wp-content\/uploads\/2025\/02\/Time-Keepers-100x100.jpg 100w, https:\/\/nmcontemporaneo.com\/wp-content\/uploads\/2025\/02\/Time-Keepers.jpg 578w\" sizes=\"auto, (max-width: 366px) 100vw, 366px\" data-caption=\"Time-Keepers,\n2023,\nImagen procesada v\u00eda IA \/ Impresi\u00f3n digital sobre papel Hahnem\u00fchle, Edici\u00f3n 1\/15,\n40 x 40 cm\" class=\"light-dropshaddow\" itemprop=\"contentUrl\" alt=\"\"><meta itemprop=\"url\" content=\"https:\/\/nmcontemporaneo.com\/wp-content\/uploads\/2025\/02\/Time-Keepers-366x365.jpg\"><meta itemprop=\"width\" content=\"366px\"><meta itemprop=\"height\" content=\"365px\"><\/div><\/div><div class=\"caption kad_caption\"><div class=\"kad_caption_inner\">Time-Keepers,\n2023,\nImagen procesada v\u00eda IA \/ Impresi\u00f3n digital sobre papel Hahnem\u00fchle, Edici\u00f3n 1\/15,\n40 x 40 cm<\/div><\/div><\/a><\/div><\/div><div class=\"tcol-lg-4 tcol-md-4 tcol-sm-4 tcol-xs-6 tcol-ss-12 g_item\"><div class=\"grid_item kt_item_fade_in kad_gallery_fade_in gallery_item\"><a href=\"https:\/\/nmcontemporaneo.com\/wp-content\/uploads\/2025\/02\/Keeper-of-Wisdom.jpg\" data-rel=\"lightbox\" class=\"lightboxhover\"><div class=\"kt-intrinsic\" style=\"padding-bottom:99.726775956284%;\"><div itemprop=\"image\" itemscope itemtype=\"https:\/\/schema.org\/ImageObject\"><img loading=\"lazy\" decoding=\"async\" width=\"366\" height=\"365\" src=\"https:\/\/nmcontemporaneo.com\/wp-content\/uploads\/2025\/02\/Keeper-of-Wisdom-366x365.jpg\" srcset=\"https:\/\/nmcontemporaneo.com\/wp-content\/uploads\/2025\/02\/Keeper-of-Wisdom-366x365.jpg 366w, https:\/\/nmcontemporaneo.com\/wp-content\/uploads\/2025\/02\/Keeper-of-Wisdom-300x300.jpg 300w, https:\/\/nmcontemporaneo.com\/wp-content\/uploads\/2025\/02\/Keeper-of-Wisdom-150x150.jpg 150w, https:\/\/nmcontemporaneo.com\/wp-content\/uploads\/2025\/02\/Keeper-of-Wisdom-456x456.jpg 456w, https:\/\/nmcontemporaneo.com\/wp-content\/uploads\/2025\/02\/Keeper-of-Wisdom-100x100.jpg 100w, https:\/\/nmcontemporaneo.com\/wp-content\/uploads\/2025\/02\/Keeper-of-Wisdom.jpg 578w\" sizes=\"auto, (max-width: 366px) 100vw, 366px\" data-caption=\"Keeper of Wisdom,\n2023,\nImagen procesada v\u00eda IA \/ Impresi\u00f3n digital sobre papel Hahnem\u00fchle, Edici\u00f3n 1\/15,\n40 x 40 cm\" class=\"light-dropshaddow\" itemprop=\"contentUrl\" alt=\"Keeper of Wisdom\"><meta itemprop=\"url\" content=\"https:\/\/nmcontemporaneo.com\/wp-content\/uploads\/2025\/02\/Keeper-of-Wisdom-366x365.jpg\"><meta itemprop=\"width\" content=\"366px\"><meta itemprop=\"height\" content=\"365px\"><\/div><\/div><div class=\"caption kad_caption\"><div class=\"kad_caption_inner\">Keeper of Wisdom,\n2023,\nImagen procesada v\u00eda IA \/ Impresi\u00f3n digital sobre papel Hahnem\u00fchle, Edici\u00f3n 1\/15,\n40 x 40 cm<\/div><\/div><\/a><\/div><\/div><div class=\"tcol-lg-4 tcol-md-4 tcol-sm-4 tcol-xs-6 tcol-ss-12 g_item\"><div class=\"grid_item kt_item_fade_in kad_gallery_fade_in gallery_item\"><a href=\"https:\/\/nmcontemporaneo.com\/wp-content\/uploads\/2025\/02\/Childhood-Dreams-.jpg\" data-rel=\"lightbox\" class=\"lightboxhover\"><div class=\"kt-intrinsic\" style=\"padding-bottom:99.726775956284%;\"><div itemprop=\"image\" itemscope itemtype=\"https:\/\/schema.org\/ImageObject\"><img loading=\"lazy\" decoding=\"async\" width=\"366\" height=\"365\" src=\"https:\/\/nmcontemporaneo.com\/wp-content\/uploads\/2025\/02\/Childhood-Dreams--366x365.jpg\" srcset=\"https:\/\/nmcontemporaneo.com\/wp-content\/uploads\/2025\/02\/Childhood-Dreams--366x365.jpg 366w, https:\/\/nmcontemporaneo.com\/wp-content\/uploads\/2025\/02\/Childhood-Dreams--300x300.jpg 300w, https:\/\/nmcontemporaneo.com\/wp-content\/uploads\/2025\/02\/Childhood-Dreams--150x150.jpg 150w, https:\/\/nmcontemporaneo.com\/wp-content\/uploads\/2025\/02\/Childhood-Dreams--456x456.jpg 456w, https:\/\/nmcontemporaneo.com\/wp-content\/uploads\/2025\/02\/Childhood-Dreams--100x100.jpg 100w, https:\/\/nmcontemporaneo.com\/wp-content\/uploads\/2025\/02\/Childhood-Dreams-.jpg 578w\" sizes=\"auto, (max-width: 366px) 100vw, 366px\" data-caption=\"Childhood Dreams\n2023\nImagen procesada v\u00eda IA \/ Impresi\u00f3n digital sobre papel Hahnem\u00fchle Edici\u00f3n 1\/15\n40 x 40 cm\" class=\"light-dropshaddow\" itemprop=\"contentUrl\" alt=\"\"><meta itemprop=\"url\" content=\"https:\/\/nmcontemporaneo.com\/wp-content\/uploads\/2025\/02\/Childhood-Dreams--366x365.jpg\"><meta itemprop=\"width\" content=\"366px\"><meta itemprop=\"height\" content=\"365px\"><\/div><\/div><div class=\"caption kad_caption\"><div class=\"kad_caption_inner\">Childhood Dreams\n2023\nImagen procesada v\u00eda IA \/ Impresi\u00f3n digital sobre papel Hahnem\u00fchle Edici\u00f3n 1\/15\n40 x 40 cm<\/div><\/div><\/a><\/div><\/div><\/div>\n<div class=\"page\" title=\"Page 1\">\n<div class=\"layoutArea\">\n<div class=\"column\">\n<p style=\"text-align: right;\">I\u2019ve seen things you people wouldn\u2019t believe&#8230; Monolo\u0301go final de Roy Batty, Blade Runner.<\/p>\n<div class=\"page\" title=\"Page 2\">\n<div class=\"layoutArea\">\n<div class=\"column\">\n<p>Antonio Uvalle (Saltillo, Coahuila; 1962) is a visual artist, trained in photography, and specialized in the production of AI-processed images. After an accident left him in a wheelchair at the age of 22, the artist continued his passion for photography, which he had developed since his adolescence. As a street photographer, Uvalle has honed a sharp eye for capturing the fleeting and authentic moments of urban life. His ability to observe and connect with his surroundings has allowed him to develop a sensitivity for creating powerful imagery. AI has enabled him to transcend the limitations of his physical mobility and expand his artistic imagination.<\/p>\n<p>Antonio Uvalle\u2019s career has been enriched through dialogue with iconic figures such as Laura Cohen, Graciela Iturbide, Pedro Meyer, Henri Cartier-Bresson, Andre\u0301 Kerte\u0301sz, Francesca Woodman, Christian Tagliavini, Martin Schoeller, Irving Penn, among others. In September 2023, Uvalle participated in his most recent group exhibition at Casa HotBook, alongside renowned artists like Andreas Gursky, Thierry Coulon, Ana Hop, Dan Tague, Georges Rousse, Gabriel Orozco, Chuck Close, Chen Wei, Peter Lindbergh, Liu Bolin, and Guillermo Kahlo. The artist has explored the genre of portraiture and the creation of mythological fictions, all while maintaining a vitalistic aesthetic perspective.<\/p>\n<\/div>\n<\/div>\n<\/div>\n<\/div>\n<\/div>\n<\/div>\n","protected":false},"excerpt":{"rendered":"<p>Antonio Uvalle is a visual artist, trained in photography, and specialized in the production of AI-processed images.<\/p>\n","protected":false},"author":9,"featured_media":0,"parent":588,"menu_order":0,"comment_status":"closed","ping_status":"closed","template":"","meta":{"kt_blocks_editor_width":"","footnotes":""},"class_list":["post-13724","page","type-page","status-publish","hentry"],"_links":{"self":[{"href":"https:\/\/nmcontemporaneo.com\/en\/wp-json\/wp\/v2\/pages\/13724","targetHints":{"allow":["GET"]}}],"collection":[{"href":"https:\/\/nmcontemporaneo.com\/en\/wp-json\/wp\/v2\/pages"}],"about":[{"href":"https:\/\/nmcontemporaneo.com\/en\/wp-json\/wp\/v2\/types\/page"}],"author":[{"embeddable":true,"href":"https:\/\/nmcontemporaneo.com\/en\/wp-json\/wp\/v2\/users\/9"}],"replies":[{"embeddable":true,"href":"https:\/\/nmcontemporaneo.com\/en\/wp-json\/wp\/v2\/comments?post=13724"}],"version-history":[{"count":5,"href":"https:\/\/nmcontemporaneo.com\/en\/wp-json\/wp\/v2\/pages\/13724\/revisions"}],"predecessor-version":[{"id":14240,"href":"https:\/\/nmcontemporaneo.com\/en\/wp-json\/wp\/v2\/pages\/13724\/revisions\/14240"}],"up":[{"embeddable":true,"href":"https:\/\/nmcontemporaneo.com\/en\/wp-json\/wp\/v2\/pages\/588"}],"wp:attachment":[{"href":"https:\/\/nmcontemporaneo.com\/en\/wp-json\/wp\/v2\/media?parent=13724"}],"curies":[{"name":"wp","href":"https:\/\/api.w.org\/{rel}","templated":true}]}}