{"id":212,"date":"2022-07-29T19:56:35","date_gmt":"2022-07-30T01:56:35","guid":{"rendered":"http:\/\/virtuemock.kadencethemes.com\/?page_id=212"},"modified":"2025-06-20T01:02:12","modified_gmt":"2025-06-20T07:02:12","slug":"nosotros","status":"publish","type":"page","link":"https:\/\/nmcontemporaneo.com\/en\/about-us\/","title":{"rendered":"About Us"},"content":{"rendered":"<p><a href=\"https:\/\/nmcontemporaneo.com\/wp-content\/uploads\/2015\/07\/NM_310.jpg\"><img loading=\"lazy\" decoding=\"async\" class=\"wp-image-9024 size-full alignleft\" src=\"https:\/\/nmcontemporaneo.com\/wp-content\/uploads\/2015\/07\/NM_310.jpg\" alt=\"\" width=\"311\" height=\"311\" data-id=\"526\" srcset=\"https:\/\/nmcontemporaneo.com\/wp-content\/uploads\/2015\/07\/NM_310.jpg 311w, https:\/\/nmcontemporaneo.com\/wp-content\/uploads\/2015\/07\/NM_310-300x300.jpg 300w, https:\/\/nmcontemporaneo.com\/wp-content\/uploads\/2015\/07\/NM_310-100x100.jpg 100w, https:\/\/nmcontemporaneo.com\/wp-content\/uploads\/2015\/07\/NM_310-150x150.jpg 150w\" sizes=\"auto, (max-width: 311px) 100vw, 311px\" \/><\/a><\/p>\n<p style=\"font-weight: 400;\">NM Contemporaneo is recognized as the most important contemporary art gallery in Cuernavaca city. Hosting more than forty nationally and internationally recognized artists; such as Alberto Monta\u00f1o, Mauricio Cervantes, Armando Romero, Sergio Garval, Andres Amaya, Victor Guadalajara, Valerie Campos, Nacho Rodriguez Bach, C\u00e9sar L\u00f3pez Negrete and Eduardo Rinc\u00f3n among others.<\/p>\n<p style=\"font-weight: 400;\">One of the most important goals of the gallery is to have professional artists with vast proposals in several production media, like painting, sculpture, photography, video, installation or art object; to enrich the cultural scene of the city and attract visitors, buyers and collectors.&nbsp; NM Contemporaneo, seeks artists who are not only justified by the aesthetic appreciation of their work, but as good as an equity investment in a medium\/long-term measure. The gallery is known for its wider approach to different proposals and new artists, thus to ensure a movement of art work always at the forefront, offering new acquisition opportunities for clients and collectors. Also the gallery is a space for art research and cultural dialogue, where courses and artist discussions are held. Visitors can enjoy contemporary art exhibitions continuously evolving.<\/p>\n<p style=\"font-weight: 400;\">Our interest is also to promote local artists through different exhibition media; like art fairs, press reviews and contemporary art magazines, to name a few. We contribute with cultural proposals for the city; offering expression platforms for the understanding of the arts, through teaching workshops in or out of the gallery, related to all fields providing a beating and living space for art.<\/p>\n<p style=\"font-weight: 400;\">We believe the emerging art is a powerful investment, that is why we promote its movement in the market, and encourage artists to create and strengthen the art market. According to Forbes magazine, art has been for over a decade, one of the most profitable economic practices.<\/p>\n<p style=\"font-weight: 400;\">That is why in a humane and responsible environment, we provide personalized advise to our clients, primarily seeking their satisfaction and taste to acquire an original work of art that represents an investment. The gallery has worked with over 120 clients and art collectors, making it today the most important gallery of contemporary art in Cuernavaca.<\/p>\n<p style=\"font-weight: 400;\">For more information of our artists visit us at www.nmcontemporaneo.com, www.facebook \/NMContemporaneo and twitter @ NMContempor\u00e1neo.<\/p>\n<p style=\"font-weight: 400;\">We are located in Cuernavaca, Morelos in Juan Ruiz de Alarcon&nbsp; #13, Colonia. Centro, Phone: (777) 318 54 75.<\/p>\n<div id=\"kad-wp-gallery216\" class=\"kad-wp-gallery gallery kt-gallery-column-3 init-isotope-intrinsic reinit-isotope kad-light-wp-gallery clearfix rowtight\" data-fade-in=\"1\" data-iso-selector=\".g_item\" data-iso-style=\"masonry\" data-iso-filter=\"false\"><div class=\"tcol-lg-4 tcol-md-4 tcol-sm-4 tcol-xs-6 tcol-ss-12 g_item\"><div class=\"grid_item kt_item_fade_in kad_gallery_fade_in gallery_item\"><a href=\"https:\/\/nmcontemporaneo.com\/wp-content\/uploads\/2018\/08\/espacio4.jpg\" data-rel=\"lightbox\" class=\"lightboxhover\"><div class=\"kt-intrinsic\" style=\"padding-bottom:75.136612021858%;\"><div itemprop=\"image\" itemscope itemtype=\"https:\/\/schema.org\/ImageObject\"><img loading=\"lazy\" decoding=\"async\" width=\"366\" height=\"275\" src=\"https:\/\/nmcontemporaneo.com\/wp-content\/uploads\/2018\/08\/espacio4-366x275.jpg\" srcset=\"https:\/\/nmcontemporaneo.com\/wp-content\/uploads\/2018\/08\/espacio4-366x275.jpg 366w, https:\/\/nmcontemporaneo.com\/wp-content\/uploads\/2018\/08\/espacio4-300x225.jpg 300w, https:\/\/nmcontemporaneo.com\/wp-content\/uploads\/2018\/08\/espacio4-768x576.jpg 768w, https:\/\/nmcontemporaneo.com\/wp-content\/uploads\/2018\/08\/espacio4-732x550.jpg 732w, https:\/\/nmcontemporaneo.com\/wp-content\/uploads\/2018\/08\/espacio4.jpg 1000w\" sizes=\"auto, (max-width: 366px) 100vw, 366px\" data-caption=\"\" class=\"light-dropshaddow\" itemprop=\"contentUrl\" alt=\"\"><meta itemprop=\"url\" content=\"https:\/\/nmcontemporaneo.com\/wp-content\/uploads\/2018\/08\/espacio4-366x275.jpg\"><meta itemprop=\"width\" content=\"366px\"><meta itemprop=\"height\" content=\"275px\"><\/div><\/div><\/a><\/div><\/div><div class=\"tcol-lg-4 tcol-md-4 tcol-sm-4 tcol-xs-6 tcol-ss-12 g_item\"><div class=\"grid_item kt_item_fade_in kad_gallery_fade_in gallery_item\"><a href=\"https:\/\/nmcontemporaneo.com\/wp-content\/uploads\/2018\/08\/espacio3-scaled.jpg\" data-rel=\"lightbox\" class=\"lightboxhover\"><div class=\"kt-intrinsic\" style=\"padding-bottom:75.136612021858%;\"><div itemprop=\"image\" itemscope itemtype=\"https:\/\/schema.org\/ImageObject\"><img loading=\"lazy\" decoding=\"async\" width=\"366\" height=\"275\" src=\"https:\/\/nmcontemporaneo.com\/wp-content\/uploads\/2018\/08\/espacio3-366x275.jpg\" srcset=\"https:\/\/nmcontemporaneo.com\/wp-content\/uploads\/2018\/08\/espacio3-366x275.jpg 366w, https:\/\/nmcontemporaneo.com\/wp-content\/uploads\/2018\/08\/espacio3-300x225.jpg 300w, https:\/\/nmcontemporaneo.com\/wp-content\/uploads\/2018\/08\/espacio3-768x576.jpg 768w, https:\/\/nmcontemporaneo.com\/wp-content\/uploads\/2018\/08\/espacio3-1024x768.jpg 1024w, https:\/\/nmcontemporaneo.com\/wp-content\/uploads\/2018\/08\/espacio3-732x550.jpg 732w\" sizes=\"auto, (max-width: 366px) 100vw, 366px\" data-caption=\"\" class=\"light-dropshaddow\" itemprop=\"contentUrl\" alt=\"\"><meta itemprop=\"url\" content=\"https:\/\/nmcontemporaneo.com\/wp-content\/uploads\/2018\/08\/espacio3-366x275.jpg\"><meta itemprop=\"width\" content=\"366px\"><meta itemprop=\"height\" content=\"275px\"><\/div><\/div><\/a><\/div><\/div><div class=\"tcol-lg-4 tcol-md-4 tcol-sm-4 tcol-xs-6 tcol-ss-12 g_item\"><div class=\"grid_item kt_item_fade_in kad_gallery_fade_in gallery_item\"><a href=\"https:\/\/nmcontemporaneo.com\/wp-content\/uploads\/2018\/08\/espacio-2-scaled.jpg\" data-rel=\"lightbox\" class=\"lightboxhover\"><div class=\"kt-intrinsic\" style=\"padding-bottom:75.136612021858%;\"><div itemprop=\"image\" itemscope itemtype=\"https:\/\/schema.org\/ImageObject\"><img loading=\"lazy\" decoding=\"async\" width=\"366\" height=\"275\" src=\"https:\/\/nmcontemporaneo.com\/wp-content\/uploads\/2018\/08\/espacio-2-366x275.jpg\" srcset=\"https:\/\/nmcontemporaneo.com\/wp-content\/uploads\/2018\/08\/espacio-2-366x275.jpg 366w, https:\/\/nmcontemporaneo.com\/wp-content\/uploads\/2018\/08\/espacio-2-300x225.jpg 300w, https:\/\/nmcontemporaneo.com\/wp-content\/uploads\/2018\/08\/espacio-2-768x576.jpg 768w, https:\/\/nmcontemporaneo.com\/wp-content\/uploads\/2018\/08\/espacio-2-1024x768.jpg 1024w, https:\/\/nmcontemporaneo.com\/wp-content\/uploads\/2018\/08\/espacio-2-732x550.jpg 732w\" sizes=\"auto, (max-width: 366px) 100vw, 366px\" data-caption=\"\" class=\"light-dropshaddow\" itemprop=\"contentUrl\" alt=\"\"><meta itemprop=\"url\" content=\"https:\/\/nmcontemporaneo.com\/wp-content\/uploads\/2018\/08\/espacio-2-366x275.jpg\"><meta itemprop=\"width\" content=\"366px\"><meta itemprop=\"height\" content=\"275px\"><\/div><\/div><\/a><\/div><\/div><div class=\"tcol-lg-4 tcol-md-4 tcol-sm-4 tcol-xs-6 tcol-ss-12 g_item\"><div class=\"grid_item kt_item_fade_in kad_gallery_fade_in gallery_item\"><a href=\"https:\/\/nmcontemporaneo.com\/wp-content\/uploads\/2018\/08\/espacio-1-scaled.jpg\" data-rel=\"lightbox\" class=\"lightboxhover\"><div class=\"kt-intrinsic\" style=\"padding-bottom:75.136612021858%;\"><div itemprop=\"image\" itemscope itemtype=\"https:\/\/schema.org\/ImageObject\"><img loading=\"lazy\" decoding=\"async\" width=\"366\" height=\"275\" src=\"https:\/\/nmcontemporaneo.com\/wp-content\/uploads\/2018\/08\/espacio-1-366x275.jpg\" srcset=\"https:\/\/nmcontemporaneo.com\/wp-content\/uploads\/2018\/08\/espacio-1-366x275.jpg 366w, https:\/\/nmcontemporaneo.com\/wp-content\/uploads\/2018\/08\/espacio-1-300x225.jpg 300w, https:\/\/nmcontemporaneo.com\/wp-content\/uploads\/2018\/08\/espacio-1-768x576.jpg 768w, https:\/\/nmcontemporaneo.com\/wp-content\/uploads\/2018\/08\/espacio-1-1024x768.jpg 1024w, https:\/\/nmcontemporaneo.com\/wp-content\/uploads\/2018\/08\/espacio-1-732x550.jpg 732w\" sizes=\"auto, (max-width: 366px) 100vw, 366px\" data-caption=\"\" class=\"light-dropshaddow\" itemprop=\"contentUrl\" alt=\"\"><meta itemprop=\"url\" content=\"https:\/\/nmcontemporaneo.com\/wp-content\/uploads\/2018\/08\/espacio-1-366x275.jpg\"><meta itemprop=\"width\" content=\"366px\"><meta itemprop=\"height\" content=\"275px\"><\/div><\/div><\/a><\/div><\/div><div class=\"tcol-lg-4 tcol-md-4 tcol-sm-4 tcol-xs-6 tcol-ss-12 g_item\"><div class=\"grid_item kt_item_fade_in kad_gallery_fade_in gallery_item\"><a href=\"https:\/\/nmcontemporaneo.com\/wp-content\/uploads\/2016\/03\/espacio-4.jpg\" data-rel=\"lightbox\" class=\"lightboxhover\"><div class=\"kt-intrinsic\" style=\"padding-bottom:133.33333333333%;\"><div itemprop=\"image\" itemscope itemtype=\"https:\/\/schema.org\/ImageObject\"><img loading=\"lazy\" decoding=\"async\" width=\"366\" height=\"488\" src=\"https:\/\/nmcontemporaneo.com\/wp-content\/uploads\/2016\/03\/espacio-4-366x488.jpg\" srcset=\"https:\/\/nmcontemporaneo.com\/wp-content\/uploads\/2016\/03\/espacio-4-366x488.jpg 366w, https:\/\/nmcontemporaneo.com\/wp-content\/uploads\/2016\/03\/espacio-4-225x300.jpg 225w, https:\/\/nmcontemporaneo.com\/wp-content\/uploads\/2016\/03\/espacio-4-768x1024.jpg 768w, https:\/\/nmcontemporaneo.com\/wp-content\/uploads\/2016\/03\/espacio-4-732x976.jpg 732w, https:\/\/nmcontemporaneo.com\/wp-content\/uploads\/2016\/03\/espacio-4.jpg 800w\" sizes=\"auto, (max-width: 366px) 100vw, 366px\" data-caption=\"\" class=\"light-dropshaddow\" itemprop=\"contentUrl\" alt=\"\"><meta itemprop=\"url\" content=\"https:\/\/nmcontemporaneo.com\/wp-content\/uploads\/2016\/03\/espacio-4-366x488.jpg\"><meta itemprop=\"width\" content=\"366px\"><meta itemprop=\"height\" content=\"488px\"><\/div><\/div><\/a><\/div><\/div><div class=\"tcol-lg-4 tcol-md-4 tcol-sm-4 tcol-xs-6 tcol-ss-12 g_item\"><div class=\"grid_item kt_item_fade_in kad_gallery_fade_in gallery_item\"><a href=\"https:\/\/nmcontemporaneo.com\/wp-content\/uploads\/2016\/03\/espacio-10.jpg\" data-rel=\"lightbox\" class=\"lightboxhover\"><div class=\"kt-intrinsic\" style=\"padding-bottom:75.136612021858%;\"><div itemprop=\"image\" itemscope itemtype=\"https:\/\/schema.org\/ImageObject\"><img loading=\"lazy\" decoding=\"async\" width=\"366\" height=\"275\" src=\"https:\/\/nmcontemporaneo.com\/wp-content\/uploads\/2016\/03\/espacio-10-366x275.jpg\" srcset=\"https:\/\/nmcontemporaneo.com\/wp-content\/uploads\/2016\/03\/espacio-10-366x275.jpg 366w, https:\/\/nmcontemporaneo.com\/wp-content\/uploads\/2016\/03\/espacio-10-300x225.jpg 300w, https:\/\/nmcontemporaneo.com\/wp-content\/uploads\/2016\/03\/espacio-10-732x550.jpg 732w, https:\/\/nmcontemporaneo.com\/wp-content\/uploads\/2016\/03\/espacio-10.jpg 800w\" sizes=\"auto, (max-width: 366px) 100vw, 366px\" data-caption=\"\" class=\"light-dropshaddow\" itemprop=\"contentUrl\" alt=\"\"><meta itemprop=\"url\" content=\"https:\/\/nmcontemporaneo.com\/wp-content\/uploads\/2016\/03\/espacio-10-366x275.jpg\"><meta itemprop=\"width\" content=\"366px\"><meta itemprop=\"height\" content=\"275px\"><\/div><\/div><\/a><\/div><\/div><\/div>\n<p><iframe loading=\"lazy\" style=\"border: 0;\" src=\"https:\/\/www.google.com\/maps\/embed?pb=!1m14!1m8!1m3!1d3774.2103831527315!2d-99.23656621956233!3d18.922079745280318!3m2!1i1024!2i768!4f13.1!3m3!1m2!1s0x85cdde4d7f427385%3A0x8977c9e3c4d21513!2sNM+Contempor%C3%A1neo+Galer%C3%ADa+De+Arte!5e0!3m2!1ses!2smx!4v1433784406215\" width=\"100%\" height=\"400\" frameborder=\"0\"><\/iframe><\/p>\n","protected":false},"excerpt":{"rendered":"<p>NM Contemporaneo is recognized as the most important contemporary art gallery in Cuernavaca city. Hosting more than forty nationally and internationally recognized artists; such as Alberto Monta\u00f1o, Mauricio Cervantes, Armando Romero, Sergio Garval, Andres Amaya, Victor Guadalajara, Valerie Campos, Nacho &hellip; <a class=\"kt-excerpt-readmore\" href=\"https:\/\/nmcontemporaneo.com\/en\/about-us\/\" aria-label=\"About Us\">Read More<\/a><\/p>\n","protected":false},"author":25,"featured_media":498,"parent":0,"menu_order":0,"comment_status":"open","ping_status":"closed","template":"page-fullwidth.php","meta":{"kt_blocks_editor_width":"","footnotes":""},"class_list":["post-212","page","type-page","status-publish","has-post-thumbnail","hentry"],"_links":{"self":[{"href":"https:\/\/nmcontemporaneo.com\/en\/wp-json\/wp\/v2\/pages\/212","targetHints":{"allow":["GET"]}}],"collection":[{"href":"https:\/\/nmcontemporaneo.com\/en\/wp-json\/wp\/v2\/pages"}],"about":[{"href":"https:\/\/nmcontemporaneo.com\/en\/wp-json\/wp\/v2\/types\/page"}],"author":[{"embeddable":true,"href":"https:\/\/nmcontemporaneo.com\/en\/wp-json\/wp\/v2\/users\/25"}],"replies":[{"embeddable":true,"href":"https:\/\/nmcontemporaneo.com\/en\/wp-json\/wp\/v2\/comments?post=212"}],"version-history":[{"count":1,"href":"https:\/\/nmcontemporaneo.com\/en\/wp-json\/wp\/v2\/pages\/212\/revisions"}],"predecessor-version":[{"id":13953,"href":"https:\/\/nmcontemporaneo.com\/en\/wp-json\/wp\/v2\/pages\/212\/revisions\/13953"}],"wp:featuredmedia":[{"embeddable":true,"href":"https:\/\/nmcontemporaneo.com\/en\/wp-json\/wp\/v2\/media\/498"}],"wp:attachment":[{"href":"https:\/\/nmcontemporaneo.com\/en\/wp-json\/wp\/v2\/media?parent=212"}],"curies":[{"name":"wp","href":"https:\/\/api.w.org\/{rel}","templated":true}]}}