{"id":45,"date":"2022-07-26T23:01:15","date_gmt":"2022-07-27T05:01:15","guid":{"rendered":"http:\/\/virtuemock.kadencethemes.com\/?page_id=45"},"modified":"2025-06-20T01:02:12","modified_gmt":"2025-06-20T07:02:12","slug":"contacto","status":"publish","type":"page","link":"https:\/\/nmcontemporaneo.com\/en\/contact-us\/","title":{"rendered":"Contact Us"},"content":{"rendered":"<p><iframe loading=\"lazy\" style=\"border: 0;\" src=\"https:\/\/www.google.com\/maps\/embed?pb=!1m14!1m8!1m3!1d3774.2103831527315!2d-99.23656621956233!3d18.922079745280318!3m2!1i1024!2i768!4f13.1!3m3!1m2!1s0x85cdde4d7f427385%3A0x8977c9e3c4d21513!2sNM+Contempor%C3%A1neo+Galer%C3%ADa+De+Arte!5e0!3m2!1ses!2smx!4v1433784406215\" width=\"100%\" height=\"400\" frameborder=\"0\"><\/iframe><\/p>\n<div class=\"space_20 clearfix\"><\/div>\n<div class=\"row\">\n<div class=\"span6\">\n\n<p style=\"text-align: center;\">\t\t\t<i class=\"icon-location \" style=\"font-size:25px; display:inline-block; color:#444; \t\t\t\"><\/i>\n\t\t\t\t\n<h5 style=\"text-align: center;\">Vis\u00edtanos en<\/h5>\n<p style=\"text-align: center;\">Juan Ruiz de Alarc\u00f3n #13, Colonia Centro, Cuernavaca, Morelos, M\u00e9xico<\/p>\n<\/div>\n<div class=\"span6\" style=\"text-align: center;\">\n\n<p>&nbsp;<\/p>\n<\/div>\n<\/div>\n<div class=\"space_20 clearfix\"><\/div>\n<p><strong>Protecci\u00f3n de datos personales <\/strong><\/p>\n<p style=\"text-align: justify;\">De acuerdo con la Ley Federal de Protecci\u00f3n de Datos Personales en Posesi\u00f3n de los Particulares y su Reglamento, le notificamos que sus datos personales est\u00e1n salvaguardados en nuestros sistemas, en una base de datos propiedad de NM Contempor\u00e1neo. Usted podr\u00e1 ejercitar en cualquier momento los derechos de acceso, rectificaci\u00f3n o cancelaci\u00f3n de dichos datos, para lo cual deber\u00e1 enviar un correo a la direcci\u00f3n electr\u00f3nica <a href=\"mailto:contacto@nmcontemporaneo.com\">contacto@nmcontemporaneo.com<\/a>. Le informamos que sus datos personales s\u00f3lo ser\u00e1n utilizados para enviarle las invitaciones, actividades y boletines de arte de la galer\u00eda y ofrecerle nuestros servicios. Adicionalmente le informamos que toda su informaci\u00f3n personal en nuestras bases de datos no est\u00e1 a la venta ni disponible para su comercializaci\u00f3n con terceros de ning\u00fan tipo.<\/p>\n","protected":false},"excerpt":{"rendered":"<p>Vis\u00edtanos en Juan Ruiz de Alarc\u00f3n #13, Colonia Centro, Cuernavaca, Morelos, M\u00e9xico &nbsp; Protecci\u00f3n de datos personales De acuerdo con la Ley Federal de Protecci\u00f3n de Datos Personales en Posesi\u00f3n de los Particulares y su Reglamento, le notificamos que sus &hellip; <a class=\"kt-excerpt-readmore\" href=\"https:\/\/nmcontemporaneo.com\/en\/contact-us\/\" aria-label=\"Contact Us\">Read More<\/a><\/p>\n","protected":false},"author":25,"featured_media":0,"parent":0,"menu_order":0,"comment_status":"closed","ping_status":"closed","template":"page-contact.php","meta":{"kt_blocks_editor_width":"","footnotes":""},"class_list":["post-45","page","type-page","status-publish","hentry"],"_links":{"self":[{"href":"https:\/\/nmcontemporaneo.com\/en\/wp-json\/wp\/v2\/pages\/45","targetHints":{"allow":["GET"]}}],"collection":[{"href":"https:\/\/nmcontemporaneo.com\/en\/wp-json\/wp\/v2\/pages"}],"about":[{"href":"https:\/\/nmcontemporaneo.com\/en\/wp-json\/wp\/v2\/types\/page"}],"author":[{"embeddable":true,"href":"https:\/\/nmcontemporaneo.com\/en\/wp-json\/wp\/v2\/users\/25"}],"replies":[{"embeddable":true,"href":"https:\/\/nmcontemporaneo.com\/en\/wp-json\/wp\/v2\/comments?post=45"}],"version-history":[{"count":1,"href":"https:\/\/nmcontemporaneo.com\/en\/wp-json\/wp\/v2\/pages\/45\/revisions"}],"predecessor-version":[{"id":13952,"href":"https:\/\/nmcontemporaneo.com\/en\/wp-json\/wp\/v2\/pages\/45\/revisions\/13952"}],"wp:attachment":[{"href":"https:\/\/nmcontemporaneo.com\/en\/wp-json\/wp\/v2\/media?parent=45"}],"curies":[{"name":"wp","href":"https:\/\/api.w.org\/{rel}","templated":true}]}}