{"id":590,"date":"2022-03-26T18:36:43","date_gmt":"2022-03-27T00:36:43","guid":{"rendered":"http:\/\/nmcontemporaneo.com\/beta\/?page_id=590"},"modified":"2025-06-20T01:02:13","modified_gmt":"2025-06-20T07:02:13","slug":"pintura","status":"publish","type":"page","link":"https:\/\/nmcontemporaneo.com\/en\/catalogue\/paintings\/","title":{"rendered":"Paintings"},"content":{"rendered":"<div id=\"pl-590\"  class=\"panel-layout\" ><div id=\"pg-590-0\"  class=\"panel-grid panel-no-style\" ><div id=\"pgc-590-0-0\"  class=\"panel-grid-cell\" ><div id=\"panel-590-0-0-0\" class=\"so-panel widget widget_virtue_imgmenu_widget virtue_imgmenu_widget panel-first-child\" data-index=\"0\" ><div class=\" kadence_img_menu_widget kt_image_menu_widget-0-0-0 kad-animation\" data-animation=\"fade-in\" data-delay=\"150\"><a href=\"\/catalogo\/pintura\/federico-barrault\/\" id=\"image-menu-id-widget-0-0-0\" class=\"homepromolink\" target=\"_self\"><div class=\"infobanner\" style=\"background: url(https:\/\/nmcontemporaneo.com\/wp-content\/uploads\/2024\/10\/Federico-Barrault_thumb.jpg) center center no-repeat; height:210px; background-size: cover;\"><div class=\"home-message\" style=\"height:210px;\"><h5>Federico Barrault<\/h5><\/div><\/div><\/a><\/div><\/div><div id=\"panel-590-0-0-1\" class=\"so-panel widget widget_virtue_imgmenu_widget virtue_imgmenu_widget\" data-index=\"1\" ><div class=\" kadence_img_menu_widget kt_image_menu_widget-0-0-1 kad-animation\" data-animation=\"fade-in\" data-delay=\"150\"><a href=\"\/catalogo\/pintura\/daniel-lezama\/\" id=\"image-menu-id-widget-0-0-1\" class=\"homepromolink\" target=\"_self\"><div class=\"infobanner\" style=\"background: url(https:\/\/nmcontemporaneo.com\/wp-content\/uploads\/2018\/08\/img98-1-2.jpg) center center no-repeat; height:210px; background-size: cover;\"><div class=\"home-message\" style=\"height:210px;\"><h5>Daniel Lezama<\/h5><\/div><\/div><\/a><\/div><\/div><div id=\"panel-590-0-0-2\" class=\"so-panel widget widget_virtue_imgmenu_widget virtue_imgmenu_widget\" data-index=\"2\" ><div class=\" kadence_img_menu_widget kt_image_menu_widget-0-0-2 kad-animation\" data-animation=\"fade-in\" data-delay=\"150\"><a href=\"\/catalogo\/pintura\/fred-stonehouse\/\" id=\"image-menu-id-widget-0-0-2\" class=\"homepromolink\" target=\"_self\"><div class=\"infobanner\" style=\"background: url(https:\/\/nmcontemporaneo.com\/wp-content\/uploads\/2016\/09\/the-sound-of-pharoahs-horses.jpg) center center no-repeat; height:210px; background-size: cover;\"><div class=\"home-message\" style=\"height:210px;\"><h5>Fred Stonehouse<\/h5><\/div><\/div><\/a><\/div><\/div><div id=\"panel-590-0-0-3\" class=\"so-panel widget widget_virtue_imgmenu_widget virtue_imgmenu_widget\" data-index=\"3\" ><div class=\" kadence_img_menu_widget kt_image_menu_widget-0-0-3 kad-animation\" data-animation=\"fade-in\" data-delay=\"150\"><a href=\"\/catalogo\/pintura\/adolphe-lechtenberg\/\" id=\"image-menu-id-widget-0-0-3\" class=\"homepromolink\" target=\"_self\"><div class=\"infobanner\" style=\"background: url(https:\/\/nmcontemporaneo.com\/wp-content\/uploads\/2017\/06\/flotantes.jpg) center center no-repeat; height:210px; background-size: cover;\"><div class=\"home-message\" style=\"height:210px;\"><h5>Adolphe Lechtenberg<\/h5><\/div><\/div><\/a><\/div><\/div><div id=\"panel-590-0-0-4\" class=\"so-panel widget widget_virtue_imgmenu_widget virtue_imgmenu_widget\" data-index=\"4\" ><div class=\" kadence_img_menu_widget kt_image_menu_widget-0-0-4 kad-animation\" data-animation=\"fade-in\" data-delay=\"150\"><a href=\"\/catalogo\/pintura\/victor-guadalajara\/\" id=\"image-menu-id-widget-0-0-4\" class=\"homepromolink\" target=\"_self\"><div class=\"infobanner\" style=\"background: url(https:\/\/nmcontemporaneo.com\/wp-content\/uploads\/2015\/03\/hortensias.jpg) center center no-repeat; height:210px; background-size: cover;\"><div class=\"home-message\" style=\"height:210px;\"><h5>V\u00edctor Guadalajara<\/h5><\/div><\/div><\/a><\/div><\/div><div id=\"panel-590-0-0-5\" class=\"so-panel widget widget_virtue_imgmenu_widget virtue_imgmenu_widget panel-last-child\" data-index=\"5\" ><div class=\" kadence_img_menu_widget kt_image_menu_widget-0-0-5 kad-animation\" data-animation=\"fade-in\" data-delay=\"150\"><a href=\"\/catalogo\/pintura\/sergio-garval\/\" id=\"image-menu-id-widget-0-0-5\" class=\"homepromolink\" target=\"_self\"><div class=\"infobanner\" style=\"background: url(https:\/\/nmcontemporaneo.com\/wp-content\/uploads\/2015\/03\/sergiogarval_thumb2.jpg) center center no-repeat; height:210px; background-size: cover;\"><div class=\"home-message\" style=\"height:210px;\"><h5>Sergio Garval<\/h5><\/div><\/div><\/a><\/div><\/div><\/div><div id=\"pgc-590-0-1\"  class=\"panel-grid-cell\" ><div id=\"panel-590-0-1-0\" class=\"so-panel widget widget_virtue_imgmenu_widget virtue_imgmenu_widget panel-first-child\" data-index=\"6\" ><div class=\" kadence_img_menu_widget kt_image_menu_widget-0-1-0 kad-animation\" data-animation=\"fade-in\" data-delay=\"150\"><a href=\"\/catalogo\/pintura\/armando-romero\/\" id=\"image-menu-id-widget-0-1-0\" class=\"homepromolink\" target=\"_self\"><div class=\"infobanner\" style=\"background: url(https:\/\/nmcontemporaneo.com\/wp-content\/uploads\/2015\/03\/armandoromero_thumb.jpg) center center no-repeat; height:210px; background-size: cover;\"><div class=\"home-message\" style=\"height:210px;\"><h5>Armando Romero<\/h5><\/div><\/div><\/a><\/div><\/div><div id=\"panel-590-0-1-1\" class=\"so-panel widget widget_virtue_imgmenu_widget virtue_imgmenu_widget\" data-index=\"7\" ><div class=\" kadence_img_menu_widget kt_image_menu_widget-0-1-1 kad-animation\" data-animation=\"fade-in\" data-delay=\"150\"><a href=\"\/catalogo\/pintura\/victor-hugo-perez\/\" id=\"image-menu-id-widget-0-1-1\" class=\"homepromolink\" target=\"_self\"><div class=\"infobanner\" style=\"background: url(https:\/\/nmcontemporaneo.com\/wp-content\/uploads\/2018\/12\/El-pancracio.jpg) center center no-repeat; height:210px; background-size: cover;\"><div class=\"home-message\" style=\"height:210px;\"><h5>V\u00edctor Hugo P\u00e9rez<\/h5><\/div><\/div><\/a><\/div><\/div><div id=\"panel-590-0-1-2\" class=\"so-panel widget widget_virtue_imgmenu_widget virtue_imgmenu_widget\" data-index=\"8\" ><div class=\" kadence_img_menu_widget kt_image_menu_widget-0-1-2 kad-animation\" data-animation=\"fade-in\" data-delay=\"150\"><a href=\"\/catalogo\/pintura\/nora-adame\/\" id=\"image-menu-id-widget-0-1-2\" class=\"homepromolink\" target=\"_self\"><div class=\"infobanner\" style=\"background: url(https:\/\/nmcontemporaneo.com\/wp-content\/uploads\/2025\/02\/Sky-Bunny-Nora-Adame-Thumbail.jpg) center center no-repeat; height:210px; background-size: cover;\"><div class=\"home-message\" style=\"height:210px;\"><h5>Nora Adame<\/h5><\/div><\/div><\/a><\/div><\/div><div id=\"panel-590-0-1-3\" class=\"so-panel widget widget_virtue_imgmenu_widget virtue_imgmenu_widget\" data-index=\"9\" ><div class=\" kadence_img_menu_widget kt_image_menu_widget-0-1-3 kad-animation\" data-animation=\"fade-in\" data-delay=\"150\"><a href=\"\/catalogo\/pintura\/ray-smith\/\" id=\"image-menu-id-widget-0-1-3\" class=\"homepromolink\" target=\"_self\"><div class=\"infobanner\" style=\"background: url(https:\/\/nmcontemporaneo.com\/wp-content\/uploads\/2018\/12\/IMG-20181206-WA0004-1.jpg) center center no-repeat; height:210px; background-size: cover;\"><div class=\"home-message\" style=\"height:210px;\"><h5>Ray Smith<\/h5><\/div><\/div><\/a><\/div><\/div><div id=\"panel-590-0-1-4\" class=\"so-panel widget widget_virtue_imgmenu_widget virtue_imgmenu_widget\" data-index=\"10\" ><div class=\" kadence_img_menu_widget kt_image_menu_widget-0-1-4 kad-animation\" data-animation=\"fade-in\" data-delay=\"150\"><a href=\"\/catalogo\/pintura\/raul-cerrillo\/\" id=\"image-menu-id-widget-0-1-4\" class=\"homepromolink\" target=\"_self\"><div class=\"infobanner\" style=\"background: url(https:\/\/nmcontemporaneo.com\/wp-content\/uploads\/2015\/03\/raulcerrillo_thumb.jpg) center center no-repeat; height:210px; background-size: cover;\"><div class=\"home-message\" style=\"height:210px;\"><h5>Ra\u00fal Cerrillo<\/h5><\/div><\/div><\/a><\/div><\/div><div id=\"panel-590-0-1-5\" class=\"so-panel widget widget_virtue_imgmenu_widget virtue_imgmenu_widget panel-last-child\" data-index=\"11\" ><div class=\" kadence_img_menu_widget kt_image_menu_widget-0-1-5 kad-animation\" data-animation=\"fade-in\" data-delay=\"150\"><a href=\"\/catalogo\/pintura\/angel-ricardo-rios\/\" id=\"image-menu-id-widget-0-1-5\" class=\"homepromolink\" target=\"_self\"><div class=\"infobanner\" style=\"background: url(https:\/\/nmcontemporaneo.com\/wp-content\/uploads\/2015\/03\/angelricardo_thumb.jpg) center center no-repeat; height:210px; background-size: cover;\"><div class=\"home-message\" style=\"height:210px;\"><h5>\u00c1ngel Ricardo Rios<\/h5><\/div><\/div><\/a><\/div><\/div><\/div><div id=\"pgc-590-0-2\"  class=\"panel-grid-cell\" ><div id=\"panel-590-0-2-0\" class=\"so-panel widget widget_virtue_imgmenu_widget virtue_imgmenu_widget panel-first-child\" data-index=\"12\" ><div class=\" kadence_img_menu_widget kt_image_menu_widget-0-2-0 kad-animation\" data-animation=\"fade-in\" data-delay=\"150\"><a href=\"\/catalogo\/pintura\/cisco-jimenez\/\" id=\"image-menu-id-widget-0-2-0\" class=\"homepromolink\" target=\"_self\"><div class=\"infobanner\" style=\"background: url(https:\/\/nmcontemporaneo.com\/wp-content\/uploads\/2018\/02\/OAPAN-1.jpg) center center no-repeat; height:210px; background-size: cover;\"><div class=\"home-message\" style=\"height:210px;\"><h5>Cisco Jim\u00e9nez<\/h5><\/div><\/div><\/a><\/div><\/div><div id=\"panel-590-0-2-1\" class=\"so-panel widget widget_virtue_imgmenu_widget virtue_imgmenu_widget\" data-index=\"13\" ><div class=\" kadence_img_menu_widget kt_image_menu_widget-0-2-1 kad-animation\" data-animation=\"fade-in\" data-delay=\"150\"><a href=\"\/catalogo\/pintura\/nora-adame-alejandro-osorio\/\" id=\"image-menu-id-widget-0-2-1\" class=\"homepromolink\" target=\"_self\"><div class=\"infobanner\" style=\"background: url(https:\/\/nmcontemporaneo.com\/wp-content\/uploads\/2015\/03\/nora_alejandro_thumb.jpg) center center no-repeat; height:210px; background-size: cover;\"><div class=\"home-message\" style=\"height:210px;\"><h5>Nora + Alejandro<\/h5><\/div><\/div><\/a><\/div><\/div><div id=\"panel-590-0-2-2\" class=\"so-panel widget widget_virtue_imgmenu_widget virtue_imgmenu_widget\" data-index=\"14\" ><div class=\" kadence_img_menu_widget kt_image_menu_widget-0-2-2 kad-animation\" data-animation=\"fade-in\" data-delay=\"150\"><a href=\"\/catalogo\/pintura\/jesus-lugo\/\" id=\"image-menu-id-widget-0-2-2\" class=\"homepromolink\" target=\"_self\"><div class=\"infobanner\" style=\"background: url(https:\/\/nmcontemporaneo.com\/wp-content\/uploads\/2015\/03\/jesuslugo_thumb.jpg) center center no-repeat; height:210px; background-size: cover;\"><div class=\"home-message\" style=\"height:210px;\"><h5>Jesus Lugo<\/h5><\/div><\/div><\/a><\/div><\/div><div id=\"panel-590-0-2-3\" class=\"so-panel widget widget_virtue_imgmenu_widget virtue_imgmenu_widget\" data-index=\"15\" ><div class=\" kadence_img_menu_widget kt_image_menu_widget-0-2-3 kad-animation\" data-animation=\"fade-in\" data-delay=\"150\"><a href=\"\/catalogo\/pintura\/francisco-valverde\/\" id=\"image-menu-id-widget-0-2-3\" class=\"homepromolink\" target=\"_self\"><div class=\"infobanner\" style=\"background: url(https:\/\/nmcontemporaneo.com\/wp-content\/uploads\/2018\/09\/methuselah.jpg) center center no-repeat; height:210px; background-size: cover;\"><div class=\"home-message\" style=\"height:210px;\"><h5>Francisco Valverde<\/h5><\/div><\/div><\/a><\/div><\/div><div id=\"panel-590-0-2-4\" class=\"so-panel widget widget_virtue_imgmenu_widget virtue_imgmenu_widget\" data-index=\"16\" ><div class=\" kadence_img_menu_widget kt_image_menu_widget-0-2-4 kad-animation\" data-animation=\"fade-in\" data-delay=\"150\"><a href=\"\/catalogo\/pintura\/virginia-chevez\/\" id=\"image-menu-id-widget-0-2-4\" class=\"homepromolink\" target=\"_self\"><div class=\"infobanner\" style=\"background: url(https:\/\/nmcontemporaneo.com\/wp-content\/uploads\/2015\/03\/virginiachavez_thumb.jpg) center center no-repeat; height:210px; background-size: cover;\"><div class=\"home-message\" style=\"height:210px;\"><h5>Virginia Ch\u00e9vez<\/h5><\/div><\/div><\/a><\/div><\/div><div id=\"panel-590-0-2-5\" class=\"so-panel widget widget_virtue_imgmenu_widget virtue_imgmenu_widget panel-last-child\" data-index=\"17\" ><div class=\" kadence_img_menu_widget kt_image_menu_widget-0-2-5 kad-animation\" data-animation=\"fade-in\" data-delay=\"150\"><a href=\"\/catalogo\/pintura\/otros-artistas\/javier-guadarrama\/\" id=\"image-menu-id-widget-0-2-5\" class=\"homepromolink\" target=\"_self\"><div class=\"infobanner\" style=\"background: url(https:\/\/nmcontemporaneo.com\/wp-content\/uploads\/2015\/05\/javierguadarrama_thumb.jpg) center center no-repeat; height:210px; background-size: cover;\"><div class=\"home-message\" style=\"height:210px;\"><h5>Javier Guadarrama<\/h5><\/div><\/div><\/a><\/div><\/div><\/div><\/div><\/div>","protected":false},"excerpt":{"rendered":"<p>Federico BarraultDaniel LezamaFred StonehouseAdolphe LechtenbergV\u00edctor GuadalajaraSergio GarvalArmando RomeroV\u00edctor Hugo P\u00e9rezNora AdameRay SmithRa\u00fal Cerrillo\u00c1ngel Ricardo RiosCisco Jim\u00e9nezNora + AlejandroJesus LugoFrancisco ValverdeVirginia Ch\u00e9vezJavier Guadarrama<\/p>\n","protected":false},"author":25,"featured_media":13617,"parent":543,"menu_order":0,"comment_status":"open","ping_status":"closed","template":"page-fullwidth.php","meta":{"kt_blocks_editor_width":"","footnotes":""},"class_list":["post-590","page","type-page","status-publish","has-post-thumbnail","hentry"],"_links":{"self":[{"href":"https:\/\/nmcontemporaneo.com\/en\/wp-json\/wp\/v2\/pages\/590","targetHints":{"allow":["GET"]}}],"collection":[{"href":"https:\/\/nmcontemporaneo.com\/en\/wp-json\/wp\/v2\/pages"}],"about":[{"href":"https:\/\/nmcontemporaneo.com\/en\/wp-json\/wp\/v2\/types\/page"}],"author":[{"embeddable":true,"href":"https:\/\/nmcontemporaneo.com\/en\/wp-json\/wp\/v2\/users\/25"}],"replies":[{"embeddable":true,"href":"https:\/\/nmcontemporaneo.com\/en\/wp-json\/wp\/v2\/comments?post=590"}],"version-history":[{"count":7,"href":"https:\/\/nmcontemporaneo.com\/en\/wp-json\/wp\/v2\/pages\/590\/revisions"}],"predecessor-version":[{"id":13931,"href":"https:\/\/nmcontemporaneo.com\/en\/wp-json\/wp\/v2\/pages\/590\/revisions\/13931"}],"up":[{"embeddable":true,"href":"https:\/\/nmcontemporaneo.com\/en\/wp-json\/wp\/v2\/pages\/543"}],"wp:featuredmedia":[{"embeddable":true,"href":"https:\/\/nmcontemporaneo.com\/en\/wp-json\/wp\/v2\/media\/13617"}],"wp:attachment":[{"href":"https:\/\/nmcontemporaneo.com\/en\/wp-json\/wp\/v2\/media?parent=590"}],"curies":[{"name":"wp","href":"https:\/\/api.w.org\/{rel}","templated":true}]}}