{"id":9192,"date":"2022-09-06T15:30:13","date_gmt":"2022-09-06T21:30:13","guid":{"rendered":"http:\/\/nmcontemporaneo.com\/?page_id=9192"},"modified":"2025-06-21T02:04:19","modified_gmt":"2025-06-21T08:04:19","slug":"sergio-garval","status":"publish","type":"page","link":"https:\/\/nmcontemporaneo.com\/en\/catalogue\/paintings\/sergio-garval\/","title":{"rendered":"Sergio Garval"},"content":{"rendered":"<p style=\"text-align: center;\"><a href=\"..\/virginia-chevez\/\">&lt;&lt; Ant.<\/a> | <a href=\"\/catalogo\/todos-los-artistas\/\">Artistas<\/a> | <a href=\"..\/raul-cerrillo\/\">Sig. &gt;&gt;<\/a><\/p>\n<div id=\"kad-wp-gallery739\" class=\"kad-wp-gallery gallery kt-gallery-column-3 init-isotope-intrinsic reinit-isotope kad-light-wp-gallery clearfix rowtight\" data-fade-in=\"1\" data-iso-selector=\".g_item\" data-iso-style=\"masonry\" data-iso-filter=\"false\"><div class=\"tcol-lg-4 tcol-md-4 tcol-sm-4 tcol-xs-6 tcol-ss-12 g_item\"><div class=\"grid_item kt_item_fade_in kad_gallery_fade_in gallery_item\"><a href=\"https:\/\/nmcontemporaneo.com\/wp-content\/uploads\/2024\/10\/Momentos-de-eva.jpg\" data-rel=\"lightbox\" class=\"lightboxhover\"><div class=\"kt-intrinsic\" style=\"padding-bottom:133.60655737705%;\"><div itemprop=\"image\" itemscope itemtype=\"https:\/\/schema.org\/ImageObject\"><img loading=\"lazy\" decoding=\"async\" width=\"366\" height=\"489\" src=\"https:\/\/nmcontemporaneo.com\/wp-content\/uploads\/2024\/10\/Momentos-de-eva-366x489.jpg\" srcset=\"https:\/\/nmcontemporaneo.com\/wp-content\/uploads\/2024\/10\/Momentos-de-eva-366x489.jpg 366w, https:\/\/nmcontemporaneo.com\/wp-content\/uploads\/2024\/10\/Momentos-de-eva-224x300.jpg 224w, https:\/\/nmcontemporaneo.com\/wp-content\/uploads\/2024\/10\/Momentos-de-eva-732x978.jpg 732w, https:\/\/nmcontemporaneo.com\/wp-content\/uploads\/2024\/10\/Momentos-de-eva.jpg 766w\" sizes=\"auto, (max-width: 366px) 100vw, 366px\" data-caption=\"MOMENTOS DE EVA, Litograf\u00eda de L\u00e1mina, 60.5 x 80.5 cm.\" class=\"light-dropshaddow\" itemprop=\"contentUrl\" alt=\"\"><meta itemprop=\"url\" content=\"https:\/\/nmcontemporaneo.com\/wp-content\/uploads\/2024\/10\/Momentos-de-eva-366x489.jpg\"><meta itemprop=\"width\" content=\"366px\"><meta itemprop=\"height\" content=\"489px\"><\/div><\/div><div class=\"caption kad_caption\"><div class=\"kad_caption_inner\">MOMENTOS DE EVA, Litograf\u00eda de L\u00e1mina, 60.5 x 80.5 cm.<\/div><\/div><\/a><\/div><\/div><div class=\"tcol-lg-4 tcol-md-4 tcol-sm-4 tcol-xs-6 tcol-ss-12 g_item\"><div class=\"grid_item kt_item_fade_in kad_gallery_fade_in gallery_item\"><a href=\"https:\/\/nmcontemporaneo.com\/wp-content\/uploads\/2024\/10\/Nacimiento-de-Venus-a.jpg\" data-rel=\"lightbox\" class=\"lightboxhover\"><div class=\"kt-intrinsic\" style=\"padding-bottom:143.71584699454%;\"><div itemprop=\"image\" itemscope itemtype=\"https:\/\/schema.org\/ImageObject\"><img loading=\"lazy\" decoding=\"async\" width=\"366\" height=\"526\" src=\"https:\/\/nmcontemporaneo.com\/wp-content\/uploads\/2024\/10\/Nacimiento-de-Venus-a-366x526.jpg\" srcset=\"https:\/\/nmcontemporaneo.com\/wp-content\/uploads\/2024\/10\/Nacimiento-de-Venus-a-366x526.jpg 366w, https:\/\/nmcontemporaneo.com\/wp-content\/uploads\/2024\/10\/Nacimiento-de-Venus-a-209x300.jpg 209w, https:\/\/nmcontemporaneo.com\/wp-content\/uploads\/2024\/10\/Nacimiento-de-Venus-a-713x1024.jpg 713w, https:\/\/nmcontemporaneo.com\/wp-content\/uploads\/2024\/10\/Nacimiento-de-Venus-a-768x1103.jpg 768w, https:\/\/nmcontemporaneo.com\/wp-content\/uploads\/2024\/10\/Nacimiento-de-Venus-a-732x1052.jpg 732w, https:\/\/nmcontemporaneo.com\/wp-content\/uploads\/2024\/10\/Nacimiento-de-Venus-a.jpg 892w\" sizes=\"auto, (max-width: 366px) 100vw, 366px\" data-caption=\"NACIMIENTOS DE VENUS, Litograf\u00eda de L\u00e1mina. 80 x 1180 cm.\" class=\"light-dropshaddow\" itemprop=\"contentUrl\" alt=\"\"><meta itemprop=\"url\" content=\"https:\/\/nmcontemporaneo.com\/wp-content\/uploads\/2024\/10\/Nacimiento-de-Venus-a-366x526.jpg\"><meta itemprop=\"width\" content=\"366px\"><meta itemprop=\"height\" content=\"526px\"><\/div><\/div><div class=\"caption kad_caption\"><div class=\"kad_caption_inner\">NACIMIENTOS DE VENUS, Litograf\u00eda de L\u00e1mina. 80 x 1180 cm.<\/div><\/div><\/a><\/div><\/div><div class=\"tcol-lg-4 tcol-md-4 tcol-sm-4 tcol-xs-6 tcol-ss-12 g_item\"><div class=\"grid_item kt_item_fade_in kad_gallery_fade_in gallery_item\"><a href=\"https:\/\/nmcontemporaneo.com\/wp-content\/uploads\/2024\/10\/Ofelia.jpg\" data-rel=\"lightbox\" class=\"lightboxhover\"><div class=\"kt-intrinsic\" style=\"padding-bottom:130.60109289617%;\"><div itemprop=\"image\" itemscope itemtype=\"https:\/\/schema.org\/ImageObject\"><img loading=\"lazy\" decoding=\"async\" width=\"366\" height=\"478\" src=\"https:\/\/nmcontemporaneo.com\/wp-content\/uploads\/2024\/10\/Ofelia-366x478.jpg\" srcset=\"https:\/\/nmcontemporaneo.com\/wp-content\/uploads\/2024\/10\/Ofelia-366x478.jpg 366w, https:\/\/nmcontemporaneo.com\/wp-content\/uploads\/2024\/10\/Ofelia-230x300.jpg 230w, https:\/\/nmcontemporaneo.com\/wp-content\/uploads\/2024\/10\/Ofelia-784x1024.jpg 784w, https:\/\/nmcontemporaneo.com\/wp-content\/uploads\/2024\/10\/Ofelia-768x1003.jpg 768w, https:\/\/nmcontemporaneo.com\/wp-content\/uploads\/2024\/10\/Ofelia-732x956.jpg 732w, https:\/\/nmcontemporaneo.com\/wp-content\/uploads\/2024\/10\/Ofelia.jpg 960w\" sizes=\"auto, (max-width: 366px) 100vw, 366px\" data-caption=\"OFELIA , Litograf\u00eda de L\u00e1mina. 60.5 x 80.5 cm.\" class=\"light-dropshaddow\" itemprop=\"contentUrl\" alt=\"\"><meta itemprop=\"url\" content=\"https:\/\/nmcontemporaneo.com\/wp-content\/uploads\/2024\/10\/Ofelia-366x478.jpg\"><meta itemprop=\"width\" content=\"366px\"><meta itemprop=\"height\" content=\"478px\"><\/div><\/div><div class=\"caption kad_caption\"><div class=\"kad_caption_inner\">OFELIA , Litograf\u00eda de L\u00e1mina. 60.5 x 80.5 cm.<\/div><\/div><\/a><\/div><\/div><\/div>\n<p style=\"text-align: justify;\">La voluntad de Garval de referirnos a un mundo p\u00fablico violentado, a una serie de espacios en los que no existe el sanador espacio privado es golpeadora. En a\u00f1os recientes ha desarrollado una serie de fuertes escenas en torno a ciertos comportamientos colectivos en donde acent\u00faa la idea del comportamiento grupal y animal al minimizar y componer a las figuras con la intenci\u00f3n de reflejar lo grotesco, lo que no va con la idea de los buenos modales. No est\u00e1 por dem\u00e1s a\u00f1adir que sus personajes responden de igual manera a un an\u00e1lisis sociol\u00f3gico del individuo y no a la necesidad de mostrar su tragedia personal, \u00edntima. En sus pinturas, los acabados lisos y las transiciones graduales en los planos corporales ceden el paso a los brochazos impulsivos y un tanto expresionistas. El artista rompe con la noci\u00f3n del gran gusto (gestos nobles, fluidez continua de los movimientos y relaciones arm\u00f3nicas entre empujes y tensiones de las anatom\u00edas), pues le interesa quitar caretas, sopesar valores morales y referirse a su doctrina ya no como imitadora de la realidad, sino como int\u00e9rprete de la misma; su actividad es intelectual, m\u00e1s que mec\u00e1nica y por eso destroza, fragmenta y martiriza.<\/p>\n\n<div class=\"sp-wrap sp-wrap-default\">\n<div class=\"sp-head\" title=\"Expand\">\nCurriculum Vitae\n<\/div>\n<div class=\"sp-body folded\">\n<p><strong>Sergio Garval<\/strong><br \/>\n<strong>FECHA Y LUGAR DE NACIMIENTO:<\/strong><\/p>\n<p>13 de Junio de 1968, Guadalajara, Jalisco, M\u00e9xico.<\/p>\n<p><strong>ESTUDIOS:<\/strong><\/p>\n<p>Egresado de la carrera de Artes 1987-1992. Escuela de Artes Pl\u00e1sticas de la Universidad de Guadalajara, M\u00e9xico.<\/p>\n<p>Curso avanzado de pintura, impartido por el maestro Luis Nishizawa, Museo del Pueblo, Guanajuato. Noviembre de 1997.<\/p>\n<p>Summer Studio Residency New York, School of Visual Arts, New York, New York, USA. Julio de 1999.<\/p>\n<p><strong>DOCENCIA:<\/strong><\/p>\n<p>1994- 1995 Profesor de dibujo al natural. Segundo a\u00f1o de la carrera de Artes pl\u00e1sticas, Instituto Cultural Caba\u00f1as.<\/p>\n<p>1993 &#8211; 1994 Profesor de dibujo al natural. Primer a\u00f1o de la carrera de Artes Pl\u00e1sticas, Instituto Cultural Caba\u00f1as.<\/p>\n<p><strong>EXPOSICIONES INDIVIDUALES:<\/strong><\/p>\n<p>2008 EL JUEGO. Galer\u00eda Uno, Puerto Vallarta, M\u00e9xico.<\/p>\n<p>DIAS DE GUARDAR. Galer\u00eda Irma Valerio, Zacatecas, M\u00e9xico<\/p>\n<p>2007 OBRA RECIENTE. Galer\u00eda Uno, Puerto Vallarta, M\u00e9xico.<\/p>\n<p>HISTORIAS H\u00daMEDAS. Galer\u00eda Arte Actual Mexicano, Monterrey, Nuevo Le\u00f3n, M\u00e9xico.<\/p>\n<p>HORMIGAS. Museo del Pueblo, Festival internacional Cervantino. Guanajuato, M\u00e9xico.<\/p>\n<p>MOMENTOS DE EVA. Factor Arte Galer\u00eda. Guadalajara, M\u00e9xico.<\/p>\n<p>2006 NAUFRAGOS. &#8220;Shipwrecks&#8221;. Galer\u00eda Uno, Puerto Vallarta, M\u00e9xico.<\/p>\n<p>TIEMPOS DE PAYASOS. Bodega Quetzalli, Galer\u00eda Quetzalli, Oaxaca, M\u00e9xico.<\/p>\n<p>2005 CARDENALES, PAYASOS Y OTROS INVITADOS. Galer\u00eda Uno, Puerto Vallarta, M\u00e9xico.<\/p>\n<p>RITUALES. Galer\u00eda de la Secretar\u00eda de Hacienda y Cr\u00e9dito P\u00fablico, Cd. De M\u00e9xico; Museo Ra\u00fal Anguiano, Guadalajara, Jalisco.<\/p>\n<p>TIERRA BALDIA. Galer\u00eda Arte Actual Mexicano, Monterrey, Nuevo Le\u00f3n.<\/p>\n<p>2004 EL ORIGEN DEL R\u00cdO. Galer\u00eda Uno, Puerto Vallarta, M\u00e9xico.<\/p>\n<p>HABITANTES. Casa de la Cultura &#8220;Los Arquitos&#8221;, Aguascalientes, Aguascalientes; Museo de Arte Contempor\u00e1neo &#8220;Alfredo Zalce&#8221;, Morelia Michoac\u00e1n; Museo Pedro Coronel, Zacatecas, Zacatecas.<\/p>\n<p>2003 SERGIO GARVAL OBRA RECIENTE. Galer\u00eda Uno, Puerto Vallarta, M\u00e9xico.<\/p>\n<p>INSTANTES. Galer\u00eda Arte 3, Le\u00f3n Guanajuato.<\/p>\n<p>HABITANTES. Museo del Pueblo Guanajuato, Guanajuato. Exposici\u00f3n Itinerante del Circuito Centro Occidente.<\/p>\n<p>Galer\u00eda German Gedovius, Teatro La Paz, San Luis Potos\u00ed; Casa El Fald\u00f3n, Quer\u00e9taro; Casa de la Cultura, Colima, Colima; Museo de Arte Contempor\u00e1neo, Tepic, Nayarit.<\/p>\n<p>2002 D\u00cdAS DE HORMIGAS. Galer\u00eda Uno, Puerto Vallarta, M\u00e9xico.<\/p>\n<p>LUZ Y SOMBRA. Gr\u00e1fica y dibujo. Ex convento del Carmen, Guadalajara Jalisco, M\u00e9xico.<\/p>\n<p>2001 POSTRES. Galer\u00eda Uno, Puerto Vallarta, M\u00e9xico.<\/p>\n<p>SIN TITULO. Museo Pantale\u00f3n Panduro, Centro Cultural El refugio Tlaquepaque, Jalisco.<\/p>\n<p>2000 APERITIVO. Galer\u00eda Uno, Puerto Vallarta, M\u00e9xico.<\/p>\n<p>GARVAL PAINTINGS. Margeaux Kurtie Modern Art. Madrid, New Mexico, U.S.A.<\/p>\n<p>1999 WET DREAMS. Galer\u00eda Uno, Puerto Vallarta, M\u00e9xico.<\/p>\n<p>RETROSPECTIVA. Club de Industriales de Guadalajara, M\u00e9xico.<\/p>\n<p>SHOWER HISTORIES. Margeaux Kurtie Modern Art. Madrid, New Mexico, U.S.A.<\/p>\n<p>1998 SPLASH. Galer\u00eda Uno, Puerto Vallarta M\u00e9xico.<\/p>\n<p>MORADORES. Casa Museo Diego Rivera, Guanajuato, M\u00e9xico.<\/p>\n<p>TOMA CHANGO TU BANANA. Pasillo del Arte Televisa, Guadalajara, M\u00e9xico.<\/p>\n<p>1997 VARIACIONES. Galer\u00eda Alejandro Gallo, Guadalajara, M\u00e9xico.<\/p>\n<p>CACER\u00cdAS. Museo Francisco Goitia, Zacatecas, M\u00e9xico.<\/p>\n<p>1996 PRESENCIAS ATEMPORALES. Ex convento del Carmen de Guadalajara, M\u00e9xico.<\/p>\n<p>ESPACIOS CIRCUNDANTES. Museo de Arte Contempor\u00e1neo &#8220;Alfredo Zalce&#8221;, Morelia Michoac\u00e1n.<\/p>\n<p>INTROSPECCI\u00d3N X. Galer\u00eda Alejandro Gallo, Guadalajara, M\u00e9xico.<\/p>\n<p>1994 PASAJEROS. Galer\u00eda Jorge Mart\u00ednez, Universidad de Guadalajara, M\u00e9xico.<\/p>\n<p><strong>EXPOSICIONES COLECTIVAS (selecci\u00f3n):<\/strong><\/p>\n<p>2008 VISIONES: 20TH CENTURY LATIN AMERICAN ART. Boca Raton Museum of Art, FL.<\/p>\n<p>2007 COLECCI\u00d3N DE ARTE DE LA UNIVERSIDAD DE GUADALAJARA. Instituto Cultural Caba\u00f1as, Guadalajara, M\u00e9xico.<\/p>\n<p>COLECCI\u00d3N DEL MUSEO DE LA SECRETARIA DE HACIENDA Y CREDITO PUBLICO. Museo de la Secretaria de Hacienda y Cr\u00e9dito P\u00fablico, Centro Hist\u00f3rico, Cd. De M\u00e9xico.<\/p>\n<p>LATIN AMERICAN ART: MYTH &amp; REALITY. Nassau County Museum of Art, Roslyn Harbor, NY.<\/p>\n<p>2006 COLECTIVA UNO PRIMAVERA DOSMILSEIS. Galer\u00eda Naxica, Cd. de M\u00e9xico.<\/p>\n<p>TRIBUTO A DON QUIJOTE DE LA MANCHA&#8221;, Festival Cultural de Mayo, Ex Convento del Carmen, Gdl. M\u00e9xico.<\/p>\n<p>DECIMO QUINTO ANIVERSARIO. Galer\u00eda Irma Valerio, Zacatecas, Zacatecas, M\u00e9xico.<\/p>\n<p>ESTAMPAS. Factor Arte Galer\u00eda, Guadalajara, Jalisco.<\/p>\n<p>JU\u00c1REZ. LIBERTAD E IMAGEN. Palacio Nacional, Ciudad de M\u00e9xico.<\/p>\n<p>2005 SIETE ARTISTAS EN EL SEMS. Galer\u00eda Valent\u00edn G\u00f3mez Far\u00edas, Universidad de Guadalajara.<\/p>\n<p>CREACION EN MOVIMIENTO. Galer\u00eda Central, Centro Nacional de las Artes, Cd. De M\u00e9xico.<\/p>\n<p>XII BIENAL RUFINO TAMAYO. Museo de Arte de Sinaloa, Culiac\u00e1n Sinaloa; Museo de Arte de Quer\u00e9taro; Instituto Potosino de Bellas Artes; Espacio Cultural Metropolitano (Tamaulipas).<\/p>\n<p>SALON ANUAL LESBICO -GAY. Museo Universitario del Chopo, Cd. De M\u00e9xico.<\/p>\n<p>2004 LESSEDRA WORLD ART PRINT ANNUAL&#8221;. National Palace Of Culture, Sofia, Bulgaria.<\/p>\n<p>I SAL\u00d3N DE LA PINTURA. CAM, Centro de Arte Moderno, Guadalajara, JAL.<\/p>\n<p>AMIGOS Y RELATIVOS DE JAVIER CAMPOS CABELLO. Ex convento del Carmen.<\/p>\n<p>XII BIENAL RUFINO TAMAYO. Museo Rufino Tamayo Arte Contempor\u00e1neo, Cd. de M\u00e9xico; Museo de Arte Contempor\u00e1neo de Oaxaca.<\/p>\n<p>BECARIOS DEL FONCA 2003-04. Museo de la Ciudad. Quer\u00e9taro, Quer\u00e9taro.<\/p>\n<p>LATIN VISIONS &#8211; a collector&#8217;s insight. Nassau County Museum of Art, Roslyn Harbor, Long Island, New York.<\/p>\n<p>INTERNACIONAL SMALL ENGRAVING SALON CARBUNARI 2004. Florean Museum, Baia Mare, Romania.<\/p>\n<p>2\u00aa. BIENAL NACIONAL DE ARTES VISUALES DE YUCATAN 2004. Quintana Roo. Yucat\u00e1n.<\/p>\n<p>2003 LOS QUE FALTAN. Patio del Palacio del Honorable Ayuntamiento de Guadalajara. Jalisco.<\/p>\n<p>GR\u00c1FICA DE JALISCO. Museo Olga Acosta. Guanajuato Guanajuato.<\/p>\n<p>LA VIBORA DE LA PAZ &#8211; Artistas contra la Guerra. Ex convento del Carmen. Guadalajara, Jalisco; Centro Cultural Regional La More\u00f1a. La Barca Jalisco; Centro Cultural de Lagos de Moreno, Jalisco; Casa de la Cultura en Ocotl\u00e1n, Jalisco; Museo Silvestre Vargas en Tacatitl\u00e1n, Jalisco.<\/p>\n<p>PANORAMA DE LA PINTURA EN JALISCO DESDE EL 2000. Instituto Cultural Caba\u00f1as. Guadalajara, Jalisco.<\/p>\n<p>GR\u00c1FICA DE JALISCO EN CHILE. Museo Regional de Rancagua. Chile.<\/p>\n<p>LATIN AMERICAN EXHIBITION. Palazzo Mediceo, Toscana, Italia.<\/p>\n<p>GR\u00c1FICA DE JALISCO. Museo- Centro Cultural de Am\u00e9rica Latina. Costa Rica; Centro Cultural de Am\u00e9rica Latina y Museo Corea. Se\u00fal, Corea.<\/p>\n<p>3 X 6. Espacio del Arte Televisa. Guadalajara, Jalisco.<\/p>\n<p>IV BIENAL DE PINTURA Y GRABADO. Museo de Arte Contempor\u00e1neo &#8220;Alfredo Zalce Morelia, Michoac\u00e1n.<\/p>\n<p>XI CONCURSO NACIONAL DE GRABADO JOS\u00c9 GUADALUPE POSADAS Aguascalientes, M\u00e9xico.<\/p>\n<p>2002 C\u00c1MARA. Ex convento del Carmen. Guadalajara, Jalisco.<\/p>\n<p>PL\u00c1STICA CONTEMPOR\u00c1NEA DE JALISCO. Galer\u00eda Alejandro Gallo. Guadalajara, Jalisco.<\/p>\n<p>SAL\u00d3N GRAN PREMIO OMNILIFE. Museo Francisco Goitia, Zacatecas, M\u00e9xico; Museo de Arte Contempor\u00e1neo No. 8, Aguascalientes, M\u00e9xico.<\/p>\n<p>X CONCURSO NACIONAL DE GRABADO. Museo Jos\u00e9 Guadalupe Posadas. Aguascalientes, Aguascalientes.<\/p>\n<p>GR\u00c1FICA CONTEMPOR\u00c1NEA DE JALISCO. Museo de Arte Assis Chateaubriand de la Universidad Estadual de Para\u00edba. Campina Grande, Brasil.<\/p>\n<p>X BIENAL DE GRABADO Y DIBUJO DIEGO RIVERA. Museo Casa Diego Rivera, Guanajuato, Guanajuato.<\/p>\n<p>2001 PL\u00c1STICA JALISCIENSE 1950- 2000&#8221;. Museo de la Secretaria de Hacienda, Ciudad de M\u00e9xico.<\/p>\n<p>OFRENDAS DE L\u00cdNEAS Y COLORES. Ex convento del Carmen. Guadalajara, Jalisco.<\/p>\n<p>INNER JOURNEY. Henaine Fine Art, New York, USA.<\/p>\n<p>2000 35 PROMESAS DEL SIGLO XXI. Galer\u00eda de Arte Moderno Guadalajara, Jalisco.<\/p>\n<p>AUTORRETRATOS JALISCIENSES. Galer\u00eda de arte Guacha Bato Guadalajara, Jalisco.<\/p>\n<p>EUROPE ART FAIR. Geneve palexpo, Ginebra, Suiza.<\/p>\n<p>MAESTROS DEL ARTE CONTEMPOR\u00c1NEO. Galer\u00eda de Arte Ruiz Rojo, Guadalajara, Jalisco.<\/p>\n<p>50 A\u00d1OS DE LA PL\u00c1STICA JALISCIENSE. Instituto Cultural Caba\u00f1as, Guadalajara, Jalisco.<\/p>\n<p>JALISCO ARTE CONTEMPOR\u00c1NEO. C\u00e1mara de comercio de Guadalajara, Jalisco.<\/p>\n<p>GRAFICA JALISCIENSE. Instituto de Artes Graficas de Oaxaca, Oaxaca, M\u00e9xico.<\/p>\n<p>1999 SAL\u00d3N DEL DIBUJO. Centro de arte Moderno de Guadalajara. Jalisco.<\/p>\n<p>MUESTRA PL\u00c1STICA CONTEMPOR\u00c1NEO JALISCIENSE. Biblioteca Juan Jos\u00e9 Arreola. Esc. Preparatoria No. 13, Universidad de Guadalajara.<\/p>\n<p>1999 SUMMER STUDIO RESIDENCY. Open studios, school of visual arts New York, U.S.A.<\/p>\n<p>1998 OCHO LOKO. Ex convento del Carmen, Guadalajara. Jalisco.<\/p>\n<p>1997 ART MIAMI. Miami, Florida, USA.<\/p>\n<p>PL\u00c1STICA CONTEMPOR\u00c1NEA JALISCIENSE. Galer\u00eda de la estaci\u00f3n del tren el\u00e9ctrico urbano, Guadalajara, Jalisco.<\/p>\n<p>SAL\u00d3N DE OCTUBRE. Ex convento del Carmen, Guadalajara. Jalisco.<\/p>\n<p>OCHO LOKO. La caba Ajijic, Jalisco.<\/p>\n<p>ALTERNATIVAS PL\u00c1STICAS DE JALISCO. Casa de la cultura de Monterrey, N.L.; Ex convento del Carmen, Guadalajara, Jalisco.<\/p>\n<p>1996 NUEVAS ALTERNATIVAS PL\u00c1STICAS EN JALISCO. Pinacoteca de Nuevo Le\u00f3n. Monterrey, N.L.<\/p>\n<p>CUADROS DE UNA EXPOSICI\u00d3N .Teatro degollado Guadalajara, Jalisco.<\/p>\n<p>HOMENAJE A JUAN JOS\u00c9 AREOLA. Ex-convento del Carmen, Guadalajara, Jalisco.<\/p>\n<p>EL MARIACHI. Museo regional de Guadalajara. Jalisco.<\/p>\n<p>XV SAL\u00d3N DE LA VIDA Y LA MUERTE. EX convento del Carmen, Guadalajara, Jalisco.<\/p>\n<p>III SAL\u00d3N DE GALER\u00cdAS. Centro de Arte moderno de Guadalajara. Jalisco.<\/p>\n<p>TALLER DE ARTISTAS, (arte colgante).Centro de Arte Moderno de Guadalajara, Jalisco.<\/p>\n<p>1995 CONVERGENCIA DEL IRIS. Galer\u00eda de Arte Moderno Guadalajara, Jalisco.<\/p>\n<p>III SAL\u00d3N DEL GRABADO. Centro de Arte Moderno de Guadalajara.<\/p>\n<p>ler. SAL\u00d3N DE MAESTROS DE ARTES PL\u00c1STICAS DEL INSTITUTO CULTURAL CABA\u00d1AS Foro de Arte y Cultura. Guadalajara, Jalisco.<\/p>\n<p>GR\u00c1FICA EN AJIJIC. Ajijic, Jalisco.<\/p>\n<p>IV SAL\u00d3N DE ARTE JOVEN. Centro de Arte Moderno, Guadalajara, Jalisco.<\/p>\n<p>ESTAMPA. Antiguo Museo Espa\u00f1ol de Arte Contempor\u00e1neo Madrid, Espa\u00f1a.<\/p>\n<p>TALLER DE ALTERNATIVAS PL\u00c1STICAS. Centro de Arte Moderno, Guadalajara, Jalisco.<\/p>\n<p>1994 COLECTIVA DE PRIMAVERA centro cultural Roxy Guadalajara, Jalisco.<\/p>\n<p>II CERTAMEN DE PINTURA Y ESCULTURA EL CABALLO II Galer\u00eda Jorge Mart\u00ednez.<\/p>\n<p>III SAL\u00d3N DE LA PL\u00c1STICA JOVEN 94. Centro de Arte Moderno, CAM Guadalajara, Jalisco.<\/p>\n<p>TALLER DE ARTISTAS IN S\u00cd TU centro de Arte Moderno, Guadalajara, Jalisco.<\/p>\n<p>1993 CERTAMEN &#8220;EL CABALLO&#8221;. Galer\u00eda Jorge Mart\u00ednez, Universidad de Guadalajara, Jalisco.<\/p>\n<p>EXPOSICI\u00d3N PROYECTO TORNASOL. Galer\u00eda Aspis. Cagliari , Cerde\u00f1a, Italia.<\/p>\n<p>SAL\u00d3N DE OCTUBRE. Instituto Cultural Caba\u00f1as, Guadalajara, Jalisco.<\/p>\n<p>1992 BIENAL DE COLIMA &#8220;ALFONSO MICHEL&#8221;. Colima, Colima.<\/p>\n<p>HOMENAJE A FRAY ANTONIO ALCALDE. Instituto cultural Caba\u00f1as. Guadalajara, Jalisco.<\/p>\n<p>50 MENOS 1. Galer\u00eda Gavirufraja, Guadalajara, Jalisco.<\/p>\n<p>ARTE A TRAV\u00c9S DE MANOS MEXICANAS. Concentro Guadalajara, Jalisco.<\/p>\n<p>1991 TRES PINTORES. Instituto Cultural M\u00e9xico Americano. Guadalajara, Jalisco.<\/p>\n<p>ALUMNOS DE LA ESCUELA DE ARTES PL\u00c1STICAS. Casa de la cultura de Tala, Jalisco.<\/p>\n<p>ACUARELAS. Galer\u00eda Valent\u00edn G\u00f3mez Far\u00edas, Universidad de Guadalajara. Galer\u00eda de Artes Pl\u00e1sticas Universidad de Colima.<\/p>\n<p>ESMALTE SOBRE METAL. Galer\u00eda Jorge Mart\u00ednez Universidad de Guadalajara.<\/p>\n<p>16 DE SEPTIEMBRE EXPOSICI\u00d3N DE MURALES TRANSPORTABLES. Unidad Administrativa Oriente, Gdl. Jalisco.<\/p>\n<p>PINTURA IN SITU. Escuela de M\u00fasica, Universidad de Guadalajara.<\/p>\n<p>1990 ARTE JOVEN EN MOVIMIENTO. Museo L\u00f3pez Portillo. Guadalajara, Jalisco.<\/p>\n<p>OBRA GR\u00c1FICA. Sal\u00f3n Palad\u00edn de la Libertad. Unidad Administrativa Oriente, Guadalajara.<\/p>\n<p>SAL\u00d3N DE OCTUBRE. Instituto Cultural Caba\u00f1as, Guadalajara, Jalisco.<\/p>\n<p>1989 THE GUADALUPE ART AUCTION. Colorado art Institute U.S.A.<\/p>\n<p>EXPOSICI\u00d3N DEL D\u00cdA DE MUERTOS. Galer\u00eda Jorge Mart\u00ednez, Universidad de Guadalajara.<\/p>\n<p>ARTISTS TO WATCH: M\u00c9XICO. Galer\u00eda Turner Carroll, Santa Fe Nuevo M\u00e9xico, EUA.<\/p>\n<p><strong>PREMIOS Y DISTINCIONES:<\/strong><\/p>\n<p>2007-10 Becario Sistema Nacional de Creadores CONACULTA &#8211; FONCA.<\/p>\n<p>2006 Primer premio de adquisici\u00f3n, &#8220;1\u00aa. Bienal de Dibujo de las Am\u00e9ricas, Rafael Cauduro&#8221;, Tijuana, B.C., M\u00e9xico.<\/p>\n<p>2004 Premio de Adquisici\u00f3n. Premio Guadalajara 2004. Guadalajara, Jalisco. M\u00e9xico.<\/p>\n<p>2004 Premio de adquisici\u00f3n, Estampa. XI Bienal de Estampa y Dibujo Diego Rivera Guanajuato, Guanajuato.<\/p>\n<p>2003-04 Becario J\u00f3venes Creadores CONACULTA &#8211; FONCA.<\/p>\n<p>2003 &#8220;Presea Alfredo Zalce&#8221;. Cuarta Bienal De Pintura y Grabado Alfredo Zalce. Morelia, Michoac\u00e1n.<\/p>\n<p>2003 Menci\u00f3n Honor\u00edfica XI Concurso Nacional de grabado, Jos\u00e9 Guadalupe Posadas, Aguascalientes, M\u00e9xico.<\/p>\n<p>2002 Premio de adquisici\u00f3n X Concurso Nacional de grabado, Jos\u00e9 Guadalupe Posadas, Aguascalientes, M\u00e9xico.<\/p>\n<p>2002 Premio de adquisici\u00f3n, Estampa. X Bienal de Estampa y Dibujo Diego Rivera Guanajuato, Guanajuato.<\/p>\n<p>2001 Premio de adquisici\u00f3n en la categor\u00eda de Grabado, Gran Premio Nacional Omnilife.<\/p>\n<p>1998 Menci\u00f3n honor\u00edfica escultura, Gran Premio Omnilife. Guadalajara, JAL. M\u00e9xico.<\/p>\n<p>1998 Primer Premio de adquisici\u00f3n de pintura, Gran Premio Omnilife. Guadalajara, JAL. M\u00e9xico.<\/p>\n<p>1995 Primer Premio de dibujo. Sal\u00f3n de octubre&#8221;. Guadalajara, JAL. M\u00e9xico.<\/p>\n<p>1994-95 Becario de Consejo Estatal para la Cultura y las Artes. Jalisco, M\u00e9xico.<\/p>\n<p>1994 Premio de adquisici\u00f3n de escultura II Certamen de escultura el caballo Guadalajara, JAL. M\u00e9xico.<\/p>\n<p>1994 Premio de adquisici\u00f3n de Pintura, II certamen de pintura, El caballo. Guadalajara, JAL. M\u00e9xico.<\/p>\n<p>1994 Menci\u00f3n honor\u00edfica de pintura, &#8220;Sal\u00f3n de octubre&#8221;. Guadalajara, JAL. M\u00e9xico.<\/p>\n<p>1994 Segundo Premio de grabado. &#8220;Sal\u00f3n de octubre&#8221;. Guadalajara, JAL. M\u00e9xico.<\/p>\n<p>1994 Segundo Premio de dibujo, &#8220;Sal\u00f3n de octubre&#8221;. Guadalajara, JAL. M\u00e9xico.<\/p>\n<p>1993 Segundo Premio de pintura I Certamen El Caballo. Guadalajara, JAL. M\u00e9xico.<\/p>\n<div class=\"spdiv\">[collapse]<\/div>\n<\/div>\n<\/div>\n\n","protected":false},"excerpt":{"rendered":"<p>&lt;&lt; Ant. | Artistas | Sig. &gt;&gt; MOMENTOS DE EVA, Litograf\u00eda de L\u00e1mina, 60.5 x 80.5 cm.NACIMIENTOS DE VENUS, Litograf\u00eda de L\u00e1mina. 80 x 1180 cm.OFELIA , Litograf\u00eda de L\u00e1mina. 60.5 x 80.5 cm. La voluntad de Garval de referirnos &hellip; <a class=\"kt-excerpt-readmore\" href=\"https:\/\/nmcontemporaneo.com\/en\/catalogue\/paintings\/sergio-garval\/\" aria-label=\"Sergio Garval\">Read More<\/a><\/p>\n","protected":false},"author":25,"featured_media":0,"parent":590,"menu_order":0,"comment_status":"closed","ping_status":"closed","template":"page-fullwidth.php","meta":{"kt_blocks_editor_width":"","footnotes":""},"class_list":["post-9192","page","type-page","status-publish","hentry"],"_links":{"self":[{"href":"https:\/\/nmcontemporaneo.com\/en\/wp-json\/wp\/v2\/pages\/9192","targetHints":{"allow":["GET"]}}],"collection":[{"href":"https:\/\/nmcontemporaneo.com\/en\/wp-json\/wp\/v2\/pages"}],"about":[{"href":"https:\/\/nmcontemporaneo.com\/en\/wp-json\/wp\/v2\/types\/page"}],"author":[{"embeddable":true,"href":"https:\/\/nmcontemporaneo.com\/en\/wp-json\/wp\/v2\/users\/25"}],"replies":[{"embeddable":true,"href":"https:\/\/nmcontemporaneo.com\/en\/wp-json\/wp\/v2\/comments?post=9192"}],"version-history":[{"count":3,"href":"https:\/\/nmcontemporaneo.com\/en\/wp-json\/wp\/v2\/pages\/9192\/revisions"}],"predecessor-version":[{"id":14279,"href":"https:\/\/nmcontemporaneo.com\/en\/wp-json\/wp\/v2\/pages\/9192\/revisions\/14279"}],"up":[{"embeddable":true,"href":"https:\/\/nmcontemporaneo.com\/en\/wp-json\/wp\/v2\/pages\/590"}],"wp:attachment":[{"href":"https:\/\/nmcontemporaneo.com\/en\/wp-json\/wp\/v2\/media?parent=9192"}],"curies":[{"name":"wp","href":"https:\/\/api.w.org\/{rel}","templated":true}]}}