{"id":9195,"date":"2022-09-06T15:39:41","date_gmt":"2022-09-06T21:39:41","guid":{"rendered":"http:\/\/nmcontemporaneo.com\/?page_id=9195"},"modified":"2025-06-21T01:43:16","modified_gmt":"2025-06-21T07:43:16","slug":"raul-cerrillo","status":"publish","type":"page","link":"https:\/\/nmcontemporaneo.com\/en\/catalogue\/paintings\/raul-cerrillo-en\/","title":{"rendered":"Ra\u00fal Cerrillo"},"content":{"rendered":"<p style=\"text-align: center;\"><a href=\"..\/sergio-garval\/\">&lt;&lt; Previous<\/a> | <a href=\"\/catalogo\/todos-los-artistas\/\">Artists<\/a> | <a href=\"..\/angel-ricardo-rios\/\">Next &gt;&gt;<\/a><\/p>\n<div id=\"kad-wp-gallery68\" class=\"kad-wp-gallery gallery kt-gallery-column-3 init-isotope-intrinsic reinit-isotope kad-light-wp-gallery clearfix rowtight\" data-fade-in=\"1\" data-iso-selector=\".g_item\" data-iso-style=\"masonry\" data-iso-filter=\"false\"><div class=\"tcol-lg-4 tcol-md-4 tcol-sm-4 tcol-xs-6 tcol-ss-12 g_item\"><div class=\"grid_item kt_item_fade_in kad_gallery_fade_in gallery_item\"><a href=\"https:\/\/nmcontemporaneo.com\/wp-content\/uploads\/2021\/01\/H.invisibles-1web-1.jpg\" data-rel=\"lightbox\" class=\"lightboxhover\"><div class=\"kt-intrinsic\" style=\"padding-bottom:133.33333333333%;\"><div itemprop=\"image\" itemscope itemtype=\"https:\/\/schema.org\/ImageObject\"><img loading=\"lazy\" decoding=\"async\" width=\"366\" height=\"488\" src=\"https:\/\/nmcontemporaneo.com\/wp-content\/uploads\/2021\/01\/H.invisibles-1web-1-366x488.jpg\" srcset=\"https:\/\/nmcontemporaneo.com\/wp-content\/uploads\/2021\/01\/H.invisibles-1web-1-366x488.jpg 366w, https:\/\/nmcontemporaneo.com\/wp-content\/uploads\/2021\/01\/H.invisibles-1web-1-225x300.jpg 225w, https:\/\/nmcontemporaneo.com\/wp-content\/uploads\/2021\/01\/H.invisibles-1web-1.jpg 600w\" sizes=\"auto, (max-width: 366px) 100vw, 366px\" data-caption=\"H\u00e9roes Invisibles 1, \n\u00f3leo sobre tela, \n180 x 130 cm. 2020 \n\" class=\"light-dropshaddow\" itemprop=\"contentUrl\" alt=\"\"><meta itemprop=\"url\" content=\"https:\/\/nmcontemporaneo.com\/wp-content\/uploads\/2021\/01\/H.invisibles-1web-1-366x488.jpg\"><meta itemprop=\"width\" content=\"366px\"><meta itemprop=\"height\" content=\"488px\"><\/div><\/div><div class=\"caption kad_caption\"><div class=\"kad_caption_inner\">H\u00e9roes Invisibles 1, \n\u00f3leo sobre tela, \n180 x 130 cm. 2020 \n<\/div><\/div><\/a><\/div><\/div><div class=\"tcol-lg-4 tcol-md-4 tcol-sm-4 tcol-xs-6 tcol-ss-12 g_item\"><div class=\"grid_item kt_item_fade_in kad_gallery_fade_in gallery_item\"><a href=\"https:\/\/nmcontemporaneo.com\/wp-content\/uploads\/2021\/01\/H.invisibles-2web-1.jpg\" data-rel=\"lightbox\" class=\"lightboxhover\"><div class=\"kt-intrinsic\" style=\"padding-bottom:133.33333333333%;\"><div itemprop=\"image\" itemscope itemtype=\"https:\/\/schema.org\/ImageObject\"><img loading=\"lazy\" decoding=\"async\" width=\"366\" height=\"488\" src=\"https:\/\/nmcontemporaneo.com\/wp-content\/uploads\/2021\/01\/H.invisibles-2web-1-366x488.jpg\" srcset=\"https:\/\/nmcontemporaneo.com\/wp-content\/uploads\/2021\/01\/H.invisibles-2web-1-366x488.jpg 366w, https:\/\/nmcontemporaneo.com\/wp-content\/uploads\/2021\/01\/H.invisibles-2web-1-225x300.jpg 225w, https:\/\/nmcontemporaneo.com\/wp-content\/uploads\/2021\/01\/H.invisibles-2web-1.jpg 600w\" sizes=\"auto, (max-width: 366px) 100vw, 366px\" data-caption=\"H\u00e9roes Invisibles 2, \n\u00f3leo sobre tela, \n180 x 130 cm. 2020 \n\" class=\"light-dropshaddow\" itemprop=\"contentUrl\" alt=\"\"><meta itemprop=\"url\" content=\"https:\/\/nmcontemporaneo.com\/wp-content\/uploads\/2021\/01\/H.invisibles-2web-1-366x488.jpg\"><meta itemprop=\"width\" content=\"366px\"><meta itemprop=\"height\" content=\"488px\"><\/div><\/div><div class=\"caption kad_caption\"><div class=\"kad_caption_inner\">H\u00e9roes Invisibles 2, \n\u00f3leo sobre tela, \n180 x 130 cm. 2020 \n<\/div><\/div><\/a><\/div><\/div><div class=\"tcol-lg-4 tcol-md-4 tcol-sm-4 tcol-xs-6 tcol-ss-12 g_item\"><div class=\"grid_item kt_item_fade_in kad_gallery_fade_in gallery_item\"><a href=\"https:\/\/nmcontemporaneo.com\/wp-content\/uploads\/2021\/01\/H.invisibles-3web-1.jpg\" data-rel=\"lightbox\" class=\"lightboxhover\"><div class=\"kt-intrinsic\" style=\"padding-bottom:133.33333333333%;\"><div itemprop=\"image\" itemscope itemtype=\"https:\/\/schema.org\/ImageObject\"><img loading=\"lazy\" decoding=\"async\" width=\"366\" height=\"488\" src=\"https:\/\/nmcontemporaneo.com\/wp-content\/uploads\/2021\/01\/H.invisibles-3web-1-366x488.jpg\" srcset=\"https:\/\/nmcontemporaneo.com\/wp-content\/uploads\/2021\/01\/H.invisibles-3web-1-366x488.jpg 366w, https:\/\/nmcontemporaneo.com\/wp-content\/uploads\/2021\/01\/H.invisibles-3web-1-225x300.jpg 225w, https:\/\/nmcontemporaneo.com\/wp-content\/uploads\/2021\/01\/H.invisibles-3web-1.jpg 600w\" sizes=\"auto, (max-width: 366px) 100vw, 366px\" data-caption=\"H\u00e9roes Invisibles 3, \n\u00f3leo sobre tela, \n180 x 130 cm. 2020 \n\" class=\"light-dropshaddow\" itemprop=\"contentUrl\" alt=\"\"><meta itemprop=\"url\" content=\"https:\/\/nmcontemporaneo.com\/wp-content\/uploads\/2021\/01\/H.invisibles-3web-1-366x488.jpg\"><meta itemprop=\"width\" content=\"366px\"><meta itemprop=\"height\" content=\"488px\"><\/div><\/div><div class=\"caption kad_caption\"><div class=\"kad_caption_inner\">H\u00e9roes Invisibles 3, \n\u00f3leo sobre tela, \n180 x 130 cm. 2020 \n<\/div><\/div><\/a><\/div><\/div><div class=\"tcol-lg-4 tcol-md-4 tcol-sm-4 tcol-xs-6 tcol-ss-12 g_item\"><div class=\"grid_item kt_item_fade_in kad_gallery_fade_in gallery_item\"><a href=\"https:\/\/nmcontemporaneo.com\/wp-content\/uploads\/2021\/01\/enfermeros-3web-1.jpg\" data-rel=\"lightbox\" class=\"lightboxhover\"><div class=\"kt-intrinsic\" style=\"padding-bottom:133.33333333333%;\"><div itemprop=\"image\" itemscope itemtype=\"https:\/\/schema.org\/ImageObject\"><img loading=\"lazy\" decoding=\"async\" width=\"366\" height=\"488\" src=\"https:\/\/nmcontemporaneo.com\/wp-content\/uploads\/2021\/01\/enfermeros-3web-1-366x488.jpg\" srcset=\"https:\/\/nmcontemporaneo.com\/wp-content\/uploads\/2021\/01\/enfermeros-3web-1-366x488.jpg 366w, https:\/\/nmcontemporaneo.com\/wp-content\/uploads\/2021\/01\/enfermeros-3web-1-225x300.jpg 225w, https:\/\/nmcontemporaneo.com\/wp-content\/uploads\/2021\/01\/enfermeros-3web-1.jpg 600w\" sizes=\"auto, (max-width: 366px) 100vw, 366px\" data-caption=\"Enfermeros 1, \n\u00f3leo sobre tela  \n90 x 200 cm. 2020\n\" class=\"light-dropshaddow\" itemprop=\"contentUrl\" alt=\"\"><meta itemprop=\"url\" content=\"https:\/\/nmcontemporaneo.com\/wp-content\/uploads\/2021\/01\/enfermeros-3web-1-366x488.jpg\"><meta itemprop=\"width\" content=\"366px\"><meta itemprop=\"height\" content=\"488px\"><\/div><\/div><div class=\"caption kad_caption\"><div class=\"kad_caption_inner\">Enfermeros 1, \n\u00f3leo sobre tela  \n90 x 200 cm. 2020\n<\/div><\/div><\/a><\/div><\/div><div class=\"tcol-lg-4 tcol-md-4 tcol-sm-4 tcol-xs-6 tcol-ss-12 g_item\"><div class=\"grid_item kt_item_fade_in kad_gallery_fade_in gallery_item\"><a href=\"https:\/\/nmcontemporaneo.com\/wp-content\/uploads\/2021\/01\/enfermeros-2web-1.jpg\" data-rel=\"lightbox\" class=\"lightboxhover\"><div class=\"kt-intrinsic\" style=\"padding-bottom:133.33333333333%;\"><div itemprop=\"image\" itemscope itemtype=\"https:\/\/schema.org\/ImageObject\"><img loading=\"lazy\" decoding=\"async\" width=\"366\" height=\"488\" src=\"https:\/\/nmcontemporaneo.com\/wp-content\/uploads\/2021\/01\/enfermeros-2web-1-366x488.jpg\" srcset=\"https:\/\/nmcontemporaneo.com\/wp-content\/uploads\/2021\/01\/enfermeros-2web-1-366x488.jpg 366w, https:\/\/nmcontemporaneo.com\/wp-content\/uploads\/2021\/01\/enfermeros-2web-1-225x300.jpg 225w, https:\/\/nmcontemporaneo.com\/wp-content\/uploads\/2021\/01\/enfermeros-2web-1.jpg 600w\" sizes=\"auto, (max-width: 366px) 100vw, 366px\" data-caption=\"Enfermeros 2, \n\u00f3leo sobre tela  \n90 x 200 cm. 2020\n\" class=\"light-dropshaddow\" itemprop=\"contentUrl\" alt=\"\"><meta itemprop=\"url\" content=\"https:\/\/nmcontemporaneo.com\/wp-content\/uploads\/2021\/01\/enfermeros-2web-1-366x488.jpg\"><meta itemprop=\"width\" content=\"366px\"><meta itemprop=\"height\" content=\"488px\"><\/div><\/div><div class=\"caption kad_caption\"><div class=\"kad_caption_inner\">Enfermeros 2, \n\u00f3leo sobre tela  \n90 x 200 cm. 2020\n<\/div><\/div><\/a><\/div><\/div><div class=\"tcol-lg-4 tcol-md-4 tcol-sm-4 tcol-xs-6 tcol-ss-12 g_item\"><div class=\"grid_item kt_item_fade_in kad_gallery_fade_in gallery_item\"><a href=\"https:\/\/nmcontemporaneo.com\/wp-content\/uploads\/2021\/01\/enfermeros-1web-1.jpg\" data-rel=\"lightbox\" class=\"lightboxhover\"><div class=\"kt-intrinsic\" style=\"padding-bottom:133.33333333333%;\"><div itemprop=\"image\" itemscope itemtype=\"https:\/\/schema.org\/ImageObject\"><img loading=\"lazy\" decoding=\"async\" width=\"366\" height=\"488\" src=\"https:\/\/nmcontemporaneo.com\/wp-content\/uploads\/2021\/01\/enfermeros-1web-1-366x488.jpg\" srcset=\"https:\/\/nmcontemporaneo.com\/wp-content\/uploads\/2021\/01\/enfermeros-1web-1-366x488.jpg 366w, https:\/\/nmcontemporaneo.com\/wp-content\/uploads\/2021\/01\/enfermeros-1web-1-225x300.jpg 225w, https:\/\/nmcontemporaneo.com\/wp-content\/uploads\/2021\/01\/enfermeros-1web-1.jpg 600w\" sizes=\"auto, (max-width: 366px) 100vw, 366px\" data-caption=\"Enfermeros 3, \n\u00f3leo sobre tela  \n90 x 200 cm. 2020\n\" class=\"light-dropshaddow\" itemprop=\"contentUrl\" alt=\"\"><meta itemprop=\"url\" content=\"https:\/\/nmcontemporaneo.com\/wp-content\/uploads\/2021\/01\/enfermeros-1web-1-366x488.jpg\"><meta itemprop=\"width\" content=\"366px\"><meta itemprop=\"height\" content=\"488px\"><\/div><\/div><div class=\"caption kad_caption\"><div class=\"kad_caption_inner\">Enfermeros 3, \n\u00f3leo sobre tela  \n90 x 200 cm. 2020\n<\/div><\/div><\/a><\/div><\/div><div class=\"tcol-lg-4 tcol-md-4 tcol-sm-4 tcol-xs-6 tcol-ss-12 g_item\"><div class=\"grid_item kt_item_fade_in kad_gallery_fade_in gallery_item\"><a href=\"https:\/\/nmcontemporaneo.com\/wp-content\/uploads\/2021\/01\/Rutas-sagradas-2web-1.jpg\" data-rel=\"lightbox\" class=\"lightboxhover\"><div class=\"kt-intrinsic\" style=\"padding-bottom:133.33333333333%;\"><div itemprop=\"image\" itemscope itemtype=\"https:\/\/schema.org\/ImageObject\"><img loading=\"lazy\" decoding=\"async\" width=\"366\" height=\"488\" src=\"https:\/\/nmcontemporaneo.com\/wp-content\/uploads\/2021\/01\/Rutas-sagradas-2web-1-366x488.jpg\" srcset=\"https:\/\/nmcontemporaneo.com\/wp-content\/uploads\/2021\/01\/Rutas-sagradas-2web-1-366x488.jpg 366w, https:\/\/nmcontemporaneo.com\/wp-content\/uploads\/2021\/01\/Rutas-sagradas-2web-1-225x300.jpg 225w, https:\/\/nmcontemporaneo.com\/wp-content\/uploads\/2021\/01\/Rutas-sagradas-2web-1.jpg 600w\" sizes=\"auto, (max-width: 366px) 100vw, 366px\" data-caption=\"Grutas Sagradas 2, \u00f3leo sobre tela, 45 x 35 cm. 2018\" class=\"light-dropshaddow\" itemprop=\"contentUrl\" alt=\"\"><meta itemprop=\"url\" content=\"https:\/\/nmcontemporaneo.com\/wp-content\/uploads\/2021\/01\/Rutas-sagradas-2web-1-366x488.jpg\"><meta itemprop=\"width\" content=\"366px\"><meta itemprop=\"height\" content=\"488px\"><\/div><\/div><div class=\"caption kad_caption\"><div class=\"kad_caption_inner\">Grutas Sagradas 2, \u00f3leo sobre tela, 45 x 35 cm. 2018<\/div><\/div><\/a><\/div><\/div><div class=\"tcol-lg-4 tcol-md-4 tcol-sm-4 tcol-xs-6 tcol-ss-12 g_item\"><div class=\"grid_item kt_item_fade_in kad_gallery_fade_in gallery_item\"><a href=\"https:\/\/nmcontemporaneo.com\/wp-content\/uploads\/2021\/01\/Rutas-sagradas-3web-1.jpg\" data-rel=\"lightbox\" class=\"lightboxhover\"><div class=\"kt-intrinsic\" style=\"padding-bottom:133.33333333333%;\"><div itemprop=\"image\" itemscope itemtype=\"https:\/\/schema.org\/ImageObject\"><img loading=\"lazy\" decoding=\"async\" width=\"366\" height=\"488\" src=\"https:\/\/nmcontemporaneo.com\/wp-content\/uploads\/2021\/01\/Rutas-sagradas-3web-1-366x488.jpg\" srcset=\"https:\/\/nmcontemporaneo.com\/wp-content\/uploads\/2021\/01\/Rutas-sagradas-3web-1-366x488.jpg 366w, https:\/\/nmcontemporaneo.com\/wp-content\/uploads\/2021\/01\/Rutas-sagradas-3web-1-225x300.jpg 225w, https:\/\/nmcontemporaneo.com\/wp-content\/uploads\/2021\/01\/Rutas-sagradas-3web-1.jpg 600w\" sizes=\"auto, (max-width: 366px) 100vw, 366px\" data-caption=\"Grutas Sagradas 1, \u00f3leo sobre tela, 45 x 35 cm. 2018\" class=\"light-dropshaddow\" itemprop=\"contentUrl\" alt=\"\"><meta itemprop=\"url\" content=\"https:\/\/nmcontemporaneo.com\/wp-content\/uploads\/2021\/01\/Rutas-sagradas-3web-1-366x488.jpg\"><meta itemprop=\"width\" content=\"366px\"><meta itemprop=\"height\" content=\"488px\"><\/div><\/div><div class=\"caption kad_caption\"><div class=\"kad_caption_inner\">Grutas Sagradas 1, \u00f3leo sobre tela, 45 x 35 cm. 2018<\/div><\/div><\/a><\/div><\/div><div class=\"tcol-lg-4 tcol-md-4 tcol-sm-4 tcol-xs-6 tcol-ss-12 g_item\"><div class=\"grid_item kt_item_fade_in kad_gallery_fade_in gallery_item\"><a href=\"https:\/\/nmcontemporaneo.com\/wp-content\/uploads\/2021\/01\/Rutas-sagradas-1web-1.jpg\" data-rel=\"lightbox\" class=\"lightboxhover\"><div class=\"kt-intrinsic\" style=\"padding-bottom:133.33333333333%;\"><div itemprop=\"image\" itemscope itemtype=\"https:\/\/schema.org\/ImageObject\"><img loading=\"lazy\" decoding=\"async\" width=\"366\" height=\"488\" src=\"https:\/\/nmcontemporaneo.com\/wp-content\/uploads\/2021\/01\/Rutas-sagradas-1web-1-366x488.jpg\" srcset=\"https:\/\/nmcontemporaneo.com\/wp-content\/uploads\/2021\/01\/Rutas-sagradas-1web-1-366x488.jpg 366w, https:\/\/nmcontemporaneo.com\/wp-content\/uploads\/2021\/01\/Rutas-sagradas-1web-1-225x300.jpg 225w, https:\/\/nmcontemporaneo.com\/wp-content\/uploads\/2021\/01\/Rutas-sagradas-1web-1.jpg 600w\" sizes=\"auto, (max-width: 366px) 100vw, 366px\" data-caption=\"Grutas Sagradas 3, \u00f3leo sobre tela, 45 x 35 cm. 2018\" class=\"light-dropshaddow\" itemprop=\"contentUrl\" alt=\"\"><meta itemprop=\"url\" content=\"https:\/\/nmcontemporaneo.com\/wp-content\/uploads\/2021\/01\/Rutas-sagradas-1web-1-366x488.jpg\"><meta itemprop=\"width\" content=\"366px\"><meta itemprop=\"height\" content=\"488px\"><\/div><\/div><div class=\"caption kad_caption\"><div class=\"kad_caption_inner\">Grutas Sagradas 3, \u00f3leo sobre tela, 45 x 35 cm. 2018<\/div><\/div><\/a><\/div><\/div><\/div>\n<p data-start=\"0\" data-end=\"584\"><strong data-start=\"0\" data-end=\"17\">Ra\u00fal Cerrillo<\/strong> (Mexico City, 1977) is a multidisciplinary artist dedicated to self-observation as a way to access and understand the sophisticated technology of being and the human body. He explores different states of consciousness, with the creative process in painting being one of them. He creates to seek the unexpected beauty of chance encounters and believes that the human body is the greatest development ever created\u2014the perfect machine, responsible for bringing awareness and divinity to matter on the planet. For Ra\u00fal, art is like singing inwardly to awaken the spirit.<\/p>\n<p data-start=\"586\" data-end=\"1084\" data-is-last-node=\"\" data-is-only-node=\"\">He completed his academic studies at the National School of Visual Arts \u201cLa Esmeralda\u201d (INBA) in Mexico and at the Institute of Visual Arts in Puebla. His solo exhibitions have traveled across Mexico, and his works have been included in group shows in Austin, Barcelona, Milan, Paris, Venice, and London. He has received national grants, as well as several national painting awards and honorable mentions. In 2018, he was awarded the <strong data-start=\"1020\" data-end=\"1061\">National Painting Prize Alfredo Zalce<\/strong> in Morelia, Michoac\u00e1n.<\/p>\n<p style=\"text-align: justify;\">\n<div class=\"sp-wrap sp-wrap-default\">\n<div class=\"sp-head\" title=\"Expand\">\nCurriculum Vitae\n<\/div>\n<div class=\"sp-body folded\">\n<p><strong>Ra\u00fal Cerrillo \u00c1lvarez<\/strong><\/p>\n<p><strong>Birth:<\/strong> December 4, 1977<\/p>\n<p><strong>Education:<\/strong><br \/>\nNational School of Visual Arts \u201cLa Esmeralda,\u201d INBA, Mexico City<br \/>\nInstitute of Visual Arts, Puebla, Pue.<br \/>\nGlass Painting, Wheaton Village, N.J., USA<\/p>\n<p><strong>Solo Exhibitions:<\/strong><br \/>\n2012 La Casa Amarilla, <em>Profec\u00edas<\/em>. Monterrey, N.L.<br \/>\n2012 Distrito 14 Gallery, <em>La Vida es un Cigarrillo<\/em>. Monterrey, N.L.<br \/>\n2010 Taller Mec\u00e1nico Gallery, <em>That Fatalistic Sound<\/em>. Monterrey, N.L.<br \/>\n2010 Distrito 14 Gallery, <em>Somos Cosmos<\/em>. Monterrey, N.L.<br \/>\n2008 Distrito 14 Gallery, <em>El asco te protege<\/em>. Monterrey, N.L.<br \/>\n2006 Distrito 14 Gallery, <em>Intervenciones<\/em>. Monterrey, N.L.<br \/>\n2005 FIP, <em>Discursos Urbanos<\/em>. Puebla, Pue.<br \/>\n2004 Galer\u00eda Alternativa Once, <em>Proyecto V\u00eda Crucis<\/em>. Monterrey, N.L.<br \/>\n2004 Entre Estudio y Galer\u00eda, <em>Intervenciones sobre muro<\/em>. Puebla, Pue.<br \/>\n2003 JGM Arte Contempor\u00e1neo, <em>Cita en el colch\u00f3n<\/em>. Monterrey, N.L.<br \/>\n2003 JGM Arte Contempor\u00e1neo, <em>Muestra 002<\/em>, World Trade Center, Mexico City<\/p>\n<p><strong>Group Exhibitions:<\/strong><br \/>\n2012 Border Gallery, <em>Yo Primate<\/em>. Mexico City<br \/>\n2011 Pinacoteca, <em>Pinacoteca de Nuevo Le\u00f3n Collection<\/em>. Monterrey, N.L.<br \/>\n2011 Pinacoteca, <em>Alfileres<\/em> (Curated by Marco Granados). Monterrey, N.L.<br \/>\n2010 La 77 Gallery, <em>Subversi\u00f3n<\/em>. Mexico City<br \/>\n2008 Popblanos, Galer\u00eda Portales. Puebla, Pue.<br \/>\n2008 Arcaute Gallery, <em>Cordero de Dios<\/em>. San Pedro Garza Garc\u00eda, N.L.<br \/>\n2007 Museo del Centenario. San Pedro Garza Garc\u00eda, N.L.<br \/>\n2007 FORUM de las Culturas, <em>Los Nuevoleones<\/em>, Nave Generadores. Monterrey, N.L.<br \/>\n2007 Distrito 14 Gallery. Monterrey, N.L.<br \/>\n2007 Arcaute Gallery, <em>MIART Contemporary Art Fair<\/em>. Milan, Italy<br \/>\n2002 Arcaute Gallery, <em>Hardcore Exhibition<\/em>. Monterrey, N.L.<br \/>\n2001\u20132002 <em>Arte Joven<\/em>. Selected artist<br \/>\n2001\u20132002 <em>Omnilife Sal\u00f3n de Octubre<\/em>, <em>Clonaci\u00f3n Pict\u00f3rica<\/em> series. Guadalajara<br \/>\n2002 <em>Cabaretito Fat Free Collective Exhibition<\/em>, curated by Edgardo Ganado Kim<br \/>\n2001 National Center for the Arts, <em>Mirarte Video Installation<\/em>. Mexico City<br \/>\n2001 Museo del Chopo, <em>Lesbian-Gay Exhibition<\/em>, <em>Crucifixiones<\/em> and <em>Frente al Espejo<\/em> series. Mexico City<br \/>\n2001 University of Jalapa Gallery, <em>Crucifixiones<\/em> series. Jalapa, Veracruz<br \/>\n2000 Secretariat of Commerce, <em>Robert Mondavi: Pan y Vino<\/em> Exhibition. Mexico City<br \/>\n1999 Fonoteca, <em>Contratiempos<\/em>, Tribute to Pierre Menard. Veracruz, Ver.<br \/>\n1998 Library of the Universidad Iberoamericana. Puebla, Pue.<br \/>\n1997 Gallery of Glass, Wheaton Village. N.J., USA<\/p>\n<div class=\"spdiv\">[collapse]<\/div>\n<\/div>\n<\/div>\n\n","protected":false},"excerpt":{"rendered":"<p>&lt;&lt; Previous | Artists | Next &gt;&gt; H\u00e9roes Invisibles 1, \u00f3leo sobre tela, 180 x 130 cm. 2020 H\u00e9roes Invisibles 2, \u00f3leo sobre tela, 180 x 130 cm. 2020 H\u00e9roes Invisibles 3, \u00f3leo sobre tela, 180 x 130 cm. 2020 &hellip; <a class=\"kt-excerpt-readmore\" href=\"https:\/\/nmcontemporaneo.com\/en\/catalogue\/paintings\/raul-cerrillo-en\/\" aria-label=\"Ra\u00fal Cerrillo\">Read More<\/a><\/p>\n","protected":false},"author":25,"featured_media":0,"parent":590,"menu_order":0,"comment_status":"closed","ping_status":"closed","template":"page-fullwidth.php","meta":{"kt_blocks_editor_width":"","footnotes":""},"class_list":["post-9195","page","type-page","status-publish","hentry"],"_links":{"self":[{"href":"https:\/\/nmcontemporaneo.com\/en\/wp-json\/wp\/v2\/pages\/9195","targetHints":{"allow":["GET"]}}],"collection":[{"href":"https:\/\/nmcontemporaneo.com\/en\/wp-json\/wp\/v2\/pages"}],"about":[{"href":"https:\/\/nmcontemporaneo.com\/en\/wp-json\/wp\/v2\/types\/page"}],"author":[{"embeddable":true,"href":"https:\/\/nmcontemporaneo.com\/en\/wp-json\/wp\/v2\/users\/25"}],"replies":[{"embeddable":true,"href":"https:\/\/nmcontemporaneo.com\/en\/wp-json\/wp\/v2\/comments?post=9195"}],"version-history":[{"count":2,"href":"https:\/\/nmcontemporaneo.com\/en\/wp-json\/wp\/v2\/pages\/9195\/revisions"}],"predecessor-version":[{"id":14276,"href":"https:\/\/nmcontemporaneo.com\/en\/wp-json\/wp\/v2\/pages\/9195\/revisions\/14276"}],"up":[{"embeddable":true,"href":"https:\/\/nmcontemporaneo.com\/en\/wp-json\/wp\/v2\/pages\/590"}],"wp:attachment":[{"href":"https:\/\/nmcontemporaneo.com\/en\/wp-json\/wp\/v2\/media?parent=9195"}],"curies":[{"name":"wp","href":"https:\/\/api.w.org\/{rel}","templated":true}]}}