{"id":9199,"date":"2022-09-06T15:55:19","date_gmt":"2022-09-06T21:55:19","guid":{"rendered":"http:\/\/nmcontemporaneo.com\/?page_id=9199"},"modified":"2025-06-21T01:42:48","modified_gmt":"2025-06-21T07:42:48","slug":"jesus-lugo","status":"publish","type":"page","link":"https:\/\/nmcontemporaneo.com\/en\/catalogue\/paintings\/jesus-lugo-en\/","title":{"rendered":"Jes\u00fas Lugo"},"content":{"rendered":"<p style=\"text-align: center;\"><a href=\"https:\/\/nmcontemporaneo.com\/catalogo\/pintura\/nora-adame\/\">&lt;&lt; Previous<\/a> | <a href=\"\/catalogo\/todos-los-artistas\/\">All Artists<\/a> | <a href=\"https:\/\/nmcontemporaneo.com\/catalogo\/pintura\/adolphe-lechtenberg\/\">Next &gt;&gt;<\/a><\/p>\n<div id=\"kad-wp-gallery447\" class=\"kad-wp-gallery gallery kt-gallery-column-2 init-isotope-intrinsic reinit-isotope kad-light-wp-gallery clearfix rowtight\" data-fade-in=\"1\" data-iso-selector=\".g_item\" data-iso-style=\"masonry\" data-iso-filter=\"false\"><div class=\"tcol-lg-6 tcol-md-6 tcol-sm-6 tcol-xs-12 tcol-ss-12 g_item\"><div class=\"grid_item kt_item_fade_in kad_gallery_fade_in gallery_item\"><a href=\"https:\/\/nmcontemporaneo.com\/wp-content\/uploads\/2021\/05\/La-reina-1.jpg\" data-rel=\"lightbox\" class=\"lightboxhover\"><div class=\"kt-intrinsic\" style=\"padding-bottom:79.821428571429%;\"><div itemprop=\"image\" itemscope itemtype=\"https:\/\/schema.org\/ImageObject\"><img loading=\"lazy\" decoding=\"async\" width=\"560\" height=\"447\" src=\"https:\/\/nmcontemporaneo.com\/wp-content\/uploads\/2021\/05\/La-reina-1-560x447.jpg\" srcset=\"https:\/\/nmcontemporaneo.com\/wp-content\/uploads\/2021\/05\/La-reina-1-560x447.jpg 560w, https:\/\/nmcontemporaneo.com\/wp-content\/uploads\/2021\/05\/La-reina-1-300x240.jpg 300w, https:\/\/nmcontemporaneo.com\/wp-content\/uploads\/2021\/05\/La-reina-1-768x613.jpg 768w, https:\/\/nmcontemporaneo.com\/wp-content\/uploads\/2021\/05\/La-reina-1.jpg 800w\" sizes=\"auto, (max-width: 560px) 100vw, 560px\" data-caption=\"La Reina, O\u0301leo y collage sobre madera 120 x 150 cm, 2019\" class=\"light-dropshaddow\" itemprop=\"contentUrl\" alt=\"\"><meta itemprop=\"url\" content=\"https:\/\/nmcontemporaneo.com\/wp-content\/uploads\/2021\/05\/La-reina-1-560x447.jpg\"><meta itemprop=\"width\" content=\"560px\"><meta itemprop=\"height\" content=\"447px\"><\/div><\/div><div class=\"caption kad_caption\"><div class=\"kad_caption_inner\">La Reina, O\u0301leo y collage sobre madera 120 x 150 cm, 2019<\/div><\/div><\/a><\/div><\/div><div class=\"tcol-lg-6 tcol-md-6 tcol-sm-6 tcol-xs-12 tcol-ss-12 g_item\"><div class=\"grid_item kt_item_fade_in kad_gallery_fade_in gallery_item\"><a href=\"https:\/\/nmcontemporaneo.com\/wp-content\/uploads\/2021\/05\/La-caida-de-los-Tenochas-1.jpg\" data-rel=\"lightbox\" class=\"lightboxhover\"><div class=\"kt-intrinsic\" style=\"padding-bottom:78.571428571429%;\"><div itemprop=\"image\" itemscope itemtype=\"https:\/\/schema.org\/ImageObject\"><img loading=\"lazy\" decoding=\"async\" width=\"560\" height=\"440\" src=\"https:\/\/nmcontemporaneo.com\/wp-content\/uploads\/2021\/05\/La-caida-de-los-Tenochas-1-560x440.jpg\" srcset=\"https:\/\/nmcontemporaneo.com\/wp-content\/uploads\/2021\/05\/La-caida-de-los-Tenochas-1-560x440.jpg 560w, https:\/\/nmcontemporaneo.com\/wp-content\/uploads\/2021\/05\/La-caida-de-los-Tenochas-1-300x236.jpg 300w, https:\/\/nmcontemporaneo.com\/wp-content\/uploads\/2021\/05\/La-caida-de-los-Tenochas-1-768x604.jpg 768w, https:\/\/nmcontemporaneo.com\/wp-content\/uploads\/2021\/05\/La-caida-de-los-Tenochas-1.jpg 800w\" sizes=\"auto, (max-width: 560px) 100vw, 560px\" data-caption=\"La cai\u0301da de los Tenochas, O\u0301leo y collage sobre madera, 120 x 150 cm, 2019\" class=\"light-dropshaddow\" itemprop=\"contentUrl\" alt=\"\"><meta itemprop=\"url\" content=\"https:\/\/nmcontemporaneo.com\/wp-content\/uploads\/2021\/05\/La-caida-de-los-Tenochas-1-560x440.jpg\"><meta itemprop=\"width\" content=\"560px\"><meta itemprop=\"height\" content=\"440px\"><\/div><\/div><div class=\"caption kad_caption\"><div class=\"kad_caption_inner\">La cai\u0301da de los Tenochas, O\u0301leo y collage sobre madera, 120 x 150 cm, 2019<\/div><\/div><\/a><\/div><\/div><div class=\"tcol-lg-6 tcol-md-6 tcol-sm-6 tcol-xs-12 tcol-ss-12 g_item\"><div class=\"grid_item kt_item_fade_in kad_gallery_fade_in gallery_item\"><a href=\"https:\/\/nmcontemporaneo.com\/wp-content\/uploads\/2021\/05\/Museos-sin-muros-1.jpg\" data-rel=\"lightbox\" class=\"lightboxhover\"><div class=\"kt-intrinsic\" style=\"padding-bottom:80.178571428571%;\"><div itemprop=\"image\" itemscope itemtype=\"https:\/\/schema.org\/ImageObject\"><img loading=\"lazy\" decoding=\"async\" width=\"560\" height=\"449\" src=\"https:\/\/nmcontemporaneo.com\/wp-content\/uploads\/2021\/05\/Museos-sin-muros-1-560x449.jpg\" srcset=\"https:\/\/nmcontemporaneo.com\/wp-content\/uploads\/2021\/05\/Museos-sin-muros-1-560x449.jpg 560w, https:\/\/nmcontemporaneo.com\/wp-content\/uploads\/2021\/05\/Museos-sin-muros-1-300x241.jpg 300w, https:\/\/nmcontemporaneo.com\/wp-content\/uploads\/2021\/05\/Museos-sin-muros-1-768x616.jpg 768w, https:\/\/nmcontemporaneo.com\/wp-content\/uploads\/2021\/05\/Museos-sin-muros-1.jpg 800w\" sizes=\"auto, (max-width: 560px) 100vw, 560px\" data-caption=\"Museo sin Muros, O\u0301leo y collage sobre madera, 120 x 150 cm, 2019\" class=\"light-dropshaddow\" itemprop=\"contentUrl\" alt=\"\"><meta itemprop=\"url\" content=\"https:\/\/nmcontemporaneo.com\/wp-content\/uploads\/2021\/05\/Museos-sin-muros-1-560x449.jpg\"><meta itemprop=\"width\" content=\"560px\"><meta itemprop=\"height\" content=\"449px\"><\/div><\/div><div class=\"caption kad_caption\"><div class=\"kad_caption_inner\">Museo sin Muros, O\u0301leo y collage sobre madera, 120 x 150 cm, 2019<\/div><\/div><\/a><\/div><\/div><div class=\"tcol-lg-6 tcol-md-6 tcol-sm-6 tcol-xs-12 tcol-ss-12 g_item\"><div class=\"grid_item kt_item_fade_in kad_gallery_fade_in gallery_item\"><a href=\"https:\/\/nmcontemporaneo.com\/wp-content\/uploads\/2021\/05\/El-entierro.jpeg\" data-rel=\"lightbox\" class=\"lightboxhover\"><div class=\"kt-intrinsic\" style=\"padding-bottom:91.071428571429%;\"><div itemprop=\"image\" itemscope itemtype=\"https:\/\/schema.org\/ImageObject\"><img loading=\"lazy\" decoding=\"async\" width=\"560\" height=\"510\" src=\"https:\/\/nmcontemporaneo.com\/wp-content\/uploads\/2021\/05\/El-entierro-560x510.jpeg\" srcset=\"https:\/\/nmcontemporaneo.com\/wp-content\/uploads\/2021\/05\/El-entierro-560x510.jpeg 560w, https:\/\/nmcontemporaneo.com\/wp-content\/uploads\/2021\/05\/El-entierro-300x273.jpeg 300w, https:\/\/nmcontemporaneo.com\/wp-content\/uploads\/2021\/05\/El-entierro-1024x933.jpeg 1024w, https:\/\/nmcontemporaneo.com\/wp-content\/uploads\/2021\/05\/El-entierro-768x700.jpeg 768w, https:\/\/nmcontemporaneo.com\/wp-content\/uploads\/2021\/05\/El-entierro-1120x1020.jpeg 1120w, https:\/\/nmcontemporaneo.com\/wp-content\/uploads\/2021\/05\/El-entierro.jpeg 1280w\" sizes=\"auto, (max-width: 560px) 100vw, 560px\" data-caption=\"El Entierro, O\u0301leo y collage sobre madera, 160 x 180 cm, 2019\" class=\"light-dropshaddow\" itemprop=\"contentUrl\" alt=\"\"><meta itemprop=\"url\" content=\"https:\/\/nmcontemporaneo.com\/wp-content\/uploads\/2021\/05\/El-entierro-560x510.jpeg\"><meta itemprop=\"width\" content=\"560px\"><meta itemprop=\"height\" content=\"510px\"><\/div><\/div><div class=\"caption kad_caption\"><div class=\"kad_caption_inner\">El Entierro, O\u0301leo y collage sobre madera, 160 x 180 cm, 2019<\/div><\/div><\/a><\/div><\/div><div class=\"tcol-lg-6 tcol-md-6 tcol-sm-6 tcol-xs-12 tcol-ss-12 g_item\"><div class=\"grid_item kt_item_fade_in kad_gallery_fade_in gallery_item\"><a href=\"https:\/\/nmcontemporaneo.com\/wp-content\/uploads\/2021\/05\/Jesus-Lugo-1-1.jpg\" data-rel=\"lightbox\" class=\"lightboxhover\"><div class=\"kt-intrinsic\" style=\"padding-bottom:70.178571428571%;\"><div itemprop=\"image\" itemscope itemtype=\"https:\/\/schema.org\/ImageObject\"><img loading=\"lazy\" decoding=\"async\" width=\"560\" height=\"393\" src=\"https:\/\/nmcontemporaneo.com\/wp-content\/uploads\/2021\/05\/Jesus-Lugo-1-1-560x393.jpg\" srcset=\"https:\/\/nmcontemporaneo.com\/wp-content\/uploads\/2021\/05\/Jesus-Lugo-1-1-560x393.jpg 560w, https:\/\/nmcontemporaneo.com\/wp-content\/uploads\/2021\/05\/Jesus-Lugo-1-1-300x210.jpg 300w, https:\/\/nmcontemporaneo.com\/wp-content\/uploads\/2021\/05\/Jesus-Lugo-1-1-1024x718.jpg 1024w, https:\/\/nmcontemporaneo.com\/wp-content\/uploads\/2021\/05\/Jesus-Lugo-1-1-768x538.jpg 768w, https:\/\/nmcontemporaneo.com\/wp-content\/uploads\/2021\/05\/Jesus-Lugo-1-1.jpg 1027w\" sizes=\"auto, (max-width: 560px) 100vw, 560px\" data-caption=\"The assembly of Rama, O\u0301leo sobre madera, 40 x 55 cm, 2020 \u2013 2021\" class=\"light-dropshaddow\" itemprop=\"contentUrl\" alt=\"\"><meta itemprop=\"url\" content=\"https:\/\/nmcontemporaneo.com\/wp-content\/uploads\/2021\/05\/Jesus-Lugo-1-1-560x393.jpg\"><meta itemprop=\"width\" content=\"560px\"><meta itemprop=\"height\" content=\"393px\"><\/div><\/div><div class=\"caption kad_caption\"><div class=\"kad_caption_inner\">The assembly of Rama, O\u0301leo sobre madera, 40 x 55 cm, 2020 \u2013 2021<\/div><\/div><\/a><\/div><\/div><div class=\"tcol-lg-6 tcol-md-6 tcol-sm-6 tcol-xs-12 tcol-ss-12 g_item\"><div class=\"grid_item kt_item_fade_in kad_gallery_fade_in gallery_item\"><a href=\"https:\/\/nmcontemporaneo.com\/wp-content\/uploads\/2021\/05\/Jesus-Lugo-6-1.jpg\" data-rel=\"lightbox\" class=\"lightboxhover\"><div class=\"kt-intrinsic\" style=\"padding-bottom:75.178571428571%;\"><div itemprop=\"image\" itemscope itemtype=\"https:\/\/schema.org\/ImageObject\"><img loading=\"lazy\" decoding=\"async\" width=\"560\" height=\"421\" src=\"https:\/\/nmcontemporaneo.com\/wp-content\/uploads\/2021\/05\/Jesus-Lugo-6-1-560x421.jpg\" srcset=\"https:\/\/nmcontemporaneo.com\/wp-content\/uploads\/2021\/05\/Jesus-Lugo-6-1-560x421.jpg 560w, https:\/\/nmcontemporaneo.com\/wp-content\/uploads\/2021\/05\/Jesus-Lugo-6-1-300x226.jpg 300w, https:\/\/nmcontemporaneo.com\/wp-content\/uploads\/2021\/05\/Jesus-Lugo-6-1-768x577.jpg 768w, https:\/\/nmcontemporaneo.com\/wp-content\/uploads\/2021\/05\/Jesus-Lugo-6-1.jpg 919w\" sizes=\"auto, (max-width: 560px) 100vw, 560px\" data-caption=\"La cai\u0301da de los A\u0301ngeles, O\u0301leo sobre madera, 40 x 55 cm, 2020 \u2013 2021\" class=\"light-dropshaddow\" itemprop=\"contentUrl\" alt=\"\"><meta itemprop=\"url\" content=\"https:\/\/nmcontemporaneo.com\/wp-content\/uploads\/2021\/05\/Jesus-Lugo-6-1-560x421.jpg\"><meta itemprop=\"width\" content=\"560px\"><meta itemprop=\"height\" content=\"421px\"><\/div><\/div><div class=\"caption kad_caption\"><div class=\"kad_caption_inner\">La cai\u0301da de los A\u0301ngeles, O\u0301leo sobre madera, 40 x 55 cm, 2020 \u2013 2021<\/div><\/div><\/a><\/div><\/div><div class=\"tcol-lg-6 tcol-md-6 tcol-sm-6 tcol-xs-12 tcol-ss-12 g_item\"><div class=\"grid_item kt_item_fade_in kad_gallery_fade_in gallery_item\"><a href=\"https:\/\/nmcontemporaneo.com\/wp-content\/uploads\/2021\/05\/Jesus-Lugo-4.jpg\" data-rel=\"lightbox\" class=\"lightboxhover\"><div class=\"kt-intrinsic\" style=\"padding-bottom:127.32142857143%;\"><div itemprop=\"image\" itemscope itemtype=\"https:\/\/schema.org\/ImageObject\"><img loading=\"lazy\" decoding=\"async\" width=\"560\" height=\"713\" src=\"https:\/\/nmcontemporaneo.com\/wp-content\/uploads\/2021\/05\/Jesus-Lugo-4-560x713.jpg\" srcset=\"https:\/\/nmcontemporaneo.com\/wp-content\/uploads\/2021\/05\/Jesus-Lugo-4-560x713.jpg 560w, https:\/\/nmcontemporaneo.com\/wp-content\/uploads\/2021\/05\/Jesus-Lugo-4-236x300.jpg 236w, https:\/\/nmcontemporaneo.com\/wp-content\/uploads\/2021\/05\/Jesus-Lugo-4.jpg 720w\" sizes=\"auto, (max-width: 560px) 100vw, 560px\" data-caption=\"Crucifixio\u0301n, O\u0301leo sobre madera, 28 x 21.5 cm, 2020 \u2013 2021\" class=\"light-dropshaddow\" itemprop=\"contentUrl\" alt=\"\"><meta itemprop=\"url\" content=\"https:\/\/nmcontemporaneo.com\/wp-content\/uploads\/2021\/05\/Jesus-Lugo-4-560x713.jpg\"><meta itemprop=\"width\" content=\"560px\"><meta itemprop=\"height\" content=\"713px\"><\/div><\/div><div class=\"caption kad_caption\"><div class=\"kad_caption_inner\">Crucifixio\u0301n, O\u0301leo sobre madera, 28 x 21.5 cm, 2020 \u2013 2021<\/div><\/div><\/a><\/div><\/div><div class=\"tcol-lg-6 tcol-md-6 tcol-sm-6 tcol-xs-12 tcol-ss-12 g_item\"><div class=\"grid_item kt_item_fade_in kad_gallery_fade_in gallery_item\"><a href=\"https:\/\/nmcontemporaneo.com\/wp-content\/uploads\/2021\/05\/Jesus-Lugo-2-1.jpg\" data-rel=\"lightbox\" class=\"lightboxhover\"><div class=\"kt-intrinsic\" style=\"padding-bottom:128.39285714286%;\"><div itemprop=\"image\" itemscope itemtype=\"https:\/\/schema.org\/ImageObject\"><img loading=\"lazy\" decoding=\"async\" width=\"560\" height=\"719\" src=\"https:\/\/nmcontemporaneo.com\/wp-content\/uploads\/2021\/05\/Jesus-Lugo-2-1-560x719.jpg\" srcset=\"https:\/\/nmcontemporaneo.com\/wp-content\/uploads\/2021\/05\/Jesus-Lugo-2-1-560x719.jpg 560w, https:\/\/nmcontemporaneo.com\/wp-content\/uploads\/2021\/05\/Jesus-Lugo-2-1-234x300.jpg 234w, https:\/\/nmcontemporaneo.com\/wp-content\/uploads\/2021\/05\/Jesus-Lugo-2-1.jpg 720w\" sizes=\"auto, (max-width: 560px) 100vw, 560px\" data-caption=\"The Van Gogh \u0301s Wheatfield with bats, Di\u0301ptico, O\u0301leo sobre madera, 1 piezas de 30 x 30 cm y 1 pieza de 40 x 55 cm (70 x 55 cm), 2020 \u2013 2021\" class=\"light-dropshaddow\" itemprop=\"contentUrl\" alt=\"\"><meta itemprop=\"url\" content=\"https:\/\/nmcontemporaneo.com\/wp-content\/uploads\/2021\/05\/Jesus-Lugo-2-1-560x719.jpg\"><meta itemprop=\"width\" content=\"560px\"><meta itemprop=\"height\" content=\"719px\"><\/div><\/div><div class=\"caption kad_caption\"><div class=\"kad_caption_inner\">The Van Gogh \u0301s Wheatfield with bats, Di\u0301ptico, O\u0301leo sobre madera, 1 piezas de 30 x 30 cm y 1 pieza de 40 x 55 cm (70 x 55 cm), 2020 \u2013 2021<\/div><\/div><\/a><\/div><\/div><\/div>\n<p style=\"text-align: justify;\">Es sin lugar a dudas uno de los pintores m\u00e1s completos y complejos de su generaci\u00f3n. Al escucharlo hablar sobre algunos de sus cuadros, comprend\u00ed que no hab\u00eda en ellos una saturaci\u00f3n arbitraria de estructuras, personajes y objetos, sino una obsesiva y deslumbrante reflexi\u00f3n sobre la historia del arte, el oficio pict\u00f3rico y la realidad misma. Con cada pincelada en sus cuadros, aunque cada uno contenga miles y miles de pinceladas, ha sido colocada ah\u00ed por una raz\u00f3n espec\u00edfica. Las construcciones fant\u00e1sticas que a menudo se incluyen en sus trabajos pict\u00f3ricos, ya sea en su serie dedicada a las bibliotecas o la que motivaron los museos, son verdaderas instalaciones dentro del espacio pict\u00f3rico y por cierto, de las instalaciones m\u00e1s incesantes que se han visto en el \u00e1mbito mexicano.<\/p>\n\n<div class=\"sp-wrap sp-wrap-default\">\n<div class=\"sp-head\" title=\"Expand\">\nCurriculum Vitae\n<\/div>\n<div class=\"sp-body folded\">\n<p><strong>JES\u00daS LUGO PAREDES<\/strong><br \/>\nNace en la ciudad de M\u00e9xico, D.F 1963.<\/p>\n<p><strong>ESTUDIOS.<\/strong><br \/>\nEscuela Nacional de Pintura, Escultura y Grabado La esmeralda.<br \/>\nM\u00e9xico, D.F. Licenciatura en pintura. 1983-1988.<br \/>\nCertificat Elementaire de Langue Francaise Federacion de Alianzas Francesas. 1993.<\/p>\n<p><strong>PREMIOS Y DISTINCIONES.<\/strong><br \/>\nMenci\u00f3n honor\u00edfica en el concurso Encuentro de dos mundos organizado por la Alianza Francesa de Mexico, el Instituto Frances de America Latina, AirFrance y Telemecanique. 1992.<br \/>\nMenci\u00f3n honor\u00edfica Certificat Elementaire de Langue Francaise, Federaci\u00f3n de Alianzas de M\u00e9xico. 1992.<br \/>\nBecario del fonca en jovenes creadores. 1997-1998.<br \/>\nPremio de adquisicion en el II Concurso Johnnie Walker con la obra Arquitectura del te, Museo de Arte Moderno, Mexico, D.F. 1999.<br \/>\nPertenece al Sistema Nacional de Creadores de Arte FONCA-CONACULTA<br \/>\nRecibiendo la beca como miembro Nacional de Creadores Artisticos. 2001-2004. y 2004-2007.<br \/>\nPremio de Adqusicion en la XI Bienal de Pintura Rufino Tamayo con la obra La guerra franco-japonesa, Museo de arte Contemporaneo Internacional Rufino Tamayo, Ciudad de Mexico, 2002.<br \/>\nMenci\u00f3n Honorifica, The 13th Annual MexAm\/Vermont Studio Center Artist fellowship 2005 \u2013 2006.<\/p>\n<p><strong>DONACIONES.<\/strong><br \/>\nDonacion de una obra al Museo de la Secretaria de Hacienda y Credito Publico, exposicion de Pago en especie y Donaciones, Museo del Arzobispado M\u00e9xico, D.F. 2001.<br \/>\nDonaci\u00f3n de la obra, De la serie Realismo Socialista, 2003, Mixta sobre tela sobre madera, 30 x 30 cms. Al Museo de Arte L atinoamericano MoLAA, 629, Alamitos Ave, Long Beach, CA 90802. en el 2006.<\/p>\n<p><strong>EXPOSICIONES INDIVIDUALES.<\/strong><br \/>\nProyectos, Museo Diego Rivera, Guanajuato, Guanajuato. Abril, 2006<br \/>\nAfter Art Latin American Master, Los Angelas, California. USA.2005<br \/>\nProyecto para mover sombras, Galeria Lourdes Sosa. M\u00e9xico, D.F. 2003.<br \/>\nArquitecturas y circulos, Museo Casa Leon Trosky, M\u00e9xico, D.F. 1998.<br \/>\nInstituto Veracruzano de Cultrura, Mexico, D.F. 1992.<br \/>\nViento de tierra, Galeria de la Alianza Francesa de M\u00e9xico. 1990.<\/p>\n<p><strong>EXPOSICIONES COLECTIVAS.<\/strong><br \/>\nMACO, Expo Residencial Palmas Park, M\u00e9xico, D.F. Galeria Quetzalli. Abril 2007.<br \/>\nJuarez, Variaciones de una imagen, Recinto de Homenaje a Juarez, en el Palacio Nacional, Centro Historico, M\u00e9xico. Octubre 2006.<br \/>\nGrupo de los 16, Museo de Arte de Singapur, Se\u00fal Corea, centro cultural Samsung-Raemian, y Hong Kong. Febrero- Marzo 2006. Abril- Mayo 2006. Septiembre 2006.<br \/>\nMalas influencias, Bodega Quetzalli, Oaxac, Oax. Junio 2006<br \/>\nMACO, Expo Reforma, participa con la galeria Quetzalli. Abril 2006.<br \/>\nSIVAM, Casa Lamm, Febrero 2006.<br \/>\nARCO con la galeria Quetzalli, 2005.<br \/>\nEncuentros Arte popular y Arte contemporaneo, Huellas Visuales y Fomento cultural Banamex, Mexico, D.F. 2005<br \/>\nEquation du soleil Noir, Instituto de Mexico en Paris. Francia, Paris. 2004.<br \/>\nMACO,con la galeria Quetzalli, 2004, 2005, 2006<br \/>\nPago en Especie, Museo Jose Luis Cuevas. M\u00e9xico, D.F. 2004.<br \/>\nDe ida y vuelta. Galeria Quetzalli, Oaxaca, Oax. M\u00e9xico. 2004<br \/>\nMetamorfosis, Museo Contemporaneo de Zapopan, Gadalajara. M\u00e9xico 2004. y Centro cultural de Espa\u00f1a en M\u00e9xico, Octubre 2006.<br \/>\nExposici\u00f3n colectiva en Especial Art Gallery, Miami, U.S.A. 2004.<br \/>\nLos siete pecados capitales. Galleria Quetzalli Oaxaca, Oax. Exposicion intinerante 2003.<br \/>\nExposici\u00f3n de Artistas de la Galeria Lourdes Sosa, Museo de Arte Moderno Ateneo de Yucatan, Julio \u2013 Septiembre 2003.<br \/>\nExposici\u00f3n Venta de la Cruz Roja de Monterrey. 2003.<br \/>\nTodas las l\u00edneas rectas del circulo, 6 pintores contemporaneos. Museo de la Secretaria de Hacienda y credito publico, Antiguo Palacio del Arzobispado. M\u00e9xico, D.F. 2003.<br \/>\nXI Bienal de pintura Rufino Tamayo. Museo de arte Contemporaneo Internacional Rufino Tamayo, Ciudad de M\u00e9xico, 2002<br \/>\nGlosas popugraficas, Galeria de Arte Contemporaneo y Dise\u00f1o, Puebla, pue., 2002.<br \/>\nFestival Viva Vivaldi, en el Centro Cultural San Angel, y Galeria del Carmen en la Ciudad de M\u00e9xico, D.F. 2002.<br \/>\nExposicion Venta de la Cruz Roja de Monterrey. 2002.<br \/>\nDonacion de una obra al Museo del Arzobispado M\u00e9xico, D.F. 2001.<br \/>\nV Bienal Monterrey FEMSA, Monterrey Nuevo Leon. 2001.<br \/>\nExposici\u00f3n Venta de la Cruz Roja de Monterrey. 2001.<br \/>\nPaquidermos y Cronolografias, Galeria Lourdes Sosa. Polanco, M\u00e9xico, 2001<br \/>\nX Bienal de pintura Rufino Tamayo. Museo de arte Contemporaneo Internacional Rufino Tamayo, Ciudad de M\u00e9xico, 2000<br \/>\nVisiones y Diversiones Galeria Lourdes Sosa. Polanco M\u00e9xico. 2000.<br \/>\nII Concurso Pasion al rojo vivo, Johnnie Walker. Museo de Arte Moderno, M\u00e9xico, D.F. 1998.<br \/>\nIV Bienal Monterrey FEMSA, Monterrey Nuevo Leon. 1998.<br \/>\nCreaci\u00f3n en movimiento, de los becarios del FONCA Jovenes creadores 1997-1998, Centro Nacional de las Artes, M\u00e9xico, D.F.<br \/>\nArtista invitado en el V Salon Bancomer, expo, intinerante. 1998.<br \/>\nIX Bienal de pintura Rufino Tamayo. Museo de arte Contemporaneo Internacional Rufino Tamayo, Ciudad de M\u00e9xico, 1998.<br \/>\nThe second New York Mexican and Latin American Art 1998 Bellenky Gallery, Nueva York, U.S.A. 1998.<br \/>\nI Concurso Pasion al rojo vivo, Johnnie Walker. Museo de Arte Moderno, M\u00e9xico, D.F. 1997.<br \/>\nXI Encuentro Nacional de Arte Joven, Galeria del Auditorio Nacional, M\u00e9xico, D.F. 1991.<br \/>\nX Encuentro Nacional de Arte Joven, Galeria del Auditorio Nacional, M\u00e9xico, D.F. 1990.<br \/>\nVIII Encuentro Nacional de Arte Joven, Galeria del Auditorio Nacional, M\u00e9xico, D.F. 1988.<\/p>\n<div class=\"spdiv\">[collapse]<\/div>\n<\/div>\n<\/div>\n\n","protected":false},"excerpt":{"rendered":"<p>&lt;&lt; Previous | All Artists | Next &gt;&gt; La Reina, O\u0301leo y collage sobre madera 120 x 150 cm, 2019La cai\u0301da de los Tenochas, O\u0301leo y collage sobre madera, 120 x 150 cm, 2019Museo sin Muros, O\u0301leo y collage sobre &hellip; <a class=\"kt-excerpt-readmore\" href=\"https:\/\/nmcontemporaneo.com\/en\/catalogue\/paintings\/jesus-lugo-en\/\" aria-label=\"Jes\u00fas Lugo\">Read More<\/a><\/p>\n","protected":false},"author":25,"featured_media":0,"parent":590,"menu_order":0,"comment_status":"closed","ping_status":"closed","template":"page-fullwidth.php","meta":{"kt_blocks_editor_width":"","footnotes":""},"class_list":["post-9199","page","type-page","status-publish","hentry"],"_links":{"self":[{"href":"https:\/\/nmcontemporaneo.com\/en\/wp-json\/wp\/v2\/pages\/9199","targetHints":{"allow":["GET"]}}],"collection":[{"href":"https:\/\/nmcontemporaneo.com\/en\/wp-json\/wp\/v2\/pages"}],"about":[{"href":"https:\/\/nmcontemporaneo.com\/en\/wp-json\/wp\/v2\/types\/page"}],"author":[{"embeddable":true,"href":"https:\/\/nmcontemporaneo.com\/en\/wp-json\/wp\/v2\/users\/25"}],"replies":[{"embeddable":true,"href":"https:\/\/nmcontemporaneo.com\/en\/wp-json\/wp\/v2\/comments?post=9199"}],"version-history":[{"count":2,"href":"https:\/\/nmcontemporaneo.com\/en\/wp-json\/wp\/v2\/pages\/9199\/revisions"}],"predecessor-version":[{"id":14273,"href":"https:\/\/nmcontemporaneo.com\/en\/wp-json\/wp\/v2\/pages\/9199\/revisions\/14273"}],"up":[{"embeddable":true,"href":"https:\/\/nmcontemporaneo.com\/en\/wp-json\/wp\/v2\/pages\/590"}],"wp:attachment":[{"href":"https:\/\/nmcontemporaneo.com\/en\/wp-json\/wp\/v2\/media?parent=9199"}],"curies":[{"name":"wp","href":"https:\/\/api.w.org\/{rel}","templated":true}]}}