{"id":9208,"date":"2022-09-06T16:34:00","date_gmt":"2022-09-06T22:34:00","guid":{"rendered":"http:\/\/nmcontemporaneo.com\/?page_id=9208"},"modified":"2025-06-21T01:42:01","modified_gmt":"2025-06-21T07:42:01","slug":"virginia-chevez","status":"publish","type":"page","link":"https:\/\/nmcontemporaneo.com\/en\/catalogue\/paintings\/virginia-chevez-en\/","title":{"rendered":"Virginia Ch\u00e9vez"},"content":{"rendered":"<p style=\"text-align: center;\"><a href=\"https:\/\/nmcontemporaneo.com\/catalogo\/pintura\/otros-artistas\/javier-guadarrama\/\">&lt;&lt; Previous<\/a> | <a href=\"\/catalogo\/todos-los-artistas\/\">All Artists<\/a> | <a href=\"..\/sergio-garval\/\">Next &gt;&gt;<\/a><\/p>\n<div id=\"kad-wp-gallery144\" class=\"kad-wp-gallery gallery kt-gallery-column-3 init-isotope-intrinsic reinit-isotope kad-light-wp-gallery clearfix rowtight\" data-fade-in=\"1\" data-iso-selector=\".g_item\" data-iso-style=\"masonry\" data-iso-filter=\"false\"><div class=\"tcol-lg-4 tcol-md-4 tcol-sm-4 tcol-xs-6 tcol-ss-12 g_item\"><div class=\"grid_item kt_item_fade_in kad_gallery_fade_in gallery_item\"><a href=\"https:\/\/nmcontemporaneo.com\/wp-content\/uploads\/2024\/10\/unnamed-31.png\" data-rel=\"lightbox\" class=\"lightboxhover\"><div class=\"kt-intrinsic\" style=\"padding-bottom:89.890710382514%;\"><div itemprop=\"image\" itemscope itemtype=\"https:\/\/schema.org\/ImageObject\"><img loading=\"lazy\" decoding=\"async\" width=\"366\" height=\"329\" src=\"https:\/\/nmcontemporaneo.com\/wp-content\/uploads\/2024\/10\/unnamed-31-366x329.png\" srcset=\"https:\/\/nmcontemporaneo.com\/wp-content\/uploads\/2024\/10\/unnamed-31-366x329.png 366w, https:\/\/nmcontemporaneo.com\/wp-content\/uploads\/2024\/10\/unnamed-31-300x270.png 300w, https:\/\/nmcontemporaneo.com\/wp-content\/uploads\/2024\/10\/unnamed-31-768x691.png 768w, https:\/\/nmcontemporaneo.com\/wp-content\/uploads\/2024\/10\/unnamed-31-732x658.png 732w, https:\/\/nmcontemporaneo.com\/wp-content\/uploads\/2024\/10\/unnamed-31.png 924w\" sizes=\"auto, (max-width: 366px) 100vw, 366px\" data-caption=\"No dejes extinguirse la llama.\n\u00d3leo sobre lino\n350 x 320 cm. 2023\" class=\"light-dropshaddow\" itemprop=\"contentUrl\" alt=\"\"><meta itemprop=\"url\" content=\"https:\/\/nmcontemporaneo.com\/wp-content\/uploads\/2024\/10\/unnamed-31-366x329.png\"><meta itemprop=\"width\" content=\"366px\"><meta itemprop=\"height\" content=\"329px\"><\/div><\/div><div class=\"caption kad_caption\"><div class=\"kad_caption_inner\">No dejes extinguirse la llama.\n\u00d3leo sobre lino\n350 x 320 cm. 2023<\/div><\/div><\/a><\/div><\/div><div class=\"tcol-lg-4 tcol-md-4 tcol-sm-4 tcol-xs-6 tcol-ss-12 g_item\"><div class=\"grid_item kt_item_fade_in kad_gallery_fade_in gallery_item\"><a href=\"https:\/\/nmcontemporaneo.com\/wp-content\/uploads\/2021\/01\/2020-1-Chevez-copy-1.jpg\" data-rel=\"lightbox\" class=\"lightboxhover\"><div class=\"kt-intrinsic\" style=\"padding-bottom:112.84153005464%;\"><div itemprop=\"image\" itemscope itemtype=\"https:\/\/schema.org\/ImageObject\"><img loading=\"lazy\" decoding=\"async\" width=\"366\" height=\"413\" src=\"https:\/\/nmcontemporaneo.com\/wp-content\/uploads\/2021\/01\/2020-1-Chevez-copy-1-366x413.jpg\" srcset=\"https:\/\/nmcontemporaneo.com\/wp-content\/uploads\/2021\/01\/2020-1-Chevez-copy-1-366x413.jpg 366w, https:\/\/nmcontemporaneo.com\/wp-content\/uploads\/2021\/01\/2020-1-Chevez-copy-1-266x300.jpg 266w, https:\/\/nmcontemporaneo.com\/wp-content\/uploads\/2021\/01\/2020-1-Chevez-copy-1-909x1024.jpg 909w, https:\/\/nmcontemporaneo.com\/wp-content\/uploads\/2021\/01\/2020-1-Chevez-copy-1-768x866.jpg 768w, https:\/\/nmcontemporaneo.com\/wp-content\/uploads\/2021\/01\/2020-1-Chevez-copy-1-732x826.jpg 732w, https:\/\/nmcontemporaneo.com\/wp-content\/uploads\/2021\/01\/2020-1-Chevez-copy-1.jpg 960w\" sizes=\"auto, (max-width: 366px) 100vw, 366px\" data-caption=\"With lighting in your hands, \u00f3leo sobre lino, 200 x 200 cm. 2017\n\" class=\"light-dropshaddow\" itemprop=\"contentUrl\" alt=\"\"><meta itemprop=\"url\" content=\"https:\/\/nmcontemporaneo.com\/wp-content\/uploads\/2021\/01\/2020-1-Chevez-copy-1-366x413.jpg\"><meta itemprop=\"width\" content=\"366px\"><meta itemprop=\"height\" content=\"413px\"><\/div><\/div><div class=\"caption kad_caption\"><div class=\"kad_caption_inner\">With lighting in your hands, \u00f3leo sobre lino, 200 x 200 cm. 2017\n<\/div><\/div><\/a><\/div><\/div><div class=\"tcol-lg-4 tcol-md-4 tcol-sm-4 tcol-xs-6 tcol-ss-12 g_item\"><div class=\"grid_item kt_item_fade_in kad_gallery_fade_in gallery_item\"><a href=\"https:\/\/nmcontemporaneo.com\/wp-content\/uploads\/2021\/01\/Shambalaweb-e1611475313140.jpg\" data-rel=\"lightbox\" class=\"lightboxhover\"><div class=\"kt-intrinsic\" style=\"padding-bottom:73.770491803279%;\"><div itemprop=\"image\" itemscope itemtype=\"https:\/\/schema.org\/ImageObject\"><img loading=\"lazy\" decoding=\"async\" width=\"366\" height=\"270\" src=\"https:\/\/nmcontemporaneo.com\/wp-content\/uploads\/2021\/01\/Shambalaweb-e1611475313140-366x270.jpg\" srcset=\"https:\/\/nmcontemporaneo.com\/wp-content\/uploads\/2021\/01\/Shambalaweb-e1611475313140-366x270.jpg 366w, https:\/\/nmcontemporaneo.com\/wp-content\/uploads\/2021\/01\/Shambalaweb-e1611475313140-300x221.jpg 300w, https:\/\/nmcontemporaneo.com\/wp-content\/uploads\/2021\/01\/Shambalaweb-e1611475313140-732x540.jpg 732w, https:\/\/nmcontemporaneo.com\/wp-content\/uploads\/2021\/01\/Shambalaweb-e1611475313140.jpg 762w\" sizes=\"auto, (max-width: 366px) 100vw, 366px\" data-caption=\"Shambala, \u00f3leo sobre lino, 200 x 266 cm. 2018\n\" class=\"light-dropshaddow\" itemprop=\"contentUrl\" alt=\"\"><meta itemprop=\"url\" content=\"https:\/\/nmcontemporaneo.com\/wp-content\/uploads\/2021\/01\/Shambalaweb-e1611475313140-366x270.jpg\"><meta itemprop=\"width\" content=\"366px\"><meta itemprop=\"height\" content=\"270px\"><\/div><\/div><div class=\"caption kad_caption\"><div class=\"kad_caption_inner\">Shambala, \u00f3leo sobre lino, 200 x 266 cm. 2018\n<\/div><\/div><\/a><\/div><\/div><div class=\"tcol-lg-4 tcol-md-4 tcol-sm-4 tcol-xs-6 tcol-ss-12 g_item\"><div class=\"grid_item kt_item_fade_in kad_gallery_fade_in gallery_item\"><a href=\"https:\/\/nmcontemporaneo.com\/wp-content\/uploads\/2021\/01\/campo-en-doradoweb-1-e1611475465369.jpg\" data-rel=\"lightbox\" class=\"lightboxhover\"><div class=\"kt-intrinsic\" style=\"padding-bottom:100.54644808743%;\"><div itemprop=\"image\" itemscope itemtype=\"https:\/\/schema.org\/ImageObject\"><img loading=\"lazy\" decoding=\"async\" width=\"366\" height=\"368\" src=\"https:\/\/nmcontemporaneo.com\/wp-content\/uploads\/2021\/01\/campo-en-doradoweb-1-e1611475465369-366x368.jpg\" srcset=\"https:\/\/nmcontemporaneo.com\/wp-content\/uploads\/2021\/01\/campo-en-doradoweb-1-e1611475465369-366x368.jpg 366w, https:\/\/nmcontemporaneo.com\/wp-content\/uploads\/2021\/01\/campo-en-doradoweb-1-e1611475465369-298x300.jpg 298w, https:\/\/nmcontemporaneo.com\/wp-content\/uploads\/2021\/01\/campo-en-doradoweb-1-e1611475465369-150x150.jpg 150w, https:\/\/nmcontemporaneo.com\/wp-content\/uploads\/2021\/01\/campo-en-doradoweb-1-e1611475465369-100x100.jpg 100w, https:\/\/nmcontemporaneo.com\/wp-content\/uploads\/2021\/01\/campo-en-doradoweb-1-e1611475465369-732x736.jpg 732w, https:\/\/nmcontemporaneo.com\/wp-content\/uploads\/2021\/01\/campo-en-doradoweb-1-e1611475465369.jpg 762w\" sizes=\"auto, (max-width: 366px) 100vw, 366px\" data-caption=\"Campo en dorado, \u00f3leo sobre lino, 200 x 200 cm. 2018\n\" class=\"light-dropshaddow\" itemprop=\"contentUrl\" alt=\"\"><meta itemprop=\"url\" content=\"https:\/\/nmcontemporaneo.com\/wp-content\/uploads\/2021\/01\/campo-en-doradoweb-1-e1611475465369-366x368.jpg\"><meta itemprop=\"width\" content=\"366px\"><meta itemprop=\"height\" content=\"368px\"><\/div><\/div><div class=\"caption kad_caption\"><div class=\"kad_caption_inner\">Campo en dorado, \u00f3leo sobre lino, 200 x 200 cm. 2018\n<\/div><\/div><\/a><\/div><\/div><div class=\"tcol-lg-4 tcol-md-4 tcol-sm-4 tcol-xs-6 tcol-ss-12 g_item\"><div class=\"grid_item kt_item_fade_in kad_gallery_fade_in gallery_item\"><a href=\"https:\/\/nmcontemporaneo.com\/wp-content\/uploads\/2021\/01\/carpe-diem1web-1.jpg\" data-rel=\"lightbox\" class=\"lightboxhover\"><div class=\"kt-intrinsic\" style=\"padding-bottom:229.50819672131%;\"><div itemprop=\"image\" itemscope itemtype=\"https:\/\/schema.org\/ImageObject\"><img loading=\"lazy\" decoding=\"async\" width=\"366\" height=\"840\" src=\"https:\/\/nmcontemporaneo.com\/wp-content\/uploads\/2021\/01\/carpe-diem1web-1-366x840.jpg\" srcset=\"https:\/\/nmcontemporaneo.com\/wp-content\/uploads\/2021\/01\/carpe-diem1web-1-366x840.jpg 366w, https:\/\/nmcontemporaneo.com\/wp-content\/uploads\/2021\/01\/carpe-diem1web-1-131x300.jpg 131w, https:\/\/nmcontemporaneo.com\/wp-content\/uploads\/2021\/01\/carpe-diem1web-1-446x1024.jpg 446w, https:\/\/nmcontemporaneo.com\/wp-content\/uploads\/2021\/01\/carpe-diem1web-1.jpg 558w\" sizes=\"auto, (max-width: 366px) 100vw, 366px\" data-caption=\"Pied \u00e0 terre, \u00f3leo sobre lino, 300 x 150 cm. 2018\" class=\"light-dropshaddow\" itemprop=\"contentUrl\" alt=\"\"><meta itemprop=\"url\" content=\"https:\/\/nmcontemporaneo.com\/wp-content\/uploads\/2021\/01\/carpe-diem1web-1-366x840.jpg\"><meta itemprop=\"width\" content=\"366px\"><meta itemprop=\"height\" content=\"840px\"><\/div><\/div><div class=\"caption kad_caption\"><div class=\"kad_caption_inner\">Pied \u00e0 terre, \u00f3leo sobre lino, 300 x 150 cm. 2018<\/div><\/div><\/a><\/div><\/div><div class=\"tcol-lg-4 tcol-md-4 tcol-sm-4 tcol-xs-6 tcol-ss-12 g_item\"><div class=\"grid_item kt_item_fade_in kad_gallery_fade_in gallery_item\"><a href=\"https:\/\/nmcontemporaneo.com\/wp-content\/uploads\/2021\/01\/campo-de-lilas-web-1.jpg\" data-rel=\"lightbox\" class=\"lightboxhover\"><div class=\"kt-intrinsic\" style=\"padding-bottom:232.7868852459%;\"><div itemprop=\"image\" itemscope itemtype=\"https:\/\/schema.org\/ImageObject\"><img loading=\"lazy\" decoding=\"async\" width=\"366\" height=\"852\" src=\"https:\/\/nmcontemporaneo.com\/wp-content\/uploads\/2021\/01\/campo-de-lilas-web-1-366x852.jpg\" srcset=\"https:\/\/nmcontemporaneo.com\/wp-content\/uploads\/2021\/01\/campo-de-lilas-web-1-366x852.jpg 366w, https:\/\/nmcontemporaneo.com\/wp-content\/uploads\/2021\/01\/campo-de-lilas-web-1-129x300.jpg 129w, https:\/\/nmcontemporaneo.com\/wp-content\/uploads\/2021\/01\/campo-de-lilas-web-1-440x1024.jpg 440w, https:\/\/nmcontemporaneo.com\/wp-content\/uploads\/2021\/01\/campo-de-lilas-web-1.jpg 550w\" sizes=\"auto, (max-width: 366px) 100vw, 366px\" data-caption=\"Campo de lilas, \u00f3leo sobre lino, 300 x 150 cm. 2018\" class=\"light-dropshaddow\" itemprop=\"contentUrl\" alt=\"\"><meta itemprop=\"url\" content=\"https:\/\/nmcontemporaneo.com\/wp-content\/uploads\/2021\/01\/campo-de-lilas-web-1-366x852.jpg\"><meta itemprop=\"width\" content=\"366px\"><meta itemprop=\"height\" content=\"852px\"><\/div><\/div><div class=\"caption kad_caption\"><div class=\"kad_caption_inner\">Campo de lilas, \u00f3leo sobre lino, 300 x 150 cm. 2018<\/div><\/div><\/a><\/div><\/div><div class=\"tcol-lg-4 tcol-md-4 tcol-sm-4 tcol-xs-6 tcol-ss-12 g_item\"><div class=\"grid_item kt_item_fade_in kad_gallery_fade_in gallery_item\"><a href=\"https:\/\/nmcontemporaneo.com\/wp-content\/uploads\/2021\/01\/campo-2web-1.jpg\" data-rel=\"lightbox\" class=\"lightboxhover\"><div class=\"kt-intrinsic\" style=\"padding-bottom:200%;\"><div itemprop=\"image\" itemscope itemtype=\"https:\/\/schema.org\/ImageObject\"><img loading=\"lazy\" decoding=\"async\" width=\"366\" height=\"732\" src=\"https:\/\/nmcontemporaneo.com\/wp-content\/uploads\/2021\/01\/campo-2web-1-366x732.jpg\" srcset=\"https:\/\/nmcontemporaneo.com\/wp-content\/uploads\/2021\/01\/campo-2web-1-366x732.jpg 366w, https:\/\/nmcontemporaneo.com\/wp-content\/uploads\/2021\/01\/campo-2web-1-150x300.jpg 150w, https:\/\/nmcontemporaneo.com\/wp-content\/uploads\/2021\/01\/campo-2web-1.jpg 512w\" sizes=\"auto, (max-width: 366px) 100vw, 366px\" data-caption=\"Escritos sagrados, \u00f3leo sobre lino, 300 x 150 cm. 2018\" class=\"light-dropshaddow\" itemprop=\"contentUrl\" alt=\"\"><meta itemprop=\"url\" content=\"https:\/\/nmcontemporaneo.com\/wp-content\/uploads\/2021\/01\/campo-2web-1-366x732.jpg\"><meta itemprop=\"width\" content=\"366px\"><meta itemprop=\"height\" content=\"732px\"><\/div><\/div><div class=\"caption kad_caption\"><div class=\"kad_caption_inner\">Escritos sagrados, \u00f3leo sobre lino, 300 x 150 cm. 2018<\/div><\/div><\/a><\/div><\/div><div class=\"tcol-lg-4 tcol-md-4 tcol-sm-4 tcol-xs-6 tcol-ss-12 g_item\"><div class=\"grid_item kt_item_fade_in kad_gallery_fade_in gallery_item\"><a href=\"https:\/\/nmcontemporaneo.com\/wp-content\/uploads\/2021\/01\/2020-2.2-Chevez-1.jpg\" data-rel=\"lightbox\" class=\"lightboxhover\"><div class=\"kt-intrinsic\" style=\"padding-bottom:181.69398907104%;\"><div itemprop=\"image\" itemscope itemtype=\"https:\/\/schema.org\/ImageObject\"><img loading=\"lazy\" decoding=\"async\" width=\"366\" height=\"665\" src=\"https:\/\/nmcontemporaneo.com\/wp-content\/uploads\/2021\/01\/2020-2.2-Chevez-1-366x665.jpg\" srcset=\"https:\/\/nmcontemporaneo.com\/wp-content\/uploads\/2021\/01\/2020-2.2-Chevez-1-366x665.jpg 366w, https:\/\/nmcontemporaneo.com\/wp-content\/uploads\/2021\/01\/2020-2.2-Chevez-1-165x300.jpg 165w, https:\/\/nmcontemporaneo.com\/wp-content\/uploads\/2021\/01\/2020-2.2-Chevez-1-563x1024.jpg 563w, https:\/\/nmcontemporaneo.com\/wp-content\/uploads\/2021\/01\/2020-2.2-Chevez-1.jpg 638w\" sizes=\"auto, (max-width: 366px) 100vw, 366px\" data-caption=\"Sombras y luces 2, \u00f3leo sobre lino, 180 x 100 cm. 2018 \" class=\"light-dropshaddow\" itemprop=\"contentUrl\" alt=\"\"><meta itemprop=\"url\" content=\"https:\/\/nmcontemporaneo.com\/wp-content\/uploads\/2021\/01\/2020-2.2-Chevez-1-366x665.jpg\"><meta itemprop=\"width\" content=\"366px\"><meta itemprop=\"height\" content=\"665px\"><\/div><\/div><div class=\"caption kad_caption\"><div class=\"kad_caption_inner\">Sombras y luces 2, \u00f3leo sobre lino, 180 x 100 cm. 2018 <\/div><\/div><\/a><\/div><\/div><div class=\"tcol-lg-4 tcol-md-4 tcol-sm-4 tcol-xs-6 tcol-ss-12 g_item\"><div class=\"grid_item kt_item_fade_in kad_gallery_fade_in gallery_item\"><a href=\"https:\/\/nmcontemporaneo.com\/wp-content\/uploads\/2021\/01\/2020-2.1-Chevez-1.jpg\" data-rel=\"lightbox\" class=\"lightboxhover\"><div class=\"kt-intrinsic\" style=\"padding-bottom:179.78142076503%;\"><div itemprop=\"image\" itemscope itemtype=\"https:\/\/schema.org\/ImageObject\"><img loading=\"lazy\" decoding=\"async\" width=\"366\" height=\"658\" src=\"https:\/\/nmcontemporaneo.com\/wp-content\/uploads\/2021\/01\/2020-2.1-Chevez-1-366x658.jpg\" srcset=\"https:\/\/nmcontemporaneo.com\/wp-content\/uploads\/2021\/01\/2020-2.1-Chevez-1-366x658.jpg 366w, https:\/\/nmcontemporaneo.com\/wp-content\/uploads\/2021\/01\/2020-2.1-Chevez-1-167x300.jpg 167w, https:\/\/nmcontemporaneo.com\/wp-content\/uploads\/2021\/01\/2020-2.1-Chevez-1-569x1024.jpg 569w, https:\/\/nmcontemporaneo.com\/wp-content\/uploads\/2021\/01\/2020-2.1-Chevez-1.jpg 645w\" sizes=\"auto, (max-width: 366px) 100vw, 366px\" data-caption=\"Sombras y luces 1, \u00f3leo sobre lino, 180 x 100 cm. 2018 \" class=\"light-dropshaddow\" itemprop=\"contentUrl\" alt=\"\"><meta itemprop=\"url\" content=\"https:\/\/nmcontemporaneo.com\/wp-content\/uploads\/2021\/01\/2020-2.1-Chevez-1-366x658.jpg\"><meta itemprop=\"width\" content=\"366px\"><meta itemprop=\"height\" content=\"658px\"><\/div><\/div><div class=\"caption kad_caption\"><div class=\"kad_caption_inner\">Sombras y luces 1, \u00f3leo sobre lino, 180 x 100 cm. 2018 <\/div><\/div><\/a><\/div><\/div><\/div>\n<p><iframe loading=\"lazy\" src=\"https:\/\/www.youtube.com\/embed\/7HRgV-VXx_E?rel=0\" width=\"560\" height=\"315\" frameborder=\"0\" allowfullscreen=\"allowfullscreen\"><\/iframe><\/p>\n<p style=\"text-align: justify;\">To observe the work of Virginia Ch\u00e9vez is to transcend the boundaries of oil and canvas, to immerse oneself in a world of total peace and absolute silence, where the soul discovers itself enjoying the inner landscape. Colors intertwine in complete harmony with the sound of the universe, shades that envelop us in an eternal embrace, transporting us to the fundamental home of being. A solitary contemplation that welcomes and shelters; meditation transformed into painting, inviting us to forget existence and surrender before the immensity of the universe.<\/p>\n\n<div class=\"sp-wrap sp-wrap-default\">\n<div class=\"sp-head\" title=\"Expand\">\nCurriculum Vitae\n<\/div>\n<div class=\"sp-body folded\">\n<p><strong>Virginia Ch\u00e9vez<\/strong><\/p>\n<div>Born in 1961 in Mexico City.<\/div>\n<div>&nbsp;<\/div>\n<div>Degree in Design &nbsp;Graphic Communication at UAM, Xochimilco campus, (1987-1991). Later comes a few months as a listener to the Production Workshop Ignacio Salazar at the National School of Plastic Arts of the UNAM and drawing workshops courses at the same institution (1991-92).<\/div>\n<div>&nbsp;<\/div>\n<div>Momento Dual,in the Cultural Center in Coyoacan Reyes Heroics (1991, Mexico, DF), is the first of the 17 individual exhibitions he has done so far in her career. In 2011 he presented her book Painting. 22 Collections. <span class=\"il\">Virginia<\/span> <span class=\"il\">Ch\u00e9vez<\/span> with a photo tour of her&nbsp;works in twenty Documentas private collections. Her most recent work was presented in Casa Lamm, the Poedra-Verso March 11 to April 21, 2015 for which a book showing the creative and intimate process the artist was published and includes poems written by Dra. Ana Maria Saldivar to accompany each of the works.<\/div>\n<div>&nbsp;<\/div>\n<div>It has more than thirty group exhibitions in Mexico and other countries such as Switzerland, the United States and Canada.<\/div>\n<div>&nbsp;<\/div>\n<div>She was awarded the &#8220;Young Artists Scholarship&#8221; in its edition from 1995 to 1996 and an Honorable Mention in the &#8220;Second Biennial Nutrition&#8221; in 1997.<\/div>\n<div>&nbsp;<\/div>\n<div>He &nbsp;lives and works in Mexico City, Mexico.<\/div>\n<div class=\"spdiv\">[collapse]<\/div>\n<\/div>\n<\/div>\n\n","protected":false},"excerpt":{"rendered":"<p>&lt;&lt; Previous | All Artists | Next &gt;&gt; No dejes extinguirse la llama. \u00d3leo sobre lino 350 x 320 cm. 2023With lighting in your hands, \u00f3leo sobre lino, 200 x 200 cm. 2017 Shambala, \u00f3leo sobre lino, 200 x 266 &hellip; <a class=\"kt-excerpt-readmore\" href=\"https:\/\/nmcontemporaneo.com\/en\/catalogue\/paintings\/virginia-chevez-en\/\" aria-label=\"Virginia Ch\u00e9vez\">Read More<\/a><\/p>\n","protected":false},"author":25,"featured_media":0,"parent":590,"menu_order":0,"comment_status":"closed","ping_status":"closed","template":"page-fullwidth.php","meta":{"kt_blocks_editor_width":"","footnotes":""},"class_list":["post-9208","page","type-page","status-publish","hentry"],"_links":{"self":[{"href":"https:\/\/nmcontemporaneo.com\/en\/wp-json\/wp\/v2\/pages\/9208","targetHints":{"allow":["GET"]}}],"collection":[{"href":"https:\/\/nmcontemporaneo.com\/en\/wp-json\/wp\/v2\/pages"}],"about":[{"href":"https:\/\/nmcontemporaneo.com\/en\/wp-json\/wp\/v2\/types\/page"}],"author":[{"embeddable":true,"href":"https:\/\/nmcontemporaneo.com\/en\/wp-json\/wp\/v2\/users\/25"}],"replies":[{"embeddable":true,"href":"https:\/\/nmcontemporaneo.com\/en\/wp-json\/wp\/v2\/comments?post=9208"}],"version-history":[{"count":4,"href":"https:\/\/nmcontemporaneo.com\/en\/wp-json\/wp\/v2\/pages\/9208\/revisions"}],"predecessor-version":[{"id":14270,"href":"https:\/\/nmcontemporaneo.com\/en\/wp-json\/wp\/v2\/pages\/9208\/revisions\/14270"}],"up":[{"embeddable":true,"href":"https:\/\/nmcontemporaneo.com\/en\/wp-json\/wp\/v2\/pages\/590"}],"wp:attachment":[{"href":"https:\/\/nmcontemporaneo.com\/en\/wp-json\/wp\/v2\/media?parent=9208"}],"curies":[{"name":"wp","href":"https:\/\/api.w.org\/{rel}","templated":true}]}}