{"id":9211,"date":"2022-09-06T16:43:38","date_gmt":"2022-09-06T22:43:38","guid":{"rendered":"http:\/\/nmcontemporaneo.com\/?page_id=9211"},"modified":"2025-06-23T12:25:10","modified_gmt":"2025-06-23T18:25:10","slug":"claudia-gallegos","status":"publish","type":"page","link":"https:\/\/nmcontemporaneo.com\/en\/catalogue\/paintings\/other-artists\/claudia-gallegos-en\/","title":{"rendered":"Claudia Gallegos"},"content":{"rendered":"<p style=\"text-align: center; font-family: Century Gothic;\"><a href=\"\/catalogo\/todos-los-artistas\/\">All Artists<\/a> | <a href=\"..\/javier-guadarrama\/\">Next &gt;&gt;<\/a><\/p>\n<div id=\"kad-wp-gallery493\" class=\"kad-wp-gallery gallery kt-gallery-column-3 init-isotope-intrinsic reinit-isotope kad-light-wp-gallery clearfix rowtight\" data-fade-in=\"1\" data-iso-selector=\".g_item\" data-iso-style=\"masonry\" data-iso-filter=\"false\"><div class=\"tcol-lg-4 tcol-md-4 tcol-sm-4 tcol-xs-6 tcol-ss-12 g_item\"><div class=\"grid_item kt_item_fade_in kad_gallery_fade_in gallery_item\"><a href=\"https:\/\/nmcontemporaneo.com\/wp-content\/uploads\/2010\/02\/respiro.jpg\" data-rel=\"lightbox\" class=\"lightboxhover\"><div class=\"kt-intrinsic\" style=\"padding-bottom:100%;\"><div itemprop=\"image\" itemscope itemtype=\"https:\/\/schema.org\/ImageObject\"><img loading=\"lazy\" decoding=\"async\" width=\"366\" height=\"366\" src=\"https:\/\/nmcontemporaneo.com\/wp-content\/uploads\/2010\/02\/respiro-366x366.jpg\" srcset=\"https:\/\/nmcontemporaneo.com\/wp-content\/uploads\/2010\/02\/respiro-366x366.jpg 366w, https:\/\/nmcontemporaneo.com\/wp-content\/uploads\/2010\/02\/respiro-300x300.jpg 300w, https:\/\/nmcontemporaneo.com\/wp-content\/uploads\/2010\/02\/respiro-100x100.jpg 100w, https:\/\/nmcontemporaneo.com\/wp-content\/uploads\/2010\/02\/respiro-456x456.jpg 456w, https:\/\/nmcontemporaneo.com\/wp-content\/uploads\/2010\/02\/respiro-150x150.jpg 150w, https:\/\/nmcontemporaneo.com\/wp-content\/uploads\/2010\/02\/respiro-732x732.jpg 732w, https:\/\/nmcontemporaneo.com\/wp-content\/uploads\/2010\/02\/respiro.jpg 750w\" sizes=\"auto, (max-width: 366px) 100vw, 366px\" data-caption=\"RESPIRO, 140 \u00d7 140 cm, Acr\u00edlico y \u00f3leo sobre tela.\" class=\"light-dropshaddow\" itemprop=\"contentUrl\" alt=\"\"><meta itemprop=\"url\" content=\"https:\/\/nmcontemporaneo.com\/wp-content\/uploads\/2010\/02\/respiro-366x366.jpg\"><meta itemprop=\"width\" content=\"366px\"><meta itemprop=\"height\" content=\"366px\"><\/div><\/div><div class=\"caption kad_caption\"><div class=\"kad_caption_inner\">RESPIRO, 140 \u00d7 140 cm, Acr\u00edlico y \u00f3leo sobre tela.<\/div><\/div><\/a><\/div><\/div><div class=\"tcol-lg-4 tcol-md-4 tcol-sm-4 tcol-xs-6 tcol-ss-12 g_item\"><div class=\"grid_item kt_item_fade_in kad_gallery_fade_in gallery_item\"><a href=\"https:\/\/nmcontemporaneo.com\/wp-content\/uploads\/2010\/02\/eco.jpg\" data-rel=\"lightbox\" class=\"lightboxhover\"><div class=\"kt-intrinsic\" style=\"padding-bottom:99.453551912568%;\"><div itemprop=\"image\" itemscope itemtype=\"https:\/\/schema.org\/ImageObject\"><img loading=\"lazy\" decoding=\"async\" width=\"366\" height=\"364\" src=\"https:\/\/nmcontemporaneo.com\/wp-content\/uploads\/2010\/02\/eco-366x364.jpg\" srcset=\"https:\/\/nmcontemporaneo.com\/wp-content\/uploads\/2010\/02\/eco-366x364.jpg 366w, https:\/\/nmcontemporaneo.com\/wp-content\/uploads\/2010\/02\/eco-100x100.jpg 100w, https:\/\/nmcontemporaneo.com\/wp-content\/uploads\/2010\/02\/eco-150x150.jpg 150w, https:\/\/nmcontemporaneo.com\/wp-content\/uploads\/2010\/02\/eco.jpg 402w\" sizes=\"auto, (max-width: 366px) 100vw, 366px\" data-caption=\"ECO, 140 \u00d7 140 cm, Acr\u00edlico y \u00f3leo sobre tela.\" class=\"light-dropshaddow\" itemprop=\"contentUrl\" alt=\"\"><meta itemprop=\"url\" content=\"https:\/\/nmcontemporaneo.com\/wp-content\/uploads\/2010\/02\/eco-366x364.jpg\"><meta itemprop=\"width\" content=\"366px\"><meta itemprop=\"height\" content=\"364px\"><\/div><\/div><div class=\"caption kad_caption\"><div class=\"kad_caption_inner\">ECO, 140 \u00d7 140 cm, Acr\u00edlico y \u00f3leo sobre tela.<\/div><\/div><\/a><\/div><\/div><div class=\"tcol-lg-4 tcol-md-4 tcol-sm-4 tcol-xs-6 tcol-ss-12 g_item\"><div class=\"grid_item kt_item_fade_in kad_gallery_fade_in gallery_item\"><a href=\"https:\/\/nmcontemporaneo.com\/wp-content\/uploads\/2010\/02\/sin-titulo.jpg\" data-rel=\"lightbox\" class=\"lightboxhover\"><div class=\"kt-intrinsic\" style=\"padding-bottom:102.45901639344%;\"><div itemprop=\"image\" itemscope itemtype=\"https:\/\/schema.org\/ImageObject\"><img loading=\"lazy\" decoding=\"async\" width=\"366\" height=\"375\" src=\"https:\/\/nmcontemporaneo.com\/wp-content\/uploads\/2010\/02\/sin-titulo-366x375.jpg\" srcset=\"https:\/\/nmcontemporaneo.com\/wp-content\/uploads\/2010\/02\/sin-titulo-366x375.jpg 366w, https:\/\/nmcontemporaneo.com\/wp-content\/uploads\/2010\/02\/sin-titulo-293x300.jpg 293w, https:\/\/nmcontemporaneo.com\/wp-content\/uploads\/2010\/02\/sin-titulo.jpg 390w\" sizes=\"auto, (max-width: 366px) 100vw, 366px\" data-caption=\"SIN T\u00cdTULO, 140\u00d7140 cm, \u00d3leo sobre tela.\" class=\"light-dropshaddow\" itemprop=\"contentUrl\" alt=\"\"><meta itemprop=\"url\" content=\"https:\/\/nmcontemporaneo.com\/wp-content\/uploads\/2010\/02\/sin-titulo-366x375.jpg\"><meta itemprop=\"width\" content=\"366px\"><meta itemprop=\"height\" content=\"375px\"><\/div><\/div><div class=\"caption kad_caption\"><div class=\"kad_caption_inner\">SIN T\u00cdTULO, 140\u00d7140 cm, \u00d3leo sobre tela.<\/div><\/div><\/a><\/div><\/div><div class=\"tcol-lg-4 tcol-md-4 tcol-sm-4 tcol-xs-6 tcol-ss-12 g_item\"><div class=\"grid_item kt_item_fade_in kad_gallery_fade_in gallery_item\"><a href=\"https:\/\/nmcontemporaneo.com\/wp-content\/uploads\/2010\/02\/reflexiondeotono.jpg\" data-rel=\"lightbox\" class=\"lightboxhover\"><div class=\"kt-intrinsic\" style=\"padding-bottom:50%;\"><div itemprop=\"image\" itemscope itemtype=\"https:\/\/schema.org\/ImageObject\"><img loading=\"lazy\" decoding=\"async\" width=\"366\" height=\"183\" src=\"https:\/\/nmcontemporaneo.com\/wp-content\/uploads\/2010\/02\/reflexiondeotono-366x183.jpg\" srcset=\"https:\/\/nmcontemporaneo.com\/wp-content\/uploads\/2010\/02\/reflexiondeotono-366x183.jpg 366w, https:\/\/nmcontemporaneo.com\/wp-content\/uploads\/2010\/02\/reflexiondeotono-300x150.jpg 300w, https:\/\/nmcontemporaneo.com\/wp-content\/uploads\/2010\/02\/reflexiondeotono-732x366.jpg 732w, https:\/\/nmcontemporaneo.com\/wp-content\/uploads\/2010\/02\/reflexiondeotono.jpg 799w\" sizes=\"auto, (max-width: 366px) 100vw, 366px\" data-caption=\"REFLEXI\u00d3N DE OTO\u00d1O, 100 x 200 cm, \u00d3leo sobre tela.\" class=\"light-dropshaddow\" itemprop=\"contentUrl\" alt=\"\"><meta itemprop=\"url\" content=\"https:\/\/nmcontemporaneo.com\/wp-content\/uploads\/2010\/02\/reflexiondeotono-366x183.jpg\"><meta itemprop=\"width\" content=\"366px\"><meta itemprop=\"height\" content=\"183px\"><\/div><\/div><div class=\"caption kad_caption\"><div class=\"kad_caption_inner\">REFLEXI\u00d3N DE OTO\u00d1O, 100 x 200 cm, \u00d3leo sobre tela.<\/div><\/div><\/a><\/div><\/div><\/div>\n<p style=\"text-align: justify;\">Descubrir el mundo es descubrir el alma. Salir de las fronteras urbanas y hallar los espacios de la naturaleza nos invita a hacer lo mismo en el viaje de la existencia: a conocer los paisajes interiores que pacientemente permanecen a la espera de ser visitados, que nos abrir\u00e1n caminos hacia lugares inexplorados. Claudia gallegos emprende ese viaje en sus pinturas, provocando en sus espectadores el anhelo genuino de andar el mismo camino de investigaci\u00f3n personal, donde lo abstracto y lo figurativo se entremezclan y confunden.<\/p>\n\n<div class=\"sp-wrap sp-wrap-default\">\n<div class=\"sp-head\" title=\"Expand\">\nCurriculum Vitae\n<\/div>\n<div class=\"sp-body folded\">\n<p><strong>Claudia Gallegos<\/strong><\/p>\n<p>Nace en la Ciudad de M\u00e9xico el 19 de octubre de 1967. Cursa la Licenciatura en Artes Visuales en la Escuela Nacional de Artes Pl\u00e1sticas de 1987 a 1990 y a partir de 1993 forma parte del cuerpo docente de la misma, impartiendo la asignatura de Educaci\u00f3n Visual. Ha sido becaria del Fondo Nacional para la Cultura y las Artes en dos ocasiones en la Categor\u00eda de J\u00f3venes Creadores.<\/p>\n<p><strong>EXPOSICIONES INDIVIDUALES<\/strong><br \/>\n2006 Mundos visibles \/ Jardines emocionales, Galer\u00eda Drexel, Monterrey, Nuevo Le\u00f3n<br \/>\n2004 Horizontes compartidos, EDGE Gallery, Denver, EU<br \/>\n2002 Materia Natural, Museo de la Ciudad de M\u00e9xico<br \/>\n2000 Bidimensional, Galer\u00eda Casa Col\u00f3n, M\u00e9rida, Yucat\u00e1n<br \/>\nSolsticio, Direcci\u00f3n General del Colegio de Bachilleres, Cd. de M\u00e9xico<br \/>\n1999 A Lugar, Galer\u00eda Drexel, Monterrey, Nuevo Le\u00f3n<br \/>\nLa forma visible del mito, Galer\u00eda Unodosiete, Cd. de M\u00e9xico<br \/>\n1997 Frontera imaginaria, Galer\u00eda Casa Col\u00f3n, M\u00e9rida, Yucat\u00e1n<br \/>\n1996 Segundas Identidades, Centro Cultural San Angel, Cd. de M\u00e9xico<br \/>\n1994 De l\u00edmites y condiciones, Galer\u00eda del Bosque, Casa del Lago, Chapultepec<br \/>\n1992 Evocaciones Requeridas, Galer\u00eda Luis Nishizawa, ENAP<\/p>\n<p><strong>EXPOSICIONES COLECTIVAS (Selecci\u00f3n)<\/strong><br \/>\n2006 Metamorfosis, Centro Cultural de Espa\u00f1a, Ciudad de M\u00e9xico<br \/>\n2005 Metamorfosis: 61 Artistas, Galer\u00eda Libertad, Qro; Museo de Arte Contempor\u00e1neo de Oaxaca, Oax; C.C. El Nigromante, San Miguel Allende, Gto y Muse\u00e9 Pully, Pully, Suiza<br \/>\n2004 Colectiva de Invierno, Galer\u00eda L\u00f3pez Quiroga, Cd. de M\u00e9xico<br \/>\nMetamorfosis: 34 Artistas, Museo de Arte de Zapopan, Jal; y Museo Iconogr\u00e1fico, Guanajuato, Gto<br \/>\n2003 Bienal Nacional de Pintura y Grabado Allfredo Zalce, Museo de arte Contempor\u00e1neo, Morelia, Mich.<br \/>\n2002 XI Bienal de Pintura, Museo Rufino Tamayo, Cd de M\u00e9xico<br \/>\n2000 Creaci\u00f3n en Movimiento, D\u00e9cima Generaci\u00f3n 1998-1999 J\u00f3venes Creadores, Centro Nacional de las Artes, Cd. de M\u00e9xico<br \/>\n1999 2\u00ba Concurso de pintura Johnny Walker, Museo de Arte Moderno, Cd. de M\u00e9xico<br \/>\n1998 Colectiva de pintura Centro Cultural Mexicano, Miami, Florida, EUA<br \/>\n1997 Tercera Bienal Monterrey, Museo de Monterrey, Nuevo Le\u00f3n<br \/>\n1996 La Presencia de San Carlos en Puerto Rico, Museo de las Am\u00e9ricas, Puerto Rico<br \/>\nXV Encuentro Nacional de Arte Joven Aguascalientes, Monterrey y Cd. de M\u00e9xico<br \/>\nMemoria, Galer\u00eda Juan Mart\u00edn, Cd. de M\u00e9xico<br \/>\nVisiones, Museo del Chopo, UNAM, Cd. de M\u00e9xico<br \/>\n1995 1a. Feria Universitaria de Oto\u00f1o, Museo Universitario de Ciencias y Artes, Cd. de M\u00e9xico<br \/>\n1994 XIV Encuentro Nacional de Arte Joven Aguascalientes, Monterrey y Museo Carrillo Gil, Cd. de M\u00e9xico<br \/>\nCreaci\u00f3n en Movimiento, Cuarta Muestra de Becarios del FONCA Museo Carrillo Gil, Cd. de M\u00e9xico<br \/>\nMicrohistorias, Centro Cultural &#8220;Isidro Fabela&#8221;, Cd. de M\u00e9xico<br \/>\n1993 Primera Bienal Metropolitana de Poes\u00eda y Pintura, Galer\u00eda del Sur Universidad Aut\u00f3noma Metropolitana \u2013 Unidad Xochimilco Cd. de M\u00e9xico<br \/>\n1992 Colectiva de Pintura, Casa de la Cultura M\u00e9xico-Jap\u00f3n, Cd. de M\u00e9xico<br \/>\n1991 VIII Bienal de Gr\u00e1fica, Museo de la Estampa, Cd. De M\u00e9xico<br \/>\n1990 IV Bienal Diego Rivera, Museo del Pueblo, Guanajuato, Gto. y Centro Cultural Jos\u00e9 Guadalupe Posada, Cd. de M\u00e9xico<br \/>\n1990 III Sal\u00f3n Anual de Mini-estampa, Museo Nacional de la Estampa, Cd. De M\u00e9xico.<\/p>\n<p><strong>DISTINCIONES<\/strong><br \/>\n2004 Residencia de Intercambio, Centro Banff para las Artes<br \/>\n2003-4 Artista Invitada por la Universidad de Colorado en Boulder<br \/>\n2002 Est\u00edmulo de Difusi\u00f3n Cultural otorgado por la secretar\u00eda de Cultura de la Ciudad de M\u00e9xico Artes por todas partes<br \/>\n1998-1999 Becaria del Fondo Nacional para la Cultura y las Artes en la categor\u00eda de J\u00f3venes Creadores 1992-1993 Becaria del Fondo Nacional para la Cultura y las Artes en la categor\u00eda de J\u00f3venes Creadores<br \/>\n1991 Segundo lugar, III Concurso Universitario de Artes Pl\u00e1sticas, UNAM<\/p>\n<p><strong>COLABORACIONES<\/strong><br \/>\n2001 Revista Tierra Adentro No. 108-109 Febrero-mayo 2001 Ilustraci\u00f3n de portada, publicaci\u00f3n de obra, entrevista.<br \/>\n2000 Los m\u00e9dicos en el Santo Oficio Ilustraci\u00f3n de portada del libro de la Dra. Ernestina Jim\u00e9nez Olivares Fac. de Medicina, UNAM<br \/>\n1998 Mundo sin tiempo, Im\u00e1genes de Chiapas. Ilustraci\u00f3n de timbre para carpeta de postales<br \/>\n1996 La geometr\u00eda de la Soledad, Ilustraci\u00f3n de la portada del libro de Agust\u00edn Cadena, Editorial Praxis<br \/>\n1993 El sue\u00f1o y los fragmentos, Galer\u00eda del Sur, UAM-X Publicaci\u00f3n de obra<br \/>\n1990 Omnia, Revista de la Coordinaci\u00f3n de Estudios de Posgrado, Universidad Nacional Aut\u00f3noma de M\u00e9xico; No. 18, marzo 1990<\/p>\n<div class=\"spdiv\">[collapse]<\/div>\n<\/div>\n<\/div>\n\n","protected":false},"excerpt":{"rendered":"<p>All Artists | Next &gt;&gt; RESPIRO, 140 \u00d7 140 cm, Acr\u00edlico y \u00f3leo sobre tela.ECO, 140 \u00d7 140 cm, Acr\u00edlico y \u00f3leo sobre tela.SIN T\u00cdTULO, 140\u00d7140 cm, \u00d3leo sobre tela.REFLEXI\u00d3N DE OTO\u00d1O, 100 x 200 cm, \u00d3leo sobre tela. Descubrir &hellip; <a class=\"kt-excerpt-readmore\" href=\"https:\/\/nmcontemporaneo.com\/en\/catalogue\/paintings\/other-artists\/claudia-gallegos-en\/\" aria-label=\"Claudia Gallegos\">Read More<\/a><\/p>\n","protected":false},"author":25,"featured_media":0,"parent":6393,"menu_order":0,"comment_status":"closed","ping_status":"closed","template":"page-fullwidth.php","meta":{"kt_blocks_editor_width":"","footnotes":""},"class_list":["post-9211","page","type-page","status-publish","hentry"],"_links":{"self":[{"href":"https:\/\/nmcontemporaneo.com\/en\/wp-json\/wp\/v2\/pages\/9211","targetHints":{"allow":["GET"]}}],"collection":[{"href":"https:\/\/nmcontemporaneo.com\/en\/wp-json\/wp\/v2\/pages"}],"about":[{"href":"https:\/\/nmcontemporaneo.com\/en\/wp-json\/wp\/v2\/types\/page"}],"author":[{"embeddable":true,"href":"https:\/\/nmcontemporaneo.com\/en\/wp-json\/wp\/v2\/users\/25"}],"replies":[{"embeddable":true,"href":"https:\/\/nmcontemporaneo.com\/en\/wp-json\/wp\/v2\/comments?post=9211"}],"version-history":[{"count":3,"href":"https:\/\/nmcontemporaneo.com\/en\/wp-json\/wp\/v2\/pages\/9211\/revisions"}],"predecessor-version":[{"id":14294,"href":"https:\/\/nmcontemporaneo.com\/en\/wp-json\/wp\/v2\/pages\/9211\/revisions\/14294"}],"up":[{"embeddable":true,"href":"https:\/\/nmcontemporaneo.com\/en\/wp-json\/wp\/v2\/pages\/6393"}],"wp:attachment":[{"href":"https:\/\/nmcontemporaneo.com\/en\/wp-json\/wp\/v2\/media?parent=9211"}],"curies":[{"name":"wp","href":"https:\/\/api.w.org\/{rel}","templated":true}]}}