{"id":9224,"date":"2022-09-06T17:22:15","date_gmt":"2022-09-06T23:22:15","guid":{"rendered":"http:\/\/nmcontemporaneo.com\/?page_id=9224"},"modified":"2025-06-23T12:24:30","modified_gmt":"2025-06-23T18:24:30","slug":"javier-guadarrama","status":"publish","type":"page","link":"https:\/\/nmcontemporaneo.com\/en\/catalogue\/paintings\/other-artists\/javier-guadarrama-en\/","title":{"rendered":"Javier Guadarrama"},"content":{"rendered":"<p style=\"text-align: center;\"><a href=\"https:\/\/nmcontemporaneo.com\/catalogo\/pintura\/otros-artistas\/claudia-gallegos\/\">&lt;&lt; Previous<\/a> | <a href=\"\/catalogo\/todos-los-artistas\/\">All Artists<\/a> | <a href=\"http:\/\/nmcontemporaneo.com\/catalogo\/escultura\/andres-amaya\/\">Next &gt;&gt;<\/a><\/p>\n<div id=\"kad-wp-gallery138\" class=\"kad-wp-gallery gallery kt-gallery-column-2 init-isotope-intrinsic reinit-isotope kad-light-wp-gallery clearfix rowtight\" data-fade-in=\"1\" data-iso-selector=\".g_item\" data-iso-style=\"masonry\" data-iso-filter=\"false\"><div class=\"tcol-lg-6 tcol-md-6 tcol-sm-6 tcol-xs-12 tcol-ss-12 g_item\"><div class=\"grid_item kt_item_fade_in kad_gallery_fade_in gallery_item\"><a href=\"https:\/\/nmcontemporaneo.com\/wp-content\/uploads\/2020\/04\/marno7-XIV.jpg\" data-rel=\"lightbox\" class=\"lightboxhover\"><div class=\"kt-intrinsic\" style=\"padding-bottom:66.964285714286%;\"><div itemprop=\"image\" itemscope itemtype=\"https:\/\/schema.org\/ImageObject\"><img loading=\"lazy\" decoding=\"async\" width=\"560\" height=\"375\" src=\"https:\/\/nmcontemporaneo.com\/wp-content\/uploads\/2020\/04\/marno7-XIV-560x375.jpg\" srcset=\"https:\/\/nmcontemporaneo.com\/wp-content\/uploads\/2020\/04\/marno7-XIV-560x375.jpg 560w, https:\/\/nmcontemporaneo.com\/wp-content\/uploads\/2020\/04\/marno7-XIV-300x201.jpg 300w, https:\/\/nmcontemporaneo.com\/wp-content\/uploads\/2020\/04\/marno7-XIV-272x182.jpg 272w, https:\/\/nmcontemporaneo.com\/wp-content\/uploads\/2020\/04\/marno7-XIV.jpg 624w\" sizes=\"auto, (max-width: 560px) 100vw, 560px\" data-caption=\"MAR No. 7-XIII O\u0301leo\/lino 200 X 300 cm.2014\" class=\"light-dropshaddow\" itemprop=\"contentUrl\" alt=\"\"><meta itemprop=\"url\" content=\"https:\/\/nmcontemporaneo.com\/wp-content\/uploads\/2020\/04\/marno7-XIV-560x375.jpg\"><meta itemprop=\"width\" content=\"560px\"><meta itemprop=\"height\" content=\"375px\"><\/div><\/div><div class=\"caption kad_caption\"><div class=\"kad_caption_inner\">MAR No. 7-XIII O\u0301leo\/lino 200 X 300 cm.2014<\/div><\/div><\/a><\/div><\/div><div class=\"tcol-lg-6 tcol-md-6 tcol-sm-6 tcol-xs-12 tcol-ss-12 g_item\"><div class=\"grid_item kt_item_fade_in kad_gallery_fade_in gallery_item\"><a href=\"https:\/\/nmcontemporaneo.com\/wp-content\/uploads\/2020\/04\/cieloNo.2-XV-1.jpg\" data-rel=\"lightbox\" class=\"lightboxhover\"><div class=\"kt-intrinsic\" style=\"padding-bottom:75%;\"><div itemprop=\"image\" itemscope itemtype=\"https:\/\/schema.org\/ImageObject\"><img loading=\"lazy\" decoding=\"async\" width=\"560\" height=\"420\" src=\"https:\/\/nmcontemporaneo.com\/wp-content\/uploads\/2020\/04\/cieloNo.2-XV-1-560x420.jpg\" srcset=\"https:\/\/nmcontemporaneo.com\/wp-content\/uploads\/2020\/04\/cieloNo.2-XV-1-560x420.jpg 560w, https:\/\/nmcontemporaneo.com\/wp-content\/uploads\/2020\/04\/cieloNo.2-XV-1-300x225.jpg 300w, https:\/\/nmcontemporaneo.com\/wp-content\/uploads\/2020\/04\/cieloNo.2-XV-1.jpg 624w\" sizes=\"auto, (max-width: 560px) 100vw, 560px\" data-caption=\"CIELO No. 2-XV O\u0301leo\/lino 180 X 240 cm 2015\" class=\"light-dropshaddow\" itemprop=\"contentUrl\" alt=\"\"><meta itemprop=\"url\" content=\"https:\/\/nmcontemporaneo.com\/wp-content\/uploads\/2020\/04\/cieloNo.2-XV-1-560x420.jpg\"><meta itemprop=\"width\" content=\"560px\"><meta itemprop=\"height\" content=\"420px\"><\/div><\/div><div class=\"caption kad_caption\"><div class=\"kad_caption_inner\">CIELO No. 2-XV O\u0301leo\/lino 180 X 240 cm 2015<\/div><\/div><\/a><\/div><\/div><div class=\"tcol-lg-6 tcol-md-6 tcol-sm-6 tcol-xs-12 tcol-ss-12 g_item\"><div class=\"grid_item kt_item_fade_in kad_gallery_fade_in gallery_item\"><a href=\"https:\/\/nmcontemporaneo.com\/wp-content\/uploads\/2020\/04\/mardeausencia.jpg\" data-rel=\"lightbox\" class=\"lightboxhover\"><div class=\"kt-intrinsic\" style=\"padding-bottom:49.285714285714%;\"><div itemprop=\"image\" itemscope itemtype=\"https:\/\/schema.org\/ImageObject\"><img loading=\"lazy\" decoding=\"async\" width=\"560\" height=\"276\" src=\"https:\/\/nmcontemporaneo.com\/wp-content\/uploads\/2020\/04\/mardeausencia-560x276.jpg\" srcset=\"https:\/\/nmcontemporaneo.com\/wp-content\/uploads\/2020\/04\/mardeausencia-560x276.jpg 560w, https:\/\/nmcontemporaneo.com\/wp-content\/uploads\/2020\/04\/mardeausencia-300x148.jpg 300w, https:\/\/nmcontemporaneo.com\/wp-content\/uploads\/2020\/04\/mardeausencia.jpg 709w\" sizes=\"auto, (max-width: 560px) 100vw, 560px\" data-caption=\"MAR DE AUSENCIA O\u0301leo\/cobre 20.3 X 40.7 cm. 2006\" class=\"light-dropshaddow\" itemprop=\"contentUrl\" alt=\"\"><meta itemprop=\"url\" content=\"https:\/\/nmcontemporaneo.com\/wp-content\/uploads\/2020\/04\/mardeausencia-560x276.jpg\"><meta itemprop=\"width\" content=\"560px\"><meta itemprop=\"height\" content=\"276px\"><\/div><\/div><div class=\"caption kad_caption\"><div class=\"kad_caption_inner\">MAR DE AUSENCIA O\u0301leo\/cobre 20.3 X 40.7 cm. 2006<\/div><\/div><\/a><\/div><\/div><div class=\"tcol-lg-6 tcol-md-6 tcol-sm-6 tcol-xs-12 tcol-ss-12 g_item\"><div class=\"grid_item kt_item_fade_in kad_gallery_fade_in gallery_item\"><a href=\"https:\/\/nmcontemporaneo.com\/wp-content\/uploads\/2020\/04\/esperandoelmar2-1.jpg\" data-rel=\"lightbox\" class=\"lightboxhover\"><div class=\"kt-intrinsic\" style=\"padding-bottom:49.642857142857%;\"><div itemprop=\"image\" itemscope itemtype=\"https:\/\/schema.org\/ImageObject\"><img loading=\"lazy\" decoding=\"async\" width=\"560\" height=\"278\" src=\"https:\/\/nmcontemporaneo.com\/wp-content\/uploads\/2020\/04\/esperandoelmar2-1-560x278.jpg\" srcset=\"https:\/\/nmcontemporaneo.com\/wp-content\/uploads\/2020\/04\/esperandoelmar2-1-560x278.jpg 560w, https:\/\/nmcontemporaneo.com\/wp-content\/uploads\/2020\/04\/esperandoelmar2-1-300x149.jpg 300w, https:\/\/nmcontemporaneo.com\/wp-content\/uploads\/2020\/04\/esperandoelmar2-1.jpg 765w\" sizes=\"auto, (max-width: 560px) 100vw, 560px\" data-caption=\"ESPERANDO EL MAR 2 O\u0301leo\/cobre 20.3 X 40.7 cm. 2006\" class=\"light-dropshaddow\" itemprop=\"contentUrl\" alt=\"\"><meta itemprop=\"url\" content=\"https:\/\/nmcontemporaneo.com\/wp-content\/uploads\/2020\/04\/esperandoelmar2-1-560x278.jpg\"><meta itemprop=\"width\" content=\"560px\"><meta itemprop=\"height\" content=\"278px\"><\/div><\/div><div class=\"caption kad_caption\"><div class=\"kad_caption_inner\">ESPERANDO EL MAR 2 O\u0301leo\/cobre 20.3 X 40.7 cm. 2006<\/div><\/div><\/a><\/div><\/div><\/div>\n<p style=\"text-align: justify;\">Seeking beauty in the extraordinary is natural; finding it in the everyday is glorious; conveying it through a work of art is sublime. With admirable mastery, Javier Guadarrama reproduces scenes that project the simplicity of the truly extraordinary, the astonishing in this world. In each piece, we find a fragment of existence, and this reflects a piece of the intimacy of the universe. It invites us to discover what gives flavor to our constant journey.<\/p>\n\n<div class=\"sp-wrap sp-wrap-default\">\n<div class=\"sp-head\" title=\"Expand\">\nCurriculum Vitae\n<\/div>\n<div class=\"sp-body folded\">\n<p><strong>Javier Guadarrama<\/strong><br \/>\n1960<\/p>\n<p>Born in the city of Iguala, Guerrero, on August 29.<\/p>\n<p>1983\u201385<br \/>\nStudied drawing and painting at IRBAC in Cuernavaca, Morelos.<\/p>\n<p>1985\u201388<br \/>\nPursued a Bachelor&#8217;s degree in Visual Arts at the National School of Visual Arts (ENAP), National Autonomous University of Mexico (UNAM).<\/p>\n<p>1989<br \/>\nBegan academic activities at ENAP in the Carlos Olachea Workshop for Graphic Production and Research.<\/p>\n<p>1991<br \/>\nJoined the faculty at the National School of Visual Arts, teaching the subject of Visual Experimentation (Painting), a position he holds to this day.<\/p>\n<p><strong>Solo Exhibitions<\/strong><br \/>\n2005<br \/>\nAlrededor del viento<br \/>\nGaler\u00eda Drexel, Monterrey, Nuevo Le\u00f3n<\/p>\n<p>2004<br \/>\nHorizontes compartidos<br \/>\nEDGE Gallery, Denver, Colorado, USA<\/p>\n<p>2002<br \/>\nSer y naturaleza<br \/>\nGaler\u00eda Oscar Rom\u00e1n, Mexico City<\/p>\n<p>2001<br \/>\nAl margen del tiempo<br \/>\nGaler\u00eda Drexel, Monterrey, Nuevo Le\u00f3n<br \/>\nBajo la piel<br \/>\nThe Gallery, Mexico City<\/p>\n<p>2000<br \/>\nBidimensional<br \/>\nGaler\u00eda Casa Col\u00f3n, M\u00e9rida, Yucat\u00e1n<\/p>\n<p>1999<br \/>\nA lugar<br \/>\nGaler\u00eda Drexel, Monterrey, Nuevo Le\u00f3n<\/p>\n<p>1998<br \/>\nObra reciente<br \/>\nGaler\u00eda Casa Col\u00f3n, Miami, Florida, USA<br \/>\nSeres y estares<br \/>\nGaler\u00eda Casa Col\u00f3n, M\u00e9rida, Yucat\u00e1n<\/p>\n<p>1997<br \/>\nMotivos Pintados<br \/>\nGaler\u00eda Casa Col\u00f3n, M\u00e9rida, Yucat\u00e1n<\/p>\n<p>1996<br \/>\nEstigma<br \/>\nCentro Cultural San \u00c1ngel, Mexico City<\/p>\n<p>1995<br \/>\nEntorno<br \/>\nGaler\u00eda Drexel, Monterrey, Nuevo Le\u00f3n<br \/>\nSoliloquio de oto\u00f1o<br \/>\nGaler\u00eda Luis Nishizawa, ENAP, Mexico City<\/p>\n<p>1994<br \/>\nErial<br \/>\nGaler\u00eda Seguros Tepeyac-UAM, Interlomas, State of Mexico<\/p>\n<p>1993<br \/>\nDe pies y manos<br \/>\nGaler\u00eda del Sur, UAM\u2013Xochimilco, Mexico City<br \/>\nCuerpo a cuerpo<br \/>\nGaler\u00eda San Sebasti\u00e1n, Monterrey, Nuevo Le\u00f3n<\/p>\n<p>1991<br \/>\nH\u00e1bitat Perenne<br \/>\nGeneral Directorate, Colegio de Bachilleres, Mexico City<\/p>\n<p>1988<br \/>\nBajo el Influjo de sus Miradas<br \/>\nGaler\u00eda I ENAP, UNAM, Mexico City<\/p>\n<p><strong>Group Exhibitions<\/strong><br \/>\nTo date, he has participated in over 50 group exhibitions in Mexico City and throughout the country, as well as in Spain, Belize, Peru, Puerto Rico, and the United States.<\/p>\n<p><strong>Honors and Awards<\/strong><br \/>\n2003\u20132004<br \/>\nProduction Residency<br \/>\nInvited artist at the University of Colorado in Boulder, Colorado, USA<\/p>\n<p>2001<br \/>\nAcquisition Award<br \/>\nSal\u00f3n de Octubre, Gran Premio Omnilife<\/p>\n<p>2000<br \/>\nAcquisition Award<br \/>\nIII Painting Biennial of the Salvador Zubir\u00e1n National Institute of Nutrition<\/p>\n<p>1996<br \/>\nHonorable Mention<br \/>\nII National Biennial \u201cHermenegildo Bustos\u201d<\/p>\n<p>1995\u201396<br \/>\nFONCA Grant Recipient<br \/>\nYoung Creators Program, Painting category<\/p>\n<p>1994<br \/>\nHonorable Mention<br \/>\nII National Painting Biennial on Canvas<\/p>\n<p>1993\u201394<br \/>\nFONCA Grant Recipient<br \/>\nYoung Creators Program, Painting category<\/p>\n<p>1990<br \/>\nAcquisition Award<br \/>\nFirst National Visual Arts Award Jes\u00fas Rodr\u00edguez de la Vega, Quer\u00e9taro<br \/>\nHonorable Mention<br \/>\nIV National Diego Rivera Biennial<\/p>\n<p>1989<br \/>\nHonorable Mention<br \/>\nSecond National Printmaking Contest: A Modern Interpretation of the Ingenious Don Quixote<br \/>\nHonorable Mention<br \/>\nSecond University Visual Arts Contest, Printmaking Section<\/p>\n<div class=\"spdiv\">[collapse]<\/div>\n<\/div>\n<\/div>\n\n","protected":false},"excerpt":{"rendered":"<p>&lt;&lt; Previous | All Artists | Next &gt;&gt; MAR No. 7-XIII O\u0301leo\/lino 200 X 300 cm.2014CIELO No. 2-XV O\u0301leo\/lino 180 X 240 cm 2015MAR DE AUSENCIA O\u0301leo\/cobre 20.3 X 40.7 cm. 2006ESPERANDO EL MAR 2 O\u0301leo\/cobre 20.3 X 40.7 cm. &hellip; <a class=\"kt-excerpt-readmore\" href=\"https:\/\/nmcontemporaneo.com\/en\/catalogue\/paintings\/other-artists\/javier-guadarrama-en\/\" aria-label=\"Javier Guadarrama\">Read More<\/a><\/p>\n","protected":false},"author":25,"featured_media":0,"parent":6393,"menu_order":0,"comment_status":"closed","ping_status":"closed","template":"page-fullwidth.php","meta":{"kt_blocks_editor_width":"","footnotes":""},"class_list":["post-9224","page","type-page","status-publish","hentry"],"_links":{"self":[{"href":"https:\/\/nmcontemporaneo.com\/en\/wp-json\/wp\/v2\/pages\/9224","targetHints":{"allow":["GET"]}}],"collection":[{"href":"https:\/\/nmcontemporaneo.com\/en\/wp-json\/wp\/v2\/pages"}],"about":[{"href":"https:\/\/nmcontemporaneo.com\/en\/wp-json\/wp\/v2\/types\/page"}],"author":[{"embeddable":true,"href":"https:\/\/nmcontemporaneo.com\/en\/wp-json\/wp\/v2\/users\/25"}],"replies":[{"embeddable":true,"href":"https:\/\/nmcontemporaneo.com\/en\/wp-json\/wp\/v2\/comments?post=9224"}],"version-history":[{"count":2,"href":"https:\/\/nmcontemporaneo.com\/en\/wp-json\/wp\/v2\/pages\/9224\/revisions"}],"predecessor-version":[{"id":14295,"href":"https:\/\/nmcontemporaneo.com\/en\/wp-json\/wp\/v2\/pages\/9224\/revisions\/14295"}],"up":[{"embeddable":true,"href":"https:\/\/nmcontemporaneo.com\/en\/wp-json\/wp\/v2\/pages\/6393"}],"wp:attachment":[{"href":"https:\/\/nmcontemporaneo.com\/en\/wp-json\/wp\/v2\/media?parent=9224"}],"curies":[{"name":"wp","href":"https:\/\/api.w.org\/{rel}","templated":true}]}}