{"id":9256,"date":"2022-09-10T21:18:11","date_gmt":"2022-09-11T03:18:11","guid":{"rendered":"http:\/\/nmcontemporaneo.com\/?page_id=9256"},"modified":"2025-06-21T00:56:26","modified_gmt":"2025-06-21T06:56:26","slug":"cesar-lopez-negrete","status":"publish","type":"page","link":"https:\/\/nmcontemporaneo.com\/en\/catalogue\/photography\/cesar-lopez-negrete-en\/","title":{"rendered":"C\u00e9sar L\u00f3pez Negrete"},"content":{"rendered":"<p style=\"text-align: center;\"><a href=\"..\/alberto-montano\/\">&lt;&lt; Previous<\/a> | <a href=\"\/catalogo\/todos-los-artistas\/\">All Artists<\/a> | <a href=\"..\/maite-agahnia\/\">Next &gt;&gt;<\/a><\/p>\n<div id=\"kad-wp-gallery145\" class=\"kad-wp-gallery gallery kt-gallery-column-3 init-isotope-intrinsic reinit-isotope kad-light-wp-gallery clearfix rowtight\" data-fade-in=\"1\" data-iso-selector=\".g_item\" data-iso-style=\"masonry\" data-iso-filter=\"false\"><div class=\"tcol-lg-4 tcol-md-4 tcol-sm-4 tcol-xs-6 tcol-ss-12 g_item\"><div class=\"grid_item kt_item_fade_in kad_gallery_fade_in gallery_item\"><a href=\"https:\/\/nmcontemporaneo.com\/wp-content\/uploads\/2024\/10\/limite-amarillo.jpg\" data-rel=\"lightbox\" class=\"lightboxhover\"><div class=\"kt-intrinsic\" style=\"padding-bottom:44.535519125683%;\"><div itemprop=\"image\" itemscope itemtype=\"https:\/\/schema.org\/ImageObject\"><img loading=\"lazy\" decoding=\"async\" width=\"366\" height=\"163\" src=\"https:\/\/nmcontemporaneo.com\/wp-content\/uploads\/2024\/10\/limite-amarillo-366x163.jpg\" srcset=\"https:\/\/nmcontemporaneo.com\/wp-content\/uploads\/2024\/10\/limite-amarillo-366x163.jpg 366w, https:\/\/nmcontemporaneo.com\/wp-content\/uploads\/2024\/10\/limite-amarillo-300x134.jpg 300w, https:\/\/nmcontemporaneo.com\/wp-content\/uploads\/2024\/10\/limite-amarillo.jpg 538w\" sizes=\"auto, (max-width: 366px) 100vw, 366px\" data-caption=\"L\u00cdMITE AMARILLO. Impresi\u00f3n digital sobre canvas, 150 x 300 cm, 2013.\" class=\"light-dropshaddow\" itemprop=\"contentUrl\" alt=\"\"><meta itemprop=\"url\" content=\"https:\/\/nmcontemporaneo.com\/wp-content\/uploads\/2024\/10\/limite-amarillo-366x163.jpg\"><meta itemprop=\"width\" content=\"366px\"><meta itemprop=\"height\" content=\"163px\"><\/div><\/div><div class=\"caption kad_caption\"><div class=\"kad_caption_inner\">L\u00cdMITE AMARILLO. Impresi\u00f3n digital sobre canvas, 150 x 300 cm, 2013.<\/div><\/div><\/a><\/div><\/div><div class=\"tcol-lg-4 tcol-md-4 tcol-sm-4 tcol-xs-6 tcol-ss-12 g_item\"><div class=\"grid_item kt_item_fade_in kad_gallery_fade_in gallery_item\"><a href=\"https:\/\/nmcontemporaneo.com\/wp-content\/uploads\/2024\/10\/limite-rosa.jpg\" data-rel=\"lightbox\" class=\"lightboxhover\"><div class=\"kt-intrinsic\" style=\"padding-bottom:48.360655737705%;\"><div itemprop=\"image\" itemscope itemtype=\"https:\/\/schema.org\/ImageObject\"><img loading=\"lazy\" decoding=\"async\" width=\"366\" height=\"177\" src=\"https:\/\/nmcontemporaneo.com\/wp-content\/uploads\/2024\/10\/limite-rosa-366x177.jpg\" srcset=\"https:\/\/nmcontemporaneo.com\/wp-content\/uploads\/2024\/10\/limite-rosa-366x177.jpg 366w, https:\/\/nmcontemporaneo.com\/wp-content\/uploads\/2024\/10\/limite-rosa-300x145.jpg 300w, https:\/\/nmcontemporaneo.com\/wp-content\/uploads\/2024\/10\/limite-rosa-1024x494.jpg 1024w, https:\/\/nmcontemporaneo.com\/wp-content\/uploads\/2024\/10\/limite-rosa-768x371.jpg 768w, https:\/\/nmcontemporaneo.com\/wp-content\/uploads\/2024\/10\/limite-rosa-732x354.jpg 732w, https:\/\/nmcontemporaneo.com\/wp-content\/uploads\/2024\/10\/limite-rosa.jpg 1140w\" sizes=\"auto, (max-width: 366px) 100vw, 366px\" data-caption=\"L\u00cdMITE ROSA. Impresi\u00f3n digital sobre canvas, 105 x 213 cm, 2013.\" class=\"light-dropshaddow\" itemprop=\"contentUrl\" alt=\"\"><meta itemprop=\"url\" content=\"https:\/\/nmcontemporaneo.com\/wp-content\/uploads\/2024\/10\/limite-rosa-366x177.jpg\"><meta itemprop=\"width\" content=\"366px\"><meta itemprop=\"height\" content=\"177px\"><\/div><\/div><div class=\"caption kad_caption\"><div class=\"kad_caption_inner\">L\u00cdMITE ROSA. Impresi\u00f3n digital sobre canvas, 105 x 213 cm, 2013.<\/div><\/div><\/a><\/div><\/div><div class=\"tcol-lg-4 tcol-md-4 tcol-sm-4 tcol-xs-6 tcol-ss-12 g_item\"><div class=\"grid_item kt_item_fade_in kad_gallery_fade_in gallery_item\"><a href=\"https:\/\/nmcontemporaneo.com\/wp-content\/uploads\/2024\/10\/LimiteAzul.jpg\" data-rel=\"lightbox\" class=\"lightboxhover\"><div class=\"kt-intrinsic\" style=\"padding-bottom:66.393442622951%;\"><div itemprop=\"image\" itemscope itemtype=\"https:\/\/schema.org\/ImageObject\"><img loading=\"lazy\" decoding=\"async\" width=\"366\" height=\"243\" src=\"https:\/\/nmcontemporaneo.com\/wp-content\/uploads\/2024\/10\/LimiteAzul-366x243.jpg\" srcset=\"https:\/\/nmcontemporaneo.com\/wp-content\/uploads\/2024\/10\/LimiteAzul-366x243.jpg 366w, https:\/\/nmcontemporaneo.com\/wp-content\/uploads\/2024\/10\/LimiteAzul-300x199.jpg 300w, https:\/\/nmcontemporaneo.com\/wp-content\/uploads\/2024\/10\/LimiteAzul-768x509.jpg 768w, https:\/\/nmcontemporaneo.com\/wp-content\/uploads\/2024\/10\/LimiteAzul-272x182.jpg 272w, https:\/\/nmcontemporaneo.com\/wp-content\/uploads\/2024\/10\/LimiteAzul-732x486.jpg 732w, https:\/\/nmcontemporaneo.com\/wp-content\/uploads\/2024\/10\/LimiteAzul.jpg 900w\" sizes=\"auto, (max-width: 366px) 100vw, 366px\" data-caption=\"L\u00cdMITE AZUL. Impresi\u00f3n digital sobre canvas, 150 x 300 cm, 2013..\" class=\"light-dropshaddow\" itemprop=\"contentUrl\" alt=\"\"><meta itemprop=\"url\" content=\"https:\/\/nmcontemporaneo.com\/wp-content\/uploads\/2024\/10\/LimiteAzul-366x243.jpg\"><meta itemprop=\"width\" content=\"366px\"><meta itemprop=\"height\" content=\"243px\"><\/div><\/div><div class=\"caption kad_caption\"><div class=\"kad_caption_inner\">L\u00cdMITE AZUL. Impresi\u00f3n digital sobre canvas, 150 x 300 cm, 2013..<\/div><\/div><\/a><\/div><\/div><div class=\"tcol-lg-4 tcol-md-4 tcol-sm-4 tcol-xs-6 tcol-ss-12 g_item\"><div class=\"grid_item kt_item_fade_in kad_gallery_fade_in gallery_item\"><a href=\"https:\/\/nmcontemporaneo.com\/wp-content\/uploads\/2024\/10\/piedra-mojada.jpg\" data-rel=\"lightbox\" class=\"lightboxhover\"><div class=\"kt-intrinsic\" style=\"padding-bottom:144.8087431694%;\"><div itemprop=\"image\" itemscope itemtype=\"https:\/\/schema.org\/ImageObject\"><img loading=\"lazy\" decoding=\"async\" width=\"366\" height=\"530\" src=\"https:\/\/nmcontemporaneo.com\/wp-content\/uploads\/2024\/10\/piedra-mojada-366x530.jpg\" srcset=\"https:\/\/nmcontemporaneo.com\/wp-content\/uploads\/2024\/10\/piedra-mojada-366x530.jpg 366w, https:\/\/nmcontemporaneo.com\/wp-content\/uploads\/2024\/10\/piedra-mojada-207x300.jpg 207w, https:\/\/nmcontemporaneo.com\/wp-content\/uploads\/2024\/10\/piedra-mojada.jpg 483w\" sizes=\"auto, (max-width: 366px) 100vw, 366px\" data-caption=\"PIEDRA MOJADA. Impresi\u00f3n digital sobre Hahnemuhle, 60 x 40 cm.\" class=\"light-dropshaddow\" itemprop=\"contentUrl\" alt=\"\"><meta itemprop=\"url\" content=\"https:\/\/nmcontemporaneo.com\/wp-content\/uploads\/2024\/10\/piedra-mojada-366x530.jpg\"><meta itemprop=\"width\" content=\"366px\"><meta itemprop=\"height\" content=\"530px\"><\/div><\/div><div class=\"caption kad_caption\"><div class=\"kad_caption_inner\">PIEDRA MOJADA. Impresi\u00f3n digital sobre Hahnemuhle, 60 x 40 cm.<\/div><\/div><\/a><\/div><\/div><div class=\"tcol-lg-4 tcol-md-4 tcol-sm-4 tcol-xs-6 tcol-ss-12 g_item\"><div class=\"grid_item kt_item_fade_in kad_gallery_fade_in gallery_item\"><a href=\"https:\/\/nmcontemporaneo.com\/wp-content\/uploads\/2024\/10\/un-par.jpg\" data-rel=\"lightbox\" class=\"lightboxhover\"><div class=\"kt-intrinsic\" style=\"padding-bottom:69.125683060109%;\"><div itemprop=\"image\" itemscope itemtype=\"https:\/\/schema.org\/ImageObject\"><img loading=\"lazy\" decoding=\"async\" width=\"366\" height=\"253\" src=\"https:\/\/nmcontemporaneo.com\/wp-content\/uploads\/2024\/10\/un-par-366x253.jpg\" srcset=\"https:\/\/nmcontemporaneo.com\/wp-content\/uploads\/2024\/10\/un-par-366x253.jpg 366w, https:\/\/nmcontemporaneo.com\/wp-content\/uploads\/2024\/10\/un-par-300x208.jpg 300w, https:\/\/nmcontemporaneo.com\/wp-content\/uploads\/2024\/10\/un-par-768x531.jpg 768w, https:\/\/nmcontemporaneo.com\/wp-content\/uploads\/2024\/10\/un-par-732x506.jpg 732w, https:\/\/nmcontemporaneo.com\/wp-content\/uploads\/2024\/10\/un-par.jpg 795w\" sizes=\"auto, (max-width: 366px) 100vw, 366px\" data-caption=\"UN PAR. Impresi\u00f3n digital sobre Hahnemuhle, 100 x 140 cm.\" class=\"light-dropshaddow\" itemprop=\"contentUrl\" alt=\"\"><meta itemprop=\"url\" content=\"https:\/\/nmcontemporaneo.com\/wp-content\/uploads\/2024\/10\/un-par-366x253.jpg\"><meta itemprop=\"width\" content=\"366px\"><meta itemprop=\"height\" content=\"253px\"><\/div><\/div><div class=\"caption kad_caption\"><div class=\"kad_caption_inner\">UN PAR. Impresi\u00f3n digital sobre Hahnemuhle, 100 x 140 cm.<\/div><\/div><\/a><\/div><\/div><div class=\"tcol-lg-4 tcol-md-4 tcol-sm-4 tcol-xs-6 tcol-ss-12 g_item\"><div class=\"grid_item kt_item_fade_in kad_gallery_fade_in gallery_item\"><a href=\"https:\/\/nmcontemporaneo.com\/wp-content\/uploads\/2024\/10\/tres-piedras.jpg\" data-rel=\"lightbox\" class=\"lightboxhover\"><div class=\"kt-intrinsic\" style=\"padding-bottom:66.939890710383%;\"><div itemprop=\"image\" itemscope itemtype=\"https:\/\/schema.org\/ImageObject\"><img loading=\"lazy\" decoding=\"async\" width=\"366\" height=\"245\" src=\"https:\/\/nmcontemporaneo.com\/wp-content\/uploads\/2024\/10\/tres-piedras-366x245.jpg\" srcset=\"https:\/\/nmcontemporaneo.com\/wp-content\/uploads\/2024\/10\/tres-piedras-366x245.jpg 366w, https:\/\/nmcontemporaneo.com\/wp-content\/uploads\/2024\/10\/tres-piedras-300x201.jpg 300w, https:\/\/nmcontemporaneo.com\/wp-content\/uploads\/2024\/10\/tres-piedras-768x514.jpg 768w, https:\/\/nmcontemporaneo.com\/wp-content\/uploads\/2024\/10\/tres-piedras-272x182.jpg 272w, https:\/\/nmcontemporaneo.com\/wp-content\/uploads\/2024\/10\/tres-piedras-732x490.jpg 732w, https:\/\/nmcontemporaneo.com\/wp-content\/uploads\/2024\/10\/tres-piedras.jpg 897w\" sizes=\"auto, (max-width: 366px) 100vw, 366px\" data-caption=\"TRES PIEDRAS. Impresi\u00f3n digital sobre Hahnemuhle, 100 x 140 cm.\" class=\"light-dropshaddow\" itemprop=\"contentUrl\" alt=\"\"><meta itemprop=\"url\" content=\"https:\/\/nmcontemporaneo.com\/wp-content\/uploads\/2024\/10\/tres-piedras-366x245.jpg\"><meta itemprop=\"width\" content=\"366px\"><meta itemprop=\"height\" content=\"245px\"><\/div><\/div><div class=\"caption kad_caption\"><div class=\"kad_caption_inner\">TRES PIEDRAS. Impresi\u00f3n digital sobre Hahnemuhle, 100 x 140 cm.<\/div><\/div><\/a><\/div><\/div><div class=\"tcol-lg-4 tcol-md-4 tcol-sm-4 tcol-xs-6 tcol-ss-12 g_item\"><div class=\"grid_item kt_item_fade_in kad_gallery_fade_in gallery_item\"><a href=\"https:\/\/nmcontemporaneo.com\/wp-content\/uploads\/2024\/10\/unnamed-47.jpg\" data-rel=\"lightbox\" class=\"lightboxhover\"><div class=\"kt-intrinsic\" style=\"padding-bottom:150.27322404372%;\"><div itemprop=\"image\" itemscope itemtype=\"https:\/\/schema.org\/ImageObject\"><img loading=\"lazy\" decoding=\"async\" width=\"366\" height=\"550\" src=\"https:\/\/nmcontemporaneo.com\/wp-content\/uploads\/2024\/10\/unnamed-47-366x550.jpg\" srcset=\"https:\/\/nmcontemporaneo.com\/wp-content\/uploads\/2024\/10\/unnamed-47-366x550.jpg 366w, https:\/\/nmcontemporaneo.com\/wp-content\/uploads\/2024\/10\/unnamed-47-200x300.jpg 200w, https:\/\/nmcontemporaneo.com\/wp-content\/uploads\/2024\/10\/unnamed-47.jpg 599w\" sizes=\"auto, (max-width: 366px) 100vw, 366px\" data-caption=\"PIEDRA QUIETA. Impresi\u00f3n digital sobre Hahnemuhle, 60 x 40 cm.\" class=\"light-dropshaddow\" itemprop=\"contentUrl\" alt=\"\"><meta itemprop=\"url\" content=\"https:\/\/nmcontemporaneo.com\/wp-content\/uploads\/2024\/10\/unnamed-47-366x550.jpg\"><meta itemprop=\"width\" content=\"366px\"><meta itemprop=\"height\" content=\"550px\"><\/div><\/div><div class=\"caption kad_caption\"><div class=\"kad_caption_inner\">PIEDRA QUIETA. Impresi\u00f3n digital sobre Hahnemuhle, 60 x 40 cm.<\/div><\/div><\/a><\/div><\/div><div class=\"tcol-lg-4 tcol-md-4 tcol-sm-4 tcol-xs-6 tcol-ss-12 g_item\"><div class=\"grid_item kt_item_fade_in kad_gallery_fade_in gallery_item\"><a href=\"https:\/\/nmcontemporaneo.com\/wp-content\/uploads\/2024\/10\/arco-y-piedra.jpg\" data-rel=\"lightbox\" class=\"lightboxhover\"><div class=\"kt-intrinsic\" style=\"padding-bottom:148.63387978142%;\"><div itemprop=\"image\" itemscope itemtype=\"https:\/\/schema.org\/ImageObject\"><img loading=\"lazy\" decoding=\"async\" width=\"366\" height=\"544\" src=\"https:\/\/nmcontemporaneo.com\/wp-content\/uploads\/2024\/10\/arco-y-piedra-366x544.jpg\" srcset=\"https:\/\/nmcontemporaneo.com\/wp-content\/uploads\/2024\/10\/arco-y-piedra-366x544.jpg 366w, https:\/\/nmcontemporaneo.com\/wp-content\/uploads\/2024\/10\/arco-y-piedra-202x300.jpg 202w, https:\/\/nmcontemporaneo.com\/wp-content\/uploads\/2024\/10\/arco-y-piedra.jpg 538w\" sizes=\"auto, (max-width: 366px) 100vw, 366px\" data-caption=\"ARCO Y PIEDRA. Impresi\u00f3n digital sobre Hahnemuhle, 60 x 40 cm.\" class=\"light-dropshaddow\" itemprop=\"contentUrl\" alt=\"\"><meta itemprop=\"url\" content=\"https:\/\/nmcontemporaneo.com\/wp-content\/uploads\/2024\/10\/arco-y-piedra-366x544.jpg\"><meta itemprop=\"width\" content=\"366px\"><meta itemprop=\"height\" content=\"544px\"><\/div><\/div><div class=\"caption kad_caption\"><div class=\"kad_caption_inner\">ARCO Y PIEDRA. Impresi\u00f3n digital sobre Hahnemuhle, 60 x 40 cm.<\/div><\/div><\/a><\/div><\/div><\/div>\n<p style=\"text-align: justify;\">The photographs by Cesar L\u00f3pez Negrete (CDMX, 1973) that make up Piedras are a record of sculptures created over a period of eighteen months and the result of simple creative acts about place, time, and the practice of living in the here and now. Most of the images were captured during walks through the landscape to which he has belonged since childhood: the basins of the R\u00edo Grande and the Colotepec Rivers in Oaxaca.<\/p>\n<p>Similarly, in his seas, he represents the limits of the earth, that moment when the wave reaches the shore, which lasts only an instant. His large-format works allow the viewer an open and calm contemplation of the image.<\/p>\n\n<div class=\"sp-wrap sp-wrap-default\">\n<div class=\"sp-head\" title=\"Expand\">\nCurriculum Vitae\n<\/div>\n<div class=\"sp-body folded\">\n<p><strong>Cesar L\u00f3pez-Negrete <\/strong><br \/>\n(n.1973 M\u00e9xico, D.F.)<\/p>\n<p>He works across a range of disciplines and media, including sculpture, photography, landscape and ecological restoration, industrial design, and architecture. Much of his work involves collaboration with other individuals and disciplines, and the creation of context-specific projects.<\/p>\n<div class=\"spdiv\">[collapse]<\/div>\n<\/div>\n<\/div>\n\n","protected":false},"excerpt":{"rendered":"<p>&lt;&lt; Previous | All Artists | Next &gt;&gt; L\u00cdMITE AMARILLO. Impresi\u00f3n digital sobre canvas, 150 x 300 cm, 2013.L\u00cdMITE ROSA. Impresi\u00f3n digital sobre canvas, 105 x 213 cm, 2013.L\u00cdMITE AZUL. Impresi\u00f3n digital sobre canvas, 150 x 300 cm, 2013..PIEDRA MOJADA. &hellip; <a class=\"kt-excerpt-readmore\" href=\"https:\/\/nmcontemporaneo.com\/en\/catalogue\/photography\/cesar-lopez-negrete-en\/\" aria-label=\"C\u00e9sar L\u00f3pez Negrete\">Read More<\/a><\/p>\n","protected":false},"author":6,"featured_media":0,"parent":588,"menu_order":0,"comment_status":"closed","ping_status":"closed","template":"page-fullwidth.php","meta":{"kt_blocks_editor_width":"","footnotes":""},"class_list":["post-9256","page","type-page","status-publish","hentry"],"_links":{"self":[{"href":"https:\/\/nmcontemporaneo.com\/en\/wp-json\/wp\/v2\/pages\/9256","targetHints":{"allow":["GET"]}}],"collection":[{"href":"https:\/\/nmcontemporaneo.com\/en\/wp-json\/wp\/v2\/pages"}],"about":[{"href":"https:\/\/nmcontemporaneo.com\/en\/wp-json\/wp\/v2\/types\/page"}],"author":[{"embeddable":true,"href":"https:\/\/nmcontemporaneo.com\/en\/wp-json\/wp\/v2\/users\/6"}],"replies":[{"embeddable":true,"href":"https:\/\/nmcontemporaneo.com\/en\/wp-json\/wp\/v2\/comments?post=9256"}],"version-history":[{"count":3,"href":"https:\/\/nmcontemporaneo.com\/en\/wp-json\/wp\/v2\/pages\/9256\/revisions"}],"predecessor-version":[{"id":14265,"href":"https:\/\/nmcontemporaneo.com\/en\/wp-json\/wp\/v2\/pages\/9256\/revisions\/14265"}],"up":[{"embeddable":true,"href":"https:\/\/nmcontemporaneo.com\/en\/wp-json\/wp\/v2\/pages\/588"}],"wp:attachment":[{"href":"https:\/\/nmcontemporaneo.com\/en\/wp-json\/wp\/v2\/media?parent=9256"}],"curies":[{"name":"wp","href":"https:\/\/api.w.org\/{rel}","templated":true}]}}