{"id":9281,"date":"2022-09-12T20:53:05","date_gmt":"2022-09-13T02:53:05","guid":{"rendered":"http:\/\/nmcontemporaneo.com\/?page_id=9281"},"modified":"2025-06-21T00:29:49","modified_gmt":"2025-06-21T06:29:49","slug":"cecilia-barreto","status":"publish","type":"page","link":"https:\/\/nmcontemporaneo.com\/en\/catalogue\/emerging-artists\/cecilia-barreto-en\/","title":{"rendered":"Cecilia Barreto"},"content":{"rendered":"<p style=\"text-align: center;\"><a href=\"..\/pablo-vigil\/\">&lt;&lt; Ant.<\/a> | <a href=\"\/catalogo\/todos-los-artistas\/\">Artistas<\/a> | <a href=\"..\/guadalupe-garcia\/\">Sig. &gt;&gt;<\/a><\/p>\n<div id=\"kad-wp-gallery746\" class=\"kad-wp-gallery gallery kt-gallery-column-3 init-isotope-intrinsic reinit-isotope kad-light-wp-gallery clearfix rowtight\" data-fade-in=\"1\" data-iso-selector=\".g_item\" data-iso-style=\"masonry\" data-iso-filter=\"false\"><div class=\"tcol-lg-4 tcol-md-4 tcol-sm-4 tcol-xs-6 tcol-ss-12 g_item\"><div class=\"grid_item kt_item_fade_in kad_gallery_fade_in gallery_item\"><a href=\"https:\/\/nmcontemporaneo.com\/wp-content\/uploads\/2012\/09\/espectacular_8.jpg\" data-rel=\"lightbox\" class=\"lightboxhover\"><div class=\"kt-intrinsic\" style=\"padding-bottom:66.666666666667%;\"><div itemprop=\"image\" itemscope itemtype=\"https:\/\/schema.org\/ImageObject\"><img loading=\"lazy\" decoding=\"async\" width=\"366\" height=\"244\" src=\"https:\/\/nmcontemporaneo.com\/wp-content\/uploads\/2012\/09\/espectacular_8-366x244.jpg\" srcset=\"https:\/\/nmcontemporaneo.com\/wp-content\/uploads\/2012\/09\/espectacular_8-366x244.jpg 366w, https:\/\/nmcontemporaneo.com\/wp-content\/uploads\/2012\/09\/espectacular_8-300x200.jpg 300w, https:\/\/nmcontemporaneo.com\/wp-content\/uploads\/2012\/09\/espectacular_8-272x182.jpg 272w, https:\/\/nmcontemporaneo.com\/wp-content\/uploads\/2012\/09\/espectacular_8-732x488.jpg 732w, https:\/\/nmcontemporaneo.com\/wp-content\/uploads\/2012\/09\/espectacular_8.jpg 900w\" sizes=\"auto, (max-width: 366px) 100vw, 366px\" data-caption=\"  ESPECTACULAR 8. Resina acr\u00edlica, \u00f3leo, t\u00e9cnica serigr\u00e1fia sobre madera, 50 x 75 cm.\" class=\"light-dropshaddow\" itemprop=\"contentUrl\" alt=\"\"><meta itemprop=\"url\" content=\"https:\/\/nmcontemporaneo.com\/wp-content\/uploads\/2012\/09\/espectacular_8-366x244.jpg\"><meta itemprop=\"width\" content=\"366px\"><meta itemprop=\"height\" content=\"244px\"><\/div><\/div><div class=\"caption kad_caption\"><div class=\"kad_caption_inner\">  ESPECTACULAR 8. Resina acr\u00edlica, \u00f3leo, t\u00e9cnica serigr\u00e1fia sobre madera, 50 x 75 cm.<\/div><\/div><\/a><\/div><\/div><div class=\"tcol-lg-4 tcol-md-4 tcol-sm-4 tcol-xs-6 tcol-ss-12 g_item\"><div class=\"grid_item kt_item_fade_in kad_gallery_fade_in gallery_item\"><a href=\"https:\/\/nmcontemporaneo.com\/wp-content\/uploads\/2012\/09\/espectacular_9.jpg\" data-rel=\"lightbox\" class=\"lightboxhover\"><div class=\"kt-intrinsic\" style=\"padding-bottom:68.852459016393%;\"><div itemprop=\"image\" itemscope itemtype=\"https:\/\/schema.org\/ImageObject\"><img loading=\"lazy\" decoding=\"async\" width=\"366\" height=\"252\" src=\"https:\/\/nmcontemporaneo.com\/wp-content\/uploads\/2012\/09\/espectacular_9-366x252.jpg\" srcset=\"https:\/\/nmcontemporaneo.com\/wp-content\/uploads\/2012\/09\/espectacular_9-366x252.jpg 366w, https:\/\/nmcontemporaneo.com\/wp-content\/uploads\/2012\/09\/espectacular_9-300x207.jpg 300w, https:\/\/nmcontemporaneo.com\/wp-content\/uploads\/2012\/09\/espectacular_9-732x504.jpg 732w, https:\/\/nmcontemporaneo.com\/wp-content\/uploads\/2012\/09\/espectacular_9.jpg 900w\" sizes=\"auto, (max-width: 366px) 100vw, 366px\" data-caption=\"ESPECTACULAR 9. Resina acr\u00edlica, \u00f3leo, t\u00e9cnica serigr\u00e1fia, sobre madera, 50 x 75 cm.\" class=\"light-dropshaddow\" itemprop=\"contentUrl\" alt=\"\"><meta itemprop=\"url\" content=\"https:\/\/nmcontemporaneo.com\/wp-content\/uploads\/2012\/09\/espectacular_9-366x252.jpg\"><meta itemprop=\"width\" content=\"366px\"><meta itemprop=\"height\" content=\"252px\"><\/div><\/div><div class=\"caption kad_caption\"><div class=\"kad_caption_inner\">ESPECTACULAR 9. Resina acr\u00edlica, \u00f3leo, t\u00e9cnica serigr\u00e1fia, sobre madera, 50 x 75 cm.<\/div><\/div><\/a><\/div><\/div><div class=\"tcol-lg-4 tcol-md-4 tcol-sm-4 tcol-xs-6 tcol-ss-12 g_item\"><div class=\"grid_item kt_item_fade_in kad_gallery_fade_in gallery_item\"><a href=\"https:\/\/nmcontemporaneo.com\/wp-content\/uploads\/2012\/09\/EspectacularBarroco.jpg\" data-rel=\"lightbox\" class=\"lightboxhover\"><div class=\"kt-intrinsic\" style=\"padding-bottom:80.054644808743%;\"><div itemprop=\"image\" itemscope itemtype=\"https:\/\/schema.org\/ImageObject\"><img loading=\"lazy\" decoding=\"async\" width=\"366\" height=\"293\" src=\"https:\/\/nmcontemporaneo.com\/wp-content\/uploads\/2012\/09\/EspectacularBarroco-366x293.jpg\" srcset=\"https:\/\/nmcontemporaneo.com\/wp-content\/uploads\/2012\/09\/EspectacularBarroco-366x293.jpg 366w, https:\/\/nmcontemporaneo.com\/wp-content\/uploads\/2012\/09\/EspectacularBarroco-300x240.jpg 300w, https:\/\/nmcontemporaneo.com\/wp-content\/uploads\/2012\/09\/EspectacularBarroco-1024x819.jpg 1024w, https:\/\/nmcontemporaneo.com\/wp-content\/uploads\/2012\/09\/EspectacularBarroco-732x586.jpg 732w, https:\/\/nmcontemporaneo.com\/wp-content\/uploads\/2012\/09\/EspectacularBarroco.jpg 1050w\" sizes=\"auto, (max-width: 366px) 100vw, 366px\" data-caption=\"ESPECTACULAR BARROCO. Resina acr\u00edlica, \u00f3leo y serigraf\u00eda sobre madera, 40 x 60 cm, 2009.\" class=\"light-dropshaddow\" itemprop=\"contentUrl\" alt=\"\"><meta itemprop=\"url\" content=\"https:\/\/nmcontemporaneo.com\/wp-content\/uploads\/2012\/09\/EspectacularBarroco-366x293.jpg\"><meta itemprop=\"width\" content=\"366px\"><meta itemprop=\"height\" content=\"293px\"><\/div><\/div><div class=\"caption kad_caption\"><div class=\"kad_caption_inner\">ESPECTACULAR BARROCO. Resina acr\u00edlica, \u00f3leo y serigraf\u00eda sobre madera, 40 x 60 cm, 2009.<\/div><\/div><\/a><\/div><\/div><div class=\"tcol-lg-4 tcol-md-4 tcol-sm-4 tcol-xs-6 tcol-ss-12 g_item\"><div class=\"grid_item kt_item_fade_in kad_gallery_fade_in gallery_item\"><a href=\"https:\/\/nmcontemporaneo.com\/wp-content\/uploads\/2012\/09\/http5.jpg\" data-rel=\"lightbox\" class=\"lightboxhover\"><div class=\"kt-intrinsic\" style=\"padding-bottom:66.393442622951%;\"><div itemprop=\"image\" itemscope itemtype=\"https:\/\/schema.org\/ImageObject\"><img loading=\"lazy\" decoding=\"async\" width=\"366\" height=\"243\" src=\"https:\/\/nmcontemporaneo.com\/wp-content\/uploads\/2012\/09\/http5-366x243.jpg\" srcset=\"https:\/\/nmcontemporaneo.com\/wp-content\/uploads\/2012\/09\/http5-366x243.jpg 366w, https:\/\/nmcontemporaneo.com\/wp-content\/uploads\/2012\/09\/http5-300x199.jpg 300w, https:\/\/nmcontemporaneo.com\/wp-content\/uploads\/2012\/09\/http5-1024x681.jpg 1024w, https:\/\/nmcontemporaneo.com\/wp-content\/uploads\/2012\/09\/http5-272x182.jpg 272w, https:\/\/nmcontemporaneo.com\/wp-content\/uploads\/2012\/09\/http5-732x486.jpg 732w, https:\/\/nmcontemporaneo.com\/wp-content\/uploads\/2012\/09\/http5.jpg 1050w\" sizes=\"auto, (max-width: 366px) 100vw, 366px\" data-caption=\"HTTP:\/\/5. Resina acr\u00edlica, \u00f3leo y serigraf\u00eda sobre madera, 40 x 60 cm, 2009.\" class=\"light-dropshaddow\" itemprop=\"contentUrl\" alt=\"\"><meta itemprop=\"url\" content=\"https:\/\/nmcontemporaneo.com\/wp-content\/uploads\/2012\/09\/http5-366x243.jpg\"><meta itemprop=\"width\" content=\"366px\"><meta itemprop=\"height\" content=\"243px\"><\/div><\/div><div class=\"caption kad_caption\"><div class=\"kad_caption_inner\">HTTP:\/\/5. Resina acr\u00edlica, \u00f3leo y serigraf\u00eda sobre madera, 40 x 60 cm, 2009.<\/div><\/div><\/a><\/div><\/div><div class=\"tcol-lg-4 tcol-md-4 tcol-sm-4 tcol-xs-6 tcol-ss-12 g_item\"><div class=\"grid_item kt_item_fade_in kad_gallery_fade_in gallery_item\"><a href=\"https:\/\/nmcontemporaneo.com\/wp-content\/uploads\/2012\/09\/http7.jpg\" data-rel=\"lightbox\" class=\"lightboxhover\"><div class=\"kt-intrinsic\" style=\"padding-bottom:69.945355191257%;\"><div itemprop=\"image\" itemscope itemtype=\"https:\/\/schema.org\/ImageObject\"><img loading=\"lazy\" decoding=\"async\" width=\"366\" height=\"256\" src=\"https:\/\/nmcontemporaneo.com\/wp-content\/uploads\/2012\/09\/http7-366x256.jpg\" srcset=\"https:\/\/nmcontemporaneo.com\/wp-content\/uploads\/2012\/09\/http7-366x256.jpg 366w, https:\/\/nmcontemporaneo.com\/wp-content\/uploads\/2012\/09\/http7-300x210.jpg 300w, https:\/\/nmcontemporaneo.com\/wp-content\/uploads\/2012\/09\/http7-1024x716.jpg 1024w, https:\/\/nmcontemporaneo.com\/wp-content\/uploads\/2012\/09\/http7-732x512.jpg 732w, https:\/\/nmcontemporaneo.com\/wp-content\/uploads\/2012\/09\/http7.jpg 1050w\" sizes=\"auto, (max-width: 366px) 100vw, 366px\" data-caption=\"HTTP:\/\/7. Resina acr\u00edlica, \u00f3leo y serigraf\u00eda, 50 x 75 cm, 2013.\" class=\"light-dropshaddow\" itemprop=\"contentUrl\" alt=\"\"><meta itemprop=\"url\" content=\"https:\/\/nmcontemporaneo.com\/wp-content\/uploads\/2012\/09\/http7-366x256.jpg\"><meta itemprop=\"width\" content=\"366px\"><meta itemprop=\"height\" content=\"256px\"><\/div><\/div><div class=\"caption kad_caption\"><div class=\"kad_caption_inner\">HTTP:\/\/7. Resina acr\u00edlica, \u00f3leo y serigraf\u00eda, 50 x 75 cm, 2013.<\/div><\/div><\/a><\/div><\/div><\/div>\n<p style=\"text-align: justify;\">Cecilia Barreto (Mexico City, DF 1985) currently lives and works in Mexico City. She completed her Bachelor&#8217;s degree in Visual Arts at ENAP and participated in the Interdisciplinary Workshop &#8220;La Colmena&#8221; under the guidance of Luis Argud\u00edn, Jos\u00e9 Miguel Gonz\u00e1lez Casanova, Francisco Castro Le\u00f1ero, Eloy Tarcisio, and Carlos Mier y Ter\u00e1n. She was a scholarship recipient in the &#8220;Young Creators&#8221; Program at the National Endowment for Culture and the Arts, in the Painting category.<\/p>\n\n<div class=\"sp-wrap sp-wrap-default\">\n<div class=\"sp-head\" title=\"Expand\">\nCurr\u00edculum Vitae\n<\/div>\n<div class=\"sp-body folded\">\n<p><strong>CECILIA BARRETO<br \/>\n<\/strong><br \/>\n<strong>Studies<\/strong><br \/>\n2008 Degree of Visual Arts. National School of Plastic Arts, UNAM<br \/>\n2008-2009 Interdisciplinary Workshop the &#8220;Hive&#8221;, with the tutoring by Luis Argud\u00edn, Jos\u00e9 Miguel Gonz\u00e1lez Casanova, Francisco Castro Le\u00f1ero, Eloy Tarcisio, Carlos Mier y Teran, where production projects are aimed<br \/>\n2005-2008 Painting Workshop Teacher Ulises Garc\u00eda Ponce de Leon, where the artistic process is investigated, the role of historical review and questions of painting that are set in the modern flat<\/p>\n<p><strong>Solo Exhibitions<\/strong><br \/>\n2012 Diagrama de la interferencia National School of Painting, Sculpture and Engraving &#8220;La Esmeralda&#8221; National Institute of Fine Arts, National Arts Centre. Av. Rio Churubusco 79 Col. Country Club. Coyoac\u00e1n 04220 Mexico City.<br \/>\n2012 \u201cVisualidad Simult\u00e1nea\u201d GALLERY Jose Maria Velasco, NATIONAL INSTITUTE OF FINE ARTS Peralvillo 55, Colonia Morelos, Cuauhtemoc, CP 06200<\/p>\n<p><strong>Group Exhibitions<\/strong><br \/>\n2012 Gallery CC186 ZEITGEIST El esp\u00edritu del tiempo de cultura colectiva, M\u00e9xico. D.F.<br \/>\n2012 First Competition for New Artistic Expression, NM Contemporary Art Gallery, Mexico, DF<br \/>\n2012 LOS 11, Centro Cultural Carranza, L\u00e1zaro P\u00e1via s\/n, Colonia Jard\u00edn Balbuena, C.P. 15900, metro Fray Servando, M\u00e9xico, D.F.<br \/>\n2012 00 | RE.COLECTOR * [Art Show Contempor\u00e1neo.2012] TheGoldenProjects * Presentation Emerging Artists<br \/>\n2012 Opening of the exhibition WINNERS 8th. BIENNIAL NATIONAL PAINT AND RECORDED ALFREDO ZALCE, REGIONAL CENTER FOR THE ARTS OF MICHOACAN<br \/>\n2012 \u201cTERCER GRAN SAL\u00d3N CONTEMPOR\u00c1NEO\u201d, Aldaco and Vizca\u00ednas. Door 3. College of Biscay. Mexico City, Mexico<br \/>\n2012 &#8220;BYOB&#8221; Mexico issue # 02 [Bring Your Own Beamer] Pasag\u00fcero, Motolinia 33, Centro Historico, Mexico City<br \/>\n2012 \u201cV Paralelas Contempor\u00e1neas\u201d, Oscar Rom\u00e1n Gallery, Julio Verne #14, Chapultepec Polanco, 11560 Mexico, D.F.<br \/>\n2011 \u201c8\u00aa Bienal Nacional de Pintura y Grabado Alfredo Zalce\u201d, Av. Acueducto 18, Centro \u2013 Morelia, Michoac\u00e1n, M\u00e9xico<br \/>\n2011 \u201cRe Cover\u201d,Lake House, Old Bosque de Chapultepec section 1a, CP: 11850, Mexico DF<br \/>\n2011 \u201cMujeres ganadoras del I y II Concurso Caminos de la Libertad para J\u00f3venes\u201d, Metro Public Transport System in the Tacubaya station, Line 1, pink, Mexico, DF<br \/>\n2011 \u201cCreaci\u00f3n en movimiento\u201d, Young Artists, 2009-2010 generation, first and second periods, Museo Diego Rivera<br \/>\nAnahuacalli, Mexico, DF<br \/>\n2011 &#8220;Contranatura&#8221; Wildlife Art 4, Entrance B to the stadium No.5 Colonia Santa Ursula, Mexico, DF<br \/>\n2010 \u201cParalelo al otro\u201d, History Museum Tlalpan. Mexico DF.<br \/>\n2010 \u201cA cien a\u00f1os de la UNAM una visi\u00f3n contempor\u00e1nea\u201d, MUCA de Ciudad Universitaria, M\u00e9xico, D.F.<br \/>\n2010 \u201cCreaci\u00f3n en movimiento, J\u00f3venes Creadores, primer peri\u00f3do.\u201d House of Culture Ex Convento del Carmen Morelia, Michoacan, Mexico<br \/>\n2010 \u201cII Bienal Nacional de Pintura Pedro Coronel\u201d, Ex Templo de San Agustin, Zacatecas, Zacatecas, Mexico<br \/>\n2010 \u201cAmbigramas\u201d Core ISSSTEZAC of Culture, Sports Calzada No. 119 Colonia Francisco of Herrera, Zacatecas, Zacatecas, Mexico<br \/>\n2010 \u201cCinco con todo\u201d T.A.C.O Talleres de Arte Contempor\u00e1neo, M\u00e9xico, D.F.<br \/>\n2009 \u201cIV Festival Culto Joven\u201d, Flying Circus. Mexico DF.<br \/>\n2009 \u201cPrimer Gran Sal\u00f3n Contempor\u00e1neo\u201d LA TRAMPA, College of the Aldaco Vizca\u00ednas, Gate 3, Colonia Centro Historico, Mexico City<br \/>\n2008 \u201cRadiograf\u00edas de la Radio\u201d, Cultural Center of Spain, Mexico, DF<br \/>\n2008 \u201cMiniGraf\u00edas\u201d, Miniprint, Gallery &#8220;LaFuente&#8221; OllinYolliztli Cultural Center, Mexico City<br \/>\n2008 &#8220;Mini print&#8221; Academy of San Carlos, Mexico, DF<\/p>\n<p><strong>Awards<\/strong><br \/>\n2013 Selection criticism portfolios MUAC<br \/>\n2013 Adidas-Border scholarship, stimulus program for emerging artists, Mexico<br \/>\n2013 Selection for the 3rd. Talent editing Art Room, platform emerging artists<br \/>\n2011 Honorable Mention at the 8th Biennial of Painting and Engraving Alfredo Zalce, Michoacan Mexico<br \/>\n2010 Third Place in the \u201cCaminos a la libertad\u201d competition, in the category of plastic 2010 Selection in the Second Biennial of Painting, &#8220;Pedro Coronel<br \/>\n2009 \u201cBecario del programa J\u00f3venes Creadores del Fondo Nacional para la Cultura y las Artes\u201d FONCA, in the category of Painting<br \/>\n2009 Second Place in the category of Painting, \u201cIV Festival Culto Joven\u201d, Flying Circus 2008 Honorable Mention in the \u201cRadiograf\u00edas de la Radio\u201d, IMER<\/p>\n<div class=\"spdiv\">[collapse]<\/div>\n<\/div>\n<\/div>\n\n","protected":false},"excerpt":{"rendered":"<p>&lt;&lt; Ant. | Artistas | Sig. &gt;&gt; ESPECTACULAR 8. Resina acr\u00edlica, \u00f3leo, t\u00e9cnica serigr\u00e1fia sobre madera, 50 x 75 cm.ESPECTACULAR 9. Resina acr\u00edlica, \u00f3leo, t\u00e9cnica serigr\u00e1fia, sobre madera, 50 x 75 cm.ESPECTACULAR BARROCO. Resina acr\u00edlica, \u00f3leo y serigraf\u00eda sobre madera, &hellip; <a class=\"kt-excerpt-readmore\" href=\"https:\/\/nmcontemporaneo.com\/en\/catalogue\/emerging-artists\/cecilia-barreto-en\/\" aria-label=\"Cecilia Barreto\">Read More<\/a><\/p>\n","protected":false},"author":25,"featured_media":0,"parent":596,"menu_order":0,"comment_status":"closed","ping_status":"closed","template":"page-fullwidth.php","meta":{"kt_blocks_editor_width":"","footnotes":""},"class_list":["post-9281","page","type-page","status-publish","hentry"],"_links":{"self":[{"href":"https:\/\/nmcontemporaneo.com\/en\/wp-json\/wp\/v2\/pages\/9281","targetHints":{"allow":["GET"]}}],"collection":[{"href":"https:\/\/nmcontemporaneo.com\/en\/wp-json\/wp\/v2\/pages"}],"about":[{"href":"https:\/\/nmcontemporaneo.com\/en\/wp-json\/wp\/v2\/types\/page"}],"author":[{"embeddable":true,"href":"https:\/\/nmcontemporaneo.com\/en\/wp-json\/wp\/v2\/users\/25"}],"replies":[{"embeddable":true,"href":"https:\/\/nmcontemporaneo.com\/en\/wp-json\/wp\/v2\/comments?post=9281"}],"version-history":[{"count":3,"href":"https:\/\/nmcontemporaneo.com\/en\/wp-json\/wp\/v2\/pages\/9281\/revisions"}],"predecessor-version":[{"id":14252,"href":"https:\/\/nmcontemporaneo.com\/en\/wp-json\/wp\/v2\/pages\/9281\/revisions\/14252"}],"up":[{"embeddable":true,"href":"https:\/\/nmcontemporaneo.com\/en\/wp-json\/wp\/v2\/pages\/596"}],"wp:attachment":[{"href":"https:\/\/nmcontemporaneo.com\/en\/wp-json\/wp\/v2\/media?parent=9281"}],"curies":[{"name":"wp","href":"https:\/\/api.w.org\/{rel}","templated":true}]}}