{"id":9294,"date":"2022-09-13T13:03:50","date_gmt":"2022-09-13T19:03:50","guid":{"rendered":"http:\/\/nmcontemporaneo.com\/?page_id=9294"},"modified":"2025-06-20T21:28:30","modified_gmt":"2025-06-21T03:28:30","slug":"minerva-ayon","status":"publish","type":"page","link":"https:\/\/nmcontemporaneo.com\/en\/catalogue\/emerging-artists\/minerva-ayon-en\/","title":{"rendered":"Minerva Ay\u00f3n"},"content":{"rendered":"<p style=\"text-align: center;\"><a href=\"\/catalogo\/grafica\/amador-montes\">&lt;&lt; Previous<\/a> |&nbsp;<a href=\"\/catalogo\/todos-los-artistas\/\">Artists<\/a> | <a href=\"..\/marela-zacarias\/\">Next &gt;&gt;<\/a><\/p>\n<div id=\"kad-wp-gallery307\" class=\"kad-wp-gallery gallery kt-gallery-column-3 init-isotope-intrinsic reinit-isotope kad-light-wp-gallery clearfix rowtight\" data-fade-in=\"1\" data-iso-selector=\".g_item\" data-iso-style=\"masonry\" data-iso-filter=\"false\"><div class=\"tcol-lg-4 tcol-md-4 tcol-sm-4 tcol-xs-6 tcol-ss-12 g_item\"><div class=\"grid_item kt_item_fade_in kad_gallery_fade_in gallery_item\"><a href=\"https:\/\/nmcontemporaneo.com\/wp-content\/uploads\/2020\/04\/2018-bordado-002-1.jpg\" data-rel=\"lightbox\" class=\"lightboxhover\"><div class=\"kt-intrinsic\" style=\"padding-bottom:64.754098360656%;\"><div itemprop=\"image\" itemscope itemtype=\"https:\/\/schema.org\/ImageObject\"><img loading=\"lazy\" decoding=\"async\" width=\"366\" height=\"237\" src=\"https:\/\/nmcontemporaneo.com\/wp-content\/uploads\/2020\/04\/2018-bordado-002-1-366x237.jpg\" srcset=\"https:\/\/nmcontemporaneo.com\/wp-content\/uploads\/2020\/04\/2018-bordado-002-1-366x237.jpg 366w, https:\/\/nmcontemporaneo.com\/wp-content\/uploads\/2020\/04\/2018-bordado-002-1-300x194.jpg 300w, https:\/\/nmcontemporaneo.com\/wp-content\/uploads\/2020\/04\/2018-bordado-002-1-768x497.jpg 768w, https:\/\/nmcontemporaneo.com\/wp-content\/uploads\/2020\/04\/2018-bordado-002-1-732x474.jpg 732w, https:\/\/nmcontemporaneo.com\/wp-content\/uploads\/2020\/04\/2018-bordado-002-1.jpg 1000w\" sizes=\"auto, (max-width: 366px) 100vw, 366px\" data-caption=\"Sin T\u00edtulo, Textil 250 x 170 cm, 2019\" class=\"light-dropshaddow\" itemprop=\"contentUrl\" alt=\"\"><meta itemprop=\"url\" content=\"https:\/\/nmcontemporaneo.com\/wp-content\/uploads\/2020\/04\/2018-bordado-002-1-366x237.jpg\"><meta itemprop=\"width\" content=\"366px\"><meta itemprop=\"height\" content=\"237px\"><\/div><\/div><div class=\"caption kad_caption\"><div class=\"kad_caption_inner\">Sin T\u00edtulo, Textil 250 x 170 cm, 2019<\/div><\/div><\/a><\/div><\/div><div class=\"tcol-lg-4 tcol-md-4 tcol-sm-4 tcol-xs-6 tcol-ss-12 g_item\"><div class=\"grid_item kt_item_fade_in kad_gallery_fade_in gallery_item\"><a href=\"https:\/\/nmcontemporaneo.com\/wp-content\/uploads\/2018\/12\/2018-bordado.jpg\" data-rel=\"lightbox\" class=\"lightboxhover\"><div class=\"kt-intrinsic\" style=\"padding-bottom:64.754098360656%;\"><div itemprop=\"image\" itemscope itemtype=\"https:\/\/schema.org\/ImageObject\"><img loading=\"lazy\" decoding=\"async\" width=\"366\" height=\"237\" src=\"https:\/\/nmcontemporaneo.com\/wp-content\/uploads\/2018\/12\/2018-bordado-366x237.jpg\" srcset=\"https:\/\/nmcontemporaneo.com\/wp-content\/uploads\/2018\/12\/2018-bordado-366x237.jpg 366w, https:\/\/nmcontemporaneo.com\/wp-content\/uploads\/2018\/12\/2018-bordado-300x194.jpg 300w, https:\/\/nmcontemporaneo.com\/wp-content\/uploads\/2018\/12\/2018-bordado-768x497.jpg 768w, https:\/\/nmcontemporaneo.com\/wp-content\/uploads\/2018\/12\/2018-bordado-732x474.jpg 732w, https:\/\/nmcontemporaneo.com\/wp-content\/uploads\/2018\/12\/2018-bordado.jpg 1000w\" sizes=\"auto, (max-width: 366px) 100vw, 366px\" data-caption=\"Sin T\u00edtulo, Textil 200 x 170 cm, 2019\" class=\"light-dropshaddow\" itemprop=\"contentUrl\" alt=\"\"><meta itemprop=\"url\" content=\"https:\/\/nmcontemporaneo.com\/wp-content\/uploads\/2018\/12\/2018-bordado-366x237.jpg\"><meta itemprop=\"width\" content=\"366px\"><meta itemprop=\"height\" content=\"237px\"><\/div><\/div><div class=\"caption kad_caption\"><div class=\"kad_caption_inner\">Sin T\u00edtulo, Textil 200 x 170 cm, 2019<\/div><\/div><\/a><\/div><\/div><div class=\"tcol-lg-4 tcol-md-4 tcol-sm-4 tcol-xs-6 tcol-ss-12 g_item\"><div class=\"grid_item kt_item_fade_in kad_gallery_fade_in gallery_item\"><a href=\"https:\/\/nmcontemporaneo.com\/wp-content\/uploads\/2018\/12\/2018-bordado-003.jpg\" data-rel=\"lightbox\" class=\"lightboxhover\"><div class=\"kt-intrinsic\" style=\"padding-bottom:64.754098360656%;\"><div itemprop=\"image\" itemscope itemtype=\"https:\/\/schema.org\/ImageObject\"><img loading=\"lazy\" decoding=\"async\" width=\"366\" height=\"237\" src=\"https:\/\/nmcontemporaneo.com\/wp-content\/uploads\/2018\/12\/2018-bordado-003-366x237.jpg\" srcset=\"https:\/\/nmcontemporaneo.com\/wp-content\/uploads\/2018\/12\/2018-bordado-003-366x237.jpg 366w, https:\/\/nmcontemporaneo.com\/wp-content\/uploads\/2018\/12\/2018-bordado-003-300x194.jpg 300w, https:\/\/nmcontemporaneo.com\/wp-content\/uploads\/2018\/12\/2018-bordado-003-768x497.jpg 768w, https:\/\/nmcontemporaneo.com\/wp-content\/uploads\/2018\/12\/2018-bordado-003-732x474.jpg 732w, https:\/\/nmcontemporaneo.com\/wp-content\/uploads\/2018\/12\/2018-bordado-003.jpg 1000w\" sizes=\"auto, (max-width: 366px) 100vw, 366px\" data-caption=\"Sin T\u00edtulo, Textil 200 x 200 cm, 2019\" class=\"light-dropshaddow\" itemprop=\"contentUrl\" alt=\"\"><meta itemprop=\"url\" content=\"https:\/\/nmcontemporaneo.com\/wp-content\/uploads\/2018\/12\/2018-bordado-003-366x237.jpg\"><meta itemprop=\"width\" content=\"366px\"><meta itemprop=\"height\" content=\"237px\"><\/div><\/div><div class=\"caption kad_caption\"><div class=\"kad_caption_inner\">Sin T\u00edtulo, Textil 200 x 200 cm, 2019<\/div><\/div><\/a><\/div><\/div><div class=\"tcol-lg-4 tcol-md-4 tcol-sm-4 tcol-xs-6 tcol-ss-12 g_item\"><div class=\"grid_item kt_item_fade_in kad_gallery_fade_in gallery_item\"><a href=\"https:\/\/nmcontemporaneo.com\/wp-content\/uploads\/2021\/03\/Captura-de-pantalla-2020-09-22-a-las-17.02.55.png\" data-rel=\"lightbox\" class=\"lightboxhover\"><div class=\"kt-intrinsic\" style=\"padding-bottom:109.56284153005%;\"><div itemprop=\"image\" itemscope itemtype=\"https:\/\/schema.org\/ImageObject\"><img loading=\"lazy\" decoding=\"async\" width=\"366\" height=\"401\" src=\"https:\/\/nmcontemporaneo.com\/wp-content\/uploads\/2021\/03\/Captura-de-pantalla-2020-09-22-a-las-17.02.55-366x401.png\" srcset=\"https:\/\/nmcontemporaneo.com\/wp-content\/uploads\/2021\/03\/Captura-de-pantalla-2020-09-22-a-las-17.02.55-366x401.png 366w, https:\/\/nmcontemporaneo.com\/wp-content\/uploads\/2021\/03\/Captura-de-pantalla-2020-09-22-a-las-17.02.55-274x300.png 274w, https:\/\/nmcontemporaneo.com\/wp-content\/uploads\/2021\/03\/Captura-de-pantalla-2020-09-22-a-las-17.02.55.png 530w\" sizes=\"auto, (max-width: 366px) 100vw, 366px\" data-caption=\"Sin t\u00edtulo, textil, piel y vinil, 160 x 200 cm, 2020.\" class=\"light-dropshaddow\" itemprop=\"contentUrl\" alt=\"\"><meta itemprop=\"url\" content=\"https:\/\/nmcontemporaneo.com\/wp-content\/uploads\/2021\/03\/Captura-de-pantalla-2020-09-22-a-las-17.02.55-366x401.png\"><meta itemprop=\"width\" content=\"366px\"><meta itemprop=\"height\" content=\"401px\"><\/div><\/div><div class=\"caption kad_caption\"><div class=\"kad_caption_inner\">Sin t\u00edtulo, textil, piel y vinil, 160 x 200 cm, 2020.<\/div><\/div><\/a><\/div><\/div><div class=\"tcol-lg-4 tcol-md-4 tcol-sm-4 tcol-xs-6 tcol-ss-12 g_item\"><div class=\"grid_item kt_item_fade_in kad_gallery_fade_in gallery_item\"><a href=\"https:\/\/nmcontemporaneo.com\/wp-content\/uploads\/2021\/03\/Captura-de-pantalla-2020-09-22-a-las-17.02.24.png\" data-rel=\"lightbox\" class=\"lightboxhover\"><div class=\"kt-intrinsic\" style=\"padding-bottom:72.131147540984%;\"><div itemprop=\"image\" itemscope itemtype=\"https:\/\/schema.org\/ImageObject\"><img loading=\"lazy\" decoding=\"async\" width=\"366\" height=\"264\" src=\"https:\/\/nmcontemporaneo.com\/wp-content\/uploads\/2021\/03\/Captura-de-pantalla-2020-09-22-a-las-17.02.24-366x264.png\" srcset=\"https:\/\/nmcontemporaneo.com\/wp-content\/uploads\/2021\/03\/Captura-de-pantalla-2020-09-22-a-las-17.02.24-366x264.png 366w, https:\/\/nmcontemporaneo.com\/wp-content\/uploads\/2021\/03\/Captura-de-pantalla-2020-09-22-a-las-17.02.24-300x216.png 300w, https:\/\/nmcontemporaneo.com\/wp-content\/uploads\/2021\/03\/Captura-de-pantalla-2020-09-22-a-las-17.02.24-768x554.png 768w, https:\/\/nmcontemporaneo.com\/wp-content\/uploads\/2021\/03\/Captura-de-pantalla-2020-09-22-a-las-17.02.24-732x528.png 732w, https:\/\/nmcontemporaneo.com\/wp-content\/uploads\/2021\/03\/Captura-de-pantalla-2020-09-22-a-las-17.02.24.png 856w\" sizes=\"auto, (max-width: 366px) 100vw, 366px\" data-caption=\"Dos Fridas, t\u00e9cnica mixta, 130 x 150 x 90 cm, 2020\" class=\"light-dropshaddow\" itemprop=\"contentUrl\" alt=\"\"><meta itemprop=\"url\" content=\"https:\/\/nmcontemporaneo.com\/wp-content\/uploads\/2021\/03\/Captura-de-pantalla-2020-09-22-a-las-17.02.24-366x264.png\"><meta itemprop=\"width\" content=\"366px\"><meta itemprop=\"height\" content=\"264px\"><\/div><\/div><div class=\"caption kad_caption\"><div class=\"kad_caption_inner\">Dos Fridas, t\u00e9cnica mixta, 130 x 150 x 90 cm, 2020<\/div><\/div><\/a><\/div><\/div><div class=\"tcol-lg-4 tcol-md-4 tcol-sm-4 tcol-xs-6 tcol-ss-12 g_item\"><div class=\"grid_item kt_item_fade_in kad_gallery_fade_in gallery_item\"><a href=\"https:\/\/nmcontemporaneo.com\/wp-content\/uploads\/2021\/03\/Captura-de-pantalla-2020-09-22-a-las-17.02.41.png\" data-rel=\"lightbox\" class=\"lightboxhover\"><div class=\"kt-intrinsic\" style=\"padding-bottom:98.633879781421%;\"><div itemprop=\"image\" itemscope itemtype=\"https:\/\/schema.org\/ImageObject\"><img loading=\"lazy\" decoding=\"async\" width=\"366\" height=\"361\" src=\"https:\/\/nmcontemporaneo.com\/wp-content\/uploads\/2021\/03\/Captura-de-pantalla-2020-09-22-a-las-17.02.41-366x361.png\" srcset=\"https:\/\/nmcontemporaneo.com\/wp-content\/uploads\/2021\/03\/Captura-de-pantalla-2020-09-22-a-las-17.02.41-366x361.png 366w, https:\/\/nmcontemporaneo.com\/wp-content\/uploads\/2021\/03\/Captura-de-pantalla-2020-09-22-a-las-17.02.41-300x296.png 300w, https:\/\/nmcontemporaneo.com\/wp-content\/uploads\/2021\/03\/Captura-de-pantalla-2020-09-22-a-las-17.02.41-100x100.png 100w, https:\/\/nmcontemporaneo.com\/wp-content\/uploads\/2021\/03\/Captura-de-pantalla-2020-09-22-a-las-17.02.41.png 617w\" sizes=\"auto, (max-width: 366px) 100vw, 366px\" data-caption=\"Sin t\u00edtulo, cer\u00e1mica, yeso madera y silic\u00f3n, 90 x 60 cm, 2020.\" class=\"light-dropshaddow\" itemprop=\"contentUrl\" alt=\"\"><meta itemprop=\"url\" content=\"https:\/\/nmcontemporaneo.com\/wp-content\/uploads\/2021\/03\/Captura-de-pantalla-2020-09-22-a-las-17.02.41-366x361.png\"><meta itemprop=\"width\" content=\"366px\"><meta itemprop=\"height\" content=\"361px\"><\/div><\/div><div class=\"caption kad_caption\"><div class=\"kad_caption_inner\">Sin t\u00edtulo, cer\u00e1mica, yeso madera y silic\u00f3n, 90 x 60 cm, 2020.<\/div><\/div><\/a><\/div><\/div><div class=\"tcol-lg-4 tcol-md-4 tcol-sm-4 tcol-xs-6 tcol-ss-12 g_item\"><div class=\"grid_item kt_item_fade_in kad_gallery_fade_in gallery_item\"><a href=\"https:\/\/nmcontemporaneo.com\/wp-content\/uploads\/2015\/09\/1.jpg\" data-rel=\"lightbox\" class=\"lightboxhover\"><div class=\"kt-intrinsic\" style=\"padding-bottom:66.666666666667%;\"><div itemprop=\"image\" itemscope itemtype=\"https:\/\/schema.org\/ImageObject\"><img loading=\"lazy\" decoding=\"async\" width=\"366\" height=\"244\" src=\"https:\/\/nmcontemporaneo.com\/wp-content\/uploads\/2015\/09\/1-366x244.jpg\" srcset=\"https:\/\/nmcontemporaneo.com\/wp-content\/uploads\/2015\/09\/1-366x244.jpg 366w, https:\/\/nmcontemporaneo.com\/wp-content\/uploads\/2015\/09\/1-300x200.jpg 300w, https:\/\/nmcontemporaneo.com\/wp-content\/uploads\/2015\/09\/1-272x182.jpg 272w, https:\/\/nmcontemporaneo.com\/wp-content\/uploads\/2015\/09\/1.jpg 700w\" sizes=\"auto, (max-width: 366px) 100vw, 366px\" data-caption=\"From the series: Tierra de fantasmas, Transfer on cotton paper, 100 x 70 cm, 2012\" class=\"light-dropshaddow\" itemprop=\"contentUrl\" alt=\"\"><meta itemprop=\"url\" content=\"https:\/\/nmcontemporaneo.com\/wp-content\/uploads\/2015\/09\/1-366x244.jpg\"><meta itemprop=\"width\" content=\"366px\"><meta itemprop=\"height\" content=\"244px\"><\/div><\/div><div class=\"caption kad_caption\"><div class=\"kad_caption_inner\">From the series: Tierra de fantasmas, Transfer on cotton paper, 100 x 70 cm, 2012<\/div><\/div><\/a><\/div><\/div><div class=\"tcol-lg-4 tcol-md-4 tcol-sm-4 tcol-xs-6 tcol-ss-12 g_item\"><div class=\"grid_item kt_item_fade_in kad_gallery_fade_in gallery_item\"><a href=\"https:\/\/nmcontemporaneo.com\/wp-content\/uploads\/2015\/05\/26-tigre-koy-azul-scaled.jpg\" data-rel=\"lightbox\" class=\"lightboxhover\"><div class=\"kt-intrinsic\" style=\"padding-bottom:66.666666666667%;\"><div itemprop=\"image\" itemscope itemtype=\"https:\/\/schema.org\/ImageObject\"><img loading=\"lazy\" decoding=\"async\" width=\"366\" height=\"244\" src=\"https:\/\/nmcontemporaneo.com\/wp-content\/uploads\/2015\/05\/26-tigre-koy-azul-366x244.jpg\" srcset=\"https:\/\/nmcontemporaneo.com\/wp-content\/uploads\/2015\/05\/26-tigre-koy-azul-366x244.jpg 366w, https:\/\/nmcontemporaneo.com\/wp-content\/uploads\/2015\/05\/26-tigre-koy-azul-300x200.jpg 300w, https:\/\/nmcontemporaneo.com\/wp-content\/uploads\/2015\/05\/26-tigre-koy-azul-1024x682.jpg 1024w, https:\/\/nmcontemporaneo.com\/wp-content\/uploads\/2015\/05\/26-tigre-koy-azul-272x182.jpg 272w, https:\/\/nmcontemporaneo.com\/wp-content\/uploads\/2015\/05\/26-tigre-koy-azul-732x488.jpg 732w\" sizes=\"auto, (max-width: 366px) 100vw, 366px\" data-caption=\"From the series: Tierra de fantasmas, Transfer on cotton paper, 100 x 70 cm, 2012\" class=\"light-dropshaddow\" itemprop=\"contentUrl\" alt=\"\"><meta itemprop=\"url\" content=\"https:\/\/nmcontemporaneo.com\/wp-content\/uploads\/2015\/05\/26-tigre-koy-azul-366x244.jpg\"><meta itemprop=\"width\" content=\"366px\"><meta itemprop=\"height\" content=\"244px\"><\/div><\/div><div class=\"caption kad_caption\"><div class=\"kad_caption_inner\">From the series: Tierra de fantasmas, Transfer on cotton paper, 100 x 70 cm, 2012<\/div><\/div><\/a><\/div><\/div><div class=\"tcol-lg-4 tcol-md-4 tcol-sm-4 tcol-xs-6 tcol-ss-12 g_item\"><div class=\"grid_item kt_item_fade_in kad_gallery_fade_in gallery_item\"><a href=\"https:\/\/nmcontemporaneo.com\/wp-content\/uploads\/2015\/05\/IMG_0071-scaled.jpg\" data-rel=\"lightbox\" class=\"lightboxhover\"><div class=\"kt-intrinsic\" style=\"padding-bottom:21.03825136612%;\"><div itemprop=\"image\" itemscope itemtype=\"https:\/\/schema.org\/ImageObject\"><img loading=\"lazy\" decoding=\"async\" width=\"366\" height=\"77\" src=\"https:\/\/nmcontemporaneo.com\/wp-content\/uploads\/2015\/05\/IMG_0071-366x77.jpg\" srcset=\"https:\/\/nmcontemporaneo.com\/wp-content\/uploads\/2015\/05\/IMG_0071-366x77.jpg 366w, https:\/\/nmcontemporaneo.com\/wp-content\/uploads\/2015\/05\/IMG_0071-300x63.jpg 300w, https:\/\/nmcontemporaneo.com\/wp-content\/uploads\/2015\/05\/IMG_0071-1024x215.jpg 1024w, https:\/\/nmcontemporaneo.com\/wp-content\/uploads\/2015\/05\/IMG_0071-732x154.jpg 732w\" sizes=\"auto, (max-width: 366px) 100vw, 366px\" data-caption=\"IMPASSE, Transfer on cotton paper, 15 x 60 cm\" class=\"light-dropshaddow\" itemprop=\"contentUrl\" alt=\"\"><meta itemprop=\"url\" content=\"https:\/\/nmcontemporaneo.com\/wp-content\/uploads\/2015\/05\/IMG_0071-366x77.jpg\"><meta itemprop=\"width\" content=\"366px\"><meta itemprop=\"height\" content=\"77px\"><\/div><\/div><div class=\"caption kad_caption\"><div class=\"kad_caption_inner\">IMPASSE, Transfer on cotton paper, 15 x 60 cm<\/div><\/div><\/a><\/div><\/div><\/div>\n<p style=\"font-weight: 400;\">Born in Mexico City, graduated with full marks from the Centro Morelense de las Artes (CMA), Cuernavaca, Morelos. Some of her remarkable collective exhibitions are: \u00bfTienes miedo? (Are you afraid?), at the CMA gallery in 2010. Bearsation, Cuernavaca City Museum (2011). About a Change, at the World Bank Art Program in Washington D.C., USA (2012) and I found my way out, at MFA gallery of Concordia University, Montreal, Canada.&nbsp;<\/p>\n<p style=\"font-weight: 400;\">Minerva has been beneficiary of the Incentive to Creation and Development of Arts, in Morelos for two occasions: 2009 and 2011; also got honorary mention at the XXXIII National Young Art Meeting (2013). Stayed for research at the Concordia University, Montreal, Quebec, Canada (2013). Nowadays, she\u2019s studying towards a master degree in Visual Arts, at San Carlos Academy.<\/p>\n\n<div class=\"sp-wrap sp-wrap-default\">\n<div class=\"sp-head\" title=\"Expand\">\nCurr\u00edculum Vitae\n<\/div>\n<div class=\"sp-body folded\">\n<p><strong>Minerva Ay\u00f3n <\/strong><\/p>\n<p>COURSES<br \/>\n2013 &#8211; 2014 Academic Stay Concordia University, Montreal, Canada<br \/>\n2012 &#8211; 2014 Master of Visual Arts, UNAM, Mexico.<br \/>\n2012 Course, Textile Design, Amparo Museum, Puebla, Mexico.<br \/>\n2007 &#8211; 2011 Bachelor in Visual Arts, Morelos Center for the Arts. Cuernavaca,<br \/>\nMor. Graduated with honors<\/p>\n<p>SOLO EXHIBITIONS<br \/>\n2015 IMPASSE, Invader, Cuernavaca, Mor., Mexico.<br \/>\n2013 VACANCY, CC|186, Mexico, D.F.<br \/>\n2010 VAHO, Morelos Arts Center (CEMA) Gallery, Cuernavaca, Mor., Mexico.<\/p>\n<p>GROUP EXHIBITIONS<br \/>\n2015 G\u00e9nero y denominaciones, Canyon Gallery, Cuernavaca, Mor., Mexico.<br \/>\n2014 Disenchanted Flesh, Cuernavaca City Museum, Cuernavaca, Mor., Mexico.<br \/>\nArt Walk, First Edition: Alvaro Obregon &#8211; Orizaba, Rome North, Mexico.<br \/>\nKnot Violence Exhibition Tour Mexico, Brazil, USA, UK, Italy, S Africa, China, Sweden<br \/>\nVON, Residence Mexico \/ Canada, Cuernavaca, Mor., Mexico.<br \/>\nSuburbio, http:\/\/www.museodemujeres.com\/<br \/>\nI found my way out, MFA Subgallery, Concordia University, Montr\u00e9al, Canada<br \/>\n2013 The mexican way, MFA Gallery, Concordia University, Montr\u00e9al, Canada<br \/>\nDouble Dipping, MFA Subgallery, Concordia University, Montr\u00e9al, Canada<br \/>\nReticular Cultural Center for Sustainability &#8220;El Amate&#8221; Cuernavaca, Mor., Mexico.<br \/>\nXXXIII National Meeting of Young Art (ed. 2013), Traveling.<br \/>\nKARMADOOM, buscando el equilibrio. Cultural Center of Contemporary Mexico, Mexico, DF<br \/>\n2012 Mercado de Pretenciosidades, Morelos Arts Center (CEMA) Gallery, Cuernavaca, Mor., Mexico.<br \/>\nAbout a Change, World Bank Art Program, Washington, D.C., U.S.A.<br \/>\nMiradas, Tijuana Cultural Center CECUT, Tijuana, B.C., M\u00e9xico.<br \/>\nCMYK, Museum of the City of Cuernavaca, Cuernavaca, Mor., Mexico.<br \/>\n2011 XXXI National Meeting of Young Art (ed. 2011), Traveling.<br \/>\nArt Room Talent 2da ed., Center for Architecture and Design, Mexico, DF<br \/>\nDibujo At\u00f3mico, Morelense Gallery Center for the Arts, Cuernavaca, Mor., Mexico.<br \/>\nBearsation, City Museum, Cuernavaca, Mor., Mexico.<br \/>\nCircunstancias, Museum of the City, Cuernavaca, Mor., Mexico.<br \/>\n2010 \u00bfTienes Miedo?, Morelos Center for the Arts Gallery, Cuernavaca, Mor., Mexico.<\/p>\n<p>SCHOLARSHIPS<br \/>\n2012-2014 Recipient of scholarship Graduate Visual Arts, UNAM, Mexico.<br \/>\n2012 &#8211; Recipient of mobility, Graduate Visual Arts, UNAM, Mexico.<br \/>\n2011 Encouragement for the Creation and Artistic Development of Morelos, Mor., Mexico.<br \/>\n2009 Encouragement for the Creation and Artistic Development of Morelos, Mor., Mexico.<\/p>\n<p>AWARDS<br \/>\n2013 Honorable Mention, XXXIII National Meeting of Young Art, Aguascalientes, Mexico.<br \/>\n2011 Honorable Mention, First Contest Art Corps CMAEM, Cuernavaca, Morelos.<br \/>\n2009 Winning work, 2nd Display Art Club Grupo Reforma, Mexico City<\/p>\n<div class=\"spdiv\">[collapse]<\/div>\n<\/div>\n<\/div>\n\n","protected":false},"excerpt":{"rendered":"<p>&lt;&lt; Previous |&nbsp;Artists | Next &gt;&gt; Sin T\u00edtulo, Textil 250 x 170 cm, 2019Sin T\u00edtulo, Textil 200 x 170 cm, 2019Sin T\u00edtulo, Textil 200 x 200 cm, 2019Sin t\u00edtulo, textil, piel y vinil, 160 x 200 cm, 2020.Dos Fridas, t\u00e9cnica &hellip; <a class=\"kt-excerpt-readmore\" href=\"https:\/\/nmcontemporaneo.com\/en\/catalogue\/emerging-artists\/minerva-ayon-en\/\" aria-label=\"Minerva Ay\u00f3n\">Read More<\/a><\/p>\n","protected":false},"author":25,"featured_media":0,"parent":596,"menu_order":0,"comment_status":"closed","ping_status":"closed","template":"page-fullwidth.php","meta":{"kt_blocks_editor_width":"","footnotes":""},"class_list":["post-9294","page","type-page","status-publish","hentry"],"_links":{"self":[{"href":"https:\/\/nmcontemporaneo.com\/en\/wp-json\/wp\/v2\/pages\/9294","targetHints":{"allow":["GET"]}}],"collection":[{"href":"https:\/\/nmcontemporaneo.com\/en\/wp-json\/wp\/v2\/pages"}],"about":[{"href":"https:\/\/nmcontemporaneo.com\/en\/wp-json\/wp\/v2\/types\/page"}],"author":[{"embeddable":true,"href":"https:\/\/nmcontemporaneo.com\/en\/wp-json\/wp\/v2\/users\/25"}],"replies":[{"embeddable":true,"href":"https:\/\/nmcontemporaneo.com\/en\/wp-json\/wp\/v2\/comments?post=9294"}],"version-history":[{"count":2,"href":"https:\/\/nmcontemporaneo.com\/en\/wp-json\/wp\/v2\/pages\/9294\/revisions"}],"predecessor-version":[{"id":14248,"href":"https:\/\/nmcontemporaneo.com\/en\/wp-json\/wp\/v2\/pages\/9294\/revisions\/14248"}],"up":[{"embeddable":true,"href":"https:\/\/nmcontemporaneo.com\/en\/wp-json\/wp\/v2\/pages\/596"}],"wp:attachment":[{"href":"https:\/\/nmcontemporaneo.com\/en\/wp-json\/wp\/v2\/media?parent=9294"}],"curies":[{"name":"wp","href":"https:\/\/api.w.org\/{rel}","templated":true}]}}