{"id":9367,"date":"2022-10-02T12:57:47","date_gmt":"2022-10-02T18:57:47","guid":{"rendered":"http:\/\/nmcontemporaneo.com\/?page_id=9367"},"modified":"2025-06-20T21:28:21","modified_gmt":"2025-06-21T03:28:21","slug":"pamela-zubillaga","status":"publish","type":"page","link":"https:\/\/nmcontemporaneo.com\/en\/catalogue\/emerging-artists\/pamela-zubillaga-en\/","title":{"rendered":"Pamela Zubillaga"},"content":{"rendered":"<p style=\"text-align: center;\"><a href=\"..\/david-sanchez\/\">&lt;&lt; Previous<\/a> | <a href=\"\/catalogo\/todos-los-artistas\/\">All Artists<\/a> | <a href=\"..\/alejandro-osorio\/\">Next &gt;&gt;<\/a><\/p>\n<div id=\"kad-wp-gallery152\" class=\"kad-wp-gallery gallery kt-gallery-column-3 init-isotope-intrinsic reinit-isotope kad-light-wp-gallery clearfix rowtight\" data-fade-in=\"1\" data-iso-selector=\".g_item\" data-iso-style=\"masonry\" data-iso-filter=\"false\"><div class=\"tcol-lg-4 tcol-md-4 tcol-sm-4 tcol-xs-6 tcol-ss-12 g_item\"><div class=\"grid_item kt_item_fade_in kad_gallery_fade_in gallery_item\"><a href=\"https:\/\/nmcontemporaneo.com\/wp-content\/uploads\/2015\/12\/el-jard\u00edn-de-las-delicias-8.png\" data-rel=\"lightbox\" class=\"lightboxhover\"><div class=\"kt-intrinsic\" style=\"padding-bottom:95.081967213115%;\"><div itemprop=\"image\" itemscope itemtype=\"https:\/\/schema.org\/ImageObject\"><img loading=\"lazy\" decoding=\"async\" width=\"366\" height=\"348\" src=\"https:\/\/nmcontemporaneo.com\/wp-content\/uploads\/2015\/12\/el-jard\u00edn-de-las-delicias-8-366x348.png\" srcset=\"https:\/\/nmcontemporaneo.com\/wp-content\/uploads\/2015\/12\/el-jard\u00edn-de-las-delicias-8-366x348.png 366w, https:\/\/nmcontemporaneo.com\/wp-content\/uploads\/2015\/12\/el-jard\u00edn-de-las-delicias-8-300x285.png 300w, https:\/\/nmcontemporaneo.com\/wp-content\/uploads\/2015\/12\/el-jard\u00edn-de-las-delicias-8.png 638w\" sizes=\"auto, (max-width: 366px) 100vw, 366px\" data-caption=\"EL JARD\u00cdN DE LAS DELICIAS 8, Serie: El Jard\u00edn de las Delicias, Grafito y acuarela sobre papel, 56 x 76 cm, 2104.\" class=\"light-dropshaddow\" itemprop=\"contentUrl\" alt=\"\"><meta itemprop=\"url\" content=\"https:\/\/nmcontemporaneo.com\/wp-content\/uploads\/2015\/12\/el-jard\u00edn-de-las-delicias-8-366x348.png\"><meta itemprop=\"width\" content=\"366px\"><meta itemprop=\"height\" content=\"348px\"><\/div><\/div><div class=\"caption kad_caption\"><div class=\"kad_caption_inner\">EL JARD\u00cdN DE LAS DELICIAS 8, Serie: El Jard\u00edn de las Delicias, Grafito y acuarela sobre papel, 56 x 76 cm, 2104.<\/div><\/div><\/a><\/div><\/div><div class=\"tcol-lg-4 tcol-md-4 tcol-sm-4 tcol-xs-6 tcol-ss-12 g_item\"><div class=\"grid_item kt_item_fade_in kad_gallery_fade_in gallery_item\"><a href=\"https:\/\/nmcontemporaneo.com\/wp-content\/uploads\/2015\/12\/casa-sin-ventanas-9.png\" data-rel=\"lightbox\" class=\"lightboxhover\"><div class=\"kt-intrinsic\" style=\"padding-bottom:89.344262295082%;\"><div itemprop=\"image\" itemscope itemtype=\"https:\/\/schema.org\/ImageObject\"><img loading=\"lazy\" decoding=\"async\" width=\"366\" height=\"327\" src=\"https:\/\/nmcontemporaneo.com\/wp-content\/uploads\/2015\/12\/casa-sin-ventanas-9-366x327.png\" srcset=\"https:\/\/nmcontemporaneo.com\/wp-content\/uploads\/2015\/12\/casa-sin-ventanas-9-366x327.png 366w, https:\/\/nmcontemporaneo.com\/wp-content\/uploads\/2015\/12\/casa-sin-ventanas-9-300x268.png 300w, https:\/\/nmcontemporaneo.com\/wp-content\/uploads\/2015\/12\/casa-sin-ventanas-9.png 724w\" sizes=\"auto, (max-width: 366px) 100vw, 366px\" data-caption=\"CASA SIN VENTANAS NO. 9, Serie: Casa sin ventanas, Grafito y acr\u00edlico sobre papel, 76 x 104 cm, 2012.\" class=\"light-dropshaddow\" itemprop=\"contentUrl\" alt=\"\"><meta itemprop=\"url\" content=\"https:\/\/nmcontemporaneo.com\/wp-content\/uploads\/2015\/12\/casa-sin-ventanas-9-366x327.png\"><meta itemprop=\"width\" content=\"366px\"><meta itemprop=\"height\" content=\"327px\"><\/div><\/div><div class=\"caption kad_caption\"><div class=\"kad_caption_inner\">CASA SIN VENTANAS NO. 9, Serie: Casa sin ventanas, Grafito y acr\u00edlico sobre papel, 76 x 104 cm, 2012.<\/div><\/div><\/a><\/div><\/div><div class=\"tcol-lg-4 tcol-md-4 tcol-sm-4 tcol-xs-6 tcol-ss-12 g_item\"><div class=\"grid_item kt_item_fade_in kad_gallery_fade_in gallery_item\"><a href=\"https:\/\/nmcontemporaneo.com\/wp-content\/uploads\/2015\/12\/la-casa-q-habito-5.jpg\" data-rel=\"lightbox\" class=\"lightboxhover\"><div class=\"kt-intrinsic\" style=\"padding-bottom:103.00546448087%;\"><div itemprop=\"image\" itemscope itemtype=\"https:\/\/schema.org\/ImageObject\"><img loading=\"lazy\" decoding=\"async\" width=\"366\" height=\"377\" src=\"https:\/\/nmcontemporaneo.com\/wp-content\/uploads\/2015\/12\/la-casa-q-habito-5-366x377.jpg\" srcset=\"https:\/\/nmcontemporaneo.com\/wp-content\/uploads\/2015\/12\/la-casa-q-habito-5-366x377.jpg 366w, https:\/\/nmcontemporaneo.com\/wp-content\/uploads\/2015\/12\/la-casa-q-habito-5-291x300.jpg 291w, https:\/\/nmcontemporaneo.com\/wp-content\/uploads\/2015\/12\/la-casa-q-habito-5-732x754.jpg 732w, https:\/\/nmcontemporaneo.com\/wp-content\/uploads\/2015\/12\/la-casa-q-habito-5.jpg 786w\" sizes=\"auto, (max-width: 366px) 100vw, 366px\" data-caption=\"LA CASA QUE HABITO NO. 5, Serie: La casa que habito, Pape y estructura de alambre, 90 x 55 x 50 cm, 2013.\" class=\"light-dropshaddow\" itemprop=\"contentUrl\" alt=\"\"><meta itemprop=\"url\" content=\"https:\/\/nmcontemporaneo.com\/wp-content\/uploads\/2015\/12\/la-casa-q-habito-5-366x377.jpg\"><meta itemprop=\"width\" content=\"366px\"><meta itemprop=\"height\" content=\"377px\"><\/div><\/div><div class=\"caption kad_caption\"><div class=\"kad_caption_inner\">LA CASA QUE HABITO NO. 5, Serie: La casa que habito, Pape y estructura de alambre, 90 x 55 x 50 cm, 2013.<\/div><\/div><\/a><\/div><\/div><div class=\"tcol-lg-4 tcol-md-4 tcol-sm-4 tcol-xs-6 tcol-ss-12 g_item\"><div class=\"grid_item kt_item_fade_in kad_gallery_fade_in gallery_item\"><a href=\"https:\/\/nmcontemporaneo.com\/wp-content\/uploads\/2015\/12\/erick.jpg\" data-rel=\"lightbox\" class=\"lightboxhover\"><div class=\"kt-intrinsic\" style=\"padding-bottom:141.25683060109%;\"><div itemprop=\"image\" itemscope itemtype=\"https:\/\/schema.org\/ImageObject\"><img loading=\"lazy\" decoding=\"async\" width=\"366\" height=\"517\" src=\"https:\/\/nmcontemporaneo.com\/wp-content\/uploads\/2015\/12\/erick-366x517.jpg\" srcset=\"https:\/\/nmcontemporaneo.com\/wp-content\/uploads\/2015\/12\/erick-366x517.jpg 366w, https:\/\/nmcontemporaneo.com\/wp-content\/uploads\/2015\/12\/erick-213x300.jpg 213w, https:\/\/nmcontemporaneo.com\/wp-content\/uploads\/2015\/12\/erick.jpg 603w\" sizes=\"auto, (max-width: 366px) 100vw, 366px\" data-caption=\"ERICK, Serie: Todos mis huesos son prestados, Grafito, acr\u00edlico y acuarela sobre papel, 50 x 70 cm, 2015.\" class=\"light-dropshaddow\" itemprop=\"contentUrl\" alt=\"\"><meta itemprop=\"url\" content=\"https:\/\/nmcontemporaneo.com\/wp-content\/uploads\/2015\/12\/erick-366x517.jpg\"><meta itemprop=\"width\" content=\"366px\"><meta itemprop=\"height\" content=\"517px\"><\/div><\/div><div class=\"caption kad_caption\"><div class=\"kad_caption_inner\">ERICK, Serie: Todos mis huesos son prestados, Grafito, acr\u00edlico y acuarela sobre papel, 50 x 70 cm, 2015.<\/div><\/div><\/a><\/div><\/div><div class=\"tcol-lg-4 tcol-md-4 tcol-sm-4 tcol-xs-6 tcol-ss-12 g_item\"><div class=\"grid_item kt_item_fade_in kad_gallery_fade_in gallery_item\"><a href=\"https:\/\/nmcontemporaneo.com\/wp-content\/uploads\/2015\/12\/recoleccion-6.jpg\" data-rel=\"lightbox\" class=\"lightboxhover\"><div class=\"kt-intrinsic\" style=\"padding-bottom:129.50819672131%;\"><div itemprop=\"image\" itemscope itemtype=\"https:\/\/schema.org\/ImageObject\"><img loading=\"lazy\" decoding=\"async\" width=\"366\" height=\"474\" src=\"https:\/\/nmcontemporaneo.com\/wp-content\/uploads\/2015\/12\/recoleccion-6-366x474.jpg\" srcset=\"https:\/\/nmcontemporaneo.com\/wp-content\/uploads\/2015\/12\/recoleccion-6-366x474.jpg 366w, https:\/\/nmcontemporaneo.com\/wp-content\/uploads\/2015\/12\/recoleccion-6-232x300.jpg 232w, https:\/\/nmcontemporaneo.com\/wp-content\/uploads\/2015\/12\/recoleccion-6.jpg 593w\" sizes=\"auto, (max-width: 366px) 100vw, 366px\" data-caption=\"RECOLECCI\u00d3N 6, Serie: Recolecci\u00f3n, Mixta \/ Papel, 50 x 60 cm, 2010.\" class=\"light-dropshaddow\" itemprop=\"contentUrl\" alt=\"\"><meta itemprop=\"url\" content=\"https:\/\/nmcontemporaneo.com\/wp-content\/uploads\/2015\/12\/recoleccion-6-366x474.jpg\"><meta itemprop=\"width\" content=\"366px\"><meta itemprop=\"height\" content=\"474px\"><\/div><\/div><div class=\"caption kad_caption\"><div class=\"kad_caption_inner\">RECOLECCI\u00d3N 6, Serie: Recolecci\u00f3n, Mixta \/ Papel, 50 x 60 cm, 2010.<\/div><\/div><\/a><\/div><\/div><div class=\"tcol-lg-4 tcol-md-4 tcol-sm-4 tcol-xs-6 tcol-ss-12 g_item\"><div class=\"grid_item kt_item_fade_in kad_gallery_fade_in gallery_item\"><a href=\"https:\/\/nmcontemporaneo.com\/wp-content\/uploads\/2015\/12\/casa-sin-ventanas-5.png\" data-rel=\"lightbox\" class=\"lightboxhover\"><div class=\"kt-intrinsic\" style=\"padding-bottom:155.73770491803%;\"><div itemprop=\"image\" itemscope itemtype=\"https:\/\/schema.org\/ImageObject\"><img loading=\"lazy\" decoding=\"async\" width=\"366\" height=\"570\" src=\"https:\/\/nmcontemporaneo.com\/wp-content\/uploads\/2015\/12\/casa-sin-ventanas-5-366x570.png\" srcset=\"https:\/\/nmcontemporaneo.com\/wp-content\/uploads\/2015\/12\/casa-sin-ventanas-5-366x570.png 366w, https:\/\/nmcontemporaneo.com\/wp-content\/uploads\/2015\/12\/casa-sin-ventanas-5-192x300.png 192w, https:\/\/nmcontemporaneo.com\/wp-content\/uploads\/2015\/12\/casa-sin-ventanas-5.png 614w\" sizes=\"auto, (max-width: 366px) 100vw, 366px\" data-caption=\"CASA SIN VENTANAS NO. 5,  Serie: Casa sin ventanas, Grafito y acr\u00edlico sobre papel, 155 x 85 cm, 2012.\" class=\"light-dropshaddow\" itemprop=\"contentUrl\" alt=\"\"><meta itemprop=\"url\" content=\"https:\/\/nmcontemporaneo.com\/wp-content\/uploads\/2015\/12\/casa-sin-ventanas-5-366x570.png\"><meta itemprop=\"width\" content=\"366px\"><meta itemprop=\"height\" content=\"570px\"><\/div><\/div><div class=\"caption kad_caption\"><div class=\"kad_caption_inner\">CASA SIN VENTANAS NO. 5,  Serie: Casa sin ventanas, Grafito y acr\u00edlico sobre papel, 155 x 85 cm, 2012.<\/div><\/div><\/a><\/div><\/div><\/div>\n<p><span style=\"font-weight: 400;\">Zubillaga\u2019s work is self-referential, her intended metaphors describe the emotional states that the body manifests. Her work is about the mourning established in her affective links.&nbsp; Her representation of the body used as a boundary between the inside and the outside world, is part of her language. In the past two years, she has been working with the representation of human skin as a leading element from painting and drawing. The skin is understood as a symbol of love and fragility. In her pieces, the representation of flesh is approached to discuss the abandonment of the body, its decomposition, deformation and frivolity with which we treat this element that belongs to us.<\/span><\/p>\n\n<div class=\"sp-wrap sp-wrap-default\">\n<div class=\"sp-head\" title=\"Expand\">\nCurr\u00edculum Vitae\n<\/div>\n<div class=\"sp-body folded\">\n<p><strong>PAMELA ZUBILLAGA<\/strong><br \/>\n(Atoyac de \u00c1lvarez, Guerrero, 1984)<\/p>\n<p><strong>Academic training<\/strong><\/p>\n<p><span style=\"font-weight: 400;\">&nbsp; 2010 &#8211; 2012 Master of Arts, Honors, University of the State of Morelos, Cuernavaca, Mor.<\/span><\/p>\n<p><span style=\"font-weight: 400;\">&nbsp; 2004 &#8211; 2008 Bachelor of Visual Arts, Arts Center Morelos, Cuernavaca, Mor.<\/span><\/p>\n<p><strong>Exposiciones individuales:<\/strong><\/p>\n<p><span style=\"font-weight: 400;\">&nbsp;2013 La casa que habito, Gallery Morelos Center for the Arts of the State of Morelos, Cuernavaca, Mor.<\/span><\/p>\n<p><strong>Group shows:<\/strong><\/p>\n<p><span style=\"font-weight: 400;\">2015 Diversidad para la inclusi\u00f3n, Tenth Biennial Puebla de los Angeles, Art Gallery Pedro Arrupe, Ibero, Puebla, Puebla.<\/span><\/p>\n<p><span style=\"font-weight: 400;\">&nbsp;&nbsp;&nbsp;&nbsp;&nbsp;&nbsp;&nbsp;&nbsp;&nbsp;&nbsp;&nbsp;10 Arte Vivo, Museum of Modern Art, Mexico Vivo Foundation, Mexico, DF<\/span><\/p>\n<p><span style=\"font-weight: 400;\">&nbsp;&nbsp;&nbsp;&nbsp;&nbsp;&nbsp;&nbsp;&nbsp;&nbsp;&nbsp;&nbsp;Cuerpo denso, Jimenez de las Cuevas Gallery, the Dome House, Puebla, Puebla.<\/span><\/p>\n<p><span style=\"font-weight: 400;\">2014 La Nao, Eighth International Festival. Group Exhibition of Arts, Ixcaleopan Gallery, Acapulco, Gro.<\/span><\/p>\n<p><span style=\"font-weight: 400;\">&nbsp;&nbsp;&nbsp;&nbsp;&nbsp;&nbsp;&nbsp;&nbsp;&nbsp;&nbsp;&nbsp;&nbsp;&nbsp;&nbsp;&nbsp;Epidermis, Museum of the City of Cuernavaca, Cuernavaca, Mor.<\/span><\/p>\n<p><span style=\"font-weight: 400;\">&nbsp;&nbsp;&nbsp;&nbsp;&nbsp;&nbsp;&nbsp;&nbsp;&nbsp;&nbsp;&nbsp;Collective Show, Casa Maauad Gallery, M\u00e9xico, D.F.<\/span><\/p>\n<p><span style=\"font-weight: 400;\">2013 Molecular Coatlicue, ReTrouve Gallery, M\u00e9xico, D.F.<\/span><\/p>\n<p><span style=\"font-weight: 400;\">&nbsp;&nbsp;&nbsp;&nbsp;&nbsp;&nbsp;&nbsp;&nbsp;&nbsp;&nbsp;&nbsp;&nbsp;&nbsp;Figuraciones, Cultural Institute of Mexico, Sun Gallery, Miami, Florida, USA<\/span><\/p>\n<p><span style=\"font-weight: 400;\">&nbsp;&nbsp;&nbsp;&nbsp;&nbsp;&nbsp;&nbsp;&nbsp;&nbsp;Creaci\u00f3n en movimiento. Young Artists Biblioteca Vasconcelos Mexico City, Mexico, DF<\/span><\/p>\n<p><span style=\"font-weight: 400;\">2012 Gr\u00e1fica Contempor\u00e1nea, Cultural Center of Contemporary Mexico, DF Mexico<\/span><\/p>\n<p><span style=\"font-weight: 400;\">2011 Creaci\u00f3n en movimiento. 2010-2011 Young Artists, Center for the Arts Gallery in San Luis Potosi (CASLPC), San Luis Potosi, San Luis Potosi.<\/span><\/p>\n<p><span style=\"font-weight: 400;\">&nbsp;&nbsp;&nbsp;&nbsp;&nbsp;&nbsp;&nbsp;&nbsp;&nbsp;&nbsp;&nbsp;&nbsp;&nbsp;&nbsp;Dibujo at\u00f3mico, Morelos Center for the Arts Gallery, Cuernavaca, Mor.<\/span><\/p>\n<p><span style=\"font-weight: 400;\">2009 En Crudo, Tonalli Gallery, Cultural Center Ollin Yoliztli, Distrito Federal.<\/span><\/p>\n<p>&nbsp;<\/p>\n<p><strong>Scholarship, incentives and Awards:<\/strong><\/p>\n<p><span style=\"font-weight: 400;\">2015&nbsp; Second place in the Tenth Biennial Puebla de los Angeles, Ibero Puebla, Puebla.<\/span><\/p>\n<p><span style=\"font-weight: 400;\">2014 \u2013 2015 PECDAG (Programa de Est\u00edmulo a la Creaci\u00f3n y al Desarrollo Art\u00edstico de&nbsp; Guerrero), young artists and performers.<\/span><\/p>\n<p><span style=\"font-weight: 400;\">2010 \u2013 2012&nbsp; Scholarship CONACYT, (Consejo Nacional de Ciencia y Tecnolog\u00eda) Academic specialization in Critical Theory and creation, Master of Arts.<\/span><\/p>\n<p><span style=\"font-weight: 400;\">2010 \u2013 2011 Scholarship J\u00f3venes Creadores, FONCA (Fondo Nacional para la Cultura y las Artes).<\/span><\/p>\n<p><span style=\"font-weight: 400;\">2009 \u2013 2010 Scholarship J\u00f3venes Creadores, FOECA (Fondo Estatal para la Cultura y las Artes del&nbsp; Estado de Morelos).<\/span><\/p>\n<p><span style=\"font-weight: 400;\">2007 \u2013 2008 Scholarship J\u00f3venes Creadores, FOECA (Fondo Estatal para la Cultura y las Artes del&nbsp; Estado de Guerrero).<\/span><\/p>\n<p><strong>Teaching experience<\/strong><\/p>\n<p><span style=\"font-weight: 400;\">2015<\/span><\/p>\n<p><span style=\"font-weight: 400;\">-Teaching Degree in Visual Arts, University of the State of Morelos, Cuernavaca, Morelos.<\/span><\/p>\n<p><span style=\"font-weight: 400;\">-Teaching In Graphic Design Degree, University La Salle Cuernavaca, Cuernavaca, Morelos.<\/span><\/p>\n<p><span style=\"font-weight: 400;\">2014<\/span><\/p>\n<p><span style=\"font-weight: 400;\">-Teaching Degree in Visual Arts, University of the State of Morelos, Cuernavaca, Morelos.<\/span><\/p>\n<p><span style=\"font-weight: 400;\">-Teaching At Bachelor Visual Arts, Morelos Center for the Arts, Cuernavaca, Morelos.<\/span><\/p>\n<p><span style=\"font-weight: 400;\">2013<\/span><\/p>\n<p><span style=\"font-weight: 400;\">-Teaching Degree in Visual Arts, Arts Center Morelos, Cuernavaca, Morelos.<\/span><\/p>\n<p><span style=\"font-weight: 400;\">Workshop-painting for children, Seize program thread to Peace, SEDESOL, Community Workshops for Arts and Culture, Cuernavaca, Mor.<\/span><\/p>\n<p><span style=\"font-weight: 400;\">2012<\/span><\/p>\n<p><span style=\"font-weight: 400;\">-Teaching At Bachelor Visual Arts, University of the State of Morelos, Cuernavaca, Morelos.<\/span><\/p>\n<div class=\"spdiv\">[collapse]<\/div>\n<\/div>\n<\/div>\n\n","protected":false},"excerpt":{"rendered":"<p>&lt;&lt; Previous | All Artists | Next &gt;&gt; EL JARD\u00cdN DE LAS DELICIAS 8, Serie: El Jard\u00edn de las Delicias, Grafito y acuarela sobre papel, 56 x 76 cm, 2104.CASA SIN VENTANAS NO. 9, Serie: Casa sin ventanas, Grafito y &hellip; <a class=\"kt-excerpt-readmore\" href=\"https:\/\/nmcontemporaneo.com\/en\/catalogue\/emerging-artists\/pamela-zubillaga-en\/\" aria-label=\"Pamela Zubillaga\">Read More<\/a><\/p>\n","protected":false},"author":25,"featured_media":0,"parent":596,"menu_order":0,"comment_status":"closed","ping_status":"closed","template":"page-fullwidth.php","meta":{"kt_blocks_editor_width":"","footnotes":""},"class_list":["post-9367","page","type-page","status-publish","hentry"],"_links":{"self":[{"href":"https:\/\/nmcontemporaneo.com\/en\/wp-json\/wp\/v2\/pages\/9367","targetHints":{"allow":["GET"]}}],"collection":[{"href":"https:\/\/nmcontemporaneo.com\/en\/wp-json\/wp\/v2\/pages"}],"about":[{"href":"https:\/\/nmcontemporaneo.com\/en\/wp-json\/wp\/v2\/types\/page"}],"author":[{"embeddable":true,"href":"https:\/\/nmcontemporaneo.com\/en\/wp-json\/wp\/v2\/users\/25"}],"replies":[{"embeddable":true,"href":"https:\/\/nmcontemporaneo.com\/en\/wp-json\/wp\/v2\/comments?post=9367"}],"version-history":[{"count":2,"href":"https:\/\/nmcontemporaneo.com\/en\/wp-json\/wp\/v2\/pages\/9367\/revisions"}],"predecessor-version":[{"id":14247,"href":"https:\/\/nmcontemporaneo.com\/en\/wp-json\/wp\/v2\/pages\/9367\/revisions\/14247"}],"up":[{"embeddable":true,"href":"https:\/\/nmcontemporaneo.com\/en\/wp-json\/wp\/v2\/pages\/596"}],"wp:attachment":[{"href":"https:\/\/nmcontemporaneo.com\/en\/wp-json\/wp\/v2\/media?parent=9367"}],"curies":[{"name":"wp","href":"https:\/\/api.w.org\/{rel}","templated":true}]}}