{"id":9734,"date":"2022-06-19T19:10:32","date_gmt":"2022-06-20T01:10:32","guid":{"rendered":"http:\/\/nmcontemporaneo.com\/?page_id=9734"},"modified":"2025-06-21T00:55:05","modified_gmt":"2025-06-21T06:55:05","slug":"carlos-marin","status":"publish","type":"page","link":"https:\/\/nmcontemporaneo.com\/en\/catalogue\/sculpture\/carlos-marin-en\/","title":{"rendered":"Carlos Mar\u00edn"},"content":{"rendered":"<p style=\"text-align: center;\"><a href=\"https:\/\/nmcontemporaneo.com\/catalogo\/escultura\/miriam-medrez\/\">&lt;&lt; Previous<\/a> | <a href=\"\/catalogo\/todos-los-artistas\/\">All Artists<\/a> | <a href=\"https:\/\/nmcontemporaneo.com\/catalogo\/escultura\/lucrecia-waggoner\">Next &gt;&gt;<\/a><\/p>\n<div id=\"kad-wp-gallery123\" class=\"kad-wp-gallery gallery kt-gallery-column-2 init-isotope-intrinsic reinit-isotope kad-light-wp-gallery clearfix rowtight\" data-fade-in=\"1\" data-iso-selector=\".g_item\" data-iso-style=\"masonry\" data-iso-filter=\"false\"><div class=\"tcol-lg-6 tcol-md-6 tcol-sm-6 tcol-xs-12 tcol-ss-12 g_item\"><div class=\"grid_item kt_item_fade_in kad_gallery_fade_in gallery_item\"><a href=\"https:\/\/nmcontemporaneo.com\/wp-content\/uploads\/2016\/06\/La-m\u00e1s-sincera-de-las-miradas.jpg\" data-rel=\"lightbox\" class=\"lightboxhover\"><div class=\"kt-intrinsic\" style=\"padding-bottom:133.39285714286%;\"><div itemprop=\"image\" itemscope itemtype=\"https:\/\/schema.org\/ImageObject\"><img loading=\"lazy\" decoding=\"async\" width=\"560\" height=\"747\" src=\"https:\/\/nmcontemporaneo.com\/wp-content\/uploads\/2016\/06\/La-m\u00e1s-sincera-de-las-miradas-560x747.jpg\" srcset=\"https:\/\/nmcontemporaneo.com\/wp-content\/uploads\/2016\/06\/La-m\u00e1s-sincera-de-las-miradas-560x747.jpg 560w, https:\/\/nmcontemporaneo.com\/wp-content\/uploads\/2016\/06\/La-m\u00e1s-sincera-de-las-miradas-225x300.jpg 225w, https:\/\/nmcontemporaneo.com\/wp-content\/uploads\/2016\/06\/La-m\u00e1s-sincera-de-las-miradas.jpg 585w\" sizes=\"auto, (max-width: 560px) 100vw, 560px\" data-caption=\"LA M\u00c1S SINCERA DE LAS MIRADAS. Escultura en cer\u00e1mica con \u00f3xidos, 39 x 38 x 30 cm.\" class=\"light-dropshaddow\" itemprop=\"contentUrl\" alt=\"\"><meta itemprop=\"url\" content=\"https:\/\/nmcontemporaneo.com\/wp-content\/uploads\/2016\/06\/La-m\u00e1s-sincera-de-las-miradas-560x747.jpg\"><meta itemprop=\"width\" content=\"560px\"><meta itemprop=\"height\" content=\"747px\"><\/div><\/div><div class=\"caption kad_caption\"><div class=\"kad_caption_inner\">LA M\u00c1S SINCERA DE LAS MIRADAS. Escultura en cer\u00e1mica con \u00f3xidos, 39 x 38 x 30 cm.<\/div><\/div><\/a><\/div><\/div><div class=\"tcol-lg-6 tcol-md-6 tcol-sm-6 tcol-xs-12 tcol-ss-12 g_item\"><div class=\"grid_item kt_item_fade_in kad_gallery_fade_in gallery_item\"><a href=\"https:\/\/nmcontemporaneo.com\/wp-content\/uploads\/2016\/06\/Otro-lado-del-t\u00fanel.jpg\" data-rel=\"lightbox\" class=\"lightboxhover\"><div class=\"kt-intrinsic\" style=\"padding-bottom:130.71428571429%;\"><div itemprop=\"image\" itemscope itemtype=\"https:\/\/schema.org\/ImageObject\"><img loading=\"lazy\" decoding=\"async\" width=\"560\" height=\"732\" src=\"https:\/\/nmcontemporaneo.com\/wp-content\/uploads\/2016\/06\/Otro-lado-del-t\u00fanel-560x732.jpg\" srcset=\"https:\/\/nmcontemporaneo.com\/wp-content\/uploads\/2016\/06\/Otro-lado-del-t\u00fanel-560x732.jpg 560w, https:\/\/nmcontemporaneo.com\/wp-content\/uploads\/2016\/06\/Otro-lado-del-t\u00fanel-230x300.jpg 230w, https:\/\/nmcontemporaneo.com\/wp-content\/uploads\/2016\/06\/Otro-lado-del-t\u00fanel.jpg 597w\" sizes=\"auto, (max-width: 560px) 100vw, 560px\" data-caption=\"OTRO LADO DEL T\u00daNEL. Escultura en cer\u00e1mica con \u00f3xidos, 60 x 22 x 26 cm.\" class=\"light-dropshaddow\" itemprop=\"contentUrl\" alt=\"\"><meta itemprop=\"url\" content=\"https:\/\/nmcontemporaneo.com\/wp-content\/uploads\/2016\/06\/Otro-lado-del-t\u00fanel-560x732.jpg\"><meta itemprop=\"width\" content=\"560px\"><meta itemprop=\"height\" content=\"732px\"><\/div><\/div><div class=\"caption kad_caption\"><div class=\"kad_caption_inner\">OTRO LADO DEL T\u00daNEL. Escultura en cer\u00e1mica con \u00f3xidos, 60 x 22 x 26 cm.<\/div><\/div><\/a><\/div><\/div><div class=\"tcol-lg-6 tcol-md-6 tcol-sm-6 tcol-xs-12 tcol-ss-12 g_item\"><div class=\"grid_item kt_item_fade_in kad_gallery_fade_in gallery_item\"><a href=\"https:\/\/nmcontemporaneo.com\/wp-content\/uploads\/2016\/06\/Delirio1.jpg\" data-rel=\"lightbox\" class=\"lightboxhover\"><div class=\"kt-intrinsic\" style=\"padding-bottom:146.89265536723%;\"><div itemprop=\"image\" itemscope itemtype=\"https:\/\/schema.org\/ImageObject\"><img loading=\"lazy\" decoding=\"async\" width=\"531\" height=\"780\" src=\"https:\/\/nmcontemporaneo.com\/wp-content\/uploads\/2016\/06\/Delirio1.jpg\" srcset=\"https:\/\/nmcontemporaneo.com\/wp-content\/uploads\/2016\/06\/Delirio1.jpg 531w, https:\/\/nmcontemporaneo.com\/wp-content\/uploads\/2016\/06\/Delirio1-204x300.jpg 204w\" sizes=\"auto, (max-width: 531px) 100vw, 531px\" data-caption=\"DELIRIO. Escultura en cer\u00e1mica con \u00f3xidos, 69 x 31 x 43 cm.\" class=\"light-dropshaddow\" itemprop=\"contentUrl\" alt=\"\"><meta itemprop=\"url\" content=\"https:\/\/nmcontemporaneo.com\/wp-content\/uploads\/2016\/06\/Delirio1.jpg\"><meta itemprop=\"width\" content=\"531px\"><meta itemprop=\"height\" content=\"780px\"><\/div><\/div><div class=\"caption kad_caption\"><div class=\"kad_caption_inner\">DELIRIO. Escultura en cer\u00e1mica con \u00f3xidos, 69 x 31 x 43 cm.<\/div><\/div><\/a><\/div><\/div><div class=\"tcol-lg-6 tcol-md-6 tcol-sm-6 tcol-xs-12 tcol-ss-12 g_item\"><div class=\"grid_item kt_item_fade_in kad_gallery_fade_in gallery_item\"><a href=\"https:\/\/nmcontemporaneo.com\/wp-content\/uploads\/2016\/06\/Sin-posibilidad-de-movimiento..jpg\" data-rel=\"lightbox\" class=\"lightboxhover\"><div class=\"kt-intrinsic\" style=\"padding-bottom:145.53571428571%;\"><div itemprop=\"image\" itemscope itemtype=\"https:\/\/schema.org\/ImageObject\"><img loading=\"lazy\" decoding=\"async\" width=\"560\" height=\"815\" src=\"https:\/\/nmcontemporaneo.com\/wp-content\/uploads\/2016\/06\/Sin-posibilidad-de-movimiento.-560x815.jpg\" srcset=\"https:\/\/nmcontemporaneo.com\/wp-content\/uploads\/2016\/06\/Sin-posibilidad-de-movimiento.-560x815.jpg 560w, https:\/\/nmcontemporaneo.com\/wp-content\/uploads\/2016\/06\/Sin-posibilidad-de-movimiento.-206x300.jpg 206w, https:\/\/nmcontemporaneo.com\/wp-content\/uploads\/2016\/06\/Sin-posibilidad-de-movimiento..jpg 703w\" sizes=\"auto, (max-width: 560px) 100vw, 560px\" data-caption=\"SIN POSIBILIDAD DE MOVIMIENTO. Relieve en cer\u00e1mica con \u00f3xidos, 71 x 49 cm.\" class=\"light-dropshaddow\" itemprop=\"contentUrl\" alt=\"\"><meta itemprop=\"url\" content=\"https:\/\/nmcontemporaneo.com\/wp-content\/uploads\/2016\/06\/Sin-posibilidad-de-movimiento.-560x815.jpg\"><meta itemprop=\"width\" content=\"560px\"><meta itemprop=\"height\" content=\"815px\"><\/div><\/div><div class=\"caption kad_caption\"><div class=\"kad_caption_inner\">SIN POSIBILIDAD DE MOVIMIENTO. Relieve en cer\u00e1mica con \u00f3xidos, 71 x 49 cm.<\/div><\/div><\/a><\/div><\/div><div class=\"tcol-lg-6 tcol-md-6 tcol-sm-6 tcol-xs-12 tcol-ss-12 g_item\"><div class=\"grid_item kt_item_fade_in kad_gallery_fade_in gallery_item\"><a href=\"https:\/\/nmcontemporaneo.com\/wp-content\/uploads\/2016\/06\/Bestiario.jpg\" data-rel=\"lightbox\" class=\"lightboxhover\"><div class=\"kt-intrinsic\" style=\"padding-bottom:90.535714285714%;\"><div itemprop=\"image\" itemscope itemtype=\"https:\/\/schema.org\/ImageObject\"><img loading=\"lazy\" decoding=\"async\" width=\"560\" height=\"507\" src=\"https:\/\/nmcontemporaneo.com\/wp-content\/uploads\/2016\/06\/Bestiario-560x507.jpg\" srcset=\"https:\/\/nmcontemporaneo.com\/wp-content\/uploads\/2016\/06\/Bestiario-560x507.jpg 560w, https:\/\/nmcontemporaneo.com\/wp-content\/uploads\/2016\/06\/Bestiario-300x272.jpg 300w, https:\/\/nmcontemporaneo.com\/wp-content\/uploads\/2016\/06\/Bestiario.jpg 875w\" sizes=\"auto, (max-width: 560px) 100vw, 560px\" data-caption=\"BESTIARIO. Escultura en cer\u00e1mica con \u00f3xidos y esmaltes, pol\u00edptico (7piezas), 140 x 175 cm.\" class=\"light-dropshaddow\" itemprop=\"contentUrl\" alt=\"\"><meta itemprop=\"url\" content=\"https:\/\/nmcontemporaneo.com\/wp-content\/uploads\/2016\/06\/Bestiario-560x507.jpg\"><meta itemprop=\"width\" content=\"560px\"><meta itemprop=\"height\" content=\"507px\"><\/div><\/div><div class=\"caption kad_caption\"><div class=\"kad_caption_inner\">BESTIARIO. Escultura en cer\u00e1mica con \u00f3xidos y esmaltes, pol\u00edptico (7piezas), 140 x 175 cm.<\/div><\/div><\/a><\/div><\/div><div class=\"tcol-lg-6 tcol-md-6 tcol-sm-6 tcol-xs-12 tcol-ss-12 g_item\"><div class=\"grid_item kt_item_fade_in kad_gallery_fade_in gallery_item\"><a href=\"https:\/\/nmcontemporaneo.com\/wp-content\/uploads\/2016\/06\/Vendaval-H-y-M_f2.jpg\" data-rel=\"lightbox\" class=\"lightboxhover\"><div class=\"kt-intrinsic\" style=\"padding-bottom:87.012987012987%;\"><div itemprop=\"image\" itemscope itemtype=\"https:\/\/schema.org\/ImageObject\"><img loading=\"lazy\" decoding=\"async\" width=\"539\" height=\"469\" src=\"https:\/\/nmcontemporaneo.com\/wp-content\/uploads\/2016\/06\/Vendaval-H-y-M_f2.jpg\" srcset=\"https:\/\/nmcontemporaneo.com\/wp-content\/uploads\/2016\/06\/Vendaval-H-y-M_f2.jpg 539w, https:\/\/nmcontemporaneo.com\/wp-content\/uploads\/2016\/06\/Vendaval-H-y-M_f2-300x261.jpg 300w\" sizes=\"auto, (max-width: 539px) 100vw, 539px\" data-caption=\"VENDAVAL H. Escultura en cer\u00e1mica con \u00f3xidos, 32 x 43 x 16 cm. VENDAVAL M, Escultura con \u00f3xidos, 36 x 38 x 17 cm.\" class=\"light-dropshaddow\" itemprop=\"contentUrl\" alt=\"\"><meta itemprop=\"url\" content=\"https:\/\/nmcontemporaneo.com\/wp-content\/uploads\/2016\/06\/Vendaval-H-y-M_f2.jpg\"><meta itemprop=\"width\" content=\"539px\"><meta itemprop=\"height\" content=\"469px\"><\/div><\/div><div class=\"caption kad_caption\"><div class=\"kad_caption_inner\">VENDAVAL H. Escultura en cer\u00e1mica con \u00f3xidos, 32 x 43 x 16 cm. VENDAVAL M, Escultura con \u00f3xidos, 36 x 38 x 17 cm.<\/div><\/div><\/a><\/div><\/div><\/div>\n<p><a href=\"http:\/\/nmcontemporaneo.com\/wp-content\/uploads\/2016\/06\/La-l\u00ednea-de-lo-posible.jpg\"><img loading=\"lazy\" decoding=\"async\" class=\"wp-image-9745 size-full\" src=\"http:\/\/nmcontemporaneo.com\/wp-content\/uploads\/2016\/06\/La-l\u00ednea-de-lo-posible.jpg\" alt=\"La l\u00ednea de lo posible\" width=\"1394\" height=\"274\" srcset=\"https:\/\/nmcontemporaneo.com\/wp-content\/uploads\/2016\/06\/La-l\u00ednea-de-lo-posible.jpg 1394w, https:\/\/nmcontemporaneo.com\/wp-content\/uploads\/2016\/06\/La-l\u00ednea-de-lo-posible-300x59.jpg 300w, https:\/\/nmcontemporaneo.com\/wp-content\/uploads\/2016\/06\/La-l\u00ednea-de-lo-posible-1024x201.jpg 1024w\" sizes=\"auto, (max-width: 1394px) 100vw, 1394px\" \/><\/a><strong>THE LINE OF THE POSSIBLE<\/strong><br \/>\nCeramic relief with oxides and glaze, 239 x 48 cm<\/p>\n<p>Carlos Mar\u00edn (Michoac\u00e1n, Mexico, 1959) is a versatile artist whose work is defined by a continuous search for personal languages and experimentation with various materials\u2014though he always returns to ceramics, a medium with which he feels deeply connected. For Mar\u00edn, clay is a material that allows him to gently shape the body and interacting figures to tell a story\u2014a past that corrodes and transforms into art.<\/p>\n<p>Clothing becomes the disguise of the humanized beast, representing\u2014with earthy textures\u2014winged creatures, fish-shaped bodies and mermaids among turtles, birds, iguanas, and snakes. These forms follow one another, connect, and flow alongside the metamorphosis of a female body-tree that shelters birds\u2014a dialogue between the human figure and turkeys, ducks, frogs, pigs, boar heads, and oxen\u2014forming a bestiary.<\/p>\n<p>For the past 27 years, Carlos Mar\u00edn has lived in Cuernavaca, and since the year 2000, all his professional artistic production has taken place in this city. Originally from Uruapan, Michoac\u00e1n, born in 1959, he belongs to one of the most representative families of contemporary Mexican artists. He studied Graphic Design at the San Carlos Academy of the National Autonomous University of Mexico (UNAM), and worked in design for many years without ever abandoning sculpture and drawing. In 2000, he chose to dedicate himself professionally to art. Since then, he has explored the human body as a central plastic language, which, as he states, <em>is his language<\/em>.<\/p>\n\n<div class=\"sp-wrap sp-wrap-default\">\n<div class=\"sp-head\" title=\"Expand\">\nCurriculum Vitae\n<\/div>\n<div class=\"sp-body folded\">\n<p><strong>Carlos Mar\u00edn<\/strong><\/p>\n<p data-start=\"0\" data-end=\"247\">Carlos Mar\u00edn has developed an artistic approach centered mainly on sculpture, relief, drawing, and printmaking. His primary materials are ceramics, oxides, and ballpoint pen. Since 1995, he has worked professionally in the visual and plastic arts.<\/p>\n<p data-start=\"249\" data-end=\"1024\"><strong>Solo Exhibitions (Selected)<\/strong><br data-start=\"283\" data-end=\"286\" \/>2015 &#8220;Cosa de Gravedad&#8221; (Wall Sculpture), Galer\u00eda Oscar Rom\u00e1n, Mexico City.<br data-start=\"361\" data-end=\"364\" \/>2015 &#8220;Inventario&#8221; (Sculpture and Relief), Galer\u00eda Sisal, San Miguel de Allende, Guanajuato.<br data-start=\"455\" data-end=\"458\" \/>2014 &#8220;Voces&#8221; (Sculpture and Relief), Galer\u00eda Oscar Rom\u00e1n, Mexico City.<br data-start=\"528\" data-end=\"531\" \/>2013 &#8220;Tres Tiempos&#8221; (Relief and Sculpture), Un Teatro, Espacio Cultural A.C., Mexico City.<br data-start=\"621\" data-end=\"624\" \/>2012 &#8220;Cortezas&#8221; (Sculpture and Relief), X Espacio de Arte, Mexico City.<br data-start=\"695\" data-end=\"698\" \/>2010 &#8220;Territorios de Preguntas&#8221; (Sculpture), Instituto Mexiquense de Cultura, Casa Isidro Fabela, San \u00c1ngel, Mexico City.<br data-start=\"819\" data-end=\"822\" \/>2009 &#8220;Territorio de Preguntas&#8221; (Sculpture and Painting), Museum of Art of Quer\u00e9taro, Quer\u00e9taro.<br data-start=\"917\" data-end=\"920\" \/>2007 &#8220;Cuerpos Deshabitados&#8221; (Sculpture and Painting), Jard\u00edn Borda Cultural Center, Cuernavaca, Morelos.<\/p>\n<p data-start=\"1026\" data-end=\"2098\"><strong>Group Exhibitions (Selected)<\/strong><br data-start=\"1061\" data-end=\"1064\" \/>2011 &#8220;Obras de la Galer\u00eda&#8221; (Bronze Sculpture), Galer\u00eda Patricia Mendoza, San Jos\u00e9 del Cabo, Baja California Sur.<br data-start=\"1176\" data-end=\"1179\" \/>2011 &#8220;Fundaci\u00f3n Guadalupe Madre Tierra&#8221; (Ceramic Relief), Jard\u00edn Borda, Cuernavaca, Morelos.<br data-start=\"1271\" data-end=\"1274\" \/>2011 &#8220;Rayuela Foundation Exhibition and Auction&#8221; (Sculptures), Subastas L\u00f3pez Morton, Cuernavaca, Morelos.<br data-start=\"1380\" data-end=\"1383\" \/>2011 &#8220;Instituto Nuevo Amanecer Exhibition and Auction&#8221; (Sculpture), Monterrey, Nuevo Le\u00f3n.<br data-start=\"1473\" data-end=\"1476\" \/>2010 Permanent Exhibition at Galer\u00eda Alberto Misrachi (Sculpture and Painting), Mexico City.<br data-start=\"1568\" data-end=\"1571\" \/>2009 &#8220;Latin American Ceramics&#8221; (Sculpture), Figarelli Galleries, Scottsdale, Arizona, USA.<br data-start=\"1661\" data-end=\"1664\" \/>2008 &#8220;The Diversity of Imagination&#8221; (Sculpture), Institute of Ecology, UNAM.<br data-start=\"1740\" data-end=\"1743\" \/>2008 &#8220;Auction 08 \u2013 Contemporary Latin American Art&#8221; (Sculpture), Museum of Latin American Arts (MOMAA), Palm Beach, Los Angeles, USA.<br data-start=\"1876\" data-end=\"1879\" \/>2006 &#8220;The Body, Dwelling of the Soul&#8221; (Painting), Metropolitan Museum of Monterrey.<br data-start=\"1962\" data-end=\"1965\" \/>2005 &#8220;The Gardens of Desire&#8221; (Painting), Metropolitan Museum of Monterrey.<br data-start=\"2039\" data-end=\"2042\" \/>2005 &#8220;Encounters&#8221; (Sculpture), Fomento Cultural Banamex.<\/p>\n<p data-start=\"2100\" data-end=\"2636\" data-is-last-node=\"\" data-is-only-node=\"\"><b>Distinctions<\/b><br data-start=\"2115\" data-end=\"2118\" \/>First place, II Biennial of Small-Format Sculpture of Morelos, Cuernavaca, July 2008.<br data-start=\"2203\" data-end=\"2206\" \/>Advisor for the FOECA Young Creators Grant in 2007 for Vicente Calleja\u2019s project \u201cContemporary Approach to Drawing with Dynamic Line.\u201d<br data-start=\"2340\" data-end=\"2343\" \/>Advisor for the FOECA Young Creators Grant in 2005 for Paola Esquivel Silva\u2019s project \u201cFamily Construction.\u201d<br data-start=\"2451\" data-end=\"2454\" \/>Designer of the commemorative coin seal for Justice for the Faculty of Law at UNAM, 2004.<br data-start=\"2543\" data-end=\"2546\" \/>First place, V Paso del Norte Visual Arts Biennial, Ciudad Ju\u00e1rez, Chihuahua, August 2004.<\/p>\n<div class=\"spdiv\">[collapse]<\/div>\n<\/div>\n<\/div>\n\n","protected":false},"excerpt":{"rendered":"<p>&lt;&lt; Previous | All Artists | Next &gt;&gt; LA M\u00c1S SINCERA DE LAS MIRADAS. Escultura en cer\u00e1mica con \u00f3xidos, 39 x 38 x 30 cm.OTRO LADO DEL T\u00daNEL. Escultura en cer\u00e1mica con \u00f3xidos, 60 x 22 x 26 cm.DELIRIO. Escultura &hellip; <a class=\"kt-excerpt-readmore\" href=\"https:\/\/nmcontemporaneo.com\/en\/catalogue\/sculpture\/carlos-marin-en\/\" aria-label=\"Carlos Mar\u00edn\">Read More<\/a><\/p>\n","protected":false},"author":25,"featured_media":0,"parent":571,"menu_order":0,"comment_status":"closed","ping_status":"closed","template":"page-fullwidth.php","meta":{"kt_blocks_editor_width":"","footnotes":""},"class_list":["post-9734","page","type-page","status-publish","hentry"],"_links":{"self":[{"href":"https:\/\/nmcontemporaneo.com\/en\/wp-json\/wp\/v2\/pages\/9734","targetHints":{"allow":["GET"]}}],"collection":[{"href":"https:\/\/nmcontemporaneo.com\/en\/wp-json\/wp\/v2\/pages"}],"about":[{"href":"https:\/\/nmcontemporaneo.com\/en\/wp-json\/wp\/v2\/types\/page"}],"author":[{"embeddable":true,"href":"https:\/\/nmcontemporaneo.com\/en\/wp-json\/wp\/v2\/users\/25"}],"replies":[{"embeddable":true,"href":"https:\/\/nmcontemporaneo.com\/en\/wp-json\/wp\/v2\/comments?post=9734"}],"version-history":[{"count":2,"href":"https:\/\/nmcontemporaneo.com\/en\/wp-json\/wp\/v2\/pages\/9734\/revisions"}],"predecessor-version":[{"id":14261,"href":"https:\/\/nmcontemporaneo.com\/en\/wp-json\/wp\/v2\/pages\/9734\/revisions\/14261"}],"up":[{"embeddable":true,"href":"https:\/\/nmcontemporaneo.com\/en\/wp-json\/wp\/v2\/pages\/571"}],"wp:attachment":[{"href":"https:\/\/nmcontemporaneo.com\/en\/wp-json\/wp\/v2\/media?parent=9734"}],"curies":[{"name":"wp","href":"https:\/\/api.w.org\/{rel}","templated":true}]}}