{"id":11494,"date":"2018-11-21T15:54:43","date_gmt":"2018-11-21T21:54:43","guid":{"rendered":"https:\/\/nmcontemporaneo.com\/?post_type=product&#038;p=11494"},"modified":"2025-06-20T01:03:33","modified_gmt":"2025-06-20T07:03:33","slug":"jarron-4-2018-ray-smith","status":"publish","type":"product","link":"https:\/\/nmcontemporaneo.com\/en\/shop\/jarron-4-2018-ray-smith\/","title":{"rendered":"Jarron 4, 2018. Ray Smith"},"content":{"rendered":"<p><a href=\"https:\/\/nmcontemporaneo.com\/wp-content\/uploads\/2018\/11\/NM.raysmith08-1.jpg\"><img loading=\"lazy\" decoding=\"async\" class=\"size-full wp-image-11549 alignleft\" src=\"https:\/\/nmcontemporaneo.com\/wp-content\/uploads\/2018\/11\/NM.raysmith08-1.jpg\" alt=\"\" width=\"276\" height=\"464\" srcset=\"https:\/\/nmcontemporaneo.com\/wp-content\/uploads\/2018\/11\/NM.raysmith08-1.jpg 276w, https:\/\/nmcontemporaneo.com\/wp-content\/uploads\/2018\/11\/NM.raysmith08-1-178x300.jpg 178w\" sizes=\"auto, (max-width: 276px) 100vw, 276px\" \/><\/a><\/p>\n","protected":false},"excerpt":{"rendered":"<p>Artista: Ray Smith<\/p>\n<p>JARRON 4, 2018<\/p>\n<p>Cer\u00e1mica<\/p>\n<p>37 x 24 x 24 inch<\/p>\n<p>95 x 60 x 60 cm<\/p>\n<p id=\"tw-target-text\" class=\"tw-data-text tw-ta tw-text-small\" dir=\"ltr\" data-placeholder=\"Traducci\u00f3n\"><span lang=\"es\">La factura se emitir\u00e1 dentro de los primeros 7 d\u00edas posteriores al d\u00eda de la compra y una vez que se reciba el pago.<\/span><\/p>\n","protected":false},"featured_media":11561,"comment_status":"open","ping_status":"closed","template":"","meta":{"kt_blocks_editor_width":""},"product_brand":[],"product_cat":[368],"product_tag":[],"class_list":{"0":"post-11494","1":"product","2":"type-product","3":"status-publish","4":"has-post-thumbnail","6":"product_cat-escultura","8":"first","9":"instock","10":"taxable","11":"shipping-taxable","12":"purchasable","13":"product-type-simple"},"_links":{"self":[{"href":"https:\/\/nmcontemporaneo.com\/en\/wp-json\/wp\/v2\/product\/11494","targetHints":{"allow":["GET"]}}],"collection":[{"href":"https:\/\/nmcontemporaneo.com\/en\/wp-json\/wp\/v2\/product"}],"about":[{"href":"https:\/\/nmcontemporaneo.com\/en\/wp-json\/wp\/v2\/types\/product"}],"replies":[{"embeddable":true,"href":"https:\/\/nmcontemporaneo.com\/en\/wp-json\/wp\/v2\/comments?post=11494"}],"wp:featuredmedia":[{"embeddable":true,"href":"https:\/\/nmcontemporaneo.com\/en\/wp-json\/wp\/v2\/media\/11561"}],"wp:attachment":[{"href":"https:\/\/nmcontemporaneo.com\/en\/wp-json\/wp\/v2\/media?parent=11494"}],"wp:term":[{"taxonomy":"product_brand","embeddable":true,"href":"https:\/\/nmcontemporaneo.com\/en\/wp-json\/wp\/v2\/product_brand?post=11494"},{"taxonomy":"product_cat","embeddable":true,"href":"https:\/\/nmcontemporaneo.com\/en\/wp-json\/wp\/v2\/product_cat?post=11494"},{"taxonomy":"product_tag","embeddable":true,"href":"https:\/\/nmcontemporaneo.com\/en\/wp-json\/wp\/v2\/product_tag?post=11494"}],"curies":[{"name":"wp","href":"https:\/\/api.w.org\/{rel}","templated":true}]}}