{"id":11865,"date":"2018-12-14T18:43:36","date_gmt":"2018-12-15T00:43:36","guid":{"rendered":"https:\/\/nmcontemporaneo.com\/?post_type=product&#038;p=11865"},"modified":"2025-06-20T01:03:31","modified_gmt":"2025-06-20T07:03:31","slug":"el-pajaro","status":"publish","type":"product","link":"https:\/\/nmcontemporaneo.com\/en\/shop\/el-pajaro\/","title":{"rendered":"El p\u00e1jaro"},"content":{"rendered":"","protected":false},"excerpt":{"rendered":"<p><strong>Artista: V\u00edctor Hugo P\u00e9rez<\/strong><\/p>\n<p><strong>El p\u00e1jaro, 2017 <\/strong><\/p>\n<p>Dije y collar o Prendedor en plata .925<\/p>\n<p>P.A.<\/p>\n<p>4.5 x 5 cm<\/p>\n<p>20 g<\/p>\n","protected":false},"featured_media":11863,"comment_status":"open","ping_status":"closed","template":"","meta":{"kt_blocks_editor_width":""},"product_brand":[],"product_cat":[375],"product_tag":[],"class_list":{"0":"post-11865","1":"product","2":"type-product","3":"status-publish","4":"has-post-thumbnail","6":"product_cat-accesorios-tienda","8":"first","9":"instock","10":"taxable","11":"shipping-taxable","12":"purchasable","13":"product-type-simple"},"_links":{"self":[{"href":"https:\/\/nmcontemporaneo.com\/en\/wp-json\/wp\/v2\/product\/11865","targetHints":{"allow":["GET"]}}],"collection":[{"href":"https:\/\/nmcontemporaneo.com\/en\/wp-json\/wp\/v2\/product"}],"about":[{"href":"https:\/\/nmcontemporaneo.com\/en\/wp-json\/wp\/v2\/types\/product"}],"replies":[{"embeddable":true,"href":"https:\/\/nmcontemporaneo.com\/en\/wp-json\/wp\/v2\/comments?post=11865"}],"wp:featuredmedia":[{"embeddable":true,"href":"https:\/\/nmcontemporaneo.com\/en\/wp-json\/wp\/v2\/media\/11863"}],"wp:attachment":[{"href":"https:\/\/nmcontemporaneo.com\/en\/wp-json\/wp\/v2\/media?parent=11865"}],"wp:term":[{"taxonomy":"product_brand","embeddable":true,"href":"https:\/\/nmcontemporaneo.com\/en\/wp-json\/wp\/v2\/product_brand?post=11865"},{"taxonomy":"product_cat","embeddable":true,"href":"https:\/\/nmcontemporaneo.com\/en\/wp-json\/wp\/v2\/product_cat?post=11865"},{"taxonomy":"product_tag","embeddable":true,"href":"https:\/\/nmcontemporaneo.com\/en\/wp-json\/wp\/v2\/product_tag?post=11865"}],"curies":[{"name":"wp","href":"https:\/\/api.w.org\/{rel}","templated":true}]}}