{"id":12043,"date":"2019-03-10T00:55:49","date_gmt":"2019-03-10T06:55:49","guid":{"rendered":"https:\/\/nmcontemporaneo.com\/?post_type=product&#038;p=12043"},"modified":"2025-06-20T01:03:31","modified_gmt":"2025-06-20T07:03:31","slug":"godzilla-en-la-ciudad","status":"publish","type":"product","link":"https:\/\/nmcontemporaneo.com\/en\/shop\/godzilla-en-la-ciudad\/","title":{"rendered":"Godzilla en la Ciudad"},"content":{"rendered":"","protected":false},"excerpt":{"rendered":"<p><strong>Artista: Armando Romero<\/strong><\/p>\n<p><strong>Godzilla en la Ciudad, 2018<br \/>\n<\/strong>De la serie Las tentaciones de San Antonio<br \/>\n\u00d3leo sobre tela<br \/>\n200 x 200 cm<\/p>\n<p>La factura se emitir\u00e1 dentro de los primeros 7 d\u00edas posteriores al d\u00eda de la compra y una vez que se reciba el pago.<\/p>\n<p>&nbsp;<\/p>\n","protected":false},"featured_media":12040,"comment_status":"open","ping_status":"closed","template":"","meta":{"kt_blocks_editor_width":""},"product_brand":[],"product_cat":[365],"product_tag":[],"class_list":{"0":"post-12043","1":"product","2":"type-product","3":"status-publish","4":"has-post-thumbnail","6":"product_cat-sin-categoria","8":"first","9":"instock","10":"taxable","11":"shipping-taxable","12":"purchasable","13":"product-type-simple"},"_links":{"self":[{"href":"https:\/\/nmcontemporaneo.com\/en\/wp-json\/wp\/v2\/product\/12043","targetHints":{"allow":["GET"]}}],"collection":[{"href":"https:\/\/nmcontemporaneo.com\/en\/wp-json\/wp\/v2\/product"}],"about":[{"href":"https:\/\/nmcontemporaneo.com\/en\/wp-json\/wp\/v2\/types\/product"}],"replies":[{"embeddable":true,"href":"https:\/\/nmcontemporaneo.com\/en\/wp-json\/wp\/v2\/comments?post=12043"}],"wp:featuredmedia":[{"embeddable":true,"href":"https:\/\/nmcontemporaneo.com\/en\/wp-json\/wp\/v2\/media\/12040"}],"wp:attachment":[{"href":"https:\/\/nmcontemporaneo.com\/en\/wp-json\/wp\/v2\/media?parent=12043"}],"wp:term":[{"taxonomy":"product_brand","embeddable":true,"href":"https:\/\/nmcontemporaneo.com\/en\/wp-json\/wp\/v2\/product_brand?post=12043"},{"taxonomy":"product_cat","embeddable":true,"href":"https:\/\/nmcontemporaneo.com\/en\/wp-json\/wp\/v2\/product_cat?post=12043"},{"taxonomy":"product_tag","embeddable":true,"href":"https:\/\/nmcontemporaneo.com\/en\/wp-json\/wp\/v2\/product_tag?post=12043"}],"curies":[{"name":"wp","href":"https:\/\/api.w.org\/{rel}","templated":true}]}}