{"id":12044,"date":"2019-03-10T00:59:18","date_gmt":"2019-03-10T06:59:18","guid":{"rendered":"https:\/\/nmcontemporaneo.com\/?post_type=product&#038;p=12044"},"modified":"2025-06-20T01:03:30","modified_gmt":"2025-06-20T07:03:30","slug":"personajes-bajando-la-escalera","status":"publish","type":"product","link":"https:\/\/nmcontemporaneo.com\/en\/shop\/personajes-bajando-la-escalera\/","title":{"rendered":"Personajes Bajando la Escalera"},"content":{"rendered":"","protected":false},"excerpt":{"rendered":"<p><strong>Artista: Armando Romero<\/strong><\/p>\n<p><strong>Personajes Bajando la Escalera, 2018<\/strong><br \/>\nDe la serie Las tentaciones de San Antonio<br \/>\n\u00d3leo sobre tela<br \/>\n200 x 220 cm<\/p>\n<p>La factura se emitir\u00e1 dentro de los primeros 7 d\u00edas posteriores al d\u00eda de la compra y una vez que se reciba el pago.<\/p>\n","protected":false},"featured_media":12039,"comment_status":"open","ping_status":"closed","template":"","meta":{"kt_blocks_editor_width":""},"product_brand":[],"product_cat":[365],"product_tag":[],"class_list":{"0":"post-12044","1":"product","2":"type-product","3":"status-publish","4":"has-post-thumbnail","6":"product_cat-sin-categoria","8":"first","9":"instock","10":"taxable","11":"shipping-taxable","12":"purchasable","13":"product-type-simple"},"_links":{"self":[{"href":"https:\/\/nmcontemporaneo.com\/en\/wp-json\/wp\/v2\/product\/12044","targetHints":{"allow":["GET"]}}],"collection":[{"href":"https:\/\/nmcontemporaneo.com\/en\/wp-json\/wp\/v2\/product"}],"about":[{"href":"https:\/\/nmcontemporaneo.com\/en\/wp-json\/wp\/v2\/types\/product"}],"replies":[{"embeddable":true,"href":"https:\/\/nmcontemporaneo.com\/en\/wp-json\/wp\/v2\/comments?post=12044"}],"wp:featuredmedia":[{"embeddable":true,"href":"https:\/\/nmcontemporaneo.com\/en\/wp-json\/wp\/v2\/media\/12039"}],"wp:attachment":[{"href":"https:\/\/nmcontemporaneo.com\/en\/wp-json\/wp\/v2\/media?parent=12044"}],"wp:term":[{"taxonomy":"product_brand","embeddable":true,"href":"https:\/\/nmcontemporaneo.com\/en\/wp-json\/wp\/v2\/product_brand?post=12044"},{"taxonomy":"product_cat","embeddable":true,"href":"https:\/\/nmcontemporaneo.com\/en\/wp-json\/wp\/v2\/product_cat?post=12044"},{"taxonomy":"product_tag","embeddable":true,"href":"https:\/\/nmcontemporaneo.com\/en\/wp-json\/wp\/v2\/product_tag?post=12044"}],"curies":[{"name":"wp","href":"https:\/\/api.w.org\/{rel}","templated":true}]}}