{"id":12171,"date":"2020-04-07T18:32:43","date_gmt":"2020-04-08T00:32:43","guid":{"rendered":"https:\/\/nmcontemporaneo.com\/?post_type=product&#038;p=12171"},"modified":"2025-06-20T01:03:30","modified_gmt":"2025-06-20T07:03:30","slug":"la-burra-no-era-arisca","status":"publish","type":"product","link":"https:\/\/nmcontemporaneo.com\/en\/shop\/la-burra-no-era-arisca\/","title":{"rendered":""},"content":{"rendered":"<p><a href=\"https:\/\/nmcontemporaneo.com\/wp-content\/uploads\/2020\/04\/La-burra-no-era-arisca.png\"><img loading=\"lazy\" decoding=\"async\" class=\"aligncenter size-full wp-image-12172\" src=\"https:\/\/nmcontemporaneo.com\/wp-content\/uploads\/2020\/04\/La-burra-no-era-arisca.png\" alt=\"\" width=\"774\" height=\"778\" srcset=\"https:\/\/nmcontemporaneo.com\/wp-content\/uploads\/2020\/04\/La-burra-no-era-arisca.png 774w, https:\/\/nmcontemporaneo.com\/wp-content\/uploads\/2020\/04\/La-burra-no-era-arisca-100x100.png 100w, https:\/\/nmcontemporaneo.com\/wp-content\/uploads\/2020\/04\/La-burra-no-era-arisca-150x150.png 150w, https:\/\/nmcontemporaneo.com\/wp-content\/uploads\/2020\/04\/La-burra-no-era-arisca-298x300.png 298w, https:\/\/nmcontemporaneo.com\/wp-content\/uploads\/2020\/04\/La-burra-no-era-arisca-768x772.png 768w\" sizes=\"auto, (max-width: 774px) 100vw, 774px\" \/><\/a><\/p>\n","protected":false},"excerpt":{"rendered":"<p><strong>Artista: Sergio Hern\u00e1ndez<\/strong><\/p>\n<div class=\"page\" title=\"Page 11\">\n<div class=\"section\">\n<div class=\"layoutArea\">\n<div class=\"column\">\n<p><strong>La burra no era arisca<\/strong><\/p>\n<p>Mezzotinta<\/p>\n<p>61 x 61 cm imagen \/ 74 x 74 cm papel.<\/p>\n<p>Edicio\u0301n 10 ejemplares del 2\/30 al 20\/30. 2015<\/p>\n<p>La factura se emitir\u00e1 dentro de los primeros 7 d\u00edas posteriores al d\u00eda de la compra y una vez que se reciba el pago.<\/p>\n<\/div>\n<\/div>\n<\/div>\n<\/div>\n","protected":false},"featured_media":12173,"comment_status":"open","ping_status":"closed","template":"","meta":{"kt_blocks_editor_width":""},"product_brand":[],"product_cat":[377],"product_tag":[],"class_list":{"0":"post-12171","1":"product","2":"type-product","3":"status-publish","4":"has-post-thumbnail","6":"product_cat-grafica-tienda","8":"first","9":"instock","10":"taxable","11":"shipping-taxable","12":"purchasable","13":"product-type-simple"},"_links":{"self":[{"href":"https:\/\/nmcontemporaneo.com\/en\/wp-json\/wp\/v2\/product\/12171","targetHints":{"allow":["GET"]}}],"collection":[{"href":"https:\/\/nmcontemporaneo.com\/en\/wp-json\/wp\/v2\/product"}],"about":[{"href":"https:\/\/nmcontemporaneo.com\/en\/wp-json\/wp\/v2\/types\/product"}],"replies":[{"embeddable":true,"href":"https:\/\/nmcontemporaneo.com\/en\/wp-json\/wp\/v2\/comments?post=12171"}],"wp:featuredmedia":[{"embeddable":true,"href":"https:\/\/nmcontemporaneo.com\/en\/wp-json\/wp\/v2\/media\/12173"}],"wp:attachment":[{"href":"https:\/\/nmcontemporaneo.com\/en\/wp-json\/wp\/v2\/media?parent=12171"}],"wp:term":[{"taxonomy":"product_brand","embeddable":true,"href":"https:\/\/nmcontemporaneo.com\/en\/wp-json\/wp\/v2\/product_brand?post=12171"},{"taxonomy":"product_cat","embeddable":true,"href":"https:\/\/nmcontemporaneo.com\/en\/wp-json\/wp\/v2\/product_cat?post=12171"},{"taxonomy":"product_tag","embeddable":true,"href":"https:\/\/nmcontemporaneo.com\/en\/wp-json\/wp\/v2\/product_tag?post=12171"}],"curies":[{"name":"wp","href":"https:\/\/api.w.org\/{rel}","templated":true}]}}