{"id":12194,"date":"2020-04-09T18:44:47","date_gmt":"2020-04-10T00:44:47","guid":{"rendered":"https:\/\/nmcontemporaneo.com\/?post_type=product&#038;p=12194"},"modified":"2025-06-20T01:03:30","modified_gmt":"2025-06-20T07:03:30","slug":"espejo-gris-2020-ray-smith","status":"publish","type":"product","link":"https:\/\/nmcontemporaneo.com\/en\/shop\/espejo-gris-2020-ray-smith\/","title":{"rendered":""},"content":{"rendered":"<p><a href=\"https:\/\/nmcontemporaneo.com\/wp-content\/uploads\/2020\/04\/alergia.jpg\"><img loading=\"lazy\" decoding=\"async\" class=\"aligncenter wp-image-12761 size-full\" src=\"https:\/\/nmcontemporaneo.com\/wp-content\/uploads\/2020\/04\/alergia.jpg\" alt=\"\" width=\"465\" height=\"720\" srcset=\"https:\/\/nmcontemporaneo.com\/wp-content\/uploads\/2020\/04\/alergia.jpg 465w, https:\/\/nmcontemporaneo.com\/wp-content\/uploads\/2020\/04\/alergia-194x300.jpg 194w\" sizes=\"auto, (max-width: 465px) 100vw, 465px\" \/><\/a><\/p>\n","protected":false},"excerpt":{"rendered":"<p>David S\u00e1nchez<\/p>\n<p>Alergia, 2020<\/p>\n<p>Gr\u00e1fica digital<\/p>\n<p>43 x 30 cm<\/p>\n<p>Edici\u00f3n 1\/3<\/p>\n<p id=\"tw-target-text\" class=\"tw-data-text tw-ta tw-text-small\" dir=\"ltr\" data-placeholder=\"Traducci\u00f3n\"><span lang=\"es\">La factura se emitir\u00e1 dentro de los primeros 7 d\u00edas posteriores al d\u00eda de la compra y una vez que se reciba el pago.<\/span><\/p>\n","protected":false},"featured_media":12761,"comment_status":"open","ping_status":"closed","template":"","meta":{"kt_blocks_editor_width":""},"product_brand":[],"product_cat":[365],"product_tag":[],"class_list":{"0":"post-12194","1":"product","2":"type-product","3":"status-publish","4":"has-post-thumbnail","6":"product_cat-sin-categoria","8":"first","9":"instock","10":"purchasable","11":"product-type-simple"},"_links":{"self":[{"href":"https:\/\/nmcontemporaneo.com\/en\/wp-json\/wp\/v2\/product\/12194","targetHints":{"allow":["GET"]}}],"collection":[{"href":"https:\/\/nmcontemporaneo.com\/en\/wp-json\/wp\/v2\/product"}],"about":[{"href":"https:\/\/nmcontemporaneo.com\/en\/wp-json\/wp\/v2\/types\/product"}],"replies":[{"embeddable":true,"href":"https:\/\/nmcontemporaneo.com\/en\/wp-json\/wp\/v2\/comments?post=12194"}],"wp:featuredmedia":[{"embeddable":true,"href":"https:\/\/nmcontemporaneo.com\/en\/wp-json\/wp\/v2\/media\/12761"}],"wp:attachment":[{"href":"https:\/\/nmcontemporaneo.com\/en\/wp-json\/wp\/v2\/media?parent=12194"}],"wp:term":[{"taxonomy":"product_brand","embeddable":true,"href":"https:\/\/nmcontemporaneo.com\/en\/wp-json\/wp\/v2\/product_brand?post=12194"},{"taxonomy":"product_cat","embeddable":true,"href":"https:\/\/nmcontemporaneo.com\/en\/wp-json\/wp\/v2\/product_cat?post=12194"},{"taxonomy":"product_tag","embeddable":true,"href":"https:\/\/nmcontemporaneo.com\/en\/wp-json\/wp\/v2\/product_tag?post=12194"}],"curies":[{"name":"wp","href":"https:\/\/api.w.org\/{rel}","templated":true}]}}