{"id":12662,"date":"2020-04-24T16:23:15","date_gmt":"2020-04-24T22:23:15","guid":{"rendered":"https:\/\/nmcontemporaneo.com\/?post_type=product&#038;p=12662"},"modified":"2025-06-20T01:03:30","modified_gmt":"2025-06-20T07:03:30","slug":"sin-titulo-2019-minerva-ayon","status":"publish","type":"product","link":"https:\/\/nmcontemporaneo.com\/en\/shop\/sin-titulo-2019-minerva-ayon\/","title":{"rendered":"Sin T\u00edtulo, 2019. Minerva Ay\u00f3n"},"content":{"rendered":"<p style=\"text-align: left;\"><a href=\"https:\/\/nmcontemporaneo.com\/wp-content\/uploads\/2018\/12\/2018-bordado.jpg\"><img loading=\"lazy\" decoding=\"async\" class=\"aligncenter size-full wp-image-12659\" src=\"https:\/\/nmcontemporaneo.com\/wp-content\/uploads\/2018\/12\/2018-bordado.jpg\" alt=\"\" width=\"1000\" height=\"647\" srcset=\"https:\/\/nmcontemporaneo.com\/wp-content\/uploads\/2018\/12\/2018-bordado.jpg 1000w, https:\/\/nmcontemporaneo.com\/wp-content\/uploads\/2018\/12\/2018-bordado-300x194.jpg 300w, https:\/\/nmcontemporaneo.com\/wp-content\/uploads\/2018\/12\/2018-bordado-768x497.jpg 768w, https:\/\/nmcontemporaneo.com\/wp-content\/uploads\/2018\/12\/2018-bordado-732x474.jpg 732w, https:\/\/nmcontemporaneo.com\/wp-content\/uploads\/2018\/12\/2018-bordado-366x237.jpg 366w\" sizes=\"auto, (max-width: 1000px) 100vw, 1000px\" \/><\/a><\/p>\n","protected":false},"excerpt":{"rendered":"<p>Artista: Minerva Ay\u00f3n<\/p>\n<p>Sin t\u00edtulo, 2019<\/p>\n<p>Textil, plastico y vidrio<\/p>\n<p>78.8 x 70 in<\/p>\n<p>200 x 170 cm<\/p>\n<p id=\"tw-target-text\" class=\"tw-data-text tw-ta tw-text-small\" dir=\"ltr\" data-placeholder=\"Traducci\u00f3n\"><span lang=\"es\">La factura se emitir\u00e1 dentro de los primeros 7 d\u00edas posteriores al d\u00eda de la compra y una vez que se reciba el pago.<\/span><\/p>\n","protected":false},"featured_media":12659,"comment_status":"open","ping_status":"closed","template":"","meta":{"kt_blocks_editor_width":""},"product_brand":[],"product_cat":[368],"product_tag":[],"class_list":{"0":"post-12662","1":"product","2":"type-product","3":"status-publish","4":"has-post-thumbnail","6":"product_cat-escultura","8":"first","9":"instock","10":"purchasable","11":"product-type-simple"},"_links":{"self":[{"href":"https:\/\/nmcontemporaneo.com\/en\/wp-json\/wp\/v2\/product\/12662","targetHints":{"allow":["GET"]}}],"collection":[{"href":"https:\/\/nmcontemporaneo.com\/en\/wp-json\/wp\/v2\/product"}],"about":[{"href":"https:\/\/nmcontemporaneo.com\/en\/wp-json\/wp\/v2\/types\/product"}],"replies":[{"embeddable":true,"href":"https:\/\/nmcontemporaneo.com\/en\/wp-json\/wp\/v2\/comments?post=12662"}],"wp:featuredmedia":[{"embeddable":true,"href":"https:\/\/nmcontemporaneo.com\/en\/wp-json\/wp\/v2\/media\/12659"}],"wp:attachment":[{"href":"https:\/\/nmcontemporaneo.com\/en\/wp-json\/wp\/v2\/media?parent=12662"}],"wp:term":[{"taxonomy":"product_brand","embeddable":true,"href":"https:\/\/nmcontemporaneo.com\/en\/wp-json\/wp\/v2\/product_brand?post=12662"},{"taxonomy":"product_cat","embeddable":true,"href":"https:\/\/nmcontemporaneo.com\/en\/wp-json\/wp\/v2\/product_cat?post=12662"},{"taxonomy":"product_tag","embeddable":true,"href":"https:\/\/nmcontemporaneo.com\/en\/wp-json\/wp\/v2\/product_tag?post=12662"}],"curies":[{"name":"wp","href":"https:\/\/api.w.org\/{rel}","templated":true}]}}