{"id":13348,"date":"2022-11-08T20:59:45","date_gmt":"2022-11-09T02:59:45","guid":{"rendered":"https:\/\/nmcontemporaneo.com\/?post_type=product&#038;p=13348"},"modified":"2025-06-20T01:03:29","modified_gmt":"2025-06-20T07:03:29","slug":"glifo-de-agua","status":"publish","type":"product","link":"https:\/\/nmcontemporaneo.com\/en\/shop\/glifo-de-agua\/","title":{"rendered":"Glifo de agua &#8211; Mauricio Cervantes"},"content":{"rendered":"","protected":false},"excerpt":{"rendered":"<p>Mauricio Cervantes<\/p>\n<p>Glifo de agua<br \/>\nImpresi\u00f3n con inyecci\u00f3n de tinta sobre papel de algod\u00f3n con aplicaciones de hoja de metal<br \/>\n48.2 cm \u00d8<br \/>\nPA<\/p>\n<p>The invoice will be issued within the first 7 days after the purchase day and once the payment is received.<\/p>\n","protected":false},"featured_media":13354,"comment_status":"open","ping_status":"closed","template":"","meta":{"kt_blocks_editor_width":""},"product_brand":[],"product_cat":[377],"product_tag":[],"class_list":{"0":"post-13348","1":"product","2":"type-product","3":"status-publish","4":"has-post-thumbnail","6":"product_cat-grafica-tienda","8":"first","9":"instock","10":"shipping-taxable","11":"purchasable","12":"product-type-simple"},"_links":{"self":[{"href":"https:\/\/nmcontemporaneo.com\/en\/wp-json\/wp\/v2\/product\/13348","targetHints":{"allow":["GET"]}}],"collection":[{"href":"https:\/\/nmcontemporaneo.com\/en\/wp-json\/wp\/v2\/product"}],"about":[{"href":"https:\/\/nmcontemporaneo.com\/en\/wp-json\/wp\/v2\/types\/product"}],"replies":[{"embeddable":true,"href":"https:\/\/nmcontemporaneo.com\/en\/wp-json\/wp\/v2\/comments?post=13348"}],"wp:featuredmedia":[{"embeddable":true,"href":"https:\/\/nmcontemporaneo.com\/en\/wp-json\/wp\/v2\/media\/13354"}],"wp:attachment":[{"href":"https:\/\/nmcontemporaneo.com\/en\/wp-json\/wp\/v2\/media?parent=13348"}],"wp:term":[{"taxonomy":"product_brand","embeddable":true,"href":"https:\/\/nmcontemporaneo.com\/en\/wp-json\/wp\/v2\/product_brand?post=13348"},{"taxonomy":"product_cat","embeddable":true,"href":"https:\/\/nmcontemporaneo.com\/en\/wp-json\/wp\/v2\/product_cat?post=13348"},{"taxonomy":"product_tag","embeddable":true,"href":"https:\/\/nmcontemporaneo.com\/en\/wp-json\/wp\/v2\/product_tag?post=13348"}],"curies":[{"name":"wp","href":"https:\/\/api.w.org\/{rel}","templated":true}]}}