{"id":13878,"date":"2025-02-06T20:22:48","date_gmt":"2025-02-07T02:22:48","guid":{"rendered":"https:\/\/nmcontemporaneo.com\/?post_type=product&#038;p=13878"},"modified":"2025-06-20T01:03:12","modified_gmt":"2025-06-20T07:03:12","slug":"melancolia-david-sanchez","status":"publish","type":"product","link":"https:\/\/nmcontemporaneo.com\/en\/shop\/melancolia-david-sanchez\/","title":{"rendered":"Melancol\u00eda &#8211; David S\u00e1nchez"},"content":{"rendered":"<p>Gr\u00e1fica digital,<br \/>\nEdici\u00f3n:<br \/>\nColecci\u00f3n NM<br \/>\n57.5 x 37.5 cm<br \/>\n2012<\/p>\n","protected":false},"excerpt":{"rendered":"<p>Gr\u00e1fica digital,<br \/>\nEdici\u00f3n:<br \/>\nColecci\u00f3n NM<br \/>\n57.5 x 37.5 cm<br \/>\n2012<\/p>\n","protected":false},"featured_media":13769,"comment_status":"open","ping_status":"closed","template":"","meta":{"kt_blocks_editor_width":""},"product_brand":[],"product_cat":[377],"product_tag":[],"class_list":{"0":"post-13878","1":"product","2":"type-product","3":"status-publish","4":"has-post-thumbnail","6":"product_cat-grafica-tienda","8":"first","9":"instock","10":"taxable","11":"shipping-taxable","12":"purchasable","13":"product-type-simple"},"_links":{"self":[{"href":"https:\/\/nmcontemporaneo.com\/en\/wp-json\/wp\/v2\/product\/13878","targetHints":{"allow":["GET"]}}],"collection":[{"href":"https:\/\/nmcontemporaneo.com\/en\/wp-json\/wp\/v2\/product"}],"about":[{"href":"https:\/\/nmcontemporaneo.com\/en\/wp-json\/wp\/v2\/types\/product"}],"replies":[{"embeddable":true,"href":"https:\/\/nmcontemporaneo.com\/en\/wp-json\/wp\/v2\/comments?post=13878"}],"wp:featuredmedia":[{"embeddable":true,"href":"https:\/\/nmcontemporaneo.com\/en\/wp-json\/wp\/v2\/media\/13769"}],"wp:attachment":[{"href":"https:\/\/nmcontemporaneo.com\/en\/wp-json\/wp\/v2\/media?parent=13878"}],"wp:term":[{"taxonomy":"product_brand","embeddable":true,"href":"https:\/\/nmcontemporaneo.com\/en\/wp-json\/wp\/v2\/product_brand?post=13878"},{"taxonomy":"product_cat","embeddable":true,"href":"https:\/\/nmcontemporaneo.com\/en\/wp-json\/wp\/v2\/product_cat?post=13878"},{"taxonomy":"product_tag","embeddable":true,"href":"https:\/\/nmcontemporaneo.com\/en\/wp-json\/wp\/v2\/product_tag?post=13878"}],"curies":[{"name":"wp","href":"https:\/\/api.w.org\/{rel}","templated":true}]}}