{"id":13894,"date":"2025-02-12T21:57:20","date_gmt":"2025-02-13T03:57:20","guid":{"rendered":"https:\/\/nmcontemporaneo.com\/?post_type=product&#038;p=13894"},"modified":"2025-06-20T01:03:12","modified_gmt":"2025-06-20T07:03:12","slug":"abeja-y-serpientes-mauricio-cervantes-copia","status":"publish","type":"product","link":"https:\/\/nmcontemporaneo.com\/en\/shop\/abeja-y-serpientes-mauricio-cervantes-copia\/","title":{"rendered":"Abeja y serpientes &#8211; Mauricio Cervantes (copia)"},"content":{"rendered":"<figure id=\"attachment_13783\" class=\"thumbnail wp-caption alignnone\" style=\"width: 300px\"><a href=\"https:\/\/nmcontemporaneo.com\/wp-content\/uploads\/2025\/02\/Mauricio-Cervantes-Transmutacion.jpg\"><img loading=\"lazy\" decoding=\"async\" class=\"wp-image-13783 size-medium\" src=\"https:\/\/nmcontemporaneo.com\/wp-content\/uploads\/2025\/02\/Mauricio-Cervantes-Transmutacion-300x298.jpg\" alt=\"\" width=\"300\" height=\"298\" srcset=\"https:\/\/nmcontemporaneo.com\/wp-content\/uploads\/2025\/02\/Mauricio-Cervantes-Transmutacion-300x298.jpg 300w, https:\/\/nmcontemporaneo.com\/wp-content\/uploads\/2025\/02\/Mauricio-Cervantes-Transmutacion-150x150.jpg 150w, https:\/\/nmcontemporaneo.com\/wp-content\/uploads\/2025\/02\/Mauricio-Cervantes-Transmutacion-100x100.jpg 100w, https:\/\/nmcontemporaneo.com\/wp-content\/uploads\/2025\/02\/Mauricio-Cervantes-Transmutacion-366x363.jpg 366w, https:\/\/nmcontemporaneo.com\/wp-content\/uploads\/2025\/02\/Mauricio-Cervantes-Transmutacion.jpg 612w\" sizes=\"auto, (max-width: 300px) 100vw, 300px\" \/><\/a><figcaption class=\"caption wp-caption-text\">TRANSMUTACI\u00d3N, Impresi\u00f3n con inyecci\u00f3n de tinta sobre papel de algod\u00f3n con aplicaciones de hoja de metal, 48.2 cm \u00d8<\/figcaption><\/figure>\n","protected":false},"excerpt":{"rendered":"<p>Mauricio Cervantes<\/p>\n<p>Robert Morris<br \/>\nImpresi\u00f3n con inyecci\u00f3n de tinta sobre papel de algod\u00f3n con aplicaciones de hoja de metal<br \/>\n48.2 cm \u00d8<br \/>\nPA<\/p>\n<p>The invoice will be issued within the first 7 days after the purchase day and once the payment is received.<\/p>\n","protected":false},"featured_media":13783,"comment_status":"open","ping_status":"closed","template":"","meta":{"kt_blocks_editor_width":""},"product_brand":[],"product_cat":[377],"product_tag":[],"class_list":{"0":"post-13894","1":"product","2":"type-product","3":"status-publish","4":"has-post-thumbnail","6":"product_cat-grafica-tienda","8":"first","9":"instock","10":"shipping-taxable","11":"purchasable","12":"product-type-simple"},"_links":{"self":[{"href":"https:\/\/nmcontemporaneo.com\/en\/wp-json\/wp\/v2\/product\/13894","targetHints":{"allow":["GET"]}}],"collection":[{"href":"https:\/\/nmcontemporaneo.com\/en\/wp-json\/wp\/v2\/product"}],"about":[{"href":"https:\/\/nmcontemporaneo.com\/en\/wp-json\/wp\/v2\/types\/product"}],"replies":[{"embeddable":true,"href":"https:\/\/nmcontemporaneo.com\/en\/wp-json\/wp\/v2\/comments?post=13894"}],"wp:featuredmedia":[{"embeddable":true,"href":"https:\/\/nmcontemporaneo.com\/en\/wp-json\/wp\/v2\/media\/13783"}],"wp:attachment":[{"href":"https:\/\/nmcontemporaneo.com\/en\/wp-json\/wp\/v2\/media?parent=13894"}],"wp:term":[{"taxonomy":"product_brand","embeddable":true,"href":"https:\/\/nmcontemporaneo.com\/en\/wp-json\/wp\/v2\/product_brand?post=13894"},{"taxonomy":"product_cat","embeddable":true,"href":"https:\/\/nmcontemporaneo.com\/en\/wp-json\/wp\/v2\/product_cat?post=13894"},{"taxonomy":"product_tag","embeddable":true,"href":"https:\/\/nmcontemporaneo.com\/en\/wp-json\/wp\/v2\/product_tag?post=13894"}],"curies":[{"name":"wp","href":"https:\/\/api.w.org\/{rel}","templated":true}]}}