{"id":10959,"date":"2022-02-03T21:55:08","date_gmt":"2022-02-04T03:55:08","guid":{"rendered":"https:\/\/nmcontemporaneo.com\/?page_id=10959"},"modified":"2025-06-20T01:02:14","modified_gmt":"2025-06-20T07:02:14","slug":"jaime-colin","status":"publish","type":"page","link":"https:\/\/nmcontemporaneo.com\/es\/catalogo\/arte-emergente\/jaime-colin\/","title":{"rendered":"Jaime Col\u00edn"},"content":{"rendered":"<p>&nbsp;<\/p>\n<p style=\"text-align: center;\"><a href=\"..\/yanieb-fabre\/\">&lt;&lt; Ant.<\/a> | <a href=\"\/catalogo\/todos-los-artistas\/\">Artistas<\/a> | <a href=\"..\/pablo-vigil\/\">Sig. &gt;&gt;<\/a><\/p>\n<p>&nbsp;<\/p>\n<div id=\"kad-wp-gallery939\" class=\"kad-wp-gallery gallery kt-gallery-column-3 init-isotope-intrinsic reinit-isotope kad-light-wp-gallery clearfix rowtight\" data-fade-in=\"1\" data-iso-selector=\".g_item\" data-iso-style=\"masonry\" data-iso-filter=\"false\"><div class=\"tcol-lg-4 tcol-md-4 tcol-sm-4 tcol-xs-6 tcol-ss-12 g_item\"><div class=\"grid_item kt_item_fade_in kad_gallery_fade_in gallery_item\"><a href=\"https:\/\/nmcontemporaneo.com\/wp-content\/uploads\/2018\/02\/26905684_937127823111944_1205832808_o.jpg\" data-rel=\"lightbox\" class=\"lightboxhover\"><div class=\"kt-intrinsic\" style=\"padding-bottom:77.049180327869%;\"><div itemprop=\"image\" itemscope itemtype=\"https:\/\/schema.org\/ImageObject\"><img loading=\"lazy\" decoding=\"async\" width=\"366\" height=\"282\" src=\"https:\/\/nmcontemporaneo.com\/wp-content\/uploads\/2018\/02\/26905684_937127823111944_1205832808_o-366x282.jpg\" srcset=\"https:\/\/nmcontemporaneo.com\/wp-content\/uploads\/2018\/02\/26905684_937127823111944_1205832808_o-366x282.jpg 366w, https:\/\/nmcontemporaneo.com\/wp-content\/uploads\/2018\/02\/26905684_937127823111944_1205832808_o-300x231.jpg 300w, https:\/\/nmcontemporaneo.com\/wp-content\/uploads\/2018\/02\/26905684_937127823111944_1205832808_o.jpg 700w\" sizes=\"auto, (max-width: 366px) 100vw, 366px\" data-caption=\"Mty, Calado\/papel de algod\u00f3n Papel montval de 300 grm, 152 x 200 cm, 2013\" class=\"light-dropshaddow\" itemprop=\"contentUrl\" alt=\"\"><meta itemprop=\"url\" content=\"https:\/\/nmcontemporaneo.com\/wp-content\/uploads\/2018\/02\/26905684_937127823111944_1205832808_o-366x282.jpg\"><meta itemprop=\"width\" content=\"366px\"><meta itemprop=\"height\" content=\"282px\"><\/div><\/div><div class=\"caption kad_caption\"><div class=\"kad_caption_inner\">Mty, Calado\/papel de algod\u00f3n Papel montval de 300 grm, 152 x 200 cm, 2013<\/div><\/div><\/a><\/div><\/div><div class=\"tcol-lg-4 tcol-md-4 tcol-sm-4 tcol-xs-6 tcol-ss-12 g_item\"><div class=\"grid_item kt_item_fade_in kad_gallery_fade_in gallery_item\"><a href=\"https:\/\/nmcontemporaneo.com\/wp-content\/uploads\/2018\/02\/proceso-deCD.jpg\" data-rel=\"lightbox\" class=\"lightboxhover\"><div class=\"kt-intrinsic\" style=\"padding-bottom:75.68306010929%;\"><div itemprop=\"image\" itemscope itemtype=\"https:\/\/schema.org\/ImageObject\"><img loading=\"lazy\" decoding=\"async\" width=\"366\" height=\"277\" src=\"https:\/\/nmcontemporaneo.com\/wp-content\/uploads\/2018\/02\/proceso-deCD-366x277.jpg\" srcset=\"https:\/\/nmcontemporaneo.com\/wp-content\/uploads\/2018\/02\/proceso-deCD-366x277.jpg 366w, https:\/\/nmcontemporaneo.com\/wp-content\/uploads\/2018\/02\/proceso-deCD-300x227.jpg 300w, https:\/\/nmcontemporaneo.com\/wp-content\/uploads\/2018\/02\/proceso-deCD.jpg 700w\" sizes=\"auto, (max-width: 366px) 100vw, 366px\" data-caption=\"Proceso de ciudad, Grabado en relieve, calado, luz LED, 57 x 78 cm, 2014\" class=\"light-dropshaddow\" itemprop=\"contentUrl\" alt=\"\"><meta itemprop=\"url\" content=\"https:\/\/nmcontemporaneo.com\/wp-content\/uploads\/2018\/02\/proceso-deCD-366x277.jpg\"><meta itemprop=\"width\" content=\"366px\"><meta itemprop=\"height\" content=\"277px\"><\/div><\/div><div class=\"caption kad_caption\"><div class=\"kad_caption_inner\">Proceso de ciudad, Grabado en relieve, calado, luz LED, 57 x 78 cm, 2014<\/div><\/div><\/a><\/div><\/div><div class=\"tcol-lg-4 tcol-md-4 tcol-sm-4 tcol-xs-6 tcol-ss-12 g_item\"><div class=\"grid_item kt_item_fade_in kad_gallery_fade_in gallery_item\"><a href=\"https:\/\/nmcontemporaneo.com\/wp-content\/uploads\/2018\/02\/Ficcio\u0301nAstrono\u0301mica-I.jpg\" data-rel=\"lightbox\" class=\"lightboxhover\"><div class=\"kt-intrinsic\" style=\"padding-bottom:100%;\"><div itemprop=\"image\" itemscope itemtype=\"https:\/\/schema.org\/ImageObject\"><img loading=\"lazy\" decoding=\"async\" width=\"366\" height=\"366\" src=\"https:\/\/nmcontemporaneo.com\/wp-content\/uploads\/2018\/02\/Ficcio\u0301nAstrono\u0301mica-I-366x366.jpg\" srcset=\"https:\/\/nmcontemporaneo.com\/wp-content\/uploads\/2018\/02\/Ficcio\u0301nAstrono\u0301mica-I-366x366.jpg 366w, https:\/\/nmcontemporaneo.com\/wp-content\/uploads\/2018\/02\/Ficcio\u0301nAstrono\u0301mica-I-300x300.jpg 300w, https:\/\/nmcontemporaneo.com\/wp-content\/uploads\/2018\/02\/Ficcio\u0301nAstrono\u0301mica-I-100x100.jpg 100w, https:\/\/nmcontemporaneo.com\/wp-content\/uploads\/2018\/02\/Ficcio\u0301nAstrono\u0301mica-I-456x456.jpg 456w, https:\/\/nmcontemporaneo.com\/wp-content\/uploads\/2018\/02\/Ficcio\u0301nAstrono\u0301mica-I-150x150.jpg 150w, https:\/\/nmcontemporaneo.com\/wp-content\/uploads\/2018\/02\/Ficcio\u0301nAstrono\u0301mica-I.jpg 700w\" sizes=\"auto, (max-width: 366px) 100vw, 366px\" data-caption=\"Serie: Ficci\u00f3n Astron\u00f3mica I, Impresi\u00f3n digital\/papel algod\u00f3n, 40 x 40 cm, 2014\" class=\"light-dropshaddow\" itemprop=\"contentUrl\" alt=\"\"><meta itemprop=\"url\" content=\"https:\/\/nmcontemporaneo.com\/wp-content\/uploads\/2018\/02\/Ficcio\u0301nAstrono\u0301mica-I-366x366.jpg\"><meta itemprop=\"width\" content=\"366px\"><meta itemprop=\"height\" content=\"366px\"><\/div><\/div><div class=\"caption kad_caption\"><div class=\"kad_caption_inner\">Serie: Ficci\u00f3n Astron\u00f3mica I, Impresi\u00f3n digital\/papel algod\u00f3n, 40 x 40 cm, 2014<\/div><\/div><\/a><\/div><\/div><div class=\"tcol-lg-4 tcol-md-4 tcol-sm-4 tcol-xs-6 tcol-ss-12 g_item\"><div class=\"grid_item kt_item_fade_in kad_gallery_fade_in gallery_item\"><a href=\"https:\/\/nmcontemporaneo.com\/wp-content\/uploads\/2018\/02\/Ficcio\u0301nAstrono\u0301mica-II.jpg\" data-rel=\"lightbox\" class=\"lightboxhover\"><div class=\"kt-intrinsic\" style=\"padding-bottom:100%;\"><div itemprop=\"image\" itemscope itemtype=\"https:\/\/schema.org\/ImageObject\"><img loading=\"lazy\" decoding=\"async\" width=\"366\" height=\"366\" src=\"https:\/\/nmcontemporaneo.com\/wp-content\/uploads\/2018\/02\/Ficcio\u0301nAstrono\u0301mica-II-366x366.jpg\" srcset=\"https:\/\/nmcontemporaneo.com\/wp-content\/uploads\/2018\/02\/Ficcio\u0301nAstrono\u0301mica-II-366x366.jpg 366w, https:\/\/nmcontemporaneo.com\/wp-content\/uploads\/2018\/02\/Ficcio\u0301nAstrono\u0301mica-II-300x300.jpg 300w, https:\/\/nmcontemporaneo.com\/wp-content\/uploads\/2018\/02\/Ficcio\u0301nAstrono\u0301mica-II-100x100.jpg 100w, https:\/\/nmcontemporaneo.com\/wp-content\/uploads\/2018\/02\/Ficcio\u0301nAstrono\u0301mica-II-456x456.jpg 456w, https:\/\/nmcontemporaneo.com\/wp-content\/uploads\/2018\/02\/Ficcio\u0301nAstrono\u0301mica-II-150x150.jpg 150w, https:\/\/nmcontemporaneo.com\/wp-content\/uploads\/2018\/02\/Ficcio\u0301nAstrono\u0301mica-II.jpg 700w\" sizes=\"auto, (max-width: 366px) 100vw, 366px\" data-caption=\"Serie: Ficci\u00f3n Astron\u00f3mica II, Impresi\u00f3n digital\/papel algod\u00f3n, 40 x 40 cm, 2014\" class=\"light-dropshaddow\" itemprop=\"contentUrl\" alt=\"\"><meta itemprop=\"url\" content=\"https:\/\/nmcontemporaneo.com\/wp-content\/uploads\/2018\/02\/Ficcio\u0301nAstrono\u0301mica-II-366x366.jpg\"><meta itemprop=\"width\" content=\"366px\"><meta itemprop=\"height\" content=\"366px\"><\/div><\/div><div class=\"caption kad_caption\"><div class=\"kad_caption_inner\">Serie: Ficci\u00f3n Astron\u00f3mica II, Impresi\u00f3n digital\/papel algod\u00f3n, 40 x 40 cm, 2014<\/div><\/div><\/a><\/div><\/div><div class=\"tcol-lg-4 tcol-md-4 tcol-sm-4 tcol-xs-6 tcol-ss-12 g_item\"><div class=\"grid_item kt_item_fade_in kad_gallery_fade_in gallery_item\"><a href=\"https:\/\/nmcontemporaneo.com\/wp-content\/uploads\/2018\/02\/Ficcio\u0301nAstrono\u0301mica-III.jpg\" data-rel=\"lightbox\" class=\"lightboxhover\"><div class=\"kt-intrinsic\" style=\"padding-bottom:100%;\"><div itemprop=\"image\" itemscope itemtype=\"https:\/\/schema.org\/ImageObject\"><img loading=\"lazy\" decoding=\"async\" width=\"366\" height=\"366\" src=\"https:\/\/nmcontemporaneo.com\/wp-content\/uploads\/2018\/02\/Ficcio\u0301nAstrono\u0301mica-III-366x366.jpg\" srcset=\"https:\/\/nmcontemporaneo.com\/wp-content\/uploads\/2018\/02\/Ficcio\u0301nAstrono\u0301mica-III-366x366.jpg 366w, https:\/\/nmcontemporaneo.com\/wp-content\/uploads\/2018\/02\/Ficcio\u0301nAstrono\u0301mica-III-300x300.jpg 300w, https:\/\/nmcontemporaneo.com\/wp-content\/uploads\/2018\/02\/Ficcio\u0301nAstrono\u0301mica-III-100x100.jpg 100w, https:\/\/nmcontemporaneo.com\/wp-content\/uploads\/2018\/02\/Ficcio\u0301nAstrono\u0301mica-III-456x456.jpg 456w, https:\/\/nmcontemporaneo.com\/wp-content\/uploads\/2018\/02\/Ficcio\u0301nAstrono\u0301mica-III-150x150.jpg 150w, https:\/\/nmcontemporaneo.com\/wp-content\/uploads\/2018\/02\/Ficcio\u0301nAstrono\u0301mica-III.jpg 700w\" sizes=\"auto, (max-width: 366px) 100vw, 366px\" data-caption=\"Serie: Ficci\u00f3n Astron\u00f3mica III, Impresi\u00f3n digital\/papel algod\u00f3n, 40 x 40 cm, 2014\" class=\"light-dropshaddow\" itemprop=\"contentUrl\" alt=\"\"><meta itemprop=\"url\" content=\"https:\/\/nmcontemporaneo.com\/wp-content\/uploads\/2018\/02\/Ficcio\u0301nAstrono\u0301mica-III-366x366.jpg\"><meta itemprop=\"width\" content=\"366px\"><meta itemprop=\"height\" content=\"366px\"><\/div><\/div><div class=\"caption kad_caption\"><div class=\"kad_caption_inner\">Serie: Ficci\u00f3n Astron\u00f3mica III, Impresi\u00f3n digital\/papel algod\u00f3n, 40 x 40 cm, 2014<\/div><\/div><\/a><\/div><\/div><div class=\"tcol-lg-4 tcol-md-4 tcol-sm-4 tcol-xs-6 tcol-ss-12 g_item\"><div class=\"grid_item kt_item_fade_in kad_gallery_fade_in gallery_item\"><a href=\"https:\/\/nmcontemporaneo.com\/wp-content\/uploads\/2018\/02\/Ficcio\u0301n-Astrono\u0301mica-No.1.jpg\" data-rel=\"lightbox\" class=\"lightboxhover\"><div class=\"kt-intrinsic\" style=\"padding-bottom:129.50819672131%;\"><div itemprop=\"image\" itemscope itemtype=\"https:\/\/schema.org\/ImageObject\"><img loading=\"lazy\" decoding=\"async\" width=\"366\" height=\"474\" src=\"https:\/\/nmcontemporaneo.com\/wp-content\/uploads\/2018\/02\/Ficcio\u0301n-Astrono\u0301mica-No.1-366x474.jpg\" srcset=\"https:\/\/nmcontemporaneo.com\/wp-content\/uploads\/2018\/02\/Ficcio\u0301n-Astrono\u0301mica-No.1-366x474.jpg 366w, https:\/\/nmcontemporaneo.com\/wp-content\/uploads\/2018\/02\/Ficcio\u0301n-Astrono\u0301mica-No.1-232x300.jpg 232w, https:\/\/nmcontemporaneo.com\/wp-content\/uploads\/2018\/02\/Ficcio\u0301n-Astrono\u0301mica-No.1.jpg 612w\" sizes=\"auto, (max-width: 366px) 100vw, 366px\" data-caption=\"Serie: Ficci\u00f3n Astron\u00f3mica 1, Impresi\u00f3n digital\/papel algod\u00f3n, 37.5 x 27.5 cm, 2014\" class=\"light-dropshaddow\" itemprop=\"contentUrl\" alt=\"\"><meta itemprop=\"url\" content=\"https:\/\/nmcontemporaneo.com\/wp-content\/uploads\/2018\/02\/Ficcio\u0301n-Astrono\u0301mica-No.1-366x474.jpg\"><meta itemprop=\"width\" content=\"366px\"><meta itemprop=\"height\" content=\"474px\"><\/div><\/div><div class=\"caption kad_caption\"><div class=\"kad_caption_inner\">Serie: Ficci\u00f3n Astron\u00f3mica 1, Impresi\u00f3n digital\/papel algod\u00f3n, 37.5 x 27.5 cm, 2014<\/div><\/div><\/a><\/div><\/div><div class=\"tcol-lg-4 tcol-md-4 tcol-sm-4 tcol-xs-6 tcol-ss-12 g_item\"><div class=\"grid_item kt_item_fade_in kad_gallery_fade_in gallery_item\"><a href=\"https:\/\/nmcontemporaneo.com\/wp-content\/uploads\/2018\/02\/Ficcio\u0301n-Astrono\u0301mica-No.2.jpg\" data-rel=\"lightbox\" class=\"lightboxhover\"><div class=\"kt-intrinsic\" style=\"padding-bottom:129.50819672131%;\"><div itemprop=\"image\" itemscope itemtype=\"https:\/\/schema.org\/ImageObject\"><img loading=\"lazy\" decoding=\"async\" width=\"366\" height=\"474\" src=\"https:\/\/nmcontemporaneo.com\/wp-content\/uploads\/2018\/02\/Ficcio\u0301n-Astrono\u0301mica-No.2-366x474.jpg\" srcset=\"https:\/\/nmcontemporaneo.com\/wp-content\/uploads\/2018\/02\/Ficcio\u0301n-Astrono\u0301mica-No.2-366x474.jpg 366w, https:\/\/nmcontemporaneo.com\/wp-content\/uploads\/2018\/02\/Ficcio\u0301n-Astrono\u0301mica-No.2-232x300.jpg 232w, https:\/\/nmcontemporaneo.com\/wp-content\/uploads\/2018\/02\/Ficcio\u0301n-Astrono\u0301mica-No.2.jpg 612w\" sizes=\"auto, (max-width: 366px) 100vw, 366px\" data-caption=\"Serie: Ficci\u00f3n Astron\u00f3mica 2, Impresi\u00f3n digital\/papel algod\u00f3n, 37.5 x 27.5 cm, 2014\" class=\"light-dropshaddow\" itemprop=\"contentUrl\" alt=\"\"><meta itemprop=\"url\" content=\"https:\/\/nmcontemporaneo.com\/wp-content\/uploads\/2018\/02\/Ficcio\u0301n-Astrono\u0301mica-No.2-366x474.jpg\"><meta itemprop=\"width\" content=\"366px\"><meta itemprop=\"height\" content=\"474px\"><\/div><\/div><div class=\"caption kad_caption\"><div class=\"kad_caption_inner\">Serie: Ficci\u00f3n Astron\u00f3mica 2, Impresi\u00f3n digital\/papel algod\u00f3n, 37.5 x 27.5 cm, 2014<\/div><\/div><\/a><\/div><\/div><div class=\"tcol-lg-4 tcol-md-4 tcol-sm-4 tcol-xs-6 tcol-ss-12 g_item\"><div class=\"grid_item kt_item_fade_in kad_gallery_fade_in gallery_item\"><a href=\"https:\/\/nmcontemporaneo.com\/wp-content\/uploads\/2018\/02\/Ficcio\u0301n-Astrono\u0301mica-No.3.jpg\" data-rel=\"lightbox\" class=\"lightboxhover\"><div class=\"kt-intrinsic\" style=\"padding-bottom:129.50819672131%;\"><div itemprop=\"image\" itemscope itemtype=\"https:\/\/schema.org\/ImageObject\"><img loading=\"lazy\" decoding=\"async\" width=\"366\" height=\"474\" src=\"https:\/\/nmcontemporaneo.com\/wp-content\/uploads\/2018\/02\/Ficcio\u0301n-Astrono\u0301mica-No.3-366x474.jpg\" srcset=\"https:\/\/nmcontemporaneo.com\/wp-content\/uploads\/2018\/02\/Ficcio\u0301n-Astrono\u0301mica-No.3-366x474.jpg 366w, https:\/\/nmcontemporaneo.com\/wp-content\/uploads\/2018\/02\/Ficcio\u0301n-Astrono\u0301mica-No.3-232x300.jpg 232w, https:\/\/nmcontemporaneo.com\/wp-content\/uploads\/2018\/02\/Ficcio\u0301n-Astrono\u0301mica-No.3.jpg 612w\" sizes=\"auto, (max-width: 366px) 100vw, 366px\" data-caption=\"Serie: Ficci\u00f3n Astron\u00f3mica 3, Impresi\u00f3n digital\/papel algod\u00f3n, 37.5 x 27.5 cm, 2014\" class=\"light-dropshaddow\" itemprop=\"contentUrl\" alt=\"\"><meta itemprop=\"url\" content=\"https:\/\/nmcontemporaneo.com\/wp-content\/uploads\/2018\/02\/Ficcio\u0301n-Astrono\u0301mica-No.3-366x474.jpg\"><meta itemprop=\"width\" content=\"366px\"><meta itemprop=\"height\" content=\"474px\"><\/div><\/div><div class=\"caption kad_caption\"><div class=\"kad_caption_inner\">Serie: Ficci\u00f3n Astron\u00f3mica 3, Impresi\u00f3n digital\/papel algod\u00f3n, 37.5 x 27.5 cm, 2014<\/div><\/div><\/a><\/div><\/div><div class=\"tcol-lg-4 tcol-md-4 tcol-sm-4 tcol-xs-6 tcol-ss-12 g_item\"><div class=\"grid_item kt_item_fade_in kad_gallery_fade_in gallery_item\"><a href=\"https:\/\/nmcontemporaneo.com\/wp-content\/uploads\/2018\/02\/Ficcio\u0301n-Astrono\u0301mica-No.4.jpg\" data-rel=\"lightbox\" class=\"lightboxhover\"><div class=\"kt-intrinsic\" style=\"padding-bottom:129.50819672131%;\"><div itemprop=\"image\" itemscope itemtype=\"https:\/\/schema.org\/ImageObject\"><img loading=\"lazy\" decoding=\"async\" width=\"366\" height=\"474\" src=\"https:\/\/nmcontemporaneo.com\/wp-content\/uploads\/2018\/02\/Ficcio\u0301n-Astrono\u0301mica-No.4-366x474.jpg\" srcset=\"https:\/\/nmcontemporaneo.com\/wp-content\/uploads\/2018\/02\/Ficcio\u0301n-Astrono\u0301mica-No.4-366x474.jpg 366w, https:\/\/nmcontemporaneo.com\/wp-content\/uploads\/2018\/02\/Ficcio\u0301n-Astrono\u0301mica-No.4-232x300.jpg 232w, https:\/\/nmcontemporaneo.com\/wp-content\/uploads\/2018\/02\/Ficcio\u0301n-Astrono\u0301mica-No.4.jpg 700w\" sizes=\"auto, (max-width: 366px) 100vw, 366px\" data-caption=\"Serie: Ficci\u00f3n Astron\u00f3mica 4, Impresi\u00f3n digital\/papel algod\u00f3n, 37.5 x 27.5 cm, 2014\" class=\"light-dropshaddow\" itemprop=\"contentUrl\" alt=\"\"><meta itemprop=\"url\" content=\"https:\/\/nmcontemporaneo.com\/wp-content\/uploads\/2018\/02\/Ficcio\u0301n-Astrono\u0301mica-No.4-366x474.jpg\"><meta itemprop=\"width\" content=\"366px\"><meta itemprop=\"height\" content=\"474px\"><\/div><\/div><div class=\"caption kad_caption\"><div class=\"kad_caption_inner\">Serie: Ficci\u00f3n Astron\u00f3mica 4, Impresi\u00f3n digital\/papel algod\u00f3n, 37.5 x 27.5 cm, 2014<\/div><\/div><\/a><\/div><\/div><\/div>\n<p>Jaime Col\u00edn, nace en la Ciudad de M\u00e9xico en 1979. Se enfoca en la cartograf\u00eda como m\u00e9todo para representar de manera subjetiva m\u00faltiples ideas y conceptos, como parte de su proceso de conocimiento desde el campo de las artes visuales, y en especifico con el dibujo como campo de investigaci\u00f3n desde el cual desarrolla diversas series de obras de car\u00e1cter gr\u00e1fico. Actualmente trabaja con la imagen satelital como representaci\u00f3n de la superficie terrestre y la devastaci\u00f3n del paisaje hecha por el hombre. Estudia la Maestr\u00eda en Artes Visuales en la UNAM (21013-15). Es egresado de la Licenciatura en Artes Visuales del Centro Morelense de las Artes (2002- 06).<\/p>\n\n<div class=\"sp-wrap sp-wrap-default\">\n<div class=\"sp-head\" title=\"Expandir\">\nResume\n<\/div>\n<div class=\"sp-body folded\">\n<p><b>Jaime Col\u00edn<\/b><\/p>\n<p><strong>Estudios<\/strong><br \/>\n2015 Maestr\u00edas en Artes y Dise\u00f1o, (Artes Visuales) Universidad Nacional Aut\u00f3noma de<br \/>\nM\u00e9xico<br \/>\n2011 Especialidad en arte contempor\u00e1neo y critica, Centro Morelense de las<br \/>\nArtes del Estado de Morelos<br \/>\n2006 Lic. En Artes Visuales, Centro Morelense de las Artes<\/p>\n<p><strong>Exposiciones Individuales<\/strong><br \/>\n2017 Estudio abierto, Cuernavaca, Morelos<br \/>\nEl Comienzo, Galer\u00eda estudio Actual, Polanco, M\u00e9xico D.F.<br \/>\n2\u00b0 Aniversario, Galer\u00eda Artillery, Polanco, M\u00e9xico D.F.<br \/>\n2016 Paisaje reconstruido, Galer\u00eda Jardines de M\u00e9xico, Morelos, M\u00e9xico<br \/>\nHorizonte deconstruido, Espacio de Experimentaci\u00f3n, Jard\u00edn Borda, Cuernavaca, Mor.<br \/>\n2011 Helio, Galer\u00eda Centro Morelense de las Artes, Cuernavaca Morelos<br \/>\nArg\u00f3n, Casa de la Cultura de CAJEME, Ciudad Obreg\u00f3n, Sonora<br \/>\n2009 Plomo negro, Galer\u00eda Centro Morelense de las Artes, Cuernavaca, Morelos<br \/>\n2005 Campos de Trigo Inflado, Galer\u00eda Centro Morelense de las Artes<br \/>\nCuernavaca, Morelos<br \/>\n2002 Parpadeando, espacio E21 Arte Contempor\u00e1neo, Cuernavaca, Morelos.<\/p>\n<p><strong>Exposiciones Colectivas<\/strong><br \/>\n2016 Morfhosis, Galer\u00eda Artillery y Ploka estudio, Ciudad de M\u00e9xico<br \/>\nSolar segunda edici\u00f3n estudio abierto, Cuernavaca Morelos.<br \/>\nBienal UNAM Artes Visuales, MUCA, M\u00e9xico D.F.<br \/>\nCapitulo Cero, Galer\u00eda de Arte Mexicano, M\u00e9xico D.F.<br \/>\n2015 Despu\u00e9s del Ed\u00e9n, Arte en Cuernavaca 1974-2014, Sala de Arte P\u00fablico + Proyecto<br \/>\nSiqueiros + La Tallera, Cuernavaca, Morelos<br \/>\nSolar, Estudio abierto, Cuernavaca Morelos<br \/>\nCreaci\u00f3n en Movimiento, J\u00f3venes Creadores 2014\/15, Centro Cultural el Amate,<br \/>\nCuernavaca, Morelos<br \/>\nLlegue a media noche a mi casa, Galer\u00eda Centro Morelense de las Artes, Cuernavaca<br \/>\n2014 Exposici\u00f3n Gr\u00e1fica, semana de Morelos en Nueva York, Galer\u00eda Octavio Paz, N.Y., E.U.A.<br \/>\n6a Bienal Miradas, Centro Cultural Tijuana, Baja California.<br \/>\nCollective Show, Casa Maauad, M\u00e9xico D.F.<br \/>\n1a.\u00a0Bienal Universitaria de Arte y Dise\u00f1o, Academia de San Carlos, UNAM, M\u00e9xico D.F.<br \/>\n2013 Rectos \/ Verso, Galer\u00eda NM Contempor\u00e1neo, Cuernavaca, Morelos.<br \/>\nKarmandoom \/ buscando el equilibrio, Centro Cultural del M\u00e9xico Contempor\u00e1neo,<br \/>\nM\u00e9xico D.F.<br \/>\n2012 \u00cdndice, Galer\u00eda Crist\u00f3bal Col\u00f3n, Cuernavaca Morelos<br \/>\nCreaci\u00f3n en Movimiento, J\u00f3venes Creadores 2011\/12, Museo de la Ciudad Quer\u00e9taro<br \/>\nBienal Miradas, Centro Cultural Tijuana, Tijuana, Baja California<br \/>\nCMYK, Espacio Planta Baja, Museo de la Ciudad, Cuernavaca Morelos<\/p>\n<p>2011 Dibujo at\u00f3mico, Galer\u00eda Centro Morelense de las Artes, Cuernavaca Morelos<br \/>\nBEARSATION, Museo de la Ciudad, Cuernavaca Morelos<br \/>\nUn viaje art\u00edstico&#8230; de Morelos a Miami, Instituto Cultural de M\u00e9xico en Miami,<br \/>\nMiami, E.U.A.<br \/>\n2010 An\u00e9mona, Galer\u00eda Centro Morelense de las Artes, Cuernavaca Morelos.<br \/>\nCreaci\u00f3n en Movimiento, J\u00f3venes Creadores FONCA 08\/09, Cuartel del Arte<br \/>\nPachuca de Soto, Hidalgo, M\u00e9xico<br \/>\n2009 Cuarta Bienal Nacional de Artes Visuales Yucat\u00e1n 2009, M\u00e9rida, Yucat\u00e1n<br \/>\nCuarta Bienal de Dibujo Sylvia Pawa 2009, Centro Cultural M\u00e9xico-Israel A.C.,<br \/>\nM\u00e9xico DF<br \/>\n2008 En crudo, galer\u00eda Tonalli, Centro Cultural Oll\u00edn Yoliztli, M\u00e9xico D.F.<br \/>\nXXVIII Encuentro Nacional de Arte Joven, instituto de Cultura de Aguascalientes,<br \/>\nAguascalientes<br \/>\n2006 CALA, Casona de John Spencer, Cuernavaca, Morelos.<br \/>\nComo la clara de huevo, Galer\u00eda Centro Morelense de las Artes, Cuernavaca, Morelos.<br \/>\n2004 Emplazamiento, LAAlvaca, Puebla, Puebla<br \/>\nContenedor-C5, Espacio E21, Cuernavaca, Morelos.<br \/>\nTodos Vemos Buganvilias, H. Ayuntamiento de Cuernavaca, Morelos<br \/>\n2003 Del pecho al ombligo, Jard\u00edn Borda, Cuernavaca, Morelos<br \/>\nBidimensional, Galer\u00eda Centro Morelense de las Artes,<br \/>\nCuernavaca Morelos.<\/p>\n<p><strong>Premios y becas<\/strong><br \/>\n2016 Menci\u00f3n especial, Bienal UNAM Artes Visuales, M\u00e9xico D.F.<br \/>\n2014 Beneficiario, J\u00f3venes Creadores, FONCA, M\u00e9xico<br \/>\n2do. Lugar premio de adquisici\u00f3n, 6 a Bienal Miradas, Fundaci\u00f3n CODET, Tijuana B.C.<br \/>\n2012 1er. Lugar premio de adquisici\u00f3n, Bienal Miradas 2012, Fundaci\u00f3n CODET, Tijuana B.C.<br \/>\n2011-12 Beneficiario, J\u00f3venes Creadores, FONCA, M\u00e9xico<br \/>\n2008-09 Beneficiario, J\u00f3venes Creadores, FONCA , M\u00e9xico<br \/>\n2008 Menci\u00f3n honor\u00edfica, XXVIII Encuentro Nacional de Arte Joven, Instituto de Cultura de<br \/>\nAguascalientes<br \/>\n2007 Beneficiario, J\u00f3venes Creadores, FOECAM, Morelos<br \/>\n2004 Beneficiario, J\u00f3venes Creadores, FOECAM, Morelos<\/p>\n<p><strong>Residencias y estancias de investigaci\u00f3n<\/strong><br \/>\n2014 Estancia de investigaci\u00f3n en la Universidad de Alcal\u00e1 de Henares, Madrid, Espa\u00f1a.<br \/>\nPrograma de movilidad de la Universidad Aut\u00f3noma de M\u00e9xico<\/p>\n<div class=\"spdiv\">[plegar]<\/div>\n<\/div>\n<\/div>\n\n","protected":false},"excerpt":{"rendered":"<p>&nbsp; &lt;&lt; Ant. | Artistas | Sig. &gt;&gt; &nbsp; Jaime Col\u00edn, nace en la Ciudad de M\u00e9xico en 1979. Se enfoca en la cartograf\u00eda como m\u00e9todo para representar de manera subjetiva m\u00faltiples ideas y conceptos, como parte de su proceso &hellip; <a class=\"kt-excerpt-readmore\" href=\"https:\/\/nmcontemporaneo.com\/es\/catalogo\/arte-emergente\/jaime-colin\/\" aria-label=\"Jaime Col\u00edn\">Read More<\/a><\/p>\n","protected":false},"author":6,"featured_media":0,"parent":596,"menu_order":0,"comment_status":"closed","ping_status":"closed","template":"page-fullwidth.php","meta":{"kt_blocks_editor_width":"","footnotes":""},"class_list":["post-10959","page","type-page","status-publish","hentry"],"_links":{"self":[{"href":"https:\/\/nmcontemporaneo.com\/es\/wp-json\/wp\/v2\/pages\/10959","targetHints":{"allow":["GET"]}}],"collection":[{"href":"https:\/\/nmcontemporaneo.com\/es\/wp-json\/wp\/v2\/pages"}],"about":[{"href":"https:\/\/nmcontemporaneo.com\/es\/wp-json\/wp\/v2\/types\/page"}],"author":[{"embeddable":true,"href":"https:\/\/nmcontemporaneo.com\/es\/wp-json\/wp\/v2\/users\/6"}],"replies":[{"embeddable":true,"href":"https:\/\/nmcontemporaneo.com\/es\/wp-json\/wp\/v2\/comments?post=10959"}],"version-history":[{"count":1,"href":"https:\/\/nmcontemporaneo.com\/es\/wp-json\/wp\/v2\/pages\/10959\/revisions"}],"predecessor-version":[{"id":13920,"href":"https:\/\/nmcontemporaneo.com\/es\/wp-json\/wp\/v2\/pages\/10959\/revisions\/13920"}],"up":[{"embeddable":true,"href":"https:\/\/nmcontemporaneo.com\/es\/wp-json\/wp\/v2\/pages\/596"}],"wp:attachment":[{"href":"https:\/\/nmcontemporaneo.com\/es\/wp-json\/wp\/v2\/media?parent=10959"}],"curies":[{"name":"wp","href":"https:\/\/api.w.org\/{rel}","templated":true}]}}