{"id":10990,"date":"2022-02-03T22:38:59","date_gmt":"2022-02-04T04:38:59","guid":{"rendered":"https:\/\/nmcontemporaneo.com\/?page_id=10990"},"modified":"2025-06-20T21:29:03","modified_gmt":"2025-06-21T03:29:03","slug":"pablo-vigil","status":"publish","type":"page","link":"https:\/\/nmcontemporaneo.com\/es\/catalogo\/arte-emergente\/pablo-vigil\/","title":{"rendered":"Pablo Vigil"},"content":{"rendered":"<p style=\"text-align: center;\"><a href=\"..\/jaime-colin\/\">&lt;&lt; Ant.<\/a> | <a href=\"\/catalogo\/todos-los-artistas\/\">Artistas<\/a> | <a href=\"..\/cecilia-barreto\/\">Sig. &gt;&gt;<\/a><\/p>\n<div id=\"kad-wp-gallery36\" class=\"kad-wp-gallery gallery kt-gallery-column-3 init-isotope-intrinsic reinit-isotope kad-light-wp-gallery clearfix rowtight\" data-fade-in=\"1\" data-iso-selector=\".g_item\" data-iso-style=\"masonry\" data-iso-filter=\"false\"><div class=\"tcol-lg-4 tcol-md-4 tcol-sm-4 tcol-xs-6 tcol-ss-12 g_item\"><div class=\"grid_item kt_item_fade_in kad_gallery_fade_in gallery_item\"><div class=\"kt-intrinsic\" style=\"padding-bottom:177.86885245902%;\"><div itemprop=\"image\" itemscope itemtype=\"https:\/\/schema.org\/ImageObject\"><img loading=\"lazy\" decoding=\"async\" width=\"366\" height=\"651\" src=\"https:\/\/nmcontemporaneo.com\/wp-content\/uploads\/2018\/02\/escultura1-366x651.jpg\" srcset=\"https:\/\/nmcontemporaneo.com\/wp-content\/uploads\/2018\/02\/escultura1-366x651.jpg 366w, https:\/\/nmcontemporaneo.com\/wp-content\/uploads\/2018\/02\/escultura1-169x300.jpg 169w, https:\/\/nmcontemporaneo.com\/wp-content\/uploads\/2018\/02\/escultura1-576x1024.jpg 576w, https:\/\/nmcontemporaneo.com\/wp-content\/uploads\/2018\/02\/escultura1.jpg 720w\" sizes=\"auto, (max-width: 366px) 100vw, 366px\" data-caption=\"Serie: Serpentinata Tremenda, Escultura en cer\u00e1mica esmaltada, 30 x 30 x 45 cm,  2018\" class=\"light-dropshaddow\" itemprop=\"contentUrl\" alt=\"\"><meta itemprop=\"url\" content=\"https:\/\/nmcontemporaneo.com\/wp-content\/uploads\/2018\/02\/escultura1-366x651.jpg\"><meta itemprop=\"width\" content=\"366px\"><meta itemprop=\"height\" content=\"651px\"><\/div><\/div><div class=\"caption kad_caption\"><div class=\"kad_caption_inner\">Serie: Serpentinata Tremenda, Escultura en cer\u00e1mica esmaltada, 30 x 30 x 45 cm,  2018<\/div><\/div><\/div><\/div><div class=\"tcol-lg-4 tcol-md-4 tcol-sm-4 tcol-xs-6 tcol-ss-12 g_item\"><div class=\"grid_item kt_item_fade_in kad_gallery_fade_in gallery_item\"><div class=\"kt-intrinsic\" style=\"padding-bottom:177.86885245902%;\"><div itemprop=\"image\" itemscope itemtype=\"https:\/\/schema.org\/ImageObject\"><img loading=\"lazy\" decoding=\"async\" width=\"366\" height=\"651\" src=\"https:\/\/nmcontemporaneo.com\/wp-content\/uploads\/2018\/02\/escultura2-366x651.jpg\" srcset=\"https:\/\/nmcontemporaneo.com\/wp-content\/uploads\/2018\/02\/escultura2-366x651.jpg 366w, https:\/\/nmcontemporaneo.com\/wp-content\/uploads\/2018\/02\/escultura2-169x300.jpg 169w, https:\/\/nmcontemporaneo.com\/wp-content\/uploads\/2018\/02\/escultura2-576x1024.jpg 576w, https:\/\/nmcontemporaneo.com\/wp-content\/uploads\/2018\/02\/escultura2.jpg 720w\" sizes=\"auto, (max-width: 366px) 100vw, 366px\" data-caption=\"Serie: Serpentinata Tremenda, Escultura en cer\u00e1mica esmaltada, 30 x 30 x 35 cm,  2018\" class=\"light-dropshaddow\" itemprop=\"contentUrl\" alt=\"\"><meta itemprop=\"url\" content=\"https:\/\/nmcontemporaneo.com\/wp-content\/uploads\/2018\/02\/escultura2-366x651.jpg\"><meta itemprop=\"width\" content=\"366px\"><meta itemprop=\"height\" content=\"651px\"><\/div><\/div><div class=\"caption kad_caption\"><div class=\"kad_caption_inner\">Serie: Serpentinata Tremenda, Escultura en cer\u00e1mica esmaltada, 30 x 30 x 35 cm,  2018<\/div><\/div><\/div><\/div><div class=\"tcol-lg-4 tcol-md-4 tcol-sm-4 tcol-xs-6 tcol-ss-12 g_item\"><div class=\"grid_item kt_item_fade_in kad_gallery_fade_in gallery_item\"><div class=\"kt-intrinsic\" style=\"padding-bottom:177.86885245902%;\"><div itemprop=\"image\" itemscope itemtype=\"https:\/\/schema.org\/ImageObject\"><img loading=\"lazy\" decoding=\"async\" width=\"366\" height=\"651\" src=\"https:\/\/nmcontemporaneo.com\/wp-content\/uploads\/2018\/02\/escultura3-366x651.jpg\" srcset=\"https:\/\/nmcontemporaneo.com\/wp-content\/uploads\/2018\/02\/escultura3-366x651.jpg 366w, https:\/\/nmcontemporaneo.com\/wp-content\/uploads\/2018\/02\/escultura3-169x300.jpg 169w, https:\/\/nmcontemporaneo.com\/wp-content\/uploads\/2018\/02\/escultura3-576x1024.jpg 576w, https:\/\/nmcontemporaneo.com\/wp-content\/uploads\/2018\/02\/escultura3.jpg 720w\" sizes=\"auto, (max-width: 366px) 100vw, 366px\" data-caption=\"Serie: Serpentinata Tremenda, Escultura en cer\u00e1mica esmaltada, 30 x 30 x 35 cm,  2018\" class=\"light-dropshaddow\" itemprop=\"contentUrl\" alt=\"\"><meta itemprop=\"url\" content=\"https:\/\/nmcontemporaneo.com\/wp-content\/uploads\/2018\/02\/escultura3-366x651.jpg\"><meta itemprop=\"width\" content=\"366px\"><meta itemprop=\"height\" content=\"651px\"><\/div><\/div><div class=\"caption kad_caption\"><div class=\"kad_caption_inner\">Serie: Serpentinata Tremenda, Escultura en cer\u00e1mica esmaltada, 30 x 30 x 35 cm,  2018<\/div><\/div><\/div><\/div><div class=\"tcol-lg-4 tcol-md-4 tcol-sm-4 tcol-xs-6 tcol-ss-12 g_item\"><div class=\"grid_item kt_item_fade_in kad_gallery_fade_in gallery_item\"><div class=\"kt-intrinsic\" style=\"padding-bottom:143.71584699454%;\"><div itemprop=\"image\" itemscope itemtype=\"https:\/\/schema.org\/ImageObject\"><img loading=\"lazy\" decoding=\"async\" width=\"366\" height=\"526\" src=\"https:\/\/nmcontemporaneo.com\/wp-content\/uploads\/2020\/04\/Las-tres-calaveras-2-366x526.jpg\" srcset=\"https:\/\/nmcontemporaneo.com\/wp-content\/uploads\/2020\/04\/Las-tres-calaveras-2-366x526.jpg 366w, https:\/\/nmcontemporaneo.com\/wp-content\/uploads\/2020\/04\/Las-tres-calaveras-2-209x300.jpg 209w, https:\/\/nmcontemporaneo.com\/wp-content\/uploads\/2020\/04\/Las-tres-calaveras-2.jpg 390w\" sizes=\"auto, (max-width: 366px) 100vw, 366px\" data-caption=\"Las tres calaveras, la ni\u00f1a, la santa y la pinta. Dibujo en plum\u00f3n y estil\u00f3grafo sobre papel200 x 140 cm. 2017\" class=\"light-dropshaddow\" itemprop=\"contentUrl\" alt=\"\"><meta itemprop=\"url\" content=\"https:\/\/nmcontemporaneo.com\/wp-content\/uploads\/2020\/04\/Las-tres-calaveras-2-366x526.jpg\"><meta itemprop=\"width\" content=\"366px\"><meta itemprop=\"height\" content=\"526px\"><\/div><\/div><div class=\"caption kad_caption\"><div class=\"kad_caption_inner\">Las tres calaveras, la ni\u00f1a, la santa y la pinta. Dibujo en plum\u00f3n y estil\u00f3grafo sobre papel200 x 140 cm. 2017<\/div><\/div><\/div><\/div><div class=\"tcol-lg-4 tcol-md-4 tcol-sm-4 tcol-xs-6 tcol-ss-12 g_item\"><div class=\"grid_item kt_item_fade_in kad_gallery_fade_in gallery_item\"><div class=\"kt-intrinsic\" style=\"padding-bottom:140.43715846995%;\"><div itemprop=\"image\" itemscope itemtype=\"https:\/\/schema.org\/ImageObject\"><img loading=\"lazy\" decoding=\"async\" width=\"366\" height=\"514\" src=\"https:\/\/nmcontemporaneo.com\/wp-content\/uploads\/2020\/04\/No-todo-lo-queweb-366x514.jpg\" srcset=\"https:\/\/nmcontemporaneo.com\/wp-content\/uploads\/2020\/04\/No-todo-lo-queweb-366x514.jpg 366w, https:\/\/nmcontemporaneo.com\/wp-content\/uploads\/2020\/04\/No-todo-lo-queweb-214x300.jpg 214w, https:\/\/nmcontemporaneo.com\/wp-content\/uploads\/2020\/04\/No-todo-lo-queweb.jpg 570w\" sizes=\"auto, (max-width: 366px) 100vw, 366px\" data-caption=\"No todo lo que brilla es oro. Dibujo en plum\u00f3n y estil\u00f3grafo sobre papel200 x 140 cm 2017\" class=\"light-dropshaddow\" itemprop=\"contentUrl\" alt=\"\"><meta itemprop=\"url\" content=\"https:\/\/nmcontemporaneo.com\/wp-content\/uploads\/2020\/04\/No-todo-lo-queweb-366x514.jpg\"><meta itemprop=\"width\" content=\"366px\"><meta itemprop=\"height\" content=\"514px\"><\/div><\/div><div class=\"caption kad_caption\"><div class=\"kad_caption_inner\">No todo lo que brilla es oro. Dibujo en plum\u00f3n y estil\u00f3grafo sobre papel200 x 140 cm 2017<\/div><\/div><\/div><\/div><\/div>\n<div class=\"page\" title=\"Page 1\">\n<div class=\"layoutArea\">\n<div class=\"column\">\n<p>Pablo Vigil, nace en la Ciudad de M\u00e9xico en 1984 y desde 1990 reside en el estado de Morelos. Estudi\u00f3 la licenciatura en artes visuales en el Centro Morelense de las Artes (2004-2008). Desarrolla su obra en un lenguaje cifrado, simb\u00f3lico y barroco; todo parece provenir de mundos interiores que implotan y explotan en recreaciones imaginarias, unas veces literarias y otras tantas absurdas; en una l\u00ednea de horizonte, maneja construcciones imposibles y habitantes simb\u00f3licos.<\/p>\n<\/div>\n<\/div>\n<\/div>\n\n<div class=\"sp-wrap sp-wrap-default\">\n<div class=\"sp-head\" title=\"Expandir\">\nCurr\u00edculum Vitae\n<\/div>\n<div class=\"sp-body folded\">\n<p><strong>Pablo Vigil<\/strong><\/p>\n<p><strong>Estudios<\/strong><br \/>\n2013 Diplomado en ense\u00f1anza de las artes,Centro Morelense de las Artes \/ Cuernavaca, Morelos<\/p>\n<p>2004-2008: Lic. Artes Visuales,Centro Morelense de las Artes \/ Cuernavaca, Morelos<br \/>\n2004: Curso \u201cEl ensayo fotogr\u00e1fico\u201d Mtro. Eniac Mart\u00ednez Ulloa, Miembro del sistema Nacional de Creadores CONACULTA, Centro Morelense de las Artes \/ Cuernavaca, Morelos<\/p>\n<p>2004: Diplomado Artes Pl\u00e1sticas (1er semestre), Centro Morelense de las Artes \/ Cuernavaca, Morelos<br \/>\n2003: Lic. Direcci\u00f3n Cinematogr\u00e1fica (1er semestre), Arte 7 Escuela de Cine \/ M\u00e9xico, DF.<br \/>\n2003: Diplomado en Fotograf\u00eda, Centro Morelense de las Artes \/ Cuernavaca, Morelos<br \/>\n2002-2003: Diplomado de Apreciaci\u00f3n Cinematogr\u00e1fica, Organizado por (Centro de Capacitaci\u00f3n Cinematogr\u00e1fica \/ UAEM), Cuernavaca, Morelos<\/p>\n<p><strong>Exposiciones Individuales<\/strong><br \/>\n2017 \u201cSerpentinata tremenda\u201d. Centro cultural Jardin Borda \/Cuernavaca, Morelos<\/p>\n<p>2017 \u201cBaladas voladoras\u201d. Caf\u00e9 La Maga \/ Cuernavaca, Morelos<\/p>\n<p>2014 \u201cDesde mis tintas expienso\u201d\u00a0Proyecto Invasor \/ Cuernavaca, Morelos.<\/p>\n<p>2013 \u201cSin titulo\u201d Galer\u00eda Celoff\u00e1n \/ Cuernavaca, Morelos<\/p>\n<p>2009: \u201cLa jaur\u00eda se anochece\u201d, Presentaci\u00f3n del video-animaci\u00f3n: \u201cLa baba dr\u00e1stica\u201d Galer\u00eda del Centro Morelense de las Artes \/ Cuernavaca, Morelos<\/p>\n<p><strong>Exposiciones Colectivas<\/strong><br \/>\n2015 \u201cHe vuelto a casa a media noche\u201d, Galer\u00eda del Centro Morelense de las Artes \/ Cuernavaca, Morelos<\/p>\n<p>2015 \u201cG\u00e9neros y denominaciones\u201d. La Barranca Galer\u00eda \/Cuernavaca Morelos.<\/p>\n<p>2014 \u201cProcessus\u201d, Presentaci\u00f3n de grabados producidos en colaboraci\u00f3n con \u201cUna l\u00ednea de gis\u201d (Empresa dedicada al apoyo de creaci\u00f3n art\u00edstica) Espacio 71. Sinagoga Justo Sierra, M\u00e9xico DF.<br \/>\n2013 \u201cAtra\u00eddo por las luces\u201d, Galer\u00eda del Centro Morelense de las Artes \/ Cuernavaca, Morelos<\/p>\n<p>2008: \u201cArte Marginal\u201d\u00a0Presentaci\u00f3n del documental: \u201cTodo cabe en un jarrito\u201d Galer\u00eda Centro Morelense de las Artes \/ Cuernavaca, Morelos<\/p>\n<p>2008: \u201cNo te calientes plancha\u201d, Museo Casona Spencer \/ Cuernavaca Morelos<br \/>\n2007: \u201cNo Anunciar\u201d,Galer\u00eda del Centro Morelense de las Artes \/ Cuernavaca, Morelos<br \/>\n2007: \u201cLa presi\u00f3n insoportable\u201d, Galer\u00eda del Centro Morelense de las Artes \/ Cuernavaca, Morelos<br \/>\n2006: \u201cComo clara de huevo\u201d, Galer\u00eda del Centro Morelense de las Artes \/ Cuernavaca, Morelos<br \/>\n2006: \u201cSopita Caliente\u201d,Centro Morelense de las Artes \/ Cuernavaca, Morelos<br \/>\n2005: \u201cFabrica de Monstruos\u201d,Galer\u00eda del Centro Morelense de las Artes \/ Cuernavaca, Morelos<br \/>\n2005: \u201c04\/05\u201d, Centro Morelense de las Artes \/ Cuernavaca, Morelos<\/p>\n<div class=\"spdiv\">[plegar]<\/div>\n<\/div>\n<\/div>\n\n","protected":false},"excerpt":{"rendered":"<p>&lt;&lt; Ant. | Artistas | Sig. &gt;&gt; Pablo Vigil, nace en la Ciudad de M\u00e9xico en 1984 y desde 1990 reside en el estado de Morelos. Estudi\u00f3 la licenciatura en artes visuales en el Centro Morelense de las Artes (2004-2008). &hellip; <a class=\"kt-excerpt-readmore\" href=\"https:\/\/nmcontemporaneo.com\/es\/catalogo\/arte-emergente\/pablo-vigil\/\" aria-label=\"Pablo Vigil\">Read More<\/a><\/p>\n","protected":false},"author":6,"featured_media":0,"parent":596,"menu_order":0,"comment_status":"closed","ping_status":"closed","template":"page-fullwidth.php","meta":{"kt_blocks_editor_width":"","footnotes":""},"class_list":["post-10990","page","type-page","status-publish","hentry"],"_links":{"self":[{"href":"https:\/\/nmcontemporaneo.com\/es\/wp-json\/wp\/v2\/pages\/10990","targetHints":{"allow":["GET"]}}],"collection":[{"href":"https:\/\/nmcontemporaneo.com\/es\/wp-json\/wp\/v2\/pages"}],"about":[{"href":"https:\/\/nmcontemporaneo.com\/es\/wp-json\/wp\/v2\/types\/page"}],"author":[{"embeddable":true,"href":"https:\/\/nmcontemporaneo.com\/es\/wp-json\/wp\/v2\/users\/6"}],"replies":[{"embeddable":true,"href":"https:\/\/nmcontemporaneo.com\/es\/wp-json\/wp\/v2\/comments?post=10990"}],"version-history":[{"count":2,"href":"https:\/\/nmcontemporaneo.com\/es\/wp-json\/wp\/v2\/pages\/10990\/revisions"}],"predecessor-version":[{"id":14250,"href":"https:\/\/nmcontemporaneo.com\/es\/wp-json\/wp\/v2\/pages\/10990\/revisions\/14250"}],"up":[{"embeddable":true,"href":"https:\/\/nmcontemporaneo.com\/es\/wp-json\/wp\/v2\/pages\/596"}],"wp:attachment":[{"href":"https:\/\/nmcontemporaneo.com\/es\/wp-json\/wp\/v2\/media?parent=10990"}],"curies":[{"name":"wp","href":"https:\/\/api.w.org\/{rel}","templated":true}]}}