{"id":11173,"date":"2022-06-21T17:08:55","date_gmt":"2022-06-21T23:08:55","guid":{"rendered":"https:\/\/nmcontemporaneo.com\/?page_id=11173"},"modified":"2025-06-20T01:02:12","modified_gmt":"2025-06-20T07:02:12","slug":"nora-adame","status":"publish","type":"page","link":"https:\/\/nmcontemporaneo.com\/es\/catalogo\/pintura\/nora-adame\/","title":{"rendered":"Nora Adame"},"content":{"rendered":"<p style=\"text-align: center;\"><a href=\"https:\/\/nmcontemporaneo.com\/catalogo\/pintura\/fred-stonehouse\/\">&lt;&lt; Ant<\/a> | <a href=\"\/catalogo\/todos-los-artistas\/\">Artistas<\/a> | <a href=\"https:\/\/nmcontemporaneo.com\/catalogo\/pintura\/jesus-lugo\/\">Sig &gt;&gt;<\/a><\/p>\n<div id=\"kad-wp-gallery926\" class=\"kad-wp-gallery gallery kt-gallery-column-3 init-isotope-intrinsic reinit-isotope kad-light-wp-gallery clearfix rowtight\" data-fade-in=\"1\" data-iso-selector=\".g_item\" data-iso-style=\"masonry\" data-iso-filter=\"false\"><div class=\"tcol-lg-4 tcol-md-4 tcol-sm-4 tcol-xs-6 tcol-ss-12 g_item\"><div class=\"grid_item kt_item_fade_in kad_gallery_fade_in gallery_item\"><a href=\"https:\/\/nmcontemporaneo.com\/wp-content\/uploads\/2024\/10\/unnamed-9.png\" data-rel=\"lightbox\" class=\"lightboxhover\"><div class=\"kt-intrinsic\" style=\"padding-bottom:121.31147540984%;\"><div itemprop=\"image\" itemscope itemtype=\"https:\/\/schema.org\/ImageObject\"><img loading=\"lazy\" decoding=\"async\" width=\"366\" height=\"444\" src=\"https:\/\/nmcontemporaneo.com\/wp-content\/uploads\/2024\/10\/unnamed-9-366x444.png\" srcset=\"https:\/\/nmcontemporaneo.com\/wp-content\/uploads\/2024\/10\/unnamed-9-366x444.png 366w, https:\/\/nmcontemporaneo.com\/wp-content\/uploads\/2024\/10\/unnamed-9-247x300.png 247w, https:\/\/nmcontemporaneo.com\/wp-content\/uploads\/2024\/10\/unnamed-9-732x888.png 732w, https:\/\/nmcontemporaneo.com\/wp-content\/uploads\/2024\/10\/unnamed-9.png 747w\" sizes=\"auto, (max-width: 366px) 100vw, 366px\" data-caption=\"Sweet tooth.\nImpresi\u00f3n digital, plexiglass y acr\u00edlica con\nmarco de resina\n162 x 130 cm\" class=\"light-dropshaddow\" itemprop=\"contentUrl\" alt=\"Sweet Tooth por Nora Adame\"><meta itemprop=\"url\" content=\"https:\/\/nmcontemporaneo.com\/wp-content\/uploads\/2024\/10\/unnamed-9-366x444.png\"><meta itemprop=\"width\" content=\"366px\"><meta itemprop=\"height\" content=\"444px\"><\/div><\/div><div class=\"caption kad_caption\"><div class=\"kad_caption_inner\">Sweet tooth.\nImpresi\u00f3n digital, plexiglass y acr\u00edlica con\nmarco de resina\n162 x 130 cm<\/div><\/div><\/a><\/div><\/div><div class=\"tcol-lg-4 tcol-md-4 tcol-sm-4 tcol-xs-6 tcol-ss-12 g_item\"><div class=\"grid_item kt_item_fade_in kad_gallery_fade_in gallery_item\"><a href=\"https:\/\/nmcontemporaneo.com\/wp-content\/uploads\/2025\/02\/Sky-Bunny.jpg\" data-rel=\"lightbox\" class=\"lightboxhover\"><div class=\"kt-intrinsic\" style=\"padding-bottom:123.49726775956%;\"><div itemprop=\"image\" itemscope itemtype=\"https:\/\/schema.org\/ImageObject\"><img loading=\"lazy\" decoding=\"async\" width=\"366\" height=\"452\" src=\"https:\/\/nmcontemporaneo.com\/wp-content\/uploads\/2025\/02\/Sky-Bunny-366x452.jpg\" srcset=\"https:\/\/nmcontemporaneo.com\/wp-content\/uploads\/2025\/02\/Sky-Bunny-366x452.jpg 366w, https:\/\/nmcontemporaneo.com\/wp-content\/uploads\/2025\/02\/Sky-Bunny-243x300.jpg 243w, https:\/\/nmcontemporaneo.com\/wp-content\/uploads\/2025\/02\/Sky-Bunny-768x948.jpg 768w, https:\/\/nmcontemporaneo.com\/wp-content\/uploads\/2025\/02\/Sky-Bunny-732x904.jpg 732w, https:\/\/nmcontemporaneo.com\/wp-content\/uploads\/2025\/02\/Sky-Bunny.jpg 810w\" sizes=\"auto, (max-width: 366px) 100vw, 366px\" data-caption=\"Sky Bunny Impresi\u00f3n digital, plexiglass y acr\u00edlica con marco de resina162 x 130 cm\" class=\"light-dropshaddow\" itemprop=\"contentUrl\" alt=\"\"><meta itemprop=\"url\" content=\"https:\/\/nmcontemporaneo.com\/wp-content\/uploads\/2025\/02\/Sky-Bunny-366x452.jpg\"><meta itemprop=\"width\" content=\"366px\"><meta itemprop=\"height\" content=\"452px\"><\/div><\/div><div class=\"caption kad_caption\"><div class=\"kad_caption_inner\">Sky Bunny Impresi\u00f3n digital, plexiglass y acr\u00edlica con marco de resina162 x 130 cm<\/div><\/div><\/a><\/div><\/div><div class=\"tcol-lg-4 tcol-md-4 tcol-sm-4 tcol-xs-6 tcol-ss-12 g_item\"><div class=\"grid_item kt_item_fade_in kad_gallery_fade_in gallery_item\"><a href=\"https:\/\/nmcontemporaneo.com\/wp-content\/uploads\/2025\/02\/Lucky.jpg\" data-rel=\"lightbox\" class=\"lightboxhover\"><div class=\"kt-intrinsic\" style=\"padding-bottom:100%;\"><div itemprop=\"image\" itemscope itemtype=\"https:\/\/schema.org\/ImageObject\"><img loading=\"lazy\" decoding=\"async\" width=\"366\" height=\"366\" src=\"https:\/\/nmcontemporaneo.com\/wp-content\/uploads\/2025\/02\/Lucky-366x366.jpg\" srcset=\"https:\/\/nmcontemporaneo.com\/wp-content\/uploads\/2025\/02\/Lucky-366x366.jpg 366w, https:\/\/nmcontemporaneo.com\/wp-content\/uploads\/2025\/02\/Lucky-300x300.jpg 300w, https:\/\/nmcontemporaneo.com\/wp-content\/uploads\/2025\/02\/Lucky-150x150.jpg 150w, https:\/\/nmcontemporaneo.com\/wp-content\/uploads\/2025\/02\/Lucky-768x768.jpg 768w, https:\/\/nmcontemporaneo.com\/wp-content\/uploads\/2025\/02\/Lucky-456x456.jpg 456w, https:\/\/nmcontemporaneo.com\/wp-content\/uploads\/2025\/02\/Lucky-100x100.jpg 100w, https:\/\/nmcontemporaneo.com\/wp-content\/uploads\/2025\/02\/Lucky-732x732.jpg 732w, https:\/\/nmcontemporaneo.com\/wp-content\/uploads\/2025\/02\/Lucky-600x600.jpg 600w, https:\/\/nmcontemporaneo.com\/wp-content\/uploads\/2025\/02\/Lucky-912x912.jpg 912w, https:\/\/nmcontemporaneo.com\/wp-content\/uploads\/2025\/02\/Lucky-800x800.jpg 800w, https:\/\/nmcontemporaneo.com\/wp-content\/uploads\/2025\/02\/Lucky-400x400.jpg 400w, https:\/\/nmcontemporaneo.com\/wp-content\/uploads\/2025\/02\/Lucky.jpg 1000w\" sizes=\"auto, (max-width: 366px) 100vw, 366px\" data-caption=\"Lucky,\n2023\nEtiquetas textiles, vinil y plexiglass\n130 cm de di\u00e1metro\" class=\"light-dropshaddow\" itemprop=\"contentUrl\" alt=\"Lucky por Nora Adame\"><meta itemprop=\"url\" content=\"https:\/\/nmcontemporaneo.com\/wp-content\/uploads\/2025\/02\/Lucky-366x366.jpg\"><meta itemprop=\"width\" content=\"366px\"><meta itemprop=\"height\" content=\"366px\"><\/div><\/div><div class=\"caption kad_caption\"><div class=\"kad_caption_inner\">Lucky,\n2023\nEtiquetas textiles, vinil y plexiglass\n130 cm de di\u00e1metro<\/div><\/div><\/a><\/div><\/div><div class=\"tcol-lg-4 tcol-md-4 tcol-sm-4 tcol-xs-6 tcol-ss-12 g_item\"><div class=\"grid_item kt_item_fade_in kad_gallery_fade_in gallery_item\"><a href=\"https:\/\/nmcontemporaneo.com\/wp-content\/uploads\/2025\/02\/Coco.jpg\" data-rel=\"lightbox\" class=\"lightboxhover\"><div class=\"kt-intrinsic\" style=\"padding-bottom:100%;\"><div itemprop=\"image\" itemscope itemtype=\"https:\/\/schema.org\/ImageObject\"><img loading=\"lazy\" decoding=\"async\" width=\"366\" height=\"366\" src=\"https:\/\/nmcontemporaneo.com\/wp-content\/uploads\/2025\/02\/Coco-366x366.jpg\" srcset=\"https:\/\/nmcontemporaneo.com\/wp-content\/uploads\/2025\/02\/Coco-366x366.jpg 366w, https:\/\/nmcontemporaneo.com\/wp-content\/uploads\/2025\/02\/Coco-300x300.jpg 300w, https:\/\/nmcontemporaneo.com\/wp-content\/uploads\/2025\/02\/Coco-150x150.jpg 150w, https:\/\/nmcontemporaneo.com\/wp-content\/uploads\/2025\/02\/Coco-768x768.jpg 768w, https:\/\/nmcontemporaneo.com\/wp-content\/uploads\/2025\/02\/Coco-456x456.jpg 456w, https:\/\/nmcontemporaneo.com\/wp-content\/uploads\/2025\/02\/Coco-100x100.jpg 100w, https:\/\/nmcontemporaneo.com\/wp-content\/uploads\/2025\/02\/Coco-732x732.jpg 732w, https:\/\/nmcontemporaneo.com\/wp-content\/uploads\/2025\/02\/Coco-600x600.jpg 600w, https:\/\/nmcontemporaneo.com\/wp-content\/uploads\/2025\/02\/Coco-912x912.jpg 912w, https:\/\/nmcontemporaneo.com\/wp-content\/uploads\/2025\/02\/Coco-800x800.jpg 800w, https:\/\/nmcontemporaneo.com\/wp-content\/uploads\/2025\/02\/Coco-400x400.jpg 400w, https:\/\/nmcontemporaneo.com\/wp-content\/uploads\/2025\/02\/Coco.jpg 1000w\" sizes=\"auto, (max-width: 366px) 100vw, 366px\" data-caption=\"Coco,\n2023\nEtiquetas textiles, vinil y plexiglass\n130 cm de di\u00e1metro\" class=\"light-dropshaddow\" itemprop=\"contentUrl\" alt=\"Coco por Nora Adame\"><meta itemprop=\"url\" content=\"https:\/\/nmcontemporaneo.com\/wp-content\/uploads\/2025\/02\/Coco-366x366.jpg\"><meta itemprop=\"width\" content=\"366px\"><meta itemprop=\"height\" content=\"366px\"><\/div><\/div><div class=\"caption kad_caption\"><div class=\"kad_caption_inner\">Coco,\n2023\nEtiquetas textiles, vinil y plexiglass\n130 cm de di\u00e1metro<\/div><\/div><\/a><\/div><\/div><div class=\"tcol-lg-4 tcol-md-4 tcol-sm-4 tcol-xs-6 tcol-ss-12 g_item\"><div class=\"grid_item kt_item_fade_in kad_gallery_fade_in gallery_item\"><a href=\"https:\/\/nmcontemporaneo.com\/wp-content\/uploads\/2021\/01\/gigiweb-1.jpg\" data-rel=\"lightbox\" class=\"lightboxhover\"><div class=\"kt-intrinsic\" style=\"padding-bottom:116.12021857923%;\"><div itemprop=\"image\" itemscope itemtype=\"https:\/\/schema.org\/ImageObject\"><img loading=\"lazy\" decoding=\"async\" width=\"366\" height=\"425\" src=\"https:\/\/nmcontemporaneo.com\/wp-content\/uploads\/2021\/01\/gigiweb-1-366x425.jpg\" srcset=\"https:\/\/nmcontemporaneo.com\/wp-content\/uploads\/2021\/01\/gigiweb-1-366x425.jpg 366w, https:\/\/nmcontemporaneo.com\/wp-content\/uploads\/2021\/01\/gigiweb-1-258x300.jpg 258w, https:\/\/nmcontemporaneo.com\/wp-content\/uploads\/2021\/01\/gigiweb-1-768x892.jpg 768w, https:\/\/nmcontemporaneo.com\/wp-content\/uploads\/2021\/01\/gigiweb-1-732x850.jpg 732w, https:\/\/nmcontemporaneo.com\/wp-content\/uploads\/2021\/01\/gigiweb-1.jpg 780w\" sizes=\"auto, (max-width: 366px) 100vw, 366px\" data-caption=\"Gigi, Etiqueta textil y acr\u00edlico s\/fomular, 170 x 140 cm \" class=\"light-dropshaddow\" itemprop=\"contentUrl\" alt=\"\"><meta itemprop=\"url\" content=\"https:\/\/nmcontemporaneo.com\/wp-content\/uploads\/2021\/01\/gigiweb-1-366x425.jpg\"><meta itemprop=\"width\" content=\"366px\"><meta itemprop=\"height\" content=\"425px\"><\/div><\/div><div class=\"caption kad_caption\"><div class=\"kad_caption_inner\">Gigi, Etiqueta textil y acr\u00edlico s\/fomular, 170 x 140 cm <\/div><\/div><\/a><\/div><\/div><div class=\"tcol-lg-4 tcol-md-4 tcol-sm-4 tcol-xs-6 tcol-ss-12 g_item\"><div class=\"grid_item kt_item_fade_in kad_gallery_fade_in gallery_item\"><a href=\"https:\/\/nmcontemporaneo.com\/wp-content\/uploads\/2021\/01\/Kendallweb-1.jpg\" data-rel=\"lightbox\" class=\"lightboxhover\"><div class=\"kt-intrinsic\" style=\"padding-bottom:122.95081967213%;\"><div itemprop=\"image\" itemscope itemtype=\"https:\/\/schema.org\/ImageObject\"><img loading=\"lazy\" decoding=\"async\" width=\"366\" height=\"450\" src=\"https:\/\/nmcontemporaneo.com\/wp-content\/uploads\/2021\/01\/Kendallweb-1-366x450.jpg\" srcset=\"https:\/\/nmcontemporaneo.com\/wp-content\/uploads\/2021\/01\/Kendallweb-1-366x450.jpg 366w, https:\/\/nmcontemporaneo.com\/wp-content\/uploads\/2021\/01\/Kendallweb-1-244x300.jpg 244w, https:\/\/nmcontemporaneo.com\/wp-content\/uploads\/2021\/01\/Kendallweb-1-732x900.jpg 732w, https:\/\/nmcontemporaneo.com\/wp-content\/uploads\/2021\/01\/Kendallweb-1.jpg 758w\" sizes=\"auto, (max-width: 366px) 100vw, 366px\" data-caption=\"Kendall, Etiqueta textil y acr\u00edlico s\/fomular, 170 x 140 cm \" class=\"light-dropshaddow\" itemprop=\"contentUrl\" alt=\"\"><meta itemprop=\"url\" content=\"https:\/\/nmcontemporaneo.com\/wp-content\/uploads\/2021\/01\/Kendallweb-1-366x450.jpg\"><meta itemprop=\"width\" content=\"366px\"><meta itemprop=\"height\" content=\"450px\"><\/div><\/div><div class=\"caption kad_caption\"><div class=\"kad_caption_inner\">Kendall, Etiqueta textil y acr\u00edlico s\/fomular, 170 x 140 cm <\/div><\/div><\/a><\/div><\/div><div class=\"tcol-lg-4 tcol-md-4 tcol-sm-4 tcol-xs-6 tcol-ss-12 g_item\"><div class=\"grid_item kt_item_fade_in kad_gallery_fade_in gallery_item\"><a href=\"https:\/\/nmcontemporaneo.com\/wp-content\/uploads\/2019\/03\/Rising-sun-Venus.jpg\" data-rel=\"lightbox\" class=\"lightboxhover\"><div class=\"kt-intrinsic\" style=\"padding-bottom:156.01092896175%;\"><div itemprop=\"image\" itemscope itemtype=\"https:\/\/schema.org\/ImageObject\"><img loading=\"lazy\" decoding=\"async\" width=\"366\" height=\"571\" src=\"https:\/\/nmcontemporaneo.com\/wp-content\/uploads\/2019\/03\/Rising-sun-Venus-366x571.jpg\" srcset=\"https:\/\/nmcontemporaneo.com\/wp-content\/uploads\/2019\/03\/Rising-sun-Venus-366x571.jpg 366w, https:\/\/nmcontemporaneo.com\/wp-content\/uploads\/2019\/03\/Rising-sun-Venus-192x300.jpg 192w, https:\/\/nmcontemporaneo.com\/wp-content\/uploads\/2019\/03\/Rising-sun-Venus.jpg 414w\" sizes=\"auto, (max-width: 366px) 100vw, 366px\" data-caption=\"Rising Sun Venus, Etiquetas textiles y pedrer\u00eda s\/ fomular 180 x 105 cm \" class=\"light-dropshaddow\" itemprop=\"contentUrl\" alt=\"\"><meta itemprop=\"url\" content=\"https:\/\/nmcontemporaneo.com\/wp-content\/uploads\/2019\/03\/Rising-sun-Venus-366x571.jpg\"><meta itemprop=\"width\" content=\"366px\"><meta itemprop=\"height\" content=\"571px\"><\/div><\/div><div class=\"caption kad_caption\"><div class=\"kad_caption_inner\">Rising Sun Venus, Etiquetas textiles y pedrer\u00eda s\/ fomular 180 x 105 cm <\/div><\/div><\/a><\/div><\/div><div class=\"tcol-lg-4 tcol-md-4 tcol-sm-4 tcol-xs-6 tcol-ss-12 g_item\"><div class=\"grid_item kt_item_fade_in kad_gallery_fade_in gallery_item\"><a href=\"https:\/\/nmcontemporaneo.com\/wp-content\/uploads\/2021\/01\/RuPaulweb-1.jpg\" data-rel=\"lightbox\" class=\"lightboxhover\"><div class=\"kt-intrinsic\" style=\"padding-bottom:122.67759562842%;\"><div itemprop=\"image\" itemscope itemtype=\"https:\/\/schema.org\/ImageObject\"><img loading=\"lazy\" decoding=\"async\" width=\"366\" height=\"449\" src=\"https:\/\/nmcontemporaneo.com\/wp-content\/uploads\/2021\/01\/RuPaulweb-1-366x449.jpg\" srcset=\"https:\/\/nmcontemporaneo.com\/wp-content\/uploads\/2021\/01\/RuPaulweb-1-366x449.jpg 366w, https:\/\/nmcontemporaneo.com\/wp-content\/uploads\/2021\/01\/RuPaulweb-1-245x300.jpg 245w, https:\/\/nmcontemporaneo.com\/wp-content\/uploads\/2021\/01\/RuPaulweb-1-768x941.jpg 768w, https:\/\/nmcontemporaneo.com\/wp-content\/uploads\/2021\/01\/RuPaulweb-1-732x898.jpg 732w, https:\/\/nmcontemporaneo.com\/wp-content\/uploads\/2021\/01\/RuPaulweb-1.jpg 784w\" sizes=\"auto, (max-width: 366px) 100vw, 366px\" data-caption=\"Ru Paul, Etiqueta textil y acr\u00edlico s\/fomular, 170 x 140 cm \" class=\"light-dropshaddow\" itemprop=\"contentUrl\" alt=\"\"><meta itemprop=\"url\" content=\"https:\/\/nmcontemporaneo.com\/wp-content\/uploads\/2021\/01\/RuPaulweb-1-366x449.jpg\"><meta itemprop=\"width\" content=\"366px\"><meta itemprop=\"height\" content=\"449px\"><\/div><\/div><div class=\"caption kad_caption\"><div class=\"kad_caption_inner\">Ru Paul, Etiqueta textil y acr\u00edlico s\/fomular, 170 x 140 cm <\/div><\/div><\/a><\/div><\/div><\/div>\n<p><strong>Venus No Soy<\/strong><\/p>\n<p>Nora Adame celebra 15 a\u00f1os de labor como artista con su m\u00e1s reciente producci\u00f3n, combina la perfecci\u00f3n de su estilo con la puntualidad conceptual del s\u00edmbolo y el deseo. En esta reinterpretaci\u00f3n del nacimiento de Venus, Adame invita a la reflexi\u00f3n sobre las distintas influencias de la historia del arte impuestas sobre la mujer, la moda, los c\u00e1nones de belleza y su dominio sobre los roles actuales de la mujer contempor\u00e1nea.<\/p>\n\n<div class=\"sp-wrap sp-wrap-default\">\n<div class=\"sp-head\" title=\"Expandir\">\nCurriculum Vitae: Nora Adame\n<\/div>\n<div class=\"sp-body folded\">\n<p><strong>Nora Adame<\/strong><\/p>\n<p>Tamaulipas \/ M\u00e9xico 1970<\/p>\n<p><strong>Exposiciones individuales<\/strong> (selecci\u00f3n)<br \/>\n2002 Secretar\u00eda de Relaciones Exteriores Monterrey N.L.<br \/>\n\/ Instituto Tecnol\u00f3gico de Estudios superiores de Monterrey (ITESM) Monterrey N.L. \/ Galer\u00eda del Centro Cultural Tamaulipas, Cd. Victoria Tamaulipas<br \/>\n2007 Universidad de las Am\u00e9ricas, Puebla, Pue.<br \/>\n2008 Galer\u00edas de Arte y Dise\u00f1o, Puebla, Pue.<br \/>\n2009 Instituto Tecnol\u00f3gico de Estudios Superiores de Monterrey ( campus Puebla)<br \/>\n2013 Galer\u00edas de Palacio, Puebla, Pue. Mx.<\/p>\n<p><strong>Exposiciones colectivas<\/strong><br \/>\n2004 Bienal Internacional de Florencia, Italia<br \/>\n2003-2004 D\u00e9cimo Sal\u00f3n Independiente de Arte Er\u00f3tico Puebla, Pue.<br \/>\n2006 Galer\u00eda de Arte Contempor\u00e1neo del Estado de Puebla. Marva, Casa de Arte, Puebla, Pue.<br \/>\n2008 Galer\u00eda Espacio Sero, Container City, Puebla, Pue. \/ Galer\u00edas del Palacio Municipal del Estado de Puebla.<br \/>\n2009 Centro de Artes Visuales de Yucat\u00e1n.<br \/>\n2010 Secretar\u00eda de Econom\u00eda, M\u00e9xico, D.F.<br \/>\n2012 Premio Iberoamericano Cortez de C\u00e1diz, Espa\u00f1a.<\/p>\n<p><strong>Reconocimientos<\/strong><br \/>\n2002 Obra seleccionada en la XI Bienal del Museo Rufino Tamayo de la Cd. De M\u00e9xico<br \/>\n2003 Obra seleccionada en la Magna Exposici\u00f3n de Artes Pl\u00e1sticas AGORA 2000-2003<br \/>\n2006 Dos Obras seleccionadas y premiadas en el VI Encuentro Estatal de Arte Contempor\u00e1neo en la Cd. De Puebla.<br \/>\n2008 obra seleccionada en el VIII Encuentro Estatal de Arte Contempor\u00e1neo en la Cd. De Puebla, Pue.<br \/>\n2009 Obras seleccionadas con Menci\u00f3n Honor\u00edfica en la IV Bienal de Artes Visuales Yucat\u00e1n 2009.<br \/>\n2010 Particaipaci\u00f3n en la subasta del grupo de los 16. 2010 y 2011.<br \/>\n2011 Mural para el crit TELET\u00d3N en la Cd. de Puebla, Pue.<br \/>\n2012 Menci\u00f3n Honor\u00edfica en el Premio Iberoamericano Cortez de C\u00e1diz 2012, C\u00e1diz Espa\u00f1a<br \/>\n2013 Obra Seleccionada en el 12 Encuentro Estatal de Arte Contempor\u00e1neo en la Cd. De Puebla Pue. \/ Participaci\u00f3n en la subasta del grupo de los 16.<\/p>\n<div class=\"spdiv\">[plegar]<\/div>\n<\/div>\n<\/div>\n\n","protected":false},"excerpt":{"rendered":"<p>&lt;&lt; Ant | Artistas | Sig &gt;&gt; Venus No Soy Nora Adame celebra 15 a\u00f1os de labor como artista con su m\u00e1s reciente producci\u00f3n, combina la perfecci\u00f3n de su estilo con la puntualidad conceptual del s\u00edmbolo y el deseo. En &hellip; <a class=\"kt-excerpt-readmore\" href=\"https:\/\/nmcontemporaneo.com\/es\/catalogo\/pintura\/nora-adame\/\" aria-label=\"Nora Adame\">Read More<\/a><\/p>\n","protected":false},"author":6,"featured_media":11175,"parent":590,"menu_order":0,"comment_status":"closed","ping_status":"closed","template":"page-fullwidth.php","meta":{"kt_blocks_editor_width":"","footnotes":""},"class_list":["post-11173","page","type-page","status-publish","has-post-thumbnail","hentry"],"_links":{"self":[{"href":"https:\/\/nmcontemporaneo.com\/es\/wp-json\/wp\/v2\/pages\/11173","targetHints":{"allow":["GET"]}}],"collection":[{"href":"https:\/\/nmcontemporaneo.com\/es\/wp-json\/wp\/v2\/pages"}],"about":[{"href":"https:\/\/nmcontemporaneo.com\/es\/wp-json\/wp\/v2\/types\/page"}],"author":[{"embeddable":true,"href":"https:\/\/nmcontemporaneo.com\/es\/wp-json\/wp\/v2\/users\/6"}],"replies":[{"embeddable":true,"href":"https:\/\/nmcontemporaneo.com\/es\/wp-json\/wp\/v2\/comments?post=11173"}],"version-history":[{"count":3,"href":"https:\/\/nmcontemporaneo.com\/es\/wp-json\/wp\/v2\/pages\/11173\/revisions"}],"predecessor-version":[{"id":13948,"href":"https:\/\/nmcontemporaneo.com\/es\/wp-json\/wp\/v2\/pages\/11173\/revisions\/13948"}],"up":[{"embeddable":true,"href":"https:\/\/nmcontemporaneo.com\/es\/wp-json\/wp\/v2\/pages\/590"}],"wp:featuredmedia":[{"embeddable":true,"href":"https:\/\/nmcontemporaneo.com\/es\/wp-json\/wp\/v2\/media\/11175"}],"wp:attachment":[{"href":"https:\/\/nmcontemporaneo.com\/es\/wp-json\/wp\/v2\/media?parent=11173"}],"curies":[{"name":"wp","href":"https:\/\/api.w.org\/{rel}","templated":true}]}}