{"id":11220,"date":"2022-06-28T13:51:40","date_gmt":"2022-06-28T19:51:40","guid":{"rendered":"https:\/\/nmcontemporaneo.com\/?page_id=11220"},"modified":"2025-06-20T21:27:39","modified_gmt":"2025-06-21T03:27:39","slug":"pavel-mora","status":"publish","type":"page","link":"https:\/\/nmcontemporaneo.com\/es\/catalogo\/arte-emergente\/pavel-mora\/","title":{"rendered":"P\u00e1vel Mora"},"content":{"rendered":"<p style=\"text-align: center;\"><a href=\"..\/alejandro-osorio\/\">&lt;&lt; Ant.<\/a> | <a href=\"\/catalogo\/todos-los-artistas\/\">Artistas<\/a> | <a href=\"\/catalogo\/arte-emergente\/otros-artistas-emergentes\/ivan-salamanca\/\">Sig. &gt;&gt;<\/a><\/p>\n<div id=\"kad-wp-gallery108\" class=\"kad-wp-gallery gallery kt-gallery-column-3 init-isotope-intrinsic reinit-isotope kad-light-wp-gallery clearfix rowtight\" data-fade-in=\"1\" data-iso-selector=\".g_item\" data-iso-style=\"masonry\" data-iso-filter=\"false\"><div class=\"tcol-lg-4 tcol-md-4 tcol-sm-4 tcol-xs-6 tcol-ss-12 g_item\"><div class=\"grid_item kt_item_fade_in kad_gallery_fade_in gallery_item\"><a href=\"https:\/\/nmcontemporaneo.com\/wp-content\/uploads\/2018\/06\/Dina\u0301mica-y-sinuosidad-intervencio\u0301n.jpg\" data-rel=\"lightbox\" class=\"lightboxhover\"><div class=\"kt-intrinsic\" style=\"padding-bottom:75.409836065574%;\"><div itemprop=\"image\" itemscope itemtype=\"https:\/\/schema.org\/ImageObject\"><img loading=\"lazy\" decoding=\"async\" width=\"366\" height=\"276\" src=\"https:\/\/nmcontemporaneo.com\/wp-content\/uploads\/2018\/06\/Dina\u0301mica-y-sinuosidad-intervencio\u0301n-366x276.jpg\" srcset=\"https:\/\/nmcontemporaneo.com\/wp-content\/uploads\/2018\/06\/Dina\u0301mica-y-sinuosidad-intervencio\u0301n-366x276.jpg 366w, https:\/\/nmcontemporaneo.com\/wp-content\/uploads\/2018\/06\/Dina\u0301mica-y-sinuosidad-intervencio\u0301n-300x226.jpg 300w, https:\/\/nmcontemporaneo.com\/wp-content\/uploads\/2018\/06\/Dina\u0301mica-y-sinuosidad-intervencio\u0301n-768x578.jpg 768w, https:\/\/nmcontemporaneo.com\/wp-content\/uploads\/2018\/06\/Dina\u0301mica-y-sinuosidad-intervencio\u0301n-732x552.jpg 732w, https:\/\/nmcontemporaneo.com\/wp-content\/uploads\/2018\/06\/Dina\u0301mica-y-sinuosidad-intervencio\u0301n.jpg 1000w\" sizes=\"auto, (max-width: 366px) 100vw, 366px\" data-caption=\"DIN\u00c1MICA Y SINUOSIDAD,Intervention, wax pencil \/ wall (panoramic) 350 x 550 cm. 2016-17\" class=\"light-dropshaddow\" itemprop=\"contentUrl\" alt=\"\"><meta itemprop=\"url\" content=\"https:\/\/nmcontemporaneo.com\/wp-content\/uploads\/2018\/06\/Dina\u0301mica-y-sinuosidad-intervencio\u0301n-366x276.jpg\"><meta itemprop=\"width\" content=\"366px\"><meta itemprop=\"height\" content=\"276px\"><\/div><\/div><div class=\"caption kad_caption\"><div class=\"kad_caption_inner\">DIN\u00c1MICA Y SINUOSIDAD,Intervention, wax pencil \/ wall (panoramic) 350 x 550 cm. 2016-17<\/div><\/div><\/a><\/div><\/div><div class=\"tcol-lg-4 tcol-md-4 tcol-sm-4 tcol-xs-6 tcol-ss-12 g_item\"><div class=\"grid_item kt_item_fade_in kad_gallery_fade_in gallery_item\"><a href=\"https:\/\/nmcontemporaneo.com\/wp-content\/uploads\/2018\/06\/17032017-vista-dina\u0301mica-detalle-scaled.jpg\" data-rel=\"lightbox\" class=\"lightboxhover\"><div class=\"kt-intrinsic\" style=\"padding-bottom:68.306010928962%;\"><div itemprop=\"image\" itemscope itemtype=\"https:\/\/schema.org\/ImageObject\"><img loading=\"lazy\" decoding=\"async\" width=\"366\" height=\"250\" src=\"https:\/\/nmcontemporaneo.com\/wp-content\/uploads\/2018\/06\/17032017-vista-dina\u0301mica-detalle-366x250.jpg\" srcset=\"https:\/\/nmcontemporaneo.com\/wp-content\/uploads\/2018\/06\/17032017-vista-dina\u0301mica-detalle-366x250.jpg 366w, https:\/\/nmcontemporaneo.com\/wp-content\/uploads\/2018\/06\/17032017-vista-dina\u0301mica-detalle-300x205.jpg 300w, https:\/\/nmcontemporaneo.com\/wp-content\/uploads\/2018\/06\/17032017-vista-dina\u0301mica-detalle-768x524.jpg 768w, https:\/\/nmcontemporaneo.com\/wp-content\/uploads\/2018\/06\/17032017-vista-dina\u0301mica-detalle-1024x699.jpg 1024w, https:\/\/nmcontemporaneo.com\/wp-content\/uploads\/2018\/06\/17032017-vista-dina\u0301mica-detalle-732x500.jpg 732w\" sizes=\"auto, (max-width: 366px) 100vw, 366px\" data-caption=\"DIN\u00c1MICA Y SINUOSIDAD, Intervention, wax pencil \/ wall (detail)\" class=\"light-dropshaddow\" itemprop=\"contentUrl\" alt=\"\"><meta itemprop=\"url\" content=\"https:\/\/nmcontemporaneo.com\/wp-content\/uploads\/2018\/06\/17032017-vista-dina\u0301mica-detalle-366x250.jpg\"><meta itemprop=\"width\" content=\"366px\"><meta itemprop=\"height\" content=\"250px\"><\/div><\/div><div class=\"caption kad_caption\"><div class=\"kad_caption_inner\">DIN\u00c1MICA Y SINUOSIDAD, Intervention, wax pencil \/ wall (detail)<\/div><\/div><\/a><\/div><\/div><div class=\"tcol-lg-4 tcol-md-4 tcol-sm-4 tcol-xs-6 tcol-ss-12 g_item\"><div class=\"grid_item kt_item_fade_in kad_gallery_fade_in gallery_item\"><a href=\"https:\/\/nmcontemporaneo.com\/wp-content\/uploads\/2018\/06\/El-ori\u0301gen-del-mundoweb.jpg\" data-rel=\"lightbox\" class=\"lightboxhover\"><div class=\"kt-intrinsic\" style=\"padding-bottom:74.863387978142%;\"><div itemprop=\"image\" itemscope itemtype=\"https:\/\/schema.org\/ImageObject\"><img loading=\"lazy\" decoding=\"async\" width=\"366\" height=\"274\" src=\"https:\/\/nmcontemporaneo.com\/wp-content\/uploads\/2018\/06\/El-ori\u0301gen-del-mundoweb-366x274.jpg\" srcset=\"https:\/\/nmcontemporaneo.com\/wp-content\/uploads\/2018\/06\/El-ori\u0301gen-del-mundoweb-366x274.jpg 366w, https:\/\/nmcontemporaneo.com\/wp-content\/uploads\/2018\/06\/El-ori\u0301gen-del-mundoweb-300x224.jpg 300w, https:\/\/nmcontemporaneo.com\/wp-content\/uploads\/2018\/06\/El-ori\u0301gen-del-mundoweb-768x574.jpg 768w, https:\/\/nmcontemporaneo.com\/wp-content\/uploads\/2018\/06\/El-ori\u0301gen-del-mundoweb-732x548.jpg 732w, https:\/\/nmcontemporaneo.com\/wp-content\/uploads\/2018\/06\/El-ori\u0301gen-del-mundoweb.jpg 1000w\" sizes=\"auto, (max-width: 366px) 100vw, 366px\" data-caption=\"EL ORIGEN DEL MUNDO A-B, Color pencil \/ engraving intaglio, 120 x 80 cm. 2017 \" class=\"light-dropshaddow\" itemprop=\"contentUrl\" alt=\"\"><meta itemprop=\"url\" content=\"https:\/\/nmcontemporaneo.com\/wp-content\/uploads\/2018\/06\/El-ori\u0301gen-del-mundoweb-366x274.jpg\"><meta itemprop=\"width\" content=\"366px\"><meta itemprop=\"height\" content=\"274px\"><\/div><\/div><div class=\"caption kad_caption\"><div class=\"kad_caption_inner\">EL ORIGEN DEL MUNDO A-B, Color pencil \/ engraving intaglio, 120 x 80 cm. 2017 <\/div><\/div><\/a><\/div><\/div><div class=\"tcol-lg-4 tcol-md-4 tcol-sm-4 tcol-xs-6 tcol-ss-12 g_item\"><div class=\"grid_item kt_item_fade_in kad_gallery_fade_in gallery_item\"><a href=\"https:\/\/nmcontemporaneo.com\/wp-content\/uploads\/2018\/06\/Explosio\u0301n.jpg\" data-rel=\"lightbox\" class=\"lightboxhover\"><div class=\"kt-intrinsic\" style=\"padding-bottom:62.568306010929%;\"><div itemprop=\"image\" itemscope itemtype=\"https:\/\/schema.org\/ImageObject\"><img loading=\"lazy\" decoding=\"async\" width=\"366\" height=\"229\" src=\"https:\/\/nmcontemporaneo.com\/wp-content\/uploads\/2018\/06\/Explosio\u0301n-366x229.jpg\" srcset=\"https:\/\/nmcontemporaneo.com\/wp-content\/uploads\/2018\/06\/Explosio\u0301n-366x229.jpg 366w, https:\/\/nmcontemporaneo.com\/wp-content\/uploads\/2018\/06\/Explosio\u0301n-300x188.jpg 300w, https:\/\/nmcontemporaneo.com\/wp-content\/uploads\/2018\/06\/Explosio\u0301n-768x482.jpg 768w, https:\/\/nmcontemporaneo.com\/wp-content\/uploads\/2018\/06\/Explosio\u0301n-80x50.jpg 80w, https:\/\/nmcontemporaneo.com\/wp-content\/uploads\/2018\/06\/Explosio\u0301n-732x458.jpg 732w, https:\/\/nmcontemporaneo.com\/wp-content\/uploads\/2018\/06\/Explosio\u0301n.jpg 1000w\" sizes=\"auto, (max-width: 366px) 100vw, 366px\" data-caption=\"EXPLOSI\u00d3N, Engraved in etching, 80 x 120 cm. 2016\" class=\"light-dropshaddow\" itemprop=\"contentUrl\" alt=\"\"><meta itemprop=\"url\" content=\"https:\/\/nmcontemporaneo.com\/wp-content\/uploads\/2018\/06\/Explosio\u0301n-366x229.jpg\"><meta itemprop=\"width\" content=\"366px\"><meta itemprop=\"height\" content=\"229px\"><\/div><\/div><div class=\"caption kad_caption\"><div class=\"kad_caption_inner\">EXPLOSI\u00d3N, Engraved in etching, 80 x 120 cm. 2016<\/div><\/div><\/a><\/div><\/div><div class=\"tcol-lg-4 tcol-md-4 tcol-sm-4 tcol-xs-6 tcol-ss-12 g_item\"><div class=\"grid_item kt_item_fade_in kad_gallery_fade_in gallery_item\"><a href=\"https:\/\/nmcontemporaneo.com\/wp-content\/uploads\/2018\/06\/Explosio\u0301n-volca\u0301nica.jpg\" data-rel=\"lightbox\" class=\"lightboxhover\"><div class=\"kt-intrinsic\" style=\"padding-bottom:73.497267759563%;\"><div itemprop=\"image\" itemscope itemtype=\"https:\/\/schema.org\/ImageObject\"><img loading=\"lazy\" decoding=\"async\" width=\"366\" height=\"269\" src=\"https:\/\/nmcontemporaneo.com\/wp-content\/uploads\/2018\/06\/Explosio\u0301n-volca\u0301nica-366x269.jpg\" srcset=\"https:\/\/nmcontemporaneo.com\/wp-content\/uploads\/2018\/06\/Explosio\u0301n-volca\u0301nica-366x269.jpg 366w, https:\/\/nmcontemporaneo.com\/wp-content\/uploads\/2018\/06\/Explosio\u0301n-volca\u0301nica-300x220.jpg 300w, https:\/\/nmcontemporaneo.com\/wp-content\/uploads\/2018\/06\/Explosio\u0301n-volca\u0301nica-768x564.jpg 768w, https:\/\/nmcontemporaneo.com\/wp-content\/uploads\/2018\/06\/Explosio\u0301n-volca\u0301nica-732x538.jpg 732w, https:\/\/nmcontemporaneo.com\/wp-content\/uploads\/2018\/06\/Explosio\u0301n-volca\u0301nica.jpg 1000w\" sizes=\"auto, (max-width: 366px) 100vw, 366px\" data-caption=\"EXPLOSI\u00d3N VOLC\u00c1NICA, engraved in etching, 80 x 120 cm. 2016\" class=\"light-dropshaddow\" itemprop=\"contentUrl\" alt=\"\"><meta itemprop=\"url\" content=\"https:\/\/nmcontemporaneo.com\/wp-content\/uploads\/2018\/06\/Explosio\u0301n-volca\u0301nica-366x269.jpg\"><meta itemprop=\"width\" content=\"366px\"><meta itemprop=\"height\" content=\"269px\"><\/div><\/div><div class=\"caption kad_caption\"><div class=\"kad_caption_inner\">EXPLOSI\u00d3N VOLC\u00c1NICA, engraved in etching, 80 x 120 cm. 2016<\/div><\/div><\/a><\/div><\/div><div class=\"tcol-lg-4 tcol-md-4 tcol-sm-4 tcol-xs-6 tcol-ss-12 g_item\"><div class=\"grid_item kt_item_fade_in kad_gallery_fade_in gallery_item\"><a href=\"https:\/\/nmcontemporaneo.com\/wp-content\/uploads\/2018\/06\/detalle-esc-en-el-paisajeweb.jpg\" data-rel=\"lightbox\" class=\"lightboxhover\"><div class=\"kt-intrinsic\" style=\"padding-bottom:66.666666666667%;\"><div itemprop=\"image\" itemscope itemtype=\"https:\/\/schema.org\/ImageObject\"><img loading=\"lazy\" decoding=\"async\" width=\"366\" height=\"244\" src=\"https:\/\/nmcontemporaneo.com\/wp-content\/uploads\/2018\/06\/detalle-esc-en-el-paisajeweb-366x244.jpg\" srcset=\"https:\/\/nmcontemporaneo.com\/wp-content\/uploads\/2018\/06\/detalle-esc-en-el-paisajeweb-366x244.jpg 366w, https:\/\/nmcontemporaneo.com\/wp-content\/uploads\/2018\/06\/detalle-esc-en-el-paisajeweb-300x200.jpg 300w, https:\/\/nmcontemporaneo.com\/wp-content\/uploads\/2018\/06\/detalle-esc-en-el-paisajeweb-768x513.jpg 768w, https:\/\/nmcontemporaneo.com\/wp-content\/uploads\/2018\/06\/detalle-esc-en-el-paisajeweb-272x182.jpg 272w, https:\/\/nmcontemporaneo.com\/wp-content\/uploads\/2018\/06\/detalle-esc-en-el-paisajeweb-732x488.jpg 732w, https:\/\/nmcontemporaneo.com\/wp-content\/uploads\/2018\/06\/detalle-esc-en-el-paisajeweb.jpg 1000w\" sizes=\"auto, (max-width: 366px) 100vw, 366px\" data-caption=\"ESCULTURA EN EL PAISAJE, Engraved in etching, 70 x 85 cm. 2017\" class=\"light-dropshaddow\" itemprop=\"contentUrl\" alt=\"\"><meta itemprop=\"url\" content=\"https:\/\/nmcontemporaneo.com\/wp-content\/uploads\/2018\/06\/detalle-esc-en-el-paisajeweb-366x244.jpg\"><meta itemprop=\"width\" content=\"366px\"><meta itemprop=\"height\" content=\"244px\"><\/div><\/div><div class=\"caption kad_caption\"><div class=\"kad_caption_inner\">ESCULTURA EN EL PAISAJE, Engraved in etching, 70 x 85 cm. 2017<\/div><\/div><\/a><\/div><\/div><div class=\"tcol-lg-4 tcol-md-4 tcol-sm-4 tcol-xs-6 tcol-ss-12 g_item\"><div class=\"grid_item kt_item_fade_in kad_gallery_fade_in gallery_item\"><a href=\"https:\/\/nmcontemporaneo.com\/wp-content\/uploads\/2018\/06\/Perspectivas-al-cuadrado.jpg\" data-rel=\"lightbox\" class=\"lightboxhover\"><div class=\"kt-intrinsic\" style=\"padding-bottom:100%;\"><div itemprop=\"image\" itemscope itemtype=\"https:\/\/schema.org\/ImageObject\"><img loading=\"lazy\" decoding=\"async\" width=\"366\" height=\"366\" src=\"https:\/\/nmcontemporaneo.com\/wp-content\/uploads\/2018\/06\/Perspectivas-al-cuadrado-366x366.jpg\" srcset=\"https:\/\/nmcontemporaneo.com\/wp-content\/uploads\/2018\/06\/Perspectivas-al-cuadrado-366x366.jpg 366w, https:\/\/nmcontemporaneo.com\/wp-content\/uploads\/2018\/06\/Perspectivas-al-cuadrado-300x300.jpg 300w, https:\/\/nmcontemporaneo.com\/wp-content\/uploads\/2018\/06\/Perspectivas-al-cuadrado-100x100.jpg 100w, https:\/\/nmcontemporaneo.com\/wp-content\/uploads\/2018\/06\/Perspectivas-al-cuadrado-456x456.jpg 456w, https:\/\/nmcontemporaneo.com\/wp-content\/uploads\/2018\/06\/Perspectivas-al-cuadrado-150x150.jpg 150w, https:\/\/nmcontemporaneo.com\/wp-content\/uploads\/2018\/06\/Perspectivas-al-cuadrado-768x768.jpg 768w, https:\/\/nmcontemporaneo.com\/wp-content\/uploads\/2018\/06\/Perspectivas-al-cuadrado-732x732.jpg 732w, https:\/\/nmcontemporaneo.com\/wp-content\/uploads\/2018\/06\/Perspectivas-al-cuadrado.jpg 1000w\" sizes=\"auto, (max-width: 366px) 100vw, 366px\" data-caption=\"PERSPECTIVAS AL CUADRADO, Color pencil, fretwork \/ engraving in high relief, 170 x 170 cm. 2016\" class=\"light-dropshaddow\" itemprop=\"contentUrl\" alt=\"\"><meta itemprop=\"url\" content=\"https:\/\/nmcontemporaneo.com\/wp-content\/uploads\/2018\/06\/Perspectivas-al-cuadrado-366x366.jpg\"><meta itemprop=\"width\" content=\"366px\"><meta itemprop=\"height\" content=\"366px\"><\/div><\/div><div class=\"caption kad_caption\"><div class=\"kad_caption_inner\">PERSPECTIVAS AL CUADRADO, Color pencil, fretwork \/ engraving in high relief, 170 x 170 cm. 2016<\/div><\/div><\/a><\/div><\/div><\/div>\n<div class=\"page\" title=\"Page 1\">\n<div class=\"layoutArea\">\n<div class=\"column\">\n<p>P\u00c1VEL MORA (Cuernavaca, Mor. \/ 1985), Su trabajo se enfoca en el desarrollo de cartograf\u00edas como mecanismo de reflexi\u00f3n y especulaci\u00f3n del territorio f\u00edsico y metal que supone la creaci\u00f3n de mapas, con la posibilidad de encontrar un espacio ilusorio regido por par\u00e1metros que no obedecen a la geograf\u00eda. Ha desarrollado piezas abstractas que funcionan como m\u00f3dulos reproductivos de la naturaleza, donde una matriz se reproduce a s\u00ed misma para generar un organismo. Analiza tambi\u00e9n las posibilidades del paisaje como dispositivo de reconocimiento con el entorno, donde los diferentes alcances de la imagen pueden ser descubiertos al descomponer y reconstruir un territorio en lugares hipot\u00e9ticos e inciertos.<\/p>\n<\/div>\n<\/div>\n<\/div>\n\n<div class=\"sp-wrap sp-wrap-default\">\n<div class=\"sp-head\" title=\"Expandir\">\nCurr\u00edculum Vitae\n<\/div>\n<div class=\"sp-body folded\">\n<div class=\"spdiv\">[plegar]<\/div>\n<\/div>\n<\/div>\n\n2011 Especialidad en arte contempor\u00e1neo y cr\u00edtica, CEMAEM, Cuernavaca Morelos.<br \/>\n2010 Curso de Curadur\u00eda y museograf\u00eda con Maru Rabad\u00e1n, Centro Morelense de las Artes, Cuernavaca M<br \/>\nMorelos.<br \/>\n2008 Licenciatura en Artes Visuales 2004-2008, Centro Morelense de las Artes, Cuernavaca Morelos.<br \/>\nTaller de Arte contempor\u00e1neo con Silvia Gruner y Miguel Bentura, Cuernavaca Morelos- Distrito Federal.<br \/>\nTaller de video con Luis Felipe Ortega, CMA, Cuernavaca Morelos.<\/p>\n<p>Exposiciones individuales<\/p>\n<p>2016 Din\u00e1mica y sinuosidad, Espacio de experimentaci\u00f3n Centro Cultural Jard\u00edn Borda, Cuernavaca Morelos.<br \/>\n2012 Me parece haber visto una sombra, Galer\u00eda , Galer\u00eda Centro Morelense de las Artes, Cuernavaca Morelos.<\/p>\n<p>Exposiciones colectivas<\/p>\n<p>2017 III Bienal de Artes Visuales, Instituto de Cultura y las Artes Benito Ju\u00e1rez, Canc\u00fan Quintana Roo.<br \/>\n2016 V Bienal Nacional de Artes Gr\u00e1ficas Shinzaburo Takeda, Museo de los pintores Oaxaque\u00f1os, Oaxaca, Oaxaca.<br \/>\n2015 II Bienal Internacional de grabado y estampa &#8220;Jos\u00e9 Guadalupe Posada&#8221;, Museo JGP, Aguascalientes, Ags.<br \/>\nDespu\u00e9s del ed\u00e9n, arte en Cuernavaca 1974-2014, Sala de Arte P\u00fablico Siqueiros La Tallera, Cuernavaca Mor.<br \/>\nExposici\u00f3n Creaci\u00f3n en Movimiento&#8221;, del FONCA, Antiguo Colegio de San Ildefonso, M\u00e9xico D.F.<br \/>\nXXXV Encuentro Nacional de Arte Joven, Casa de Cultura V\u00edctor Sandoval, Aguascalientes, Ags.<br \/>\nI Bienal de los volcanes, Museo de la Ciudad de Cuernavaca, Mor.<br \/>\nLlegue a media noche a mi casa, Galer\u00eda Centro Morelense de las Artes, Cuernavaca Morelos.<br \/>\n2014 Exposici\u00f3n de paisaje, Semana de Morelos en Nueva York, Centro Cultural de M\u00e9xico en Nueva York.<br \/>\nExposici\u00f3n Creaci\u00f3n en Movimiento&#8221;, del Fondo Nacional para la Cultura y las Artes (FONCA),<br \/>\nSan Pedro Museo de Arte, Puebla , Puebla.<br \/>\nIV Bienal Nacional de Artes Gr\u00e1ficas Shinzaburo Takeda, Museo de los pintores Oaxaque\u00f1os, Oaxaca, Oaxaca.<br \/>\n2013 Atra\u00eddo por las luces -Apolog\u00eda del paisaje-, Galer\u00eda Centro Morelense de las Artes, Cuernavaca Morelos.<br \/>\nHomenaje Nacional a Adolfo Mexiac, Centro de la gr\u00e1fica &#8220;El obraje&#8221;, Aguascalientes, Aguascalientes.<br \/>\nPrimera exposici\u00f3n internacional de mini estampa contempor\u00e1nea, LAC Gallery, Miami Florida.<br \/>\n2012 Mercado de pretenciosidades, expo-subasta, Centro Morelense de las Artes, Cuernavaca Morelos.<br \/>\nGrabado &#8211; Grabado, Muestra anual de mini estampa:<br \/>\nCentro Cultural Jard\u00edn Borda, Cuernavaca Morelos.<br \/>\nInstituto Queretano de la Cultura y las Artes, Quer\u00e9taro, Quer\u00e9taro.<br \/>\n2011 Dibujo at\u00f3mico, Galer\u00eda Centro Morelense de las Artes, Cuernavaca Morelos.<br \/>\nA tiro de fuego, primer encuentro de talleres de gr\u00e1fica, Centro Cultural Ollin Yoliztli, M\u00e9xico D.F.<br \/>\n2010 Exposici\u00f3n Nacional &#8220;Creaci\u00f3n en Movimiento&#8221;, del Fondo Nacional para la Cultura y las Artes<br \/>\n(FONCA) Museo de los pintores Oaxaque\u00f1os, Oaxaca, Oaxaca.<br \/>\nMuseo Diego Rivera Anahuacalli, Distrito Federal.<br \/>\nII Concurso Nacional de ARTE 40, Centro Nacional de las Artes CNA, Distrito Federal.<br \/>\nNidrabulosa, Galer\u00eda, Centro Morelense de las Artes, Cuernavaca Morelos.<br \/>\n2009 IV Bienal Nacional de Dibujo Sylvia Pawa, Embajada de Israel en M\u00e9xico, Distrito Federal.<br \/>\n2008 No te calientes Plancha, Museo La Casona John Spencer, Cuernavaca Morelos.<br \/>\nCual crisis reyna, Exposici\u00f3n colectiva sobre manifestaciones culturales marginales, Centro<br \/>\nMorelense de las Artes, Cuernavaca Morelos.<br \/>\n2007 No anunciar, &#8220;pintura ecl\u00e9ctica&#8221; Centro Morelense de las Artes, Cuernavaca Morelos.<br \/>\n2006 La presi\u00f3n insoportable, Galer\u00eda Centro Morelense de las Artes, Cuernavaca Morelos.<\/p>\n<p>Premios y Reconocimientos<br \/>\n2017 Selecci\u00f3n del Jurado III Bienal de Artes Visuales Canc\u00fan Quintana Roo.<br \/>\n2015 Selecci\u00f3n del Jurado II Bienal Internacional de grabado y estampa Jos\u00e9 Guadalupe Posada<br \/>\nPremio de adquisici\u00f3n XXXV Encuentro Nacional de Arte Joven<br \/>\nMenci\u00f3n honor\u00edfica I Bienal de los volcanes<br \/>\n2014 Selecci\u00f3n del Jurado IV Bienal Nacional de Artes Gr\u00e1ficas Shinzaburo Takeda<br \/>\n2013 Beneficiario del programa &#8220;J\u00f3venes Creadores&#8221; del Fondo Nacional para la Cultura y las Artes<br \/>\n(FONCA), en la modalidad de Gr\u00e1fica.<br \/>\n2011 Beneficiario del Programa de Est\u00edmulo a la Creaci\u00f3n y Desarrollo en Morelos PECDA, Instituto de Cultura de<br \/>\nMorelos.<br \/>\n2010 Selecci\u00f3n del Jurado II Concurso Nacional de Arte 40 sede Centro Nacional de las Artes CNA, Distrito<br \/>\nFederal.<br \/>\n2009 Beneficiario del programa &#8220;J\u00f3venes Creadores&#8221; del Fondo Nacional para la Cultura y las Artes<br \/>\n(FONCA), en la modalidad de Gr\u00e1fica.<br \/>\nSelecci\u00f3n del Jurado en IV Bienal Nacional de Dibujo Sylvia Pawa<br \/>\n[\/spoiler<\/p>\n<p>]\n","protected":false},"excerpt":{"rendered":"<p>&lt;&lt; Ant. | Artistas | Sig. &gt;&gt; P\u00c1VEL MORA (Cuernavaca, Mor. \/ 1985), Su trabajo se enfoca en el desarrollo de cartograf\u00edas como mecanismo de reflexi\u00f3n y especulaci\u00f3n del territorio f\u00edsico y metal que supone la creaci\u00f3n de mapas, con &hellip; <a class=\"kt-excerpt-readmore\" href=\"https:\/\/nmcontemporaneo.com\/es\/catalogo\/arte-emergente\/pavel-mora\/\" aria-label=\"P\u00e1vel Mora\">Read More<\/a><\/p>\n","protected":false},"author":6,"featured_media":11213,"parent":596,"menu_order":0,"comment_status":"closed","ping_status":"closed","template":"page-fullwidth.php","meta":{"kt_blocks_editor_width":"","footnotes":""},"class_list":["post-11220","page","type-page","status-publish","has-post-thumbnail","hentry"],"_links":{"self":[{"href":"https:\/\/nmcontemporaneo.com\/es\/wp-json\/wp\/v2\/pages\/11220","targetHints":{"allow":["GET"]}}],"collection":[{"href":"https:\/\/nmcontemporaneo.com\/es\/wp-json\/wp\/v2\/pages"}],"about":[{"href":"https:\/\/nmcontemporaneo.com\/es\/wp-json\/wp\/v2\/types\/page"}],"author":[{"embeddable":true,"href":"https:\/\/nmcontemporaneo.com\/es\/wp-json\/wp\/v2\/users\/6"}],"replies":[{"embeddable":true,"href":"https:\/\/nmcontemporaneo.com\/es\/wp-json\/wp\/v2\/comments?post=11220"}],"version-history":[{"count":2,"href":"https:\/\/nmcontemporaneo.com\/es\/wp-json\/wp\/v2\/pages\/11220\/revisions"}],"predecessor-version":[{"id":14246,"href":"https:\/\/nmcontemporaneo.com\/es\/wp-json\/wp\/v2\/pages\/11220\/revisions\/14246"}],"up":[{"embeddable":true,"href":"https:\/\/nmcontemporaneo.com\/es\/wp-json\/wp\/v2\/pages\/596"}],"wp:featuredmedia":[{"embeddable":true,"href":"https:\/\/nmcontemporaneo.com\/es\/wp-json\/wp\/v2\/media\/11213"}],"wp:attachment":[{"href":"https:\/\/nmcontemporaneo.com\/es\/wp-json\/wp\/v2\/media?parent=11220"}],"curies":[{"name":"wp","href":"https:\/\/api.w.org\/{rel}","templated":true}]}}