{"id":11341,"date":"2022-09-05T17:23:01","date_gmt":"2022-09-05T23:23:01","guid":{"rendered":"https:\/\/nmcontemporaneo.com\/?page_id=11341"},"modified":"2025-06-23T12:22:28","modified_gmt":"2025-06-23T18:22:28","slug":"daniel-lezama","status":"publish","type":"page","link":"https:\/\/nmcontemporaneo.com\/es\/catalogo\/pintura\/daniel-lezama\/","title":{"rendered":"Daniel Lezama"},"content":{"rendered":"<p style=\"text-align: center;\"><a href=\"..\/cisco-jimenez\/\">&lt;&lt; Ant<\/a> | <a href=\"\/catalogo\/todos-los-artistas\/\">Artistas<\/a> | <a href=\"..\/victor-hugo-perez\/\">Sig &gt;&gt;<\/a><\/p>\n<div id=\"kad-wp-gallery857\" class=\"kad-wp-gallery gallery kt-gallery-column-3 init-isotope-intrinsic reinit-isotope kad-light-wp-gallery clearfix rowtight\" data-fade-in=\"1\" data-iso-selector=\".g_item\" data-iso-style=\"masonry\" data-iso-filter=\"false\"><div class=\"tcol-lg-4 tcol-md-4 tcol-sm-4 tcol-xs-6 tcol-ss-12 g_item\"><div class=\"grid_item kt_item_fade_in kad_gallery_fade_in gallery_item\"><a href=\"https:\/\/nmcontemporaneo.com\/wp-content\/uploads\/2018\/08\/img90.jpg\" data-rel=\"lightbox\" class=\"lightboxhover\"><div class=\"kt-intrinsic\" style=\"padding-bottom:78.688524590164%;\"><div itemprop=\"image\" itemscope itemtype=\"https:\/\/schema.org\/ImageObject\"><img loading=\"lazy\" decoding=\"async\" width=\"366\" height=\"288\" src=\"https:\/\/nmcontemporaneo.com\/wp-content\/uploads\/2018\/08\/img90-366x288.jpg\" srcset=\"https:\/\/nmcontemporaneo.com\/wp-content\/uploads\/2018\/08\/img90-366x288.jpg 366w, https:\/\/nmcontemporaneo.com\/wp-content\/uploads\/2018\/08\/img90-300x236.jpg 300w, https:\/\/nmcontemporaneo.com\/wp-content\/uploads\/2018\/08\/img90-768x604.jpg 768w, https:\/\/nmcontemporaneo.com\/wp-content\/uploads\/2018\/08\/img90-1024x805.jpg 1024w, https:\/\/nmcontemporaneo.com\/wp-content\/uploads\/2018\/08\/img90-732x576.jpg 732w, https:\/\/nmcontemporaneo.com\/wp-content\/uploads\/2018\/08\/img90.jpg 1727w\" sizes=\"auto, (max-width: 366px) 100vw, 366px\" data-caption=\"Maqueta\/ 2017\/ O\u0301leo sobre tela\/ 240 x 320 cm\" class=\"light-dropshaddow\" itemprop=\"contentUrl\" alt=\"\"><meta itemprop=\"url\" content=\"https:\/\/nmcontemporaneo.com\/wp-content\/uploads\/2018\/08\/img90-366x288.jpg\"><meta itemprop=\"width\" content=\"366px\"><meta itemprop=\"height\" content=\"288px\"><\/div><\/div><div class=\"caption kad_caption\"><div class=\"kad_caption_inner\">Maqueta\/ 2017\/ O\u0301leo sobre tela\/ 240 x 320 cm<\/div><\/div><\/a><\/div><\/div><div class=\"tcol-lg-4 tcol-md-4 tcol-sm-4 tcol-xs-6 tcol-ss-12 g_item\"><div class=\"grid_item kt_item_fade_in kad_gallery_fade_in gallery_item\"><a href=\"https:\/\/nmcontemporaneo.com\/wp-content\/uploads\/2018\/08\/img94.jpg\" data-rel=\"lightbox\" class=\"lightboxhover\"><div class=\"kt-intrinsic\" style=\"padding-bottom:75.136612021858%;\"><div itemprop=\"image\" itemscope itemtype=\"https:\/\/schema.org\/ImageObject\"><img loading=\"lazy\" decoding=\"async\" width=\"366\" height=\"275\" src=\"https:\/\/nmcontemporaneo.com\/wp-content\/uploads\/2018\/08\/img94-366x275.jpg\" srcset=\"https:\/\/nmcontemporaneo.com\/wp-content\/uploads\/2018\/08\/img94-366x275.jpg 366w, https:\/\/nmcontemporaneo.com\/wp-content\/uploads\/2018\/08\/img94-300x225.jpg 300w, https:\/\/nmcontemporaneo.com\/wp-content\/uploads\/2018\/08\/img94-768x577.jpg 768w, https:\/\/nmcontemporaneo.com\/wp-content\/uploads\/2018\/08\/img94-1024x769.jpg 1024w, https:\/\/nmcontemporaneo.com\/wp-content\/uploads\/2018\/08\/img94-732x550.jpg 732w, https:\/\/nmcontemporaneo.com\/wp-content\/uploads\/2018\/08\/img94.jpg 1806w\" sizes=\"auto, (max-width: 366px) 100vw, 366px\" data-caption=\"Sesio\u0301n ofrenda\/ 2017\/ O\u0301leo sobre tela\/ 240 x 320 cm\" class=\"light-dropshaddow\" itemprop=\"contentUrl\" alt=\"\"><meta itemprop=\"url\" content=\"https:\/\/nmcontemporaneo.com\/wp-content\/uploads\/2018\/08\/img94-366x275.jpg\"><meta itemprop=\"width\" content=\"366px\"><meta itemprop=\"height\" content=\"275px\"><\/div><\/div><div class=\"caption kad_caption\"><div class=\"kad_caption_inner\">Sesio\u0301n ofrenda\/ 2017\/ O\u0301leo sobre tela\/ 240 x 320 cm<\/div><\/div><\/a><\/div><\/div><div class=\"tcol-lg-4 tcol-md-4 tcol-sm-4 tcol-xs-6 tcol-ss-12 g_item\"><div class=\"grid_item kt_item_fade_in kad_gallery_fade_in gallery_item\"><a href=\"https:\/\/nmcontemporaneo.com\/wp-content\/uploads\/2018\/08\/img98-1.jpg\" data-rel=\"lightbox\" class=\"lightboxhover\"><div class=\"kt-intrinsic\" style=\"padding-bottom:79.508196721311%;\"><div itemprop=\"image\" itemscope itemtype=\"https:\/\/schema.org\/ImageObject\"><img loading=\"lazy\" decoding=\"async\" width=\"366\" height=\"291\" src=\"https:\/\/nmcontemporaneo.com\/wp-content\/uploads\/2018\/08\/img98-1-366x291.jpg\" srcset=\"https:\/\/nmcontemporaneo.com\/wp-content\/uploads\/2018\/08\/img98-1-366x291.jpg 366w, https:\/\/nmcontemporaneo.com\/wp-content\/uploads\/2018\/08\/img98-1-300x238.jpg 300w, https:\/\/nmcontemporaneo.com\/wp-content\/uploads\/2018\/08\/img98-1-768x610.jpg 768w, https:\/\/nmcontemporaneo.com\/wp-content\/uploads\/2018\/08\/img98-1-1024x813.jpg 1024w, https:\/\/nmcontemporaneo.com\/wp-content\/uploads\/2018\/08\/img98-1-732x582.jpg 732w, https:\/\/nmcontemporaneo.com\/wp-content\/uploads\/2018\/08\/img98-1.jpg 1745w\" sizes=\"auto, (max-width: 366px) 100vw, 366px\" data-caption=\"Visor\/ 2017\/ O\u0301leo sobre tela\/ 240 x 320 cm\" class=\"light-dropshaddow\" itemprop=\"contentUrl\" alt=\"\"><meta itemprop=\"url\" content=\"https:\/\/nmcontemporaneo.com\/wp-content\/uploads\/2018\/08\/img98-1-366x291.jpg\"><meta itemprop=\"width\" content=\"366px\"><meta itemprop=\"height\" content=\"291px\"><\/div><\/div><div class=\"caption kad_caption\"><div class=\"kad_caption_inner\">Visor\/ 2017\/ O\u0301leo sobre tela\/ 240 x 320 cm<\/div><\/div><\/a><\/div><\/div><div class=\"tcol-lg-4 tcol-md-4 tcol-sm-4 tcol-xs-6 tcol-ss-12 g_item\"><div class=\"grid_item kt_item_fade_in kad_gallery_fade_in gallery_item\"><a href=\"https:\/\/nmcontemporaneo.com\/wp-content\/uploads\/2018\/08\/img92-1.jpg\" data-rel=\"lightbox\" class=\"lightboxhover\"><div class=\"kt-intrinsic\" style=\"padding-bottom:125.40983606557%;\"><div itemprop=\"image\" itemscope itemtype=\"https:\/\/schema.org\/ImageObject\"><img loading=\"lazy\" decoding=\"async\" width=\"366\" height=\"459\" src=\"https:\/\/nmcontemporaneo.com\/wp-content\/uploads\/2018\/08\/img92-1-366x459.jpg\" srcset=\"https:\/\/nmcontemporaneo.com\/wp-content\/uploads\/2018\/08\/img92-1-366x459.jpg 366w, https:\/\/nmcontemporaneo.com\/wp-content\/uploads\/2018\/08\/img92-1-239x300.jpg 239w, https:\/\/nmcontemporaneo.com\/wp-content\/uploads\/2018\/08\/img92-1-768x964.jpg 768w, https:\/\/nmcontemporaneo.com\/wp-content\/uploads\/2018\/08\/img92-1-816x1024.jpg 816w, https:\/\/nmcontemporaneo.com\/wp-content\/uploads\/2018\/08\/img92-1-732x918.jpg 732w, https:\/\/nmcontemporaneo.com\/wp-content\/uploads\/2018\/08\/img92-1.jpg 1352w\" sizes=\"auto, (max-width: 366px) 100vw, 366px\" data-caption=\"Ensamblaje\/ 2017\/ O\u0301leo sobre tela\/ 245 x 195 cm\" class=\"light-dropshaddow\" itemprop=\"contentUrl\" alt=\"\"><meta itemprop=\"url\" content=\"https:\/\/nmcontemporaneo.com\/wp-content\/uploads\/2018\/08\/img92-1-366x459.jpg\"><meta itemprop=\"width\" content=\"366px\"><meta itemprop=\"height\" content=\"459px\"><\/div><\/div><div class=\"caption kad_caption\"><div class=\"kad_caption_inner\">Ensamblaje\/ 2017\/ O\u0301leo sobre tela\/ 245 x 195 cm<\/div><\/div><\/a><\/div><\/div><div class=\"tcol-lg-4 tcol-md-4 tcol-sm-4 tcol-xs-6 tcol-ss-12 g_item\"><div class=\"grid_item kt_item_fade_in kad_gallery_fade_in gallery_item\"><a href=\"https:\/\/nmcontemporaneo.com\/wp-content\/uploads\/2018\/08\/img96.jpg\" data-rel=\"lightbox\" class=\"lightboxhover\"><div class=\"kt-intrinsic\" style=\"padding-bottom:126.50273224044%;\"><div itemprop=\"image\" itemscope itemtype=\"https:\/\/schema.org\/ImageObject\"><img loading=\"lazy\" decoding=\"async\" width=\"366\" height=\"463\" src=\"https:\/\/nmcontemporaneo.com\/wp-content\/uploads\/2018\/08\/img96-366x463.jpg\" srcset=\"https:\/\/nmcontemporaneo.com\/wp-content\/uploads\/2018\/08\/img96-366x463.jpg 366w, https:\/\/nmcontemporaneo.com\/wp-content\/uploads\/2018\/08\/img96-237x300.jpg 237w, https:\/\/nmcontemporaneo.com\/wp-content\/uploads\/2018\/08\/img96-768x972.jpg 768w, https:\/\/nmcontemporaneo.com\/wp-content\/uploads\/2018\/08\/img96-809x1024.jpg 809w, https:\/\/nmcontemporaneo.com\/wp-content\/uploads\/2018\/08\/img96-732x926.jpg 732w, https:\/\/nmcontemporaneo.com\/wp-content\/uploads\/2018\/08\/img96.jpg 1350w\" sizes=\"auto, (max-width: 366px) 100vw, 366px\" data-caption=\"Hogar\/ 2017\/ O\u0301leo sobre tela\/ 245 x 195 cm\" class=\"light-dropshaddow\" itemprop=\"contentUrl\" alt=\"\"><meta itemprop=\"url\" content=\"https:\/\/nmcontemporaneo.com\/wp-content\/uploads\/2018\/08\/img96-366x463.jpg\"><meta itemprop=\"width\" content=\"366px\"><meta itemprop=\"height\" content=\"463px\"><\/div><\/div><div class=\"caption kad_caption\"><div class=\"kad_caption_inner\">Hogar\/ 2017\/ O\u0301leo sobre tela\/ 245 x 195 cm<\/div><\/div><\/a><\/div><\/div><div class=\"tcol-lg-4 tcol-md-4 tcol-sm-4 tcol-xs-6 tcol-ss-12 g_item\"><div class=\"grid_item kt_item_fade_in kad_gallery_fade_in gallery_item\"><a href=\"https:\/\/nmcontemporaneo.com\/wp-content\/uploads\/2018\/08\/img102.jpg\" data-rel=\"lightbox\" class=\"lightboxhover\"><div class=\"kt-intrinsic\" style=\"padding-bottom:75.409836065574%;\"><div itemprop=\"image\" itemscope itemtype=\"https:\/\/schema.org\/ImageObject\"><img loading=\"lazy\" decoding=\"async\" width=\"366\" height=\"276\" src=\"https:\/\/nmcontemporaneo.com\/wp-content\/uploads\/2018\/08\/img102-366x276.jpg\" srcset=\"https:\/\/nmcontemporaneo.com\/wp-content\/uploads\/2018\/08\/img102-366x276.jpg 366w, https:\/\/nmcontemporaneo.com\/wp-content\/uploads\/2018\/08\/img102-300x226.jpg 300w, https:\/\/nmcontemporaneo.com\/wp-content\/uploads\/2018\/08\/img102-768x578.jpg 768w, https:\/\/nmcontemporaneo.com\/wp-content\/uploads\/2018\/08\/img102-1024x771.jpg 1024w, https:\/\/nmcontemporaneo.com\/wp-content\/uploads\/2018\/08\/img102-732x552.jpg 732w, https:\/\/nmcontemporaneo.com\/wp-content\/uploads\/2018\/08\/img102.jpg 1756w\" sizes=\"auto, (max-width: 366px) 100vw, 366px\" data-caption=\"Sesio\u0301n re\u0301plica\/ 2017\/ O\u0301leo sobre tela\/ 240 x 320 cm\" class=\"light-dropshaddow\" itemprop=\"contentUrl\" alt=\"\"><meta itemprop=\"url\" content=\"https:\/\/nmcontemporaneo.com\/wp-content\/uploads\/2018\/08\/img102-366x276.jpg\"><meta itemprop=\"width\" content=\"366px\"><meta itemprop=\"height\" content=\"276px\"><\/div><\/div><div class=\"caption kad_caption\"><div class=\"kad_caption_inner\">Sesio\u0301n re\u0301plica\/ 2017\/ O\u0301leo sobre tela\/ 240 x 320 cm<\/div><\/div><\/a><\/div><\/div><div class=\"tcol-lg-4 tcol-md-4 tcol-sm-4 tcol-xs-6 tcol-ss-12 g_item\"><div class=\"grid_item kt_item_fade_in kad_gallery_fade_in gallery_item\"><a href=\"https:\/\/nmcontemporaneo.com\/wp-content\/uploads\/2018\/08\/img104.jpg\" data-rel=\"lightbox\" class=\"lightboxhover\"><div class=\"kt-intrinsic\" style=\"padding-bottom:68.852459016393%;\"><div itemprop=\"image\" itemscope itemtype=\"https:\/\/schema.org\/ImageObject\"><img loading=\"lazy\" decoding=\"async\" width=\"366\" height=\"252\" src=\"https:\/\/nmcontemporaneo.com\/wp-content\/uploads\/2018\/08\/img104-366x252.jpg\" srcset=\"https:\/\/nmcontemporaneo.com\/wp-content\/uploads\/2018\/08\/img104-366x252.jpg 366w, https:\/\/nmcontemporaneo.com\/wp-content\/uploads\/2018\/08\/img104-300x206.jpg 300w, https:\/\/nmcontemporaneo.com\/wp-content\/uploads\/2018\/08\/img104-768x528.jpg 768w, https:\/\/nmcontemporaneo.com\/wp-content\/uploads\/2018\/08\/img104-1024x704.jpg 1024w, https:\/\/nmcontemporaneo.com\/wp-content\/uploads\/2018\/08\/img104-732x504.jpg 732w, https:\/\/nmcontemporaneo.com\/wp-content\/uploads\/2018\/08\/img104.jpg 1350w\" sizes=\"auto, (max-width: 366px) 100vw, 366px\" data-caption=\"Crisol\/ 2018\/ O\u0301leo sobre tela\/ 320 x 480 cm\" class=\"light-dropshaddow\" itemprop=\"contentUrl\" alt=\"\"><meta itemprop=\"url\" content=\"https:\/\/nmcontemporaneo.com\/wp-content\/uploads\/2018\/08\/img104-366x252.jpg\"><meta itemprop=\"width\" content=\"366px\"><meta itemprop=\"height\" content=\"252px\"><\/div><\/div><div class=\"caption kad_caption\"><div class=\"kad_caption_inner\">Crisol\/ 2018\/ O\u0301leo sobre tela\/ 320 x 480 cm<\/div><\/div><\/a><\/div><\/div><div class=\"tcol-lg-4 tcol-md-4 tcol-sm-4 tcol-xs-6 tcol-ss-12 g_item\"><div class=\"grid_item kt_item_fade_in kad_gallery_fade_in gallery_item\"><a href=\"https:\/\/nmcontemporaneo.com\/wp-content\/uploads\/2018\/08\/img100-1.jpg\" data-rel=\"lightbox\" class=\"lightboxhover\"><div class=\"kt-intrinsic\" style=\"padding-bottom:126.50273224044%;\"><div itemprop=\"image\" itemscope itemtype=\"https:\/\/schema.org\/ImageObject\"><img loading=\"lazy\" decoding=\"async\" width=\"366\" height=\"463\" src=\"https:\/\/nmcontemporaneo.com\/wp-content\/uploads\/2018\/08\/img100-1-366x463.jpg\" srcset=\"https:\/\/nmcontemporaneo.com\/wp-content\/uploads\/2018\/08\/img100-1-366x463.jpg 366w, https:\/\/nmcontemporaneo.com\/wp-content\/uploads\/2018\/08\/img100-1-237x300.jpg 237w, https:\/\/nmcontemporaneo.com\/wp-content\/uploads\/2018\/08\/img100-1-768x971.jpg 768w, https:\/\/nmcontemporaneo.com\/wp-content\/uploads\/2018\/08\/img100-1-810x1024.jpg 810w, https:\/\/nmcontemporaneo.com\/wp-content\/uploads\/2018\/08\/img100-1-732x926.jpg 732w, https:\/\/nmcontemporaneo.com\/wp-content\/uploads\/2018\/08\/img100-1.jpg 1331w\" sizes=\"auto, (max-width: 366px) 100vw, 366px\" data-caption=\"Vivero\/ 2017\/ O\u0301leo sobre tela\/ 245 x 195 cm\" class=\"light-dropshaddow\" itemprop=\"contentUrl\" alt=\"\"><meta itemprop=\"url\" content=\"https:\/\/nmcontemporaneo.com\/wp-content\/uploads\/2018\/08\/img100-1-366x463.jpg\"><meta itemprop=\"width\" content=\"366px\"><meta itemprop=\"height\" content=\"463px\"><\/div><\/div><div class=\"caption kad_caption\"><div class=\"kad_caption_inner\">Vivero\/ 2017\/ O\u0301leo sobre tela\/ 245 x 195 cm<\/div><\/div><\/a><\/div><\/div><\/div>\n<div class=\"column\">\n<p>Daniel Lezama (Ciudad de Me\u0301xico, 1968). Es egresado de la Escuela Nacional de Artes Pla\u0301sticas (Facultad de Artes y Disen\u0303o) de la UNAM. En 2001 gana el Premio de Adquisicio\u0301n de la X Bienal Tamayo. Ha sido acreedor a apoyos del FONCA y del CONACULTA en mu\u0301ltiples ocasiones, y actualmente ostenta la beca del SNCA por tercera ocasio\u0301n. En 2008 expone la retrospectiva La Madre Pro\u0301diga, en el Museo de la Ciudad de Me\u0301xico, con motivo de la cual se publica una monografi\u0301a a gran escala de su trabajo en Hilario Galguera Ediciones. En 2011 presenta Cartas de Viaje, en la Galeri\u0301a Hilario Galguera, acompan\u0303ado de la publicacio\u0301n del libro Travelers, Editorial Jovis Art, Alemania. A la fecha ha participado en ma\u0301s de un centenar de exhibiciones, entre individuales y colectivas, de las que destacan: Grandes Maestros del Siglo XX, en el Museo MARCO, la 2nda Bienal de Beijing; El Mito de Dos Volcanes, en el Palacio de Bellas Artes, Imperium, en el Spinnerei de Leipzig, Alemania; Ima\u0301genes de la Patria, en el MUNAL y el MUNE; Alimentado el planeta\/ Energi\u0301a para la vida, en el Pabello\u0301n de Me\u0301xico en EXPO Mila\u0301n 2015; y la X Bienal de Mercosul.Su obra forma parte de numerosas colecciones pu\u0301blicas y privadas en Me\u0301xico y el extranjero, entre las que destacan: el acervo MAM del INBA, La Murderme Collection en Londres, El Museo del Barrio en Nueva York, el Dallas Museum of Art, y la Essl Sammlung. Asimismo, ha incursionado en el medio art\u00edstico mexicano como l\u00edder de opini\u00f3n, jurado, curador y tutor de j\u00f3venes generaciones de artistas pl\u00e1sticos.<\/p>\n<\/div>\n\n<div class=\"sp-wrap sp-wrap-default\">\n<div class=\"sp-head\" title=\"Expandir\">\nCurriculum Vitae\n<\/div>\n<div class=\"sp-body folded\">\n<p><strong>Daniel Lezama\u00a0<\/strong><\/p>\n<div class=\"page\" title=\"Page 19\">\n<div class=\"section\">\n<div class=\"layoutArea\">\n<div class=\"column\">\n<p><strong>EXPOSICIONES INDIVIDUALES (SELECCIO\u0301N)<\/strong><\/p>\n<p>2016<\/p>\n<p>Monitor, Caja Real, San Luis Potos\u00ed.<\/p>\n<p>Peregrinaciones, Gacx, Xalapa.<\/p>\n<p>Dispositivos, Fundaci\u00f3n de Artistas, M\u00e9rida.<\/p>\n<p>2015<\/p>\n<p>Monotipos, Galer\u00eda Hilario Galguera, Ciudad de M\u00e9xico.<\/p>\n<p>2014<\/p>\n<p>Tamoanchan, Galer\u00eda Hilario Galguera, Ciudad de M\u00e9xico.<\/p>\n<p>2011<\/p>\n<p>Cartas de viaje, Galer\u00eda Hilario Galguera, Ciudad de M\u00e9xico.<\/p>\n<p>2008<\/p>\n<p>La madre pr\u00f3diga, Museo de la Ciudad, Ciudad de M\u00e9xico y MAZ, Zapopan.<\/p>\n<p>2006<\/p>\n<p>La gran noche mexicana, Galeria OMR, Ciudad de M\u00e9xico.<\/p>\n<p>Teatro nacional, Galer\u00eda Jesus Drexel, Monterrey.<\/p>\n<p>2003<\/p>\n<p>D\u00edas de guardar, Casa Clavijero, Guadalajara.<\/p>\n<p>2002<\/p>\n<p>Sainetes, Roebling Hall Gallery, Nueva York.<\/p>\n<p>Una visita al valle, Galer\u00eda OMR, Ciudad de M\u00e9xico.<\/p>\n<p>La clase de historia, Galer\u00eda Jes\u00fas Drexel, Monterrey.<\/p>\n<p>2001<\/p>\n<p>Historias compartidas, Museo de Arte Moderno, Cd. Ju\u00e1rez (itinerante).<\/p>\n<p>2000<\/p>\n<p>El nacimiento del amor, Museo de la Ciudad de Quer\u00e9taro (itinerante).<\/p>\n<p>Obra reciente, Galer\u00eda Nina Menocal, Ciudad de M\u00e9xico.<\/p>\n<\/div>\n<\/div>\n<div class=\"layoutArea\">\n<div class=\"column\">\n<p>&nbsp;<\/p>\n<p><strong>EXPOSICIONES COLECTIVAS (SELECCIO\u0301N)<\/strong><\/p>\n<p>2015<\/p>\n<p>X Bienal Mercosul, Porto Alegre, Brasil.<\/p>\n<p>Pabell\u00f3n M\u00e9xico, Exposici\u00f3n Universal de Mil\u00e1n, Italia.<\/p>\n<p>2014<\/p>\n<p>\u201cFrancesco Clemente, George Condo, Chuck Connally, Julio Galan, Daniel Lezama \u2013 in the Pellizzi family \u00a0 collections\u201d, MANA Contemporary, New Jersey, E.U. (itinerante)<\/p>\n<p>Messico Circa 2000 Scuderie del Castello de Miramare, Trieste, Italia.<\/p>\n<p>2013<\/p>\n<p>Pulso Alterado. Intensidades en la Colecci\u00f3n del MUAC y sus Colecciones Asociadas, MUAC, Ciudad de \u00a0 M\u00e9xico.<\/p>\n<p>Fronteritat: Migraci\u00f3n, Territorios y Nomadismo Art\u00edstico. Universidad Polit\u00e9cnica de Valencia, Valencia, Espa\u00f1a.<\/p>\n<p>2012<\/p>\n<p>Positions, Eigen+Art, Leipzig, Alemania.<\/p>\n<p>Autorretratos, Centro Nacional de las Artes, Ciudad de M\u00e9xico.<\/p>\n<p>2011<\/p>\n<p>Dial\u00e9cticas del paisaje urbano, Museo Mural Diego Rivera, Ciudad de M\u00e9xico.<\/p>\n<p>2010<\/p>\n<p>Im\u00e1genes de la patria, MUNAL, Ciudad de M\u00e9xico y MUNE, Monterrey.<\/p>\n<p>Carne, Museo del Ex Arzobispado SHCP, Ciudad de M\u00e9xico.<\/p>\n<p>Libertad, Museo del Ex Arzobispado SHCP, Ciudad de M\u00e9xico.<\/p>\n<p>2009<\/p>\n<p>Imperium, Spinnerei, Leipzig, Alemania.<\/p>\n<p>2008<\/p>\n<p>La llegada de los b\u00e1rbaros, Galer\u00eda Hilario Galguera, Leipzig.<\/p>\n<p>Like a Dog Coming Out of a Reservoir, Galer\u00eda Charro Negro, Guadalajara.<\/p>\n<p>2005<\/p>\n<p>II Bienal de Beijing, Beijing, China.<\/p>\n<div class=\"spdiv\">[plegar]<\/div>\n<\/div>\n<\/div>\n\n<\/div>\n<\/div>\n<\/div>\n<\/div>\n","protected":false},"excerpt":{"rendered":"<p>&lt;&lt; Ant | Artistas | Sig &gt;&gt; Daniel Lezama (Ciudad de Me\u0301xico, 1968). Es egresado de la Escuela Nacional de Artes Pla\u0301sticas (Facultad de Artes y Disen\u0303o) de la UNAM. En 2001 gana el Premio de Adquisicio\u0301n de la X &hellip; <a class=\"kt-excerpt-readmore\" href=\"https:\/\/nmcontemporaneo.com\/es\/catalogo\/pintura\/daniel-lezama\/\" aria-label=\"Daniel Lezama\">Read More<\/a><\/p>\n","protected":false},"author":6,"featured_media":0,"parent":590,"menu_order":0,"comment_status":"closed","ping_status":"closed","template":"page-fullwidth.php","meta":{"kt_blocks_editor_width":"","footnotes":""},"class_list":["post-11341","page","type-page","status-publish","hentry"],"_links":{"self":[{"href":"https:\/\/nmcontemporaneo.com\/es\/wp-json\/wp\/v2\/pages\/11341","targetHints":{"allow":["GET"]}}],"collection":[{"href":"https:\/\/nmcontemporaneo.com\/es\/wp-json\/wp\/v2\/pages"}],"about":[{"href":"https:\/\/nmcontemporaneo.com\/es\/wp-json\/wp\/v2\/types\/page"}],"author":[{"embeddable":true,"href":"https:\/\/nmcontemporaneo.com\/es\/wp-json\/wp\/v2\/users\/6"}],"replies":[{"embeddable":true,"href":"https:\/\/nmcontemporaneo.com\/es\/wp-json\/wp\/v2\/comments?post=11341"}],"version-history":[{"count":2,"href":"https:\/\/nmcontemporaneo.com\/es\/wp-json\/wp\/v2\/pages\/11341\/revisions"}],"predecessor-version":[{"id":14291,"href":"https:\/\/nmcontemporaneo.com\/es\/wp-json\/wp\/v2\/pages\/11341\/revisions\/14291"}],"up":[{"embeddable":true,"href":"https:\/\/nmcontemporaneo.com\/es\/wp-json\/wp\/v2\/pages\/590"}],"wp:attachment":[{"href":"https:\/\/nmcontemporaneo.com\/es\/wp-json\/wp\/v2\/media?parent=11341"}],"curies":[{"name":"wp","href":"https:\/\/api.w.org\/{rel}","templated":true}]}}