{"id":11599,"date":"2022-09-03T09:21:12","date_gmt":"2022-09-03T15:21:12","guid":{"rendered":"https:\/\/nmcontemporaneo.com\/?page_id=11599"},"modified":"2025-06-20T21:27:07","modified_gmt":"2025-06-21T03:27:07","slug":"g-t-pellizzi","status":"publish","type":"page","link":"https:\/\/nmcontemporaneo.com\/es\/catalogo\/arte-emergente\/g-t-pellizzi\/","title":{"rendered":"G.T. Pellizzi"},"content":{"rendered":"<p style=\"text-align: center;\"><a href=\"..\/marela-zacarias\/\">&lt;&lt; Ant.<\/a> | <a href=\"\/catalogo\/todos-los-artistas\/\">Artistas<\/a> | <a href=\"..\/bruno-smith\/\">Sig. &gt;&gt;<\/a><\/p>\n<div id=\"kad-wp-gallery168\" class=\"kad-wp-gallery gallery kt-gallery-column-2 init-isotope-intrinsic reinit-isotope kad-light-wp-gallery clearfix rowtight\" data-fade-in=\"1\" data-iso-selector=\".g_item\" data-iso-style=\"masonry\" data-iso-filter=\"false\"><div class=\"tcol-lg-6 tcol-md-6 tcol-sm-6 tcol-xs-12 tcol-ss-12 g_item\"><div class=\"grid_item kt_item_fade_in kad_gallery_fade_in gallery_item\"><a href=\"https:\/\/nmcontemporaneo.com\/wp-content\/uploads\/2018\/12\/Copia-de-NM.pellizzi01.jpg\" data-rel=\"lightbox\" class=\"lightboxhover\"><div class=\"kt-intrinsic\" style=\"padding-bottom:80.103359173127%;\"><div itemprop=\"image\" itemscope itemtype=\"https:\/\/schema.org\/ImageObject\"><img loading=\"lazy\" decoding=\"async\" width=\"387\" height=\"310\" src=\"https:\/\/nmcontemporaneo.com\/wp-content\/uploads\/2018\/12\/Copia-de-NM.pellizzi01.jpg\" srcset=\"https:\/\/nmcontemporaneo.com\/wp-content\/uploads\/2018\/12\/Copia-de-NM.pellizzi01.jpg 387w, https:\/\/nmcontemporaneo.com\/wp-content\/uploads\/2018\/12\/Copia-de-NM.pellizzi01-300x240.jpg 300w, https:\/\/nmcontemporaneo.com\/wp-content\/uploads\/2018\/12\/Copia-de-NM.pellizzi01-366x293.jpg 366w\" sizes=\"auto, (max-width: 387px) 100vw, 387px\" data-caption=\"Frequency Hopping in Sky, Baby and Dark Blue, Eggshell Acrylic on plywood, 76 x 84 cm\" class=\"light-dropshaddow\" itemprop=\"contentUrl\" alt=\"\"><meta itemprop=\"url\" content=\"https:\/\/nmcontemporaneo.com\/wp-content\/uploads\/2018\/12\/Copia-de-NM.pellizzi01.jpg\"><meta itemprop=\"width\" content=\"387px\"><meta itemprop=\"height\" content=\"310px\"><\/div><\/div><div class=\"caption kad_caption\"><div class=\"kad_caption_inner\">Frequency Hopping in Sky, Baby and Dark Blue, Eggshell Acrylic on plywood, 76 x 84 cm<\/div><\/div><\/a><\/div><\/div><div class=\"tcol-lg-6 tcol-md-6 tcol-sm-6 tcol-xs-12 tcol-ss-12 g_item\"><div class=\"grid_item kt_item_fade_in kad_gallery_fade_in gallery_item\"><a href=\"https:\/\/nmcontemporaneo.com\/wp-content\/uploads\/2018\/12\/Copia-de-NM.pellizzi03.jpg\" data-rel=\"lightbox\" class=\"lightboxhover\"><div class=\"kt-intrinsic\" style=\"padding-bottom:86.516853932584%;\"><div itemprop=\"image\" itemscope itemtype=\"https:\/\/schema.org\/ImageObject\"><img loading=\"lazy\" decoding=\"async\" width=\"356\" height=\"308\" src=\"https:\/\/nmcontemporaneo.com\/wp-content\/uploads\/2018\/12\/Copia-de-NM.pellizzi03.jpg\" srcset=\"https:\/\/nmcontemporaneo.com\/wp-content\/uploads\/2018\/12\/Copia-de-NM.pellizzi03.jpg 356w, https:\/\/nmcontemporaneo.com\/wp-content\/uploads\/2018\/12\/Copia-de-NM.pellizzi03-300x260.jpg 300w\" sizes=\"auto, (max-width: 356px) 100vw, 356px\" data-caption=\"Frequency Hopping in Red Yellow and Blue, Eggshell Acrylic on plywood , 81 x 76 cm\" class=\"light-dropshaddow\" itemprop=\"contentUrl\" alt=\"\"><meta itemprop=\"url\" content=\"https:\/\/nmcontemporaneo.com\/wp-content\/uploads\/2018\/12\/Copia-de-NM.pellizzi03.jpg\"><meta itemprop=\"width\" content=\"356px\"><meta itemprop=\"height\" content=\"308px\"><\/div><\/div><div class=\"caption kad_caption\"><div class=\"kad_caption_inner\">Frequency Hopping in Red Yellow and Blue, Eggshell Acrylic on plywood , 81 x 76 cm<\/div><\/div><\/a><\/div><\/div><div class=\"tcol-lg-6 tcol-md-6 tcol-sm-6 tcol-xs-12 tcol-ss-12 g_item\"><div class=\"grid_item kt_item_fade_in kad_gallery_fade_in gallery_item\"><a href=\"https:\/\/nmcontemporaneo.com\/wp-content\/uploads\/2018\/12\/Copia-de-lilac.jpg\" data-rel=\"lightbox\" class=\"lightboxhover\"><div class=\"kt-intrinsic\" style=\"padding-bottom:196.57142857143%;\"><div itemprop=\"image\" itemscope itemtype=\"https:\/\/schema.org\/ImageObject\"><img loading=\"lazy\" decoding=\"async\" width=\"350\" height=\"688\" src=\"https:\/\/nmcontemporaneo.com\/wp-content\/uploads\/2018\/12\/Copia-de-lilac.jpg\" srcset=\"https:\/\/nmcontemporaneo.com\/wp-content\/uploads\/2018\/12\/Copia-de-lilac.jpg 350w, https:\/\/nmcontemporaneo.com\/wp-content\/uploads\/2018\/12\/Copia-de-lilac-153x300.jpg 153w\" sizes=\"auto, (max-width: 350px) 100vw, 350px\" data-caption=\"Frequency Hopping in lilac, red, azure, black, and blue, Eggshell Acrylic on plywood, 125 x 41 cm\" class=\"light-dropshaddow\" itemprop=\"contentUrl\" alt=\"\"><meta itemprop=\"url\" content=\"https:\/\/nmcontemporaneo.com\/wp-content\/uploads\/2018\/12\/Copia-de-lilac.jpg\"><meta itemprop=\"width\" content=\"350px\"><meta itemprop=\"height\" content=\"688px\"><\/div><\/div><div class=\"caption kad_caption\"><div class=\"kad_caption_inner\">Frequency Hopping in lilac, red, azure, black, and blue, Eggshell Acrylic on plywood, 125 x 41 cm<\/div><\/div><\/a><\/div><\/div><div class=\"tcol-lg-6 tcol-md-6 tcol-sm-6 tcol-xs-12 tcol-ss-12 g_item\"><div class=\"grid_item kt_item_fade_in kad_gallery_fade_in gallery_item\"><a href=\"https:\/\/nmcontemporaneo.com\/wp-content\/uploads\/2021\/03\/escultura1.2-1.png\" data-rel=\"lightbox\" class=\"lightboxhover\"><div class=\"kt-intrinsic\" style=\"padding-bottom:133.16326530612%;\"><div itemprop=\"image\" itemscope itemtype=\"https:\/\/schema.org\/ImageObject\"><img loading=\"lazy\" decoding=\"async\" width=\"392\" height=\"522\" src=\"https:\/\/nmcontemporaneo.com\/wp-content\/uploads\/2021\/03\/escultura1.2-1.png\" srcset=\"https:\/\/nmcontemporaneo.com\/wp-content\/uploads\/2021\/03\/escultura1.2-1.png 392w, https:\/\/nmcontemporaneo.com\/wp-content\/uploads\/2021\/03\/escultura1.2-1-225x300.png 225w\" sizes=\"auto, (max-width: 392px) 100vw, 392px\" data-caption=\"Sin t\u00edtulo, aluminio y  esmalte, 170 x 45 x 55 cm, 2020 \" class=\"light-dropshaddow\" itemprop=\"contentUrl\" alt=\"\"><meta itemprop=\"url\" content=\"https:\/\/nmcontemporaneo.com\/wp-content\/uploads\/2021\/03\/escultura1.2-1.png\"><meta itemprop=\"width\" content=\"392px\"><meta itemprop=\"height\" content=\"522px\"><\/div><\/div><div class=\"caption kad_caption\"><div class=\"kad_caption_inner\">Sin t\u00edtulo, aluminio y  esmalte, 170 x 45 x 55 cm, 2020 <\/div><\/div><\/a><\/div><\/div><\/div>\n<div class=\"page\" title=\"Page 1\">\n<div class=\"layoutArea\">\n<div class=\"column\">\n<p><strong>Giandomenico Tonatiuh Pellizzi, (Tlayacapan, Mexico, 1978)<\/strong><\/p>\n<\/div>\n<\/div>\n<\/div>\n<p>Mejor conocido como G.T. Pellizzi, su formaci\u00f3n en arquitectura estableci\u00f3 l\u00edneas rectas en la construcci\u00f3n de edificios en su obra, sus referencias de las exploraciones art\u00edsticas de los constructos sociales comparan las proyecciones y predicciones del futuro hechas dentro del sistema financiero con las mismas en los mitos, la astrolog\u00eda y el griego antiguo I Ching, todos los sistemas complejos construidos para dar sentido a la realidad. Los lienzos y l\u00edneas monocrom\u00e1ticas crean los conceptos en juego detr\u00e1s de la fachada a veces m\u00ednima de las piezas en exhibici\u00f3n. Los temas de gentrificaci\u00f3n y transformaci\u00f3n de la ciudad vienen a la mente.<br \/>\nPellizzi asisti\u00f3 a St. Johns College, Santa Fe, Nuevo M\u00e9xico, estudiando literatura y filosof\u00eda antes de ir a la Escuela de Arquitectura de Channin en Cooper Union, Nueva York. Pellizzi co-fund\u00f3 y particip\u00f3 en colectivos de arte como, The Bruce High Quality Foundation, con quien expuso en el Whitney Museum of Art y MoMA PS1 en Nueva York, Centre Pompidou en Par\u00eds y PAC Murcia, entre otros. Actualmente vive y trabaja entre la ciudad de Nueva York y M\u00e9xico.<\/p>\n","protected":false},"excerpt":{"rendered":"<p>&lt;&lt; Ant. | Artistas | Sig. &gt;&gt; Giandomenico Tonatiuh Pellizzi, (Tlayacapan, Mexico, 1978) Mejor conocido como G.T. Pellizzi, su formaci\u00f3n en arquitectura estableci\u00f3 l\u00edneas rectas en la construcci\u00f3n de edificios en su obra, sus referencias de las exploraciones art\u00edsticas de &hellip; <a class=\"kt-excerpt-readmore\" href=\"https:\/\/nmcontemporaneo.com\/es\/catalogo\/arte-emergente\/g-t-pellizzi\/\" aria-label=\"G.T. Pellizzi\">Read More<\/a><\/p>\n","protected":false},"author":6,"featured_media":0,"parent":596,"menu_order":0,"comment_status":"closed","ping_status":"closed","template":"page-fullwidth.php","meta":{"kt_blocks_editor_width":"","footnotes":""},"class_list":["post-11599","page","type-page","status-publish","hentry"],"_links":{"self":[{"href":"https:\/\/nmcontemporaneo.com\/es\/wp-json\/wp\/v2\/pages\/11599","targetHints":{"allow":["GET"]}}],"collection":[{"href":"https:\/\/nmcontemporaneo.com\/es\/wp-json\/wp\/v2\/pages"}],"about":[{"href":"https:\/\/nmcontemporaneo.com\/es\/wp-json\/wp\/v2\/types\/page"}],"author":[{"embeddable":true,"href":"https:\/\/nmcontemporaneo.com\/es\/wp-json\/wp\/v2\/users\/6"}],"replies":[{"embeddable":true,"href":"https:\/\/nmcontemporaneo.com\/es\/wp-json\/wp\/v2\/comments?post=11599"}],"version-history":[{"count":2,"href":"https:\/\/nmcontemporaneo.com\/es\/wp-json\/wp\/v2\/pages\/11599\/revisions"}],"predecessor-version":[{"id":14244,"href":"https:\/\/nmcontemporaneo.com\/es\/wp-json\/wp\/v2\/pages\/11599\/revisions\/14244"}],"up":[{"embeddable":true,"href":"https:\/\/nmcontemporaneo.com\/es\/wp-json\/wp\/v2\/pages\/596"}],"wp:attachment":[{"href":"https:\/\/nmcontemporaneo.com\/es\/wp-json\/wp\/v2\/media?parent=11599"}],"curies":[{"name":"wp","href":"https:\/\/api.w.org\/{rel}","templated":true}]}}