{"id":11638,"date":"2022-08-03T10:35:58","date_gmt":"2022-08-03T16:35:58","guid":{"rendered":"https:\/\/nmcontemporaneo.com\/?page_id=11638"},"modified":"2025-06-21T01:42:04","modified_gmt":"2025-06-21T07:42:04","slug":"victor-hugo-perez","status":"publish","type":"page","link":"https:\/\/nmcontemporaneo.com\/es\/catalogo\/pintura\/victor-hugo-perez\/","title":{"rendered":"V\u00edctor Hugo P\u00e9rez"},"content":{"rendered":"<p style=\"text-align: center;\"><a href=\"..\/daniel-lezama\/\">&lt;&lt; Ant<\/a> | <a href=\"\/catalogo\/todos-los-artistas\/\">Artistas<\/a> | <a href=\"..\/nora-adame-alejandro-osorio\/\">Sig &gt;&gt;<\/a><\/p>\n<div id=\"kad-wp-gallery117\" class=\"kad-wp-gallery gallery kt-gallery-column-3 init-isotope-intrinsic reinit-isotope kad-light-wp-gallery clearfix rowtight\" data-fade-in=\"1\" data-iso-selector=\".g_item\" data-iso-style=\"masonry\" data-iso-filter=\"false\"><div class=\"tcol-lg-4 tcol-md-4 tcol-sm-4 tcol-xs-6 tcol-ss-12 g_item\"><div class=\"grid_item kt_item_fade_in kad_gallery_fade_in gallery_item\"><a href=\"https:\/\/nmcontemporaneo.com\/wp-content\/uploads\/2018\/12\/la-muerte-te-quita...jpg\" data-rel=\"lightbox\" class=\"lightboxhover\"><div class=\"kt-intrinsic\" style=\"padding-bottom:56.010928961749%;\"><div itemprop=\"image\" itemscope itemtype=\"https:\/\/schema.org\/ImageObject\"><img loading=\"lazy\" decoding=\"async\" width=\"366\" height=\"205\" src=\"https:\/\/nmcontemporaneo.com\/wp-content\/uploads\/2018\/12\/la-muerte-te-quita..-366x205.jpg\" srcset=\"https:\/\/nmcontemporaneo.com\/wp-content\/uploads\/2018\/12\/la-muerte-te-quita..-366x205.jpg 366w, https:\/\/nmcontemporaneo.com\/wp-content\/uploads\/2018\/12\/la-muerte-te-quita..-300x168.jpg 300w, https:\/\/nmcontemporaneo.com\/wp-content\/uploads\/2018\/12\/la-muerte-te-quita...jpg 622w\" sizes=\"auto, (max-width: 366px) 100vw, 366px\" data-caption=\"LA MUERTE TE QUITA EL DOLOR, PERO NO DISTINGUE A LA BELLEZA, 2015, Mixta sobre papel, 70 x 125 cm\" class=\"light-dropshaddow\" itemprop=\"contentUrl\" alt=\"\"><meta itemprop=\"url\" content=\"https:\/\/nmcontemporaneo.com\/wp-content\/uploads\/2018\/12\/la-muerte-te-quita..-366x205.jpg\"><meta itemprop=\"width\" content=\"366px\"><meta itemprop=\"height\" content=\"205px\"><\/div><\/div><div class=\"caption kad_caption\"><div class=\"kad_caption_inner\">LA MUERTE TE QUITA EL DOLOR, PERO NO DISTINGUE A LA BELLEZA, 2015, Mixta sobre papel, 70 x 125 cm<\/div><\/div><\/a><\/div><\/div><div class=\"tcol-lg-4 tcol-md-4 tcol-sm-4 tcol-xs-6 tcol-ss-12 g_item\"><div class=\"grid_item kt_item_fade_in kad_gallery_fade_in gallery_item\"><a href=\"https:\/\/nmcontemporaneo.com\/wp-content\/uploads\/2018\/12\/Primero-te-mato-que-dejarte-ir.jpg\" data-rel=\"lightbox\" class=\"lightboxhover\"><div class=\"kt-intrinsic\" style=\"padding-bottom:55.737704918033%;\"><div itemprop=\"image\" itemscope itemtype=\"https:\/\/schema.org\/ImageObject\"><img loading=\"lazy\" decoding=\"async\" width=\"366\" height=\"204\" src=\"https:\/\/nmcontemporaneo.com\/wp-content\/uploads\/2018\/12\/Primero-te-mato-que-dejarte-ir-366x204.jpg\" srcset=\"https:\/\/nmcontemporaneo.com\/wp-content\/uploads\/2018\/12\/Primero-te-mato-que-dejarte-ir-366x204.jpg 366w, https:\/\/nmcontemporaneo.com\/wp-content\/uploads\/2018\/12\/Primero-te-mato-que-dejarte-ir-300x167.jpg 300w, https:\/\/nmcontemporaneo.com\/wp-content\/uploads\/2018\/12\/Primero-te-mato-que-dejarte-ir.jpg 627w\" sizes=\"auto, (max-width: 366px) 100vw, 366px\" data-caption=\"PRIMERO TE MATO QUE DEJARTE IR,2015, Mixta sobre papel, 70 X 125 cm\" class=\"light-dropshaddow\" itemprop=\"contentUrl\" alt=\"\"><meta itemprop=\"url\" content=\"https:\/\/nmcontemporaneo.com\/wp-content\/uploads\/2018\/12\/Primero-te-mato-que-dejarte-ir-366x204.jpg\"><meta itemprop=\"width\" content=\"366px\"><meta itemprop=\"height\" content=\"204px\"><\/div><\/div><div class=\"caption kad_caption\"><div class=\"kad_caption_inner\">PRIMERO TE MATO QUE DEJARTE IR,2015, Mixta sobre papel, 70 X 125 cm<\/div><\/div><\/a><\/div><\/div><div class=\"tcol-lg-4 tcol-md-4 tcol-sm-4 tcol-xs-6 tcol-ss-12 g_item\"><div class=\"grid_item kt_item_fade_in kad_gallery_fade_in gallery_item\"><a href=\"https:\/\/nmcontemporaneo.com\/wp-content\/uploads\/2018\/12\/tengan-por-culeros.jpg\" data-rel=\"lightbox\" class=\"lightboxhover\"><div class=\"kt-intrinsic\" style=\"padding-bottom:56.010928961749%;\"><div itemprop=\"image\" itemscope itemtype=\"https:\/\/schema.org\/ImageObject\"><img loading=\"lazy\" decoding=\"async\" width=\"366\" height=\"205\" src=\"https:\/\/nmcontemporaneo.com\/wp-content\/uploads\/2018\/12\/tengan-por-culeros-366x205.jpg\" srcset=\"https:\/\/nmcontemporaneo.com\/wp-content\/uploads\/2018\/12\/tengan-por-culeros-366x205.jpg 366w, https:\/\/nmcontemporaneo.com\/wp-content\/uploads\/2018\/12\/tengan-por-culeros-300x168.jpg 300w, https:\/\/nmcontemporaneo.com\/wp-content\/uploads\/2018\/12\/tengan-por-culeros.jpg 620w\" sizes=\"auto, (max-width: 366px) 100vw, 366px\" data-caption=\"\u00a1TENGAN POR CULEROS!, 2015, Mixta sobre papel, 70 x 125 cm\" class=\"light-dropshaddow\" itemprop=\"contentUrl\" alt=\"\"><meta itemprop=\"url\" content=\"https:\/\/nmcontemporaneo.com\/wp-content\/uploads\/2018\/12\/tengan-por-culeros-366x205.jpg\"><meta itemprop=\"width\" content=\"366px\"><meta itemprop=\"height\" content=\"205px\"><\/div><\/div><div class=\"caption kad_caption\"><div class=\"kad_caption_inner\">\u00a1TENGAN POR CULEROS!, 2015, Mixta sobre papel, 70 x 125 cm<\/div><\/div><\/a><\/div><\/div><div class=\"tcol-lg-4 tcol-md-4 tcol-sm-4 tcol-xs-6 tcol-ss-12 g_item\"><div class=\"grid_item kt_item_fade_in kad_gallery_fade_in gallery_item\"><a href=\"https:\/\/nmcontemporaneo.com\/wp-content\/uploads\/2018\/12\/El-pancracio.jpg\" data-rel=\"lightbox\" class=\"lightboxhover\"><div class=\"kt-intrinsic\" style=\"padding-bottom:99.726775956284%;\"><div itemprop=\"image\" itemscope itemtype=\"https:\/\/schema.org\/ImageObject\"><img loading=\"lazy\" decoding=\"async\" width=\"366\" height=\"365\" src=\"https:\/\/nmcontemporaneo.com\/wp-content\/uploads\/2018\/12\/El-pancracio-366x365.jpg\" srcset=\"https:\/\/nmcontemporaneo.com\/wp-content\/uploads\/2018\/12\/El-pancracio-366x365.jpg 366w, https:\/\/nmcontemporaneo.com\/wp-content\/uploads\/2018\/12\/El-pancracio-300x300.jpg 300w, https:\/\/nmcontemporaneo.com\/wp-content\/uploads\/2018\/12\/El-pancracio-100x100.jpg 100w, https:\/\/nmcontemporaneo.com\/wp-content\/uploads\/2018\/12\/El-pancracio-456x456.jpg 456w, https:\/\/nmcontemporaneo.com\/wp-content\/uploads\/2018\/12\/El-pancracio-150x150.jpg 150w, https:\/\/nmcontemporaneo.com\/wp-content\/uploads\/2018\/12\/El-pancracio-768x766.jpg 768w, https:\/\/nmcontemporaneo.com\/wp-content\/uploads\/2018\/12\/El-pancracio-732x730.jpg 732w, https:\/\/nmcontemporaneo.com\/wp-content\/uploads\/2018\/12\/El-pancracio.jpg 865w\" sizes=\"auto, (max-width: 366px) 100vw, 366px\" data-caption=\"PANCRACIO, 2016, \u00d3leo sobre tela, 200 x 180 cm\" class=\"light-dropshaddow\" itemprop=\"contentUrl\" alt=\"\"><meta itemprop=\"url\" content=\"https:\/\/nmcontemporaneo.com\/wp-content\/uploads\/2018\/12\/El-pancracio-366x365.jpg\"><meta itemprop=\"width\" content=\"366px\"><meta itemprop=\"height\" content=\"365px\"><\/div><\/div><div class=\"caption kad_caption\"><div class=\"kad_caption_inner\">PANCRACIO, 2016, \u00d3leo sobre tela, 200 x 180 cm<\/div><\/div><\/a><\/div><\/div><div class=\"tcol-lg-4 tcol-md-4 tcol-sm-4 tcol-xs-6 tcol-ss-12 g_item\"><div class=\"grid_item kt_item_fade_in kad_gallery_fade_in gallery_item\"><a href=\"https:\/\/nmcontemporaneo.com\/wp-content\/uploads\/2018\/12\/La-ofrenda-de-las-nin\u0303as.jpg\" data-rel=\"lightbox\" class=\"lightboxhover\"><div class=\"kt-intrinsic\" style=\"padding-bottom:87.431693989071%;\"><div itemprop=\"image\" itemscope itemtype=\"https:\/\/schema.org\/ImageObject\"><img loading=\"lazy\" decoding=\"async\" width=\"366\" height=\"320\" src=\"https:\/\/nmcontemporaneo.com\/wp-content\/uploads\/2018\/12\/La-ofrenda-de-las-nin\u0303as-366x320.jpg\" srcset=\"https:\/\/nmcontemporaneo.com\/wp-content\/uploads\/2018\/12\/La-ofrenda-de-las-nin\u0303as-366x320.jpg 366w, https:\/\/nmcontemporaneo.com\/wp-content\/uploads\/2018\/12\/La-ofrenda-de-las-nin\u0303as-300x262.jpg 300w, https:\/\/nmcontemporaneo.com\/wp-content\/uploads\/2018\/12\/La-ofrenda-de-las-nin\u0303as-768x672.jpg 768w, https:\/\/nmcontemporaneo.com\/wp-content\/uploads\/2018\/12\/La-ofrenda-de-las-nin\u0303as.jpg 892w\" sizes=\"auto, (max-width: 366px) 100vw, 366px\" data-caption=\"LA OFRENDA DE LAS NI\u00d1AS, 2018, \u00d3leo sobre tela, 140 x 160 cm\" class=\"light-dropshaddow\" itemprop=\"contentUrl\" alt=\"\"><meta itemprop=\"url\" content=\"https:\/\/nmcontemporaneo.com\/wp-content\/uploads\/2018\/12\/La-ofrenda-de-las-nin\u0303as-366x320.jpg\"><meta itemprop=\"width\" content=\"366px\"><meta itemprop=\"height\" content=\"320px\"><\/div><\/div><div class=\"caption kad_caption\"><div class=\"kad_caption_inner\">LA OFRENDA DE LAS NI\u00d1AS, 2018, \u00d3leo sobre tela, 140 x 160 cm<\/div><\/div><\/a><\/div><\/div><div class=\"tcol-lg-4 tcol-md-4 tcol-sm-4 tcol-xs-6 tcol-ss-12 g_item\"><div class=\"grid_item kt_item_fade_in kad_gallery_fade_in gallery_item\"><a href=\"https:\/\/nmcontemporaneo.com\/wp-content\/uploads\/2018\/12\/La-mosca.jpg\" data-rel=\"lightbox\" class=\"lightboxhover\"><div class=\"kt-intrinsic\" style=\"padding-bottom:77.868852459016%;\"><div itemprop=\"image\" itemscope itemtype=\"https:\/\/schema.org\/ImageObject\"><img loading=\"lazy\" decoding=\"async\" width=\"366\" height=\"285\" src=\"https:\/\/nmcontemporaneo.com\/wp-content\/uploads\/2018\/12\/La-mosca-366x285.jpg\" srcset=\"https:\/\/nmcontemporaneo.com\/wp-content\/uploads\/2018\/12\/La-mosca-366x285.jpg 366w, https:\/\/nmcontemporaneo.com\/wp-content\/uploads\/2018\/12\/La-mosca-300x233.jpg 300w, https:\/\/nmcontemporaneo.com\/wp-content\/uploads\/2018\/12\/La-mosca-768x598.jpg 768w, https:\/\/nmcontemporaneo.com\/wp-content\/uploads\/2018\/12\/La-mosca-732x570.jpg 732w, https:\/\/nmcontemporaneo.com\/wp-content\/uploads\/2018\/12\/La-mosca.jpg 888w\" sizes=\"auto, (max-width: 366px) 100vw, 366px\" data-caption=\"LA MOSCA, 2018, Gouche y collage sobre papel hecho a mano, 47 x 61.5 cm\" class=\"light-dropshaddow\" itemprop=\"contentUrl\" alt=\"\"><meta itemprop=\"url\" content=\"https:\/\/nmcontemporaneo.com\/wp-content\/uploads\/2018\/12\/La-mosca-366x285.jpg\"><meta itemprop=\"width\" content=\"366px\"><meta itemprop=\"height\" content=\"285px\"><\/div><\/div><div class=\"caption kad_caption\"><div class=\"kad_caption_inner\">LA MOSCA, 2018, Gouche y collage sobre papel hecho a mano, 47 x 61.5 cm<\/div><\/div><\/a><\/div><\/div><div class=\"tcol-lg-4 tcol-md-4 tcol-sm-4 tcol-xs-6 tcol-ss-12 g_item\"><div class=\"grid_item kt_item_fade_in kad_gallery_fade_in gallery_item\"><a href=\"https:\/\/nmcontemporaneo.com\/wp-content\/uploads\/2018\/12\/La-mujer-murcie\u0301lago-contra-la-santa.jpg\" data-rel=\"lightbox\" class=\"lightboxhover\"><div class=\"kt-intrinsic\" style=\"padding-bottom:76.775956284153%;\"><div itemprop=\"image\" itemscope itemtype=\"https:\/\/schema.org\/ImageObject\"><img loading=\"lazy\" decoding=\"async\" width=\"366\" height=\"281\" src=\"https:\/\/nmcontemporaneo.com\/wp-content\/uploads\/2018\/12\/La-mujer-murcie\u0301lago-contra-la-santa-366x281.jpg\" srcset=\"https:\/\/nmcontemporaneo.com\/wp-content\/uploads\/2018\/12\/La-mujer-murcie\u0301lago-contra-la-santa-366x281.jpg 366w, https:\/\/nmcontemporaneo.com\/wp-content\/uploads\/2018\/12\/La-mujer-murcie\u0301lago-contra-la-santa-300x231.jpg 300w, https:\/\/nmcontemporaneo.com\/wp-content\/uploads\/2018\/12\/La-mujer-murcie\u0301lago-contra-la-santa-768x590.jpg 768w, https:\/\/nmcontemporaneo.com\/wp-content\/uploads\/2018\/12\/La-mujer-murcie\u0301lago-contra-la-santa-732x562.jpg 732w, https:\/\/nmcontemporaneo.com\/wp-content\/uploads\/2018\/12\/La-mujer-murcie\u0301lago-contra-la-santa.jpg 886w\" sizes=\"auto, (max-width: 366px) 100vw, 366px\" data-caption=\"LA MUJER MURCI\u00c9LAGO CONTRA LA SANTA, 2018, Gouche sobre papel hecho a mano, 47 x 61 cm\" class=\"light-dropshaddow\" itemprop=\"contentUrl\" alt=\"\"><meta itemprop=\"url\" content=\"https:\/\/nmcontemporaneo.com\/wp-content\/uploads\/2018\/12\/La-mujer-murcie\u0301lago-contra-la-santa-366x281.jpg\"><meta itemprop=\"width\" content=\"366px\"><meta itemprop=\"height\" content=\"281px\"><\/div><\/div><div class=\"caption kad_caption\"><div class=\"kad_caption_inner\">LA MUJER MURCI\u00c9LAGO CONTRA LA SANTA, 2018, Gouche sobre papel hecho a mano, 47 x 61 cm<\/div><\/div><\/a><\/div><\/div><div class=\"tcol-lg-4 tcol-md-4 tcol-sm-4 tcol-xs-6 tcol-ss-12 g_item\"><div class=\"grid_item kt_item_fade_in kad_gallery_fade_in gallery_item\"><a href=\"https:\/\/nmcontemporaneo.com\/wp-content\/uploads\/2018\/12\/las-carin\u0303osas.jpg\" data-rel=\"lightbox\" class=\"lightboxhover\"><div class=\"kt-intrinsic\" style=\"padding-bottom:76.502732240437%;\"><div itemprop=\"image\" itemscope itemtype=\"https:\/\/schema.org\/ImageObject\"><img loading=\"lazy\" decoding=\"async\" width=\"366\" height=\"280\" src=\"https:\/\/nmcontemporaneo.com\/wp-content\/uploads\/2018\/12\/las-carin\u0303osas-366x280.jpg\" srcset=\"https:\/\/nmcontemporaneo.com\/wp-content\/uploads\/2018\/12\/las-carin\u0303osas-366x280.jpg 366w, https:\/\/nmcontemporaneo.com\/wp-content\/uploads\/2018\/12\/las-carin\u0303osas-300x230.jpg 300w, https:\/\/nmcontemporaneo.com\/wp-content\/uploads\/2018\/12\/las-carin\u0303osas.jpg 494w\" sizes=\"auto, (max-width: 366px) 100vw, 366px\" data-caption=\"LAS CARI\u00d1OSAS, 2018, Cartel de cine intervenido, 31 x 41 cm\" class=\"light-dropshaddow\" itemprop=\"contentUrl\" alt=\"\"><meta itemprop=\"url\" content=\"https:\/\/nmcontemporaneo.com\/wp-content\/uploads\/2018\/12\/las-carin\u0303osas-366x280.jpg\"><meta itemprop=\"width\" content=\"366px\"><meta itemprop=\"height\" content=\"280px\"><\/div><\/div><div class=\"caption kad_caption\"><div class=\"kad_caption_inner\">LAS CARI\u00d1OSAS, 2018, Cartel de cine intervenido, 31 x 41 cm<\/div><\/div><\/a><\/div><\/div><div class=\"tcol-lg-4 tcol-md-4 tcol-sm-4 tcol-xs-6 tcol-ss-12 g_item\"><div class=\"grid_item kt_item_fade_in kad_gallery_fade_in gallery_item\"><a href=\"https:\/\/nmcontemporaneo.com\/wp-content\/uploads\/2018\/12\/Los-perversos.jpg\" data-rel=\"lightbox\" class=\"lightboxhover\"><div class=\"kt-intrinsic\" style=\"padding-bottom:75.956284153005%;\"><div itemprop=\"image\" itemscope itemtype=\"https:\/\/schema.org\/ImageObject\"><img loading=\"lazy\" decoding=\"async\" width=\"366\" height=\"278\" src=\"https:\/\/nmcontemporaneo.com\/wp-content\/uploads\/2018\/12\/Los-perversos-366x278.jpg\" srcset=\"https:\/\/nmcontemporaneo.com\/wp-content\/uploads\/2018\/12\/Los-perversos-366x278.jpg 366w, https:\/\/nmcontemporaneo.com\/wp-content\/uploads\/2018\/12\/Los-perversos-300x228.jpg 300w, https:\/\/nmcontemporaneo.com\/wp-content\/uploads\/2018\/12\/Los-perversos.jpg 488w\" sizes=\"auto, (max-width: 366px) 100vw, 366px\" data-caption=\"LOS PERVERSOS, 2018, Cartel de cine intervenido,31 x 41 cm\" class=\"light-dropshaddow\" itemprop=\"contentUrl\" alt=\"\"><meta itemprop=\"url\" content=\"https:\/\/nmcontemporaneo.com\/wp-content\/uploads\/2018\/12\/Los-perversos-366x278.jpg\"><meta itemprop=\"width\" content=\"366px\"><meta itemprop=\"height\" content=\"278px\"><\/div><\/div><div class=\"caption kad_caption\"><div class=\"kad_caption_inner\">LOS PERVERSOS, 2018, Cartel de cine intervenido,31 x 41 cm<\/div><\/div><\/a><\/div><\/div><\/div>\n<div class=\"page\" title=\"Page 1\">\n<div class=\"layoutArea\">\n<div class=\"column\">\n<p>La pintura de V\u00edctor Hugo P\u00e9rez hace referencia a la imaginer\u00eda popular (artesan\u00eda, martirologio, hagiograf\u00eda). En su obra se crea una inmensa f\u00e1bula en la que alternan protagonismo lo humano y lo animal. El artista sostiene en solitario frases llenas de sarcasmo e iron\u00eda entre el amor, el erotismo y la literatura.<\/p>\n<p>En sus mixtas sobre papel se refleja una monstruosidad del esp\u00edritu; esto introduce en la obra del artista tapat\u00edo un giro postmodernista \u00e0 la Jean-Michel Basquiat, aunque tambi\u00e9n un gui\u00f1o a la narrativa de los exvotos cat\u00f3licos. Todas las semejanzas, influencias, citas o par\u00e1frasis que se detectan en la producci\u00f3n de V\u00edctor Hugo, en relaci\u00f3n con autores o tendencias hist\u00f3ricos en el arte visual (Van Gogh, Matisse, Picasso, Beckmann, Dubuffet, Orozco, Tamayo) son, de acuerdo con sus propias palabras, tributos motivados por la mirada fascinada del pintor ante las obras que le han atra\u00eddo a lo largo del tiempo.<\/p>\n\n<div class=\"sp-wrap sp-wrap-default\">\n<div class=\"sp-head\" title=\"Expandir\">\nCurriculum Vitae\n<\/div>\n<div class=\"sp-body folded\">\n<p><strong>V\u00edctor Hugo P\u00e9rez<\/strong><\/p>\n<div class=\"page\" title=\"Page 2\">\n<div class=\"layoutArea\">\n<div class=\"column\">\n<p><strong>Exposiciones Individuales (selecci\u00f3n)<\/strong><\/p>\n<p>2018 Instinto, Museo de Arte Contempor\u00e1neo de San Luis Potos\u00ed, San Luis Potos\u00ed, SLP.<br \/>\n&#8211; Plasma, Ex Convento del Carmen de la Secretar\u00eda de Cultura de Jalisco, Guadalajara Jalisco<br \/>\n&#8211; Hembras, Proyecto Al Alim\u00f3n con Juan Carlos Mac\u00edas, Museo de las Artes de la Universidad de<\/p>\n<p>Guadalajara, Jalisco<br \/>\n2017 Coraz\u00f3n de perro, Galer\u00eda Intersecci\u00f3n Arte Contempor\u00e1neo, San Miguel Allende, Guanajuato. 2016 El hombre y su alma, Galer\u00eda Uno, Puerto Vallarta, Jalisco<br \/>\n2015 El tequila es un p\u00e1jaro que vuela dentro de m\u00ed, Museo Nacional del Tequila (MUNAT) en Tequila, Jalisco.<br \/>\n2014 V\u00edctor Hugo P\u00e9rez, Casa Jalisco, en Polanco Ciudad de M\u00e9xico<\/p>\n<p>&#8211; El p\u00e1jaro de los deseos, Museo de las Artes de la Universidad de Guadalajara (MUSA) en Guadalajara, Jalisco.<br \/>\n2010 Los que entregan el coraz\u00f3n, Fundaci\u00f3n Cultural Gallo, en Guadalajara, Jalisco<br \/>\n2007 900 g.c., Espacio Cultural Galer\u00edas Guadalajara en<\/p>\n<p>Guadalajara, Jalisco<br \/>\n2006 Un objeto para amar, Galer\u00eda Luis Tinajero en Guadalajara, Jalisco<br \/>\n2004 Flores, Dios y Prozac, Ex Convento del Carmen en Guadalajara, Jalisco<br \/>\n2000 Pasiones encontradas, Galer\u00eda Alejandro Gallo en Guadalajara, Jalisco<br \/>\n1999 Despierto violento, Centro Cultural Casa Vallarta en Guadalajara, Jalisco<br \/>\n1997 Peor que los perros,(feroz angustia), Sala de J\u00f3venes Creadores del Museo de las Artes de la Universidad de Guadalajara en Guadalajara, Jalisco<br \/>\n1996 Pinturas, Galer\u00eda Arte Contempor\u00e1neo de Jorge \u00c1lvarez en Guadalajara, Jalisco<br \/>\n1993 Dioses y Payasos, Galer\u00eda Magritte en el Centro Cultural Roxy, Guadalajara, Jalisco<\/p>\n<p><strong>Muestras colectivas (selecci\u00f3n)<\/strong><\/p>\n<p>2009 Imperivm, Galer\u00eda Hilario Galguera, en Leipzig Alemania.<br \/>\n2008 \u00cdndex 2 , Galer\u00eda Hilario Galguera, en Ciudad de M\u00e9xico 125 Aniversario del Natalicio de Jos\u00e9 Clemente Orozco, en<br \/>\nInstituto Cultural Caba\u00f1as. 2006 \u2013 100 a\u00f1os de pintura Jalisciense, en Instituto Cultural Caba\u00f1as<br \/>\n2005 7 artistas en el sems, Galer\u00eda Gabriel Flores, de la Universidad de Guadalajara<br \/>\n2003 Panorama de la pintura en Jalisco, Instituto Cultural Caba\u00f1as. 2002 \u2013 V Bienal de Monterrey, con Menci\u00f3n Honor\u00edfica por Entidad, en<br \/>\nel Centro de las Artes de Monterrey nuevo Le\u00f3n.<br \/>\n2000 Punto de quiebra, Galer\u00eda Alejandro Gallo en Guadalajara, Jalisco<br \/>\n1998 8 loko, Ex Convento del Carmen en Guadalajara, Jalisco III Bienal de Monterrey, en Museo de Monterrey Nuevo Le\u00f3n<\/p>\n<div class=\"spdiv\">[plegar]<\/div>\n<\/div>\n<\/div>\n\n<\/div>\n<\/div>\n<\/div>\n<\/div>\n<\/div>\n<\/div>\n","protected":false},"excerpt":{"rendered":"<p>&lt;&lt; Ant | Artistas | Sig &gt;&gt; La pintura de V\u00edctor Hugo P\u00e9rez hace referencia a la imaginer\u00eda popular (artesan\u00eda, martirologio, hagiograf\u00eda). En su obra se crea una inmensa f\u00e1bula en la que alternan protagonismo lo humano y lo animal. &hellip; <a class=\"kt-excerpt-readmore\" href=\"https:\/\/nmcontemporaneo.com\/es\/catalogo\/pintura\/victor-hugo-perez\/\" aria-label=\"V\u00edctor Hugo P\u00e9rez\">Read More<\/a><\/p>\n","protected":false},"author":6,"featured_media":0,"parent":590,"menu_order":0,"comment_status":"closed","ping_status":"closed","template":"page-fullwidth.php","meta":{"kt_blocks_editor_width":"","footnotes":""},"class_list":["post-11638","page","type-page","status-publish","hentry"],"_links":{"self":[{"href":"https:\/\/nmcontemporaneo.com\/es\/wp-json\/wp\/v2\/pages\/11638","targetHints":{"allow":["GET"]}}],"collection":[{"href":"https:\/\/nmcontemporaneo.com\/es\/wp-json\/wp\/v2\/pages"}],"about":[{"href":"https:\/\/nmcontemporaneo.com\/es\/wp-json\/wp\/v2\/types\/page"}],"author":[{"embeddable":true,"href":"https:\/\/nmcontemporaneo.com\/es\/wp-json\/wp\/v2\/users\/6"}],"replies":[{"embeddable":true,"href":"https:\/\/nmcontemporaneo.com\/es\/wp-json\/wp\/v2\/comments?post=11638"}],"version-history":[{"count":3,"href":"https:\/\/nmcontemporaneo.com\/es\/wp-json\/wp\/v2\/pages\/11638\/revisions"}],"predecessor-version":[{"id":14269,"href":"https:\/\/nmcontemporaneo.com\/es\/wp-json\/wp\/v2\/pages\/11638\/revisions\/14269"}],"up":[{"embeddable":true,"href":"https:\/\/nmcontemporaneo.com\/es\/wp-json\/wp\/v2\/pages\/590"}],"wp:attachment":[{"href":"https:\/\/nmcontemporaneo.com\/es\/wp-json\/wp\/v2\/media?parent=11638"}],"curies":[{"name":"wp","href":"https:\/\/api.w.org\/{rel}","templated":true}]}}