{"id":12518,"date":"2022-04-22T19:12:31","date_gmt":"2022-04-23T01:12:31","guid":{"rendered":"https:\/\/nmcontemporaneo.com\/?page_id=12518"},"modified":"2025-06-20T21:29:27","modified_gmt":"2025-06-21T03:29:27","slug":"alejandro-osorio","status":"publish","type":"page","link":"https:\/\/nmcontemporaneo.com\/es\/catalogo\/arte-emergente\/alejandro-osorio\/","title":{"rendered":"Alejandro Osorio"},"content":{"rendered":"<p style=\"text-align: center;\"><a href=\"..\/pamela-zubillaga\/\">&lt;&lt; Ant<\/a> | <a href=\"\/catalogo\/todos-los-artistas\/\">Artistas<\/a> | <a href=\"..\/pavel-mora\/\">Sig &gt;&gt;<\/a><\/p>\n<div id=\"kad-wp-gallery797\" class=\"kad-wp-gallery gallery kt-gallery-column-3 init-isotope-intrinsic reinit-isotope kad-light-wp-gallery clearfix rowtight\" data-fade-in=\"1\" data-iso-selector=\".g_item\" data-iso-style=\"masonry\" data-iso-filter=\"false\"><div class=\"tcol-lg-4 tcol-md-4 tcol-sm-4 tcol-xs-6 tcol-ss-12 g_item\"><div class=\"grid_item kt_item_fade_in kad_gallery_fade_in gallery_item\"><a href=\"https:\/\/nmcontemporaneo.com\/wp-content\/uploads\/2020\/04\/Origen-y-Fin2019-talavera-y-acrilico-espejo-s-base-de-MDF-138x260x18cm.jpg\" data-rel=\"lightbox\" class=\"lightboxhover\"><div class=\"kt-intrinsic\" style=\"padding-bottom:62.568306010929%;\"><div itemprop=\"image\" itemscope itemtype=\"https:\/\/schema.org\/ImageObject\"><img loading=\"lazy\" decoding=\"async\" width=\"366\" height=\"229\" src=\"https:\/\/nmcontemporaneo.com\/wp-content\/uploads\/2020\/04\/Origen-y-Fin2019-talavera-y-acrilico-espejo-s-base-de-MDF-138x260x18cm-366x229.jpg\" srcset=\"https:\/\/nmcontemporaneo.com\/wp-content\/uploads\/2020\/04\/Origen-y-Fin2019-talavera-y-acrilico-espejo-s-base-de-MDF-138x260x18cm-366x229.jpg 366w, https:\/\/nmcontemporaneo.com\/wp-content\/uploads\/2020\/04\/Origen-y-Fin2019-talavera-y-acrilico-espejo-s-base-de-MDF-138x260x18cm-300x188.jpg 300w, https:\/\/nmcontemporaneo.com\/wp-content\/uploads\/2020\/04\/Origen-y-Fin2019-talavera-y-acrilico-espejo-s-base-de-MDF-138x260x18cm-1024x641.jpg 1024w, https:\/\/nmcontemporaneo.com\/wp-content\/uploads\/2020\/04\/Origen-y-Fin2019-talavera-y-acrilico-espejo-s-base-de-MDF-138x260x18cm-768x481.jpg 768w, https:\/\/nmcontemporaneo.com\/wp-content\/uploads\/2020\/04\/Origen-y-Fin2019-talavera-y-acrilico-espejo-s-base-de-MDF-138x260x18cm-80x50.jpg 80w, https:\/\/nmcontemporaneo.com\/wp-content\/uploads\/2020\/04\/Origen-y-Fin2019-talavera-y-acrilico-espejo-s-base-de-MDF-138x260x18cm-732x458.jpg 732w, https:\/\/nmcontemporaneo.com\/wp-content\/uploads\/2020\/04\/Origen-y-Fin2019-talavera-y-acrilico-espejo-s-base-de-MDF-138x260x18cm.jpg 1280w\" sizes=\"auto, (max-width: 366px) 100vw, 366px\" data-caption=\"ORIGIN Y FIN  Mosaicos de Talavera sobre estructura de madera y espejo dorado de acr\u00edlico   138 x 260 x 18 cm 2019\" class=\"light-dropshaddow\" itemprop=\"contentUrl\" alt=\"\"><meta itemprop=\"url\" content=\"https:\/\/nmcontemporaneo.com\/wp-content\/uploads\/2020\/04\/Origen-y-Fin2019-talavera-y-acrilico-espejo-s-base-de-MDF-138x260x18cm-366x229.jpg\"><meta itemprop=\"width\" content=\"366px\"><meta itemprop=\"height\" content=\"229px\"><\/div><\/div><div class=\"caption kad_caption\"><div class=\"kad_caption_inner\">ORIGIN Y FIN  Mosaicos de Talavera sobre estructura de madera y espejo dorado de acr\u00edlico   138 x 260 x 18 cm 2019<\/div><\/div><\/a><\/div><\/div><div class=\"tcol-lg-4 tcol-md-4 tcol-sm-4 tcol-xs-6 tcol-ss-12 g_item\"><div class=\"grid_item kt_item_fade_in kad_gallery_fade_in gallery_item\"><a href=\"https:\/\/nmcontemporaneo.com\/wp-content\/uploads\/2020\/04\/Mikey-dualidad-2019-200x240cm-mosaicos-de-talavera-montados-sobre-bastidor-copy.jpg\" data-rel=\"lightbox\" class=\"lightboxhover\"><div class=\"kt-intrinsic\" style=\"padding-bottom:85.51912568306%;\"><div itemprop=\"image\" itemscope itemtype=\"https:\/\/schema.org\/ImageObject\"><img loading=\"lazy\" decoding=\"async\" width=\"366\" height=\"313\" src=\"https:\/\/nmcontemporaneo.com\/wp-content\/uploads\/2020\/04\/Mikey-dualidad-2019-200x240cm-mosaicos-de-talavera-montados-sobre-bastidor-copy-366x313.jpg\" srcset=\"https:\/\/nmcontemporaneo.com\/wp-content\/uploads\/2020\/04\/Mikey-dualidad-2019-200x240cm-mosaicos-de-talavera-montados-sobre-bastidor-copy-366x313.jpg 366w, https:\/\/nmcontemporaneo.com\/wp-content\/uploads\/2020\/04\/Mikey-dualidad-2019-200x240cm-mosaicos-de-talavera-montados-sobre-bastidor-copy-300x256.jpg 300w, https:\/\/nmcontemporaneo.com\/wp-content\/uploads\/2020\/04\/Mikey-dualidad-2019-200x240cm-mosaicos-de-talavera-montados-sobre-bastidor-copy-1024x875.jpg 1024w, https:\/\/nmcontemporaneo.com\/wp-content\/uploads\/2020\/04\/Mikey-dualidad-2019-200x240cm-mosaicos-de-talavera-montados-sobre-bastidor-copy-768x657.jpg 768w, https:\/\/nmcontemporaneo.com\/wp-content\/uploads\/2020\/04\/Mikey-dualidad-2019-200x240cm-mosaicos-de-talavera-montados-sobre-bastidor-copy-732x626.jpg 732w, https:\/\/nmcontemporaneo.com\/wp-content\/uploads\/2020\/04\/Mikey-dualidad-2019-200x240cm-mosaicos-de-talavera-montados-sobre-bastidor-copy.jpg 1123w\" sizes=\"auto, (max-width: 366px) 100vw, 366px\" data-caption=\"MIKEY DUALIDAD \n Mosaicos de Talavera montados sobre bastidor  216 x 256 cm 2019\" class=\"light-dropshaddow\" itemprop=\"contentUrl\" alt=\"\"><meta itemprop=\"url\" content=\"https:\/\/nmcontemporaneo.com\/wp-content\/uploads\/2020\/04\/Mikey-dualidad-2019-200x240cm-mosaicos-de-talavera-montados-sobre-bastidor-copy-366x313.jpg\"><meta itemprop=\"width\" content=\"366px\"><meta itemprop=\"height\" content=\"313px\"><\/div><\/div><div class=\"caption kad_caption\"><div class=\"kad_caption_inner\">MIKEY DUALIDAD \n Mosaicos de Talavera montados sobre bastidor  216 x 256 cm 2019<\/div><\/div><\/a><\/div><\/div><div class=\"tcol-lg-4 tcol-md-4 tcol-sm-4 tcol-xs-6 tcol-ss-12 g_item\"><div class=\"grid_item kt_item_fade_in kad_gallery_fade_in gallery_item\"><a href=\"https:\/\/nmcontemporaneo.com\/wp-content\/uploads\/2020\/04\/Snoppy-perdio-una-oreja_2019Talavera-wood-structure-acrilic-golden-mirror-220x130x20cm.jpg\" data-rel=\"lightbox\" class=\"lightboxhover\"><div class=\"kt-intrinsic\" style=\"padding-bottom:66.666666666667%;\"><div itemprop=\"image\" itemscope itemtype=\"https:\/\/schema.org\/ImageObject\"><img loading=\"lazy\" decoding=\"async\" width=\"366\" height=\"244\" src=\"https:\/\/nmcontemporaneo.com\/wp-content\/uploads\/2020\/04\/Snoppy-perdio-una-oreja_2019Talavera-wood-structure-acrilic-golden-mirror-220x130x20cm-366x244.jpg\" srcset=\"https:\/\/nmcontemporaneo.com\/wp-content\/uploads\/2020\/04\/Snoppy-perdio-una-oreja_2019Talavera-wood-structure-acrilic-golden-mirror-220x130x20cm-366x244.jpg 366w, https:\/\/nmcontemporaneo.com\/wp-content\/uploads\/2020\/04\/Snoppy-perdio-una-oreja_2019Talavera-wood-structure-acrilic-golden-mirror-220x130x20cm-300x200.jpg 300w, https:\/\/nmcontemporaneo.com\/wp-content\/uploads\/2020\/04\/Snoppy-perdio-una-oreja_2019Talavera-wood-structure-acrilic-golden-mirror-220x130x20cm-1024x682.jpg 1024w, https:\/\/nmcontemporaneo.com\/wp-content\/uploads\/2020\/04\/Snoppy-perdio-una-oreja_2019Talavera-wood-structure-acrilic-golden-mirror-220x130x20cm-768x512.jpg 768w, https:\/\/nmcontemporaneo.com\/wp-content\/uploads\/2020\/04\/Snoppy-perdio-una-oreja_2019Talavera-wood-structure-acrilic-golden-mirror-220x130x20cm-272x182.jpg 272w, https:\/\/nmcontemporaneo.com\/wp-content\/uploads\/2020\/04\/Snoppy-perdio-una-oreja_2019Talavera-wood-structure-acrilic-golden-mirror-220x130x20cm-732x488.jpg 732w, https:\/\/nmcontemporaneo.com\/wp-content\/uploads\/2020\/04\/Snoppy-perdio-una-oreja_2019Talavera-wood-structure-acrilic-golden-mirror-220x130x20cm.jpg 1280w\" sizes=\"auto, (max-width: 366px) 100vw, 366px\" data-caption=\"SNOOPY PERDIO UNA OREJA Mosaicos de Talavera sobre estructura de madera y espejo dorado de acr\u00edlico   130 x 220 x 20 cm 2019\" class=\"light-dropshaddow\" itemprop=\"contentUrl\" alt=\"\"><meta itemprop=\"url\" content=\"https:\/\/nmcontemporaneo.com\/wp-content\/uploads\/2020\/04\/Snoppy-perdio-una-oreja_2019Talavera-wood-structure-acrilic-golden-mirror-220x130x20cm-366x244.jpg\"><meta itemprop=\"width\" content=\"366px\"><meta itemprop=\"height\" content=\"244px\"><\/div><\/div><div class=\"caption kad_caption\"><div class=\"kad_caption_inner\">SNOOPY PERDIO UNA OREJA Mosaicos de Talavera sobre estructura de madera y espejo dorado de acr\u00edlico   130 x 220 x 20 cm 2019<\/div><\/div><\/a><\/div><\/div><div class=\"tcol-lg-4 tcol-md-4 tcol-sm-4 tcol-xs-6 tcol-ss-12 g_item\"><div class=\"grid_item kt_item_fade_in kad_gallery_fade_in gallery_item\"><a href=\"https:\/\/nmcontemporaneo.com\/wp-content\/uploads\/2020\/04\/BOOM_-2018.-ink-and-watercolor-on-paper-110x145cm.jpg\" data-rel=\"lightbox\" class=\"lightboxhover\"><div class=\"kt-intrinsic\" style=\"padding-bottom:76.775956284153%;\"><div itemprop=\"image\" itemscope itemtype=\"https:\/\/schema.org\/ImageObject\"><img loading=\"lazy\" decoding=\"async\" width=\"366\" height=\"281\" src=\"https:\/\/nmcontemporaneo.com\/wp-content\/uploads\/2020\/04\/BOOM_-2018.-ink-and-watercolor-on-paper-110x145cm-366x281.jpg\" srcset=\"https:\/\/nmcontemporaneo.com\/wp-content\/uploads\/2020\/04\/BOOM_-2018.-ink-and-watercolor-on-paper-110x145cm-366x281.jpg 366w, https:\/\/nmcontemporaneo.com\/wp-content\/uploads\/2020\/04\/BOOM_-2018.-ink-and-watercolor-on-paper-110x145cm-300x230.jpg 300w, https:\/\/nmcontemporaneo.com\/wp-content\/uploads\/2020\/04\/BOOM_-2018.-ink-and-watercolor-on-paper-110x145cm-1024x786.jpg 1024w, https:\/\/nmcontemporaneo.com\/wp-content\/uploads\/2020\/04\/BOOM_-2018.-ink-and-watercolor-on-paper-110x145cm-768x589.jpg 768w, https:\/\/nmcontemporaneo.com\/wp-content\/uploads\/2020\/04\/BOOM_-2018.-ink-and-watercolor-on-paper-110x145cm-732x562.jpg 732w, https:\/\/nmcontemporaneo.com\/wp-content\/uploads\/2020\/04\/BOOM_-2018.-ink-and-watercolor-on-paper-110x145cm.jpg 1252w\" sizes=\"auto, (max-width: 366px) 100vw, 366px\" data-caption=\"BOOM Tinta y acuarela sobre papel 110 x 145 cm 2018\" class=\"light-dropshaddow\" itemprop=\"contentUrl\" alt=\"\"><meta itemprop=\"url\" content=\"https:\/\/nmcontemporaneo.com\/wp-content\/uploads\/2020\/04\/BOOM_-2018.-ink-and-watercolor-on-paper-110x145cm-366x281.jpg\"><meta itemprop=\"width\" content=\"366px\"><meta itemprop=\"height\" content=\"281px\"><\/div><\/div><div class=\"caption kad_caption\"><div class=\"kad_caption_inner\">BOOM Tinta y acuarela sobre papel 110 x 145 cm 2018<\/div><\/div><\/a><\/div><\/div><div class=\"tcol-lg-4 tcol-md-4 tcol-sm-4 tcol-xs-6 tcol-ss-12 g_item\"><div class=\"grid_item kt_item_fade_in kad_gallery_fade_in gallery_item\"><a href=\"https:\/\/nmcontemporaneo.com\/wp-content\/uploads\/2020\/04\/feria_-2014-smoke-and-color-paper-on-paper-240x180cm.jpg\" data-rel=\"lightbox\" class=\"lightboxhover\"><div class=\"kt-intrinsic\" style=\"padding-bottom:70.491803278689%;\"><div itemprop=\"image\" itemscope itemtype=\"https:\/\/schema.org\/ImageObject\"><img loading=\"lazy\" decoding=\"async\" width=\"366\" height=\"258\" src=\"https:\/\/nmcontemporaneo.com\/wp-content\/uploads\/2020\/04\/feria_-2014-smoke-and-color-paper-on-paper-240x180cm-366x258.jpg\" srcset=\"https:\/\/nmcontemporaneo.com\/wp-content\/uploads\/2020\/04\/feria_-2014-smoke-and-color-paper-on-paper-240x180cm-366x258.jpg 366w, https:\/\/nmcontemporaneo.com\/wp-content\/uploads\/2020\/04\/feria_-2014-smoke-and-color-paper-on-paper-240x180cm-300x212.jpg 300w, https:\/\/nmcontemporaneo.com\/wp-content\/uploads\/2020\/04\/feria_-2014-smoke-and-color-paper-on-paper-240x180cm-1024x723.jpg 1024w, https:\/\/nmcontemporaneo.com\/wp-content\/uploads\/2020\/04\/feria_-2014-smoke-and-color-paper-on-paper-240x180cm-768x542.jpg 768w, https:\/\/nmcontemporaneo.com\/wp-content\/uploads\/2020\/04\/feria_-2014-smoke-and-color-paper-on-paper-240x180cm-732x516.jpg 732w, https:\/\/nmcontemporaneo.com\/wp-content\/uploads\/2020\/04\/feria_-2014-smoke-and-color-paper-on-paper-240x180cm.jpg 1280w\" sizes=\"auto, (max-width: 366px) 100vw, 366px\" data-caption=\"FERIA Holl\u00edn y papel de color sobre papel 180 x 240 cm 2014\" class=\"light-dropshaddow\" itemprop=\"contentUrl\" alt=\"\"><meta itemprop=\"url\" content=\"https:\/\/nmcontemporaneo.com\/wp-content\/uploads\/2020\/04\/feria_-2014-smoke-and-color-paper-on-paper-240x180cm-366x258.jpg\"><meta itemprop=\"width\" content=\"366px\"><meta itemprop=\"height\" content=\"258px\"><\/div><\/div><div class=\"caption kad_caption\"><div class=\"kad_caption_inner\">FERIA Holl\u00edn y papel de color sobre papel 180 x 240 cm 2014<\/div><\/div><\/a><\/div><\/div><div class=\"tcol-lg-4 tcol-md-4 tcol-sm-4 tcol-xs-6 tcol-ss-12 g_item\"><div class=\"grid_item kt_item_fade_in kad_gallery_fade_in gallery_item\"><a href=\"https:\/\/nmcontemporaneo.com\/wp-content\/uploads\/2020\/04\/WHAM_-ink-and-watercolor-on-paper-152x336cm.jpg\" data-rel=\"lightbox\" class=\"lightboxhover\"><div class=\"kt-intrinsic\" style=\"padding-bottom:45.901639344262%;\"><div itemprop=\"image\" itemscope itemtype=\"https:\/\/schema.org\/ImageObject\"><img loading=\"lazy\" decoding=\"async\" width=\"366\" height=\"168\" src=\"https:\/\/nmcontemporaneo.com\/wp-content\/uploads\/2020\/04\/WHAM_-ink-and-watercolor-on-paper-152x336cm-366x168.jpg\" srcset=\"https:\/\/nmcontemporaneo.com\/wp-content\/uploads\/2020\/04\/WHAM_-ink-and-watercolor-on-paper-152x336cm-366x168.jpg 366w, https:\/\/nmcontemporaneo.com\/wp-content\/uploads\/2020\/04\/WHAM_-ink-and-watercolor-on-paper-152x336cm-300x138.jpg 300w, https:\/\/nmcontemporaneo.com\/wp-content\/uploads\/2020\/04\/WHAM_-ink-and-watercolor-on-paper-152x336cm-1024x471.jpg 1024w, https:\/\/nmcontemporaneo.com\/wp-content\/uploads\/2020\/04\/WHAM_-ink-and-watercolor-on-paper-152x336cm-768x353.jpg 768w, https:\/\/nmcontemporaneo.com\/wp-content\/uploads\/2020\/04\/WHAM_-ink-and-watercolor-on-paper-152x336cm-732x336.jpg 732w, https:\/\/nmcontemporaneo.com\/wp-content\/uploads\/2020\/04\/WHAM_-ink-and-watercolor-on-paper-152x336cm.jpg 1280w\" sizes=\"auto, (max-width: 366px) 100vw, 366px\" data-caption=\"WHAMM \u00a1\u00a1  Tinta y acuarela sobre papel  152 x 336 cm 2017\" class=\"light-dropshaddow\" itemprop=\"contentUrl\" alt=\"\"><meta itemprop=\"url\" content=\"https:\/\/nmcontemporaneo.com\/wp-content\/uploads\/2020\/04\/WHAM_-ink-and-watercolor-on-paper-152x336cm-366x168.jpg\"><meta itemprop=\"width\" content=\"366px\"><meta itemprop=\"height\" content=\"168px\"><\/div><\/div><div class=\"caption kad_caption\"><div class=\"kad_caption_inner\">WHAMM \u00a1\u00a1  Tinta y acuarela sobre papel  152 x 336 cm 2017<\/div><\/div><\/a><\/div><\/div><\/div>\n<p>Alejandro Osorio Flores es artista y gestor cultural, estudi\u00f3 artes pl\u00e1sticas en la Universidad de las Am\u00e9ricas,\u00a0 desarrolla proyectos de arte y dise\u00f1o. Ha participado en exhibiciones colectivas en galer\u00edas y museos de M\u00e9xico, Estados Unidos y Espa\u00f1a, en 2009 particip\u00f3 en la IV Bienal Internacional de Praga, \u201dOne hundred years: endogamic &amp; exogamic pictorial practices in Mexico\u201d al interno de <em>Expanded Painting<\/em>, ha obtenido menci\u00f3n honor\u00edfica en la bienal de artemergente, en el encuentro nacional de arte joven as\u00ed como en el encuentro iberoamericano Cortez de C\u00e1diz. Su obra forma parte de la colecci\u00f3n de la Universidad de las Am\u00e9ricas, la colecci\u00f3n de la Universidad Aut\u00f3noma del Estado de M\u00e9xico, la colecci\u00f3n Mario Testino en Londres y la colecci\u00f3n del Museo de las Am\u00e9ricas en Denver.<\/p>\n\n<div class=\"sp-wrap sp-wrap-default\">\n<div class=\"sp-head\" title=\"Expandir\">\nCurriculum Vitae: Alejandro Osorio\n<\/div>\n<div class=\"sp-body folded\">\n<p><strong>Alejandro Osorio <\/strong><\/p>\n<p>Tlaxcala \/ M\u00e9xico 1985<\/p>\n<p><strong>Exposiciones Individuales<\/strong> ( selecci\u00f3n)<br \/>\n2009 &#8220;Relaci\u00f3n de distancia &#8220;, Puebla, Pue. M\u00e9xico \/ &#8220;Paisajes derruidos&#8221;, Morelos, M\u00e9xico<br \/>\n2008 &#8220;Espacios trangredidos&#8221;, Puebla M\u00e9xico.<\/p>\n<p><strong>Exposiciones colectivas<\/strong><br \/>\n2013 Selecci\u00f3n X Bienal Mty FEMSA, D.F. M\u00e9xico<br \/>\n2012 X Bienal Mty FEMSA, Mty. M\u00e9xico\/ VI Bienal Artemergente, Mty. M\u00e9xico \/ &#8221; Ep\u00edlogo Ilimitado&#8221; ,D.F. M\u00e9xico \/ VI Premio Iberoamericano de Artes Visuales, C\u00e1diz, Espa\u00f1a \/ &#8221; Nube Negra&#8221;, Puebla, M\u00e9xico \/ VI Bienal Internacional de Arte Visual Universitario, Toluca, M\u00e9xico<br \/>\n2011 XXXI E Nal. Arte J\u00f3ven, Ags. M\u00e9xico<br \/>\n2010 V Bienal Artemergente, Mty. M\u00e9xico \/ VI Bienal Internacionalde estandartes, Tijuana M\u00e9xico \/ &#8221; In the Shadow of the volcanoes: Contemporary art from the mountains of central M\u00e9xico&#8221;, Northcarolina E.U. \/ &#8221; Capilla del arte&#8221; Puebla, M\u00e9xico.<br \/>\n2009 IX Bienal FEMSA, Centro de las Artes, Mty. M\u00e9xico \/ Selecci\u00f3n ARTE40, Biblioteca Vasconcelos, M\u00e9xico D.F. \/ IV Bienal Internacional de Praga, Pabell\u00f3n Mexicano &#8221; One hundred years: endogamic &amp; exogamic pictorial practices in M\u00e9xico&#8221; , Praga , Rep. Checa \/ Selecci\u00f3n XXIX E. Nac. de Arte J\u00f3ven, Ags. M\u00e9xico<br \/>\n2007 &#8221; Her\u00e1clito ( 544-484 a. C. ) En el mismo r\u00edo entramos y no entramos, pues somos y no somos ( los mismos ) &#8221; Galer\u00eda Sitio 3, Puebla, Pue. M\u00e9xico.<\/p>\n<p><strong>Reconocimientos<\/strong><br \/>\n2012 Menci\u00f3n Honor\u00edfica VI Bienal Nac. Artemergente Mty. M\u00e9xico \/ Beca J\u00f3venes Creadores FONCA CONACULTA \/ Menci\u00f3n Honor\u00edfica, &#8221; VI Premio Internacional de arte visual, Cortez de C\u00e1diz, colaboraci\u00f3n con Nora Adame, C\u00e1diz Espa\u00f1a .<br \/>\n2011 Menci\u00f3n Honor\u00edfica XXXI Encuentro Nacional de Arte J\u00f3ven, Ags. M\u00e9xico.<br \/>\n2010 Beca PECDA, J\u00f3venes Creadores, Artes Visuales.<br \/>\n2008 Beca PECDA, J\u00f3venes Creadores, Artes Visuales. <\/p>\n<div class=\"spdiv\">[plegar]<\/div>\n<\/div>\n<\/div>\n\n","protected":false},"excerpt":{"rendered":"<p>&lt;&lt; Ant | Artistas | Sig &gt;&gt; Alejandro Osorio Flores es artista y gestor cultural, estudi\u00f3 artes pl\u00e1sticas en la Universidad de las Am\u00e9ricas,\u00a0 desarrolla proyectos de arte y dise\u00f1o. Ha participado en exhibiciones colectivas en galer\u00edas y museos de &hellip; <a class=\"kt-excerpt-readmore\" href=\"https:\/\/nmcontemporaneo.com\/es\/catalogo\/arte-emergente\/alejandro-osorio\/\" aria-label=\"Alejandro Osorio\">Read More<\/a><\/p>\n","protected":false},"author":6,"featured_media":12526,"parent":596,"menu_order":0,"comment_status":"closed","ping_status":"closed","template":"page-fullwidth.php","meta":{"kt_blocks_editor_width":"","footnotes":""},"class_list":["post-12518","page","type-page","status-publish","has-post-thumbnail","hentry"],"_links":{"self":[{"href":"https:\/\/nmcontemporaneo.com\/es\/wp-json\/wp\/v2\/pages\/12518","targetHints":{"allow":["GET"]}}],"collection":[{"href":"https:\/\/nmcontemporaneo.com\/es\/wp-json\/wp\/v2\/pages"}],"about":[{"href":"https:\/\/nmcontemporaneo.com\/es\/wp-json\/wp\/v2\/types\/page"}],"author":[{"embeddable":true,"href":"https:\/\/nmcontemporaneo.com\/es\/wp-json\/wp\/v2\/users\/6"}],"replies":[{"embeddable":true,"href":"https:\/\/nmcontemporaneo.com\/es\/wp-json\/wp\/v2\/comments?post=12518"}],"version-history":[{"count":2,"href":"https:\/\/nmcontemporaneo.com\/es\/wp-json\/wp\/v2\/pages\/12518\/revisions"}],"predecessor-version":[{"id":14251,"href":"https:\/\/nmcontemporaneo.com\/es\/wp-json\/wp\/v2\/pages\/12518\/revisions\/14251"}],"up":[{"embeddable":true,"href":"https:\/\/nmcontemporaneo.com\/es\/wp-json\/wp\/v2\/pages\/596"}],"wp:featuredmedia":[{"embeddable":true,"href":"https:\/\/nmcontemporaneo.com\/es\/wp-json\/wp\/v2\/media\/12526"}],"wp:attachment":[{"href":"https:\/\/nmcontemporaneo.com\/es\/wp-json\/wp\/v2\/media?parent=12518"}],"curies":[{"name":"wp","href":"https:\/\/api.w.org\/{rel}","templated":true}]}}