{"id":13600,"date":"2024-10-21T21:01:24","date_gmt":"2024-10-22T03:01:24","guid":{"rendered":"https:\/\/nmcontemporaneo.com\/?page_id=13600"},"modified":"2025-06-20T16:33:34","modified_gmt":"2025-06-20T22:33:34","slug":"federico-barrault","status":"publish","type":"page","link":"https:\/\/nmcontemporaneo.com\/es\/catalogo\/pintura\/federico-barrault\/","title":{"rendered":"Federico Barrault"},"content":{"rendered":"\n<p class=\"has-text-align-center\"><a href=\"https:\/\/nmcontemporaneo.com\/catalogo\/pintura\/fred-stonehouse\/\">&lt;&lt;<\/a><a href=\"https:\/\/nmcontemporaneo.com\/catalogo\/pintura\/angel-ricardo-rios\/\"> <\/a><a href=\"https:\/\/nmcontemporaneo.com\/catalogo\/pintura\/fred-stonehouse\/\">Ant<\/a> | <a href=\"\/catalogo\/todos-los-artistas\/\">Artistas<\/a> | <a href=\"https:\/\/nmcontemporaneo.com\/catalogo\/pintura\/armando-romero\/\">Sig >><\/a><\/p>\n\n\n<style>.wp-block-kadence-advancedgallery .kb-gallery-type-masonry.kb-gallery-id-13600_1e4d14-19{margin:-5px;}.kb-gallery-type-masonry.kb-gallery-id-13600_1e4d14-19 .kadence-blocks-gallery-item{padding:5px;}.kb-gallery-id-13600_1e4d14-19 .kadence-blocks-gallery-item .kb-gal-image-radius, .kb-gallery-id-13600_1e4d14-19 .kb-slide-item .kb-gal-image-radius img{border-radius:0px 0px 0px 0px;;}<\/style><div class=\"kb-gallery-wrap-id-13600_1e4d14-19 alignnone wp-block-kadence-advancedgallery\"><ul class=\"kb-gallery-ul kb-gallery-non-static kb-gallery-type-masonry kb-masonry-init kb-gallery-id-13600_1e4d14-19 kb-gallery-caption-style-bottom-hover kb-gallery-filter-none\" data-image-filter=\"none\" data-item-selector=\".kadence-blocks-gallery-item\" data-lightbox-caption=\"true\" data-columns-xxl=\"3\" data-columns-xl=\"3\" data-columns-md=\"3\" data-columns-sm=\"2\" data-columns-xs=\"1\" data-columns-ss=\"1\"><li class=\"kadence-blocks-gallery-item\"><div class=\"kadence-blocks-gallery-item-inner\"><figure class=\"kb-gallery-figure kb-gallery-item-has-link kadence-blocks-gallery-item-hide-caption\"><a href=\"https:\/\/nmcontemporaneo.com\/wp-content\/uploads\/2024\/10\/unnamed-40.jpg\" class=\"kb-gallery-item-link\"  ><div class=\"kb-gal-image-radius\" style=\"max-width:720px;\"><div class=\"kb-gallery-image-contain kadence-blocks-gallery-intrinsic\" style=\"padding-bottom:132%;\"><img loading=\"lazy\" decoding=\"async\" src=\"https:\/\/nmcontemporaneo.com\/wp-content\/uploads\/2024\/10\/unnamed-40.jpg\" width=\"720\" height=\"951\" alt=\"\" data-full-image=\"https:\/\/nmcontemporaneo.com\/wp-content\/uploads\/2024\/10\/unnamed-40.jpg\" data-light-image=\"https:\/\/nmcontemporaneo.com\/wp-content\/uploads\/2024\/10\/unnamed-40.jpg\" data-id=\"13604\" class=\"wp-image-13604\" srcset=\"https:\/\/nmcontemporaneo.com\/wp-content\/uploads\/2024\/10\/unnamed-40.jpg 720w, https:\/\/nmcontemporaneo.com\/wp-content\/uploads\/2024\/10\/unnamed-40-227x300.jpg 227w, https:\/\/nmcontemporaneo.com\/wp-content\/uploads\/2024\/10\/unnamed-40-366x483.jpg 366w\" sizes=\"auto, (max-width: 720px) 100vw, 720px\" \/><\/div><\/div><\/a><\/figure><\/div><\/li><li class=\"kadence-blocks-gallery-item\"><div class=\"kadence-blocks-gallery-item-inner\"><figure class=\"kb-gallery-figure kb-gallery-item-has-link kadence-blocks-gallery-item-hide-caption\"><a href=\"https:\/\/nmcontemporaneo.com\/wp-content\/uploads\/2024\/10\/unnamed-44.jpg\" class=\"kb-gallery-item-link\"  ><div class=\"kb-gal-image-radius\" style=\"max-width:470px;\"><div class=\"kb-gallery-image-contain kadence-blocks-gallery-intrinsic\" style=\"padding-bottom:164%;\"><img loading=\"lazy\" decoding=\"async\" src=\"https:\/\/nmcontemporaneo.com\/wp-content\/uploads\/2024\/10\/unnamed-44.jpg\" width=\"470\" height=\"775\" alt=\"\" data-full-image=\"https:\/\/nmcontemporaneo.com\/wp-content\/uploads\/2024\/10\/unnamed-44.jpg\" data-light-image=\"https:\/\/nmcontemporaneo.com\/wp-content\/uploads\/2024\/10\/unnamed-44.jpg\" data-id=\"13608\" class=\"wp-image-13608\" srcset=\"https:\/\/nmcontemporaneo.com\/wp-content\/uploads\/2024\/10\/unnamed-44.jpg 470w, https:\/\/nmcontemporaneo.com\/wp-content\/uploads\/2024\/10\/unnamed-44-182x300.jpg 182w, https:\/\/nmcontemporaneo.com\/wp-content\/uploads\/2024\/10\/unnamed-44-366x604.jpg 366w\" sizes=\"auto, (max-width: 470px) 100vw, 470px\" \/><\/div><\/div><\/a><\/figure><\/div><\/li><li class=\"kadence-blocks-gallery-item\"><div class=\"kadence-blocks-gallery-item-inner\"><figure class=\"kb-gallery-figure kb-gallery-item-has-link kadence-blocks-gallery-item-hide-caption\"><a href=\"https:\/\/nmcontemporaneo.com\/wp-content\/uploads\/2024\/10\/unnamed-42.jpg\" class=\"kb-gallery-item-link\"  ><div class=\"kb-gal-image-radius\" style=\"max-width:761px;\"><div class=\"kb-gallery-image-contain kadence-blocks-gallery-intrinsic\" style=\"padding-bottom:134%;\"><img loading=\"lazy\" decoding=\"async\" src=\"https:\/\/nmcontemporaneo.com\/wp-content\/uploads\/2024\/10\/unnamed-42-761x1024.jpg\" width=\"761\" height=\"1024\" alt=\"\" data-full-image=\"https:\/\/nmcontemporaneo.com\/wp-content\/uploads\/2024\/10\/unnamed-42.jpg\" data-light-image=\"https:\/\/nmcontemporaneo.com\/wp-content\/uploads\/2024\/10\/unnamed-42.jpg\" data-id=\"13606\" class=\"wp-image-13606\" srcset=\"https:\/\/nmcontemporaneo.com\/wp-content\/uploads\/2024\/10\/unnamed-42-761x1024.jpg 761w, https:\/\/nmcontemporaneo.com\/wp-content\/uploads\/2024\/10\/unnamed-42-223x300.jpg 223w, https:\/\/nmcontemporaneo.com\/wp-content\/uploads\/2024\/10\/unnamed-42-768x1034.jpg 768w, https:\/\/nmcontemporaneo.com\/wp-content\/uploads\/2024\/10\/unnamed-42-732x986.jpg 732w, https:\/\/nmcontemporaneo.com\/wp-content\/uploads\/2024\/10\/unnamed-42-366x493.jpg 366w, https:\/\/nmcontemporaneo.com\/wp-content\/uploads\/2024\/10\/unnamed-42.jpg 817w\" sizes=\"auto, (max-width: 761px) 100vw, 761px\" \/><\/div><\/div><\/a><\/figure><\/div><\/li><li class=\"kadence-blocks-gallery-item\"><div class=\"kadence-blocks-gallery-item-inner\"><figure class=\"kb-gallery-figure kb-gallery-item-has-link kadence-blocks-gallery-item-hide-caption\"><a href=\"https:\/\/nmcontemporaneo.com\/wp-content\/uploads\/2024\/10\/unnamed-43.jpg\" class=\"kb-gallery-item-link\"  ><div class=\"kb-gal-image-radius\" style=\"max-width:493px;\"><div class=\"kb-gallery-image-contain kadence-blocks-gallery-intrinsic\" style=\"padding-bottom:101%;\"><img loading=\"lazy\" decoding=\"async\" src=\"https:\/\/nmcontemporaneo.com\/wp-content\/uploads\/2024\/10\/unnamed-43.jpg\" width=\"493\" height=\"499\" alt=\"\" data-full-image=\"https:\/\/nmcontemporaneo.com\/wp-content\/uploads\/2024\/10\/unnamed-43.jpg\" data-light-image=\"https:\/\/nmcontemporaneo.com\/wp-content\/uploads\/2024\/10\/unnamed-43.jpg\" data-id=\"13607\" class=\"wp-image-13607\" srcset=\"https:\/\/nmcontemporaneo.com\/wp-content\/uploads\/2024\/10\/unnamed-43.jpg 493w, https:\/\/nmcontemporaneo.com\/wp-content\/uploads\/2024\/10\/unnamed-43-296x300.jpg 296w, https:\/\/nmcontemporaneo.com\/wp-content\/uploads\/2024\/10\/unnamed-43-100x100.jpg 100w, https:\/\/nmcontemporaneo.com\/wp-content\/uploads\/2024\/10\/unnamed-43-366x370.jpg 366w\" sizes=\"auto, (max-width: 493px) 100vw, 493px\" \/><\/div><\/div><\/a><\/figure><\/div><\/li><li class=\"kadence-blocks-gallery-item\"><div class=\"kadence-blocks-gallery-item-inner\"><figure class=\"kb-gallery-figure kb-gallery-item-has-link kadence-blocks-gallery-item-hide-caption\"><a href=\"https:\/\/nmcontemporaneo.com\/wp-content\/uploads\/2024\/10\/unnamed-41.jpg\" class=\"kb-gallery-item-link\"  ><div class=\"kb-gal-image-radius\" style=\"max-width:533px;\"><div class=\"kb-gallery-image-contain kadence-blocks-gallery-intrinsic\" style=\"padding-bottom:110%;\"><img loading=\"lazy\" decoding=\"async\" src=\"https:\/\/nmcontemporaneo.com\/wp-content\/uploads\/2024\/10\/unnamed-41.jpg\" width=\"533\" height=\"587\" alt=\"\" data-full-image=\"https:\/\/nmcontemporaneo.com\/wp-content\/uploads\/2024\/10\/unnamed-41.jpg\" data-light-image=\"https:\/\/nmcontemporaneo.com\/wp-content\/uploads\/2024\/10\/unnamed-41.jpg\" data-id=\"13605\" class=\"wp-image-13605\" srcset=\"https:\/\/nmcontemporaneo.com\/wp-content\/uploads\/2024\/10\/unnamed-41.jpg 533w, https:\/\/nmcontemporaneo.com\/wp-content\/uploads\/2024\/10\/unnamed-41-272x300.jpg 272w, https:\/\/nmcontemporaneo.com\/wp-content\/uploads\/2024\/10\/unnamed-41-366x403.jpg 366w\" sizes=\"auto, (max-width: 533px) 100vw, 533px\" \/><\/div><\/div><\/a><\/figure><\/div><\/li><li class=\"kadence-blocks-gallery-item\"><div class=\"kadence-blocks-gallery-item-inner\"><figure class=\"kb-gallery-figure kb-gallery-item-has-link kadence-blocks-gallery-item-hide-caption\"><a href=\"https:\/\/nmcontemporaneo.com\/wp-content\/uploads\/2024\/10\/unnamed-45.jpg\" class=\"kb-gallery-item-link\"  ><div class=\"kb-gal-image-radius\" style=\"max-width:506px;\"><div class=\"kb-gallery-image-contain kadence-blocks-gallery-intrinsic\" style=\"padding-bottom:101%;\"><img loading=\"lazy\" decoding=\"async\" src=\"https:\/\/nmcontemporaneo.com\/wp-content\/uploads\/2024\/10\/unnamed-45.jpg\" width=\"506\" height=\"514\" alt=\"\" data-full-image=\"https:\/\/nmcontemporaneo.com\/wp-content\/uploads\/2024\/10\/unnamed-45.jpg\" data-light-image=\"https:\/\/nmcontemporaneo.com\/wp-content\/uploads\/2024\/10\/unnamed-45.jpg\" data-id=\"13609\" class=\"wp-image-13609\" srcset=\"https:\/\/nmcontemporaneo.com\/wp-content\/uploads\/2024\/10\/unnamed-45.jpg 506w, https:\/\/nmcontemporaneo.com\/wp-content\/uploads\/2024\/10\/unnamed-45-295x300.jpg 295w, https:\/\/nmcontemporaneo.com\/wp-content\/uploads\/2024\/10\/unnamed-45-366x372.jpg 366w\" sizes=\"auto, (max-width: 506px) 100vw, 506px\" \/><\/div><\/div><\/a><\/figure><\/div><\/li><li class=\"kadence-blocks-gallery-item\"><div class=\"kadence-blocks-gallery-item-inner\"><figure class=\"kb-gallery-figure kb-gallery-item-has-link kadence-blocks-gallery-item-hide-caption\"><a href=\"https:\/\/nmcontemporaneo.com\/wp-content\/uploads\/2024\/10\/unnamed-46.jpg\" class=\"kb-gallery-item-link\"  ><div class=\"kb-gal-image-radius\" style=\"max-width:1024px;\"><div class=\"kb-gallery-image-contain kadence-blocks-gallery-intrinsic\" style=\"padding-bottom:42%;\"><img loading=\"lazy\" decoding=\"async\" src=\"https:\/\/nmcontemporaneo.com\/wp-content\/uploads\/2024\/10\/unnamed-46-1024x436.jpg\" width=\"1024\" height=\"436\" alt=\"\" data-full-image=\"https:\/\/nmcontemporaneo.com\/wp-content\/uploads\/2024\/10\/unnamed-46.jpg\" data-light-image=\"https:\/\/nmcontemporaneo.com\/wp-content\/uploads\/2024\/10\/unnamed-46.jpg\" data-id=\"13610\" class=\"wp-image-13610\" srcset=\"https:\/\/nmcontemporaneo.com\/wp-content\/uploads\/2024\/10\/unnamed-46-1024x436.jpg 1024w, https:\/\/nmcontemporaneo.com\/wp-content\/uploads\/2024\/10\/unnamed-46-300x128.jpg 300w, https:\/\/nmcontemporaneo.com\/wp-content\/uploads\/2024\/10\/unnamed-46-768x327.jpg 768w, https:\/\/nmcontemporaneo.com\/wp-content\/uploads\/2024\/10\/unnamed-46-1536x654.jpg 1536w, https:\/\/nmcontemporaneo.com\/wp-content\/uploads\/2024\/10\/unnamed-46-732x312.jpg 732w, https:\/\/nmcontemporaneo.com\/wp-content\/uploads\/2024\/10\/unnamed-46-366x156.jpg 366w, https:\/\/nmcontemporaneo.com\/wp-content\/uploads\/2024\/10\/unnamed-46.jpg 1583w\" sizes=\"auto, (max-width: 1024px) 100vw, 1024px\" \/><\/div><\/div><\/a><\/figure><\/div><\/li><\/ul><\/div>\n\n\n<p>Federico Barrault (1981) vive y trabaja en M\u00e9xico, donde ha desarrollado una pr\u00e1ctica art\u00edstica que se destaca por su profunda conexi\u00f3n con la materialidad y la cultura. Desde sus primeros a\u00f1os, la sensibilidad creativa de Barrault lo llev\u00f3 a explorar una amplia gama de t\u00e9cnicas y materiales, formando la base de una carrera marcada por la innovaci\u00f3n y la exploraci\u00f3n continua.<\/p>\n\n\n\n<p>Influido por su paso por Bellas Artes y Dise\u00f1o, su desarrollo autodidacta y el aprendizaje con maestros destacados, Barrault ha forjado un estilo distintivo que no solo se alimenta de la experimentaci\u00f3n, sino tambi\u00e9n de un compromiso con la reinterpretaci\u00f3n cultural. Este enfoque ha llevado a Barrault a trascender los l\u00edmites del expresionismo abstracto y la figuraci\u00f3n contempor\u00e1nea, dirigiendo su atenci\u00f3n hacia la creaci\u00f3n de obras que dialogan con la historia y el presente cultural de sus entornos.<\/p>\n\n\n\n<p>Desde 2003, Barrault ha participado en numerosas exposiciones en Museos y Galer\u00edas y sus obras son parte de colecciones privadas en Espa\u00f1a, USA, Francia, India, M\u00e9xico y Argentina, demostrando la resonancia universal de su arte que, a trav\u00e9s del di\u00e1logo constante con la materia, enriquece la comprensi\u00f3n del papel del arte en la sociedad contempor\u00e1nea.<\/p>\n\n\n\n<p><\/p>\n\n\n\n<div class=\"sp-wrap sp-wrap-default\">\n<div class=\"sp-head\" title=\"Expandir\">\nCurriculum Vitae: Federico Barrault\n<\/div>\n<div class=\"sp-body folded\">\n<p><strong>Federico Barrault<\/strong><\/p>\n<p><strong>Exposiciones <\/strong><br \/>\n2024 JARDINES DE MEXICO, Morelos, Mexico.<br \/>\n2024 MMAC, Museo Morelence de Arte Contempor\u00e1neo. Morelos. M\u00e9xico.<br \/>\n2023 CCMC, Centro Cultural del M\u00e9xico Contempor\u00e1neo. CDMX. M\u00e9xico.<br \/>\n2022 MUG. Museo de Guanajuato, Guanajuato, M\u00e9xico.<br \/>\n2022 Art Collective Gallery, Arkansas, USA .<br \/>\n2020 Galer\u00eda M\u00e1laga, Ciudad de M\u00e9xico.<br \/>\n2020 Auditorio San Pedro, Nuevo Le\u00f3n, M\u00e9xico.<br \/>\n2019 Galerie Beatrice de France, Normand\u00eda, Francia.<br \/>\n2019 Galer\u00eda Generalli, Barcelona. Espa\u00f1a.<br \/>\n2019 Accent Galer\u00eda, Nuevo Le\u00f3n, M\u00e9xico.<br \/>\n2019 CARO Winery (Catena Zapata \/ Familia Rothschill), Argentina.<br \/>\n2018 Art Basel MIAMI, Context Fair, Galeria ShowW Room ART, USA.<br \/>\n2018 Chandon, Yountville., California, USA.<br \/>\n2018 Art on Rivington, New York, USA.<br \/>\n2017 The Vines. Valle de Uco. Mendoza, Argentina.<br \/>\n2017 Chandon, Nasik, India.<br \/>\n2015 Sheraton Hotel, Mendoza, Argentina.<\/p>\n<div class=\"spdiv\">[plegar]<\/div>\n<\/div>\n<\/div>\n\n","protected":false},"excerpt":{"rendered":"<p>&lt;&lt; Ant | Artistas | Sig >> Federico Barrault (1981) vive y trabaja en M\u00e9xico, donde ha desarrollado una pr\u00e1ctica art\u00edstica que se destaca por su profunda conexi\u00f3n con la materialidad y la cultura. Desde sus primeros a\u00f1os, la sensibilidad &hellip; <a class=\"kt-excerpt-readmore\" href=\"https:\/\/nmcontemporaneo.com\/es\/catalogo\/pintura\/federico-barrault\/\" aria-label=\"Federico Barrault\">Read More<\/a><\/p>\n","protected":false},"author":6,"featured_media":0,"parent":590,"menu_order":0,"comment_status":"closed","ping_status":"closed","template":"","meta":{"kt_blocks_editor_width":"","footnotes":""},"class_list":["post-13600","page","type-page","status-publish","hentry"],"_links":{"self":[{"href":"https:\/\/nmcontemporaneo.com\/es\/wp-json\/wp\/v2\/pages\/13600","targetHints":{"allow":["GET"]}}],"collection":[{"href":"https:\/\/nmcontemporaneo.com\/es\/wp-json\/wp\/v2\/pages"}],"about":[{"href":"https:\/\/nmcontemporaneo.com\/es\/wp-json\/wp\/v2\/types\/page"}],"author":[{"embeddable":true,"href":"https:\/\/nmcontemporaneo.com\/es\/wp-json\/wp\/v2\/users\/6"}],"replies":[{"embeddable":true,"href":"https:\/\/nmcontemporaneo.com\/es\/wp-json\/wp\/v2\/comments?post=13600"}],"version-history":[{"count":6,"href":"https:\/\/nmcontemporaneo.com\/es\/wp-json\/wp\/v2\/pages\/13600\/revisions"}],"predecessor-version":[{"id":14241,"href":"https:\/\/nmcontemporaneo.com\/es\/wp-json\/wp\/v2\/pages\/13600\/revisions\/14241"}],"up":[{"embeddable":true,"href":"https:\/\/nmcontemporaneo.com\/es\/wp-json\/wp\/v2\/pages\/590"}],"wp:attachment":[{"href":"https:\/\/nmcontemporaneo.com\/es\/wp-json\/wp\/v2\/media?parent=13600"}],"curies":[{"name":"wp","href":"https:\/\/api.w.org\/{rel}","templated":true}]}}