{"id":212,"date":"2022-07-29T19:56:35","date_gmt":"2022-07-30T01:56:35","guid":{"rendered":"http:\/\/virtuemock.kadencethemes.com\/?page_id=212"},"modified":"2025-06-20T01:02:12","modified_gmt":"2025-06-20T07:02:12","slug":"nosotros","status":"publish","type":"page","link":"https:\/\/nmcontemporaneo.com\/es\/nosotros\/","title":{"rendered":"\u00bfQui\u00e9nes Somos?"},"content":{"rendered":"<p><a href=\"http:\/\/nmcontemporaneo.com\/wp-content\/uploads\/2013\/07\/logo_quienes_somos.jpg\"><img loading=\"lazy\" decoding=\"async\" class=\"alignleft wp-image-526 size-full\" src=\"http:\/\/nmcontemporaneo.com\/wp-content\/uploads\/2013\/07\/logo_quienes_somos.jpg\" alt=\"Galeria de Arte\" width=\"200\" height=\"228\" data-id=\"526\" \/><\/a><\/p>\n<p class=\"p1\" style=\"text-align: justify;\">NM Contempor\u00e1neo es reconocida como la galer\u00eda de arte contempor\u00e1neo m\u00e1s importante de la ciudad de Cuernavaca, albergando a m\u00e1s de 40 artistas reconocidos nacional e internacionalmente, algunos de ellos son: Alberto Monta\u00f1o, Mauricio Cervantes, Armando Romero, Sergio Garval, Andr\u00e9s Amaya, Victor Guadalajara, Valerie Campos, Nacho Rodr\u00edguez Bach, C\u00e9sar L\u00f3pez Negrete y Eduardo Rinc\u00f3n entre otros.<\/p>\n<p class=\"p1\" style=\"text-align: justify;\">Dentro de los objetivos principales de la galer\u00eda, est\u00e1 el tener artistas profesionales, que experimenten con diferentes medios tales como la pintura, escultura, fotograf\u00eda, video, instalaci\u00f3n y arte objeto, enriqueciendo la escena cultural de la ciudad para los visitantes, compradores y coleccionistas, NM busca artistas que no s\u00f3lo se justifiquen por el aprecio est\u00e9tico de su obra, sino como una buena inversi\u00f3n patrimonial a mediano y largo plazo. La galer\u00eda se caracteriza por la apertura que tiene a diferentes propuestas y a nuevos artistas para garantizar de esta manera un movimiento de obra que siempre est\u00e9 a la vanguardia y ofrecer nuevas oportunidades de adquisici\u00f3n a sus clientes, coleccionistas y nuevos coleccionistas. La galer\u00eda se ha convertido en un laboratorio de arte y un espacio cultural donde se imparten cursos, talleres y charlas de artistas. El visitante podr\u00e1 disfrutar de exposiciones de arte contempor\u00e1neo que est\u00e1n cambiando continuamente.<\/p>\n<p class=\"p1\" style=\"text-align: justify;\">Nuestro inter\u00e9s esta tambi\u00e9n, promover a los artistas locales a trav\u00e9s de diferentes medios expositivos como ferias de arte, rese\u00f1as en prensa y revistas de arte contempor\u00e1neo por mencionar algunos. Generar propuestas para la escena cultural de la ciudad, ofreciendo plataformas de expresi\u00f3n y entendimiento de las artes, impartiendo talleres relacionados con todas las especialidades dentro y fuera de la galer\u00eda. Y brindar un espacio para el arte que viva y palpite.<\/p>\n<p class=\"p1\" style=\"text-align: justify;\">Creemos en el arte emergente como un poderosa forma de inversi\u00f3n y promovemos su venta y adquisici\u00f3n ya que esto impulsa a los artistas a crear y fortalece el mercado del arte, seg\u00fan la revista Forbes, el arte lleva una d\u00e9cada siendo una de las pr\u00e1cticas econ\u00f3micas con m\u00e1s rentabilidad.<\/p>\n<p class=\"p1\" style=\"text-align: justify;\">Es por eso que en NM Contempor\u00e1neo damos recomendaciones y asesor\u00edas personalizadas a nuestros clientes dentro de un ambiente humano y responsable, buscando primordialmente su satisfacci\u00f3n y gusto al adquirir una obra de arte original que represente una inversi\u00f3n. La galer\u00eda ha trabajado con m\u00e1s de 120 clientes y coleccionistas de arte, haci\u00e9ndola hoy en d\u00eda la galer\u00eda de arte contempor\u00e1neo m\u00e1s importante de Cuernavaca.<\/p>\n<p class=\"p1\" style=\"text-align: justify;\">Para mayor informaci\u00f3n de nuestros artistas consulta nuestra pagina <span class=\"s1\">www.nmcontemporaneo.com<\/span>, as\u00ed como en ww.facebook\/<span class=\"s1\">NMContemporaneo <\/span>y twitter@<span class=\"s1\">NMContempor\u00e1neo<\/span>.<\/p>\n<p class=\"p1\" style=\"text-align: justify;\">Estamos f\u00edsicamente en Cuernavaca, Morelos en Juan Ru\u00edz de Alarc\u00f3n No. 13, Col. Centro, Tel: (777) 318 54 75.<\/p>\n<div id=\"kad-wp-gallery977\" class=\"kad-wp-gallery gallery kt-gallery-column-3 init-isotope-intrinsic reinit-isotope kad-light-wp-gallery clearfix rowtight\" data-fade-in=\"1\" data-iso-selector=\".g_item\" data-iso-style=\"masonry\" data-iso-filter=\"false\"><div class=\"tcol-lg-4 tcol-md-4 tcol-sm-4 tcol-xs-6 tcol-ss-12 g_item\"><div class=\"grid_item kt_item_fade_in kad_gallery_fade_in gallery_item\"><a href=\"https:\/\/nmcontemporaneo.com\/wp-content\/uploads\/2013\/07\/IMG_6223.jpg\" data-rel=\"lightbox\" class=\"lightboxhover\"><div class=\"kt-intrinsic\" style=\"padding-bottom:66.666666666667%;\"><div itemprop=\"image\" itemscope itemtype=\"https:\/\/schema.org\/ImageObject\"><img loading=\"lazy\" decoding=\"async\" width=\"366\" height=\"244\" src=\"https:\/\/nmcontemporaneo.com\/wp-content\/uploads\/2013\/07\/IMG_6223-366x244.jpg\" srcset=\"https:\/\/nmcontemporaneo.com\/wp-content\/uploads\/2013\/07\/IMG_6223-366x244.jpg 366w, https:\/\/nmcontemporaneo.com\/wp-content\/uploads\/2013\/07\/IMG_6223-300x200.jpg 300w, https:\/\/nmcontemporaneo.com\/wp-content\/uploads\/2013\/07\/IMG_6223-1024x682.jpg 1024w, https:\/\/nmcontemporaneo.com\/wp-content\/uploads\/2013\/07\/IMG_6223-272x182.jpg 272w, https:\/\/nmcontemporaneo.com\/wp-content\/uploads\/2013\/07\/IMG_6223-732x488.jpg 732w, https:\/\/nmcontemporaneo.com\/wp-content\/uploads\/2013\/07\/IMG_6223.jpg 1969w\" sizes=\"auto, (max-width: 366px) 100vw, 366px\" data-caption=\"\" class=\"light-dropshaddow\" itemprop=\"contentUrl\" alt=\"\"><meta itemprop=\"url\" content=\"https:\/\/nmcontemporaneo.com\/wp-content\/uploads\/2013\/07\/IMG_6223-366x244.jpg\"><meta itemprop=\"width\" content=\"366px\"><meta itemprop=\"height\" content=\"244px\"><\/div><\/div><\/a><\/div><\/div><div class=\"tcol-lg-4 tcol-md-4 tcol-sm-4 tcol-xs-6 tcol-ss-12 g_item\"><div class=\"grid_item kt_item_fade_in kad_gallery_fade_in gallery_item\"><a href=\"https:\/\/nmcontemporaneo.com\/wp-content\/uploads\/2013\/07\/IMG_6208.jpg\" data-rel=\"lightbox\" class=\"lightboxhover\"><div class=\"kt-intrinsic\" style=\"padding-bottom:66.666666666667%;\"><div itemprop=\"image\" itemscope itemtype=\"https:\/\/schema.org\/ImageObject\"><img loading=\"lazy\" decoding=\"async\" width=\"366\" height=\"244\" src=\"https:\/\/nmcontemporaneo.com\/wp-content\/uploads\/2013\/07\/IMG_6208-366x244.jpg\" srcset=\"https:\/\/nmcontemporaneo.com\/wp-content\/uploads\/2013\/07\/IMG_6208-366x244.jpg 366w, https:\/\/nmcontemporaneo.com\/wp-content\/uploads\/2013\/07\/IMG_6208-300x200.jpg 300w, https:\/\/nmcontemporaneo.com\/wp-content\/uploads\/2013\/07\/IMG_6208-1024x682.jpg 1024w, https:\/\/nmcontemporaneo.com\/wp-content\/uploads\/2013\/07\/IMG_6208-272x182.jpg 272w, https:\/\/nmcontemporaneo.com\/wp-content\/uploads\/2013\/07\/IMG_6208-732x488.jpg 732w, https:\/\/nmcontemporaneo.com\/wp-content\/uploads\/2013\/07\/IMG_6208.jpg 1969w\" sizes=\"auto, (max-width: 366px) 100vw, 366px\" data-caption=\"\" class=\"light-dropshaddow\" itemprop=\"contentUrl\" alt=\"\"><meta itemprop=\"url\" content=\"https:\/\/nmcontemporaneo.com\/wp-content\/uploads\/2013\/07\/IMG_6208-366x244.jpg\"><meta itemprop=\"width\" content=\"366px\"><meta itemprop=\"height\" content=\"244px\"><\/div><\/div><\/a><\/div><\/div><div class=\"tcol-lg-4 tcol-md-4 tcol-sm-4 tcol-xs-6 tcol-ss-12 g_item\"><div class=\"grid_item kt_item_fade_in kad_gallery_fade_in gallery_item\"><a href=\"https:\/\/nmcontemporaneo.com\/wp-content\/uploads\/2013\/07\/IMG_5762.jpg\" data-rel=\"lightbox\" class=\"lightboxhover\"><div class=\"kt-intrinsic\" style=\"padding-bottom:66.666666666667%;\"><div itemprop=\"image\" itemscope itemtype=\"https:\/\/schema.org\/ImageObject\"><img loading=\"lazy\" decoding=\"async\" width=\"366\" height=\"244\" src=\"https:\/\/nmcontemporaneo.com\/wp-content\/uploads\/2013\/07\/IMG_5762-366x244.jpg\" srcset=\"https:\/\/nmcontemporaneo.com\/wp-content\/uploads\/2013\/07\/IMG_5762-366x244.jpg 366w, https:\/\/nmcontemporaneo.com\/wp-content\/uploads\/2013\/07\/IMG_5762-300x200.jpg 300w, https:\/\/nmcontemporaneo.com\/wp-content\/uploads\/2013\/07\/IMG_5762-1024x682.jpg 1024w, https:\/\/nmcontemporaneo.com\/wp-content\/uploads\/2013\/07\/IMG_5762-272x182.jpg 272w, https:\/\/nmcontemporaneo.com\/wp-content\/uploads\/2013\/07\/IMG_5762-732x488.jpg 732w, https:\/\/nmcontemporaneo.com\/wp-content\/uploads\/2013\/07\/IMG_5762.jpg 1969w\" sizes=\"auto, (max-width: 366px) 100vw, 366px\" data-caption=\"\" class=\"light-dropshaddow\" itemprop=\"contentUrl\" alt=\"\"><meta itemprop=\"url\" content=\"https:\/\/nmcontemporaneo.com\/wp-content\/uploads\/2013\/07\/IMG_5762-366x244.jpg\"><meta itemprop=\"width\" content=\"366px\"><meta itemprop=\"height\" content=\"244px\"><\/div><\/div><\/a><\/div><\/div><div class=\"tcol-lg-4 tcol-md-4 tcol-sm-4 tcol-xs-6 tcol-ss-12 g_item\"><div class=\"grid_item kt_item_fade_in kad_gallery_fade_in gallery_item\"><a href=\"https:\/\/nmcontemporaneo.com\/wp-content\/uploads\/2013\/07\/IMG_5456.jpg\" data-rel=\"lightbox\" class=\"lightboxhover\"><div class=\"kt-intrinsic\" style=\"padding-bottom:66.666666666667%;\"><div itemprop=\"image\" itemscope itemtype=\"https:\/\/schema.org\/ImageObject\"><img loading=\"lazy\" decoding=\"async\" width=\"366\" height=\"244\" src=\"https:\/\/nmcontemporaneo.com\/wp-content\/uploads\/2013\/07\/IMG_5456-366x244.jpg\" srcset=\"https:\/\/nmcontemporaneo.com\/wp-content\/uploads\/2013\/07\/IMG_5456-366x244.jpg 366w, https:\/\/nmcontemporaneo.com\/wp-content\/uploads\/2013\/07\/IMG_5456-300x200.jpg 300w, https:\/\/nmcontemporaneo.com\/wp-content\/uploads\/2013\/07\/IMG_5456-1024x682.jpg 1024w, https:\/\/nmcontemporaneo.com\/wp-content\/uploads\/2013\/07\/IMG_5456-272x182.jpg 272w, https:\/\/nmcontemporaneo.com\/wp-content\/uploads\/2013\/07\/IMG_5456-732x488.jpg 732w, https:\/\/nmcontemporaneo.com\/wp-content\/uploads\/2013\/07\/IMG_5456.jpg 1969w\" sizes=\"auto, (max-width: 366px) 100vw, 366px\" data-caption=\"\" class=\"light-dropshaddow\" itemprop=\"contentUrl\" alt=\"\"><meta itemprop=\"url\" content=\"https:\/\/nmcontemporaneo.com\/wp-content\/uploads\/2013\/07\/IMG_5456-366x244.jpg\"><meta itemprop=\"width\" content=\"366px\"><meta itemprop=\"height\" content=\"244px\"><\/div><\/div><\/a><\/div><\/div><div class=\"tcol-lg-4 tcol-md-4 tcol-sm-4 tcol-xs-6 tcol-ss-12 g_item\"><div class=\"grid_item kt_item_fade_in kad_gallery_fade_in gallery_item\"><a href=\"https:\/\/nmcontemporaneo.com\/wp-content\/uploads\/2013\/07\/IMG_4313.jpg\" data-rel=\"lightbox\" class=\"lightboxhover\"><div class=\"kt-intrinsic\" style=\"padding-bottom:66.666666666667%;\"><div itemprop=\"image\" itemscope itemtype=\"https:\/\/schema.org\/ImageObject\"><img loading=\"lazy\" decoding=\"async\" width=\"366\" height=\"244\" src=\"https:\/\/nmcontemporaneo.com\/wp-content\/uploads\/2013\/07\/IMG_4313-366x244.jpg\" srcset=\"https:\/\/nmcontemporaneo.com\/wp-content\/uploads\/2013\/07\/IMG_4313-366x244.jpg 366w, https:\/\/nmcontemporaneo.com\/wp-content\/uploads\/2013\/07\/IMG_4313-300x200.jpg 300w, https:\/\/nmcontemporaneo.com\/wp-content\/uploads\/2013\/07\/IMG_4313-1024x682.jpg 1024w, https:\/\/nmcontemporaneo.com\/wp-content\/uploads\/2013\/07\/IMG_4313-272x182.jpg 272w, https:\/\/nmcontemporaneo.com\/wp-content\/uploads\/2013\/07\/IMG_4313-732x488.jpg 732w, https:\/\/nmcontemporaneo.com\/wp-content\/uploads\/2013\/07\/IMG_4313.jpg 1969w\" sizes=\"auto, (max-width: 366px) 100vw, 366px\" data-caption=\"\" class=\"light-dropshaddow\" itemprop=\"contentUrl\" alt=\"\"><meta itemprop=\"url\" content=\"https:\/\/nmcontemporaneo.com\/wp-content\/uploads\/2013\/07\/IMG_4313-366x244.jpg\"><meta itemprop=\"width\" content=\"366px\"><meta itemprop=\"height\" content=\"244px\"><\/div><\/div><\/a><\/div><\/div><div class=\"tcol-lg-4 tcol-md-4 tcol-sm-4 tcol-xs-6 tcol-ss-12 g_item\"><div class=\"grid_item kt_item_fade_in kad_gallery_fade_in gallery_item\"><a href=\"https:\/\/nmcontemporaneo.com\/wp-content\/uploads\/2013\/07\/DSC00149.jpg\" data-rel=\"lightbox\" class=\"lightboxhover\"><div class=\"kt-intrinsic\" style=\"padding-bottom:66.666666666667%;\"><div itemprop=\"image\" itemscope itemtype=\"https:\/\/schema.org\/ImageObject\"><img loading=\"lazy\" decoding=\"async\" width=\"366\" height=\"244\" src=\"https:\/\/nmcontemporaneo.com\/wp-content\/uploads\/2013\/07\/DSC00149-366x244.jpg\" srcset=\"https:\/\/nmcontemporaneo.com\/wp-content\/uploads\/2013\/07\/DSC00149-366x244.jpg 366w, https:\/\/nmcontemporaneo.com\/wp-content\/uploads\/2013\/07\/DSC00149-300x200.jpg 300w, https:\/\/nmcontemporaneo.com\/wp-content\/uploads\/2013\/07\/DSC00149-1024x683.jpg 1024w, https:\/\/nmcontemporaneo.com\/wp-content\/uploads\/2013\/07\/DSC00149-272x182.jpg 272w, https:\/\/nmcontemporaneo.com\/wp-content\/uploads\/2013\/07\/DSC00149-732x488.jpg 732w, https:\/\/nmcontemporaneo.com\/wp-content\/uploads\/2013\/07\/DSC00149.jpg 1969w\" sizes=\"auto, (max-width: 366px) 100vw, 366px\" data-caption=\"\" class=\"light-dropshaddow\" itemprop=\"contentUrl\" alt=\"\"><meta itemprop=\"url\" content=\"https:\/\/nmcontemporaneo.com\/wp-content\/uploads\/2013\/07\/DSC00149-366x244.jpg\"><meta itemprop=\"width\" content=\"366px\"><meta itemprop=\"height\" content=\"244px\"><\/div><\/div><\/a><\/div><\/div><\/div>\n<p><iframe loading=\"lazy\" style=\"border: 0;\" src=\"https:\/\/www.google.com\/maps\/embed?pb=!1m14!1m8!1m3!1d3774.2103831527315!2d-99.23656621956233!3d18.922079745280318!3m2!1i1024!2i768!4f13.1!3m3!1m2!1s0x85cdde4d7f427385%3A0x8977c9e3c4d21513!2sNM+Contempor%C3%A1neo+Galer%C3%ADa+De+Arte!5e0!3m2!1ses!2smx!4v1433784406215\" width=\"100%\" height=\"400\" frameborder=\"0\"><\/iframe><\/p>\n","protected":false},"excerpt":{"rendered":"<p>NM Contempor\u00e1neo es reconocida como la galer\u00eda de arte contempor\u00e1neo m\u00e1s importante de la ciudad de Cuernavaca, albergando a m\u00e1s de 40 artistas reconocidos nacional e internacionalmente, algunos de ellos son: Alberto Monta\u00f1o, Mauricio Cervantes, Armando Romero, Sergio Garval, Andr\u00e9s &hellip; <a class=\"kt-excerpt-readmore\" href=\"https:\/\/nmcontemporaneo.com\/es\/nosotros\/\" aria-label=\"\u00bfQui\u00e9nes Somos?\">Read More<\/a><\/p>\n","protected":false},"author":25,"featured_media":498,"parent":0,"menu_order":0,"comment_status":"open","ping_status":"closed","template":"page-fullwidth.php","meta":{"kt_blocks_editor_width":"","footnotes":""},"class_list":["post-212","page","type-page","status-publish","has-post-thumbnail","hentry"],"_links":{"self":[{"href":"https:\/\/nmcontemporaneo.com\/es\/wp-json\/wp\/v2\/pages\/212","targetHints":{"allow":["GET"]}}],"collection":[{"href":"https:\/\/nmcontemporaneo.com\/es\/wp-json\/wp\/v2\/pages"}],"about":[{"href":"https:\/\/nmcontemporaneo.com\/es\/wp-json\/wp\/v2\/types\/page"}],"author":[{"embeddable":true,"href":"https:\/\/nmcontemporaneo.com\/es\/wp-json\/wp\/v2\/users\/25"}],"replies":[{"embeddable":true,"href":"https:\/\/nmcontemporaneo.com\/es\/wp-json\/wp\/v2\/comments?post=212"}],"version-history":[{"count":1,"href":"https:\/\/nmcontemporaneo.com\/es\/wp-json\/wp\/v2\/pages\/212\/revisions"}],"predecessor-version":[{"id":13953,"href":"https:\/\/nmcontemporaneo.com\/es\/wp-json\/wp\/v2\/pages\/212\/revisions\/13953"}],"wp:featuredmedia":[{"embeddable":true,"href":"https:\/\/nmcontemporaneo.com\/es\/wp-json\/wp\/v2\/media\/498"}],"wp:attachment":[{"href":"https:\/\/nmcontemporaneo.com\/es\/wp-json\/wp\/v2\/media?parent=212"}],"curies":[{"name":"wp","href":"https:\/\/api.w.org\/{rel}","templated":true}]}}