{"id":6435,"date":"2022-05-04T00:52:24","date_gmt":"2022-05-04T06:52:24","guid":{"rendered":"http:\/\/nmcontemporaneo.com\/beta\/?page_id=6435"},"modified":"2025-06-21T00:30:54","modified_gmt":"2025-06-21T06:30:54","slug":"yanieb-fabre","status":"publish","type":"page","link":"https:\/\/nmcontemporaneo.com\/es\/catalogo\/arte-emergente\/yanieb-fabre\/","title":{"rendered":"Yanieb Fabr\u00e9"},"content":{"rendered":"<p style=\"text-align: center;\"><a href=\"..\/bruno-smith\/\">&lt;&lt; Ant.<\/a> | <a href=\"\/catalogo\/todos-los-artistas\/\">Artistas<\/a> | <a href=\"..\/jaime-colin\/\">Sig. &gt;&gt;<\/a><\/p>\n<div id=\"kad-wp-gallery168\" class=\"kad-wp-gallery gallery kt-gallery-column-3 init-isotope-intrinsic reinit-isotope kad-light-wp-gallery clearfix rowtight\" data-fade-in=\"1\" data-iso-selector=\".g_item\" data-iso-style=\"masonry\" data-iso-filter=\"false\"><div class=\"tcol-lg-4 tcol-md-4 tcol-sm-4 tcol-xs-6 tcol-ss-12 g_item\"><div class=\"grid_item kt_item_fade_in kad_gallery_fade_in gallery_item\"><a href=\"https:\/\/nmcontemporaneo.com\/wp-content\/uploads\/2015\/05\/img75.jpg\" data-rel=\"lightbox\" class=\"lightboxhover\"><div class=\"kt-intrinsic\" style=\"padding-bottom:66.393442622951%;\"><div itemprop=\"image\" itemscope itemtype=\"https:\/\/schema.org\/ImageObject\"><img loading=\"lazy\" decoding=\"async\" width=\"366\" height=\"243\" src=\"https:\/\/nmcontemporaneo.com\/wp-content\/uploads\/2015\/05\/img75-366x243.jpg\" srcset=\"https:\/\/nmcontemporaneo.com\/wp-content\/uploads\/2015\/05\/img75-366x243.jpg 366w, https:\/\/nmcontemporaneo.com\/wp-content\/uploads\/2015\/05\/img75-300x199.jpg 300w, https:\/\/nmcontemporaneo.com\/wp-content\/uploads\/2015\/05\/img75-272x182.jpg 272w, https:\/\/nmcontemporaneo.com\/wp-content\/uploads\/2015\/05\/img75.jpg 723w\" sizes=\"auto, (max-width: 366px) 100vw, 366px\" data-caption=\"C\u00f3dice de los animales, L\u00e1pices de color y plumones, 712x 135 cm, 2015\" class=\"light-dropshaddow\" itemprop=\"contentUrl\" alt=\"\"><meta itemprop=\"url\" content=\"https:\/\/nmcontemporaneo.com\/wp-content\/uploads\/2015\/05\/img75-366x243.jpg\"><meta itemprop=\"width\" content=\"366px\"><meta itemprop=\"height\" content=\"243px\"><\/div><\/div><div class=\"caption kad_caption\"><div class=\"kad_caption_inner\">C\u00f3dice de los animales, L\u00e1pices de color y plumones, 712x 135 cm, 2015<\/div><\/div><\/a><\/div><\/div><div class=\"tcol-lg-4 tcol-md-4 tcol-sm-4 tcol-xs-6 tcol-ss-12 g_item\"><div class=\"grid_item kt_item_fade_in kad_gallery_fade_in gallery_item\"><a href=\"https:\/\/nmcontemporaneo.com\/wp-content\/uploads\/2015\/05\/L-ch-rosa-2.jpg\" data-rel=\"lightbox\" class=\"lightboxhover\"><div class=\"kt-intrinsic\" style=\"padding-bottom:62.021857923497%;\"><div itemprop=\"image\" itemscope itemtype=\"https:\/\/schema.org\/ImageObject\"><img loading=\"lazy\" decoding=\"async\" width=\"366\" height=\"227\" src=\"https:\/\/nmcontemporaneo.com\/wp-content\/uploads\/2015\/05\/L-ch-rosa-2-366x227.jpg\" srcset=\"https:\/\/nmcontemporaneo.com\/wp-content\/uploads\/2015\/05\/L-ch-rosa-2-366x227.jpg 366w, https:\/\/nmcontemporaneo.com\/wp-content\/uploads\/2015\/05\/L-ch-rosa-2-300x186.jpg 300w, https:\/\/nmcontemporaneo.com\/wp-content\/uploads\/2015\/05\/L-ch-rosa-2-80x50.jpg 80w, https:\/\/nmcontemporaneo.com\/wp-content\/uploads\/2015\/05\/L-ch-rosa-2.jpg 700w\" sizes=\"auto, (max-width: 366px) 100vw, 366px\" data-caption=\"Libro Rosa, Libro de artista, 14 x 9 cm, 2017\" class=\"light-dropshaddow\" itemprop=\"contentUrl\" alt=\"\"><meta itemprop=\"url\" content=\"https:\/\/nmcontemporaneo.com\/wp-content\/uploads\/2015\/05\/L-ch-rosa-2-366x227.jpg\"><meta itemprop=\"width\" content=\"366px\"><meta itemprop=\"height\" content=\"227px\"><\/div><\/div><div class=\"caption kad_caption\"><div class=\"kad_caption_inner\">Libro Rosa, Libro de artista, 14 x 9 cm, 2017<\/div><\/div><\/a><\/div><\/div><div class=\"tcol-lg-4 tcol-md-4 tcol-sm-4 tcol-xs-6 tcol-ss-12 g_item\"><div class=\"grid_item kt_item_fade_in kad_gallery_fade_in gallery_item\"><a href=\"https:\/\/nmcontemporaneo.com\/wp-content\/uploads\/2015\/05\/L-ch-profiter-1.jpg\" data-rel=\"lightbox\" class=\"lightboxhover\"><div class=\"kt-intrinsic\" style=\"padding-bottom:50.819672131148%;\"><div itemprop=\"image\" itemscope itemtype=\"https:\/\/schema.org\/ImageObject\"><img loading=\"lazy\" decoding=\"async\" width=\"366\" height=\"186\" src=\"https:\/\/nmcontemporaneo.com\/wp-content\/uploads\/2015\/05\/L-ch-profiter-1-366x186.jpg\" srcset=\"https:\/\/nmcontemporaneo.com\/wp-content\/uploads\/2015\/05\/L-ch-profiter-1-366x186.jpg 366w, https:\/\/nmcontemporaneo.com\/wp-content\/uploads\/2015\/05\/L-ch-profiter-1-300x152.jpg 300w, https:\/\/nmcontemporaneo.com\/wp-content\/uploads\/2015\/05\/L-ch-profiter-1.jpg 700w\" sizes=\"auto, (max-width: 366px) 100vw, 366px\" data-caption=\"Yegua, Libro de artista, 14 x 9 cm, 2017\" class=\"light-dropshaddow\" itemprop=\"contentUrl\" alt=\"\"><meta itemprop=\"url\" content=\"https:\/\/nmcontemporaneo.com\/wp-content\/uploads\/2015\/05\/L-ch-profiter-1-366x186.jpg\"><meta itemprop=\"width\" content=\"366px\"><meta itemprop=\"height\" content=\"186px\"><\/div><\/div><div class=\"caption kad_caption\"><div class=\"kad_caption_inner\">Yegua, Libro de artista, 14 x 9 cm, 2017<\/div><\/div><\/a><\/div><\/div><div class=\"tcol-lg-4 tcol-md-4 tcol-sm-4 tcol-xs-6 tcol-ss-12 g_item\"><div class=\"grid_item kt_item_fade_in kad_gallery_fade_in gallery_item\"><a href=\"https:\/\/nmcontemporaneo.com\/wp-content\/uploads\/2015\/05\/L-ch-melancolia-2.jpg\" data-rel=\"lightbox\" class=\"lightboxhover\"><div class=\"kt-intrinsic\" style=\"padding-bottom:51.912568306011%;\"><div itemprop=\"image\" itemscope itemtype=\"https:\/\/schema.org\/ImageObject\"><img loading=\"lazy\" decoding=\"async\" width=\"366\" height=\"190\" src=\"https:\/\/nmcontemporaneo.com\/wp-content\/uploads\/2015\/05\/L-ch-melancolia-2-366x190.jpg\" srcset=\"https:\/\/nmcontemporaneo.com\/wp-content\/uploads\/2015\/05\/L-ch-melancolia-2-366x190.jpg 366w, https:\/\/nmcontemporaneo.com\/wp-content\/uploads\/2015\/05\/L-ch-melancolia-2-300x156.jpg 300w, https:\/\/nmcontemporaneo.com\/wp-content\/uploads\/2015\/05\/L-ch-melancolia-2.jpg 700w\" sizes=\"auto, (max-width: 366px) 100vw, 366px\" data-caption=\"Paisaje Melancol\u00eda, Libro de artista, 14 x 9 cm, 2016\" class=\"light-dropshaddow\" itemprop=\"contentUrl\" alt=\"\"><meta itemprop=\"url\" content=\"https:\/\/nmcontemporaneo.com\/wp-content\/uploads\/2015\/05\/L-ch-melancolia-2-366x190.jpg\"><meta itemprop=\"width\" content=\"366px\"><meta itemprop=\"height\" content=\"190px\"><\/div><\/div><div class=\"caption kad_caption\"><div class=\"kad_caption_inner\">Paisaje Melancol\u00eda, Libro de artista, 14 x 9 cm, 2016<\/div><\/div><\/a><\/div><\/div><div class=\"tcol-lg-4 tcol-md-4 tcol-sm-4 tcol-xs-6 tcol-ss-12 g_item\"><div class=\"grid_item kt_item_fade_in kad_gallery_fade_in gallery_item\"><a href=\"https:\/\/nmcontemporaneo.com\/wp-content\/uploads\/2015\/05\/L-ch-merde-6.jpg\" data-rel=\"lightbox\" class=\"lightboxhover\"><div class=\"kt-intrinsic\" style=\"padding-bottom:39.617486338798%;\"><div itemprop=\"image\" itemscope itemtype=\"https:\/\/schema.org\/ImageObject\"><img loading=\"lazy\" decoding=\"async\" width=\"366\" height=\"145\" src=\"https:\/\/nmcontemporaneo.com\/wp-content\/uploads\/2015\/05\/L-ch-merde-6-366x145.jpg\" srcset=\"https:\/\/nmcontemporaneo.com\/wp-content\/uploads\/2015\/05\/L-ch-merde-6-366x145.jpg 366w, https:\/\/nmcontemporaneo.com\/wp-content\/uploads\/2015\/05\/L-ch-merde-6-300x119.jpg 300w, https:\/\/nmcontemporaneo.com\/wp-content\/uploads\/2015\/05\/L-ch-merde-6.jpg 700w\" sizes=\"auto, (max-width: 366px) 100vw, 366px\" data-caption=\"Larmes, Libro de artista, 14 x 9 cm,2016\" class=\"light-dropshaddow\" itemprop=\"contentUrl\" alt=\"\"><meta itemprop=\"url\" content=\"https:\/\/nmcontemporaneo.com\/wp-content\/uploads\/2015\/05\/L-ch-merde-6-366x145.jpg\"><meta itemprop=\"width\" content=\"366px\"><meta itemprop=\"height\" content=\"145px\"><\/div><\/div><div class=\"caption kad_caption\"><div class=\"kad_caption_inner\">Larmes, Libro de artista, 14 x 9 cm,2016<\/div><\/div><\/a><\/div><\/div><div class=\"tcol-lg-4 tcol-md-4 tcol-sm-4 tcol-xs-6 tcol-ss-12 g_item\"><div class=\"grid_item kt_item_fade_in kad_gallery_fade_in gallery_item\"><a href=\"https:\/\/nmcontemporaneo.com\/wp-content\/uploads\/2015\/05\/L-G-merci-2-.jpg\" data-rel=\"lightbox\" class=\"lightboxhover\"><div class=\"kt-intrinsic\" style=\"padding-bottom:42.622950819672%;\"><div itemprop=\"image\" itemscope itemtype=\"https:\/\/schema.org\/ImageObject\"><img loading=\"lazy\" decoding=\"async\" width=\"366\" height=\"156\" src=\"https:\/\/nmcontemporaneo.com\/wp-content\/uploads\/2015\/05\/L-G-merci-2--366x156.jpg\" srcset=\"https:\/\/nmcontemporaneo.com\/wp-content\/uploads\/2015\/05\/L-G-merci-2--366x156.jpg 366w, https:\/\/nmcontemporaneo.com\/wp-content\/uploads\/2015\/05\/L-G-merci-2--300x128.jpg 300w, https:\/\/nmcontemporaneo.com\/wp-content\/uploads\/2015\/05\/L-G-merci-2-.jpg 700w\" sizes=\"auto, (max-width: 366px) 100vw, 366px\" data-caption=\"Des\u00f3rdenes en Plural, Libro de artista, 21 x 13.5 cm, 2015\" class=\"light-dropshaddow\" itemprop=\"contentUrl\" alt=\"\"><meta itemprop=\"url\" content=\"https:\/\/nmcontemporaneo.com\/wp-content\/uploads\/2015\/05\/L-G-merci-2--366x156.jpg\"><meta itemprop=\"width\" content=\"366px\"><meta itemprop=\"height\" content=\"156px\"><\/div><\/div><div class=\"caption kad_caption\"><div class=\"kad_caption_inner\">Des\u00f3rdenes en Plural, Libro de artista, 21 x 13.5 cm, 2015<\/div><\/div><\/a><\/div><\/div><div class=\"tcol-lg-4 tcol-md-4 tcol-sm-4 tcol-xs-6 tcol-ss-12 g_item\"><div class=\"grid_item kt_item_fade_in kad_gallery_fade_in gallery_item\"><a href=\"https:\/\/nmcontemporaneo.com\/wp-content\/uploads\/2015\/05\/L-G-salope-1.jpg\" data-rel=\"lightbox\" class=\"lightboxhover\"><div class=\"kt-intrinsic\" style=\"padding-bottom:75.409836065574%;\"><div itemprop=\"image\" itemscope itemtype=\"https:\/\/schema.org\/ImageObject\"><img loading=\"lazy\" decoding=\"async\" width=\"366\" height=\"276\" src=\"https:\/\/nmcontemporaneo.com\/wp-content\/uploads\/2015\/05\/L-G-salope-1-366x276.jpg\" srcset=\"https:\/\/nmcontemporaneo.com\/wp-content\/uploads\/2015\/05\/L-G-salope-1-366x276.jpg 366w, https:\/\/nmcontemporaneo.com\/wp-content\/uploads\/2015\/05\/L-G-salope-1-300x226.jpg 300w, https:\/\/nmcontemporaneo.com\/wp-content\/uploads\/2015\/05\/L-G-salope-1.jpg 700w\" sizes=\"auto, (max-width: 366px) 100vw, 366px\" data-caption=\"Des\u00f3rdenes, Libro de artista, 21 x 13.5 cm, 2015\" class=\"light-dropshaddow\" itemprop=\"contentUrl\" alt=\"\"><meta itemprop=\"url\" content=\"https:\/\/nmcontemporaneo.com\/wp-content\/uploads\/2015\/05\/L-G-salope-1-366x276.jpg\"><meta itemprop=\"width\" content=\"366px\"><meta itemprop=\"height\" content=\"276px\"><\/div><\/div><div class=\"caption kad_caption\"><div class=\"kad_caption_inner\">Des\u00f3rdenes, Libro de artista, 21 x 13.5 cm, 2015<\/div><\/div><\/a><\/div><\/div><div class=\"tcol-lg-4 tcol-md-4 tcol-sm-4 tcol-xs-6 tcol-ss-12 g_item\"><div class=\"grid_item kt_item_fade_in kad_gallery_fade_in gallery_item\"><a href=\"https:\/\/nmcontemporaneo.com\/wp-content\/uploads\/2015\/05\/Captura-de-pantalla-2015-05-04-a-las-1.18.59.png\" data-rel=\"lightbox\" class=\"lightboxhover\"><div class=\"kt-intrinsic\" style=\"padding-bottom:75.409836065574%;\"><div itemprop=\"image\" itemscope itemtype=\"https:\/\/schema.org\/ImageObject\"><img loading=\"lazy\" decoding=\"async\" width=\"366\" height=\"276\" src=\"https:\/\/nmcontemporaneo.com\/wp-content\/uploads\/2015\/05\/Captura-de-pantalla-2015-05-04-a-las-1.18.59-366x276.png\" srcset=\"https:\/\/nmcontemporaneo.com\/wp-content\/uploads\/2015\/05\/Captura-de-pantalla-2015-05-04-a-las-1.18.59-366x276.png 366w, https:\/\/nmcontemporaneo.com\/wp-content\/uploads\/2015\/05\/Captura-de-pantalla-2015-05-04-a-las-1.18.59-300x226.png 300w, https:\/\/nmcontemporaneo.com\/wp-content\/uploads\/2015\/05\/Captura-de-pantalla-2015-05-04-a-las-1.18.59.png 490w\" sizes=\"auto, (max-width: 366px) 100vw, 366px\" data-caption=\"GRIS PARDO, Imagen intervenida con dibujo y piedras pintadas sobre una mesa, 100 x 80 cm. 2013\" class=\"light-dropshaddow\" itemprop=\"contentUrl\" alt=\"\"><meta itemprop=\"url\" content=\"https:\/\/nmcontemporaneo.com\/wp-content\/uploads\/2015\/05\/Captura-de-pantalla-2015-05-04-a-las-1.18.59-366x276.png\"><meta itemprop=\"width\" content=\"366px\"><meta itemprop=\"height\" content=\"276px\"><\/div><\/div><div class=\"caption kad_caption\"><div class=\"kad_caption_inner\">GRIS PARDO, Imagen intervenida con dibujo y piedras pintadas sobre una mesa, 100 x 80 cm. 2013<\/div><\/div><\/a><\/div><\/div><div class=\"tcol-lg-4 tcol-md-4 tcol-sm-4 tcol-xs-6 tcol-ss-12 g_item\"><div class=\"grid_item kt_item_fade_in kad_gallery_fade_in gallery_item\"><a href=\"https:\/\/nmcontemporaneo.com\/wp-content\/uploads\/2015\/05\/YaniebFabre_SoyPuto.jpg\" data-rel=\"lightbox\" class=\"lightboxhover\"><div class=\"kt-intrinsic\" style=\"padding-bottom:75.956284153005%;\"><div itemprop=\"image\" itemscope itemtype=\"https:\/\/schema.org\/ImageObject\"><img loading=\"lazy\" decoding=\"async\" width=\"366\" height=\"278\" src=\"https:\/\/nmcontemporaneo.com\/wp-content\/uploads\/2015\/05\/YaniebFabre_SoyPuto-366x278.jpg\" srcset=\"https:\/\/nmcontemporaneo.com\/wp-content\/uploads\/2015\/05\/YaniebFabre_SoyPuto-366x278.jpg 366w, https:\/\/nmcontemporaneo.com\/wp-content\/uploads\/2015\/05\/YaniebFabre_SoyPuto-300x228.jpg 300w, https:\/\/nmcontemporaneo.com\/wp-content\/uploads\/2015\/05\/YaniebFabre_SoyPuto-1024x777.jpg 1024w, https:\/\/nmcontemporaneo.com\/wp-content\/uploads\/2015\/05\/YaniebFabre_SoyPuto-732x556.jpg 732w, https:\/\/nmcontemporaneo.com\/wp-content\/uploads\/2015\/05\/YaniebFabre_SoyPuto.jpg 1050w\" sizes=\"auto, (max-width: 366px) 100vw, 366px\" data-caption=\"SOY PUTO, Imagen intervenida con dibujo papel albanenem, 25 x 18 cm. 2013\" class=\"light-dropshaddow\" itemprop=\"contentUrl\" alt=\"\"><meta itemprop=\"url\" content=\"https:\/\/nmcontemporaneo.com\/wp-content\/uploads\/2015\/05\/YaniebFabre_SoyPuto-366x278.jpg\"><meta itemprop=\"width\" content=\"366px\"><meta itemprop=\"height\" content=\"278px\"><\/div><\/div><div class=\"caption kad_caption\"><div class=\"kad_caption_inner\">SOY PUTO, Imagen intervenida con dibujo papel albanenem, 25 x 18 cm. 2013<\/div><\/div><\/a><\/div><\/div><\/div>\n<p style=\"text-align: justify;\">Artista que ha incursionado en diferentes disciplinas. Su trabajo est\u00e1 relacionado con el erotismo, el deseo y la memoria. Su obra se distingue con diferencias de formatos apeg\u00e1ndose a la experiencia est\u00e9tica de una manera personal. Egresada de la Maestr\u00eda en Artes de la U.A.E.M. y del Programa Regular (SOMA).<\/p>\n\n<div class=\"sp-wrap sp-wrap-default\">\n<div class=\"sp-head\" title=\"Expandir\">\nCurr\u00edculum Vitae\n<\/div>\n<div class=\"sp-body folded\">\n<p><strong>Yanieb Fabr\u00e9<\/strong><\/p>\n<p>Egresada de la Maestr\u00eda en Artes de la U.A.E.M. y del Programa Regular (SOMA). Su trabajo se ha presentado en diferentes exposiciones de manera individual y colectiva, entre las que destacan ego estaba de mi lado 2009, estudios abierto SOMA 2011 Y 2012, NM Contempor\u00e1neo, con la exposici\u00f3n Recto-Verso; Centro Cultural de Espa\u00f1a en M\u00e9xico 2013 con Demasiado Futuro; Quimeras Migrantes Par\u00eds, Francia 2014.<\/p>\n<p><strong>Formaci\u00f3n<\/strong><\/p>\n<p>2011-2013 Integrante del programa educativo completo SOMA, M\u00e9xico, D.F.<br \/>\n2009-2012 Maestr\u00eda en Artes, Universidad Aut\u00f3noma del Estado de Morelos, Cuernavaca, Mor.<br \/>\n2004-2008 Licenciatura en Artes Visuales, Centro Morelense de las Artes, Cuernavaca, Mor.<br \/>\n2012 Taller de dibujo y movimiento, La casa del tiempo, impartido por la Mtra. Galia Eibenschutz.<br \/>\n2011 Taller de Danza e Instalaci\u00f3n, Centro de Formaci\u00f3n y Producci\u00f3n Coreogr\u00e1fica en Morelos.<br \/>\n2010 Taller de Libro de Artista impartido por la Mtra. Magali Lara.<br \/>\n2008 Taller de fotograf\u00eda \u201cqu\u00e9 decir y c\u00f3mo decirlo\u201d impartido por el Mtro. Gerardo Suter.<\/p>\n<p><strong>Exposiciones Individuales<\/strong><\/p>\n<p>2015 &#8211; 2016 &#8211; Ad\u00e8le H. Un salto entre dos mundos, Barcelona, Espa\u00f1a.<br \/>\n2014 -Estudio Abierto, Ciudad Internacional de las Artes, Paris, Francia.<br \/>\n2009 -Ego estaba de mi lado, Galer\u00eda Centro Morelense de las Artes, Cuernavaca, M\u00e9xico.<\/p>\n<p><strong>Exposiciones Colectivas<\/strong><\/p>\n<p>2017 La Petite Mort, Instituto Cultural de M\u00e9xico, Paris, France.<br \/>\n2016 With Mexico, From Love,Queen\u2019s square Gallery, Cambridge, Canada<br \/>\n2016 Qui sont les animaux?, museo Chasse et de la Nature, Paris, Francia.<br \/>\n2016 Cap\u00edtulo Cero, Galeria de Arte Mexicano, D.F. , M\u00e9xico.<br \/>\n2016 Nosotros ya no somos los mismos, Centro Cultural Matucana 100, Santiago, Chile.<br \/>\n2015 Despu\u00e9s del Ed\u00e9n, SAPS, la Tallera, Cuernavaca, M\u00e9xico.<br \/>\n2015 Creaci\u00f3n en Movimiento, Centro de las Artes de San Agust\u00edn, Oaxaca, M\u00e9xico.<br \/>\n2015 Qui sont les animaux?, museo Chasse et de la Nature, Paris, Francia.<br \/>\n2015 Photo Espa\u00f1a, Casa de America, Trasatl\u00e1ntica, Madrid, Espa\u00f1a.<br \/>\n2015 De la escultura al archivo, Centro de la Imagen, D. F., M\u00e9xico<br \/>\n2015 De la escultura al archivo, Fototeca Nuevo Le\u00f3n, Centro de las Artes, Monterrey, M\u00e9xico.<br \/>\n2015 Photo Espa\u00f1a, Trasatl\u00e1ntica, Centro de la Imagen, D. F. M\u00e9xico<br \/>\n2015 Bienal Nacional del Paisaje; Museo de Arte Carrillo Gil, D.F., M\u00e9xico.<br \/>\n2014 Bienal Nacional del Paisaje; Museo de Arte de Sonora, Musas, Sonora, M\u00e9xico.<br \/>\n2014 Quimeras Migrantes, Instituto Cultural de M\u00e9xico, Par\u00eds, Francia<br \/>\n2013 Demasiado Futuro, Centro Cultural de Espa\u00f1a en M\u00e9xico, M\u00e9x, D. F.<br \/>\nAffordable Art Fair, Expo Reforma, M\u00e9x. D.F.<br \/>\nEspacio Urbano, Galer\u00eda NM Contempor\u00e1neo, Cuernavaca, Mor.<br \/>\nRecto-Verso, Galer\u00eda NM Contempor\u00e1neo, Cuernavaca, Mor.<br \/>\nKarmadoom, Centro Cultural del M\u00e9xico Contempor\u00e1neo, M\u00e9x, D.F.<br \/>\n2012 Estudio abierto, SOMA, M\u00e9x. D.F.<br \/>\nMercado de pretenciosidades, Galer\u00eda del Centro Morelense de las Artes Cuernavaca, Mor<br \/>\nArrullo de Luna, Galer\u00eda del Centro Morelense de las Artes Cuernavaca, Mor.<br \/>\n2011 Estudio abierto, SOMA, M\u00e9x. D.F.<br \/>\nVersalles, un proyecto propuesto por Jorge Mendez Blake, SOMA, M\u00e9x, D.F.<br \/>\nJornada de multimedios, Galer\u00eda Centro Morelense de las Artes, Cuernavaca, Mor.<br \/>\n2009 Psique entr\u00f3 por la ventana, Galer\u00eda Centro Morelense de las Artes, Cuernavca, Mor.<br \/>\n2007 Antojo de Chocolate, Galer\u00eda Centro Morelense de las Artes Cuernavaca, Mor.<br \/>\nNo te calientes plancha, Museo La Casona de Spencer, Cuernavaca, Mor.<br \/>\n2006 Sopita Caliente, Galer\u00eda Centro Morelense de las Artes, Cuernavaca, Mor.<br \/>\nComo la clara de huevo, Galer\u00eda Centro Morelense de las Artes, Cuernavaca, Mor.<br \/>\n2005 160 Artistas en Morelos, Galer\u00eda Centro Cultural Universitario, Cuernavaca, Mor.<br \/>\n04 \u2013 05, Galer\u00eda Centro Morelense de las Artes, Cuernavaca, Mor.<\/p>\n<p><strong>Becas<\/strong><\/p>\n<p>2016-2017 J\u00f3venes Creadores, FONCA, CONACULTA, M\u00e9xico.<br \/>\n2014-2015 J\u00f3venes Creadores, FONCA, CONACULTA, M\u00e9xico<br \/>\n2012 J\u00f3venes Creadores, PECDA, Instituto de Cultura de Morelos<br \/>\n2009 J\u00f3venes Creadores, FOECA, Instituto de Cultura de Morelos.<br \/>\n2007 J\u00f3venes Creadores, FOECA, Instituto de Cultura de Morelos.<\/p>\n<p><strong>Otros<\/strong><br \/>\n2011 Coloquio de Maestr\u00eda en Artes, ponencia Redefiniendo la Hysteria, Facultad de Artes, UAEM<br \/>\n2010 Coloquio de Maestr\u00eda en Artes, ponencia Redefiniendo la Hysteria, Facultad de Artes, UAEM<br \/>\n2009 Conferencia \u201c La presencia de mi cuerpo como poder\u201d Facultad de Artes, UAEM<\/p>\n<div class=\"spdiv\">[plegar]<\/div>\n<\/div>\n<\/div>\n\n","protected":false},"excerpt":{"rendered":"<p>&lt;&lt; Ant. | Artistas | Sig. &gt;&gt; Artista que ha incursionado en diferentes disciplinas. Su trabajo est\u00e1 relacionado con el erotismo, el deseo y la memoria. Su obra se distingue con diferencias de formatos apeg\u00e1ndose a la experiencia est\u00e9tica de &hellip; <a class=\"kt-excerpt-readmore\" href=\"https:\/\/nmcontemporaneo.com\/es\/catalogo\/arte-emergente\/yanieb-fabre\/\" aria-label=\"Yanieb Fabr\u00e9\">Read More<\/a><\/p>\n","protected":false},"author":25,"featured_media":0,"parent":596,"menu_order":0,"comment_status":"open","ping_status":"closed","template":"page-fullwidth.php","meta":{"kt_blocks_editor_width":"","footnotes":""},"class_list":["post-6435","page","type-page","status-publish","hentry"],"_links":{"self":[{"href":"https:\/\/nmcontemporaneo.com\/es\/wp-json\/wp\/v2\/pages\/6435","targetHints":{"allow":["GET"]}}],"collection":[{"href":"https:\/\/nmcontemporaneo.com\/es\/wp-json\/wp\/v2\/pages"}],"about":[{"href":"https:\/\/nmcontemporaneo.com\/es\/wp-json\/wp\/v2\/types\/page"}],"author":[{"embeddable":true,"href":"https:\/\/nmcontemporaneo.com\/es\/wp-json\/wp\/v2\/users\/25"}],"replies":[{"embeddable":true,"href":"https:\/\/nmcontemporaneo.com\/es\/wp-json\/wp\/v2\/comments?post=6435"}],"version-history":[{"count":2,"href":"https:\/\/nmcontemporaneo.com\/es\/wp-json\/wp\/v2\/pages\/6435\/revisions"}],"predecessor-version":[{"id":14254,"href":"https:\/\/nmcontemporaneo.com\/es\/wp-json\/wp\/v2\/pages\/6435\/revisions\/14254"}],"up":[{"embeddable":true,"href":"https:\/\/nmcontemporaneo.com\/es\/wp-json\/wp\/v2\/pages\/596"}],"wp:attachment":[{"href":"https:\/\/nmcontemporaneo.com\/es\/wp-json\/wp\/v2\/media?parent=6435"}],"curies":[{"name":"wp","href":"https:\/\/api.w.org\/{rel}","templated":true}]}}