{"id":6525,"date":"2022-05-06T00:14:37","date_gmt":"2022-05-06T06:14:37","guid":{"rendered":"http:\/\/nmcontemporaneo.com\/beta\/?page_id=6525"},"modified":"2025-06-21T00:30:46","modified_gmt":"2025-06-21T06:30:46","slug":"agustin-santoyo","status":"publish","type":"page","link":"https:\/\/nmcontemporaneo.com\/es\/catalogo\/arte-emergente\/agustin-santoyo\/","title":{"rendered":"Agust\u00edn Santoyo"},"content":{"rendered":"<p style=\"text-align: center; font-family: Century Gothic;\"><a href=\"..\/minerva-ayon\/\">&lt;&lt; Ant.<\/a> | <a href=\"\/catalogo\/todos-los-artistas\/\">Artistas<\/a> | <a href=\"..\/pamela-zubillaga\/\">Sig.\u00a0 &gt;&gt;<\/a><\/p>\n<div id=\"kad-wp-gallery638\" class=\"kad-wp-gallery gallery kt-gallery-column-3 init-isotope-intrinsic reinit-isotope kad-light-wp-gallery clearfix rowtight\" data-fade-in=\"1\" data-iso-selector=\".g_item\" data-iso-style=\"masonry\" data-iso-filter=\"false\"><div class=\"tcol-lg-4 tcol-md-4 tcol-sm-4 tcol-xs-6 tcol-ss-12 g_item\"><div class=\"grid_item kt_item_fade_in kad_gallery_fade_in gallery_item\"><a href=\"https:\/\/nmcontemporaneo.com\/wp-content\/uploads\/2015\/05\/Screen-Shot-2015-01-29-at-5.56.48-PM.png\" data-rel=\"lightbox\" class=\"lightboxhover\"><div class=\"kt-intrinsic\" style=\"padding-bottom:138.25136612022%;\"><div itemprop=\"image\" itemscope itemtype=\"https:\/\/schema.org\/ImageObject\"><img loading=\"lazy\" decoding=\"async\" width=\"366\" height=\"506\" src=\"https:\/\/nmcontemporaneo.com\/wp-content\/uploads\/2015\/05\/Screen-Shot-2015-01-29-at-5.56.48-PM-366x506.png\" srcset=\"https:\/\/nmcontemporaneo.com\/wp-content\/uploads\/2015\/05\/Screen-Shot-2015-01-29-at-5.56.48-PM-366x506.png 366w, https:\/\/nmcontemporaneo.com\/wp-content\/uploads\/2015\/05\/Screen-Shot-2015-01-29-at-5.56.48-PM-217x300.png 217w, https:\/\/nmcontemporaneo.com\/wp-content\/uploads\/2015\/05\/Screen-Shot-2015-01-29-at-5.56.48-PM.png 520w\" sizes=\"auto, (max-width: 366px) 100vw, 366px\" data-caption=\"Matriarca m\u00edstica de la fertilidad mexicana. Acr\u00edlico sobre tela 120 x 90 cm\" class=\"light-dropshaddow\" itemprop=\"contentUrl\" alt=\"\"><meta itemprop=\"url\" content=\"https:\/\/nmcontemporaneo.com\/wp-content\/uploads\/2015\/05\/Screen-Shot-2015-01-29-at-5.56.48-PM-366x506.png\"><meta itemprop=\"width\" content=\"366px\"><meta itemprop=\"height\" content=\"506px\"><\/div><\/div><div class=\"caption kad_caption\"><div class=\"kad_caption_inner\">Matriarca m\u00edstica de la fertilidad mexicana. Acr\u00edlico sobre tela 120 x 90 cm<\/div><\/div><\/a><\/div><\/div><div class=\"tcol-lg-4 tcol-md-4 tcol-sm-4 tcol-xs-6 tcol-ss-12 g_item\"><div class=\"grid_item kt_item_fade_in kad_gallery_fade_in gallery_item\"><a href=\"https:\/\/nmcontemporaneo.com\/wp-content\/uploads\/2015\/05\/2.jpg\" data-rel=\"lightbox\" class=\"lightboxhover\"><div class=\"kt-intrinsic\" style=\"padding-bottom:66.666666666667%;\"><div itemprop=\"image\" itemscope itemtype=\"https:\/\/schema.org\/ImageObject\"><img loading=\"lazy\" decoding=\"async\" width=\"366\" height=\"244\" src=\"https:\/\/nmcontemporaneo.com\/wp-content\/uploads\/2015\/05\/2-366x244.jpg\" srcset=\"https:\/\/nmcontemporaneo.com\/wp-content\/uploads\/2015\/05\/2-366x244.jpg 366w, https:\/\/nmcontemporaneo.com\/wp-content\/uploads\/2015\/05\/2-300x200.jpg 300w, https:\/\/nmcontemporaneo.com\/wp-content\/uploads\/2015\/05\/2-272x182.jpg 272w, https:\/\/nmcontemporaneo.com\/wp-content\/uploads\/2015\/05\/2.jpg 700w\" sizes=\"auto, (max-width: 366px) 100vw, 366px\" data-caption=\"Estuche, Acri\u0301lico sobre tela, 120 x90 cm, 2009\" class=\"light-dropshaddow\" itemprop=\"contentUrl\" alt=\"\"><meta itemprop=\"url\" content=\"https:\/\/nmcontemporaneo.com\/wp-content\/uploads\/2015\/05\/2-366x244.jpg\"><meta itemprop=\"width\" content=\"366px\"><meta itemprop=\"height\" content=\"244px\"><\/div><\/div><div class=\"caption kad_caption\"><div class=\"kad_caption_inner\">Estuche, Acri\u0301lico sobre tela, 120 x90 cm, 2009<\/div><\/div><\/a><\/div><\/div><div class=\"tcol-lg-4 tcol-md-4 tcol-sm-4 tcol-xs-6 tcol-ss-12 g_item\"><div class=\"grid_item kt_item_fade_in kad_gallery_fade_in gallery_item\"><a href=\"https:\/\/nmcontemporaneo.com\/wp-content\/uploads\/2015\/05\/Agusti\u0301nSantoyo41.jpg\" data-rel=\"lightbox\" class=\"lightboxhover\"><div class=\"kt-intrinsic\" style=\"padding-bottom:66.666666666667%;\"><div itemprop=\"image\" itemscope itemtype=\"https:\/\/schema.org\/ImageObject\"><img loading=\"lazy\" decoding=\"async\" width=\"366\" height=\"244\" src=\"https:\/\/nmcontemporaneo.com\/wp-content\/uploads\/2015\/05\/Agusti\u0301nSantoyo41-366x244.jpg\" srcset=\"https:\/\/nmcontemporaneo.com\/wp-content\/uploads\/2015\/05\/Agusti\u0301nSantoyo41-366x244.jpg 366w, https:\/\/nmcontemporaneo.com\/wp-content\/uploads\/2015\/05\/Agusti\u0301nSantoyo41-300x200.jpg 300w, https:\/\/nmcontemporaneo.com\/wp-content\/uploads\/2015\/05\/Agusti\u0301nSantoyo41-272x182.jpg 272w, https:\/\/nmcontemporaneo.com\/wp-content\/uploads\/2015\/05\/Agusti\u0301nSantoyo41.jpg 700w\" sizes=\"auto, (max-width: 366px) 100vw, 366px\" data-caption=\"Vamos por todo, Acri\u0301lico sobre tela, 120 x 90 cm, 2009\" class=\"light-dropshaddow\" itemprop=\"contentUrl\" alt=\"\"><meta itemprop=\"url\" content=\"https:\/\/nmcontemporaneo.com\/wp-content\/uploads\/2015\/05\/Agusti\u0301nSantoyo41-366x244.jpg\"><meta itemprop=\"width\" content=\"366px\"><meta itemprop=\"height\" content=\"244px\"><\/div><\/div><div class=\"caption kad_caption\"><div class=\"kad_caption_inner\">Vamos por todo, Acri\u0301lico sobre tela, 120 x 90 cm, 2009<\/div><\/div><\/a><\/div><\/div><div class=\"tcol-lg-4 tcol-md-4 tcol-sm-4 tcol-xs-6 tcol-ss-12 g_item\"><div class=\"grid_item kt_item_fade_in kad_gallery_fade_in gallery_item\"><a href=\"https:\/\/nmcontemporaneo.com\/wp-content\/uploads\/2015\/05\/1.jpg\" data-rel=\"lightbox\" class=\"lightboxhover\"><div class=\"kt-intrinsic\" style=\"padding-bottom:125.13661202186%;\"><div itemprop=\"image\" itemscope itemtype=\"https:\/\/schema.org\/ImageObject\"><img loading=\"lazy\" decoding=\"async\" width=\"366\" height=\"458\" src=\"https:\/\/nmcontemporaneo.com\/wp-content\/uploads\/2015\/05\/1-366x458.jpg\" srcset=\"https:\/\/nmcontemporaneo.com\/wp-content\/uploads\/2015\/05\/1-366x458.jpg 366w, https:\/\/nmcontemporaneo.com\/wp-content\/uploads\/2015\/05\/1-240x300.jpg 240w, https:\/\/nmcontemporaneo.com\/wp-content\/uploads\/2015\/05\/1.jpg 700w\" sizes=\"auto, (max-width: 366px) 100vw, 366px\" data-caption=\"Sin ti\u0301tulo, Papel picado, 57 x 46 cm, 2017\" class=\"light-dropshaddow\" itemprop=\"contentUrl\" alt=\"\"><meta itemprop=\"url\" content=\"https:\/\/nmcontemporaneo.com\/wp-content\/uploads\/2015\/05\/1-366x458.jpg\"><meta itemprop=\"width\" content=\"366px\"><meta itemprop=\"height\" content=\"458px\"><\/div><\/div><div class=\"caption kad_caption\"><div class=\"kad_caption_inner\">Sin ti\u0301tulo, Papel picado, 57 x 46 cm, 2017<\/div><\/div><\/a><\/div><\/div><div class=\"tcol-lg-4 tcol-md-4 tcol-sm-4 tcol-xs-6 tcol-ss-12 g_item\"><div class=\"grid_item kt_item_fade_in kad_gallery_fade_in gallery_item\"><a href=\"https:\/\/nmcontemporaneo.com\/wp-content\/uploads\/2015\/05\/LUNA-I-III-Y-V-web.jpg\" data-rel=\"lightbox\" class=\"lightboxhover\"><div class=\"kt-intrinsic\" style=\"padding-bottom:100%;\"><div itemprop=\"image\" itemscope itemtype=\"https:\/\/schema.org\/ImageObject\"><img loading=\"lazy\" decoding=\"async\" width=\"366\" height=\"366\" src=\"https:\/\/nmcontemporaneo.com\/wp-content\/uploads\/2015\/05\/LUNA-I-III-Y-V-web-366x366.jpg\" srcset=\"https:\/\/nmcontemporaneo.com\/wp-content\/uploads\/2015\/05\/LUNA-I-III-Y-V-web-366x366.jpg 366w, https:\/\/nmcontemporaneo.com\/wp-content\/uploads\/2015\/05\/LUNA-I-III-Y-V-web-300x300.jpg 300w, https:\/\/nmcontemporaneo.com\/wp-content\/uploads\/2015\/05\/LUNA-I-III-Y-V-web-100x100.jpg 100w, https:\/\/nmcontemporaneo.com\/wp-content\/uploads\/2015\/05\/LUNA-I-III-Y-V-web-456x456.jpg 456w, https:\/\/nmcontemporaneo.com\/wp-content\/uploads\/2015\/05\/LUNA-I-III-Y-V-web-150x150.jpg 150w, https:\/\/nmcontemporaneo.com\/wp-content\/uploads\/2015\/05\/LUNA-I-III-Y-V-web-768x768.jpg 768w, https:\/\/nmcontemporaneo.com\/wp-content\/uploads\/2015\/05\/LUNA-I-III-Y-V-web-732x732.jpg 732w, https:\/\/nmcontemporaneo.com\/wp-content\/uploads\/2015\/05\/LUNA-I-III-Y-V-web.jpg 800w\" sizes=\"auto, (max-width: 366px) 100vw, 366px\" data-caption=\"Luna (I), Xilografi\u0301a y acri\u0301lico sobre papel amate, 60 x 60 cm, 2017, Tiraje P\/A +5\" class=\"light-dropshaddow\" itemprop=\"contentUrl\" alt=\"\"><meta itemprop=\"url\" content=\"https:\/\/nmcontemporaneo.com\/wp-content\/uploads\/2015\/05\/LUNA-I-III-Y-V-web-366x366.jpg\"><meta itemprop=\"width\" content=\"366px\"><meta itemprop=\"height\" content=\"366px\"><\/div><\/div><div class=\"caption kad_caption\"><div class=\"kad_caption_inner\">Luna (I), Xilografi\u0301a y acri\u0301lico sobre papel amate, 60 x 60 cm, 2017, Tiraje P\/A +5<\/div><\/div><\/a><\/div><\/div><div class=\"tcol-lg-4 tcol-md-4 tcol-sm-4 tcol-xs-6 tcol-ss-12 g_item\"><div class=\"grid_item kt_item_fade_in kad_gallery_fade_in gallery_item\"><a href=\"https:\/\/nmcontemporaneo.com\/wp-content\/uploads\/2015\/05\/SOL-Iweb.jpg\" data-rel=\"lightbox\" class=\"lightboxhover\"><div class=\"kt-intrinsic\" style=\"padding-bottom:100%;\"><div itemprop=\"image\" itemscope itemtype=\"https:\/\/schema.org\/ImageObject\"><img loading=\"lazy\" decoding=\"async\" width=\"366\" height=\"366\" src=\"https:\/\/nmcontemporaneo.com\/wp-content\/uploads\/2015\/05\/SOL-Iweb-366x366.jpg\" srcset=\"https:\/\/nmcontemporaneo.com\/wp-content\/uploads\/2015\/05\/SOL-Iweb-366x366.jpg 366w, https:\/\/nmcontemporaneo.com\/wp-content\/uploads\/2015\/05\/SOL-Iweb-300x300.jpg 300w, https:\/\/nmcontemporaneo.com\/wp-content\/uploads\/2015\/05\/SOL-Iweb-100x100.jpg 100w, https:\/\/nmcontemporaneo.com\/wp-content\/uploads\/2015\/05\/SOL-Iweb-456x456.jpg 456w, https:\/\/nmcontemporaneo.com\/wp-content\/uploads\/2015\/05\/SOL-Iweb-150x150.jpg 150w, https:\/\/nmcontemporaneo.com\/wp-content\/uploads\/2015\/05\/SOL-Iweb-768x768.jpg 768w, https:\/\/nmcontemporaneo.com\/wp-content\/uploads\/2015\/05\/SOL-Iweb-732x732.jpg 732w, https:\/\/nmcontemporaneo.com\/wp-content\/uploads\/2015\/05\/SOL-Iweb.jpg 800w\" sizes=\"auto, (max-width: 366px) 100vw, 366px\" data-caption=\"Sol (I), Xilografi\u0301a y acri\u0301lico sobre papel amate, 60 x 60 cm, 2017, Tiraje P\/A +5\" class=\"light-dropshaddow\" itemprop=\"contentUrl\" alt=\"\"><meta itemprop=\"url\" content=\"https:\/\/nmcontemporaneo.com\/wp-content\/uploads\/2015\/05\/SOL-Iweb-366x366.jpg\"><meta itemprop=\"width\" content=\"366px\"><meta itemprop=\"height\" content=\"366px\"><\/div><\/div><div class=\"caption kad_caption\"><div class=\"kad_caption_inner\">Sol (I), Xilografi\u0301a y acri\u0301lico sobre papel amate, 60 x 60 cm, 2017, Tiraje P\/A +5<\/div><\/div><\/a><\/div><\/div><div class=\"tcol-lg-4 tcol-md-4 tcol-sm-4 tcol-xs-6 tcol-ss-12 g_item\"><div class=\"grid_item kt_item_fade_in kad_gallery_fade_in gallery_item\"><a href=\"https:\/\/nmcontemporaneo.com\/wp-content\/uploads\/2015\/05\/VIAJARweb.jpg\" data-rel=\"lightbox\" class=\"lightboxhover\"><div class=\"kt-intrinsic\" style=\"padding-bottom:100.81967213115%;\"><div itemprop=\"image\" itemscope itemtype=\"https:\/\/schema.org\/ImageObject\"><img loading=\"lazy\" decoding=\"async\" width=\"366\" height=\"369\" src=\"https:\/\/nmcontemporaneo.com\/wp-content\/uploads\/2015\/05\/VIAJARweb-366x369.jpg\" srcset=\"https:\/\/nmcontemporaneo.com\/wp-content\/uploads\/2015\/05\/VIAJARweb-366x369.jpg 366w, https:\/\/nmcontemporaneo.com\/wp-content\/uploads\/2015\/05\/VIAJARweb-100x100.jpg 100w, https:\/\/nmcontemporaneo.com\/wp-content\/uploads\/2015\/05\/VIAJARweb-150x150.jpg 150w, https:\/\/nmcontemporaneo.com\/wp-content\/uploads\/2015\/05\/VIAJARweb-297x300.jpg 297w, https:\/\/nmcontemporaneo.com\/wp-content\/uploads\/2015\/05\/VIAJARweb-768x775.jpg 768w, https:\/\/nmcontemporaneo.com\/wp-content\/uploads\/2015\/05\/VIAJARweb-732x738.jpg 732w, https:\/\/nmcontemporaneo.com\/wp-content\/uploads\/2015\/05\/VIAJARweb.jpg 800w\" sizes=\"auto, (max-width: 366px) 100vw, 366px\" data-caption=\"Viajar, Xilografi\u0301a y acri\u0301lico sobre papel amate, 120 x 120 cm, 2017, Tiraje P\/A +5\" class=\"light-dropshaddow\" itemprop=\"contentUrl\" alt=\"\"><meta itemprop=\"url\" content=\"https:\/\/nmcontemporaneo.com\/wp-content\/uploads\/2015\/05\/VIAJARweb-366x369.jpg\"><meta itemprop=\"width\" content=\"366px\"><meta itemprop=\"height\" content=\"369px\"><\/div><\/div><div class=\"caption kad_caption\"><div class=\"kad_caption_inner\">Viajar, Xilografi\u0301a y acri\u0301lico sobre papel amate, 120 x 120 cm, 2017, Tiraje P\/A +5<\/div><\/div><\/a><\/div><\/div><div class=\"tcol-lg-4 tcol-md-4 tcol-sm-4 tcol-xs-6 tcol-ss-12 g_item\"><div class=\"grid_item kt_item_fade_in kad_gallery_fade_in gallery_item\"><a href=\"https:\/\/nmcontemporaneo.com\/wp-content\/uploads\/2015\/05\/LA-COLGADAweb.jpg\" data-rel=\"lightbox\" class=\"lightboxhover\"><div class=\"kt-intrinsic\" style=\"padding-bottom:200.54644808743%;\"><div itemprop=\"image\" itemscope itemtype=\"https:\/\/schema.org\/ImageObject\"><img loading=\"lazy\" decoding=\"async\" width=\"366\" height=\"734\" src=\"https:\/\/nmcontemporaneo.com\/wp-content\/uploads\/2015\/05\/LA-COLGADAweb-366x734.jpg\" srcset=\"https:\/\/nmcontemporaneo.com\/wp-content\/uploads\/2015\/05\/LA-COLGADAweb-366x734.jpg 366w, https:\/\/nmcontemporaneo.com\/wp-content\/uploads\/2015\/05\/LA-COLGADAweb-150x300.jpg 150w, https:\/\/nmcontemporaneo.com\/wp-content\/uploads\/2015\/05\/LA-COLGADAweb-768x1541.jpg 768w, https:\/\/nmcontemporaneo.com\/wp-content\/uploads\/2015\/05\/LA-COLGADAweb-510x1024.jpg 510w, https:\/\/nmcontemporaneo.com\/wp-content\/uploads\/2015\/05\/LA-COLGADAweb-732x1468.jpg 732w, https:\/\/nmcontemporaneo.com\/wp-content\/uploads\/2015\/05\/LA-COLGADAweb.jpg 800w\" sizes=\"auto, (max-width: 366px) 100vw, 366px\" data-caption=\"La Colgada, Xilografi\u0301a y acri\u0301lico sobre papel amate, 120 x 240 cm, 2017, Tiraje P\/A +5\" class=\"light-dropshaddow\" itemprop=\"contentUrl\" alt=\"\"><meta itemprop=\"url\" content=\"https:\/\/nmcontemporaneo.com\/wp-content\/uploads\/2015\/05\/LA-COLGADAweb-366x734.jpg\"><meta itemprop=\"width\" content=\"366px\"><meta itemprop=\"height\" content=\"734px\"><\/div><\/div><div class=\"caption kad_caption\"><div class=\"kad_caption_inner\">La Colgada, Xilografi\u0301a y acri\u0301lico sobre papel amate, 120 x 240 cm, 2017, Tiraje P\/A +5<\/div><\/div><\/a><\/div><\/div><div class=\"tcol-lg-4 tcol-md-4 tcol-sm-4 tcol-xs-6 tcol-ss-12 g_item\"><div class=\"grid_item kt_item_fade_in kad_gallery_fade_in gallery_item\"><a href=\"https:\/\/nmcontemporaneo.com\/wp-content\/uploads\/2015\/05\/EL-LOCO.jpg\" data-rel=\"lightbox\" class=\"lightboxhover\"><div class=\"kt-intrinsic\" style=\"padding-bottom:203.00546448087%;\"><div itemprop=\"image\" itemscope itemtype=\"https:\/\/schema.org\/ImageObject\"><img loading=\"lazy\" decoding=\"async\" width=\"366\" height=\"743\" src=\"https:\/\/nmcontemporaneo.com\/wp-content\/uploads\/2015\/05\/EL-LOCO-366x743.jpg\" srcset=\"https:\/\/nmcontemporaneo.com\/wp-content\/uploads\/2015\/05\/EL-LOCO-366x743.jpg 366w, https:\/\/nmcontemporaneo.com\/wp-content\/uploads\/2015\/05\/EL-LOCO-148x300.jpg 148w, https:\/\/nmcontemporaneo.com\/wp-content\/uploads\/2015\/05\/EL-LOCO-768x1558.jpg 768w, https:\/\/nmcontemporaneo.com\/wp-content\/uploads\/2015\/05\/EL-LOCO-505x1024.jpg 505w, https:\/\/nmcontemporaneo.com\/wp-content\/uploads\/2015\/05\/EL-LOCO-732x1486.jpg 732w, https:\/\/nmcontemporaneo.com\/wp-content\/uploads\/2015\/05\/EL-LOCO.jpg 800w\" sizes=\"auto, (max-width: 366px) 100vw, 366px\" data-caption=\"El Loco, Xilografi\u0301a y acri\u0301lico sobre papel amate, 120 x 240 cm, 2017, Tiraje P\/A +5\" class=\"light-dropshaddow\" itemprop=\"contentUrl\" alt=\"\"><meta itemprop=\"url\" content=\"https:\/\/nmcontemporaneo.com\/wp-content\/uploads\/2015\/05\/EL-LOCO-366x743.jpg\"><meta itemprop=\"width\" content=\"366px\"><meta itemprop=\"height\" content=\"743px\"><\/div><\/div><div class=\"caption kad_caption\"><div class=\"kad_caption_inner\">El Loco, Xilografi\u0301a y acri\u0301lico sobre papel amate, 120 x 240 cm, 2017, Tiraje P\/A +5<\/div><\/div><\/a><\/div><\/div><\/div>\n<p style=\"text-align: justify;\">Agust\u00edn Santoyo naci\u00f3 en Morelos, es licenciado en Artes Visuales por el Centro Morelense de las Artes (CMA). Su trabajo est\u00e1 influido por m\u00faltiples referentes de la cultura popular, las artesan\u00edas, los textiles tradicionales y la cultura medi\u00e1tica. En sus obras logra que todos estos referentes converjan mediante una est\u00e9tica que se caracteriza por la repetici\u00f3n de formas, el uso constante del color y el ornamento. Disfruta encontrar y coleccionar objetos cotidianos, intervenirlos y resignificarlos para incluirlos en nuevos contextos y generar otras experiencias a trav\u00e9s de ellos. Le interesa lograr que objetos, pinturas y espacios dialoguen transformando con ello la l\u00f3gica de un sitio y las pr\u00e1cticas que se dan en torno a \u00e9ste.<\/p>\n<p>Sus propuestas son un reflejo de sus experiencias personales, del contacto con su contexto social y cultural inmediato y de un gran deseo por explorar nuevos temas y soportes, b\u00fasquedas que han encontrado salida a trav\u00e9s del collage, la pintura, la instalaci\u00f3n y la intervenci\u00f3n de objetos y espacios. Acercarse a su obra es como acercarse a una fiesta: es l\u00fadica, din\u00e1mica y est\u00e1 hecha para ser disfrutada.<\/p>\n\n<div class=\"sp-wrap sp-wrap-default\">\n<div class=\"sp-head\" title=\"Expandir\">\nCurr\u00edculum Vitae\n<\/div>\n<div class=\"sp-body folded\">\n<p><strong>Agust\u00edn Santoyo Ocampo<\/strong><\/p>\n<p><strong>EXPOSIONES INDIVIDUALES<\/strong><br \/>\n2014 \u201cfavolas eroticofestivas para rstaurar el alma\u201d Galeria Treager y Pinto, M\u00e9xico DF<br \/>\n2014 \u201dCartograf\u00eda para recordar donde pastan los ponis\u201d MEXCAT,<br \/>\nAsociaci\u00f3n Cultural Mexicano Catalana, Barcelona Espa\u00f1a<br \/>\n2013 \u201cpotaje psicod\u00e9lico con aderezo de la casa\u201dMUSAS, museo de arte de Sonora, Hermosillo<br \/>\n2013 \u201cpotaje psicod\u00e9lico con aderezo de la casa\u201d CC186, M\u00e9xico, DF<br \/>\n2012 \u201cpotaje psicod\u00e9lico con aderezo de la casa\u201d museo de la ciudad. Cuernavaca, Morelos<br \/>\n2010\u201dBazar el t\u00fanel, \u201cMural\u201d, bazar el t\u00fanel, Cuernavaca Morelos<br \/>\n2009 \u00b4\u00b4bendita ave de mal ag\u00fcero\u00b4\u00b4, Centro Morelense de las Artes. Cuernavaca, Morelos<br \/>\n2007 \u201cAquatics Sounds\u201d. Grupo Continental. Cuernavaca, Morelos. 2006 \u201cSweet Merengue\u201d. La Luna Mextli\u201d. Tepoztl\u00e1n, Morelos.<\/p>\n<p><strong>EXPOSICIONES COLECTIVAS<\/strong><br \/>\n2013 Arte Vivo \/MAM museo de arte moderno\/ M\u00e9xico DF<br \/>\n2012 bestiario foro indie rocks \/col. Roma DF<br \/>\n2012 aviario museo del juguete antiguo mexicano\/col. Doctores DF<br \/>\n2012 Sin-tesis II Jard\u00edn borda, Cuernavaca Morelos<br \/>\n2012 \u201cabasto\u201d MUJAM museo del juguete antiguo mexicano\/col. Doctores DF<br \/>\n2011 \u201cArte col\u201d museo de la ciudad de M\u00e9rida\/torre de rector\u00eda de la UAEM\/galer\u00eda Ram\u00f3n L\u00f3pez Quiroga DF Polanco\/ Tenerife Espa\u00f1a \/M\u00fanich Alemania.<br \/>\n2010 \u201cmasa para 12\u201d espacio planta baja, Cuernavaca Morelos<\/p>\n<p><strong>RECONOCIMIENTOS<\/strong><br \/>\n2011 Beca, Fondo de Est\u00edmulos a la Creaci\u00f3n Art\u00edstica (FOECA)<br \/>\n2010 Ganador, \u201cII sal\u00f3n de artes visuales contempor\u00e1neo\u201d Cuernavaca Morelos<br \/>\n2010 selecci\u00f3n, encuentro nacional de pintura contempor\u00e1neo grupo reforma arte club M\u00e9xico D.F<br \/>\n2009 Beca, Fondo de Est\u00edmulos a la Creaci\u00f3n Art\u00edstica (FOECA)<br \/>\n2009 Selecci\u00f3n, encuentro internacional de grabado 09, Monterrey, Nuevo Leon, M\u00e9xico<br \/>\n2009 selecci\u00f3n, XXIX encuentro nacional de Arte Joven<\/p>\n<p><strong>PUBLICACIONES<\/strong><br \/>\n2013 Catalogo de artistas de la exposici\u00f3n Arte vivo del museo de arte moderno de la ciudad de M\u00e9xico<br \/>\n2013 Portada de libro \u201c\u00bfte acuerdas julia?\u201d para editorial Alfaguara<br \/>\n2012 Portafolio de obra en la revista Tierra Dentro de conculca<br \/>\n2010 Catalogo de artistas encuentro nacional de pintura contempor\u00e1neo grupo reforma arte club M\u00e9xico D.F<br \/>\n2009 Catalogo de artistas encuentro nacional de pintura contempor\u00e1neo grupo reforma arte club M\u00e9xico D.F<br \/>\n2009 Catalogo de artistas encuentro internacional de grabado 09, Monterrey, Nuevo Leon, M\u00e9xico<\/p>\n<p><strong>LABORAL<\/strong><br \/>\n2011 Historia del comic en M\u00e9xico y Latinoam\u00e9rica, Instituto de Ciencias y Artes Aplicadas<br \/>\n2010-2012 Taller de m\u00faltiples reproducciones b\u00e1sicas, Centro Morelenses de las Artes<br \/>\n2010-2012 Taller de pintura y dibujo b\u00e1sico, Centro Morelense de las Artes<br \/>\n2009-2012 Taller de pintura t\u00e9cnica mixta, Centro Morelense de las Artes, Cuernavaca Morelos. 2009 montaje de exposiciones, museo Cuauhnahuac Placi\u00f3 de Cortes, Cuernavaca Morelos<br \/>\n2008-2012 Taller de Serigraf\u00eda experimental, Centro Morelense de las Artes, Cuernavaca Morelos. 2007-2010 Taller de pintura y dibujo experimental, Taller Canario, Jiutepec, Morelos.<br \/>\n2006-2008 Asistentes de montaje, Galer\u00eda de Centro Morelense de las Artes, Cuernavaca Morelos<\/p>\n<div class=\"spdiv\">[plegar]<\/div>\n<\/div>\n<\/div>\n\n","protected":false},"excerpt":{"rendered":"<p>&lt;&lt; Ant. | Artistas | Sig.\u00a0 &gt;&gt; Agust\u00edn Santoyo naci\u00f3 en Morelos, es licenciado en Artes Visuales por el Centro Morelense de las Artes (CMA). Su trabajo est\u00e1 influido por m\u00faltiples referentes de la cultura popular, las artesan\u00edas, los textiles &hellip; <a class=\"kt-excerpt-readmore\" href=\"https:\/\/nmcontemporaneo.com\/es\/catalogo\/arte-emergente\/agustin-santoyo\/\" aria-label=\"Agust\u00edn Santoyo\">Read More<\/a><\/p>\n","protected":false},"author":6,"featured_media":0,"parent":596,"menu_order":0,"comment_status":"open","ping_status":"closed","template":"page-fullwidth.php","meta":{"kt_blocks_editor_width":"","footnotes":""},"class_list":["post-6525","page","type-page","status-publish","hentry"],"_links":{"self":[{"href":"https:\/\/nmcontemporaneo.com\/es\/wp-json\/wp\/v2\/pages\/6525","targetHints":{"allow":["GET"]}}],"collection":[{"href":"https:\/\/nmcontemporaneo.com\/es\/wp-json\/wp\/v2\/pages"}],"about":[{"href":"https:\/\/nmcontemporaneo.com\/es\/wp-json\/wp\/v2\/types\/page"}],"author":[{"embeddable":true,"href":"https:\/\/nmcontemporaneo.com\/es\/wp-json\/wp\/v2\/users\/6"}],"replies":[{"embeddable":true,"href":"https:\/\/nmcontemporaneo.com\/es\/wp-json\/wp\/v2\/comments?post=6525"}],"version-history":[{"count":2,"href":"https:\/\/nmcontemporaneo.com\/es\/wp-json\/wp\/v2\/pages\/6525\/revisions"}],"predecessor-version":[{"id":14253,"href":"https:\/\/nmcontemporaneo.com\/es\/wp-json\/wp\/v2\/pages\/6525\/revisions\/14253"}],"up":[{"embeddable":true,"href":"https:\/\/nmcontemporaneo.com\/es\/wp-json\/wp\/v2\/pages\/596"}],"wp:attachment":[{"href":"https:\/\/nmcontemporaneo.com\/es\/wp-json\/wp\/v2\/media?parent=6525"}],"curies":[{"name":"wp","href":"https:\/\/api.w.org\/{rel}","templated":true}]}}