{"id":8193,"date":"2022-06-16T22:02:40","date_gmt":"2022-06-17T04:02:40","guid":{"rendered":"http:\/\/nmcontemporaneo.com\/beta\/?page_id=8193"},"modified":"2025-06-21T01:42:29","modified_gmt":"2025-06-21T07:42:29","slug":"angel-ricardo-rios","status":"publish","type":"page","link":"https:\/\/nmcontemporaneo.com\/es\/catalogo\/pintura\/angel-ricardo-rios\/","title":{"rendered":"\u00c1ngel Ricardo R\u00edos"},"content":{"rendered":"<p style=\"text-align: center;\"><a href=\"..\/raul-cerrillo\/\">&lt;&lt; Ant.<\/a> | <a href=\"\/catalogo\/todos-los-artistas\/\">Artistas<\/a> | <a href=\"https:\/\/nmcontemporaneo.com\/catalogo\/pintura\/otros-artistas\/claudia-gallegos\/\">Sig. &gt;&gt;<\/a><\/p>\n<div id=\"kad-wp-gallery297\" class=\"kad-wp-gallery gallery kt-gallery-column-3 init-isotope-intrinsic reinit-isotope kad-light-wp-gallery clearfix rowtight\" data-fade-in=\"1\" data-iso-selector=\".g_item\" data-iso-style=\"masonry\" data-iso-filter=\"false\"><div class=\"tcol-lg-4 tcol-md-4 tcol-sm-4 tcol-xs-6 tcol-ss-12 g_item\"><div class=\"grid_item kt_item_fade_in kad_gallery_fade_in gallery_item\"><a href=\"https:\/\/nmcontemporaneo.com\/wp-content\/uploads\/2024\/10\/dibujo-1-diptico.jpg\" data-rel=\"lightbox\" class=\"lightboxhover\"><div class=\"kt-intrinsic\" style=\"padding-bottom:74.31693989071%;\"><div itemprop=\"image\" itemscope itemtype=\"https:\/\/schema.org\/ImageObject\"><img loading=\"lazy\" decoding=\"async\" width=\"366\" height=\"272\" src=\"https:\/\/nmcontemporaneo.com\/wp-content\/uploads\/2024\/10\/dibujo-1-diptico-366x272.jpg\" srcset=\"https:\/\/nmcontemporaneo.com\/wp-content\/uploads\/2024\/10\/dibujo-1-diptico-366x272.jpg 366w, https:\/\/nmcontemporaneo.com\/wp-content\/uploads\/2024\/10\/dibujo-1-diptico-300x223.jpg 300w, https:\/\/nmcontemporaneo.com\/wp-content\/uploads\/2024\/10\/dibujo-1-diptico-768x570.jpg 768w, https:\/\/nmcontemporaneo.com\/wp-content\/uploads\/2024\/10\/dibujo-1-diptico-732x544.jpg 732w, https:\/\/nmcontemporaneo.com\/wp-content\/uploads\/2024\/10\/dibujo-1-diptico.jpg 900w\" sizes=\"auto, (max-width: 366px) 100vw, 366px\" data-caption=\"Dibujo I (D\u00edptico), Carb\u00f3n, pastel sobre cartulina.\n100 x 140 cm, 2016\" class=\"light-dropshaddow\" itemprop=\"contentUrl\" alt=\"\"><meta itemprop=\"url\" content=\"https:\/\/nmcontemporaneo.com\/wp-content\/uploads\/2024\/10\/dibujo-1-diptico-366x272.jpg\"><meta itemprop=\"width\" content=\"366px\"><meta itemprop=\"height\" content=\"272px\"><\/div><\/div><div class=\"caption kad_caption\"><div class=\"kad_caption_inner\">Dibujo I (D\u00edptico), Carb\u00f3n, pastel sobre cartulina.\n100 x 140 cm, 2016<\/div><\/div><\/a><\/div><\/div><div class=\"tcol-lg-4 tcol-md-4 tcol-sm-4 tcol-xs-6 tcol-ss-12 g_item\"><div class=\"grid_item kt_item_fade_in kad_gallery_fade_in gallery_item\"><a href=\"https:\/\/nmcontemporaneo.com\/wp-content\/uploads\/2024\/10\/dibujo-2-diptico.jpg\" data-rel=\"lightbox\" class=\"lightboxhover\"><div class=\"kt-intrinsic\" style=\"padding-bottom:71.311475409836%;\"><div itemprop=\"image\" itemscope itemtype=\"https:\/\/schema.org\/ImageObject\"><img loading=\"lazy\" decoding=\"async\" width=\"366\" height=\"261\" src=\"https:\/\/nmcontemporaneo.com\/wp-content\/uploads\/2024\/10\/dibujo-2-diptico-366x261.jpg\" srcset=\"https:\/\/nmcontemporaneo.com\/wp-content\/uploads\/2024\/10\/dibujo-2-diptico-366x261.jpg 366w, https:\/\/nmcontemporaneo.com\/wp-content\/uploads\/2024\/10\/dibujo-2-diptico-300x214.jpg 300w, https:\/\/nmcontemporaneo.com\/wp-content\/uploads\/2024\/10\/dibujo-2-diptico-768x548.jpg 768w, https:\/\/nmcontemporaneo.com\/wp-content\/uploads\/2024\/10\/dibujo-2-diptico-732x522.jpg 732w, https:\/\/nmcontemporaneo.com\/wp-content\/uploads\/2024\/10\/dibujo-2-diptico.jpg 900w\" sizes=\"auto, (max-width: 366px) 100vw, 366px\" data-caption=\"Dibujo 2 (D\u00edptico),\nCarb\u00f3n, pastel sobre cartulina.\n100 x 140 cm, 2016\" class=\"light-dropshaddow\" itemprop=\"contentUrl\" alt=\"\"><meta itemprop=\"url\" content=\"https:\/\/nmcontemporaneo.com\/wp-content\/uploads\/2024\/10\/dibujo-2-diptico-366x261.jpg\"><meta itemprop=\"width\" content=\"366px\"><meta itemprop=\"height\" content=\"261px\"><\/div><\/div><div class=\"caption kad_caption\"><div class=\"kad_caption_inner\">Dibujo 2 (D\u00edptico),\nCarb\u00f3n, pastel sobre cartulina.\n100 x 140 cm, 2016<\/div><\/div><\/a><\/div><\/div><div class=\"tcol-lg-4 tcol-md-4 tcol-sm-4 tcol-xs-6 tcol-ss-12 g_item\"><div class=\"grid_item kt_item_fade_in kad_gallery_fade_in gallery_item\"><a href=\"https:\/\/nmcontemporaneo.com\/wp-content\/uploads\/2024\/10\/dibujo-3.jpg\" data-rel=\"lightbox\" class=\"lightboxhover\"><div class=\"kt-intrinsic\" style=\"padding-bottom:137.43169398907%;\"><div itemprop=\"image\" itemscope itemtype=\"https:\/\/schema.org\/ImageObject\"><img loading=\"lazy\" decoding=\"async\" width=\"366\" height=\"503\" src=\"https:\/\/nmcontemporaneo.com\/wp-content\/uploads\/2024\/10\/dibujo-3-366x503.jpg\" srcset=\"https:\/\/nmcontemporaneo.com\/wp-content\/uploads\/2024\/10\/dibujo-3-366x503.jpg 366w, https:\/\/nmcontemporaneo.com\/wp-content\/uploads\/2024\/10\/dibujo-3-218x300.jpg 218w, https:\/\/nmcontemporaneo.com\/wp-content\/uploads\/2024\/10\/dibujo-3.jpg 655w\" sizes=\"auto, (max-width: 366px) 100vw, 366px\" data-caption=\"Dibujo 3.\nCarb\u00f3n, pastel acr\u00edlico sobre cartulina.\n100 x 70 cm, 2022\" class=\"light-dropshaddow\" itemprop=\"contentUrl\" alt=\"\"><meta itemprop=\"url\" content=\"https:\/\/nmcontemporaneo.com\/wp-content\/uploads\/2024\/10\/dibujo-3-366x503.jpg\"><meta itemprop=\"width\" content=\"366px\"><meta itemprop=\"height\" content=\"503px\"><\/div><\/div><div class=\"caption kad_caption\"><div class=\"kad_caption_inner\">Dibujo 3.\nCarb\u00f3n, pastel acr\u00edlico sobre cartulina.\n100 x 70 cm, 2022<\/div><\/div><\/a><\/div><\/div><div class=\"tcol-lg-4 tcol-md-4 tcol-sm-4 tcol-xs-6 tcol-ss-12 g_item\"><div class=\"grid_item kt_item_fade_in kad_gallery_fade_in gallery_item\"><a href=\"https:\/\/nmcontemporaneo.com\/wp-content\/uploads\/2024\/10\/dibujo-4.jpg\" data-rel=\"lightbox\" class=\"lightboxhover\"><div class=\"kt-intrinsic\" style=\"padding-bottom:137.70491803279%;\"><div itemprop=\"image\" itemscope itemtype=\"https:\/\/schema.org\/ImageObject\"><img loading=\"lazy\" decoding=\"async\" width=\"366\" height=\"504\" src=\"https:\/\/nmcontemporaneo.com\/wp-content\/uploads\/2024\/10\/dibujo-4-366x504.jpg\" srcset=\"https:\/\/nmcontemporaneo.com\/wp-content\/uploads\/2024\/10\/dibujo-4-366x504.jpg 366w, https:\/\/nmcontemporaneo.com\/wp-content\/uploads\/2024\/10\/dibujo-4-218x300.jpg 218w, https:\/\/nmcontemporaneo.com\/wp-content\/uploads\/2024\/10\/dibujo-4.jpg 600w\" sizes=\"auto, (max-width: 366px) 100vw, 366px\" data-caption=\"Dibujo 4.\nCarb\u00f3n, pastel acr\u00edlico sobre cartulina.\n100 x 70 cm, 2022\" class=\"light-dropshaddow\" itemprop=\"contentUrl\" alt=\"\"><meta itemprop=\"url\" content=\"https:\/\/nmcontemporaneo.com\/wp-content\/uploads\/2024\/10\/dibujo-4-366x504.jpg\"><meta itemprop=\"width\" content=\"366px\"><meta itemprop=\"height\" content=\"504px\"><\/div><\/div><div class=\"caption kad_caption\"><div class=\"kad_caption_inner\">Dibujo 4.\nCarb\u00f3n, pastel acr\u00edlico sobre cartulina.\n100 x 70 cm, 2022<\/div><\/div><\/a><\/div><\/div><div class=\"tcol-lg-4 tcol-md-4 tcol-sm-4 tcol-xs-6 tcol-ss-12 g_item\"><div class=\"grid_item kt_item_fade_in kad_gallery_fade_in gallery_item\"><a href=\"https:\/\/nmcontemporaneo.com\/wp-content\/uploads\/2024\/10\/el-parque-almendares.jpg\" data-rel=\"lightbox\" class=\"lightboxhover\"><div class=\"kt-intrinsic\" style=\"padding-bottom:58.196721311475%;\"><div itemprop=\"image\" itemscope itemtype=\"https:\/\/schema.org\/ImageObject\"><img loading=\"lazy\" decoding=\"async\" width=\"366\" height=\"213\" src=\"https:\/\/nmcontemporaneo.com\/wp-content\/uploads\/2024\/10\/el-parque-almendares-366x213.jpg\" srcset=\"https:\/\/nmcontemporaneo.com\/wp-content\/uploads\/2024\/10\/el-parque-almendares-366x213.jpg 366w, https:\/\/nmcontemporaneo.com\/wp-content\/uploads\/2024\/10\/el-parque-almendares-300x175.jpg 300w, https:\/\/nmcontemporaneo.com\/wp-content\/uploads\/2024\/10\/el-parque-almendares-768x448.jpg 768w, https:\/\/nmcontemporaneo.com\/wp-content\/uploads\/2024\/10\/el-parque-almendares-732x426.jpg 732w, https:\/\/nmcontemporaneo.com\/wp-content\/uploads\/2024\/10\/el-parque-almendares.jpg 1000w\" sizes=\"auto, (max-width: 366px) 100vw, 366px\" data-caption=\"El parque Almendares no es lo que era antes.\n\u00d3leo sobre tela, 2021\n155 x 250 cm\" class=\"light-dropshaddow\" itemprop=\"contentUrl\" alt=\"\"><meta itemprop=\"url\" content=\"https:\/\/nmcontemporaneo.com\/wp-content\/uploads\/2024\/10\/el-parque-almendares-366x213.jpg\"><meta itemprop=\"width\" content=\"366px\"><meta itemprop=\"height\" content=\"213px\"><\/div><\/div><div class=\"caption kad_caption\"><div class=\"kad_caption_inner\">El parque Almendares no es lo que era antes.\n\u00d3leo sobre tela, 2021\n155 x 250 cm<\/div><\/div><\/a><\/div><\/div><div class=\"tcol-lg-4 tcol-md-4 tcol-sm-4 tcol-xs-6 tcol-ss-12 g_item\"><div class=\"grid_item kt_item_fade_in kad_gallery_fade_in gallery_item\"><a href=\"https:\/\/nmcontemporaneo.com\/wp-content\/uploads\/2024\/10\/tepies-desnudo.jpg\" data-rel=\"lightbox\" class=\"lightboxhover\"><div class=\"kt-intrinsic\" style=\"padding-bottom:95.628415300546%;\"><div itemprop=\"image\" itemscope itemtype=\"https:\/\/schema.org\/ImageObject\"><img loading=\"lazy\" decoding=\"async\" width=\"366\" height=\"350\" src=\"https:\/\/nmcontemporaneo.com\/wp-content\/uploads\/2024\/10\/tepies-desnudo-366x350.jpg\" srcset=\"https:\/\/nmcontemporaneo.com\/wp-content\/uploads\/2024\/10\/tepies-desnudo-366x350.jpg 366w, https:\/\/nmcontemporaneo.com\/wp-content\/uploads\/2024\/10\/tepies-desnudo-300x287.jpg 300w, https:\/\/nmcontemporaneo.com\/wp-content\/uploads\/2024\/10\/tepies-desnudo-768x735.jpg 768w, https:\/\/nmcontemporaneo.com\/wp-content\/uploads\/2024\/10\/tepies-desnudo-732x700.jpg 732w, https:\/\/nmcontemporaneo.com\/wp-content\/uploads\/2024\/10\/tepies-desnudo.jpg 940w\" sizes=\"auto, (max-width: 366px) 100vw, 366px\" data-caption=\"Tapies desnudo.\n\u00d3leo sobre tela.\n206 x 204 cm. 2021.\" class=\"light-dropshaddow\" itemprop=\"contentUrl\" alt=\"\"><meta itemprop=\"url\" content=\"https:\/\/nmcontemporaneo.com\/wp-content\/uploads\/2024\/10\/tepies-desnudo-366x350.jpg\"><meta itemprop=\"width\" content=\"366px\"><meta itemprop=\"height\" content=\"350px\"><\/div><\/div><div class=\"caption kad_caption\"><div class=\"kad_caption_inner\">Tapies desnudo.\n\u00d3leo sobre tela.\n206 x 204 cm. 2021.<\/div><\/div><\/a><\/div><\/div><\/div>\n<p style=\"text-align: justify;\">\u00c1ngel Ricardo R\u00edos (1965), artista cubano, radicado en M\u00e9xico desde 1991. Con estudios de licenciatura en artes pl\u00e1sticas y especializaci\u00f3n en escultura, en el Instituto Superior de Arte en la Habana Cuba. Protagonista en el \u00e1mbito art\u00edstico nacional e internacional, a trav\u00e9s de las galer\u00edas Nina Menocal, MITO y Terreno Bald\u00edo en M\u00e9xico DF. Jacobo Kapio y Klaus Steinmetz en Costa Rica, la Galer\u00eda EL Museo en Colombia, Fernando Pradilla y \u00c1ngel Romero en Madrid y la galer\u00eda Sevil Sert en Estambul.<\/p>\n<p style=\"text-align: justify;\">El artista manifiesta a trav\u00e9s de su pl\u00e1stica la cultura del exceso, con pinturas que son derrochadas entre los lienzos, no teme mezclar formas y colores al transitar con movimiento centr\u00edfugo entre lo figurativo y lo abstracto con piezas de gran formato: una intenci\u00f3n escandalosamente seductora, a trav\u00e9s de la cualidad estimulante y corp\u00f3rea del material.<\/p>\n<p style=\"text-align: justify;\">\u201cEl placer se restaur\u00f3 por derecho propio. A esto pudiera llamarse la seducci\u00f3n del material: olor, tacto, sensualismo, trasiego de pigmentos, gimnasia\u201d\u2026<\/p>\n\n<div class=\"sp-wrap sp-wrap-default\">\n<div class=\"sp-head\" title=\"Expandir\">\nCurriculum Vitae\n<\/div>\n<div class=\"sp-body folded\">\n<p><strong>\u00c1ngel Ricardo R\u00edos<\/strong><\/p>\n<p><strong>ESTUDIOS<\/strong><br \/>\n1989 Instituto Superior de Arte de La Habana, Cuba.<br \/>\n1984 Escuela Nacional de Arte San Alejandro, La Habana, Cuba.<\/p>\n<p><strong>EXPOSICIONES PERSONALES<\/strong><br \/>\n2015 LA Art Show. Los \u00c1ngeles California. Proyecto especial para la feria de arte contempor\u00e1neo.<br \/>\n2014 Building Bridges. Art Exchange, Santa Monica, USA.<br \/>\n2012 Wynwood Exhibition Center &#8211; Miami Florida USA.<br \/>\n2011 Galer\u00eda Terreno Bald\u00edo M\u00e9xico D.F.<br \/>\n2010 Objetos de deseo. Galer\u00eda Fernando Pradilla. Madrid, Espa\u00f1a.<br \/>\n2009 Esculturas n\u00f3madas. Bienal de La Habana UNEAC. La Habana, Cuba.<br \/>\n2008 ART inc. GALLERY Guayaquil, Ecuador.<br \/>\nProyecto: ESCULTURAS NOMADAS. Museo de la SHCP. M\u00e9xico D.F.<br \/>\nCultural de Espa\u00f1a en M\u00e9xico. M\u00e9xico D.F.<br \/>\n2007 Galer\u00eda SEVIL SERT Estambul, Turqu\u00eda<br \/>\n2001 Esto no es una silla. Galer\u00eda Habana. La Habana, Cuba.<br \/>\n2000 Galer\u00eda Jacobo Carpio. San Jos\u00e9, Costa Rica.<br \/>\n1999 Galer\u00eda \u00c1ngel Romero. Madrid, Espa\u00f1a.<br \/>\nFreites-Revilla Gallery. Coral Gables, Florida. USA.<br \/>\nLa fuente. Torre de los Vientos. M\u00e9xico, D.F.<br \/>\n1998 Escultura dom\u00e9stica. Galer\u00eda Nina Menocal. M\u00e9xico D.F.<br \/>\n1994 La casa c\u00f3moda. Galer\u00eda Nina Menocal. M\u00e9xico D.F.<br \/>\n1984 Biblioteca Nacional Jos\u00e9 Mart\u00ed. La Habana, Cuba.<\/p>\n<p><strong>EXPOSICIONES COLECTIVAS<\/strong><br \/>\n2014 Premio Internacional BUGATTI, Edici\u00f3n 55 (muestra colectiva).<br \/>\n2013 Crossover. Museo de la Secretar\u00eda de Relaciones Exteriores. M\u00e9xico D.F.<br \/>\n2012 Arte Mexicano Contempor\u00e1neo. Centro Cultural Palacio de Egipto. Oeiras, Portugal.<br \/>\nCrossing Borders: Nuevos objetos para el espacio dom\u00e9stico. Zafra Design &amp; Art, M\u00e9xico DF.<br \/>\nFeria de Arte Contempor\u00e1neo AQUA12. Miami, USA.<br \/>\n2010 ZONA MACO, Feria de Arte Contempor\u00e1neo. Galer\u00eda Fernando Pradilla. M\u00e9xico.<br \/>\nART MADRID, Galer\u00eda Fernando Pradilla. Madrid, Espa\u00f1a.<br \/>\nPortugal Arte 10. Bienal Internacional de Arte. Portimao, Portugal.<br \/>\n2009 Cuarta Bienal de Artes Visuales Yucat\u00e1n, M\u00e9xico.<br \/>\nArte Contempor\u00e1neo 2009, subasta anual (grupo de los diecis\u00e9is)<br \/>\nSubasta de Arte Contempor\u00e1neo Museo de Antropolog\u00eda. M\u00e9xico D.F.<br \/>\n2008 Proyecto. Giant and the City. Miami, Florida. USA.<br \/>\n2007 ARTEROTICO, El origen del mundo. Puebla, M\u00e9xico.<br \/>\nMuseo de la Secretaria de Hacienda. M\u00e9xico D.F.<br \/>\n2005 ARCO 05, Feria de Arte Contempor\u00e1neo. Madrid, Espa\u00f1a.<br \/>\n2003 VII Bienal de La Habana. La Habana, Cuba.<br \/>\nBienal de Monterrey, M\u00e9xico.<br \/>\n2002 Primera Bienal de Artes Visuales de Yucat\u00e1n. M\u00e9rida, M\u00e9xico.<br \/>\nXI Bienal \u201cRufino Tamayo\u201d, M\u00e9xico D.F.<br \/>\n2001 Feria de Arte Contempor\u00e1neo Guadalajara. Jalisco, M\u00e9xico.<br \/>\nVIDEO-ZAPPING, Video instalaciones. Universidad de Guanajuato, M\u00e9xico.<br \/>\nFeria de Arte Contempor\u00e1neo, Galer\u00eda Jacobo Carpio. Caracas, Venezuela.<br \/>\nARTE MIAMI. Galer\u00eda Jacobo Carpio. USA.<br \/>\n2000 EROGENA. Museo Carrillo GIL. M\u00e9xico D.F.<br \/>\nCalidoscopio. Bancomex-Sinudetes Contempor\u00e1neos. M\u00e9xico D.F.<br \/>\nARTE MIAMI. Galer\u00eda Nina Menocal. USA.<br \/>\n1999 Colectiva de Artistas. Galer\u00eda Nina Menocal. M\u00e9xico D.F.<br \/>\nSobre Papel, Galer\u00eda Nina Menocal. M\u00e9xico D.F.<br \/>\n1998 Sal\u00f3n Bancomer, M\u00e9xico, D.F.<br \/>\nBienal Rufino Tamayo. M\u00e9xico, D.F.<\/p>\n<div class=\"spdiv\">[plegar]<\/div>\n<\/div>\n<\/div>\n\n","protected":false},"excerpt":{"rendered":"<p>&lt;&lt; Ant. | Artistas | Sig. &gt;&gt; \u00c1ngel Ricardo R\u00edos (1965), artista cubano, radicado en M\u00e9xico desde 1991. Con estudios de licenciatura en artes pl\u00e1sticas y especializaci\u00f3n en escultura, en el Instituto Superior de Arte en la Habana Cuba. Protagonista &hellip; <a class=\"kt-excerpt-readmore\" href=\"https:\/\/nmcontemporaneo.com\/es\/catalogo\/pintura\/angel-ricardo-rios\/\" aria-label=\"\u00c1ngel Ricardo R\u00edos\">Read More<\/a><\/p>\n","protected":false},"author":25,"featured_media":10220,"parent":590,"menu_order":0,"comment_status":"open","ping_status":"closed","template":"page-fullwidth.php","meta":{"kt_blocks_editor_width":"","footnotes":""},"class_list":["post-8193","page","type-page","status-publish","has-post-thumbnail","hentry"],"_links":{"self":[{"href":"https:\/\/nmcontemporaneo.com\/es\/wp-json\/wp\/v2\/pages\/8193","targetHints":{"allow":["GET"]}}],"collection":[{"href":"https:\/\/nmcontemporaneo.com\/es\/wp-json\/wp\/v2\/pages"}],"about":[{"href":"https:\/\/nmcontemporaneo.com\/es\/wp-json\/wp\/v2\/types\/page"}],"author":[{"embeddable":true,"href":"https:\/\/nmcontemporaneo.com\/es\/wp-json\/wp\/v2\/users\/25"}],"replies":[{"embeddable":true,"href":"https:\/\/nmcontemporaneo.com\/es\/wp-json\/wp\/v2\/comments?post=8193"}],"version-history":[{"count":3,"href":"https:\/\/nmcontemporaneo.com\/es\/wp-json\/wp\/v2\/pages\/8193\/revisions"}],"predecessor-version":[{"id":14272,"href":"https:\/\/nmcontemporaneo.com\/es\/wp-json\/wp\/v2\/pages\/8193\/revisions\/14272"}],"up":[{"embeddable":true,"href":"https:\/\/nmcontemporaneo.com\/es\/wp-json\/wp\/v2\/pages\/590"}],"wp:featuredmedia":[{"embeddable":true,"href":"https:\/\/nmcontemporaneo.com\/es\/wp-json\/wp\/v2\/media\/10220"}],"wp:attachment":[{"href":"https:\/\/nmcontemporaneo.com\/es\/wp-json\/wp\/v2\/media?parent=8193"}],"curies":[{"name":"wp","href":"https:\/\/api.w.org\/{rel}","templated":true}]}}