{"id":9157,"date":"2022-09-03T20:46:40","date_gmt":"2022-09-04T02:46:40","guid":{"rendered":"http:\/\/nmcontemporaneo.com\/?page_id=9157"},"modified":"2025-06-21T02:04:33","modified_gmt":"2025-06-21T08:04:33","slug":"armando-romero","status":"publish","type":"page","link":"https:\/\/nmcontemporaneo.com\/es\/catalogo\/pintura\/armando-romero\/","title":{"rendered":"Armando Romero"},"content":{"rendered":"<p style=\"text-align: center;\"><a href=\"https:\/\/nmcontemporaneo.com\/catalogo\/pintura\/federico-barrault\/\">&lt;&lt; Ant.<\/a> | <a href=\"\/catalogo\/todos-los-artistas\/\">Artistas<\/a> | <a href=\"https:\/\/nmcontemporaneo.com\/catalogo\/pintura\/cisco-jimenez\/\">Sig &gt;&gt;<\/a><\/p>\n<div id=\"kad-wp-gallery861\" class=\"kad-wp-gallery gallery kt-gallery-column-3 init-isotope-intrinsic reinit-isotope kad-light-wp-gallery clearfix rowtight\" data-fade-in=\"1\" data-iso-selector=\".g_item\" data-iso-style=\"masonry\" data-iso-filter=\"false\"><div class=\"tcol-lg-4 tcol-md-4 tcol-sm-4 tcol-xs-6 tcol-ss-12 g_item\"><div class=\"grid_item kt_item_fade_in kad_gallery_fade_in gallery_item\"><a href=\"https:\/\/nmcontemporaneo.com\/wp-content\/uploads\/2021\/01\/armando-romero-2-2019-web.jpg\" data-rel=\"lightbox\" class=\"lightboxhover\"><div class=\"kt-intrinsic\" style=\"padding-bottom:97.267759562842%;\"><div itemprop=\"image\" itemscope itemtype=\"https:\/\/schema.org\/ImageObject\"><img loading=\"lazy\" decoding=\"async\" width=\"366\" height=\"356\" src=\"https:\/\/nmcontemporaneo.com\/wp-content\/uploads\/2021\/01\/armando-romero-2-2019-web-366x356.jpg\" srcset=\"https:\/\/nmcontemporaneo.com\/wp-content\/uploads\/2021\/01\/armando-romero-2-2019-web-366x356.jpg 366w, https:\/\/nmcontemporaneo.com\/wp-content\/uploads\/2021\/01\/armando-romero-2-2019-web-300x292.jpg 300w, https:\/\/nmcontemporaneo.com\/wp-content\/uploads\/2021\/01\/armando-romero-2-2019-web-732x712.jpg 732w, https:\/\/nmcontemporaneo.com\/wp-content\/uploads\/2021\/01\/armando-romero-2-2019-web.jpg 768w\" sizes=\"auto, (max-width: 366px) 100vw, 366px\" data-caption=\"Godzila en la ciudad, \u00d3leo sobre tela, 200 x 200 cm\" class=\"light-dropshaddow\" itemprop=\"contentUrl\" alt=\"\"><meta itemprop=\"url\" content=\"https:\/\/nmcontemporaneo.com\/wp-content\/uploads\/2021\/01\/armando-romero-2-2019-web-366x356.jpg\"><meta itemprop=\"width\" content=\"366px\"><meta itemprop=\"height\" content=\"356px\"><\/div><\/div><div class=\"caption kad_caption\"><div class=\"kad_caption_inner\">Godzila en la ciudad, \u00d3leo sobre tela, 200 x 200 cm<\/div><\/div><\/a><\/div><\/div><div class=\"tcol-lg-4 tcol-md-4 tcol-sm-4 tcol-xs-6 tcol-ss-12 g_item\"><div class=\"grid_item kt_item_fade_in kad_gallery_fade_in gallery_item\"><a href=\"https:\/\/nmcontemporaneo.com\/wp-content\/uploads\/2021\/01\/IMG_8005-copyweb-1.jpg\" data-rel=\"lightbox\" class=\"lightboxhover\"><div class=\"kt-intrinsic\" style=\"padding-bottom:65.573770491803%;\"><div itemprop=\"image\" itemscope itemtype=\"https:\/\/schema.org\/ImageObject\"><img loading=\"lazy\" decoding=\"async\" width=\"366\" height=\"240\" src=\"https:\/\/nmcontemporaneo.com\/wp-content\/uploads\/2021\/01\/IMG_8005-copyweb-1-366x240.jpg\" srcset=\"https:\/\/nmcontemporaneo.com\/wp-content\/uploads\/2021\/01\/IMG_8005-copyweb-1-366x240.jpg 366w, https:\/\/nmcontemporaneo.com\/wp-content\/uploads\/2021\/01\/IMG_8005-copyweb-1-300x197.jpg 300w, https:\/\/nmcontemporaneo.com\/wp-content\/uploads\/2021\/01\/IMG_8005-copyweb-1-768x503.jpg 768w, https:\/\/nmcontemporaneo.com\/wp-content\/uploads\/2021\/01\/IMG_8005-copyweb-1-732x480.jpg 732w, https:\/\/nmcontemporaneo.com\/wp-content\/uploads\/2021\/01\/IMG_8005-copyweb-1.jpg 800w\" sizes=\"auto, (max-width: 366px) 100vw, 366px\" data-caption=\"El primer d\u00eda del jard\u00edn de las delicias, \u00d3leo sobre tela, 160 x 250 cm\" class=\"light-dropshaddow\" itemprop=\"contentUrl\" alt=\"\"><meta itemprop=\"url\" content=\"https:\/\/nmcontemporaneo.com\/wp-content\/uploads\/2021\/01\/IMG_8005-copyweb-1-366x240.jpg\"><meta itemprop=\"width\" content=\"366px\"><meta itemprop=\"height\" content=\"240px\"><\/div><\/div><div class=\"caption kad_caption\"><div class=\"kad_caption_inner\">El primer d\u00eda del jard\u00edn de las delicias, \u00d3leo sobre tela, 160 x 250 cm<\/div><\/div><\/a><\/div><\/div><div class=\"tcol-lg-4 tcol-md-4 tcol-sm-4 tcol-xs-6 tcol-ss-12 g_item\"><div class=\"grid_item kt_item_fade_in kad_gallery_fade_in gallery_item\"><a href=\"https:\/\/nmcontemporaneo.com\/wp-content\/uploads\/2021\/01\/IMG_8003-copy-web-1.jpg\" data-rel=\"lightbox\" class=\"lightboxhover\"><div class=\"kt-intrinsic\" style=\"padding-bottom:64.48087431694%;\"><div itemprop=\"image\" itemscope itemtype=\"https:\/\/schema.org\/ImageObject\"><img loading=\"lazy\" decoding=\"async\" width=\"366\" height=\"236\" src=\"https:\/\/nmcontemporaneo.com\/wp-content\/uploads\/2021\/01\/IMG_8003-copy-web-1-366x236.jpg\" srcset=\"https:\/\/nmcontemporaneo.com\/wp-content\/uploads\/2021\/01\/IMG_8003-copy-web-1-366x236.jpg 366w, https:\/\/nmcontemporaneo.com\/wp-content\/uploads\/2021\/01\/IMG_8003-copy-web-1-300x194.jpg 300w, https:\/\/nmcontemporaneo.com\/wp-content\/uploads\/2021\/01\/IMG_8003-copy-web-1-768x495.jpg 768w, https:\/\/nmcontemporaneo.com\/wp-content\/uploads\/2021\/01\/IMG_8003-copy-web-1-732x472.jpg 732w, https:\/\/nmcontemporaneo.com\/wp-content\/uploads\/2021\/01\/IMG_8003-copy-web-1.jpg 800w\" sizes=\"auto, (max-width: 366px) 100vw, 366px\" data-caption=\"El \u00faltimo d\u00eda del jard\u00edn de las delicias, \u00d3leo sobre tela, 160 x 250 cm\" class=\"light-dropshaddow\" itemprop=\"contentUrl\" alt=\"\"><meta itemprop=\"url\" content=\"https:\/\/nmcontemporaneo.com\/wp-content\/uploads\/2021\/01\/IMG_8003-copy-web-1-366x236.jpg\"><meta itemprop=\"width\" content=\"366px\"><meta itemprop=\"height\" content=\"236px\"><\/div><\/div><div class=\"caption kad_caption\"><div class=\"kad_caption_inner\">El \u00faltimo d\u00eda del jard\u00edn de las delicias, \u00d3leo sobre tela, 160 x 250 cm<\/div><\/div><\/a><\/div><\/div><div class=\"tcol-lg-4 tcol-md-4 tcol-sm-4 tcol-xs-6 tcol-ss-12 g_item\"><div class=\"grid_item kt_item_fade_in kad_gallery_fade_in gallery_item\"><a href=\"https:\/\/nmcontemporaneo.com\/wp-content\/uploads\/2021\/01\/Los-guardianes-de-Mweb-2.jpg\" data-rel=\"lightbox\" class=\"lightboxhover\"><div class=\"kt-intrinsic\" style=\"padding-bottom:83.606557377049%;\"><div itemprop=\"image\" itemscope itemtype=\"https:\/\/schema.org\/ImageObject\"><img loading=\"lazy\" decoding=\"async\" width=\"366\" height=\"306\" src=\"https:\/\/nmcontemporaneo.com\/wp-content\/uploads\/2021\/01\/Los-guardianes-de-Mweb-2-366x306.jpg\" srcset=\"https:\/\/nmcontemporaneo.com\/wp-content\/uploads\/2021\/01\/Los-guardianes-de-Mweb-2-366x306.jpg 366w, https:\/\/nmcontemporaneo.com\/wp-content\/uploads\/2021\/01\/Los-guardianes-de-Mweb-2-300x251.jpg 300w, https:\/\/nmcontemporaneo.com\/wp-content\/uploads\/2021\/01\/Los-guardianes-de-Mweb-2-768x641.jpg 768w, https:\/\/nmcontemporaneo.com\/wp-content\/uploads\/2021\/01\/Los-guardianes-de-Mweb-2-732x612.jpg 732w, https:\/\/nmcontemporaneo.com\/wp-content\/uploads\/2021\/01\/Los-guardianes-de-Mweb-2.jpg 800w\" sizes=\"auto, (max-width: 366px) 100vw, 366px\" data-caption=\"Los guardianes de Moraima, \u00d3leo sobre tela, 180 x 220 cm\" class=\"light-dropshaddow\" itemprop=\"contentUrl\" alt=\"\"><meta itemprop=\"url\" content=\"https:\/\/nmcontemporaneo.com\/wp-content\/uploads\/2021\/01\/Los-guardianes-de-Mweb-2-366x306.jpg\"><meta itemprop=\"width\" content=\"366px\"><meta itemprop=\"height\" content=\"306px\"><\/div><\/div><div class=\"caption kad_caption\"><div class=\"kad_caption_inner\">Los guardianes de Moraima, \u00d3leo sobre tela, 180 x 220 cm<\/div><\/div><\/a><\/div><\/div><div class=\"tcol-lg-4 tcol-md-4 tcol-sm-4 tcol-xs-6 tcol-ss-12 g_item\"><div class=\"grid_item kt_item_fade_in kad_gallery_fade_in gallery_item\"><a href=\"https:\/\/nmcontemporaneo.com\/wp-content\/uploads\/2024\/10\/unnamed-34.png\" data-rel=\"lightbox\" class=\"lightboxhover\"><div class=\"kt-intrinsic\" style=\"padding-bottom:80.601092896175%;\"><div itemprop=\"image\" itemscope itemtype=\"https:\/\/schema.org\/ImageObject\"><img loading=\"lazy\" decoding=\"async\" width=\"366\" height=\"295\" src=\"https:\/\/nmcontemporaneo.com\/wp-content\/uploads\/2024\/10\/unnamed-34-366x295.png\" srcset=\"https:\/\/nmcontemporaneo.com\/wp-content\/uploads\/2024\/10\/unnamed-34-366x295.png 366w, https:\/\/nmcontemporaneo.com\/wp-content\/uploads\/2024\/10\/unnamed-34-300x242.png 300w, https:\/\/nmcontemporaneo.com\/wp-content\/uploads\/2024\/10\/unnamed-34-1024x825.png 1024w, https:\/\/nmcontemporaneo.com\/wp-content\/uploads\/2024\/10\/unnamed-34-768x619.png 768w, https:\/\/nmcontemporaneo.com\/wp-content\/uploads\/2024\/10\/unnamed-34-732x590.png 732w, https:\/\/nmcontemporaneo.com\/wp-content\/uploads\/2024\/10\/unnamed-34.png 1116w\" sizes=\"auto, (max-width: 366px) 100vw, 366px\" data-caption=\"Batman y Robin sobre la discusi\u00f3n de la verdadera historia de Batman.\n\u00d3leo sobre tela\n90 x 110 cm. 2020\" class=\"light-dropshaddow\" itemprop=\"contentUrl\" alt=\"\"><meta itemprop=\"url\" content=\"https:\/\/nmcontemporaneo.com\/wp-content\/uploads\/2024\/10\/unnamed-34-366x295.png\"><meta itemprop=\"width\" content=\"366px\"><meta itemprop=\"height\" content=\"295px\"><\/div><\/div><div class=\"caption kad_caption\"><div class=\"kad_caption_inner\">Batman y Robin sobre la discusi\u00f3n de la verdadera historia de Batman.\n\u00d3leo sobre tela\n90 x 110 cm. 2020<\/div><\/div><\/a><\/div><\/div><div class=\"tcol-lg-4 tcol-md-4 tcol-sm-4 tcol-xs-6 tcol-ss-12 g_item\"><div class=\"grid_item kt_item_fade_in kad_gallery_fade_in gallery_item\"><a href=\"https:\/\/nmcontemporaneo.com\/wp-content\/uploads\/2021\/01\/IMG_8699web-1.jpg\" data-rel=\"lightbox\" class=\"lightboxhover\"><div class=\"kt-intrinsic\" style=\"padding-bottom:120.7650273224%;\"><div itemprop=\"image\" itemscope itemtype=\"https:\/\/schema.org\/ImageObject\"><img loading=\"lazy\" decoding=\"async\" width=\"366\" height=\"442\" src=\"https:\/\/nmcontemporaneo.com\/wp-content\/uploads\/2021\/01\/IMG_8699web-1-366x442.jpg\" srcset=\"https:\/\/nmcontemporaneo.com\/wp-content\/uploads\/2021\/01\/IMG_8699web-1-366x442.jpg 366w, https:\/\/nmcontemporaneo.com\/wp-content\/uploads\/2021\/01\/IMG_8699web-1-248x300.jpg 248w, https:\/\/nmcontemporaneo.com\/wp-content\/uploads\/2021\/01\/IMG_8699web-1-768x928.jpg 768w, https:\/\/nmcontemporaneo.com\/wp-content\/uploads\/2021\/01\/IMG_8699web-1-732x884.jpg 732w, https:\/\/nmcontemporaneo.com\/wp-content\/uploads\/2021\/01\/IMG_8699web-1.jpg 800w\" sizes=\"auto, (max-width: 366px) 100vw, 366px\" data-caption=\"Miss Louise Hilton, \u00d3leo sobre tela, 150 x 120 cm\" class=\"light-dropshaddow\" itemprop=\"contentUrl\" alt=\"\"><meta itemprop=\"url\" content=\"https:\/\/nmcontemporaneo.com\/wp-content\/uploads\/2021\/01\/IMG_8699web-1-366x442.jpg\"><meta itemprop=\"width\" content=\"366px\"><meta itemprop=\"height\" content=\"442px\"><\/div><\/div><div class=\"caption kad_caption\"><div class=\"kad_caption_inner\">Miss Louise Hilton, \u00d3leo sobre tela, 150 x 120 cm<\/div><\/div><\/a><\/div><\/div><div class=\"tcol-lg-4 tcol-md-4 tcol-sm-4 tcol-xs-6 tcol-ss-12 g_item\"><div class=\"grid_item kt_item_fade_in kad_gallery_fade_in gallery_item\"><a href=\"https:\/\/nmcontemporaneo.com\/wp-content\/uploads\/2021\/01\/IMG_8014-copyweb-1.jpg\" data-rel=\"lightbox\" class=\"lightboxhover\"><div class=\"kt-intrinsic\" style=\"padding-bottom:84.426229508197%;\"><div itemprop=\"image\" itemscope itemtype=\"https:\/\/schema.org\/ImageObject\"><img loading=\"lazy\" decoding=\"async\" width=\"366\" height=\"309\" src=\"https:\/\/nmcontemporaneo.com\/wp-content\/uploads\/2021\/01\/IMG_8014-copyweb-1-366x309.jpg\" srcset=\"https:\/\/nmcontemporaneo.com\/wp-content\/uploads\/2021\/01\/IMG_8014-copyweb-1-366x309.jpg 366w, https:\/\/nmcontemporaneo.com\/wp-content\/uploads\/2021\/01\/IMG_8014-copyweb-1-300x253.jpg 300w, https:\/\/nmcontemporaneo.com\/wp-content\/uploads\/2021\/01\/IMG_8014-copyweb-1-768x648.jpg 768w, https:\/\/nmcontemporaneo.com\/wp-content\/uploads\/2021\/01\/IMG_8014-copyweb-1-732x618.jpg 732w, https:\/\/nmcontemporaneo.com\/wp-content\/uploads\/2021\/01\/IMG_8014-copyweb-1.jpg 800w\" sizes=\"auto, (max-width: 366px) 100vw, 366px\" data-caption=\"Acto de magia, \u00d3leo sobre tela, 100 x 120 cm\" class=\"light-dropshaddow\" itemprop=\"contentUrl\" alt=\"\"><meta itemprop=\"url\" content=\"https:\/\/nmcontemporaneo.com\/wp-content\/uploads\/2021\/01\/IMG_8014-copyweb-1-366x309.jpg\"><meta itemprop=\"width\" content=\"366px\"><meta itemprop=\"height\" content=\"309px\"><\/div><\/div><div class=\"caption kad_caption\"><div class=\"kad_caption_inner\">Acto de magia, \u00d3leo sobre tela, 100 x 120 cm<\/div><\/div><\/a><\/div><\/div><\/div>\n<p style=\"text-align: right;\">&#8220;Vivimos en un mundo de reproducciones, el original ya no existe.&#8221;<br \/>\n(Armando Romero)<\/p>\n<p style=\"text-align: justify;\">En la obra de Romero, la referencia a la cultura cl\u00e1sica y a los grandes maestros no se trata de inspiraci\u00f3n, sino de la cita. Pedir prestado es crear un v\u00ednculo entre el presente y el pasado. Deconstruye los c\u00f3digos tomando una distancia, los desacraliza para ponerlos en el mismo plano de lo que fue y lo que ahora es. En esta poes\u00eda pl\u00e1stica se mezclan las palabras y los objetos de la vida cotidiana. El artista es un observador, \u00e9l ordena y organiza un mundo ecl\u00e9ctico que desaf\u00eda al espectador al presentarle un verdadero rompecabezas visual.<\/p>\n<p style=\"text-align: justify;\">Su tema favorito es el circo, este mundo de fantas\u00eda donde los seres humanos y animales viven juntos y finalmente se fusionan, carteles de famosos circos norteamericanos del siglo XX sirven como tel\u00f3n de fondo para sus nuevas obras, sum\u00e1ndose a la manera de objetos adheridos a la superficie, retratos de artistas como referencia (Botticelli, Seurat, Goya). Con anarquismo c\u00f3mico, compulsivamente destroza las obras realizadas con ara\u00f1azos, garabatos y signos del tiempo de uso. Esto sirve como una firma.<\/p>\n<p style=\"text-align: justify;\">Sumido en el mundo art\u00edstico de M\u00e9xico desde muy temprana edad gracias a su padre escultor, desarrolla su formaci\u00f3n art\u00edstica en la Escuela de Arte La Esmeralda en la Ciudad de M\u00e9xico donde Armando Romero estudi\u00f3 pintura, escultura y grabado. Unos a\u00f1os m\u00e1s tarde se dedica a ense\u00f1ar estas mismas disciplinas en esta misma academia. Ha expuesto repetidamente en Estados Unidos, Suiza y M\u00e9xico destacando siempre en su trabajo esta actitud anticonformista que lo caracteriza.<\/p>\n\n<div class=\"sp-wrap sp-wrap-default\">\n<div class=\"sp-head\" title=\"Expandir\">\nCurriculum Vitae\n<\/div>\n<div class=\"sp-body folded\">\n<p><strong>Armando Romero<\/strong><\/p>\n<p><strong>Exposiciones individuales y Colectivas<\/strong><\/p>\n<p>2009 XX Century Parade. Leslie Feely Gallery. New York, N.Y. USA.2009 XX Century Parade. The MAC. Dallas Texas. USA.<\/p>\n<p>2009 XX Century Parade. Tasende Gallery. Los Angeles CA. USA.<\/p>\n<p>2008 Alpha Gallery.Boston Massachusetts.USA.<\/p>\n<p>2008 Animales Fant\u00e1sticos en peligro de extinci\u00f3n.Galerie Espacio, Morges Suiza<\/p>\n<p>2007 Art Show de Los \u00c1ngeles, Galer\u00eda Tasende, Santa M\u00f3nica, California<\/p>\n<p>2006 Ju\u00e1rez, variaci\u00f3n en la imagen. Palacio Nacional, M\u00e9xico DF<\/p>\n<p>2006 Galer\u00eda Tasende. West Hollywood y La Jolla, San Diego, California<\/p>\n<p>2006 Arteam\u00e9ricas, Galer\u00eda Tasende, Miami, Florida<\/p>\n<p>2006 Arte del Siglo XX, Galer\u00eda Tasende, Nueva York<\/p>\n<p>2005 Metamorf\u00f3sis, Met\u00e1foras, M\u00e9xico. Museo de Pully, Pully Suiza<\/p>\n<p>2004 Naturaleza Mexicana , Museo del Carmen, M\u00e9xico, D.F.<\/p>\n<p>2004 Paisaje intermitente, Intervenci\u00f3n gr\u00e1fica, Museo Nacional de la Estampa, M\u00e9xico DF<\/p>\n<p>2001 Le Manoir de la ville de Martigny , Martigny, Suiza<\/p>\n<p>2001 Art Contemporain du Mexique, Les Hopitaux universitaires de Gen\u00e9ve , Ginebra, Suiza.<\/p>\n<p>2001 EUROP&#8217;ART Basilea , Suiza<\/p>\n<p>2001 Casa Col\u00f3n Gallery, Miami, Florida<\/p>\n<p>2000 Galer\u00eda Kunsthaus Richterswil, Zurich , Suiza.<\/p>\n<p>2000 Galer\u00eda Espacio, san Salvador, El Salvador.<\/p>\n<p>2000 Casa Col\u00f3n Gallery, Miami, Florida<\/p>\n<p>2000 Galer\u00eda Ramis Barquett .<\/p>\n<p>1999 J\u00f3venes artistas Latinoamericanos . Pasaje D&#8217;Retz , Par\u00eds, Fra ncia<\/p>\n<p>1999 EUROP&#8217;ART, Basilea, suiza<\/p>\n<p>1998 Centro Cultural Mexicano, Miami , FI.<\/p>\n<p>1998 Casa Col\u00f3n Gallery , Miami, Florida<\/p>\n<p>1998 Primer encuentro Internacional , Johnnie Walker , Museo de Arte Moderno, M\u00e9xico, D.F.<\/p>\n<p>1998 Por amor a Chiapas, Subasta de Arte . Museo Rufino Tamayo, M\u00e9xico, D.F.<\/p>\n<p>1998 Becarios del FONCA, Museo de Arte Carrillo Gil, M\u00e9xico, D.F.<\/p>\n<p>1998 Peque\u00f1as cosas, Galena Espacio, Morges, Suiza<\/p>\n<p>1997 lII Bienal Monte Museo Monterrey , Monterrey , N.L.<\/p>\n<p>1997 Bienal Alfredo Zalce , Museo de Arte Moderno, M\u00e9xico , D.F.<\/p>\n<p>1997 Pasi\u00f3n al rojo Vivo, Museo de Arte Moderno, M\u00e9xico, D.F.<\/p>\n<p>1997 Exposici\u00f3n-Venta Fin de a\u00f1o, City Bank-City Gol\u00e1, Museo Rufino Tamayo, M\u00e9xico, D.F.<\/p>\n<p>1996 VIII Bienal de Pintura Rufino Tamayo, Museo Rufino Tamayo , MACO, Oaxaca , Oax.<\/p>\n<p>1996 VIII Bienal de Pintura Rufino Tamayo, Museo Rufino Tamayo, M\u00e9xico, D.F.<\/p>\n<p>1996 El Eterno Retorno, Instituto Tecnol\u00f3gico Aut\u00f3nomo de M\u00e9xico, M\u00e9xico , D.F.<\/p>\n<p>1996 Galer\u00eda Casa Col\u00f3n, M\u00e9rida , Yuc .<\/p>\n<p>1995 XV Encuentro Nacional de Arte Joven. Instituto Cultural Aguascalientes , Ags.<\/p>\n<p>1995 Exposici\u00f3n de Maestros. Galer\u00eda de la E.N.E.P.G, La Esmeralda, M\u00e9xico, D.F.<\/p>\n<p>1995 Primera Bienal de Juguete Arte-Objeto, Museo de la Ciudad de M\u00e9xico, M\u00e9xico, D.F.<\/p>\n<p>1995 Primer a Bienal de Juguete Arte-Objeto, Museo Jos\u00e9 Luis Cuevas M\u00e9xico, D.F.<\/p>\n<p>1994 D\u00eda Mundial del Medio Ambiente, Casa del Lago, M\u00e9xico, D.F.<\/p>\n<p>1994 Maestros de la E.N.E.P.G, la Esmeralda y la E.N.A.P. Casa de la Cultura Reyes<br \/>\nHeroles , M\u00e9xico, D.F.<\/p>\n<p>1994 VII Bienal de Pintura Rufino Tamayo, Museo Rufino Tamayo, MACO, Oaxaca, Oax.<\/p>\n<p>1994 VII Bienal de Pintura Rufino Tamayo, Museo Rufino Tamayo, M\u00e9xico , D.F.<\/p>\n<p>1994 En el umbral del Siglo XXI, Centro M\u00e9dico Nacional, M\u00e9xico , D.F.<\/p>\n<p>1994 Naturaleza y Abstracci\u00f3n, Galer\u00eda Matos, M\u00e9xico, D.F.<\/p>\n<p>1994 El verde Galante, Museo Mural Diego Rivera , M\u00e9xico, D.F.<\/p>\n<p>1993 XIII Encuentro Nacional de Arte Joven. Centro Cultural Aguascalientes , Ags.<\/p>\n<p>1993 Semana Ecol\u00f3gica en La Ciudad de M\u00e9xico, Claustro de Sor Juana , M\u00e9xico, D.F.<\/p>\n<p>1993 XIII Encuentro Nacional de Arte Joven. Museo Carrilto Gil, M\u00e9xico, D.F.<\/p>\n<p>1992 Encuentro de dos Mundos, alianza frances a de M\u00e9xico, M\u00e9xico, D.F.<\/p>\n<p>1992 Encuentro de dos Mundos, Galena de la E.N.E.P.G, La Esmeralda. M\u00e9xIco, D.F.<\/p>\n<p>1992 Galer\u00eda Los Arcos, Cuernavaca , Morelos<\/p>\n<p>1992 Primer concurso Nacional de Pintura sobre tela INDAR, Pinacoteca 200, M\u00e9xico, D.F.<\/p>\n<p>1992 Exalumnos distinguidos de La esmeralda, Instituto Norteamericano de Relaciones<br \/>\nCulturales<\/p>\n<p>1992 12 Works on paper. Galer\u00eda Pascuale Lanetti. San Francisco, California<\/p>\n<p><strong>PREMIOS y DISTINCIONES<\/strong><\/p>\n<p>2004 Becario del sistema nacional de creadores FONCA<\/p>\n<p>2001 Becado por el FONCA y el Internacional Studio program, en Nueva York.<\/p>\n<p>2001 Seleccionado en la Tercera Bienal de pintura y Grabado Alfredo Zalce.<\/p>\n<p>2001 Seleccionado en la V Bienal de Pintura, Escultura y grabado, Monterrey, N.L.<\/p>\n<p>2000 X Bienal de pintura Rufino Tamayo. Seleccionado<\/p>\n<p>1998 seleccionado para representar a M\u00e9xico en la Exposici\u00f3n pintura emergente de<br \/>\nAm\u00e9rica Latina y el Caribe. en el espacio Pasaje de Retz , en Par\u00eds, Francia.<\/p>\n<p>1997 Bienal Alfredo Zalce. Seleccionado<\/p>\n<p>1996 VIII Bienal de Pintura Rufino Tamayo, premio de Adquisici\u00f3n.<\/p>\n<p>1996 Recibe la beca del FONCA para j\u00f3venes creadores en Artes visuales -Pintura.<\/p>\n<p>1996 III Bienal de Monterrey. Seleccionado<\/p>\n<p>1995 XIV Encuentro Nacional de Arte Joven. Seleccionado .<\/p>\n<p>1995 Primer a Bienal de Arte Moderno. Seleccionado.<\/p>\n<p>1993 VII Bienal de Pintura Rufino Tamayo, premio de Adquisici\u00f3n.<\/p>\n<p>1988 Concurso Nacional de Artes Pl\u00e1sticas , Cutzamala 88. Premio de adquisici\u00f3n de escultura<\/p>\n<p>1988 XXV Muestra Internacional de Cine, Menci\u00f3n Honor\u00edfica .<\/p>\n<p>1988 Es incluido en el Diccionario Nacional de Escultura de la UNAM de Lili Kashner.<\/p>\n<p>1998 Concurso Nacional de Pintura , Encuentro de dos Mundos<\/p>\n<p>1998 IFAL Alianza Francesa. Premio de adquisici\u00f3n<\/p>\n<p>1998 Recibe un reconocimiento especial de par te del Director de CONACULTA, el Lic.<br \/>\nRafael Tovar y de Teresa, por su desempe\u00f1o profesional<\/p>\n<p>1988 Primer Concurso Nacional sobre tela INDAR, premio de adquisici\u00f3n .<\/p>\n<p><strong>COLECCIONES<\/strong><\/p>\n<p>Maco, Museo de Arte cont empor\u00e1neo de Oaxaca , Oax. Grupo United Distillers. M\u00e9xico D.F.<\/p>\n<p>Pintart , S.A. de C.V. Corporativo Ultra , M\u00e9rida, Yuc . Grupo Rototank , Espa\u00f1a. Corporativo<\/p>\n<p>Autotal , M\u00e9rida Yuc. Industria Satinera de Yucat\u00e1n. Lodemos y Asociados S.C. P. M\u00e9xico. UNI<br \/>\nde M\u00e9xico, M\u00e9rida Yuc. Casa Col\u00f3n Gallery, Miami, Fl. Galer\u00eda Casa Col\u00f3n, M\u00e9rida , Yuc.<\/p>\n<p>Ditassa, S.A. de C.V. M\u00e9xico . Mu\u00f1oz Arquitectos y Asociados. S.C. P., Ferrell Schultz and Fertl<br \/>\nP.A. Miami, Fl.<\/p>\n<div class=\"spdiv\">[plegar]<\/div>\n<\/div>\n<\/div>\n\n","protected":false},"excerpt":{"rendered":"<p>&lt;&lt; Ant. | Artistas | Sig &gt;&gt; &#8220;Vivimos en un mundo de reproducciones, el original ya no existe.&#8221; (Armando Romero) En la obra de Romero, la referencia a la cultura cl\u00e1sica y a los grandes maestros no se trata de &hellip; <a class=\"kt-excerpt-readmore\" href=\"https:\/\/nmcontemporaneo.com\/es\/catalogo\/pintura\/armando-romero\/\" aria-label=\"Armando Romero\">Read More<\/a><\/p>\n","protected":false},"author":25,"featured_media":0,"parent":590,"menu_order":0,"comment_status":"closed","ping_status":"closed","template":"page-fullwidth.php","meta":{"kt_blocks_editor_width":"","footnotes":""},"class_list":["post-9157","page","type-page","status-publish","hentry"],"_links":{"self":[{"href":"https:\/\/nmcontemporaneo.com\/es\/wp-json\/wp\/v2\/pages\/9157","targetHints":{"allow":["GET"]}}],"collection":[{"href":"https:\/\/nmcontemporaneo.com\/es\/wp-json\/wp\/v2\/pages"}],"about":[{"href":"https:\/\/nmcontemporaneo.com\/es\/wp-json\/wp\/v2\/types\/page"}],"author":[{"embeddable":true,"href":"https:\/\/nmcontemporaneo.com\/es\/wp-json\/wp\/v2\/users\/25"}],"replies":[{"embeddable":true,"href":"https:\/\/nmcontemporaneo.com\/es\/wp-json\/wp\/v2\/comments?post=9157"}],"version-history":[{"count":5,"href":"https:\/\/nmcontemporaneo.com\/es\/wp-json\/wp\/v2\/pages\/9157\/revisions"}],"predecessor-version":[{"id":14280,"href":"https:\/\/nmcontemporaneo.com\/es\/wp-json\/wp\/v2\/pages\/9157\/revisions\/14280"}],"up":[{"embeddable":true,"href":"https:\/\/nmcontemporaneo.com\/es\/wp-json\/wp\/v2\/pages\/590"}],"wp:attachment":[{"href":"https:\/\/nmcontemporaneo.com\/es\/wp-json\/wp\/v2\/media?parent=9157"}],"curies":[{"name":"wp","href":"https:\/\/api.w.org\/{rel}","templated":true}]}}