{"id":9164,"date":"2022-09-03T21:52:01","date_gmt":"2022-09-04T03:52:01","guid":{"rendered":"http:\/\/nmcontemporaneo.com\/?page_id=9164"},"modified":"2025-06-21T02:05:00","modified_gmt":"2025-06-21T08:05:00","slug":"nora-adame-alejandro-osorio","status":"publish","type":"page","link":"https:\/\/nmcontemporaneo.com\/es\/catalogo\/pintura\/nora-adame-alejandro-osorio\/","title":{"rendered":"Nora Adame y Alejandro Osorio"},"content":{"rendered":"<p style=\"text-align: center;\"><a href=\"\/catalogo\/pintura\/victor-hugo-perez\/\">&lt;&lt; Ant<\/a> | <a href=\"\/catalogo\/todos-los-artistas\/\">Artistas<\/a> | <a href=\"\/catalogo\/pintura\/mauricio-cervantes\/\">Sig &gt;&gt;<\/a><\/p>\n<div id=\"kad-wp-gallery203\" class=\"kad-wp-gallery gallery kt-gallery-column-3 init-isotope-intrinsic reinit-isotope kad-light-wp-gallery clearfix rowtight\" data-fade-in=\"1\" data-iso-selector=\".g_item\" data-iso-style=\"masonry\" data-iso-filter=\"false\"><div class=\"tcol-lg-4 tcol-md-4 tcol-sm-4 tcol-xs-6 tcol-ss-12 g_item\"><div class=\"grid_item kt_item_fade_in kad_gallery_fade_in gallery_item\"><a href=\"https:\/\/nmcontemporaneo.com\/wp-content\/uploads\/2021\/01\/Blue-eyeweb-1.jpg\" data-rel=\"lightbox\" class=\"lightboxhover\"><div class=\"kt-intrinsic\" style=\"padding-bottom:80.874316939891%;\"><div itemprop=\"image\" itemscope itemtype=\"https:\/\/schema.org\/ImageObject\"><img loading=\"lazy\" decoding=\"async\" width=\"366\" height=\"296\" src=\"https:\/\/nmcontemporaneo.com\/wp-content\/uploads\/2021\/01\/Blue-eyeweb-1-366x296.jpg\" srcset=\"https:\/\/nmcontemporaneo.com\/wp-content\/uploads\/2021\/01\/Blue-eyeweb-1-366x296.jpg 366w, https:\/\/nmcontemporaneo.com\/wp-content\/uploads\/2021\/01\/Blue-eyeweb-1-300x243.jpg 300w, https:\/\/nmcontemporaneo.com\/wp-content\/uploads\/2021\/01\/Blue-eyeweb-1-768x622.jpg 768w, https:\/\/nmcontemporaneo.com\/wp-content\/uploads\/2021\/01\/Blue-eyeweb-1-732x592.jpg 732w, https:\/\/nmcontemporaneo.com\/wp-content\/uploads\/2021\/01\/Blue-eyeweb-1.jpg 800w\" sizes=\"auto, (max-width: 366px) 100vw, 366px\" data-caption=\"Blue eye, Etiquetas textiles y list\u00f3n s\/fomular, 210 x 260 cm\" class=\"light-dropshaddow\" itemprop=\"contentUrl\" alt=\"\"><meta itemprop=\"url\" content=\"https:\/\/nmcontemporaneo.com\/wp-content\/uploads\/2021\/01\/Blue-eyeweb-1-366x296.jpg\"><meta itemprop=\"width\" content=\"366px\"><meta itemprop=\"height\" content=\"296px\"><\/div><\/div><div class=\"caption kad_caption\"><div class=\"kad_caption_inner\">Blue eye, Etiquetas textiles y list\u00f3n s\/fomular, 210 x 260 cm<\/div><\/div><\/a><\/div><\/div><div class=\"tcol-lg-4 tcol-md-4 tcol-sm-4 tcol-xs-6 tcol-ss-12 g_item\"><div class=\"grid_item kt_item_fade_in kad_gallery_fade_in gallery_item\"><a href=\"https:\/\/nmcontemporaneo.com\/wp-content\/uploads\/2021\/01\/Harambe-no-debio-morirweb-1.jpg\" data-rel=\"lightbox\" class=\"lightboxhover\"><div class=\"kt-intrinsic\" style=\"padding-bottom:80.874316939891%;\"><div itemprop=\"image\" itemscope itemtype=\"https:\/\/schema.org\/ImageObject\"><img loading=\"lazy\" decoding=\"async\" width=\"366\" height=\"296\" src=\"https:\/\/nmcontemporaneo.com\/wp-content\/uploads\/2021\/01\/Harambe-no-debio-morirweb-1-366x296.jpg\" srcset=\"https:\/\/nmcontemporaneo.com\/wp-content\/uploads\/2021\/01\/Harambe-no-debio-morirweb-1-366x296.jpg 366w, https:\/\/nmcontemporaneo.com\/wp-content\/uploads\/2021\/01\/Harambe-no-debio-morirweb-1-300x242.jpg 300w, https:\/\/nmcontemporaneo.com\/wp-content\/uploads\/2021\/01\/Harambe-no-debio-morirweb-1-768x620.jpg 768w, https:\/\/nmcontemporaneo.com\/wp-content\/uploads\/2021\/01\/Harambe-no-debio-morirweb-1-732x592.jpg 732w, https:\/\/nmcontemporaneo.com\/wp-content\/uploads\/2021\/01\/Harambe-no-debio-morirweb-1.jpg 800w\" sizes=\"auto, (max-width: 366px) 100vw, 366px\" data-caption=\"Harambe no debi\u00f3 morir como los hombres, List\u00f3n, lentejuela y chaquira s\/fomular, 210 x 260 cm\" class=\"light-dropshaddow\" itemprop=\"contentUrl\" alt=\"\"><meta itemprop=\"url\" content=\"https:\/\/nmcontemporaneo.com\/wp-content\/uploads\/2021\/01\/Harambe-no-debio-morirweb-1-366x296.jpg\"><meta itemprop=\"width\" content=\"366px\"><meta itemprop=\"height\" content=\"296px\"><\/div><\/div><div class=\"caption kad_caption\"><div class=\"kad_caption_inner\">Harambe no debi\u00f3 morir como los hombres, List\u00f3n, lentejuela y chaquira s\/fomular, 210 x 260 cm<\/div><\/div><\/a><\/div><\/div><div class=\"tcol-lg-4 tcol-md-4 tcol-sm-4 tcol-xs-6 tcol-ss-12 g_item\"><div class=\"grid_item kt_item_fade_in kad_gallery_fade_in gallery_item\"><a href=\"https:\/\/nmcontemporaneo.com\/wp-content\/uploads\/2021\/01\/Pink-smile-on-the-wave-web-1.jpg\" data-rel=\"lightbox\" class=\"lightboxhover\"><div class=\"kt-intrinsic\" style=\"padding-bottom:80.874316939891%;\"><div itemprop=\"image\" itemscope itemtype=\"https:\/\/schema.org\/ImageObject\"><img loading=\"lazy\" decoding=\"async\" width=\"366\" height=\"296\" src=\"https:\/\/nmcontemporaneo.com\/wp-content\/uploads\/2021\/01\/Pink-smile-on-the-wave-web-1-366x296.jpg\" srcset=\"https:\/\/nmcontemporaneo.com\/wp-content\/uploads\/2021\/01\/Pink-smile-on-the-wave-web-1-366x296.jpg 366w, https:\/\/nmcontemporaneo.com\/wp-content\/uploads\/2021\/01\/Pink-smile-on-the-wave-web-1-300x243.jpg 300w, https:\/\/nmcontemporaneo.com\/wp-content\/uploads\/2021\/01\/Pink-smile-on-the-wave-web-1-768x622.jpg 768w, https:\/\/nmcontemporaneo.com\/wp-content\/uploads\/2021\/01\/Pink-smile-on-the-wave-web-1-732x592.jpg 732w, https:\/\/nmcontemporaneo.com\/wp-content\/uploads\/2021\/01\/Pink-smile-on-the-wave-web-1.jpg 800w\" sizes=\"auto, (max-width: 366px) 100vw, 366px\" data-caption=\"Pink smile on the wave, Etiquetas textiles y list\u00f3n  s\/fomular, 210 x 260 cm\" class=\"light-dropshaddow\" itemprop=\"contentUrl\" alt=\"\"><meta itemprop=\"url\" content=\"https:\/\/nmcontemporaneo.com\/wp-content\/uploads\/2021\/01\/Pink-smile-on-the-wave-web-1-366x296.jpg\"><meta itemprop=\"width\" content=\"366px\"><meta itemprop=\"height\" content=\"296px\"><\/div><\/div><div class=\"caption kad_caption\"><div class=\"kad_caption_inner\">Pink smile on the wave, Etiquetas textiles y list\u00f3n  s\/fomular, 210 x 260 cm<\/div><\/div><\/a><\/div><\/div><div class=\"tcol-lg-4 tcol-md-4 tcol-sm-4 tcol-xs-6 tcol-ss-12 g_item\"><div class=\"grid_item kt_item_fade_in kad_gallery_fade_in gallery_item\"><a href=\"https:\/\/nmcontemporaneo.com\/wp-content\/uploads\/2018\/09\/Dualidad.jpg\" data-rel=\"lightbox\" class=\"lightboxhover\"><div class=\"kt-intrinsic\" style=\"padding-bottom:80.054644808743%;\"><div itemprop=\"image\" itemscope itemtype=\"https:\/\/schema.org\/ImageObject\"><img loading=\"lazy\" decoding=\"async\" width=\"366\" height=\"293\" src=\"https:\/\/nmcontemporaneo.com\/wp-content\/uploads\/2018\/09\/Dualidad-366x293.jpg\" srcset=\"https:\/\/nmcontemporaneo.com\/wp-content\/uploads\/2018\/09\/Dualidad-366x293.jpg 366w, https:\/\/nmcontemporaneo.com\/wp-content\/uploads\/2018\/09\/Dualidad-300x240.jpg 300w, https:\/\/nmcontemporaneo.com\/wp-content\/uploads\/2018\/09\/Dualidad-768x615.jpg 768w, https:\/\/nmcontemporaneo.com\/wp-content\/uploads\/2018\/09\/Dualidad-732x586.jpg 732w, https:\/\/nmcontemporaneo.com\/wp-content\/uploads\/2018\/09\/Dualidad.jpg 780w\" sizes=\"auto, (max-width: 366px) 100vw, 366px\" data-caption=\"DUALIDAD. D\u00edptico, list\u00f3n y lentejuela, 210 x 360 cm. 2018\" class=\"light-dropshaddow\" itemprop=\"contentUrl\" alt=\"\"><meta itemprop=\"url\" content=\"https:\/\/nmcontemporaneo.com\/wp-content\/uploads\/2018\/09\/Dualidad-366x293.jpg\"><meta itemprop=\"width\" content=\"366px\"><meta itemprop=\"height\" content=\"293px\"><\/div><\/div><div class=\"caption kad_caption\"><div class=\"kad_caption_inner\">DUALIDAD. D\u00edptico, list\u00f3n y lentejuela, 210 x 360 cm. 2018<\/div><\/div><\/a><\/div><\/div><div class=\"tcol-lg-4 tcol-md-4 tcol-sm-4 tcol-xs-6 tcol-ss-12 g_item\"><div class=\"grid_item kt_item_fade_in kad_gallery_fade_in gallery_item\"><a href=\"https:\/\/nmcontemporaneo.com\/wp-content\/uploads\/2018\/09\/venad-calabera-II.jpg\" data-rel=\"lightbox\" class=\"lightboxhover\"><div class=\"kt-intrinsic\" style=\"padding-bottom:72.404371584699%;\"><div itemprop=\"image\" itemscope itemtype=\"https:\/\/schema.org\/ImageObject\"><img loading=\"lazy\" decoding=\"async\" width=\"366\" height=\"265\" src=\"https:\/\/nmcontemporaneo.com\/wp-content\/uploads\/2018\/09\/venad-calabera-II-366x265.jpg\" srcset=\"https:\/\/nmcontemporaneo.com\/wp-content\/uploads\/2018\/09\/venad-calabera-II-366x265.jpg 366w, https:\/\/nmcontemporaneo.com\/wp-content\/uploads\/2018\/09\/venad-calabera-II-300x217.jpg 300w, https:\/\/nmcontemporaneo.com\/wp-content\/uploads\/2018\/09\/venad-calabera-II.jpg 712w\" sizes=\"auto, (max-width: 366px) 100vw, 366px\" data-caption=\"VENADO CALAVERA II. Etiquetas text\u00edles y acr\u00edlico de color s\/fomular. 130 x 180 cm. 2016\" class=\"light-dropshaddow\" itemprop=\"contentUrl\" alt=\"\"><meta itemprop=\"url\" content=\"https:\/\/nmcontemporaneo.com\/wp-content\/uploads\/2018\/09\/venad-calabera-II-366x265.jpg\"><meta itemprop=\"width\" content=\"366px\"><meta itemprop=\"height\" content=\"265px\"><\/div><\/div><div class=\"caption kad_caption\"><div class=\"kad_caption_inner\">VENADO CALAVERA II. Etiquetas text\u00edles y acr\u00edlico de color s\/fomular. 130 x 180 cm. 2016<\/div><\/div><\/a><\/div><\/div><div class=\"tcol-lg-4 tcol-md-4 tcol-sm-4 tcol-xs-6 tcol-ss-12 g_item\"><div class=\"grid_item kt_item_fade_in kad_gallery_fade_in gallery_item\"><a href=\"https:\/\/nmcontemporaneo.com\/wp-content\/uploads\/2018\/09\/flash-leopardo.jpg\" data-rel=\"lightbox\" class=\"lightboxhover\"><div class=\"kt-intrinsic\" style=\"padding-bottom:80.874316939891%;\"><div itemprop=\"image\" itemscope itemtype=\"https:\/\/schema.org\/ImageObject\"><img loading=\"lazy\" decoding=\"async\" width=\"366\" height=\"296\" src=\"https:\/\/nmcontemporaneo.com\/wp-content\/uploads\/2018\/09\/flash-leopardo-366x296.jpg\" srcset=\"https:\/\/nmcontemporaneo.com\/wp-content\/uploads\/2018\/09\/flash-leopardo-366x296.jpg 366w, https:\/\/nmcontemporaneo.com\/wp-content\/uploads\/2018\/09\/flash-leopardo-300x242.jpg 300w, https:\/\/nmcontemporaneo.com\/wp-content\/uploads\/2018\/09\/flash-leopardo-732x592.jpg 732w, https:\/\/nmcontemporaneo.com\/wp-content\/uploads\/2018\/09\/flash-leopardo.jpg 748w\" sizes=\"auto, (max-width: 366px) 100vw, 366px\" data-caption=\"FLASH LEOPARDO. Etiquetas textiles y acr\u00edlico de color s\/fomular  210 x 260 cm. D\u00edptico, 2016.\" class=\"light-dropshaddow\" itemprop=\"contentUrl\" alt=\"\"><meta itemprop=\"url\" content=\"https:\/\/nmcontemporaneo.com\/wp-content\/uploads\/2018\/09\/flash-leopardo-366x296.jpg\"><meta itemprop=\"width\" content=\"366px\"><meta itemprop=\"height\" content=\"296px\"><\/div><\/div><div class=\"caption kad_caption\"><div class=\"kad_caption_inner\">FLASH LEOPARDO. Etiquetas textiles y acr\u00edlico de color s\/fomular  210 x 260 cm. D\u00edptico, 2016.<\/div><\/div><\/a><\/div><\/div><div class=\"tcol-lg-4 tcol-md-4 tcol-sm-4 tcol-xs-6 tcol-ss-12 g_item\"><div class=\"grid_item kt_item_fade_in kad_gallery_fade_in gallery_item\"><a href=\"https:\/\/nmcontemporaneo.com\/wp-content\/uploads\/2021\/01\/Caida-libreweb-1.jpg\" data-rel=\"lightbox\" class=\"lightboxhover\"><div class=\"kt-intrinsic\" style=\"padding-bottom:58.743169398907%;\"><div itemprop=\"image\" itemscope itemtype=\"https:\/\/schema.org\/ImageObject\"><img loading=\"lazy\" decoding=\"async\" width=\"366\" height=\"215\" src=\"https:\/\/nmcontemporaneo.com\/wp-content\/uploads\/2021\/01\/Caida-libreweb-1-366x215.jpg\" srcset=\"https:\/\/nmcontemporaneo.com\/wp-content\/uploads\/2021\/01\/Caida-libreweb-1-366x215.jpg 366w, https:\/\/nmcontemporaneo.com\/wp-content\/uploads\/2021\/01\/Caida-libreweb-1-300x176.jpg 300w, https:\/\/nmcontemporaneo.com\/wp-content\/uploads\/2021\/01\/Caida-libreweb-1-768x450.jpg 768w, https:\/\/nmcontemporaneo.com\/wp-content\/uploads\/2021\/01\/Caida-libreweb-1-732x430.jpg 732w, https:\/\/nmcontemporaneo.com\/wp-content\/uploads\/2021\/01\/Caida-libreweb-1.jpg 800w\" sizes=\"auto, (max-width: 366px) 100vw, 366px\" data-caption=\"Caida libre, Tr\u00edptico, Etiquetas textiles y acr\u00edlico de color s\/fomular, 210 x 345 cm\" class=\"light-dropshaddow\" itemprop=\"contentUrl\" alt=\"\"><meta itemprop=\"url\" content=\"https:\/\/nmcontemporaneo.com\/wp-content\/uploads\/2021\/01\/Caida-libreweb-1-366x215.jpg\"><meta itemprop=\"width\" content=\"366px\"><meta itemprop=\"height\" content=\"215px\"><\/div><\/div><div class=\"caption kad_caption\"><div class=\"kad_caption_inner\">Caida libre, Tr\u00edptico, Etiquetas textiles y acr\u00edlico de color s\/fomular, 210 x 345 cm<\/div><\/div><\/a><\/div><\/div><div class=\"tcol-lg-4 tcol-md-4 tcol-sm-4 tcol-xs-6 tcol-ss-12 g_item\"><div class=\"grid_item kt_item_fade_in kad_gallery_fade_in gallery_item\"><a href=\"https:\/\/nmcontemporaneo.com\/wp-content\/uploads\/2018\/09\/venado-caleidoscopio.jpg\" data-rel=\"lightbox\" class=\"lightboxhover\"><div class=\"kt-intrinsic\" style=\"padding-bottom:155.1912568306%;\"><div itemprop=\"image\" itemscope itemtype=\"https:\/\/schema.org\/ImageObject\"><img loading=\"lazy\" decoding=\"async\" width=\"366\" height=\"568\" src=\"https:\/\/nmcontemporaneo.com\/wp-content\/uploads\/2018\/09\/venado-caleidoscopio-366x568.jpg\" srcset=\"https:\/\/nmcontemporaneo.com\/wp-content\/uploads\/2018\/09\/venado-caleidoscopio-366x568.jpg 366w, https:\/\/nmcontemporaneo.com\/wp-content\/uploads\/2018\/09\/venado-caleidoscopio-193x300.jpg 193w, https:\/\/nmcontemporaneo.com\/wp-content\/uploads\/2018\/09\/venado-caleidoscopio.jpg 380w\" sizes=\"auto, (max-width: 366px) 100vw, 366px\" data-caption=\"VENADO CALEIDOSCOPIO. Etiquetas textiles y acr\u00edlico de color sobre fomular . 180 x  120 cm. 2015\" class=\"light-dropshaddow\" itemprop=\"contentUrl\" alt=\"\"><meta itemprop=\"url\" content=\"https:\/\/nmcontemporaneo.com\/wp-content\/uploads\/2018\/09\/venado-caleidoscopio-366x568.jpg\"><meta itemprop=\"width\" content=\"366px\"><meta itemprop=\"height\" content=\"568px\"><\/div><\/div><div class=\"caption kad_caption\"><div class=\"kad_caption_inner\">VENADO CALEIDOSCOPIO. Etiquetas textiles y acr\u00edlico de color sobre fomular . 180 x  120 cm. 2015<\/div><\/div><\/a><\/div><\/div><div class=\"tcol-lg-4 tcol-md-4 tcol-sm-4 tcol-xs-6 tcol-ss-12 g_item\"><div class=\"grid_item kt_item_fade_in kad_gallery_fade_in gallery_item\"><a href=\"https:\/\/nmcontemporaneo.com\/wp-content\/uploads\/2018\/09\/fast.jpg\" data-rel=\"lightbox\" class=\"lightboxhover\"><div class=\"kt-intrinsic\" style=\"padding-bottom:54.098360655738%;\"><div itemprop=\"image\" itemscope itemtype=\"https:\/\/schema.org\/ImageObject\"><img loading=\"lazy\" decoding=\"async\" width=\"366\" height=\"198\" src=\"https:\/\/nmcontemporaneo.com\/wp-content\/uploads\/2018\/09\/fast-366x198.jpg\" srcset=\"https:\/\/nmcontemporaneo.com\/wp-content\/uploads\/2018\/09\/fast-366x198.jpg 366w, https:\/\/nmcontemporaneo.com\/wp-content\/uploads\/2018\/09\/fast-300x162.jpg 300w, https:\/\/nmcontemporaneo.com\/wp-content\/uploads\/2018\/09\/fast-768x415.jpg 768w, https:\/\/nmcontemporaneo.com\/wp-content\/uploads\/2018\/09\/fast-732x396.jpg 732w, https:\/\/nmcontemporaneo.com\/wp-content\/uploads\/2018\/09\/fast.jpg 944w\" sizes=\"auto, (max-width: 366px) 100vw, 366px\" data-caption=\"FAST. Hilo de estambre\/ estructura de madera . 90 x 162 x 15 cm . 2014\" class=\"light-dropshaddow\" itemprop=\"contentUrl\" alt=\"\"><meta itemprop=\"url\" content=\"https:\/\/nmcontemporaneo.com\/wp-content\/uploads\/2018\/09\/fast-366x198.jpg\"><meta itemprop=\"width\" content=\"366px\"><meta itemprop=\"height\" content=\"198px\"><\/div><\/div><div class=\"caption kad_caption\"><div class=\"kad_caption_inner\">FAST. Hilo de estambre\/ estructura de madera . 90 x 162 x 15 cm . 2014<\/div><\/div><\/a><\/div><\/div><\/div>\n<p><strong>La est\u00e9tica de lo salvaje<\/strong><\/p>\n<p>Nora Adame y Alejandro Osorio conforman el colectivo Nao Estudio, este colectivo presenta una serie de piezas de gran formato creadas a partir de etiquetas textiles que hacen referencia a la integraci\u00f3n de lo salvaje en los espacios dom\u00e9sticos como ornamento o decoraci\u00f3n.<\/p>\n<p>Una reminiscencia del arte pop producida con la saturaci\u00f3n de materiales y la conjugaci\u00f3n de colores en donde el material textil tiene que ver con nuestros h\u00e1bitos de consumo y modelos de vida, pulsando en un surrealismo contempor\u00e1neo.<\/p>\n\n<div class=\"sp-wrap sp-wrap-default\">\n<div class=\"sp-head\" title=\"Expandir\">\nCurriculum Vitae: Nora Adame\n<\/div>\n<div class=\"sp-body folded\">\n<p><strong>Nora Adame<\/strong><\/p>\n<p>Tamaulipas \/ M\u00e9xico 1970<\/p>\n<p><strong>Exposiciones individuales<\/strong> (selecci\u00f3n)<br \/>\n2002 Secretar\u00eda de Relaciones Exteriores Monterrey N.L.<br \/>\n\/ Instituto Tecnol\u00f3gico de Estudios superiores de Monterrey (ITESM) Monterrey N.L. \/ Galer\u00eda del Centro Cultural Tamaulipas, Cd. Victoria Tamaulipas<br \/>\n2007 Universidad de las Am\u00e9ricas, Puebla, Pue.<br \/>\n2008 Galer\u00edas de Arte y Dise\u00f1o, Puebla, Pue.<br \/>\n2009 Instituto Tecnol\u00f3gico de Estudios Superiores de Monterrey ( campus Puebla)<br \/>\n2013 Galer\u00edas de Palacio, Puebla, Pue. Mx.<\/p>\n<p><strong>Exposiciones colectivas<\/strong><br \/>\n2004 Bienal Internacional de Florencia, Italia<br \/>\n2003-2004 D\u00e9cimo Sal\u00f3n Independiente de Arte Er\u00f3tico Puebla, Pue.<br \/>\n2006 Galer\u00eda de Arte Contempor\u00e1neo del Estado de Puebla. Marva, Casa de Arte, Puebla, Pue.<br \/>\n2008 Galer\u00eda Espacio Sero, Container City, Puebla, Pue. \/ Galer\u00edas del Palacio Municipal del Estado de Puebla.<br \/>\n2009 Centro de Artes Visuales de Yucat\u00e1n.<br \/>\n2010 Secretar\u00eda de Econom\u00eda, M\u00e9xico, D.F.<br \/>\n2012 Premio Iberoamericano Cortez de C\u00e1diz, Espa\u00f1a.<\/p>\n<p><strong>Reconocimientos<\/strong><br \/>\n2002 Obra seleccionada en la XI Bienal del Museo Rufino Tamayo de la Cd. De M\u00e9xico<br \/>\n2003 Obra seleccionada en la Magna Exposici\u00f3n de Artes Pl\u00e1sticas AGORA 2000-2003<br \/>\n2006 Dos Obras seleccionadas y premiadas en el VI Encuentro Estatal de Arte Contempor\u00e1neo en la Cd. De Puebla.<br \/>\n2008 obra seleccionada en el VIII Encuentro Estatal de Arte Contempor\u00e1neo en la Cd. De Puebla, Pue.<br \/>\n2009 Obras seleccionadas con Menci\u00f3n Honor\u00edfica en la IV Bienal de Artes Visuales Yucat\u00e1n 2009.<br \/>\n2010 Particaipaci\u00f3n en la subasta del grupo de los 16. 2010 y 2011.<br \/>\n2011 Mural para el crit TELET\u00d3N en la Cd. de Puebla, Pue.<br \/>\n2012 Menci\u00f3n Honor\u00edfica en el Premio Iberoamericano Cortez de C\u00e1diz 2012, C\u00e1diz Espa\u00f1a<br \/>\n2013 Obra Seleccionada en el 12 Encuentro Estatal de Arte Contempor\u00e1neo en la Cd. De Puebla Pue. \/ Participaci\u00f3n en la subasta del grupo de los 16.<\/p>\n<div class=\"spdiv\">[plegar]<\/div>\n<\/div>\n<\/div>\n\n\n<div class=\"sp-wrap sp-wrap-default\">\n<div class=\"sp-head\" title=\"Expandir\">\nCurriculum Vitae: Alejandro Osrio\n<\/div>\n<div class=\"sp-body folded\">\n<p><strong>Alejandro Osorio <\/strong><\/p>\n<p>Tlaxcala \/ M\u00e9xico 1985<\/p>\n<p><strong>Exposiciones Individuales<\/strong> ( selecci\u00f3n)<br \/>\n2009 &#8220;Relaci\u00f3n de distancia &#8220;, Puebla, Pue. M\u00e9xico \/ &#8220;Paisajes derruidos&#8221;, Morelos, M\u00e9xico<br \/>\n2008 &#8220;Espacios trangredidos&#8221;, Puebla M\u00e9xico.<\/p>\n<p><strong>Exposiciones colectivas<\/strong><br \/>\n2013 Selecci\u00f3n X Bienal Mty FEMSA, D.F. M\u00e9xico<br \/>\n2012 X Bienal Mty FEMSA, Mty. M\u00e9xico\/ VI Bienal Artemergente, Mty. M\u00e9xico \/ &#8221; Ep\u00edlogo Ilimitado&#8221; ,D.F. M\u00e9xico \/ VI Premio Iberoamericano de Artes Visuales, C\u00e1diz, Espa\u00f1a \/ &#8221; Nube Negra&#8221;, Puebla, M\u00e9xico \/ VI Bienal Internacional de Arte Visual Universitario, Toluca, M\u00e9xico<br \/>\n2011 XXXI E Nal. Arte J\u00f3ven, Ags. M\u00e9xico<br \/>\n2010 V Bienal Artemergente, Mty. M\u00e9xico \/ VI Bienal Internacionalde estandartes, Tijuana M\u00e9xico \/ &#8221; In the Shadow of the volcanoes: Contemporary art from the mountains of central M\u00e9xico&#8221;, Northcarolina E.U. \/ &#8221; Capilla del arte&#8221; Puebla, M\u00e9xico.<br \/>\n2009 IX Bienal FEMSA, Centro de las Artes, Mty. M\u00e9xico \/ Selecci\u00f3n ARTE40, Biblioteca Vasconcelos, M\u00e9xico D.F. \/ IV Bienal Internacional de Praga, Pabell\u00f3n Mexicano &#8221; One hundred years: endogamic &amp; exogamic pictorial practices in M\u00e9xico&#8221; , Praga , Rep. Checa \/ Selecci\u00f3n XXIX E. Nac. de Arte J\u00f3ven, Ags. M\u00e9xico<br \/>\n2007 &#8221; Her\u00e1clito ( 544-484 a. C. ) En el mismo r\u00edo entramos y no entramos, pues somos y no somos ( los mismos ) &#8221; Galer\u00eda Sitio 3, Puebla, Pue. M\u00e9xico.<\/p>\n<p><strong>Reconocimientos<\/strong><br \/>\n2012 Menci\u00f3n Honor\u00edfica VI Bienal Nac. Artemergente Mty. M\u00e9xico \/ Beca J\u00f3venes Creadores FONCA CONACULTA \/ Menci\u00f3n Honor\u00edfica, &#8221; VI Premio Internacional de arte visual, Cortez de C\u00e1diz, colaboraci\u00f3n con Nora Adame, C\u00e1diz Espa\u00f1a .<br \/>\n2011 Menci\u00f3n Honor\u00edfica XXXI Encuentro Nacional de Arte J\u00f3ven, Ags. M\u00e9xico.<br \/>\n2010 Beca PECDA, J\u00f3venes Creadores, Artes Visuales.<br \/>\n2008 Beca PECDA, J\u00f3venes Creadores, Artes Visuales. <\/p>\n<div class=\"spdiv\">[plegar]<\/div>\n<\/div>\n<\/div>\n\n","protected":false},"excerpt":{"rendered":"<p>&lt;&lt; Ant | Artistas | Sig &gt;&gt; La est\u00e9tica de lo salvaje Nora Adame y Alejandro Osorio conforman el colectivo Nao Estudio, este colectivo presenta una serie de piezas de gran formato creadas a partir de etiquetas textiles que hacen &hellip; <a class=\"kt-excerpt-readmore\" href=\"https:\/\/nmcontemporaneo.com\/es\/catalogo\/pintura\/nora-adame-alejandro-osorio\/\" aria-label=\"Nora Adame y Alejandro Osorio\">Read More<\/a><\/p>\n","protected":false},"author":25,"featured_media":11167,"parent":590,"menu_order":0,"comment_status":"closed","ping_status":"closed","template":"page-fullwidth.php","meta":{"kt_blocks_editor_width":"","footnotes":""},"class_list":["post-9164","page","type-page","status-publish","has-post-thumbnail","hentry"],"_links":{"self":[{"href":"https:\/\/nmcontemporaneo.com\/es\/wp-json\/wp\/v2\/pages\/9164","targetHints":{"allow":["GET"]}}],"collection":[{"href":"https:\/\/nmcontemporaneo.com\/es\/wp-json\/wp\/v2\/pages"}],"about":[{"href":"https:\/\/nmcontemporaneo.com\/es\/wp-json\/wp\/v2\/types\/page"}],"author":[{"embeddable":true,"href":"https:\/\/nmcontemporaneo.com\/es\/wp-json\/wp\/v2\/users\/25"}],"replies":[{"embeddable":true,"href":"https:\/\/nmcontemporaneo.com\/es\/wp-json\/wp\/v2\/comments?post=9164"}],"version-history":[{"count":2,"href":"https:\/\/nmcontemporaneo.com\/es\/wp-json\/wp\/v2\/pages\/9164\/revisions"}],"predecessor-version":[{"id":14281,"href":"https:\/\/nmcontemporaneo.com\/es\/wp-json\/wp\/v2\/pages\/9164\/revisions\/14281"}],"up":[{"embeddable":true,"href":"https:\/\/nmcontemporaneo.com\/es\/wp-json\/wp\/v2\/pages\/590"}],"wp:featuredmedia":[{"embeddable":true,"href":"https:\/\/nmcontemporaneo.com\/es\/wp-json\/wp\/v2\/media\/11167"}],"wp:attachment":[{"href":"https:\/\/nmcontemporaneo.com\/es\/wp-json\/wp\/v2\/media?parent=9164"}],"curies":[{"name":"wp","href":"https:\/\/api.w.org\/{rel}","templated":true}]}}