{"id":9195,"date":"2022-09-06T15:39:41","date_gmt":"2022-09-06T21:39:41","guid":{"rendered":"http:\/\/nmcontemporaneo.com\/?page_id=9195"},"modified":"2025-06-21T01:43:16","modified_gmt":"2025-06-21T07:43:16","slug":"raul-cerrillo","status":"publish","type":"page","link":"https:\/\/nmcontemporaneo.com\/es\/catalogo\/pintura\/raul-cerrillo\/","title":{"rendered":"Ra\u00fal Cerrillo"},"content":{"rendered":"<p style=\"text-align: center;\"><a href=\"..\/sergio-garval\/\">&lt;&lt; Ant.<\/a> | <a href=\"\/catalogo\/todos-los-artistas\/\">Artistas<\/a> | <a href=\"..\/angel-ricardo-rios\/\">Sig. &gt;&gt;<\/a><\/p>\n<div id=\"kad-wp-gallery318\" class=\"kad-wp-gallery gallery kt-gallery-column-3 init-isotope-intrinsic reinit-isotope kad-light-wp-gallery clearfix rowtight\" data-fade-in=\"1\" data-iso-selector=\".g_item\" data-iso-style=\"masonry\" data-iso-filter=\"false\"><div class=\"tcol-lg-4 tcol-md-4 tcol-sm-4 tcol-xs-6 tcol-ss-12 g_item\"><div class=\"grid_item kt_item_fade_in kad_gallery_fade_in gallery_item\"><a href=\"https:\/\/nmcontemporaneo.com\/wp-content\/uploads\/2021\/01\/H.invisibles-1web-1.jpg\" data-rel=\"lightbox\" class=\"lightboxhover\"><div class=\"kt-intrinsic\" style=\"padding-bottom:133.33333333333%;\"><div itemprop=\"image\" itemscope itemtype=\"https:\/\/schema.org\/ImageObject\"><img loading=\"lazy\" decoding=\"async\" width=\"366\" height=\"488\" src=\"https:\/\/nmcontemporaneo.com\/wp-content\/uploads\/2021\/01\/H.invisibles-1web-1-366x488.jpg\" srcset=\"https:\/\/nmcontemporaneo.com\/wp-content\/uploads\/2021\/01\/H.invisibles-1web-1-366x488.jpg 366w, https:\/\/nmcontemporaneo.com\/wp-content\/uploads\/2021\/01\/H.invisibles-1web-1-225x300.jpg 225w, https:\/\/nmcontemporaneo.com\/wp-content\/uploads\/2021\/01\/H.invisibles-1web-1.jpg 600w\" sizes=\"auto, (max-width: 366px) 100vw, 366px\" data-caption=\"H\u00e9roes Invisibles 1, \n\u00f3leo sobre tela, \n180 x 130 cm. 2020 \n\" class=\"light-dropshaddow\" itemprop=\"contentUrl\" alt=\"\"><meta itemprop=\"url\" content=\"https:\/\/nmcontemporaneo.com\/wp-content\/uploads\/2021\/01\/H.invisibles-1web-1-366x488.jpg\"><meta itemprop=\"width\" content=\"366px\"><meta itemprop=\"height\" content=\"488px\"><\/div><\/div><div class=\"caption kad_caption\"><div class=\"kad_caption_inner\">H\u00e9roes Invisibles 1, \n\u00f3leo sobre tela, \n180 x 130 cm. 2020 \n<\/div><\/div><\/a><\/div><\/div><div class=\"tcol-lg-4 tcol-md-4 tcol-sm-4 tcol-xs-6 tcol-ss-12 g_item\"><div class=\"grid_item kt_item_fade_in kad_gallery_fade_in gallery_item\"><a href=\"https:\/\/nmcontemporaneo.com\/wp-content\/uploads\/2021\/01\/H.invisibles-2web-1.jpg\" data-rel=\"lightbox\" class=\"lightboxhover\"><div class=\"kt-intrinsic\" style=\"padding-bottom:133.33333333333%;\"><div itemprop=\"image\" itemscope itemtype=\"https:\/\/schema.org\/ImageObject\"><img loading=\"lazy\" decoding=\"async\" width=\"366\" height=\"488\" src=\"https:\/\/nmcontemporaneo.com\/wp-content\/uploads\/2021\/01\/H.invisibles-2web-1-366x488.jpg\" srcset=\"https:\/\/nmcontemporaneo.com\/wp-content\/uploads\/2021\/01\/H.invisibles-2web-1-366x488.jpg 366w, https:\/\/nmcontemporaneo.com\/wp-content\/uploads\/2021\/01\/H.invisibles-2web-1-225x300.jpg 225w, https:\/\/nmcontemporaneo.com\/wp-content\/uploads\/2021\/01\/H.invisibles-2web-1.jpg 600w\" sizes=\"auto, (max-width: 366px) 100vw, 366px\" data-caption=\"H\u00e9roes Invisibles 2, \n\u00f3leo sobre tela, \n180 x 130 cm. 2020 \n\" class=\"light-dropshaddow\" itemprop=\"contentUrl\" alt=\"\"><meta itemprop=\"url\" content=\"https:\/\/nmcontemporaneo.com\/wp-content\/uploads\/2021\/01\/H.invisibles-2web-1-366x488.jpg\"><meta itemprop=\"width\" content=\"366px\"><meta itemprop=\"height\" content=\"488px\"><\/div><\/div><div class=\"caption kad_caption\"><div class=\"kad_caption_inner\">H\u00e9roes Invisibles 2, \n\u00f3leo sobre tela, \n180 x 130 cm. 2020 \n<\/div><\/div><\/a><\/div><\/div><div class=\"tcol-lg-4 tcol-md-4 tcol-sm-4 tcol-xs-6 tcol-ss-12 g_item\"><div class=\"grid_item kt_item_fade_in kad_gallery_fade_in gallery_item\"><a href=\"https:\/\/nmcontemporaneo.com\/wp-content\/uploads\/2021\/01\/H.invisibles-3web-1.jpg\" data-rel=\"lightbox\" class=\"lightboxhover\"><div class=\"kt-intrinsic\" style=\"padding-bottom:133.33333333333%;\"><div itemprop=\"image\" itemscope itemtype=\"https:\/\/schema.org\/ImageObject\"><img loading=\"lazy\" decoding=\"async\" width=\"366\" height=\"488\" src=\"https:\/\/nmcontemporaneo.com\/wp-content\/uploads\/2021\/01\/H.invisibles-3web-1-366x488.jpg\" srcset=\"https:\/\/nmcontemporaneo.com\/wp-content\/uploads\/2021\/01\/H.invisibles-3web-1-366x488.jpg 366w, https:\/\/nmcontemporaneo.com\/wp-content\/uploads\/2021\/01\/H.invisibles-3web-1-225x300.jpg 225w, https:\/\/nmcontemporaneo.com\/wp-content\/uploads\/2021\/01\/H.invisibles-3web-1.jpg 600w\" sizes=\"auto, (max-width: 366px) 100vw, 366px\" data-caption=\"H\u00e9roes Invisibles 3, \n\u00f3leo sobre tela, \n180 x 130 cm. 2020 \n\" class=\"light-dropshaddow\" itemprop=\"contentUrl\" alt=\"\"><meta itemprop=\"url\" content=\"https:\/\/nmcontemporaneo.com\/wp-content\/uploads\/2021\/01\/H.invisibles-3web-1-366x488.jpg\"><meta itemprop=\"width\" content=\"366px\"><meta itemprop=\"height\" content=\"488px\"><\/div><\/div><div class=\"caption kad_caption\"><div class=\"kad_caption_inner\">H\u00e9roes Invisibles 3, \n\u00f3leo sobre tela, \n180 x 130 cm. 2020 \n<\/div><\/div><\/a><\/div><\/div><div class=\"tcol-lg-4 tcol-md-4 tcol-sm-4 tcol-xs-6 tcol-ss-12 g_item\"><div class=\"grid_item kt_item_fade_in kad_gallery_fade_in gallery_item\"><a href=\"https:\/\/nmcontemporaneo.com\/wp-content\/uploads\/2021\/01\/enfermeros-3web-1.jpg\" data-rel=\"lightbox\" class=\"lightboxhover\"><div class=\"kt-intrinsic\" style=\"padding-bottom:133.33333333333%;\"><div itemprop=\"image\" itemscope itemtype=\"https:\/\/schema.org\/ImageObject\"><img loading=\"lazy\" decoding=\"async\" width=\"366\" height=\"488\" src=\"https:\/\/nmcontemporaneo.com\/wp-content\/uploads\/2021\/01\/enfermeros-3web-1-366x488.jpg\" srcset=\"https:\/\/nmcontemporaneo.com\/wp-content\/uploads\/2021\/01\/enfermeros-3web-1-366x488.jpg 366w, https:\/\/nmcontemporaneo.com\/wp-content\/uploads\/2021\/01\/enfermeros-3web-1-225x300.jpg 225w, https:\/\/nmcontemporaneo.com\/wp-content\/uploads\/2021\/01\/enfermeros-3web-1.jpg 600w\" sizes=\"auto, (max-width: 366px) 100vw, 366px\" data-caption=\"Enfermeros 1, \n\u00f3leo sobre tela  \n90 x 200 cm. 2020\n\" class=\"light-dropshaddow\" itemprop=\"contentUrl\" alt=\"\"><meta itemprop=\"url\" content=\"https:\/\/nmcontemporaneo.com\/wp-content\/uploads\/2021\/01\/enfermeros-3web-1-366x488.jpg\"><meta itemprop=\"width\" content=\"366px\"><meta itemprop=\"height\" content=\"488px\"><\/div><\/div><div class=\"caption kad_caption\"><div class=\"kad_caption_inner\">Enfermeros 1, \n\u00f3leo sobre tela  \n90 x 200 cm. 2020\n<\/div><\/div><\/a><\/div><\/div><div class=\"tcol-lg-4 tcol-md-4 tcol-sm-4 tcol-xs-6 tcol-ss-12 g_item\"><div class=\"grid_item kt_item_fade_in kad_gallery_fade_in gallery_item\"><a href=\"https:\/\/nmcontemporaneo.com\/wp-content\/uploads\/2021\/01\/enfermeros-2web-1.jpg\" data-rel=\"lightbox\" class=\"lightboxhover\"><div class=\"kt-intrinsic\" style=\"padding-bottom:133.33333333333%;\"><div itemprop=\"image\" itemscope itemtype=\"https:\/\/schema.org\/ImageObject\"><img loading=\"lazy\" decoding=\"async\" width=\"366\" height=\"488\" src=\"https:\/\/nmcontemporaneo.com\/wp-content\/uploads\/2021\/01\/enfermeros-2web-1-366x488.jpg\" srcset=\"https:\/\/nmcontemporaneo.com\/wp-content\/uploads\/2021\/01\/enfermeros-2web-1-366x488.jpg 366w, https:\/\/nmcontemporaneo.com\/wp-content\/uploads\/2021\/01\/enfermeros-2web-1-225x300.jpg 225w, https:\/\/nmcontemporaneo.com\/wp-content\/uploads\/2021\/01\/enfermeros-2web-1.jpg 600w\" sizes=\"auto, (max-width: 366px) 100vw, 366px\" data-caption=\"Enfermeros 2, \n\u00f3leo sobre tela  \n90 x 200 cm. 2020\n\" class=\"light-dropshaddow\" itemprop=\"contentUrl\" alt=\"\"><meta itemprop=\"url\" content=\"https:\/\/nmcontemporaneo.com\/wp-content\/uploads\/2021\/01\/enfermeros-2web-1-366x488.jpg\"><meta itemprop=\"width\" content=\"366px\"><meta itemprop=\"height\" content=\"488px\"><\/div><\/div><div class=\"caption kad_caption\"><div class=\"kad_caption_inner\">Enfermeros 2, \n\u00f3leo sobre tela  \n90 x 200 cm. 2020\n<\/div><\/div><\/a><\/div><\/div><div class=\"tcol-lg-4 tcol-md-4 tcol-sm-4 tcol-xs-6 tcol-ss-12 g_item\"><div class=\"grid_item kt_item_fade_in kad_gallery_fade_in gallery_item\"><a href=\"https:\/\/nmcontemporaneo.com\/wp-content\/uploads\/2021\/01\/enfermeros-1web-1.jpg\" data-rel=\"lightbox\" class=\"lightboxhover\"><div class=\"kt-intrinsic\" style=\"padding-bottom:133.33333333333%;\"><div itemprop=\"image\" itemscope itemtype=\"https:\/\/schema.org\/ImageObject\"><img loading=\"lazy\" decoding=\"async\" width=\"366\" height=\"488\" src=\"https:\/\/nmcontemporaneo.com\/wp-content\/uploads\/2021\/01\/enfermeros-1web-1-366x488.jpg\" srcset=\"https:\/\/nmcontemporaneo.com\/wp-content\/uploads\/2021\/01\/enfermeros-1web-1-366x488.jpg 366w, https:\/\/nmcontemporaneo.com\/wp-content\/uploads\/2021\/01\/enfermeros-1web-1-225x300.jpg 225w, https:\/\/nmcontemporaneo.com\/wp-content\/uploads\/2021\/01\/enfermeros-1web-1.jpg 600w\" sizes=\"auto, (max-width: 366px) 100vw, 366px\" data-caption=\"Enfermeros 3, \n\u00f3leo sobre tela  \n90 x 200 cm. 2020\n\" class=\"light-dropshaddow\" itemprop=\"contentUrl\" alt=\"\"><meta itemprop=\"url\" content=\"https:\/\/nmcontemporaneo.com\/wp-content\/uploads\/2021\/01\/enfermeros-1web-1-366x488.jpg\"><meta itemprop=\"width\" content=\"366px\"><meta itemprop=\"height\" content=\"488px\"><\/div><\/div><div class=\"caption kad_caption\"><div class=\"kad_caption_inner\">Enfermeros 3, \n\u00f3leo sobre tela  \n90 x 200 cm. 2020\n<\/div><\/div><\/a><\/div><\/div><div class=\"tcol-lg-4 tcol-md-4 tcol-sm-4 tcol-xs-6 tcol-ss-12 g_item\"><div class=\"grid_item kt_item_fade_in kad_gallery_fade_in gallery_item\"><a href=\"https:\/\/nmcontemporaneo.com\/wp-content\/uploads\/2021\/01\/Rutas-sagradas-2web-1.jpg\" data-rel=\"lightbox\" class=\"lightboxhover\"><div class=\"kt-intrinsic\" style=\"padding-bottom:133.33333333333%;\"><div itemprop=\"image\" itemscope itemtype=\"https:\/\/schema.org\/ImageObject\"><img loading=\"lazy\" decoding=\"async\" width=\"366\" height=\"488\" src=\"https:\/\/nmcontemporaneo.com\/wp-content\/uploads\/2021\/01\/Rutas-sagradas-2web-1-366x488.jpg\" srcset=\"https:\/\/nmcontemporaneo.com\/wp-content\/uploads\/2021\/01\/Rutas-sagradas-2web-1-366x488.jpg 366w, https:\/\/nmcontemporaneo.com\/wp-content\/uploads\/2021\/01\/Rutas-sagradas-2web-1-225x300.jpg 225w, https:\/\/nmcontemporaneo.com\/wp-content\/uploads\/2021\/01\/Rutas-sagradas-2web-1.jpg 600w\" sizes=\"auto, (max-width: 366px) 100vw, 366px\" data-caption=\"Grutas Sagradas 2, \u00f3leo sobre tela, 45 x 35 cm. 2018\" class=\"light-dropshaddow\" itemprop=\"contentUrl\" alt=\"\"><meta itemprop=\"url\" content=\"https:\/\/nmcontemporaneo.com\/wp-content\/uploads\/2021\/01\/Rutas-sagradas-2web-1-366x488.jpg\"><meta itemprop=\"width\" content=\"366px\"><meta itemprop=\"height\" content=\"488px\"><\/div><\/div><div class=\"caption kad_caption\"><div class=\"kad_caption_inner\">Grutas Sagradas 2, \u00f3leo sobre tela, 45 x 35 cm. 2018<\/div><\/div><\/a><\/div><\/div><div class=\"tcol-lg-4 tcol-md-4 tcol-sm-4 tcol-xs-6 tcol-ss-12 g_item\"><div class=\"grid_item kt_item_fade_in kad_gallery_fade_in gallery_item\"><a href=\"https:\/\/nmcontemporaneo.com\/wp-content\/uploads\/2021\/01\/Rutas-sagradas-3web-1.jpg\" data-rel=\"lightbox\" class=\"lightboxhover\"><div class=\"kt-intrinsic\" style=\"padding-bottom:133.33333333333%;\"><div itemprop=\"image\" itemscope itemtype=\"https:\/\/schema.org\/ImageObject\"><img loading=\"lazy\" decoding=\"async\" width=\"366\" height=\"488\" src=\"https:\/\/nmcontemporaneo.com\/wp-content\/uploads\/2021\/01\/Rutas-sagradas-3web-1-366x488.jpg\" srcset=\"https:\/\/nmcontemporaneo.com\/wp-content\/uploads\/2021\/01\/Rutas-sagradas-3web-1-366x488.jpg 366w, https:\/\/nmcontemporaneo.com\/wp-content\/uploads\/2021\/01\/Rutas-sagradas-3web-1-225x300.jpg 225w, https:\/\/nmcontemporaneo.com\/wp-content\/uploads\/2021\/01\/Rutas-sagradas-3web-1.jpg 600w\" sizes=\"auto, (max-width: 366px) 100vw, 366px\" data-caption=\"Grutas Sagradas 1, \u00f3leo sobre tela, 45 x 35 cm. 2018\" class=\"light-dropshaddow\" itemprop=\"contentUrl\" alt=\"\"><meta itemprop=\"url\" content=\"https:\/\/nmcontemporaneo.com\/wp-content\/uploads\/2021\/01\/Rutas-sagradas-3web-1-366x488.jpg\"><meta itemprop=\"width\" content=\"366px\"><meta itemprop=\"height\" content=\"488px\"><\/div><\/div><div class=\"caption kad_caption\"><div class=\"kad_caption_inner\">Grutas Sagradas 1, \u00f3leo sobre tela, 45 x 35 cm. 2018<\/div><\/div><\/a><\/div><\/div><div class=\"tcol-lg-4 tcol-md-4 tcol-sm-4 tcol-xs-6 tcol-ss-12 g_item\"><div class=\"grid_item kt_item_fade_in kad_gallery_fade_in gallery_item\"><a href=\"https:\/\/nmcontemporaneo.com\/wp-content\/uploads\/2021\/01\/Rutas-sagradas-1web-1.jpg\" data-rel=\"lightbox\" class=\"lightboxhover\"><div class=\"kt-intrinsic\" style=\"padding-bottom:133.33333333333%;\"><div itemprop=\"image\" itemscope itemtype=\"https:\/\/schema.org\/ImageObject\"><img loading=\"lazy\" decoding=\"async\" width=\"366\" height=\"488\" src=\"https:\/\/nmcontemporaneo.com\/wp-content\/uploads\/2021\/01\/Rutas-sagradas-1web-1-366x488.jpg\" srcset=\"https:\/\/nmcontemporaneo.com\/wp-content\/uploads\/2021\/01\/Rutas-sagradas-1web-1-366x488.jpg 366w, https:\/\/nmcontemporaneo.com\/wp-content\/uploads\/2021\/01\/Rutas-sagradas-1web-1-225x300.jpg 225w, https:\/\/nmcontemporaneo.com\/wp-content\/uploads\/2021\/01\/Rutas-sagradas-1web-1.jpg 600w\" sizes=\"auto, (max-width: 366px) 100vw, 366px\" data-caption=\"Grutas Sagradas 3, \u00f3leo sobre tela, 45 x 35 cm. 2018\" class=\"light-dropshaddow\" itemprop=\"contentUrl\" alt=\"\"><meta itemprop=\"url\" content=\"https:\/\/nmcontemporaneo.com\/wp-content\/uploads\/2021\/01\/Rutas-sagradas-1web-1-366x488.jpg\"><meta itemprop=\"width\" content=\"366px\"><meta itemprop=\"height\" content=\"488px\"><\/div><\/div><div class=\"caption kad_caption\"><div class=\"kad_caption_inner\">Grutas Sagradas 3, \u00f3leo sobre tela, 45 x 35 cm. 2018<\/div><\/div><\/a><\/div><\/div><\/div>\n<p style=\"text-align: justify;\">Ra\u00fal Cerrillo (Ciudad de M\u00e9xico. 1977), Es un artista multidisciplinario que se dedica a la auto observaci\u00f3n para acceder y entender la sofisticada tecnolog\u00eda del ser y del cuerpo humano, experimentando diferentes estados de consciencia donde el proceso creativo en la pintura es uno de ellos. Crea para buscar la belleza inesperada del encuentro fortuito, afirma que el cuerpo humano es el mayor desarrollo jam\u00e1s creado, la m\u00e1quina perfecta encargada de concientizar y divinizar la materia en el planeta. Para Ra\u00fal el arte es cantar hacia adentro para despertar el esp\u00edritu.<\/p>\n<p style=\"text-align: justify;\">Sus estudios acad\u00e9micos los realiz\u00f3 en la Escuela Nacional de Artes Visuales \u201cLa Esmeralda\u201d (INBA) en M\u00e9xico y en el Instituto de Artes Visuales en Puebla. Sus exhibiciones individuales han recorrido el interior de la Rep\u00fablica Mexicana, y sus piezas han sido parte de exposiciones colectivas en Austin, Barcelona, Mil\u00e1n, Par\u00eds, Venecia y Londres. Ha sido premiado con becas nacionales tambi\u00e9n ha sido merecedor de varios premios y menciones honor\u00edficas nacionales de pintura. En el 2018 recibi\u00f3 el Premio Nacional de Pintura Alfredo Zalce en Morelia, Michoac\u00e1n.<\/p>\n<p style=\"text-align: justify;\">\n<div class=\"sp-wrap sp-wrap-default\">\n<div class=\"sp-head\" title=\"Expandir\">\nCurriculum Vitae\n<\/div>\n<div class=\"sp-body folded\">\n<p><strong>Ra\u00fal Cerrillo \u00c1lvarez<\/strong><\/p>\n<p><strong>Fecha de Nacimiento:<\/strong> 04 de Diciembre de 1977<\/p>\n<p><strong>Estudios:<\/strong><br \/>\nEscuela Nacional de Artes Pl\u00e1sticas, La Esmeralda, INBA. M\u00e9xico D.F.<br \/>\nInstituto de Artes Visuales, Puebla, Pue.<br \/>\nPinturas en vidrio, Wheaton Village, N.J. E.A.U.<\/p>\n<p><strong>Exposiciones Individuales:<\/strong><br \/>\n2012 La Casa Amarilla Exposici\u00f3n &#8220;Profec\u00edas&#8221;. Monterrey, N.L<br \/>\n2012 Galer\u00eda Distrito 14. La Vida es un Cigarrillo. Monterrey, N.L.<br \/>\n2010 Galer\u00eda en el Taller Mec\u00e1nico. That Fatalistic Sound. Monterrey, N.L.<br \/>\n2010 Galer\u00eda Distrito 14. Somos Cosmos. Monterrey, N.L.<br \/>\n2008 Galer\u00eda Distrito 14. El asco te proteje. Monterrey, N.L.<br \/>\n2006 Galer\u00eda Distrito 14 Intervenciones. Monterrey, N.L.<br \/>\n2005 FIP, Discursos Urbanos Puebla, Pue.<br \/>\n2004 Galer\u00eda Alternativa Once, Proyecto V\u00eda crusis. Monterrey N.L.<br \/>\n2004 Galer\u00eda Entre Estudio y Galer\u00eda Intervenciones sobre muro, Puebla Puebla,<br \/>\n2003 JGM arte contempor\u00e1neo Cita en el colch\u00f3n, Monterrey, N.L.<br \/>\n2003 JGM arte contempor\u00e1neo Muestra 002 World Trade Center, M\u00e9xico D.F.<\/p>\n<p><strong>Exposiciones colectivas:<\/strong><br \/>\n2012 Galer\u00eda Border. Yo Primate. M\u00e9xico, D.F.<br \/>\n2011 Pinacoteca. Colecci\u00f3n Pinacoteca de Nuevo Le\u00f3n. Monterrey, N.L.<br \/>\n2011 Pinacoteca. Alfileres (Curado por Marco Granados) Monterrey, N.L.<br \/>\n2010 Galer\u00eda La 77. Subversi\u00f3n. M\u00e9xico, D.F.<br \/>\n2008 Popblanos Galer\u00eda Portales. Puebla, Pue.<br \/>\n2008 Galer\u00eda Arcaute, Cordero de Dios, San Pedro Garza Garcia N.L.<br \/>\n2007 Museo del Centenario San Pedro Garza Garc\u00eda N.L.<br \/>\n2007 FORUM de las Culturas Los Nuevoleones, Nave Generadores Mty. N.L.<br \/>\n2007 Galeria Distrito 14, Monterrey N.L.<br \/>\n2007 Galer\u00eda Arcaute, MIART, Feria de Arte Contemporaneo, Milan, Italia.<br \/>\n2002 Galer\u00eda Arcaute Exposici\u00f3n Hardcore, Monterrey ,N.L.<br \/>\n2001 \u2013 2002 Arte Joven. Seleccionado<br \/>\n2001 \u2013 2002 Omnilife Sal\u00f3n de Octubre, serie Clonaci\u00f3n Pict\u00f3rica Guadalajara.<br \/>\n2002 Exposici\u00f3n Colectiva Cabaretito Fat Free. Curadur\u00eda Edgardo Ganado Kim,.<br \/>\n2001 Centro Nacional de Las Artes Exposici\u00f3n Mirarte Video Instalaci\u00f3n. M\u00e9xico D.F.<br \/>\n2001 Museo del Chopo Muestra Lesbica-gay, serie Crucifixiones y Frente al Espejo. M\u00e9xico D.F.<br \/>\n2001 Galer\u00eda de la Universidad de Jalapa serie Crucifixiones Jalapa, Veracruz.<br \/>\n2000 Secretar\u00eda de Comercio, exposici\u00f3n Robert Mondavi, Pan y Vino, M\u00e9xico D.F.<br \/>\n1999 Fonoteca, exposici\u00f3n Contratiempos, Homenaje a Pierre Menard, Veracruz , Ver.<br \/>\n1998 Biblioteca de la Universidad Iberoamericana, Puebla Pue.<br \/>\n1997 Gallery of Glass, Wheaton Village, N.J. E.A.U.<\/p>\n<div class=\"spdiv\">[plegar]<\/div>\n<\/div>\n<\/div>\n\n","protected":false},"excerpt":{"rendered":"<p>&lt;&lt; Ant. | Artistas | Sig. &gt;&gt; Ra\u00fal Cerrillo (Ciudad de M\u00e9xico. 1977), Es un artista multidisciplinario que se dedica a la auto observaci\u00f3n para acceder y entender la sofisticada tecnolog\u00eda del ser y del cuerpo humano, experimentando diferentes estados &hellip; <a class=\"kt-excerpt-readmore\" href=\"https:\/\/nmcontemporaneo.com\/es\/catalogo\/pintura\/raul-cerrillo\/\" aria-label=\"Ra\u00fal Cerrillo\">Read More<\/a><\/p>\n","protected":false},"author":25,"featured_media":0,"parent":590,"menu_order":0,"comment_status":"closed","ping_status":"closed","template":"page-fullwidth.php","meta":{"kt_blocks_editor_width":"","footnotes":""},"class_list":["post-9195","page","type-page","status-publish","hentry"],"_links":{"self":[{"href":"https:\/\/nmcontemporaneo.com\/es\/wp-json\/wp\/v2\/pages\/9195","targetHints":{"allow":["GET"]}}],"collection":[{"href":"https:\/\/nmcontemporaneo.com\/es\/wp-json\/wp\/v2\/pages"}],"about":[{"href":"https:\/\/nmcontemporaneo.com\/es\/wp-json\/wp\/v2\/types\/page"}],"author":[{"embeddable":true,"href":"https:\/\/nmcontemporaneo.com\/es\/wp-json\/wp\/v2\/users\/25"}],"replies":[{"embeddable":true,"href":"https:\/\/nmcontemporaneo.com\/es\/wp-json\/wp\/v2\/comments?post=9195"}],"version-history":[{"count":2,"href":"https:\/\/nmcontemporaneo.com\/es\/wp-json\/wp\/v2\/pages\/9195\/revisions"}],"predecessor-version":[{"id":14276,"href":"https:\/\/nmcontemporaneo.com\/es\/wp-json\/wp\/v2\/pages\/9195\/revisions\/14276"}],"up":[{"embeddable":true,"href":"https:\/\/nmcontemporaneo.com\/es\/wp-json\/wp\/v2\/pages\/590"}],"wp:attachment":[{"href":"https:\/\/nmcontemporaneo.com\/es\/wp-json\/wp\/v2\/media?parent=9195"}],"curies":[{"name":"wp","href":"https:\/\/api.w.org\/{rel}","templated":true}]}}