{"id":9224,"date":"2022-09-06T17:22:15","date_gmt":"2022-09-06T23:22:15","guid":{"rendered":"http:\/\/nmcontemporaneo.com\/?page_id=9224"},"modified":"2025-06-23T12:24:30","modified_gmt":"2025-06-23T18:24:30","slug":"javier-guadarrama","status":"publish","type":"page","link":"https:\/\/nmcontemporaneo.com\/es\/catalogo\/pintura\/otros-artistas\/javier-guadarrama\/","title":{"rendered":"Javier Guadarrama"},"content":{"rendered":"<p style=\"text-align: center;\"><a href=\"https:\/\/nmcontemporaneo.com\/catalogo\/pintura\/otros-artistas\/claudia-gallegos\/\">&lt;&lt; Ant.<\/a> | <a href=\"\/catalogo\/todos-los-artistas\/\">Artistas<\/a> | <a href=\"http:\/\/nmcontemporaneo.com\/catalogo\/escultura\/andres-amaya\/\">Sig. &gt;&gt;<\/a><\/p>\n<div id=\"kad-wp-gallery417\" class=\"kad-wp-gallery gallery kt-gallery-column-2 init-isotope-intrinsic reinit-isotope kad-light-wp-gallery clearfix rowtight\" data-fade-in=\"1\" data-iso-selector=\".g_item\" data-iso-style=\"masonry\" data-iso-filter=\"false\"><div class=\"tcol-lg-6 tcol-md-6 tcol-sm-6 tcol-xs-12 tcol-ss-12 g_item\"><div class=\"grid_item kt_item_fade_in kad_gallery_fade_in gallery_item\"><a href=\"https:\/\/nmcontemporaneo.com\/wp-content\/uploads\/2020\/04\/marno7-XIV.jpg\" data-rel=\"lightbox\" class=\"lightboxhover\"><div class=\"kt-intrinsic\" style=\"padding-bottom:66.964285714286%;\"><div itemprop=\"image\" itemscope itemtype=\"https:\/\/schema.org\/ImageObject\"><img loading=\"lazy\" decoding=\"async\" width=\"560\" height=\"375\" src=\"https:\/\/nmcontemporaneo.com\/wp-content\/uploads\/2020\/04\/marno7-XIV-560x375.jpg\" srcset=\"https:\/\/nmcontemporaneo.com\/wp-content\/uploads\/2020\/04\/marno7-XIV-560x375.jpg 560w, https:\/\/nmcontemporaneo.com\/wp-content\/uploads\/2020\/04\/marno7-XIV-300x201.jpg 300w, https:\/\/nmcontemporaneo.com\/wp-content\/uploads\/2020\/04\/marno7-XIV-272x182.jpg 272w, https:\/\/nmcontemporaneo.com\/wp-content\/uploads\/2020\/04\/marno7-XIV.jpg 624w\" sizes=\"auto, (max-width: 560px) 100vw, 560px\" data-caption=\"MAR No. 7-XIII O\u0301leo\/lino 200 X 300 cm.2014\" class=\"light-dropshaddow\" itemprop=\"contentUrl\" alt=\"\"><meta itemprop=\"url\" content=\"https:\/\/nmcontemporaneo.com\/wp-content\/uploads\/2020\/04\/marno7-XIV-560x375.jpg\"><meta itemprop=\"width\" content=\"560px\"><meta itemprop=\"height\" content=\"375px\"><\/div><\/div><div class=\"caption kad_caption\"><div class=\"kad_caption_inner\">MAR No. 7-XIII O\u0301leo\/lino 200 X 300 cm.2014<\/div><\/div><\/a><\/div><\/div><div class=\"tcol-lg-6 tcol-md-6 tcol-sm-6 tcol-xs-12 tcol-ss-12 g_item\"><div class=\"grid_item kt_item_fade_in kad_gallery_fade_in gallery_item\"><a href=\"https:\/\/nmcontemporaneo.com\/wp-content\/uploads\/2020\/04\/cieloNo.2-XV-1.jpg\" data-rel=\"lightbox\" class=\"lightboxhover\"><div class=\"kt-intrinsic\" style=\"padding-bottom:75%;\"><div itemprop=\"image\" itemscope itemtype=\"https:\/\/schema.org\/ImageObject\"><img loading=\"lazy\" decoding=\"async\" width=\"560\" height=\"420\" src=\"https:\/\/nmcontemporaneo.com\/wp-content\/uploads\/2020\/04\/cieloNo.2-XV-1-560x420.jpg\" srcset=\"https:\/\/nmcontemporaneo.com\/wp-content\/uploads\/2020\/04\/cieloNo.2-XV-1-560x420.jpg 560w, https:\/\/nmcontemporaneo.com\/wp-content\/uploads\/2020\/04\/cieloNo.2-XV-1-300x225.jpg 300w, https:\/\/nmcontemporaneo.com\/wp-content\/uploads\/2020\/04\/cieloNo.2-XV-1.jpg 624w\" sizes=\"auto, (max-width: 560px) 100vw, 560px\" data-caption=\"CIELO No. 2-XV O\u0301leo\/lino 180 X 240 cm 2015\" class=\"light-dropshaddow\" itemprop=\"contentUrl\" alt=\"\"><meta itemprop=\"url\" content=\"https:\/\/nmcontemporaneo.com\/wp-content\/uploads\/2020\/04\/cieloNo.2-XV-1-560x420.jpg\"><meta itemprop=\"width\" content=\"560px\"><meta itemprop=\"height\" content=\"420px\"><\/div><\/div><div class=\"caption kad_caption\"><div class=\"kad_caption_inner\">CIELO No. 2-XV O\u0301leo\/lino 180 X 240 cm 2015<\/div><\/div><\/a><\/div><\/div><div class=\"tcol-lg-6 tcol-md-6 tcol-sm-6 tcol-xs-12 tcol-ss-12 g_item\"><div class=\"grid_item kt_item_fade_in kad_gallery_fade_in gallery_item\"><a href=\"https:\/\/nmcontemporaneo.com\/wp-content\/uploads\/2020\/04\/mardeausencia.jpg\" data-rel=\"lightbox\" class=\"lightboxhover\"><div class=\"kt-intrinsic\" style=\"padding-bottom:49.285714285714%;\"><div itemprop=\"image\" itemscope itemtype=\"https:\/\/schema.org\/ImageObject\"><img loading=\"lazy\" decoding=\"async\" width=\"560\" height=\"276\" src=\"https:\/\/nmcontemporaneo.com\/wp-content\/uploads\/2020\/04\/mardeausencia-560x276.jpg\" srcset=\"https:\/\/nmcontemporaneo.com\/wp-content\/uploads\/2020\/04\/mardeausencia-560x276.jpg 560w, https:\/\/nmcontemporaneo.com\/wp-content\/uploads\/2020\/04\/mardeausencia-300x148.jpg 300w, https:\/\/nmcontemporaneo.com\/wp-content\/uploads\/2020\/04\/mardeausencia.jpg 709w\" sizes=\"auto, (max-width: 560px) 100vw, 560px\" data-caption=\"MAR DE AUSENCIA O\u0301leo\/cobre 20.3 X 40.7 cm. 2006\" class=\"light-dropshaddow\" itemprop=\"contentUrl\" alt=\"\"><meta itemprop=\"url\" content=\"https:\/\/nmcontemporaneo.com\/wp-content\/uploads\/2020\/04\/mardeausencia-560x276.jpg\"><meta itemprop=\"width\" content=\"560px\"><meta itemprop=\"height\" content=\"276px\"><\/div><\/div><div class=\"caption kad_caption\"><div class=\"kad_caption_inner\">MAR DE AUSENCIA O\u0301leo\/cobre 20.3 X 40.7 cm. 2006<\/div><\/div><\/a><\/div><\/div><div class=\"tcol-lg-6 tcol-md-6 tcol-sm-6 tcol-xs-12 tcol-ss-12 g_item\"><div class=\"grid_item kt_item_fade_in kad_gallery_fade_in gallery_item\"><a href=\"https:\/\/nmcontemporaneo.com\/wp-content\/uploads\/2020\/04\/esperandoelmar2-1.jpg\" data-rel=\"lightbox\" class=\"lightboxhover\"><div class=\"kt-intrinsic\" style=\"padding-bottom:49.642857142857%;\"><div itemprop=\"image\" itemscope itemtype=\"https:\/\/schema.org\/ImageObject\"><img loading=\"lazy\" decoding=\"async\" width=\"560\" height=\"278\" src=\"https:\/\/nmcontemporaneo.com\/wp-content\/uploads\/2020\/04\/esperandoelmar2-1-560x278.jpg\" srcset=\"https:\/\/nmcontemporaneo.com\/wp-content\/uploads\/2020\/04\/esperandoelmar2-1-560x278.jpg 560w, https:\/\/nmcontemporaneo.com\/wp-content\/uploads\/2020\/04\/esperandoelmar2-1-300x149.jpg 300w, https:\/\/nmcontemporaneo.com\/wp-content\/uploads\/2020\/04\/esperandoelmar2-1.jpg 765w\" sizes=\"auto, (max-width: 560px) 100vw, 560px\" data-caption=\"ESPERANDO EL MAR 2 O\u0301leo\/cobre 20.3 X 40.7 cm. 2006\" class=\"light-dropshaddow\" itemprop=\"contentUrl\" alt=\"\"><meta itemprop=\"url\" content=\"https:\/\/nmcontemporaneo.com\/wp-content\/uploads\/2020\/04\/esperandoelmar2-1-560x278.jpg\"><meta itemprop=\"width\" content=\"560px\"><meta itemprop=\"height\" content=\"278px\"><\/div><\/div><div class=\"caption kad_caption\"><div class=\"kad_caption_inner\">ESPERANDO EL MAR 2 O\u0301leo\/cobre 20.3 X 40.7 cm. 2006<\/div><\/div><\/a><\/div><\/div><\/div>\n<p style=\"text-align: justify;\">Buscar la belleza en lo extraordinario es natural; encontrarla en lo cotidiano, glorioso; transmitirla a trav\u00e9s de una obra, sublime. Con una maestr\u00eda admirable, Javier Guadarrama reproduce escenarios que proyectan la sencillez de lo aut\u00e9nticamente extraordinario, de lo asombroso de este mundo. En cada pieza encontramos un fragmento de la existencia, y \u00e9ste nos refleja un pedazo de la intimidad del universo. Nos entrega una invitaci\u00f3n para descubrir aquello que le brinda sabor al constante caminar.<\/p>\n\n<div class=\"sp-wrap sp-wrap-default\">\n<div class=\"sp-head\" title=\"Expandir\">\nCurriculum Vitae\n<\/div>\n<div class=\"sp-body folded\">\n<p><strong>Javier Guadarrama<\/strong><br \/>\n1960<\/p>\n<p>Nace en la ciudad de Iguala, Gro. el 29 de agosto.<\/p>\n<p>1983-85<\/p>\n<p>Estudia dibujo y pintura en el IRBAC en la ciudad de Cuernavaca, Morelos.<\/p>\n<p>1985-88<\/p>\n<p>Cursa la licenciatura en Artes Visuales en la Escuela Nacional de Artes Pl\u00e1sticas Universidad Nacional Aut\u00f3noma de M\u00e9xico<\/p>\n<p>1989<\/p>\n<p>Inicia su actividad acad\u00e9mica en la ENAP, en el Taller de Producci\u00f3n e Investigaci\u00f3n Gr\u00e1fica Carlos Olachea<\/p>\n<p>1991<\/p>\n<p>Ingresa a la planta docente de la Escuela Nacional de Artes Pl\u00e1sticas impartiendo la materia de Experimentaci\u00f3n Visual (Pintura) hasta la fecha.<\/p>\n<p><strong>EXPOSICIONES INDIVIDUALES<\/strong><\/p>\n<p>2005<\/p>\n<p>Alrededor del viento<\/p>\n<p>Galer\u00eda Drexel, Monterrey, Nuevo Le\u00f3n<\/p>\n<p>2004<\/p>\n<p>Horizontes compartidos<\/p>\n<p>EDGE Gallery, Denver, Colorado, EUA.<\/p>\n<p>2002<\/p>\n<p>Ser y naturaleza<\/p>\n<p>Galer\u00eda Oscar Rom\u00e1n, Cd. De M\u00e9xico<\/p>\n<p>2001<\/p>\n<p>Al margen del tiempo<\/p>\n<p>Galer\u00eda Drexel, Monterrey, Nuevo Le\u00f3n<\/p>\n<p>Bajo la piel<\/p>\n<p>The Gallery, Cd. de M\u00e9xico<\/p>\n<p>2000<\/p>\n<p>Bidimensional<\/p>\n<p>Galer\u00eda Casa Col\u00f3n, M\u00e9rida, Yucat\u00e1n.<\/p>\n<p>1999<\/p>\n<p>A lugar<\/p>\n<p>Galer\u00eda Drexel, Monterrey, Nuevo Le\u00f3n<\/p>\n<p>1998<\/p>\n<p>Obra reciente<\/p>\n<p>Galer\u00eda Casa Col\u00f3n, Miami, Florida, E.U.<\/p>\n<p>Seres y estares<\/p>\n<p>Galer\u00eda Casa Col\u00f3n, M\u00e9rida, Yucat\u00e1n<\/p>\n<p>1997<\/p>\n<p>Motivos Pintados<\/p>\n<p>Galer\u00eda Casa Col\u00f3n, M\u00e9rida, Yucat\u00e1n.<\/p>\n<p>1996<\/p>\n<p>Estigma<\/p>\n<p>Centro Cultural San \u00c1ngel, Cd. de M\u00e9xico<\/p>\n<p>1995<\/p>\n<p>Entorno<\/p>\n<p>Galer\u00eda Drexel, Monterrey, Nuevo Le\u00f3n<\/p>\n<p>Soliloquio de oto\u00f1o<\/p>\n<p>Galer\u00eda Luis Nishizawa, ENAP, Cd. de M\u00e9xico<\/p>\n<p>1994<\/p>\n<p>Erial<\/p>\n<p>Galer\u00eda Seguros Tepeyac-UAM, Interlomas, Edo M\u00e9x.<\/p>\n<p>1993<\/p>\n<p>De pies y manos<\/p>\n<p>Galer\u00eda del Sur, UAM \u2013 X, Cd. de M\u00e9xico<\/p>\n<p>Cuerpo a cuerpo<\/p>\n<p>Galer\u00eda San Sebasti\u00e1n, Monterrey, NL<\/p>\n<p>1991<\/p>\n<p>H\u00e1bitat Perenne<\/p>\n<p>Dir. General Colegio de Bachilleres, Cd. de M\u00e9xico.<\/p>\n<p>1988<\/p>\n<p>Bajo el Influjo de sus Miradas<\/p>\n<p>Galer\u00eda I ENAP, UNAM, M\u00e9xico, D.F.<\/p>\n<p><strong>EXPOSICIONES COLECTIVAS<\/strong><\/p>\n<p>A la fecha ha participado en m\u00e1s de 50 exposiciones colectivas en la ciudad de M\u00e9xico y el interior de la rep\u00fablica, as\u00ed como en Espa\u00f1a, Belice, Per\u00fa, Puerto Rico y Estados Unidos<\/p>\n<p><strong>DISTINCIONES<\/strong><\/p>\n<p>2003-2004<\/p>\n<p>Residencia de producci\u00f3n<\/p>\n<p>Artista invitado por la Universidad de Colorado en Boulder, Colorado, EUA.<\/p>\n<p>2001<\/p>\n<p>Premio de Adquisici\u00f3n<\/p>\n<p>Sal\u00f3n de Octubre, Gran Premio Omnilife<\/p>\n<p>2000<\/p>\n<p>Premio de Adquisici\u00f3n<\/p>\n<p>III Bienal de Pintura del Instituto Nacional de Nutrici\u00f3n \u201cSalvador Zubir\u00e1n\u201d<\/p>\n<p>1996<\/p>\n<p>Menci\u00f3n Honor\u00edfica<\/p>\n<p>II Bienal Nacional \u201cHermenegildo Bustos\u201d.<\/p>\n<p>1995-96<\/p>\n<p>Becario del FONCA<\/p>\n<p>Categor\u00eda J\u00f3venes Creadores, \u00e1rea de Pintura.<\/p>\n<p>1994<\/p>\n<p>Menci\u00f3n honor\u00edfica<\/p>\n<p>II Bienal Nacional de Pintura sobre tela.<\/p>\n<p>1993-94<\/p>\n<p>Becario del FONCA<\/p>\n<p>Categor\u00eda J\u00f3venes Creadores, \u00e1rea de Pintura.<\/p>\n<p>1990<\/p>\n<p>Premio de Adquisici\u00f3n<\/p>\n<p>Primer Premio Nacional de Artes Pl\u00e1sticas Jes\u00fas Rodr\u00edguez de la Vega, Quer\u00e9taro<\/p>\n<p>Menci\u00f3n Honor\u00edfica<\/p>\n<p>IV Bienal Nacional Diego Rivera \u201990<\/p>\n<p>1989<\/p>\n<p>Menci\u00f3n Honor\u00edfica<\/p>\n<p>Segundo Concurso Nacional de Estampa. \u201cUna Interpretaci\u00f3n Moderna del Ingenioso Don Quijote\u201d<\/p>\n<p>Menci\u00f3n Honor\u00edfica<\/p>\n<p>Segundo Concurso Universitario de Artes Pl\u00e1sticas, Secci\u00f3n Estampa.<\/p>\n<div class=\"spdiv\">[plegar]<\/div>\n<\/div>\n<\/div>\n\n","protected":false},"excerpt":{"rendered":"<p>&lt;&lt; Ant. | Artistas | Sig. &gt;&gt; Buscar la belleza en lo extraordinario es natural; encontrarla en lo cotidiano, glorioso; transmitirla a trav\u00e9s de una obra, sublime. Con una maestr\u00eda admirable, Javier Guadarrama reproduce escenarios que proyectan la sencillez de &hellip; <a class=\"kt-excerpt-readmore\" href=\"https:\/\/nmcontemporaneo.com\/es\/catalogo\/pintura\/otros-artistas\/javier-guadarrama\/\" aria-label=\"Javier Guadarrama\">Read More<\/a><\/p>\n","protected":false},"author":25,"featured_media":0,"parent":6393,"menu_order":0,"comment_status":"closed","ping_status":"closed","template":"page-fullwidth.php","meta":{"kt_blocks_editor_width":"","footnotes":""},"class_list":["post-9224","page","type-page","status-publish","hentry"],"_links":{"self":[{"href":"https:\/\/nmcontemporaneo.com\/es\/wp-json\/wp\/v2\/pages\/9224","targetHints":{"allow":["GET"]}}],"collection":[{"href":"https:\/\/nmcontemporaneo.com\/es\/wp-json\/wp\/v2\/pages"}],"about":[{"href":"https:\/\/nmcontemporaneo.com\/es\/wp-json\/wp\/v2\/types\/page"}],"author":[{"embeddable":true,"href":"https:\/\/nmcontemporaneo.com\/es\/wp-json\/wp\/v2\/users\/25"}],"replies":[{"embeddable":true,"href":"https:\/\/nmcontemporaneo.com\/es\/wp-json\/wp\/v2\/comments?post=9224"}],"version-history":[{"count":2,"href":"https:\/\/nmcontemporaneo.com\/es\/wp-json\/wp\/v2\/pages\/9224\/revisions"}],"predecessor-version":[{"id":14295,"href":"https:\/\/nmcontemporaneo.com\/es\/wp-json\/wp\/v2\/pages\/9224\/revisions\/14295"}],"up":[{"embeddable":true,"href":"https:\/\/nmcontemporaneo.com\/es\/wp-json\/wp\/v2\/pages\/6393"}],"wp:attachment":[{"href":"https:\/\/nmcontemporaneo.com\/es\/wp-json\/wp\/v2\/media?parent=9224"}],"curies":[{"name":"wp","href":"https:\/\/api.w.org\/{rel}","templated":true}]}}