{"id":9231,"date":"2022-09-06T20:53:20","date_gmt":"2022-09-07T02:53:20","guid":{"rendered":"http:\/\/nmcontemporaneo.com\/?page_id=9231"},"modified":"2025-06-21T00:54:23","modified_gmt":"2025-06-21T06:54:23","slug":"laura-rosete","status":"publish","type":"page","link":"https:\/\/nmcontemporaneo.com\/es\/catalogo\/escultura\/laura-rosete\/","title":{"rendered":"Laura Rosete"},"content":{"rendered":"<p style=\"text-align: center;\"><a href=\"..\/andres-amaya\/\">&lt;&lt; Ant.<\/a> | <a href=\"\/catalogo\/todos-los-artistas\/\">Artistas<\/a> | <a href=\"..\/miriam-medrez\/\">Sig. &gt;&gt;<\/a><\/p>\n<div id=\"kad-wp-gallery530\" class=\"kad-wp-gallery gallery kt-gallery-column-3 init-isotope-intrinsic reinit-isotope kad-light-wp-gallery clearfix rowtight\" data-fade-in=\"1\" data-iso-selector=\".g_item\" data-iso-style=\"masonry\" data-iso-filter=\"false\"><div class=\"tcol-lg-4 tcol-md-4 tcol-sm-4 tcol-xs-6 tcol-ss-12 g_item\"><div class=\"grid_item kt_item_fade_in kad_gallery_fade_in gallery_item\"><a href=\"https:\/\/nmcontemporaneo.com\/wp-content\/uploads\/2015\/04\/Captura-de-pantalla-2015-04-27-a-las-23.32.32.png\" data-rel=\"lightbox\" class=\"lightboxhover\"><div class=\"kt-intrinsic\" style=\"padding-bottom:149.28774928775%;\"><div itemprop=\"image\" itemscope itemtype=\"https:\/\/schema.org\/ImageObject\"><img loading=\"lazy\" decoding=\"async\" width=\"351\" height=\"524\" src=\"https:\/\/nmcontemporaneo.com\/wp-content\/uploads\/2015\/04\/Captura-de-pantalla-2015-04-27-a-las-23.32.32.png\" srcset=\"https:\/\/nmcontemporaneo.com\/wp-content\/uploads\/2015\/04\/Captura-de-pantalla-2015-04-27-a-las-23.32.32.png 351w, https:\/\/nmcontemporaneo.com\/wp-content\/uploads\/2015\/04\/Captura-de-pantalla-2015-04-27-a-las-23.32.32-201x300.png 201w\" sizes=\"auto, (max-width: 351px) 100vw, 351px\" data-caption=\"DE LA SERIE ESPACIOS EN ROJO. Hilo, yeso, resina y cubeta de aluminio, 30 x 25 x 20 cm.\" class=\"light-dropshaddow\" itemprop=\"contentUrl\" alt=\"\"><meta itemprop=\"url\" content=\"https:\/\/nmcontemporaneo.com\/wp-content\/uploads\/2015\/04\/Captura-de-pantalla-2015-04-27-a-las-23.32.32.png\"><meta itemprop=\"width\" content=\"351px\"><meta itemprop=\"height\" content=\"524px\"><\/div><\/div><div class=\"caption kad_caption\"><div class=\"kad_caption_inner\">DE LA SERIE ESPACIOS EN ROJO. Hilo, yeso, resina y cubeta de aluminio, 30 x 25 x 20 cm.<\/div><\/div><\/a><\/div><\/div><div class=\"tcol-lg-4 tcol-md-4 tcol-sm-4 tcol-xs-6 tcol-ss-12 g_item\"><div class=\"grid_item kt_item_fade_in kad_gallery_fade_in gallery_item\"><a href=\"https:\/\/nmcontemporaneo.com\/wp-content\/uploads\/2015\/04\/Captura-de-pantalla-2015-04-27-a-las-23.33.27.png\" data-rel=\"lightbox\" class=\"lightboxhover\"><div class=\"kt-intrinsic\" style=\"padding-bottom:149.43820224719%;\"><div itemprop=\"image\" itemscope itemtype=\"https:\/\/schema.org\/ImageObject\"><img loading=\"lazy\" decoding=\"async\" width=\"356\" height=\"532\" src=\"https:\/\/nmcontemporaneo.com\/wp-content\/uploads\/2015\/04\/Captura-de-pantalla-2015-04-27-a-las-23.33.27.png\" srcset=\"https:\/\/nmcontemporaneo.com\/wp-content\/uploads\/2015\/04\/Captura-de-pantalla-2015-04-27-a-las-23.33.27.png 356w, https:\/\/nmcontemporaneo.com\/wp-content\/uploads\/2015\/04\/Captura-de-pantalla-2015-04-27-a-las-23.33.27-201x300.png 201w\" sizes=\"auto, (max-width: 356px) 100vw, 356px\" data-caption=\"DE LA SERIE ESPACIOS EN ROJO. Hilo, yeso, resina y cubeta de aluminio, 50 x 30 x 15 cm.\" class=\"light-dropshaddow\" itemprop=\"contentUrl\" alt=\"\"><meta itemprop=\"url\" content=\"https:\/\/nmcontemporaneo.com\/wp-content\/uploads\/2015\/04\/Captura-de-pantalla-2015-04-27-a-las-23.33.27.png\"><meta itemprop=\"width\" content=\"356px\"><meta itemprop=\"height\" content=\"532px\"><\/div><\/div><div class=\"caption kad_caption\"><div class=\"kad_caption_inner\">DE LA SERIE ESPACIOS EN ROJO. Hilo, yeso, resina y cubeta de aluminio, 50 x 30 x 15 cm.<\/div><\/div><\/a><\/div><\/div><div class=\"tcol-lg-4 tcol-md-4 tcol-sm-4 tcol-xs-6 tcol-ss-12 g_item\"><div class=\"grid_item kt_item_fade_in kad_gallery_fade_in gallery_item\"><a href=\"https:\/\/nmcontemporaneo.com\/wp-content\/uploads\/2015\/04\/Cubeta-grande-scaled.jpg\" data-rel=\"lightbox\" class=\"lightboxhover\"><div class=\"kt-intrinsic\" style=\"padding-bottom:150.27322404372%;\"><div itemprop=\"image\" itemscope itemtype=\"https:\/\/schema.org\/ImageObject\"><img loading=\"lazy\" decoding=\"async\" width=\"366\" height=\"550\" src=\"https:\/\/nmcontemporaneo.com\/wp-content\/uploads\/2015\/04\/Cubeta-grande-366x550.jpg\" srcset=\"https:\/\/nmcontemporaneo.com\/wp-content\/uploads\/2015\/04\/Cubeta-grande-366x550.jpg 366w, https:\/\/nmcontemporaneo.com\/wp-content\/uploads\/2015\/04\/Cubeta-grande-200x300.jpg 200w, https:\/\/nmcontemporaneo.com\/wp-content\/uploads\/2015\/04\/Cubeta-grande-682x1024.jpg 682w, https:\/\/nmcontemporaneo.com\/wp-content\/uploads\/2015\/04\/Cubeta-grande-732x1100.jpg 732w, https:\/\/nmcontemporaneo.com\/wp-content\/uploads\/2015\/04\/Cubeta-grande-scaled.jpg 1705w\" sizes=\"auto, (max-width: 366px) 100vw, 366px\" data-caption=\"DE LA SERIE ESPACIOS EN ROJO. Hilo, yeso, resina y cubeta de aluminio, 30 x 60 x 40 cm.\" class=\"light-dropshaddow\" itemprop=\"contentUrl\" alt=\"\"><meta itemprop=\"url\" content=\"https:\/\/nmcontemporaneo.com\/wp-content\/uploads\/2015\/04\/Cubeta-grande-366x550.jpg\"><meta itemprop=\"width\" content=\"366px\"><meta itemprop=\"height\" content=\"550px\"><\/div><\/div><div class=\"caption kad_caption\"><div class=\"kad_caption_inner\">DE LA SERIE ESPACIOS EN ROJO. Hilo, yeso, resina y cubeta de aluminio, 30 x 60 x 40 cm.<\/div><\/div><\/a><\/div><\/div><div class=\"tcol-lg-4 tcol-md-4 tcol-sm-4 tcol-xs-6 tcol-ss-12 g_item\"><div class=\"grid_item kt_item_fade_in kad_gallery_fade_in gallery_item\"><a href=\"https:\/\/nmcontemporaneo.com\/wp-content\/uploads\/2015\/04\/NM_accion-push1.jpg\" data-rel=\"lightbox\" class=\"lightboxhover\"><div class=\"kt-intrinsic\" style=\"padding-bottom:54.098360655738%;\"><div itemprop=\"image\" itemscope itemtype=\"https:\/\/schema.org\/ImageObject\"><img loading=\"lazy\" decoding=\"async\" width=\"366\" height=\"198\" src=\"https:\/\/nmcontemporaneo.com\/wp-content\/uploads\/2015\/04\/NM_accion-push1-366x198.jpg\" srcset=\"https:\/\/nmcontemporaneo.com\/wp-content\/uploads\/2015\/04\/NM_accion-push1-366x198.jpg 366w, https:\/\/nmcontemporaneo.com\/wp-content\/uploads\/2015\/04\/NM_accion-push1-300x162.jpg 300w, https:\/\/nmcontemporaneo.com\/wp-content\/uploads\/2015\/04\/NM_accion-push1-732x396.jpg 732w, https:\/\/nmcontemporaneo.com\/wp-content\/uploads\/2015\/04\/NM_accion-push1.jpg 897w\" sizes=\"auto, (max-width: 366px) 100vw, 366px\" data-caption=\"REALIZANDO LA ACCI\u00d3N EMPUJAR. 60 x 16 x 15 cm, Cer\u00e1mica.\" class=\"light-dropshaddow\" itemprop=\"contentUrl\" alt=\"\"><meta itemprop=\"url\" content=\"https:\/\/nmcontemporaneo.com\/wp-content\/uploads\/2015\/04\/NM_accion-push1-366x198.jpg\"><meta itemprop=\"width\" content=\"366px\"><meta itemprop=\"height\" content=\"198px\"><\/div><\/div><div class=\"caption kad_caption\"><div class=\"kad_caption_inner\">REALIZANDO LA ACCI\u00d3N EMPUJAR. 60 x 16 x 15 cm, Cer\u00e1mica.<\/div><\/div><\/a><\/div><\/div><div class=\"tcol-lg-4 tcol-md-4 tcol-sm-4 tcol-xs-6 tcol-ss-12 g_item\"><div class=\"grid_item kt_item_fade_in kad_gallery_fade_in gallery_item\"><a href=\"https:\/\/nmcontemporaneo.com\/wp-content\/uploads\/2015\/04\/Realizando-la-accion-empuja.jpg\" data-rel=\"lightbox\" class=\"lightboxhover\"><div class=\"kt-intrinsic\" style=\"padding-bottom:53.005464480874%;\"><div itemprop=\"image\" itemscope itemtype=\"https:\/\/schema.org\/ImageObject\"><img loading=\"lazy\" decoding=\"async\" width=\"366\" height=\"194\" src=\"https:\/\/nmcontemporaneo.com\/wp-content\/uploads\/2015\/04\/Realizando-la-accion-empuja-366x194.jpg\" srcset=\"https:\/\/nmcontemporaneo.com\/wp-content\/uploads\/2015\/04\/Realizando-la-accion-empuja-366x194.jpg 366w, https:\/\/nmcontemporaneo.com\/wp-content\/uploads\/2015\/04\/Realizando-la-accion-empuja-300x159.jpg 300w, https:\/\/nmcontemporaneo.com\/wp-content\/uploads\/2015\/04\/Realizando-la-accion-empuja.jpg 650w\" sizes=\"auto, (max-width: 366px) 100vw, 366px\" data-caption=\"REALIZANDO LA ACCI\u00d3N EMPUJAR. 60 x 16 x 15 cm, Cer\u00e1mica.\" class=\"light-dropshaddow\" itemprop=\"contentUrl\" alt=\"\"><meta itemprop=\"url\" content=\"https:\/\/nmcontemporaneo.com\/wp-content\/uploads\/2015\/04\/Realizando-la-accion-empuja-366x194.jpg\"><meta itemprop=\"width\" content=\"366px\"><meta itemprop=\"height\" content=\"194px\"><\/div><\/div><div class=\"caption kad_caption\"><div class=\"kad_caption_inner\">REALIZANDO LA ACCI\u00d3N EMPUJAR. 60 x 16 x 15 cm, Cer\u00e1mica.<\/div><\/div><\/a><\/div><\/div><div class=\"tcol-lg-4 tcol-md-4 tcol-sm-4 tcol-xs-6 tcol-ss-12 g_item\"><div class=\"grid_item kt_item_fade_in kad_gallery_fade_in gallery_item\"><a href=\"https:\/\/nmcontemporaneo.com\/wp-content\/uploads\/2015\/04\/elefantes-y-contenedores.jpg\" data-rel=\"lightbox\" class=\"lightboxhover\"><div class=\"kt-intrinsic\" style=\"padding-bottom:55.737704918033%;\"><div itemprop=\"image\" itemscope itemtype=\"https:\/\/schema.org\/ImageObject\"><img loading=\"lazy\" decoding=\"async\" width=\"366\" height=\"204\" src=\"https:\/\/nmcontemporaneo.com\/wp-content\/uploads\/2015\/04\/elefantes-y-contenedores-366x204.jpg\" srcset=\"https:\/\/nmcontemporaneo.com\/wp-content\/uploads\/2015\/04\/elefantes-y-contenedores-366x204.jpg 366w, https:\/\/nmcontemporaneo.com\/wp-content\/uploads\/2015\/04\/elefantes-y-contenedores-300x167.jpg 300w, https:\/\/nmcontemporaneo.com\/wp-content\/uploads\/2015\/04\/elefantes-y-contenedores.jpg 650w\" sizes=\"auto, (max-width: 366px) 100vw, 366px\" data-caption=\"ELEFANTES Y CONTENEDORES. 35 X 20 X 8 cm, Cer\u00e1mica.\" class=\"light-dropshaddow\" itemprop=\"contentUrl\" alt=\"\"><meta itemprop=\"url\" content=\"https:\/\/nmcontemporaneo.com\/wp-content\/uploads\/2015\/04\/elefantes-y-contenedores-366x204.jpg\"><meta itemprop=\"width\" content=\"366px\"><meta itemprop=\"height\" content=\"204px\"><\/div><\/div><div class=\"caption kad_caption\"><div class=\"kad_caption_inner\">ELEFANTES Y CONTENEDORES. 35 X 20 X 8 cm, Cer\u00e1mica.<\/div><\/div><\/a><\/div><\/div><\/div>\n<p style=\"text-align: justify;\">Laura Rosete emplea la miniatura como escenario y motivo, y le interesan los contenedores y las tinas, que asemejan vientres maternos o estancias \u00edntimas donde anida el hombre en silencio. Este breve pero sustancial despliegue de la escultura contempor\u00e1nea nos invita a entregarnos a una contemplaci\u00f3n sobre las formas, texturas y densidades, y entender c\u00f3mo fue que el artista hizo \u201cbrotar\u201d la imagen que hoy nos muestra, de la materia que prest\u00f3 su sustancia para conformar met\u00e1foras cristalizadas.<\/p>\n<p>Tridimensi\u00f3n actual puede interpretarse como un jard\u00edn de figuras s\u00f3lidas en donde el crecimiento de su flora se ha detenido para mostrarnos el perfil y el volumen de las metamorfosis continuas que construyen sus inquietudes art\u00edsticas.<\/p>\n\n<div class=\"sp-wrap sp-wrap-default\">\n<div class=\"sp-head\" title=\"Expandir\">\nCurriculum Vitae\n<\/div>\n<div class=\"sp-body folded\">\n<p><strong>Laura Rosete<\/strong><\/p>\n<p>Nace en 1966 en la Ciudad de M\u00e9xico, D.F.<br \/>\n1984-1989 Estudia Pintura en la Escuela Nacional de Pintura, Escultura y Grabado. La Esmeralda. INBA.<br \/>\n1996-1998 Maestr\u00eda en Artes Visuales en la UNAM. ENAP. Divisi\u00f3n de Estudios de Posgrado. Antigua Academia de San Carlos.<br \/>\nAbril 2006 Estancia en Centro de Estudios de Vermont en la disciplina de Escultura.<br \/>\n2004 Becaria en el Programa de Intercambio de Residencias Art\u00edsticas. M\u00e9xico \u2013 Canada, Banff FONCA.<br \/>\n2000-2001Programa de J\u00f3venes Creadores, escultura.<br \/>\n2002 Nacional Cum Laude de Escultura en la primera Bienal de Artes Visuales de Yucat\u00e1n. Recibe una Menci\u00f3n Honorifica Nacional de Escultura en la primera Bienal de Artes Visuales de Yucatan.<br \/>\n2000 Premio de Apoyo y el Gran Premio Omnilife, en la disciplina de escultura, en la categor\u00eda menores de 35 a\u00f1os, En la Ciudad de Guadalajara, Jalisco.<\/p>\n<p><strong>Ha participado en diversas exposiciones individuales y colectivas, entre los que se encuentran:<\/strong><br \/>\n2004 De Vinculos y Soledades, Galer\u00eda Quetzalli, Oaxaca.<br \/>\n2004. Blanco. Galer\u00eda Lourdes Sosa, Polanco, Mexico<br \/>\n2003. Corriente de Tridimensi\u00f3n, en el marco del XIX Festival de la ciudad de M\u00e9xico en el Centro Hist\u00f3rico, en la Galer\u00eda de la Secretar\u00eda de Hacienda y Cr\u00e9dito P\u00fablico, M\u00e9xico, D.F. 2001 26-36, SCHP, Antiguo Palacio del Arzobispo, 2001.<br \/>\n1991 X Encuentro Nacional de Arte Joven, Museo Carrillo Gil<\/p>\n<div class=\"spdiv\">[plegar]<\/div>\n<\/div>\n<\/div>\n\n","protected":false},"excerpt":{"rendered":"<p>&lt;&lt; Ant. | Artistas | Sig. &gt;&gt; Laura Rosete emplea la miniatura como escenario y motivo, y le interesan los contenedores y las tinas, que asemejan vientres maternos o estancias \u00edntimas donde anida el hombre en silencio. Este breve pero &hellip; <a class=\"kt-excerpt-readmore\" href=\"https:\/\/nmcontemporaneo.com\/es\/catalogo\/escultura\/laura-rosete\/\" aria-label=\"Laura Rosete\">Read More<\/a><\/p>\n","protected":false},"author":25,"featured_media":0,"parent":571,"menu_order":0,"comment_status":"closed","ping_status":"closed","template":"page-fullwidth.php","meta":{"kt_blocks_editor_width":"","footnotes":""},"class_list":["post-9231","page","type-page","status-publish","hentry"],"_links":{"self":[{"href":"https:\/\/nmcontemporaneo.com\/es\/wp-json\/wp\/v2\/pages\/9231","targetHints":{"allow":["GET"]}}],"collection":[{"href":"https:\/\/nmcontemporaneo.com\/es\/wp-json\/wp\/v2\/pages"}],"about":[{"href":"https:\/\/nmcontemporaneo.com\/es\/wp-json\/wp\/v2\/types\/page"}],"author":[{"embeddable":true,"href":"https:\/\/nmcontemporaneo.com\/es\/wp-json\/wp\/v2\/users\/25"}],"replies":[{"embeddable":true,"href":"https:\/\/nmcontemporaneo.com\/es\/wp-json\/wp\/v2\/comments?post=9231"}],"version-history":[{"count":2,"href":"https:\/\/nmcontemporaneo.com\/es\/wp-json\/wp\/v2\/pages\/9231\/revisions"}],"predecessor-version":[{"id":14260,"href":"https:\/\/nmcontemporaneo.com\/es\/wp-json\/wp\/v2\/pages\/9231\/revisions\/14260"}],"up":[{"embeddable":true,"href":"https:\/\/nmcontemporaneo.com\/es\/wp-json\/wp\/v2\/pages\/571"}],"wp:attachment":[{"href":"https:\/\/nmcontemporaneo.com\/es\/wp-json\/wp\/v2\/media?parent=9231"}],"curies":[{"name":"wp","href":"https:\/\/api.w.org\/{rel}","templated":true}]}}