{"id":9236,"date":"2022-09-06T21:05:10","date_gmt":"2022-09-07T03:05:10","guid":{"rendered":"http:\/\/nmcontemporaneo.com\/?page_id=9236"},"modified":"2025-06-21T00:55:08","modified_gmt":"2025-06-21T06:55:08","slug":"leticia-vieyra","status":"publish","type":"page","link":"https:\/\/nmcontemporaneo.com\/es\/catalogo\/escultura\/leticia-vieyra\/","title":{"rendered":"Leticia Vieyra"},"content":{"rendered":"<p style=\"text-align: center;\"><a href=\"\/catalogo\/escultura\/elisa-cano\/\">&lt;&lt; Ant.<\/a> | <a href=\"\/catalogo\/todos-los-artistas\/\">Artistas<\/a> | <a href=\"\/catalogo\/fotografia\/alberto-montano\/\">Sig. &gt;&gt;<\/a><\/p>\n<div id=\"kad-wp-gallery843\" class=\"kad-wp-gallery gallery kt-gallery-column-2 init-isotope-intrinsic reinit-isotope kad-light-wp-gallery clearfix rowtight\" data-fade-in=\"1\" data-iso-selector=\".g_item\" data-iso-style=\"masonry\" data-iso-filter=\"false\"><div class=\"tcol-lg-6 tcol-md-6 tcol-sm-6 tcol-xs-12 tcol-ss-12 g_item\"><div class=\"grid_item kt_item_fade_in kad_gallery_fade_in gallery_item\"><a href=\"https:\/\/nmcontemporaneo.com\/wp-content\/uploads\/2015\/04\/paraVolar.jpg\" data-rel=\"lightbox\" class=\"lightboxhover\"><div class=\"kt-intrinsic\" style=\"padding-bottom:66.607142857143%;\"><div itemprop=\"image\" itemscope itemtype=\"https:\/\/schema.org\/ImageObject\"><img loading=\"lazy\" decoding=\"async\" width=\"560\" height=\"373\" src=\"https:\/\/nmcontemporaneo.com\/wp-content\/uploads\/2015\/04\/paraVolar-560x373.jpg\" srcset=\"https:\/\/nmcontemporaneo.com\/wp-content\/uploads\/2015\/04\/paraVolar-560x373.jpg 560w, https:\/\/nmcontemporaneo.com\/wp-content\/uploads\/2015\/04\/paraVolar-300x200.jpg 300w, https:\/\/nmcontemporaneo.com\/wp-content\/uploads\/2015\/04\/paraVolar-272x182.jpg 272w, https:\/\/nmcontemporaneo.com\/wp-content\/uploads\/2015\/04\/paraVolar-732x488.jpg 732w, https:\/\/nmcontemporaneo.com\/wp-content\/uploads\/2015\/04\/paraVolar-366x244.jpg 366w, https:\/\/nmcontemporaneo.com\/wp-content\/uploads\/2015\/04\/paraVolar.jpg 900w\" sizes=\"auto, (max-width: 560px) 100vw, 560px\" data-caption=\"PARA VOLAR. Papel amate, esqueleto de cactus, semiglass, cenizas. Ensamblaje de 800 piezas. 110 x 90 x 35 cm.\" class=\"light-dropshaddow\" itemprop=\"contentUrl\" alt=\"\"><meta itemprop=\"url\" content=\"https:\/\/nmcontemporaneo.com\/wp-content\/uploads\/2015\/04\/paraVolar-560x373.jpg\"><meta itemprop=\"width\" content=\"560px\"><meta itemprop=\"height\" content=\"373px\"><\/div><\/div><div class=\"caption kad_caption\"><div class=\"kad_caption_inner\">PARA VOLAR. Papel amate, esqueleto de cactus, semiglass, cenizas. Ensamblaje de 800 piezas. 110 x 90 x 35 cm.<\/div><\/div><\/a><\/div><\/div><div class=\"tcol-lg-6 tcol-md-6 tcol-sm-6 tcol-xs-12 tcol-ss-12 g_item\"><div class=\"grid_item kt_item_fade_in kad_gallery_fade_in gallery_item\"><a href=\"https:\/\/nmcontemporaneo.com\/wp-content\/uploads\/2020\/04\/Despliego-las-alas.png\" data-rel=\"lightbox\" class=\"lightboxhover\"><div class=\"kt-intrinsic\" style=\"padding-bottom:66.785714285714%;\"><div itemprop=\"image\" itemscope itemtype=\"https:\/\/schema.org\/ImageObject\"><img loading=\"lazy\" decoding=\"async\" width=\"560\" height=\"374\" src=\"https:\/\/nmcontemporaneo.com\/wp-content\/uploads\/2020\/04\/Despliego-las-alas-560x374.png\" srcset=\"https:\/\/nmcontemporaneo.com\/wp-content\/uploads\/2020\/04\/Despliego-las-alas-560x374.png 560w, https:\/\/nmcontemporaneo.com\/wp-content\/uploads\/2020\/04\/Despliego-las-alas-300x200.png 300w, https:\/\/nmcontemporaneo.com\/wp-content\/uploads\/2020\/04\/Despliego-las-alas-768x513.png 768w, https:\/\/nmcontemporaneo.com\/wp-content\/uploads\/2020\/04\/Despliego-las-alas-1024x684.png 1024w, https:\/\/nmcontemporaneo.com\/wp-content\/uploads\/2020\/04\/Despliego-las-alas-272x182.png 272w, https:\/\/nmcontemporaneo.com\/wp-content\/uploads\/2020\/04\/Despliego-las-alas-1120x748.png 1120w, https:\/\/nmcontemporaneo.com\/wp-content\/uploads\/2020\/04\/Despliego-las-alas.png 1188w\" sizes=\"auto, (max-width: 560px) 100vw, 560px\" data-caption=\"DESPLIEGO LAS ALAS. Papel amate, madre selva chiapas, fuego, viento. 85 x 220 x 40 cm. 2016\" class=\"light-dropshaddow\" itemprop=\"contentUrl\" alt=\"\"><meta itemprop=\"url\" content=\"https:\/\/nmcontemporaneo.com\/wp-content\/uploads\/2020\/04\/Despliego-las-alas-560x374.png\"><meta itemprop=\"width\" content=\"560px\"><meta itemprop=\"height\" content=\"374px\"><\/div><\/div><div class=\"caption kad_caption\"><div class=\"kad_caption_inner\">DESPLIEGO LAS ALAS. Papel amate, madre selva chiapas, fuego, viento. 85 x 220 x 40 cm. 2016<\/div><\/div><\/a><\/div><\/div><div class=\"tcol-lg-6 tcol-md-6 tcol-sm-6 tcol-xs-12 tcol-ss-12 g_item\"><div class=\"grid_item kt_item_fade_in kad_gallery_fade_in gallery_item\"><a href=\"https:\/\/nmcontemporaneo.com\/wp-content\/uploads\/2020\/04\/Centinela.png\" data-rel=\"lightbox\" class=\"lightboxhover\"><div class=\"kt-intrinsic\" style=\"padding-bottom:149.82142857143%;\"><div itemprop=\"image\" itemscope itemtype=\"https:\/\/schema.org\/ImageObject\"><img loading=\"lazy\" decoding=\"async\" width=\"560\" height=\"839\" src=\"https:\/\/nmcontemporaneo.com\/wp-content\/uploads\/2020\/04\/Centinela-560x839.png\" srcset=\"https:\/\/nmcontemporaneo.com\/wp-content\/uploads\/2020\/04\/Centinela-560x839.png 560w, https:\/\/nmcontemporaneo.com\/wp-content\/uploads\/2020\/04\/Centinela-200x300.png 200w, https:\/\/nmcontemporaneo.com\/wp-content\/uploads\/2020\/04\/Centinela.png 636w\" sizes=\"auto, (max-width: 560px) 100vw, 560px\" data-caption=\"CENTINELA DEL BOSQUE. Papel amate blanco y pinto, madera recolectada selva de Chiapas, fuego, viento. 150 x 60 x 60 cm. 2012\" class=\"light-dropshaddow\" itemprop=\"contentUrl\" alt=\"\"><meta itemprop=\"url\" content=\"https:\/\/nmcontemporaneo.com\/wp-content\/uploads\/2020\/04\/Centinela-560x839.png\"><meta itemprop=\"width\" content=\"560px\"><meta itemprop=\"height\" content=\"839px\"><\/div><\/div><div class=\"caption kad_caption\"><div class=\"kad_caption_inner\">CENTINELA DEL BOSQUE. Papel amate blanco y pinto, madera recolectada selva de Chiapas, fuego, viento. 150 x 60 x 60 cm. 2012<\/div><\/div><\/a><\/div><\/div><div class=\"tcol-lg-6 tcol-md-6 tcol-sm-6 tcol-xs-12 tcol-ss-12 g_item\"><div class=\"grid_item kt_item_fade_in kad_gallery_fade_in gallery_item\"><a href=\"https:\/\/nmcontemporaneo.com\/wp-content\/uploads\/2020\/04\/Crujir-de-cortezas.png\" data-rel=\"lightbox\" class=\"lightboxhover\"><div class=\"kt-intrinsic\" style=\"padding-bottom:149.82142857143%;\"><div itemprop=\"image\" itemscope itemtype=\"https:\/\/schema.org\/ImageObject\"><img loading=\"lazy\" decoding=\"async\" width=\"560\" height=\"839\" src=\"https:\/\/nmcontemporaneo.com\/wp-content\/uploads\/2020\/04\/Crujir-de-cortezas-560x839.png\" srcset=\"https:\/\/nmcontemporaneo.com\/wp-content\/uploads\/2020\/04\/Crujir-de-cortezas-560x839.png 560w, https:\/\/nmcontemporaneo.com\/wp-content\/uploads\/2020\/04\/Crujir-de-cortezas-200x300.png 200w, https:\/\/nmcontemporaneo.com\/wp-content\/uploads\/2020\/04\/Crujir-de-cortezas-684x1024.png 684w, https:\/\/nmcontemporaneo.com\/wp-content\/uploads\/2020\/04\/Crujir-de-cortezas.png 752w\" sizes=\"auto, (max-width: 560px) 100vw, 560px\" data-caption=\"CRUGIR DE CORTEZA. Papel amate pinto, brujo, ca\u00f1a de bamb\u00fa, fuego y viento. 220 x 160 x 160. 2016 \" class=\"light-dropshaddow\" itemprop=\"contentUrl\" alt=\"\"><meta itemprop=\"url\" content=\"https:\/\/nmcontemporaneo.com\/wp-content\/uploads\/2020\/04\/Crujir-de-cortezas-560x839.png\"><meta itemprop=\"width\" content=\"560px\"><meta itemprop=\"height\" content=\"839px\"><\/div><\/div><div class=\"caption kad_caption\"><div class=\"kad_caption_inner\">CRUGIR DE CORTEZA. Papel amate pinto, brujo, ca\u00f1a de bamb\u00fa, fuego y viento. 220 x 160 x 160. 2016 <\/div><\/div><\/a><\/div><\/div><div class=\"tcol-lg-6 tcol-md-6 tcol-sm-6 tcol-xs-12 tcol-ss-12 g_item\"><div class=\"grid_item kt_item_fade_in kad_gallery_fade_in gallery_item\"><a href=\"https:\/\/nmcontemporaneo.com\/wp-content\/uploads\/2020\/04\/Nido-Nest.png\" data-rel=\"lightbox\" class=\"lightboxhover\"><div class=\"kt-intrinsic\" style=\"padding-bottom:53.75%;\"><div itemprop=\"image\" itemscope itemtype=\"https:\/\/schema.org\/ImageObject\"><img loading=\"lazy\" decoding=\"async\" width=\"560\" height=\"301\" src=\"https:\/\/nmcontemporaneo.com\/wp-content\/uploads\/2020\/04\/Nido-Nest-560x301.png\" srcset=\"https:\/\/nmcontemporaneo.com\/wp-content\/uploads\/2020\/04\/Nido-Nest-560x301.png 560w, https:\/\/nmcontemporaneo.com\/wp-content\/uploads\/2020\/04\/Nido-Nest-300x161.png 300w, https:\/\/nmcontemporaneo.com\/wp-content\/uploads\/2020\/04\/Nido-Nest-768x413.png 768w, https:\/\/nmcontemporaneo.com\/wp-content\/uploads\/2020\/04\/Nido-Nest-1024x551.png 1024w, https:\/\/nmcontemporaneo.com\/wp-content\/uploads\/2020\/04\/Nido-Nest-1120x602.png 1120w, https:\/\/nmcontemporaneo.com\/wp-content\/uploads\/2020\/04\/Nido-Nest.png 1564w\" sizes=\"auto, (max-width: 560px) 100vw, 560px\" data-caption=\"NIDO-NEST. Papel amate, fuego, viento. 45 x 90 x 60.  2008\" class=\"light-dropshaddow\" itemprop=\"contentUrl\" alt=\"\"><meta itemprop=\"url\" content=\"https:\/\/nmcontemporaneo.com\/wp-content\/uploads\/2020\/04\/Nido-Nest-560x301.png\"><meta itemprop=\"width\" content=\"560px\"><meta itemprop=\"height\" content=\"301px\"><\/div><\/div><div class=\"caption kad_caption\"><div class=\"kad_caption_inner\">NIDO-NEST. Papel amate, fuego, viento. 45 x 90 x 60.  2008<\/div><\/div><\/a><\/div><\/div><\/div>\n<p style=\"text-align: justify;\">Leticia Vieyra (Ensenada, B.C.N. M\u00e9xico) su obra con materiales naturales recolectados en diversas geograf\u00edas que muestran los efectos del paso del tiempo: hojas a punto de desintegrarse, trozos de \u00e1rboles, ramas secas, ra\u00edces, semillas\u2026 Los interviene sutilmente resaltando su contextura org\u00e1nica, su fragilidad o fuerza, su sencillez o complejidad; los ensambla con materiales fabricados como papeles, metales y resinas, fijando a la obra resultante en el justo l\u00edmite del \u201cobjeto encontrado\u201d y \u201cobjeto construido\u201d. Su obra nace de una admiraci\u00f3n met\u00f3dica y afectiva de la naturaleza de la que extrae un sentido est\u00e9tico. Adem\u00e1s de como artista, tiene una formaci\u00f3n de M\u00e9dico Cirujano de la que se desprende una valoraci\u00f3n de los procesos biol\u00f3gicos y un conocimiento de la intervenci\u00f3n humana en ellos. As\u00ed su obra tambi\u00e9n se presenta como una meditaci\u00f3n est\u00e9tica acerca de \u201clo org\u00e1nico\u201d y de sus connotaciones m\u00e1s inmediatas: vida, naturaleza, armon\u00eda, funcionamiento. A trav\u00e9s de composiciones, instalaciones, impresiones y ensamblajes, la artista construye \u201cobjetos h\u00edbridos\u201d en los que se desarrolla un complejo juego de dualidades: lo pl\u00e1stico y lo vegetal, lo cultural y lo natural, lo ef\u00edmero y lo perenne. En palabras de la artista: \u201cCreo que la acci\u00f3n de crear con ellos piezas de arte, transforma esos materiales aparentemente insignificantes en piezas de contemplaci\u00f3n y conjuga en una sola obra el principio de la vida; destrucci\u00f3n y renacimiento\u201d.<\/p>\n\n<div class=\"sp-wrap sp-wrap-default\">\n<div class=\"sp-head\" title=\"Expandir\">\nCurriculum Vitae\n<\/div>\n<div class=\"sp-body folded\">\n<p><strong>Leticia Vieyra<\/strong><\/p>\n<p>Lugar de Nacimiento: Ensenada, B.C.N. M\u00e9xico<\/p>\n<p><strong>ESTUDIOS PROFESIONALES.<\/strong><br \/>\n1988-1991 Escuela Nacional de Artes Pl\u00e1sticas<br \/>\nUniversidad Nacional Aut\u00f3noma de M\u00e9xico.<br \/>\n1992-1993 Escuela Nacional de Artes Pl\u00e1sticas.<br \/>\nUniversidad Nacional Aut\u00f3noma de M\u00e9xico.<br \/>\nMaestr\u00eda en Artes Visuales<\/p>\n<p>Leticia Vieyra es Licenciada en Medicina con especialidad de Pediatr\u00eda por la Universidad Nacional Aut\u00f3noma de M\u00e9xico.<\/p>\n<p><strong>EXPOSICIONES INDIVIDUALES:<\/strong><br \/>\n1992 \u201cDe las Cuevas a las Vitrina\u201d Sala Nezahualc\u00f3yotl del Centro Cultural Universitario<br \/>\n1993 \u2018Luz Enraizada\u2019 Antiguo Palacio de Miner\u00eda<br \/>\n1994 \u2018Rituales a la Tierra\u2019 Academia de San Carlos<br \/>\n1994 \u201cItinerante de Rituales\u201d Estaci\u00f3n del Metro Copilco<br \/>\n1995 \u2018Rituales, Tierra\u2019 Universidad Iberoamericana<br \/>\n1996 \u2018De Corteza y Hojarasca\u2019 Escuela Nacional de Artes P.<br \/>\n1997 \u2018De Corteza y Hojarasca\u2019 Estaci\u00f3n del metro Zapata<br \/>\n1997 \u2018Muestra de Arteobjeto-Joyer\u00eda\u201d Galer\u00eda Pladi Polanco<br \/>\n1997 \u2018De Corteza y Hojarasca\u2019 Club Alem\u00e1n de M\u00e9xico<br \/>\n1997 \u2018Origen Org\u00e1nico\u2019 Universidad Aut\u00f3noma del Estado de M\u00e9xico<br \/>\n1998 \u2018Rituales a la Tierra\u2019 Museo Universum de la UNAM<br \/>\n1998 \u2018Arteobjeto\u201d colecci\u00f3n 98. Galer\u00eda Pladi Alta vista<br \/>\n2000 \u201cColecci\u00f3n 2000\u2033 Torre Ejecutiva de PEMEX<br \/>\n2001 \u201cRetorno al Origen\u201d Centro Cultural Tijuana<br \/>\n2001 \u201cSobre-natural\u201d. Seminario de Cultura Mexicana<br \/>\n2001 \u201cBot\u00e1nica 450\u2033 Palacio de miner\u00eda UNAM<br \/>\n2004 \u201cEntre el Cielo y la Tierra\u201d Evento de inauguraci\u00f3n de la Torre Mayor<br \/>\n2006 \u201cLeticia Vieyra. Obra reciente.\u201d Lo Alto. Bosque Real. Edo.De Mex.<br \/>\n2006 \u201d Estudio Abierto\u201d Estudio de la artista. Tepepan.<br \/>\n2007 \u201cAfrica-Am\u00e9rica\u201d Espacio abierto. San Antonio, Acopilco.<br \/>\n2007 \u201cPecan Festival\u201d Pecan Street. Austin Tex. USA<br \/>\n2008 \u201cHusk Adaptation\u201d Van Wouw Museum. Universidad de Pretoria Sud\u00e1frica<br \/>\n2008 \u201cColores,Olores y Sabores de M\u00e9xico\u201d Sala 22. Centro Cultural Borges. Buenos Aires. Argentina<br \/>\n2009 \u201cLeticia Vieyra.Germinaciones\u201d Seminario de cultura Mexicana.<br \/>\n2009 \u201cLeticia Vieyra. Obra reciente\u201d Galer\u00eda Aeropuerto Intermacional Benito Ju\u00e1rez, M\u00e9xico.<br \/>\n2010 \u201cChocolade op het spoor.\u201d Mechelen. B\u00e9lgica<br \/>\n2010 \u201cEl \u00c1rbol. Fragmentos.\u201d Club Alem\u00e1n de M\u00e9xico<\/p>\n<p><strong>EXPOSICIONES COLECTIVAS<\/strong><br \/>\n1989 \u2018Expoconcierto\u2019 Club Alem\u00e1n de M\u00e9xico<br \/>\n1990 \u2018Colectiva Anual\u2019 Club Alem\u00e1n de M\u00e9xico<br \/>\n1991 \u2018De la Pintura al Objeto\u2019 Esc. Nac. de Artes Pl\u00e1sticas, UNAM<br \/>\n1992 \u2018Muestra de Arte\u201d Club Alem\u00e1n de M\u00e9xico<br \/>\n1993 \u2018\u00c1ngeles\u2019 IX Festival del Centro Hist\u00f3rico San Carlos<br \/>\n1994 \u2018El Sol y la Luna\u2019 IX Festival del Centro Hist\u00f3rico San Carlos<br \/>\n1995 \u2018Saltos y Maromas\u201d Galer\u00edas de Pl\u00e1stica Contempor\u00e1nea<br \/>\n1996 \u2018Korima ,Tarahumara\u2019 Televisi\u00f3n Azteca, Telet\u00f3n<br \/>\n1996 \u2018La Mirada Expuesta\u2019 Casa del Poeta<br \/>\n1997 \u2018Semana Internacional de la Mujer\u201d SECOFI<br \/>\n1997 \u201cLa Modernidad\u2019 XII Festival del Centro Hist\u00f3rico<br \/>\n1997 \u2018Mujeres Artistas\u2019 Christ Church<br \/>\n1998 \u2018Mujeres en el Arte\u2019 ITESM Campus Edo. de M\u00e9x.<br \/>\n1998 \u2018La Ciudad\u2019 XIII Festival del Centro Hist\u00f3rico<br \/>\n1998 Bienal de Nutrici\u00f3n Instituto Nac. de Nutrici\u00f3n Salvador Zubir\u00e1n<br \/>\n1999 \u2018Solsticio de Verano\u2019 Galer\u00eda Pladi Altavista, M\u00e9x.<br \/>\n1999 \u2018D\u00eda Mundial del Medio Ambiente\u2019 Gobierno de la Cd. de M\u00e9xico<br \/>\n1999 \u2018Apocalipsis y Ubottom\u00eda\u2019 XIV Festival del Centro Hist\u00f3rico Ciudad de M\u00e9xico.<br \/>\n1999 \u2018Muestra de la Galer\u00eda\u201d Galerie 13 Weingasse, Germany<br \/>\n2000 \u201cLa Ciudad Imagina\u201d Sistema Transporte colectivo<br \/>\n2000 \u201cLa l\u00ednea del Arte\u201d Bienal de CONACULTA y el INBA en el Polif\u00f3rum Cultural Siqueiros<br \/>\nItinerante durante un a\u00f1o en la Rep. M\u00e9x.<br \/>\n2000 \u201cMuestra de Arte\u201d Instituto Nacional de la Nutrici\u00f3n<br \/>\n200O \u201cMuestra de Pintura del Norte\u201d Bienal del INBA y CONACULTA<br \/>\nItinerante durante un a\u00f1o en la Rep. M\u00e9x.<br \/>\n2001 \u201cEl Secreto de los Arcanos\u201d Galer\u00eda Ofelia Murrieta<br \/>\n2001 \u201cEl Secreto de los Arcanos\u201d Galer\u00eda central de la Universidad Aut\u00f3noma Metropolitana.<br \/>\n2001 \u201cRecuerdos Art\u00edsticos\u201d Sal\u00f3n el Sol. Club Alem\u00e1n de M\u00e9xico.<br \/>\n2001 \u201cM\u00e9xico-Irlanda\u201d Universidad College de Cork. Irlanda.<br \/>\n2001 \u201cLa identidad Cultural Iberoamericana\u201d. Palacio del Segundo Cabo . CUBA.<br \/>\n2001 \u201cDefensores de nuestra identidad\u201d Parque Chapultepec. Naucalpan.<br \/>\n2002 \u201cMaestros del Arte\u201d. Club Alem\u00e1n de M\u00e9xico.<br \/>\n2002 \u201cNaturaleza Fr\u00e1gil\u201d Museo de las Ciencias Universum.<br \/>\n2002 \u201cRudos y T\u00e9cnicos\u201d Galer\u00eda 3<br \/>\n2003 \u201cPedaleando\u201d KO arte<br \/>\n2003 \u201cMaestros del Arte\u201d Club Alem\u00e1n de Mexico.<br \/>\n2003 \u201cSin ma\u00edz, no hay pa\u00eds\u201d Museo de Culturas Populares<br \/>\n2003 \u201cBotellas a la tierra.\u201d Francia, muestra itinerante<br \/>\n2004 \u201cLa flor mas bella del ejido\u201d Parque Ecol\u00f3gico ,Xochimilco<br \/>\n2004 \u201cMujer, Flor y Paisaje\u201d Asamblea Legislativa DDF<br \/>\n2004 \u201cBotellas a la Tierra\u201d Francia. Muestra itinerante.<br \/>\n2005 \u201cExposici\u00f3n Mundial\u201d Pabell\u00f3n de M\u00e9xico. Expo Aichi Ciudad de Nagoya. Jap\u00f3n<br \/>\n2008 \u201cBag Factoy \u201d Fordsburg Artists\u00b4Studios Johannesburg, Sud\u00e1frica<br \/>\n2010 M\u00c9XICO: Segundo Festival de Arte. Navarro-Valdez Galer\u00eda. Valle de Bravo, Edo. de M\u00e9xico.<br \/>\n2010 TRIDIMENSIONES. PO\u00c9TICA DE LA ESPACIALIDAD. Navarro-Valdez Galer\u00eda. Valle de Bravo, Edo. de M\u00e9xico.<\/p>\n<p><strong>PREMIOS Y MENCIONES OBTENIDAS.<\/strong><br \/>\n1997 1er. Lugar. Exposici\u00f3n Anual de Artes Pl\u00e1sticas. Club Alem\u00e1n de M\u00e9xico.<br \/>\n1998 Seleccionada. Bienal del Instituto Nacional de la Nutrici\u00f3n \u201cSalvador Zubir\u00e1n\u201d<br \/>\n2000 Menci\u00f3n honor\u00edfica. Bienal \u201cMuestra de Pintura del Norte\u201d<br \/>\n2000 Seleccionada. Bienal de pintura del Instituto Nacional de Ciencias M\u00e9dicas y Nutrici\u00f3n Salvador Zubir\u00e1n.<br \/>\n2000 2do. lugar Categor\u00eda B en la Bienal \u201cLa l\u00ednea del Arte\u201d . CONACULTA, ROCHE e INBA<\/p>\n<p><strong>OBRA QUE FORMA PARTE DE COLECCIONES PRIVADAS Y DE MUSEOS.<\/strong><br \/>\nEscultura org\u00e1nica, de gran formato \u201cTEJIENDO SABORES\u201d Sala cosechando el sol dentro del museo Universitario de las Ciencias Universum de la UNAM.<br \/>\nEscultura gran formato \u201cALIMENTO MEXICANO\u201d sala cosechando el sol dentro del museo Universitario de las Ciencias Universum. de la UNAM.<br \/>\nBajorrelieve-pintura, \u201cTODOS VIVOS\u201d. Casita de las Ciencias. Museo Universitario de las Ciencias Universum. UNAM.<br \/>\nEsculturas y bajorrelieves pintura, \u201cVEGETAL Y PIEDRA\u201d, para el vest\u00edbulo de entrada del Club Alem\u00e1n de M\u00e9xico.<br \/>\nEscultura de gran formato \u201cCOSECHANDO EL SOL\u201d, para la sala de fibras del museo de las ciencias Universum. UNAM.<br \/>\nEscultura de gran formato \u201cSOMOS POLVO DE ESTRELLAS\u201d, para la sala del universo de d\u00eda del museo Universitario de las ciencias . Universum. UNAM.<br \/>\nEscultura de gran formato \u201cLA DIOSA DE LA MILPA\u201d, en El Memorial Museum, Aishi. Nagoya. Jap\u00f3n.<br \/>\nIntervencion-pintura en muro.\u201dZARAPE\u201d. Edificio Lo Alto. Bosque Real. Huixquilucan. Edo. De M\u00e9xico.<br \/>\nEscultura de Gran Formato \u201cPUERTA MEXICO\u201d para CNPAMM.<br \/>\nEsculltura-ensamblaje \u201cBRANCHES\u201d. Museo Van Wouw. Universidad de Pretoria. Sud\u00e1frica.<\/p>\n<p><strong>OTRAS ACTIVIDADES.<\/strong><br \/>\n1978-1981 Ha sido maestra a nivel Licenciatura en la Facultad de Medicina de la Universidad Nacional Aut\u00f3noma de M\u00e9xico.<br \/>\n1999-2003 Miembro del Consejo de Administraci\u00f3n en cultura y artes en instituci\u00f3n privada.<br \/>\n2000-2001 Artista residente por un a\u00f1o en el Museo Universum de las Ciencias. Universidad Nacional Aut\u00f3noma de M\u00e9xico.<br \/>\n2001-2009 Miembro del Consejo Administraci\u00f3n de la Federaci\u00f3n Mexicana de Arte y Cultura para el deporte.<br \/>\n2003 Editora del cat\u00e1logo de artistas infantiles \u201cQue opinan los ni\u00f1os sobre\u2026..\u201d<br \/>\n2004 Creadora de 30 t\u00edteres gigantes para el desfile C\u00edvico Deportivo del 20 de noviembre en la ciudad de M\u00e9xico.<br \/>\n2003-2009 Ha realizado diversas instalaciones, ambientaciones y museograf\u00edas en museos y espacios p\u00fablicos.<br \/>\n2007-2009 Directora art\u00edstica para la compa\u00f1\u00eda Eugenia Linens. Texas. EUA.<br \/>\n2008 Artista Residente por 4 meses en Bag Factory. Fordburg Artists\u00b4Studios. Johannesburg. Sud\u00e1frica.<br \/>\nHa dado conferencias, cursos y talleres de arte a estudiantes de Artes visuales en M\u00e9xico y en el extranjero.<br \/>\nHa sido jurado por invitaci\u00f3n, en diferentes concursos de artes visuales.<\/p>\n<div class=\"spdiv\">[plegar]<\/div>\n<\/div>\n<\/div>\n\n","protected":false},"excerpt":{"rendered":"<p>&lt;&lt; Ant. | Artistas | Sig. &gt;&gt; Leticia Vieyra (Ensenada, B.C.N. M\u00e9xico) su obra con materiales naturales recolectados en diversas geograf\u00edas que muestran los efectos del paso del tiempo: hojas a punto de desintegrarse, trozos de \u00e1rboles, ramas secas, ra\u00edces, &hellip; <a class=\"kt-excerpt-readmore\" href=\"https:\/\/nmcontemporaneo.com\/es\/catalogo\/escultura\/leticia-vieyra\/\" aria-label=\"Leticia Vieyra\">Read More<\/a><\/p>\n","protected":false},"author":25,"featured_media":0,"parent":571,"menu_order":0,"comment_status":"closed","ping_status":"closed","template":"page-fullwidth.php","meta":{"kt_blocks_editor_width":"","footnotes":""},"class_list":["post-9236","page","type-page","status-publish","hentry"],"_links":{"self":[{"href":"https:\/\/nmcontemporaneo.com\/es\/wp-json\/wp\/v2\/pages\/9236","targetHints":{"allow":["GET"]}}],"collection":[{"href":"https:\/\/nmcontemporaneo.com\/es\/wp-json\/wp\/v2\/pages"}],"about":[{"href":"https:\/\/nmcontemporaneo.com\/es\/wp-json\/wp\/v2\/types\/page"}],"author":[{"embeddable":true,"href":"https:\/\/nmcontemporaneo.com\/es\/wp-json\/wp\/v2\/users\/25"}],"replies":[{"embeddable":true,"href":"https:\/\/nmcontemporaneo.com\/es\/wp-json\/wp\/v2\/comments?post=9236"}],"version-history":[{"count":2,"href":"https:\/\/nmcontemporaneo.com\/es\/wp-json\/wp\/v2\/pages\/9236\/revisions"}],"predecessor-version":[{"id":14262,"href":"https:\/\/nmcontemporaneo.com\/es\/wp-json\/wp\/v2\/pages\/9236\/revisions\/14262"}],"up":[{"embeddable":true,"href":"https:\/\/nmcontemporaneo.com\/es\/wp-json\/wp\/v2\/pages\/571"}],"wp:attachment":[{"href":"https:\/\/nmcontemporaneo.com\/es\/wp-json\/wp\/v2\/media?parent=9236"}],"curies":[{"name":"wp","href":"https:\/\/api.w.org\/{rel}","templated":true}]}}