{"id":9264,"date":"2022-09-12T20:22:55","date_gmt":"2022-09-13T02:22:55","guid":{"rendered":"http:\/\/nmcontemporaneo.com\/?page_id=9264"},"modified":"2025-06-20T01:02:09","modified_gmt":"2025-06-20T07:02:09","slug":"sergio-hernandez","status":"publish","type":"page","link":"https:\/\/nmcontemporaneo.com\/es\/catalogo\/grafica\/sergio-hernandez\/","title":{"rendered":"Sergio Hern\u00e1ndez"},"content":{"rendered":"<p style=\"text-align: center;\"><a href=\"\/catalogo\/fotografia\/maite-agahnia\/\">&lt;&lt; Ant.<\/a> |<a href=\"\/catalogo\/todos-los-artistas\/\">Artistas<\/a> | <a href=\"..\/carlos-garcia\/\">Sig. &gt;&gt;<\/a><\/p>\n<div id=\"kad-wp-gallery292\" class=\"kad-wp-gallery gallery kt-gallery-column-3 init-isotope-intrinsic reinit-isotope kad-light-wp-gallery clearfix rowtight\" data-fade-in=\"1\" data-iso-selector=\".g_item\" data-iso-style=\"masonry\" data-iso-filter=\"false\"><div class=\"tcol-lg-4 tcol-md-4 tcol-sm-4 tcol-xs-6 tcol-ss-12 g_item\"><div class=\"grid_item kt_item_fade_in kad_gallery_fade_in gallery_item\"><a href=\"https:\/\/nmcontemporaneo.com\/wp-content\/uploads\/2015\/09\/La-burra-no-era-arisca1.jpg\" data-rel=\"lightbox\" class=\"lightboxhover\"><div class=\"kt-intrinsic\" style=\"padding-bottom:100.54644808743%;\"><div itemprop=\"image\" itemscope itemtype=\"https:\/\/schema.org\/ImageObject\"><img loading=\"lazy\" decoding=\"async\" width=\"366\" height=\"368\" src=\"https:\/\/nmcontemporaneo.com\/wp-content\/uploads\/2015\/09\/La-burra-no-era-arisca1-366x368.jpg\" srcset=\"https:\/\/nmcontemporaneo.com\/wp-content\/uploads\/2015\/09\/La-burra-no-era-arisca1-366x368.jpg 366w, https:\/\/nmcontemporaneo.com\/wp-content\/uploads\/2015\/09\/La-burra-no-era-arisca1-100x100.jpg 100w, https:\/\/nmcontemporaneo.com\/wp-content\/uploads\/2015\/09\/La-burra-no-era-arisca1-150x150.jpg 150w, https:\/\/nmcontemporaneo.com\/wp-content\/uploads\/2015\/09\/La-burra-no-era-arisca1-298x300.jpg 298w, https:\/\/nmcontemporaneo.com\/wp-content\/uploads\/2015\/09\/La-burra-no-era-arisca1.jpg 700w\" sizes=\"auto, (max-width: 366px) 100vw, 366px\" data-caption=\"La burra no era arisca, Mezzotinta, 74 X  74 cm, 2015\" class=\"light-dropshaddow\" itemprop=\"contentUrl\" alt=\"\"><meta itemprop=\"url\" content=\"https:\/\/nmcontemporaneo.com\/wp-content\/uploads\/2015\/09\/La-burra-no-era-arisca1-366x368.jpg\"><meta itemprop=\"width\" content=\"366px\"><meta itemprop=\"height\" content=\"368px\"><\/div><\/div><div class=\"caption kad_caption\"><div class=\"kad_caption_inner\">La burra no era arisca, Mezzotinta, 74 X  74 cm, 2015<\/div><\/div><\/a><\/div><\/div><div class=\"tcol-lg-4 tcol-md-4 tcol-sm-4 tcol-xs-6 tcol-ss-12 g_item\"><div class=\"grid_item kt_item_fade_in kad_gallery_fade_in gallery_item\"><a href=\"https:\/\/nmcontemporaneo.com\/wp-content\/uploads\/2015\/09\/tratando-de-talabarteria.jpg\" data-rel=\"lightbox\" class=\"lightboxhover\"><div class=\"kt-intrinsic\" style=\"padding-bottom:101.09289617486%;\"><div itemprop=\"image\" itemscope itemtype=\"https:\/\/schema.org\/ImageObject\"><img loading=\"lazy\" decoding=\"async\" width=\"366\" height=\"370\" src=\"https:\/\/nmcontemporaneo.com\/wp-content\/uploads\/2015\/09\/tratando-de-talabarteria-366x370.jpg\" srcset=\"https:\/\/nmcontemporaneo.com\/wp-content\/uploads\/2015\/09\/tratando-de-talabarteria-366x370.jpg 366w, https:\/\/nmcontemporaneo.com\/wp-content\/uploads\/2015\/09\/tratando-de-talabarteria-100x100.jpg 100w, https:\/\/nmcontemporaneo.com\/wp-content\/uploads\/2015\/09\/tratando-de-talabarteria-297x300.jpg 297w, https:\/\/nmcontemporaneo.com\/wp-content\/uploads\/2015\/09\/tratando-de-talabarteria.jpg 700w\" sizes=\"auto, (max-width: 366px) 100vw, 366px\" data-caption=\"Tratado de Talabarter\u00eda, Grabado, 78  X 73 cm, 2014\" class=\"light-dropshaddow\" itemprop=\"contentUrl\" alt=\"\"><meta itemprop=\"url\" content=\"https:\/\/nmcontemporaneo.com\/wp-content\/uploads\/2015\/09\/tratando-de-talabarteria-366x370.jpg\"><meta itemprop=\"width\" content=\"366px\"><meta itemprop=\"height\" content=\"370px\"><\/div><\/div><div class=\"caption kad_caption\"><div class=\"kad_caption_inner\">Tratado de Talabarter\u00eda, Grabado, 78  X 73 cm, 2014<\/div><\/div><\/a><\/div><\/div><div class=\"tcol-lg-4 tcol-md-4 tcol-sm-4 tcol-xs-6 tcol-ss-12 g_item\"><div class=\"grid_item kt_item_fade_in kad_gallery_fade_in gallery_item\"><a href=\"https:\/\/nmcontemporaneo.com\/wp-content\/uploads\/2015\/09\/sintitulo31.jpg\" data-rel=\"lightbox\" class=\"lightboxhover\"><div class=\"kt-intrinsic\" style=\"padding-bottom:90.16393442623%;\"><div itemprop=\"image\" itemscope itemtype=\"https:\/\/schema.org\/ImageObject\"><img loading=\"lazy\" decoding=\"async\" width=\"366\" height=\"330\" src=\"https:\/\/nmcontemporaneo.com\/wp-content\/uploads\/2015\/09\/sintitulo31-366x330.jpg\" srcset=\"https:\/\/nmcontemporaneo.com\/wp-content\/uploads\/2015\/09\/sintitulo31-366x330.jpg 366w, https:\/\/nmcontemporaneo.com\/wp-content\/uploads\/2015\/09\/sintitulo31-300x270.jpg 300w, https:\/\/nmcontemporaneo.com\/wp-content\/uploads\/2015\/09\/sintitulo31.jpg 700w\" sizes=\"auto, (max-width: 366px) 100vw, 366px\" data-caption=\"Sin T\u00edtulo, Grabado, 75  X 85 cm,2014\" class=\"light-dropshaddow\" itemprop=\"contentUrl\" alt=\"\"><meta itemprop=\"url\" content=\"https:\/\/nmcontemporaneo.com\/wp-content\/uploads\/2015\/09\/sintitulo31-366x330.jpg\"><meta itemprop=\"width\" content=\"366px\"><meta itemprop=\"height\" content=\"330px\"><\/div><\/div><div class=\"caption kad_caption\"><div class=\"kad_caption_inner\">Sin T\u00edtulo, Grabado, 75  X 85 cm,2014<\/div><\/div><\/a><\/div><\/div><div class=\"tcol-lg-4 tcol-md-4 tcol-sm-4 tcol-xs-6 tcol-ss-12 g_item\"><div class=\"grid_item kt_item_fade_in kad_gallery_fade_in gallery_item\"><a href=\"https:\/\/nmcontemporaneo.com\/wp-content\/uploads\/2015\/09\/sin-titulo1.jpg\" data-rel=\"lightbox\" class=\"lightboxhover\"><div class=\"kt-intrinsic\" style=\"padding-bottom:85.51912568306%;\"><div itemprop=\"image\" itemscope itemtype=\"https:\/\/schema.org\/ImageObject\"><img loading=\"lazy\" decoding=\"async\" width=\"366\" height=\"313\" src=\"https:\/\/nmcontemporaneo.com\/wp-content\/uploads\/2015\/09\/sin-titulo1-366x313.jpg\" srcset=\"https:\/\/nmcontemporaneo.com\/wp-content\/uploads\/2015\/09\/sin-titulo1-366x313.jpg 366w, https:\/\/nmcontemporaneo.com\/wp-content\/uploads\/2015\/09\/sin-titulo1-300x257.jpg 300w, https:\/\/nmcontemporaneo.com\/wp-content\/uploads\/2015\/09\/sin-titulo1.jpg 700w\" sizes=\"auto, (max-width: 366px) 100vw, 366px\" data-caption=\"Sin T\u00edtulo, Grabado en metal, 73.5 X 86 cm, 2015\" class=\"light-dropshaddow\" itemprop=\"contentUrl\" alt=\"\"><meta itemprop=\"url\" content=\"https:\/\/nmcontemporaneo.com\/wp-content\/uploads\/2015\/09\/sin-titulo1-366x313.jpg\"><meta itemprop=\"width\" content=\"366px\"><meta itemprop=\"height\" content=\"313px\"><\/div><\/div><div class=\"caption kad_caption\"><div class=\"kad_caption_inner\">Sin T\u00edtulo, Grabado en metal, 73.5 X 86 cm, 2015<\/div><\/div><\/a><\/div><\/div><div class=\"tcol-lg-4 tcol-md-4 tcol-sm-4 tcol-xs-6 tcol-ss-12 g_item\"><div class=\"grid_item kt_item_fade_in kad_gallery_fade_in gallery_item\"><a href=\"https:\/\/nmcontemporaneo.com\/wp-content\/uploads\/2015\/09\/sintitulo41.jpg\" data-rel=\"lightbox\" class=\"lightboxhover\"><div class=\"kt-intrinsic\" style=\"padding-bottom:78.142076502732%;\"><div itemprop=\"image\" itemscope itemtype=\"https:\/\/schema.org\/ImageObject\"><img loading=\"lazy\" decoding=\"async\" width=\"366\" height=\"286\" src=\"https:\/\/nmcontemporaneo.com\/wp-content\/uploads\/2015\/09\/sintitulo41-366x286.jpg\" srcset=\"https:\/\/nmcontemporaneo.com\/wp-content\/uploads\/2015\/09\/sintitulo41-366x286.jpg 366w, https:\/\/nmcontemporaneo.com\/wp-content\/uploads\/2015\/09\/sintitulo41-300x234.jpg 300w, https:\/\/nmcontemporaneo.com\/wp-content\/uploads\/2015\/09\/sintitulo41.jpg 700w\" sizes=\"auto, (max-width: 366px) 100vw, 366px\" data-caption=\"Sin T\u00edtulo, Grabado, 74  X 94.5 cm, 2015\" class=\"light-dropshaddow\" itemprop=\"contentUrl\" alt=\"\"><meta itemprop=\"url\" content=\"https:\/\/nmcontemporaneo.com\/wp-content\/uploads\/2015\/09\/sintitulo41-366x286.jpg\"><meta itemprop=\"width\" content=\"366px\"><meta itemprop=\"height\" content=\"286px\"><\/div><\/div><div class=\"caption kad_caption\"><div class=\"kad_caption_inner\">Sin T\u00edtulo, Grabado, 74  X 94.5 cm, 2015<\/div><\/div><\/a><\/div><\/div><div class=\"tcol-lg-4 tcol-md-4 tcol-sm-4 tcol-xs-6 tcol-ss-12 g_item\"><div class=\"grid_item kt_item_fade_in kad_gallery_fade_in gallery_item\"><a href=\"https:\/\/nmcontemporaneo.com\/wp-content\/uploads\/2015\/09\/alfen\u0303iques21.jpg\" data-rel=\"lightbox\" class=\"lightboxhover\"><div class=\"kt-intrinsic\" style=\"padding-bottom:76.229508196721%;\"><div itemprop=\"image\" itemscope itemtype=\"https:\/\/schema.org\/ImageObject\"><img loading=\"lazy\" decoding=\"async\" width=\"366\" height=\"279\" src=\"https:\/\/nmcontemporaneo.com\/wp-content\/uploads\/2015\/09\/alfen\u0303iques21-366x279.jpg\" srcset=\"https:\/\/nmcontemporaneo.com\/wp-content\/uploads\/2015\/09\/alfen\u0303iques21-366x279.jpg 366w, https:\/\/nmcontemporaneo.com\/wp-content\/uploads\/2015\/09\/alfen\u0303iques21-300x228.jpg 300w, https:\/\/nmcontemporaneo.com\/wp-content\/uploads\/2015\/09\/alfen\u0303iques21.jpg 700w\" sizes=\"auto, (max-width: 366px) 100vw, 366px\" data-caption=\"Alfe\u00f1iques 2, Grabado en metal, 68  X 100 cm, 2014\" class=\"light-dropshaddow\" itemprop=\"contentUrl\" alt=\"\"><meta itemprop=\"url\" content=\"https:\/\/nmcontemporaneo.com\/wp-content\/uploads\/2015\/09\/alfen\u0303iques21-366x279.jpg\"><meta itemprop=\"width\" content=\"366px\"><meta itemprop=\"height\" content=\"279px\"><\/div><\/div><div class=\"caption kad_caption\"><div class=\"kad_caption_inner\">Alfe\u00f1iques 2, Grabado en metal, 68  X 100 cm, 2014<\/div><\/div><\/a><\/div><\/div><div class=\"tcol-lg-4 tcol-md-4 tcol-sm-4 tcol-xs-6 tcol-ss-12 g_item\"><div class=\"grid_item kt_item_fade_in kad_gallery_fade_in gallery_item\"><a href=\"https:\/\/nmcontemporaneo.com\/wp-content\/uploads\/2015\/09\/escorpiones1.jpg\" data-rel=\"lightbox\" class=\"lightboxhover\"><div class=\"kt-intrinsic\" style=\"padding-bottom:61.20218579235%;\"><div itemprop=\"image\" itemscope itemtype=\"https:\/\/schema.org\/ImageObject\"><img loading=\"lazy\" decoding=\"async\" width=\"366\" height=\"224\" src=\"https:\/\/nmcontemporaneo.com\/wp-content\/uploads\/2015\/09\/escorpiones1-366x224.jpg\" srcset=\"https:\/\/nmcontemporaneo.com\/wp-content\/uploads\/2015\/09\/escorpiones1-366x224.jpg 366w, https:\/\/nmcontemporaneo.com\/wp-content\/uploads\/2015\/09\/escorpiones1-300x183.jpg 300w, https:\/\/nmcontemporaneo.com\/wp-content\/uploads\/2015\/09\/escorpiones1-80x50.jpg 80w, https:\/\/nmcontemporaneo.com\/wp-content\/uploads\/2015\/09\/escorpiones1.jpg 700w\" sizes=\"auto, (max-width: 366px) 100vw, 366px\" data-caption=\"Escorpiones, Grabado en metal, 91 X 73 cm, 2014 \" class=\"light-dropshaddow\" itemprop=\"contentUrl\" alt=\"\"><meta itemprop=\"url\" content=\"https:\/\/nmcontemporaneo.com\/wp-content\/uploads\/2015\/09\/escorpiones1-366x224.jpg\"><meta itemprop=\"width\" content=\"366px\"><meta itemprop=\"height\" content=\"224px\"><\/div><\/div><div class=\"caption kad_caption\"><div class=\"kad_caption_inner\">Escorpiones, Grabado en metal, 91 X 73 cm, 2014 <\/div><\/div><\/a><\/div><\/div><div class=\"tcol-lg-4 tcol-md-4 tcol-sm-4 tcol-xs-6 tcol-ss-12 g_item\"><div class=\"grid_item kt_item_fade_in kad_gallery_fade_in gallery_item\"><a href=\"https:\/\/nmcontemporaneo.com\/wp-content\/uploads\/2015\/09\/Mantis1.jpg\" data-rel=\"lightbox\" class=\"lightboxhover\"><div class=\"kt-intrinsic\" style=\"padding-bottom:77.049180327869%;\"><div itemprop=\"image\" itemscope itemtype=\"https:\/\/schema.org\/ImageObject\"><img loading=\"lazy\" decoding=\"async\" width=\"366\" height=\"282\" src=\"https:\/\/nmcontemporaneo.com\/wp-content\/uploads\/2015\/09\/Mantis1-366x282.jpg\" srcset=\"https:\/\/nmcontemporaneo.com\/wp-content\/uploads\/2015\/09\/Mantis1-366x282.jpg 366w, https:\/\/nmcontemporaneo.com\/wp-content\/uploads\/2015\/09\/Mantis1-300x231.jpg 300w, https:\/\/nmcontemporaneo.com\/wp-content\/uploads\/2015\/09\/Mantis1.jpg 700w\" sizes=\"auto, (max-width: 366px) 100vw, 366px\" data-caption=\"Mantis, Xilograf\u00eda (3 placas), 104  X 136 cm, 2015\" class=\"light-dropshaddow\" itemprop=\"contentUrl\" alt=\"\"><meta itemprop=\"url\" content=\"https:\/\/nmcontemporaneo.com\/wp-content\/uploads\/2015\/09\/Mantis1-366x282.jpg\"><meta itemprop=\"width\" content=\"366px\"><meta itemprop=\"height\" content=\"282px\"><\/div><\/div><div class=\"caption kad_caption\"><div class=\"kad_caption_inner\">Mantis, Xilograf\u00eda (3 placas), 104  X 136 cm, 2015<\/div><\/div><\/a><\/div><\/div><div class=\"tcol-lg-4 tcol-md-4 tcol-sm-4 tcol-xs-6 tcol-ss-12 g_item\"><div class=\"grid_item kt_item_fade_in kad_gallery_fade_in gallery_item\"><a href=\"https:\/\/nmcontemporaneo.com\/wp-content\/uploads\/2015\/09\/sin-titulo21.jpg\" data-rel=\"lightbox\" class=\"lightboxhover\"><div class=\"kt-intrinsic\" style=\"padding-bottom:51.639344262295%;\"><div itemprop=\"image\" itemscope itemtype=\"https:\/\/schema.org\/ImageObject\"><img loading=\"lazy\" decoding=\"async\" width=\"366\" height=\"189\" src=\"https:\/\/nmcontemporaneo.com\/wp-content\/uploads\/2015\/09\/sin-titulo21-366x189.jpg\" srcset=\"https:\/\/nmcontemporaneo.com\/wp-content\/uploads\/2015\/09\/sin-titulo21-366x189.jpg 366w, https:\/\/nmcontemporaneo.com\/wp-content\/uploads\/2015\/09\/sin-titulo21-300x155.jpg 300w, https:\/\/nmcontemporaneo.com\/wp-content\/uploads\/2015\/09\/sin-titulo21.jpg 700w\" sizes=\"auto, (max-width: 366px) 100vw, 366px\" data-caption=\"Sin T\u00edtulo,Grabado en metal, 57  X 106 cm, 2014\" class=\"light-dropshaddow\" itemprop=\"contentUrl\" alt=\"\"><meta itemprop=\"url\" content=\"https:\/\/nmcontemporaneo.com\/wp-content\/uploads\/2015\/09\/sin-titulo21-366x189.jpg\"><meta itemprop=\"width\" content=\"366px\"><meta itemprop=\"height\" content=\"189px\"><\/div><\/div><div class=\"caption kad_caption\"><div class=\"kad_caption_inner\">Sin T\u00edtulo,Grabado en metal, 57  X 106 cm, 2014<\/div><\/div><\/a><\/div><\/div><\/div>\n<p style=\"text-align: justify;\">Sergio Hern\u00e1ndez (Huajuapan de Le\u00f3n, Oaxaca, 1957). Artista que ha incursionado en una gran diversidad de t\u00e9cnicas y materiales como \u00f3leos, tintas, gouaches, acuarelas y grabados. Hern\u00e1ndez es uno de los pintores contempor\u00e1neos mexicanos de mayor proyecci\u00f3n, egres\u00f3 de la Escuela de Pintura, Escultura y Grabado La Esmeralda, y de la Academia de San Carlos. Ha participado en m\u00e1s de 70 exposiciones en 10 pa\u00edses de Europa y del Continente Americano. Su trabajo est\u00e1 relacionado con el color, el tema l\u00fadico, el fuego y la muerte.<\/p>\n\n<div class=\"sp-wrap sp-wrap-default\">\n<div class=\"sp-head\" title=\"Expandir\">\nCurr\u00edculum Vitae\n<\/div>\n<div class=\"sp-body folded\">\n<p><strong>Sergio Hern\u00e1ndez<\/strong><\/p>\n<p><strong>Estudios<\/strong><\/p>\n<p>1975 \u2013 1980<\/p>\n<p>Escuela Nacional de Pintura, Escultura y Grabado \u201cLa Esmeralda\u201d, Instituto Nacional de Bellas Artes, Ciudad de M\u00e9xico.<\/p>\n<p>1973 \u2013 1975<\/p>\n<p>Escuela Nacional de Artes Pl\u00e1sticas, Academia de San Carlos, Universidad Nacional Aut\u00f3noma de M\u00e9xico, Ciudad de M\u00e9xico.<\/p>\n<p><strong>Exposiciones Individuales (Selecci\u00f3n)<\/strong><\/p>\n<p>2014<\/p>\n<p>Plomos \/ Bronces, Galer\u00eda de Arte del Complejo Cultural de la Benemerita Universidad Autonoma de Puebla, M\u00e9xico.<br \/>\nPopol Vuh ( carpeta de grabados y dibujos), Instituto de Artes Gr\u00e1ficas de Oaxaca, IAGO, Oaxaca, M\u00e9xico.<\/p>\n<p>2013-2014<br \/>\nExposici\u00f3n itinerante en colaboraci\u00f3n de la Secretaria de Relaciones Exteriores SRE y la Agencia Mexicana de Cooperaci\u00f3n Internacional para el Desarrollo AMEXCID<br \/>\nEspacio de Creaci\u00f3n Contempor\u00e1nea, ECCO. C\u00e1diz, Espa\u00f1a.<br \/>\nInstituto Cultural de M\u00e9xico, Par\u00eds, Francia.<br \/>\nEspacio Cultural de la Embajada de M\u00e9xico en Alemania, Berl\u00edn, Alemania.<\/p>\n<p>2012-2014<\/p>\n<p>Fun\u00e1mbulo de la noche,<br \/>\nExposici\u00f3n itinerante en colaboraci\u00f3n de la Secretaria de Relaciones Exteriores SRE \/ The Mexican Cultural Institute of San Antonio,Texas y la Agencia Mexicana de Cooperaci\u00f3n Internacional para el Desarrollo AMEXCID.<br \/>\nInstituto de Artes Gr\u00e1ficas de Oaxaca, Oaxaca, M\u00e9xico<\/p>\n<p>2013 13 Bronces, Atrio de la Parroquia de San Mat\u00edas Jalatlaco. Oaxaca de Ju\u00e1rez, Oaxaca, M\u00e9xico.<\/p>\n<p>2012<\/p>\n<p>Popol Vuh, Cuaderno Perdido<br \/>\nExposici\u00f3n itinerante en colaboraci\u00f3n de la Secretaria de Relaciones Exteriores SRE \/ The Mexican Cultural Institute of New York y la Agencia Mexicana de Cooperaci\u00f3n Internacional para el Desarrollo AMEXCID.<br \/>\nUniversidad Tecnol\u00f3gica de la Mixteca, Huajuapan de Le\u00f3n, Oaxaca, M\u00e9xico<\/p>\n<p>The Mexican Cultural Institute of New York, Octavio Paz Gallery, Consulate General of Mexico in New York, Estados Unidos.<\/p>\n<p>2008-2009 Instalaci\u00f3n Tzompantli,Mus\u00e9e du quai Branly, en colaboraci\u00f3n con la Secretar\u00eda de Relaciones Exteriores, Paris, Francia.<br \/>\n2007 Risas y l\u00e1grimas, Algunas historias de circo,&nbsp;Museo del Pueblo de Guanajuato, XXXV Edici\u00f3n Festival Internacional Cervantino, Guanajuato, M\u00e9xico<br \/>\nSue\u00f1os y mentiras, Instituto de Artes Gr\u00e1ficas de Oaxaca, Oaxaca, M\u00e9xico.<br \/>\nUniversidad Tecnol\u00f3gica de la Mixteca, Huajuapan de Le\u00f3n, Oaxaca, M\u00e9xico.<\/p>\n<p>2006 Entomolog\u00eda, Centro Cultural Casa Lamm, Ciudad de M\u00e9xico.<br \/>\nEl nacimiento de la euforia, Galer\u00eda Sur, Universidad Aut\u00f3noma Metropolitana, Unidad Xochimilco, Ciudad de M\u00e9xico.<\/p>\n<p>2000<\/p>\n<p>Retrospectiva (obra 1982-1999),<br \/>\nMuseo de Arte Moderno, Ciudad de M\u00e9xico<br \/>\nMuseo de Arte Contempor\u00e1neo Internacional Rufino Tamayo, Ciudad de M\u00e9xico.<br \/>\nArchivo General de la Naci\u00f3n, Ciudad de M\u00e9xico.<\/p>\n<p>1999 Obra reciente Associated American Artists, Nueva York, Nueva York, Estados Unidos.<\/p>\n<p>1998 El Circo, Museo de Arte Contempor\u00e1neo de Oaxaca, Oaxaca, M\u00e9xico.<br \/>\nWerke 1982-1998,&nbsp;Kunstverein Braunschweig, Braunschweig, Alemania.<\/p>\n<p>1987 La paleta moderna,&nbsp;Centro Cultural de M\u00e9xico, Par\u00eds, Francia.<br \/>\nLa Fiesta Negra,Galer\u00eda de Arte Contempor\u00e1neo Ciudad de M\u00e9xico.<\/p>\n<p>1985 La Fiesta, Galer\u00eda OMR, Ciudad de M\u00e9xico.<\/p>\n<p><strong>&nbsp;<\/strong><\/p>\n<p><strong>Exposiciones Colectivas (Selecci\u00f3n)<\/strong><\/p>\n<p>2014<\/p>\n<p>Torre 4, Galeria FIFTY24MX \/ TAX \u2013Torre Alberto Kalach.<br \/>\nMade in M\u00e9xico, The rebozo in Art, Culture and Fashion, London\u2019s Fashion and Textile Museum, Londres, Inglaterra.<br \/>\nMessico Circa 2000, Alle Scuderie del Castello de Miramare, Trieste, Italia.<br \/>\nStatu Quo : La Esmeralda, Museo de Arte Moderno, Ciudad de M\u00e9xico.<br \/>\n2013-2014 Outside-in mexican contemporary art: Presence of Oaxaca in Asia.<br \/>\nSeul Museum of Art (MoA), Seoul, Korea.<br \/>\n2013 M\u00e9xico Moderno \/ M\u00e9xico Contempor\u00e1neo. Colecci\u00f3n FEMSA<br \/>\nBiblioteca del Tec de Monterrey, campus Monterrey. M\u00e9xico.<br \/>\n2012 M\u00e1scaras de Aliento, Confederaci\u00f3n Mexicana de Organizaciones en Favor de la Persona con Discapacidad Intelectual, AC, (CONFE)<br \/>\n2011<\/p>\n<p>\u201cVisiones del Arte Mexicano\u201d<\/p>\n<p>Exposici\u00f3n itinerante de la Colecci\u00f3n permanente de la SHCP<br \/>\nMuseo de Arte de la Secretar\u00eda de Hacienda y Cr\u00e9dito P\u00fablico<br \/>\nColombia, Guatemala y Vancouver.<br \/>\n2009<\/p>\n<p>Arte-sano entre artistas, Museo de Arte Popular, Ciudad de M\u00e9xico.<br \/>\nCorpus Aeternum, Centro Fotogr\u00e1fico \u00c1lvarez Bravo, Oaxaca, M\u00e9xico.<br \/>\nMuseo de Arte de la Secretar\u00eda de Hacienda y Cr\u00e9dito P\u00fablico.<\/p>\n<p>2008 El sexo y la vida, Cromosoma XX XY, Museo de Historia Natural, Ciudad de M\u00e9xico.<\/p>\n<p>2007 Ultimes Territoires, Instituto de M\u00e9xico, Paris, Francia.<br \/>\nFuera de Mercado,Galer\u00eda del Consejo para la Cultura y las Artes de Nuevo Le\u00f3n Monterrey, Nuevo Le\u00f3n, M\u00e9xico.<\/p>\n<p>2006<\/p>\n<p>Di\u00e1logos de Bancas, Exposici\u00f3n Urbana, Reforma, Ciudad de M\u00e9xico.<br \/>\nExposici\u00f3n Colectiva,&nbsp;Centro Cultural Estaci\u00f3n Indianilla, Ciudad de M\u00e9xico.<br \/>\nMuerte sin fin&#8230; una cotidianeidad,&nbsp;Museo de Arte Popular, Ciudad de M\u00e9xico.<\/p>\n<p>2005<\/p>\n<p>Pintores de Oaxaca,&nbsp;Museo de las Culturas de Oaxaca, Centro Cultural Santo Domingo, Oaxaca, Oaxaca, M\u00e9xico.<br \/>\nTierra de Artistas, Pinacoteca del Centro de las Artes, Nuevo Le\u00f3n, M\u00e9xico.<br \/>\n2002 Zonas de mediaci\u00f3n,&nbsp;Centro cultural Tijuana, Tijuana, M\u00e9xico.<br \/>\nMuestra.<\/p>\n<p>Las Am\u00e9ricas y As\u00eda, Feria de Arte Contempor\u00e1neo, Monterrey, Nuevo Le\u00f3n, M\u00e9xico.<\/p>\n<p>1999-2000 Vistas y conceptos, aproximaciones al paisaje, Museo de Arte Moderno, Ciudad de M\u00e9xico.<\/p>\n<p>1999 Soleils Mexicains, Petit Palais, Mus\u00e9e des Beaux-Arts de la Ville de Paris, Par\u00eds, Francia.<\/p>\n<p>1998 Mexico: Reconfigured, Associated American Artists, Nueva York, Nueva York, Estados Unidos.<br \/>\nCinco continentes y una ciudad,&nbsp; Museo de la Ciudad de M\u00e9xico, Ciudad de M\u00e9xico.<\/p>\n<p>1997 Preparativos para el Diluvio,&nbsp; Museo de Arte Contempor\u00e1neo de Oaxaca, Oaxaca, Oaxaca, M\u00e9xico.<br \/>\n1996 Nueve Pintores Oaxaque\u00f1os, Museo de Arte Contempor\u00e1neo de Oaxaca, Oaxaca, M\u00e9xico.<\/p>\n<p>1995 Im\u00e1genes y visiones. Arte mexicano entre la vanguardia y el presente&nbsp;,Museo W\u00fcrth, Alemania.<\/p>\n<p>1993 Actuelle Kunst aus M\u00e9xico&nbsp;, Trienal Fellbach, Frankfurt, Alemania.<br \/>\nLos Hechizos de la Forma,Exposici\u00f3n itinerante, Francia.<\/p>\n<p>1991<\/p>\n<p>Ocho Artistas Mexicanos Contempor\u00e1neos, Galer\u00eda Iturralde, Los \u00c1ngeles, California, Estados Unidos.<br \/>\nHechizo de Oaxaca, Museo de Arte Contempor\u00e1neo, Monterrey, Nuevo Le\u00f3n, M\u00e9xico.<\/p>\n<p>1990<\/p>\n<p>Nieto, Toledo y Hern\u00e1ndez, Oaxaca, Oaxaca, M\u00e9xico.<br \/>\nHomenaje a Paul Klee,Galer\u00eda Juan Mart\u00edn, Ciudad de M\u00e9xico.<br \/>\nPor el Camino de Ecos, Arte Contempor\u00e1neo en M\u00e9xico, Exposici\u00f3n itinerante, Estados Unidos.<\/p>\n<p>1984 Primera Bienal de la Habana, La Habana, Cuba, 1984.<br \/>\nEl Desnudo, Galer\u00eda OMR, Instituto Nacional de Bellas Artes, Ciudad de M\u00e9xico.<\/p>\n<p>1983 Sal\u00f3n de Dibujo, Palacio de Bellas Artes, Instituto Nacional de Bellas Artes, Ciudad de M\u00e9xico.<\/p>\n<p>1982 Sal\u00f3n de Pintura, Palacio de Bellas Artes, Instituto Nacional de Bellas Artes, Ciudad de M\u00e9xico.<\/p>\n<p>1981 Segundo Concurso Nacional de Pintura Sahag\u00fan, Galer\u00eda del Auditorio Nacional, Instituto Nacional de Bellas Artes, Ciudad de M\u00e9xico.<br \/>\n1977-1978<\/p>\n<p>Secci\u00f3n anual de Pintura, Sal\u00f3n Nacional de Artes Pl\u00e1sticas, Palacio de Bellas Artes, Instituto Nacional de Bellas Artes, Ciudad de M\u00e9xico.<br \/>\n<strong>&nbsp;<\/strong><\/p>\n<p><strong>Distinciones y Premios<\/strong><\/p>\n<p>2006 Cruz de Oficial de la Orden de Isabel la Cat\u00f3lica, La Embajada de Espa\u00f1a, Ciudad de M\u00e9xico.<\/p>\n<p>1994-1997 Beca, Creador Art\u00edstico del Sistema Nacional de Creadores de Arte, Fondo Nacional para la Cultura y las Artes, Ciudad de M\u00e9xico.<\/p>\n<p>1989 Beca del Consejo Nacional para la Cultura y las Artes, Ciudad de M\u00e9xico, M\u00e9xico.<\/p>\n<p>1981 Segundo Lugar, Concurso Nacional de Pintura Sahag\u00fan, Galer\u00eda del Auditorio Nacional, Instituto Nacional de Bellas Artes, Ciudad de M\u00e9xico.<\/p>\n<p>1980 Primer lugar, XV Concurso Nacional de Pintura para Estudiantes de Artes Pl\u00e1sticas, Instituto Nacional de Bellas Artes, Aguascalientes, Aguascalientes, M\u00e9xico.<\/p>\n<div class=\"spdiv\">[plegar]<\/div>\n<\/div>\n<\/div>\n\n","protected":false},"excerpt":{"rendered":"<p>&lt;&lt; Ant. |Artistas | Sig. &gt;&gt; Sergio Hern\u00e1ndez (Huajuapan de Le\u00f3n, Oaxaca, 1957). Artista que ha incursionado en una gran diversidad de t\u00e9cnicas y materiales como \u00f3leos, tintas, gouaches, acuarelas y grabados. Hern\u00e1ndez es uno de los pintores contempor\u00e1neos mexicanos &hellip; <a class=\"kt-excerpt-readmore\" href=\"https:\/\/nmcontemporaneo.com\/es\/catalogo\/grafica\/sergio-hernandez\/\" aria-label=\"Sergio Hern\u00e1ndez\">Read More<\/a><\/p>\n","protected":false},"author":6,"featured_media":0,"parent":594,"menu_order":0,"comment_status":"closed","ping_status":"closed","template":"page-fullwidth.php","meta":{"kt_blocks_editor_width":"","footnotes":""},"class_list":["post-9264","page","type-page","status-publish","hentry"],"_links":{"self":[{"href":"https:\/\/nmcontemporaneo.com\/es\/wp-json\/wp\/v2\/pages\/9264","targetHints":{"allow":["GET"]}}],"collection":[{"href":"https:\/\/nmcontemporaneo.com\/es\/wp-json\/wp\/v2\/pages"}],"about":[{"href":"https:\/\/nmcontemporaneo.com\/es\/wp-json\/wp\/v2\/types\/page"}],"author":[{"embeddable":true,"href":"https:\/\/nmcontemporaneo.com\/es\/wp-json\/wp\/v2\/users\/6"}],"replies":[{"embeddable":true,"href":"https:\/\/nmcontemporaneo.com\/es\/wp-json\/wp\/v2\/comments?post=9264"}],"version-history":[{"count":1,"href":"https:\/\/nmcontemporaneo.com\/es\/wp-json\/wp\/v2\/pages\/9264\/revisions"}],"predecessor-version":[{"id":14120,"href":"https:\/\/nmcontemporaneo.com\/es\/wp-json\/wp\/v2\/pages\/9264\/revisions\/14120"}],"up":[{"embeddable":true,"href":"https:\/\/nmcontemporaneo.com\/es\/wp-json\/wp\/v2\/pages\/594"}],"wp:attachment":[{"href":"https:\/\/nmcontemporaneo.com\/es\/wp-json\/wp\/v2\/media?parent=9264"}],"curies":[{"name":"wp","href":"https:\/\/api.w.org\/{rel}","templated":true}]}}